{"id":11734,"date":"2015-09-25T10:18:55","date_gmt":"2015-09-25T08:18:55","guid":{"rendered":"http:\/\/www.prodentitalia.eu\/arpa\/?page_id=11734"},"modified":"2020-01-17T09:02:10","modified_gmt":"2020-01-17T08:02:10","slug":"cookie-policy","status":"publish","type":"page","link":"https:\/\/www.prodentitalia.eu\/arpa\/cookie-policy\/","title":{"rendered":"Cookie Policy"},"content":{"rendered":"<div class=\"fusion-fullwidth fullwidth-box fusion-builder-row-1 hundred-percent-fullwidth non-hundred-percent-height-scrolling\"  style='background-color: rgba(255,255,255,0);background-position: center center;background-repeat: no-repeat;padding-top:0px;padding-right:0px;padding-bottom:0px;padding-left:0px;border-top-width:0px;border-bottom-width:0px;border-color:#eae9e9;border-top-style:solid;border-bottom-style:solid;'><div class=\"fusion-builder-row fusion-row \"><div  class=\"fusion-layout-column fusion_builder_column fusion_builder_column_1_1 fusion-builder-column-0 fusion-one-full fusion-column-first fusion-column-last 1_1\"  style='margin-top:0px;margin-bottom:20px;'><div class=\"fusion-column-wrapper\" style=\"background-position:left top;background-repeat:no-repeat;-webkit-background-size:cover;-moz-background-size:cover;-o-background-size:cover;background-size:cover;\"   data-bg-url=\"\"><div class=\"fusion-text\"><div class=\"fusion-one-full fusion-layout-column fusion-column-last fusion-spacing-yes\">\n<div class=\"fusion-column-wrapper\">\n<h2 data-fontsize=\"18\" data-lineheight=\"27\">INFORMATIVA COOKIE di Prodent Italia Srl per questo sito Prodent Italia<\/h2>\n<p>Informativa estesa in materia di cookie.<\/p>\n<p>Utilizzando il sito l\u2019utente acconsente espressamente all\u2019uso dei cookies, comunque \u00e8 sempre possibile rifiutare il consenso disattivando l\u2019uso dei cookies nel pannello dedicato di ciascun browser (Firefox, Internet Explorer, Chrome, Safari, Opera\u2026).<\/p>\n<p><strong>Cosa sono i cookies: <\/strong>i cookie sono piccoli file di testo che i siti visitati dall\u2019utente inviano al suo terminale (solitamente al browser). Utilizzati per migliorare i servizi erogati da un sito, i cookie sono usati per eseguire ad esempio autenticazioni informatiche (ricordare i dati di login in modo da non doverli reimpostare ad ogni accesso), monitoraggio di sessioni e memorizzazione di informazioni specifiche riguardanti gli utenti che accedono al server e di norma sono presenti nel browser di ciascun utente in numero molto elevato. Alcune operazioni non potrebbero essere compiute senza l\u2019uso dei cookie, che in alcuni casi sono quindi tecnicamente necessari.<\/p>\n<p>I cookie sono classificati in base alla durata e al sito che li ha impostati:<\/p>\n<p><strong>Cookie di sessione:<\/strong>\u00a0si eliminano alla chiusura del browser<br \/>\n<strong>Cookie persistenti:<\/strong>\u00a0si eliminano dopo un certo periodo fissato<br \/>\n<strong>Cookie di prime parti:<\/strong> impostati dai siti Web stessi (con dominio uguale a quello indicato nella barra degli indirizzi del browser) e possono essere letti solo da tali siti. Vengono comunemente utilizzati per archiviare informazioni quali le preferenze, da utilizzare alle successive visite al sito.<br \/>\n<strong>Cookie di terze parti: <\/strong>nel corso della navigazione su un sito, l\u2019utente pu\u00f2 ricevere sul suo terminale anche cookie di siti o di web server diversi; ci\u00f2 accade perch\u00e9 sul sito web visitato possono essere presenti elementi come, ad esempio, immagini, mappe, suoni, specifici link a pagine web di altri domini che risiedono su server diversi da quello sul quale si trova la pagina richiesta.<\/p>\n<p>Si individuano due macro-categorie:\u00a0<strong>cookie \u201ctecnici\u201d<\/strong>\u00a0e\u00a0<strong>cookie \u201cdi profilazione\u201d<\/strong>.<\/p>\n<p>I <strong>cookie tecnici<\/strong> possono essere suddivisi in cookie di navigazione o di sessione, che garantiscono la normale navigazione e fruizione del sito web (permettendo, ad esempio, di realizzare un acquisto o autenticarsi per accedere ad aree riservate); cookie analytics, assimilati ai cookie tecnici laddove utilizzati direttamente dal gestore del sito per raccogliere informazioni, in forma aggregata, sul numero degli utenti e su come questi visitano il sito stesso; cookie di funzionalit\u00e0, che permettono all\u2019utente la navigazione in funzione di una serie di criteri selezionati (ad esempio, la lingua, i prodotti selezionati per l\u2019acquisto) al fine di migliorare il servizio reso allo stesso. Per l\u2019installazione di tali cookie non \u00e8 richiesto il preventivo consenso degli utenti, mentre resta fermo l\u2019obbligo di dare l\u2019informativa (ai sensi dell\u2019art. 122 del codice privacy e provvedimento generale del Garante per la Protezione dei dati personali dell\u20198 maggio 2014).<\/p>\n<p>I <strong>cookie di profilazione<\/strong> sono volti a creare profili relativi all\u2019utente e vengono utilizzati al fine di inviare messaggi pubblicitari in linea con le preferenze manifestate dallo stesso nell\u2019ambito della navigazione in rete. In ragione della particolare invasivit\u00e0 che tali dispositivi possono avere nell\u2019ambito della sfera privata degli utenti, la normativa europea e italiana prevede che l\u2019utente debba essere adeguatamente informato sull\u2019uso degli stessi ed esprimere cos\u00ec il proprio valido consenso.<\/p>\n<p>Cookie tecnici e cookie di profilazione vanno distinti tra quelli installati dal Titolare del sito oppure da servizi di terze parti che il sito utilizza (<strong>cookie di terze parti<\/strong>).<\/p>\n<p><strong>Come utilizziamo i cookies<\/strong><\/p>\n<p><strong>Cookies di prime parti (impostati dal presente sito):<\/strong><\/p>\n<p>Questo sito utilizza cookie tecnici per alcune procedure di navigazione (ad es. accesso all\u2019area professionisti). Tali cookies non contengono dati personali e durano per la sola sessione in corso.<\/p>\n<p><strong>Cookies di terze parti:<\/strong><\/p>\n<p>In alcune pagine del sito si utilizza <strong>Google Maps<\/strong> (elemento incorporato). Google Maps \u00e8 un servizio di visualizzazione di mappe gestito da Google Inc. che permette a questa Applicazione di integrare tali contenuti all\u2019interno delle proprie pagine.<\/p>\n<p>Per ulteriori informazioni sull\u2019uso dei dati e sul loro trattamento da parte di Google si raccomanda di prendere visione delle\u00a0informazioni al seguente indirizzo internet:\u00a0<a href=\"http:\/\/www.google.com\/intl\/it\/policies\/privacy\/\" target=\"_blank\" rel=\"noopener noreferrer\">http:\/\/www.google.com\/intl\/it\/policies\/privacy\/<\/a>\u00a0.<\/p>\n<p>Il sito utilizza <strong>Google Analytics con IP anonimizzato (Google Inc.). <\/strong>Google Analytics \u00e8 un servizio di analisi web fornito da Google Inc. (\u201cGoogle\u201d). Google utilizza i Dati Personali raccolti allo scopo di tracciare ed esaminare l\u2019utilizzo di questo sito, compilare report e condividerli con gli altri servizi sviluppati da Google.<br \/>\nGoogle potrebbe utilizzare i Dati Personali per contestualizzare e personalizzare gli annunci del proprio network pubblicitario.<br \/>\nQuesta integrazione di Google Analytics rende anonimo il tuo indirizzo IP. L\u2019anonimizzazione funziona abbreviando entro i confini degli Stati Membri dell\u2019Unione Europea o in altri Paesi aderenti all\u2019accordo sullo Spazio Economico Europeo l\u2019indirizzo IP degli Utenti. Solo in casi eccezionali, l\u2019indirizzo IP sar\u00e0 inviato ai server di Google ed abbreviato all\u2019interno degli Stati Uniti.<\/p>\n<p>Per ulteriori informazioni sull\u2019uso dei dati e sul loro trattamento da parte di Google si raccomanda di prendere visione delle\u00a0informazioni al seguente indirizzo internet: \u00a0<a href=\"http:\/\/www.google.com\/intl\/it\/policies\/privacy\/\" target=\"_blank\" rel=\"noopener noreferrer\">http:\/\/www.google.com\/intl\/it\/policies\/privacy\/<\/a>.<\/p>\n<p>Per la disattivazione di Google Analytics (OPT-OUT) visita la pagina al seguente indirizzo internet:\u00a0<a href=\"https:\/\/tools.google.com\/dlpage\/gaoptout?hl=it\" target=\"_blank\" rel=\"noopener noreferrer\">https:\/\/tools.google.com\/dlpage\/gaoptout?hl=it<\/a><\/p>\n<p>Qualora nel sito Web venisse rilevato un cookie di terze parti (Questo vale soprattutto nei casi in cui la pagina Web contenga i cosiddetti elementi incorporati: testi, documenti, immagini o brevi filmati che sono archiviati altrove, ma vengono visualizzati nel o attraverso il nostro sito Web) potete contattare direttamente le terze parti interessate e chiedere informazioni sui cookie che inviano.<\/p>\n<p><strong>Come controllare, disabilitare e cancellare i cookies<\/strong><\/p>\n<p>Il presente sito non utilizza cookie di prime parti per raccogliere dati personali. Comunque \u00e8 possibile limitare o bloccare i cookies incontrati nella navigazione del presente sito attraverso l\u2019impostazione nel pannello dedicato del browser.<\/p>\n<p>I cookie sono normali file di testo, \u00e8 quindi possibile accedervi utilizzando la maggior parte degli editor di testo o dei programmi di elaborazione testi. Per aprirli, \u00e8 sufficiente fare clic su di essi. Per informazioni su come eseguire questo controllo fate riferimento alle informazioni sui cookie fornite dal browser stesso. Se utilizzate un telefono cellulare, uno smartphone o un tablet, consultate il relativo manuale per reperire ulteriori informazioni.<\/p>\n<p>In ogni browser le operazioni di limitazione o blocco dei cookies vengono impostate seguendo una diversa procedura. Per definire le impostazioni corrette utilizzate la funzione di Guida del browser. Per limitare o disattivare i cookie su un telefono cellulare, uno smartphone o un tablet, consultate il relativo manuale per reperire ulteriori informazioni.<\/p>\n<p>L\u2019Utente pu\u00f2 trovare informazioni su come gestire i Cookie nel suo browser ai seguenti indirizzi:<\/p>\n<p>\u00b7\u00a0<a href=\"https:\/\/support.google.com\/chrome\/answer\/95647?hl=it&amp;p=cpn_cookies\" target=\"_blank\" rel=\"noopener noreferrer\">Google Chrome<\/a><\/p>\n<p>\u00b7\u00a0<a href=\"https:\/\/support.mozilla.org\/it\/kb\/Attivare%20e%20disattivare%20i%20cookie?redirectlocale=en-US&amp;redirectslug=Enabling+and+disabling+cookies\" target=\"_blank\" rel=\"noopener noreferrer\">Mozilla Firefox<\/a><\/p>\n<p>\u00b7\u00a0<a href=\"https:\/\/support.apple.com\/kb\/PH19214?viewlocale=it_IT&amp;locale=en_US\" target=\"_blank\" rel=\"noopener noreferrer\">Apple Safari<\/a><\/p>\n<p>\u00b7\u00a0<a href=\"http:\/\/windows.microsoft.com\/it-it\/windows-vista\/block-or-allow-cookies\" target=\"_blank\" rel=\"noopener noreferrer\">Microsoft Windows Explorer<\/a><\/p>\n<p>\u00b7\u00a0<a href=\"http:\/\/help.opera.com\/Windows\/10.20\/it\/cookies.html\" target=\"_blank\" rel=\"noopener noreferrer\">Opera<\/a><\/p>\n<p>Informazioni pi\u00f9 dettagliate relative ai cookie su Internet sono disponibili all\u2019indirizzo\u00a0<a href=\"http:\/\/www.aboutcookies.org\/\" target=\"_blank\" rel=\"noopener noreferrer\">http:\/\/www.aboutcookies.org\/<\/a><\/p>\n<p><em>Vi avvisiamo che la limitazione o disattivazione dei cookies potrebbero non garantire un corretto funzionamento del sito web.<\/em><\/p>\n<p>A causa di eventuali modifiche al nostro sito Web o alle normative riguardanti i cookie, \u00e8 possibile che queste informative vengano periodicamente modificate. Siamo pertanto autorizzati a cambiare i contenuti delle informative e i cookie indicati nell\u2019elenco in qualsiasi momento e senza preavviso. La versione pi\u00f9 aggiornata pu\u00f2 essere consultata in questa pagina Web.<\/p>\n<\/div>\n<\/div>\n<\/div><div class=\"fusion-clearfix\"><\/div><\/div><\/div><\/div><\/div>\n","protected":false},"excerpt":{"rendered":"","protected":false},"author":1,"featured_media":0,"parent":0,"menu_order":0,"comment_status":"closed","ping_status":"closed","template":"","meta":[],"yoast_head":"<!-- This site is optimized with the Yoast SEO plugin v14.7 - https:\/\/yoast.com\/wordpress\/plugins\/seo\/ -->\n<title>Cookie Policy - \u0642\u0633\u0645 \u0627\u0644\u0645\u0631\u0636\u0649<\/title>\n<meta name=\"robots\" content=\"index, follow\" \/>\n<meta name=\"googlebot\" content=\"index, follow, max-snippet:-1, max-image-preview:large, max-video-preview:-1\" \/>\n<meta name=\"bingbot\" content=\"index, follow, max-snippet:-1, max-image-preview:large, max-video-preview:-1\" \/>\n<link rel=\"canonical\" href=\"https:\/\/www.prodentitalia.eu\/arpa\/cookie-policy\/\" \/>\n<meta property=\"og:locale\" content=\"ar_AR\" \/>\n<meta property=\"og:type\" content=\"article\" \/>\n<meta property=\"og:title\" content=\"Cookie Policy - \u0642\u0633\u0645 \u0627\u0644\u0645\u0631\u0636\u0649\" \/>\n<meta property=\"og:url\" content=\"https:\/\/www.prodentitalia.eu\/arpa\/cookie-policy\/\" \/>\n<meta property=\"og:site_name\" content=\"\u0642\u0633\u0645 \u0627\u0644\u0645\u0631\u0636\u0649\" \/>\n<meta property=\"article:modified_time\" content=\"2020-01-17T08:02:10+00:00\" \/>\n<meta name=\"twitter:card\" content=\"summary\" \/>\n<meta name=\"twitter:creator\" content=\"@pr0en7erad475\" \/>\n<script type=\"application\/ld+json\" class=\"yoast-schema-graph\">{\"@context\":\"https:\/\/schema.org\",\"@graph\":[{\"@type\":\"WebSite\",\"@id\":\"https:\/\/www.prodentitalia.eu\/arpa\/#website\",\"url\":\"https:\/\/www.prodentitalia.eu\/arpa\/\",\"name\":\"\\u0642\\u0633\\u0645 \\u0627\\u0644\\u0645\\u0631\\u0636\\u0649\",\"description\":\"Prodent Italia l&#039;implantologia made in Italy\",\"potentialAction\":[{\"@type\":\"SearchAction\",\"target\":\"https:\/\/www.prodentitalia.eu\/arpa\/?s={search_term_string}\",\"query-input\":\"required name=search_term_string\"}],\"inLanguage\":\"ar\"},{\"@type\":\"WebPage\",\"@id\":\"https:\/\/www.prodentitalia.eu\/arpa\/cookie-policy\/#webpage\",\"url\":\"https:\/\/www.prodentitalia.eu\/arpa\/cookie-policy\/\",\"name\":\"Cookie Policy - \\u0642\\u0633\\u0645 \\u0627\\u0644\\u0645\\u0631\\u0636\\u0649\",\"isPartOf\":{\"@id\":\"https:\/\/www.prodentitalia.eu\/arpa\/#website\"},\"datePublished\":\"2015-09-25T08:18:55+00:00\",\"dateModified\":\"2020-01-17T08:02:10+00:00\",\"inLanguage\":\"ar\",\"potentialAction\":[{\"@type\":\"ReadAction\",\"target\":[\"https:\/\/www.prodentitalia.eu\/arpa\/cookie-policy\/\"]}]}]}<\/script>\n<!-- \/ Yoast SEO plugin. -->","_links":{"self":[{"href":"https:\/\/www.prodentitalia.eu\/arpa\/wp-json\/wp\/v2\/pages\/11734"}],"collection":[{"href":"https:\/\/www.prodentitalia.eu\/arpa\/wp-json\/wp\/v2\/pages"}],"about":[{"href":"https:\/\/www.prodentitalia.eu\/arpa\/wp-json\/wp\/v2\/types\/page"}],"author":[{"embeddable":true,"href":"https:\/\/www.prodentitalia.eu\/arpa\/wp-json\/wp\/v2\/users\/1"}],"replies":[{"embeddable":true,"href":"https:\/\/www.prodentitalia.eu\/arpa\/wp-json\/wp\/v2\/comments?post=11734"}],"version-history":[{"count":2,"href":"https:\/\/www.prodentitalia.eu\/arpa\/wp-json\/wp\/v2\/pages\/11734\/revisions"}],"predecessor-version":[{"id":11793,"href":"https:\/\/www.prodentitalia.eu\/arpa\/wp-json\/wp\/v2\/pages\/11734\/revisions\/11793"}],"wp:attachment":[{"href":"https:\/\/www.prodentitalia.eu\/arpa\/wp-json\/wp\/v2\/media?parent=11734"}],"curies":[{"name":"wp","href":"https:\/\/api.w.org\/{rel}","templated":true}]}}