{"id":11083,"date":"2015-07-07T10:37:41","date_gmt":"2015-07-07T08:37:41","guid":{"rendered":"http:\/\/www.prodentitalia.eu\/depa\/?page_id=11083"},"modified":"2023-01-23T17:15:27","modified_gmt":"2023-01-23T16:15:27","slug":"prodent-azienda-produzione-servizi","status":"publish","type":"page","link":"https:\/\/www.prodentitalia.eu\/depa\/prodent-azienda-produzione-servizi\/","title":{"rendered":"Presentazione Aziendale"},"content":{"rendered":"<p><div class=\"fusion-fullwidth fullwidth-box fusion-builder-row-1 fusion-parallax-fixed nonhundred-percent-fullwidth non-hundred-percent-height-scrolling\"  style='background-color: rgba(255,255,255,0);background-image: url(\"https:\/\/www.prodentitalia.eu\/depa\/wp-content\/uploads\/sites\/29\/2015\/07\/bkg-azienda5.jpg\");background-position: right top;background-repeat: no-repeat;padding-top:0px;padding-bottom:0px;border-top-width:0px;border-bottom-width:0px;border-color:#eae9e9;border-top-style:solid;border-bottom-style:solid;-webkit-background-size:cover;-moz-background-size:cover;-o-background-size:cover;background-size:cover;background-attachment:fixed;'><div class=\"fusion-builder-row fusion-row \"><div  class=\"fusion-layout-column fusion_builder_column fusion_builder_column_2_3 fusion-builder-column-0 fusion-two-third fusion-column-first 2_3\"  style='margin-top:90px;margin-bottom:90px;width:65.3333%; margin-right: 4%;'><div class=\"fusion-column-wrapper\" style=\"padding: 30px 30px 30px 30px;background-position:left top;background-repeat:no-repeat;-webkit-background-size:cover;-moz-background-size:cover;-o-background-size:cover;background-size:cover;\"   data-bg-url=\"\"><div class=\"fusion-text\"><h1><span style=\"color: #ffffff\">Prodent Italia hat seinen Sitz in der N\u00e4he von Mailand, wo es seit Einf\u00fchrung der Implantologie in Italien Implantatsysteme entwickelt und herstellt.<\/span><\/h1>\n<h2><span style=\"color: #ffffff\">Unternehmenseigner und Management widmen der best\u00e4ndigen Fachberatung der Zahnarztpraxen und der Forschung gr\u00f6\u00dfte Aufmerksamkeit und garantieren dadurch Stabilit\u00e4t und Wachstum.<\/span><\/h2>\n<\/div><div class=\"fusion-clearfix\"><\/div><\/div><\/div><\/div><\/div><div class=\"fusion-fullwidth fullwidth-box fusion-builder-row-2 nonhundred-percent-fullwidth non-hundred-percent-height-scrolling\"  style='background-color: #ffffff;background-position: left top;background-repeat: no-repeat;padding-top:0px;padding-right:0px;padding-bottom:0px;padding-left:0px;border-top-width:0px;border-bottom-width:0px;border-color:#eae9e9;border-top-style:solid;border-bottom-style:solid;'><div class=\"fusion-builder-row fusion-row \"><div  class=\"fusion-layout-column fusion_builder_column fusion_builder_column_1_2 fusion-builder-column-1 fusion-one-half fusion-column-first 1_2\"  style='margin-top:20px;margin-bottom:20px;width:48%; margin-right: 4%;'><div class=\"fusion-column-wrapper\" style=\"padding: 30px 30px 30px 30px;background-position:left top;background-repeat:no-repeat;-webkit-background-size:cover;-moz-background-size:cover;-o-background-size:cover;background-size:cover;\"   data-bg-url=\"\"><div class=\"fusion-text\"><h1 style=\"text-align: left\"><span style=\"color: #008dbd\">Forschung<\/span><\/h1>\n<p style=\"text-align: left\"><img loading=\"lazy\" class=\"alignleft size-full wp-image-11726\" src=\"https:\/\/www.prodentitalia.eu\/depa\/wp-content\/uploads\/sites\/29\/2015\/07\/ico-research45.png\" alt=\"ico-research45\" width=\"45\" height=\"45\" \/><\/p>\n<h1><\/h1>\n<p>&nbsp;<\/p>\n<p>Die ideale Voraussetzung f\u00fcr die Entwicklung eines neuen Implantats ist die Zusammenarbeit zwischen Klinik-, Technik- und Produkt-Welt. Die Anforderungen und Spezifikationen kommen von erfahrenen Zahn\u00e4rzten, die innovative Ideen einbringen, um die Grenzen, auf die sie bei der t\u00e4glichen Arbeit sto\u00dfen, zu \u00fcberwinden.<\/p>\n<p>Die Produkt-Welt \u00fcbertr\u00e4gt die klinischen Anforderungen in einen Projektplan. Danach entwirft die aus Bioingenieuren bestehende Abteilung Technik das Implantatsystem unter Zugrundelegung der Machbarkeitsanforderungen und der biomechanischen Zuverl\u00e4ssigkeit des Implantats, das sich in den Knochen integrieren und den Belastungen standhalten muss. Die statischen und dynamischen Belastungspr\u00fcfungen f\u00fchrt Prodent Italia in Zusammenarbeit mit dem LaBS (Laboratory of Biological Structured Mechanics) des Polytechnikums Mailand durch.<\/p>\n<\/div><div class=\"fusion-clearfix\"><\/div><\/div><\/div><div  class=\"fusion-layout-column fusion_builder_column fusion_builder_column_1_2 fusion-builder-column-2 fusion-one-half fusion-column-last 1_2\"  style='margin-top:20px;margin-bottom:20px;width:48%'><div class=\"fusion-column-wrapper\" style=\"padding: 30px 30px 30px 30px;background-position:left top;background-repeat:no-repeat;-webkit-background-size:cover;-moz-background-size:cover;-o-background-size:cover;background-size:cover;\"   data-bg-url=\"\"><div class=\"fusion-text\"><h1>Zertifizierungen<\/h1>\n<p><img loading=\"lazy\" class=\"alignleft size-full wp-image-11727\" src=\"https:\/\/www.prodentitalia.eu\/depa\/wp-content\/uploads\/sites\/29\/2015\/07\/ico-quality45.png\" alt=\"ico-quality45\" width=\"45\" height=\"45\" \/><\/p>\n<p style=\"text-align: justify\">Prodent Italia verf\u00fcgt \u00fcber ein Qualit\u00e4tsmanagement-System gem\u00e4\u00df UNI CEI EN ISO 13485.<\/p>\n<p style=\"text-align: justify\">Die ersten Zertifizierungen hat Prodent Italia im Jahr 1998 erhalten.<\/p>\n<div class=\"fusion-title title fusion-title-size-one\">\n<h1 class=\"title-heading-left\">Zertifikate<\/h1>\n<\/div>\n<p><a href=\"https:\/\/www.prodentitalia.eu\/pdf\/pro-it\/UNI-CEI-EN-ISO-13485-2016-.pdf\" target=\"_blank\" rel=\"noopener noreferrer\">Zertifikat UNI CEI EN ISO 13485 &gt;<\/a><\/p>\n<p><a href=\"https:\/\/www.prodentitalia.eu\/pdf\/pro-it\/Certiquality-25688-Impianti-Dentali-Endoossei-21.05.21.pdf\" target=\"_blank\" rel=\"noopener noreferrer\">Zertifikat Certiquality n. 25688 \u2013 Impianti Dentali Endoossei<\/a><\/p>\n<p><a href=\"https:\/\/www.prodentitalia.eu\/pdf\/pro-it\/25687_030518.pdf\" target=\"_blank\" rel=\"noopener noreferrer\">Zertifikat Certiquality n. 25687- Componentistica Protesica<\/a><\/p>\n<p><a href=\"https:\/\/www.prodentitalia.eu\/pdf\/pro-it\/25686_030518.pdf\" target=\"_blank\" rel=\"noopener noreferrer\">Zertifikat Certiquality n. 25686 \u2013 Strumentario ed accessori<\/a><\/p>\n<\/div><div class=\"fusion-clearfix\"><\/div><\/div><\/div><\/div><\/div><\/p>\n","protected":false},"excerpt":{"rendered":"","protected":false},"author":1,"featured_media":0,"parent":0,"menu_order":0,"comment_status":"open","ping_status":"open","template":"100-width.php","meta":[],"yoast_head":"<!-- This site is optimized with the Yoast SEO plugin v14.7 - https:\/\/yoast.com\/wordpress\/plugins\/seo\/ -->\n<title>Presentazione Aziendale - Patienten-Bereich Prodent Italia<\/title>\n<meta name=\"robots\" content=\"index, follow\" \/>\n<meta name=\"googlebot\" content=\"index, follow, max-snippet:-1, max-image-preview:large, max-video-preview:-1\" \/>\n<meta name=\"bingbot\" content=\"index, follow, max-snippet:-1, max-image-preview:large, max-video-preview:-1\" \/>\n<link rel=\"canonical\" href=\"https:\/\/www.prodentitalia.eu\/depa\/prodent-azienda-produzione-servizi\/\" \/>\n<meta property=\"og:locale\" content=\"it_IT\" \/>\n<meta property=\"og:type\" content=\"article\" \/>\n<meta property=\"og:title\" content=\"Presentazione Aziendale - Patienten-Bereich Prodent Italia\" \/>\n<meta property=\"og:url\" content=\"https:\/\/www.prodentitalia.eu\/depa\/prodent-azienda-produzione-servizi\/\" \/>\n<meta property=\"og:site_name\" content=\"Patienten-Bereich Prodent Italia\" \/>\n<meta property=\"article:modified_time\" content=\"2023-01-23T16:15:27+00:00\" \/>\n<meta property=\"og:image\" content=\"https:\/\/www.prodentitalia.eu\/depa\/wp-content\/uploads\/sites\/29\/2015\/07\/ico-research45.png\" \/>\n<meta name=\"twitter:card\" content=\"summary\" \/>\n<meta name=\"twitter:creator\" content=\"@pr0en7erad475\" \/>\n<script type=\"application\/ld+json\" class=\"yoast-schema-graph\">{\"@context\":\"https:\/\/schema.org\",\"@graph\":[{\"@type\":\"WebSite\",\"@id\":\"https:\/\/www.prodentitalia.eu\/depa\/#website\",\"url\":\"https:\/\/www.prodentitalia.eu\/depa\/\",\"name\":\"Patienten-Bereich Prodent Italia\",\"description\":\"Prodent Italia l&#039;implantologia made in Italy\",\"potentialAction\":[{\"@type\":\"SearchAction\",\"target\":\"https:\/\/www.prodentitalia.eu\/depa\/?s={search_term_string}\",\"query-input\":\"required name=search_term_string\"}],\"inLanguage\":\"it-IT\"},{\"@type\":\"ImageObject\",\"@id\":\"https:\/\/www.prodentitalia.eu\/depa\/prodent-azienda-produzione-servizi\/#primaryimage\",\"inLanguage\":\"it-IT\",\"url\":\"https:\/\/www.prodentitalia.eu\/depa\/wp-content\/uploads\/sites\/29\/2015\/07\/ico-research45.png\",\"width\":45,\"height\":45},{\"@type\":\"WebPage\",\"@id\":\"https:\/\/www.prodentitalia.eu\/depa\/prodent-azienda-produzione-servizi\/#webpage\",\"url\":\"https:\/\/www.prodentitalia.eu\/depa\/prodent-azienda-produzione-servizi\/\",\"name\":\"Presentazione Aziendale - Patienten-Bereich Prodent Italia\",\"isPartOf\":{\"@id\":\"https:\/\/www.prodentitalia.eu\/depa\/#website\"},\"primaryImageOfPage\":{\"@id\":\"https:\/\/www.prodentitalia.eu\/depa\/prodent-azienda-produzione-servizi\/#primaryimage\"},\"datePublished\":\"2015-07-07T08:37:41+00:00\",\"dateModified\":\"2023-01-23T16:15:27+00:00\",\"inLanguage\":\"it-IT\",\"potentialAction\":[{\"@type\":\"ReadAction\",\"target\":[\"https:\/\/www.prodentitalia.eu\/depa\/prodent-azienda-produzione-servizi\/\"]}]}]}<\/script>\n<!-- \/ Yoast SEO plugin. -->","_links":{"self":[{"href":"https:\/\/www.prodentitalia.eu\/depa\/wp-json\/wp\/v2\/pages\/11083"}],"collection":[{"href":"https:\/\/www.prodentitalia.eu\/depa\/wp-json\/wp\/v2\/pages"}],"about":[{"href":"https:\/\/www.prodentitalia.eu\/depa\/wp-json\/wp\/v2\/types\/page"}],"author":[{"embeddable":true,"href":"https:\/\/www.prodentitalia.eu\/depa\/wp-json\/wp\/v2\/users\/1"}],"replies":[{"embeddable":true,"href":"https:\/\/www.prodentitalia.eu\/depa\/wp-json\/wp\/v2\/comments?post=11083"}],"version-history":[{"count":86,"href":"https:\/\/www.prodentitalia.eu\/depa\/wp-json\/wp\/v2\/pages\/11083\/revisions"}],"predecessor-version":[{"id":11807,"href":"https:\/\/www.prodentitalia.eu\/depa\/wp-json\/wp\/v2\/pages\/11083\/revisions\/11807"}],"wp:attachment":[{"href":"https:\/\/www.prodentitalia.eu\/depa\/wp-json\/wp\/v2\/media?parent=11083"}],"curies":[{"name":"wp","href":"https:\/\/api.w.org\/{rel}","templated":true}]}}