{"id":11669,"date":"2015-07-17T08:08:18","date_gmt":"2015-07-17T06:08:18","guid":{"rendered":"http:\/\/www.prodentitalia.eu\/depa\/?page_id=11669"},"modified":"2020-01-17T08:58:30","modified_gmt":"2020-01-17T07:58:30","slug":"scopri-di-piu-sugli-impianti-dentali","status":"publish","type":"page","link":"https:\/\/www.prodentitalia.eu\/depa\/scopri-di-piu-sugli-impianti-dentali\/","title":{"rendered":"Scopri di pi\u00f9 sugli impianti dentali"},"content":{"rendered":"<p><div class=\"fusion-fullwidth fullwidth-box fusion-builder-row-1 nonhundred-percent-fullwidth non-hundred-percent-height-scrolling\"  style='background-color: rgba(255,255,255,0);background-position: left top;background-repeat: no-repeat;border-top-width:0px;border-bottom-width:0px;border-color:#eae9e9;border-top-style:solid;border-bottom-style:solid;'><div class=\"fusion-builder-row fusion-row \"><div  class=\"fusion-layout-column fusion_builder_column fusion_builder_column_1_2 fusion-builder-column-0 fusion-one-half fusion-column-first 1_2\"  style='margin-top:0px;margin-bottom:0px;width:48%; margin-right: 4%;'><div class=\"fusion-column-wrapper\" style=\"background-position:left top;background-repeat:no-repeat;-webkit-background-size:cover;-moz-background-size:cover;-o-background-size:cover;background-size:cover;\"   data-bg-url=\"\"><span class=\"fusion-imageframe imageframe-none imageframe-1 hover-type-none\"><img loading=\"lazy\" src=\"https:\/\/www.prodentitalia.eu\/depa\/wp-content\/uploads\/sites\/29\/2015\/07\/pazienti01.jpg\" width=\"500\" height=\"500\" alt=\"\" title=\"pazienti01\" class=\"img-responsive wp-image-11677\"\/><\/span><div class=\"fusion-clearfix\"><\/div><\/div><\/div><div  class=\"fusion-layout-column fusion_builder_column fusion_builder_column_1_2 fusion-builder-column-1 fusion-one-half fusion-column-last 1_2\"  style='margin-top:0px;margin-bottom:20px;width:48%'><div class=\"fusion-column-wrapper\" style=\"background-position:left top;background-repeat:no-repeat;-webkit-background-size:cover;-moz-background-size:cover;-o-background-size:cover;background-size:cover;\"   data-bg-url=\"\"><div class=\"fusion-text\"><p>Der teilweise oder vollst\u00e4ndige Verlust der Z\u00e4hne stellt f\u00fcr viele Erwachsene einen bedeutenden psychoemotionalen und physischen Verfall dar.<\/p>\n<p>Die biokompatiblen Titan-Zahnimplantate sind die einzige reale zahn\u00e4rztliche L\u00f6sung, die Ihre Z\u00e4hne wieder zum Strahlen bringt, sch\u00f6n und stark, wie ihre nat\u00fcrlichen Z\u00e4hne, um Ihnen Ihre Lebensfreude zur\u00fcckzugeben. Das Zahnimplantat ist ein k\u00fcnstlicher Ersatz der Zahnwurzel, auf der die Zahnprothesen befestigt werden.<\/p>\n<p><strong>Die Vorteile einer intelligenten Wahl<\/strong><\/p>\n<p>Die Nutzung von gesunden Z\u00e4hnen, um abnehmbare Prothesen mit \u00e4sthetisch wenig ansprechenden Haken zu halten, oder Feilarbeiten vorzunehmen, um Platz f\u00fcr Br\u00fccken zu schaffen, kann zu einem fr\u00fchzeitigen Verlust der Stabilit\u00e4t der Z\u00e4hne und des Knochens f\u00fchren und eine fr\u00fchzeitige Alterung der Gesichtsz\u00fcge nach sich ziehen.<br \/>\nUmgekehrt verbindet die moderne osseointegrierte Implantologie innovative prothetische und \u00e4sthetisch ansprechende Elemente und bewahrt Ihr nat\u00fcrliches Aussehen, damit Sie beruhigt und voller Vertrauen l\u00e4cheln, essen und sprechen k\u00f6nnen. Die verschiedenen prothetischen L\u00f6sungen und Implantate ersetzen sowohl aus funktionaler als auch aus \u00e4sthetischer Sicht, ihre nat\u00fcrlichen Z\u00e4hne.<\/p>\n<\/div><div class=\"fusion-clearfix\"><\/div><\/div><\/div><\/div><\/div><div class=\"fusion-fullwidth fullwidth-box fusion-builder-row-2 fusion-parallax-fixed nonhundred-percent-fullwidth non-hundred-percent-height-scrolling\"  style='background-color: rgba(255,255,255,0);background-image: url(\"https:\/\/www.prodentitalia.eu\/depa\/wp-content\/uploads\/sites\/29\/2015\/07\/pazientibkg01.jpg\");background-position: left top;background-repeat: no-repeat;border-top-width:0px;border-bottom-width:0px;border-color:#eae9e9;border-top-style:solid;border-bottom-style:solid;-webkit-background-size:cover;-moz-background-size:cover;-o-background-size:cover;background-size:cover;background-attachment:fixed;'><div class=\"fusion-builder-row fusion-row \"><div  class=\"fusion-layout-column fusion_builder_column fusion_builder_column_1_1 fusion-builder-column-2 fusion-one-full fusion-column-first fusion-column-last 1_1\"  style='margin-top:200px;margin-bottom:200px;'><div class=\"fusion-column-wrapper\" style=\"background-position:left top;background-repeat:no-repeat;-webkit-background-size:cover;-moz-background-size:cover;-o-background-size:cover;background-size:cover;\"   data-bg-url=\"\"><div class=\"fusion-text\"><p style=\"text-align: right; font-size: 54px; background-color: rgba(255, 255, 255, 0.4); line-height: 80px;\"><span style=\"color: #000000;\">Rekonstruktion, Prothese, Technologie und Implantate<\/span><\/p>\n<\/div><div class=\"fusion-clearfix\"><\/div><\/div><\/div><\/div><\/div><div class=\"fusion-fullwidth fullwidth-box fusion-builder-row-3 nonhundred-percent-fullwidth non-hundred-percent-height-scrolling fusion-equal-height-columns\"  style='background-color: rgba(255,255,255,0);background-position: left top;background-repeat: no-repeat;padding-top:40px;padding-bottom:20px;border-top-width:0px;border-bottom-width:0px;border-color:#eae9e9;border-top-style:solid;border-bottom-style:solid;'><div class=\"fusion-builder-row fusion-row \"><div  class=\"fusion-layout-column fusion_builder_column fusion_builder_column_1_2 fusion-builder-column-3 fusion-one-half fusion-column-first 1_2\"  style='margin-top:0px;margin-bottom:20px;width:48%; margin-right: 4%;'><div class=\"fusion-column-wrapper\" style=\"border:1px solid #eaeaea;padding: 20px;background-position:left top;background-repeat:no-repeat;-webkit-background-size:cover;-moz-background-size:cover;-o-background-size:cover;background-size:cover;\"   data-bg-url=\"\"><div class=\"fusion-text\"><h2><strong>Die Rekonstruktion eines einzelnen Zahns<\/strong><\/h2>\n<p>Bei Einzell\u00fccken, dem Fehlen von nur einem Zahn, werden durch den Einsatz von nur einem Zahnimplantat die angrenzenden gesunden Z\u00e4hne erhalten und die \u00c4sthetik von Form und Farbe der vorhandenen nat\u00fcrlichen Z\u00e4hne wahrheitsgetreu nachgebildet.<div class=\"imageframe-align-center\"><span class=\"fusion-imageframe imageframe-none imageframe-2 hover-type-none\"><img loading=\"lazy\" src=\"https:\/\/www.prodentitalia.eu\/depa\/wp-content\/uploads\/sites\/29\/2015\/07\/monoedentulia-de.jpg\" width=\"320\" height=\"100\" alt=\"monoedentulia-de\" title=\"monoedentulia-de\" class=\"img-responsive wp-image-11774\"\/><\/span><\/div><\/p>\n<\/div><div class=\"fusion-clearfix\"><\/div><\/div><\/div><div  class=\"fusion-layout-column fusion_builder_column fusion_builder_column_1_2 fusion-builder-column-4 fusion-one-half fusion-column-last 1_2\"  style='margin-top:0px;margin-bottom:20px;width:48%'><div class=\"fusion-column-wrapper\" style=\"border:1px solid #eaeaea;padding: 20px;background-position:left top;background-repeat:no-repeat;-webkit-background-size:cover;-moz-background-size:cover;-o-background-size:cover;background-size:cover;\"   data-bg-url=\"\"><div class=\"fusion-text\"><h2><strong>Die Rekonstruktion von mehreren Z\u00e4hnen<\/strong><\/h2>\n<p>Wenn Ihnen mehrere Z\u00e4hne fehlen, spricht man von unterbrochenen Zahnreihen. Zwei oder mehr Zahnimplantate st\u00fctzen eine extrem stabile und best\u00e4ndige Prothese, deren Z\u00e4hne im Hinblick auf die \u00c4sthetik und die Funktion, wie die eigenen nat\u00fcrlichen Z\u00e4hne wahrgenommen werden.<\/p>\n<div class=\"imageframe-align-center\"><span class=\"fusion-imageframe imageframe-none imageframe-3 hover-type-none\"><img loading=\"lazy\" src=\"https:\/\/www.prodentitalia.eu\/depa\/wp-content\/uploads\/sites\/29\/2015\/07\/edentulia-parziale-de.jpg\" width=\"320\" height=\"100\" alt=\"edentulia-parziale-de\" title=\"edentulia-parziale-de\" class=\"img-responsive wp-image-11772\"\/><\/span><\/div>\n<\/div><div class=\"fusion-clearfix\"><\/div><\/div><\/div><div  class=\"fusion-layout-column fusion_builder_column fusion_builder_column_1_1 fusion-builder-column-5 fusion-one-full fusion-column-first fusion-column-last fusion-column-no-min-height 1_1\"  style='margin-top:0px;margin-bottom:0px;'><div class=\"fusion-column-wrapper\" style=\"background-position:left top;background-repeat:no-repeat;-webkit-background-size:cover;-moz-background-size:cover;-o-background-size:cover;background-size:cover;\"   data-bg-url=\"\"><div class=\"fusion-sep-clear\"><\/div><div class=\"fusion-separator fusion-full-width-sep sep-none\" style=\"margin-left: auto;margin-right: auto;margin-top:;\"><\/div><div class=\"fusion-clearfix\"><\/div><\/div><\/div><div  class=\"fusion-layout-column fusion_builder_column fusion_builder_column_1_2 fusion-builder-column-6 fusion-one-half fusion-column-first 1_2\"  style='margin-top:0px;margin-bottom:20px;width:48%; margin-right: 4%;'><div class=\"fusion-column-wrapper\" style=\"border:1px solid #eaeaea;padding: 20px;background-position:left top;background-repeat:no-repeat;-webkit-background-size:cover;-moz-background-size:cover;-o-background-size:cover;background-size:cover;\"   data-bg-url=\"\"><div class=\"fusion-text\"><h2><strong>Die feste Prothese auf Implantaten, oben und unten<\/strong><\/h2>\n<p>Bei vollst\u00e4ndigem Zahnausfall kann mit Hilfe der Zahnimplantate eine vollst\u00e4ndige Prothese sowohl im Unterkiefer als auch im Unterkiefer, hochstabil und funktional dauerhaft befestigt werden. Wenn die Menge und Qualit\u00e4t der Knochen nicht zu schlecht ist, kann diese Art der Prothese auch mit nur vier Implantaten befestigt werden.<\/p>\n<p>&nbsp;<\/p>\n<div class=\"imageframe-align-center\"><span class=\"fusion-imageframe imageframe-none imageframe-4 hover-type-none\"><img loading=\"lazy\" src=\"https:\/\/www.prodentitalia.eu\/depa\/wp-content\/uploads\/sites\/29\/2015\/07\/protesi-fissa-de.jpg\" width=\"320\" height=\"100\" alt=\"protesi-fissa-de\" title=\"protesi-fissa-de\" class=\"img-responsive wp-image-11775\"\/><\/span><\/div>\n<\/div><div class=\"fusion-clearfix\"><\/div><\/div><\/div><div  class=\"fusion-layout-column fusion_builder_column fusion_builder_column_1_2 fusion-builder-column-7 fusion-one-half fusion-column-last 1_2\"  style='margin-top:0px;margin-bottom:20px;width:48%'><div class=\"fusion-column-wrapper\" style=\"border:1px solid #eaeaea;padding: 20px;background-position:left top;background-repeat:no-repeat;-webkit-background-size:cover;-moz-background-size:cover;-o-background-size:cover;background-size:cover;\"   data-bg-url=\"\"><div class=\"fusion-text\"><h2><strong>Die abnehmbare Prothese auf Implantaten, oben und unten<\/strong><\/h2>\n<p>Bei vollst\u00e4ndigem Zahnausfall kann mit Hilfe der Zahnimplantate eine vollst\u00e4ndige Prothese sowohl im Unterkiefer als auch im Unterkiefer, hochstabil und funktional dauerhaft befestigt werden. Diese Art der Prothese kann auch mit nur zwei Implantaten befestigt werden.<\/p>\n<p>&nbsp;<\/p>\n<div class=\"imageframe-align-center\"><span class=\"fusion-imageframe imageframe-none imageframe-5 hover-type-none\"><img loading=\"lazy\" src=\"https:\/\/www.prodentitalia.eu\/depa\/wp-content\/uploads\/sites\/29\/2015\/07\/protesi-mobile-de.jpg\" width=\"320\" height=\"100\" alt=\"protesi-mobile-de\" title=\"protesi-mobile-de\" class=\"img-responsive wp-image-11776\"\/><\/span><\/div>\n<\/div><div class=\"fusion-clearfix\"><\/div><\/div><\/div><div  class=\"fusion-layout-column fusion_builder_column fusion_builder_column_1_1 fusion-builder-column-8 fusion-one-full fusion-column-first fusion-column-last fusion-column-no-min-height 1_1\"  style='margin-top:0px;margin-bottom:0px;'><div class=\"fusion-column-wrapper\" style=\"background-position:left top;background-repeat:no-repeat;-webkit-background-size:cover;-moz-background-size:cover;-o-background-size:cover;background-size:cover;\"   data-bg-url=\"\"><div class=\"fusion-sep-clear\"><\/div><div class=\"fusion-separator fusion-full-width-sep sep-none\" style=\"margin-left: auto;margin-right: auto;margin-top:;\"><\/div><div class=\"fusion-clearfix\"><\/div><\/div><\/div><div  class=\"fusion-layout-column fusion_builder_column fusion_builder_column_1_2 fusion-builder-column-9 fusion-one-half fusion-column-first 1_2\"  style='margin-top:0px;margin-bottom:20px;width:48%; margin-right: 4%;'><div class=\"fusion-column-wrapper\" style=\"border:1px solid #eaeaea;padding: 20px;background-position:left top;background-repeat:no-repeat;-webkit-background-size:cover;-moz-background-size:cover;-o-background-size:cover;background-size:cover;\"   data-bg-url=\"\"><div class=\"fusion-text\"><h2><strong>Die Technologie im Dienst des Patienten<\/strong><\/h2>\n<p>Heutzutage ist es sogar m\u00f6glich, den chirurgischen Eingriff f\u00fcr den Einsatz der Implantate mit Hilfe von computergest\u00fctzten Instrumenten zu diagnostizieren und zu planen, um den chirurgischen Eingriff zu beschleunigen und zu vereinfachen und so die Implantologie zu einer nur geringf\u00fcgig invasiven Methode zu machen. Au\u00dferdem werden die klinischen Betriebszeiten zum Vorteil einer komfortablen post-operativen Phase f\u00fcr die Patienten reduziert.<\/p>\n<p>&nbsp;<\/p>\n<div class=\"imageframe-align-center\"><span class=\"fusion-imageframe imageframe-none imageframe-6 hover-type-none\"><img loading=\"lazy\" src=\"https:\/\/www.prodentitalia.eu\/depa\/wp-content\/uploads\/sites\/29\/2015\/07\/tecnologia.png\" width=\"320\" height=\"120\" alt=\"\" title=\"tecnologia\" class=\"img-responsive wp-image-11711\"\/><\/span><\/div>\n<\/div><div class=\"fusion-clearfix\"><\/div><\/div><\/div><div  class=\"fusion-layout-column fusion_builder_column fusion_builder_column_1_2 fusion-builder-column-10 fusion-one-half fusion-column-last 1_2\"  style='margin-top:0px;margin-bottom:20px;width:48%'><div class=\"fusion-column-wrapper\" style=\"border:1px solid #eaeaea;padding: 20px;background-position:left top;background-repeat:no-repeat;-webkit-background-size:cover;-moz-background-size:cover;-o-background-size:cover;background-size:cover;\"   data-bg-url=\"\"><div class=\"fusion-text\"><h2><strong>Arten von Implantaten<\/strong><\/h2>\n<p>Prodent Italia verf\u00fcgt \u00fcber ein breites Produktangebot, um den anspruchsvollsten W\u00fcnschen von Zahn\u00e4rzten und Patienten gerecht zu werden. Es gibt konische, zylindrische und sehr kurze (bei wenig Knochen) Implantate, um jede Art von Implantat-Prothese-Behandlung durchf\u00fchren zu k\u00f6nnen. Alle Prodent Implantate werden mit modernen Technologien und nach der neuesten Literatur hergestellt, um ein modernes und zuverl\u00e4ssiges Produkt zu gew\u00e4hrleiten.<\/p>\n<p>&nbsp;<\/p>\n<div class=\"imageframe-align-center\"><span class=\"fusion-imageframe imageframe-none imageframe-7 hover-type-none\"><img loading=\"lazy\" src=\"https:\/\/www.prodentitalia.eu\/depa\/wp-content\/uploads\/sites\/29\/2015\/07\/impianti-prodent-de.png\" width=\"320\" height=\"100\" alt=\"impianti-prodent-de\" title=\"impianti-prodent-de\" class=\"img-responsive wp-image-11773\"\/><\/span><\/div>\n<\/div><div class=\"fusion-clearfix\"><\/div><\/div><\/div><\/div><\/div><div class=\"fusion-fullwidth fullwidth-box fusion-builder-row-4 nonhundred-percent-fullwidth non-hundred-percent-height-scrolling\"  style='background-color: #f2f2f2;background-position: left top;background-repeat: no-repeat;padding-top:20px;padding-bottom:20px;border-top-width:0px;border-bottom-width:0px;border-color:#eae9e9;border-top-style:solid;border-bottom-style:solid;'><div class=\"fusion-builder-row fusion-row \"><div  class=\"fusion-layout-column fusion_builder_column fusion_builder_column_1_1 fusion-builder-column-11 fusion-one-full fusion-column-first fusion-column-last 1_1\"  style='margin-top:20px;margin-bottom:20px;'><div class=\"fusion-column-wrapper\" style=\"background-position:left top;background-repeat:no-repeat;-webkit-background-size:cover;-moz-background-size:cover;-o-background-size:cover;background-size:cover;\"   data-bg-url=\"\"><div class=\"fusion-text\"><p style=\"font-size: 54px; line-height: 80px; text-align: center;\"><span style=\"color: #008dbd;\">Fragen Sie Ihren Zahnarzt<\/span><\/p>\n<\/div><div class=\"fusion-clearfix\"><\/div><\/div><\/div><div  class=\"fusion-layout-column fusion_builder_column fusion_builder_column_1_1 fusion-builder-column-12 fusion-one-full fusion-column-first fusion-column-last fusion-column-no-min-height 1_1\"  style='margin-top:0px;margin-bottom:0px;'><div class=\"fusion-column-wrapper\" style=\"background-position:left top;background-repeat:no-repeat;-webkit-background-size:cover;-moz-background-size:cover;-o-background-size:cover;background-size:cover;\"   data-bg-url=\"\"><div class=\"fusion-sep-clear\"><\/div><div class=\"fusion-separator fusion-full-width-sep sep-none\" style=\"margin-left: auto;margin-right: auto;margin-top:;\"><\/div><div class=\"fusion-clearfix\"><\/div><\/div><\/div><div  class=\"fusion-layout-column fusion_builder_column fusion_builder_column_1_2 fusion-builder-column-13 fusion-one-half fusion-column-first 1_2\"  style='margin-top:0px;margin-bottom:20px;width:48%; margin-right: 4%;'><div class=\"fusion-column-wrapper\" style=\"border:0px solid #eaeaea;padding: 20px;background-position:left top;background-repeat:no-repeat;-webkit-background-size:cover;-moz-background-size:cover;-o-background-size:cover;background-size:cover;\"   data-bg-url=\"\"><div class=\"fusion-text\"><p>Pr\u00e4vention durch regelm\u00e4\u00dfige Kontrolluntersuchungen beim Zahnarzt und eine regelm\u00e4\u00dfige Zahnhygiene, Einschr\u00e4nkung oder Einstellung des Rauchens, Reduzierung des Alkoholkonsums, funktionelle und \u00e4sthetische Behandlungen in gesunden M\u00fcndern und Implantate f\u00fcr den Ersatz der fehlenden Z\u00e4hne, ohne daf\u00fcr gesunde Z\u00e4hne opfern zu m\u00fcssen.<\/p>\n<p>Diese wenigen Tipps tragen dazu bei, unsere Z\u00e4hne und eine korrekte Mundgesundheit zu erhalten. Die konservative und \u00e4sthetische Therapie sind wichtig. Sie wirken sich positiv auf die psychische und physische Gesundheit eines jeden aus und sind grundlegend f\u00fcr ein gepflegtes und ansprechendes Aussehen. Ein sch\u00f6nes L\u00e4cheln f\u00f6rdert mit Sicherheit die sozialen Beziehungen.<\/p>\n<p>&nbsp;<\/p>\n<p>Wenden Sie sich an Ihren Zahnarzt, um mehr \u00fcber diese wenigen Regeln zu erfahren und dar\u00fcber, wie eine Implantat-Behandlung durchgef\u00fchrt wird.<\/p>\n<\/div><div class=\"fusion-clearfix\"><\/div><\/div><\/div><div  class=\"fusion-layout-column fusion_builder_column fusion_builder_column_1_2 fusion-builder-column-14 fusion-one-half fusion-column-last 1_2\"  style='margin-top:0px;margin-bottom:20px;width:48%'><div class=\"fusion-column-wrapper\" style=\"border:1px solid #eaeaea;padding: 20px;background-position:left top;background-repeat:no-repeat;-webkit-background-size:cover;-moz-background-size:cover;-o-background-size:cover;background-size:cover;\"   data-bg-url=\"\"><div class=\"fusion-text\"><h2>Ihr Implantat-Pass<\/h2>\n<p>Am Ende des Implantat-Eingriffs \u00fcbergibt Ihnen Ihr Zahnarzt Ihren Implantat-Pass mit allen Informationen \u00fcber die verwendeten Produkte, einschlie\u00dflich Code, Produktionscharge und Position im Mund. Bei Bedarf kann Ihnen dieses Dokument, egal wo Sie sind, sehr n\u00fctzlich f\u00fcr eventuelle zuk\u00fcnftige Implantat-Behandlungen sein.<\/p>\n<p>&nbsp;<\/p>\n<div class=\"imageframe-align-center\"><span class=\"fusion-imageframe imageframe-none imageframe-8 hover-type-none\"><img loading=\"lazy\" src=\"https:\/\/www.prodentitalia.eu\/depa\/wp-content\/uploads\/sites\/29\/2015\/07\/passaporto-implantare.png\" width=\"320\" height=\"120\" alt=\"\" title=\"passaporto-implantare\" class=\"img-responsive wp-image-11717\"\/><\/span><\/div>\n<\/div><div class=\"fusion-clearfix\"><\/div><\/div><\/div><\/div><\/div><div class=\"fusion-fullwidth fullwidth-box fusion-builder-row-5 nonhundred-percent-fullwidth non-hundred-percent-height-scrolling\"  style='background-color: rgba(255,255,255,0);background-position: left top;background-repeat: no-repeat;padding-top:20px;padding-bottom:20px;border-top-width:0px;border-bottom-width:0px;border-color:#eae9e9;border-top-style:solid;border-bottom-style:solid;'><div class=\"fusion-builder-row fusion-row \"><div  class=\"fusion-layout-column fusion_builder_column fusion_builder_column_1_1 fusion-builder-column-15 fusion-one-full fusion-column-first fusion-column-last 1_1\"  style='margin-top:50px;margin-bottom:20px;'><div class=\"fusion-column-wrapper\" style=\"background-position:left top;background-repeat:no-repeat;-webkit-background-size:cover;-moz-background-size:cover;-o-background-size:cover;background-size:cover;\"   data-bg-url=\"\"><div class=\"fusion-text\"><p style=\"text-align: center;\"><div class=\"fusion-button-wrapper fusion-aligncenter\"><style type=\"text\/css\">.fusion-button.button-1 .fusion-button-text, .fusion-button.button-1 i {color:#008dbd;}.fusion-button.button-1 .fusion-button-icon-divider{border-color:#008dbd;}.fusion-button.button-1:hover .fusion-button-text, .fusion-button.button-1:hover i,.fusion-button.button-1:focus .fusion-button-text, .fusion-button.button-1:focus i,.fusion-button.button-1:active .fusion-button-text, .fusion-button.button-1:active{color:#fff;}.fusion-button.button-1:hover .fusion-button-icon-divider, .fusion-button.button-1:hover .fusion-button-icon-divider, .fusion-button.button-1:active .fusion-button-icon-divider{border-color:#fff;}.fusion-button.button-1:hover, .fusion-button.button-1:focus, .fusion-button.button-1:active{border-color:#fff;border-width:2px;}.fusion-button.button-1 {border-color:#008dbd;border-width:2px;border-radius:0px;}.fusion-button.button-1{background: #ffffff;}.fusion-button.button-1:hover,.button-1:focus,.fusion-button.button-1:active{background: #008dbd;}<\/style><a class=\"fusion-button button-flat button-xlarge button-custom button-1 fusion-button-default-span \" target=\"_blank\" rel=\"noopener noreferrer\" href=\"https:\/\/www.prodentitalia.eu\/pdf\/it\/paziente.pdf\"><span class=\"fusion-button-text\">BROSCH\u00dcRE HERUNTERLADEN<\/span><\/a><\/div><\/p>\n<\/div><div class=\"fusion-clearfix\"><\/div><\/div><\/div><\/div><\/div><\/p>\n","protected":false},"excerpt":{"rendered":"","protected":false},"author":1,"featured_media":0,"parent":0,"menu_order":0,"comment_status":"open","ping_status":"open","template":"100-width.php","meta":[],"yoast_head":"<!-- This site is optimized with the Yoast SEO plugin v14.7 - https:\/\/yoast.com\/wordpress\/plugins\/seo\/ -->\n<title>Erfahren Sie mehr \u00fcber Zahnimplantate<\/title>\n<meta name=\"robots\" content=\"index, follow\" \/>\n<meta name=\"googlebot\" content=\"index, follow, max-snippet:-1, max-image-preview:large, max-video-preview:-1\" \/>\n<meta name=\"bingbot\" content=\"index, follow, max-snippet:-1, max-image-preview:large, max-video-preview:-1\" \/>\n<link rel=\"canonical\" href=\"https:\/\/www.prodentitalia.eu\/depa\/scopri-di-piu-sugli-impianti-dentali\/\" \/>\n<meta property=\"og:locale\" content=\"it_IT\" \/>\n<meta property=\"og:type\" content=\"article\" \/>\n<meta property=\"og:title\" content=\"Erfahren Sie mehr \u00fcber Zahnimplantate\" \/>\n<meta property=\"og:url\" content=\"https:\/\/www.prodentitalia.eu\/depa\/scopri-di-piu-sugli-impianti-dentali\/\" \/>\n<meta property=\"og:site_name\" content=\"Patienten-Bereich Prodent Italia\" \/>\n<meta property=\"article:modified_time\" content=\"2020-01-17T07:58:30+00:00\" \/>\n<meta property=\"og:image\" content=\"https:\/\/www.prodentitalia.eu\/depa\/wp-content\/uploads\/sites\/29\/2015\/07\/pazienti01.jpg\" \/>\n<meta name=\"twitter:card\" content=\"summary\" \/>\n<meta name=\"twitter:creator\" content=\"@pr0en7erad475\" \/>\n<script type=\"application\/ld+json\" class=\"yoast-schema-graph\">{\"@context\":\"https:\/\/schema.org\",\"@graph\":[{\"@type\":\"WebSite\",\"@id\":\"https:\/\/www.prodentitalia.eu\/depa\/#website\",\"url\":\"https:\/\/www.prodentitalia.eu\/depa\/\",\"name\":\"Patienten-Bereich Prodent Italia\",\"description\":\"Prodent Italia l&#039;implantologia made in Italy\",\"potentialAction\":[{\"@type\":\"SearchAction\",\"target\":\"https:\/\/www.prodentitalia.eu\/depa\/?s={search_term_string}\",\"query-input\":\"required name=search_term_string\"}],\"inLanguage\":\"it-IT\"},{\"@type\":\"ImageObject\",\"@id\":\"https:\/\/www.prodentitalia.eu\/depa\/scopri-di-piu-sugli-impianti-dentali\/#primaryimage\",\"inLanguage\":\"it-IT\",\"url\":\"https:\/\/www.prodentitalia.eu\/depa\/wp-content\/uploads\/sites\/29\/2015\/07\/pazienti01.jpg\",\"width\":500,\"height\":500},{\"@type\":\"WebPage\",\"@id\":\"https:\/\/www.prodentitalia.eu\/depa\/scopri-di-piu-sugli-impianti-dentali\/#webpage\",\"url\":\"https:\/\/www.prodentitalia.eu\/depa\/scopri-di-piu-sugli-impianti-dentali\/\",\"name\":\"Erfahren Sie mehr \\u00fcber Zahnimplantate\",\"isPartOf\":{\"@id\":\"https:\/\/www.prodentitalia.eu\/depa\/#website\"},\"primaryImageOfPage\":{\"@id\":\"https:\/\/www.prodentitalia.eu\/depa\/scopri-di-piu-sugli-impianti-dentali\/#primaryimage\"},\"datePublished\":\"2015-07-17T06:08:18+00:00\",\"dateModified\":\"2020-01-17T07:58:30+00:00\",\"inLanguage\":\"it-IT\",\"potentialAction\":[{\"@type\":\"ReadAction\",\"target\":[\"https:\/\/www.prodentitalia.eu\/depa\/scopri-di-piu-sugli-impianti-dentali\/\"]}]}]}<\/script>\n<!-- \/ Yoast SEO plugin. -->","_links":{"self":[{"href":"https:\/\/www.prodentitalia.eu\/depa\/wp-json\/wp\/v2\/pages\/11669"}],"collection":[{"href":"https:\/\/www.prodentitalia.eu\/depa\/wp-json\/wp\/v2\/pages"}],"about":[{"href":"https:\/\/www.prodentitalia.eu\/depa\/wp-json\/wp\/v2\/types\/page"}],"author":[{"embeddable":true,"href":"https:\/\/www.prodentitalia.eu\/depa\/wp-json\/wp\/v2\/users\/1"}],"replies":[{"embeddable":true,"href":"https:\/\/www.prodentitalia.eu\/depa\/wp-json\/wp\/v2\/comments?post=11669"}],"version-history":[{"count":43,"href":"https:\/\/www.prodentitalia.eu\/depa\/wp-json\/wp\/v2\/pages\/11669\/revisions"}],"predecessor-version":[{"id":11794,"href":"https:\/\/www.prodentitalia.eu\/depa\/wp-json\/wp\/v2\/pages\/11669\/revisions\/11794"}],"wp:attachment":[{"href":"https:\/\/www.prodentitalia.eu\/depa\/wp-json\/wp\/v2\/media?parent=11669"}],"curies":[{"name":"wp","href":"https:\/\/api.w.org\/{rel}","templated":true}]}}