{"id":11738,"date":"2015-09-25T10:22:27","date_gmt":"2015-09-25T08:22:27","guid":{"rendered":"http:\/\/www.prodentitalia.eu\/depa\/?page_id=11738"},"modified":"2020-01-17T08:58:29","modified_gmt":"2020-01-17T07:58:29","slug":"utilizzo-del-sito","status":"publish","type":"page","link":"https:\/\/www.prodentitalia.eu\/depa\/utilizzo-del-sito\/","title":{"rendered":"Nutzung der Website"},"content":{"rendered":"<div class=\"fusion-fullwidth fullwidth-box fusion-builder-row-1 hundred-percent-fullwidth non-hundred-percent-height-scrolling\"  style='background-color: rgba(255,255,255,0);background-position: center center;background-repeat: no-repeat;padding-top:0px;padding-right:0px;padding-bottom:0px;padding-left:0px;border-top-width:0px;border-bottom-width:0px;border-color:#eae9e9;border-top-style:solid;border-bottom-style:solid;'><div class=\"fusion-builder-row fusion-row \"><div  class=\"fusion-layout-column fusion_builder_column fusion_builder_column_1_1 fusion-builder-column-0 fusion-one-full fusion-column-first fusion-column-last 1_1\"  style='margin-top:0px;margin-bottom:20px;'><div class=\"fusion-column-wrapper\" style=\"background-position:left top;background-repeat:no-repeat;-webkit-background-size:cover;-moz-background-size:cover;-o-background-size:cover;background-size:cover;\"   data-bg-url=\"\"><div class=\"fusion-text\"><p><strong>Nutzungsbedingungen und rechtliche Beschr\u00e4nkungen<\/strong><\/p>\n<p>Achtung: Lesen Sie die folgenden Bedingungen sorgf\u00e4ltig durch, bevor Sie diese Website nutzen. Bei Nutzung der Website erkennen Sie die nachfolgenden Bedingungen an.<br \/>\nProdent Italia S.r.l. erlaubt die Ansicht und das Herunterladen der Materialien, die auf dieser Website zur Verf\u00fcgung gestellt werden, nur zur individuellen Nutzung. Die Materialien auf dieser Website d\u00fcrfen in keiner Weise vervielf\u00e4ltigt oder \u00f6ffentlich \u00fcbertragen, ausgef\u00fchrt, verteilt oder in anderer Weise f\u00fcr Werbe- oder kommerzielle Zwecke verwendet werden. Im Sinne der vorliegenden Bedingungen ist jede Verwendung der genannten Materialien auf einer anderen Website oder in einer anderen Netzumgebung, egal zu welchem Zweck, verboten. Das Material, das auf der Website zur Verf\u00fcgung gestellt wird, ist urheberrechtlich gesch\u00fctzt und die nicht autorisierte Nutzung ist ein Versto\u00df gegen das Urheber- und Markenrecht sowie andere Gesetze. Das Urheberrecht bezieht sich auf alles, was von uns erstellt und erschaffen wurde, wie Seitenlayout, ein Gro\u00dfteil der Grafik (gif, jpg, Filme), ein Teil der Seiteninhalte; vom Urheberrecht ausgeschlossen sind: Marken, Markennamen, Unternehmensnamen, Produktnamen, Dienstleistungen, Verbindungen und Informationen von Dritten. Die Marken und Markennamen auf unseren Seiten sind Eigentum der jeweiligen Unternehmen, die im Besitz aller Rechte sind.<\/p>\n<p><strong>Haftungsausschluss<\/strong><\/p>\n<p>Prodent Italia S.r.l. haftet nicht f\u00fcr die Qualit\u00e4t der angebotenen Dienstleistungen, f\u00fcr unterlassene oder falsche Informationen, die auf unseren Seiten vorhanden sein k\u00f6nnen. Ebenso wenig haftet das Unternehmen f\u00fcr eventuelle direkte oder indirekte Sch\u00e4den, die auf die Nutzung dieser Website zur\u00fcckzuf\u00fchren sind. DIE AUF DIESER WEBSITE VERF\u00dcGBAREN MATERIALIEN UND DIENSTLEISTUNGEN WERDEN \u201cWIE SIE SIND\u201d OHNE GARANTIE ODER GEW\u00c4HRLEISTUNG JEGLICHER ART ZUR VERF\u00dcGUNG GESTELLT, EINSCHLIESSLICH DER GEW\u00c4HRLEISTUNGEN F\u00dcR DIE MARKTF\u00c4HIGKEIT, DIE TAUGLICHKEIT F\u00dcR EINEN SPEZIELLEN GEBRAUCH ODER DIE NICHTVERLETZUNG VON GEISTIGEN EIGENTUMSRECHTEN: Die Verpflichtungen von Prodent Italia S.r.l. in Bezug auf seine Produkte und Dienstleistungen unterstehen ausschlie\u00dflich den Vereinbarungen, nach denen sie erbracht werden. In keiner Weise kann der Inhalt dieser Website diese Vereinbarungen in irgendeiner Weise \u00e4ndern. Prodent Italia S.r.l. \u00fcbernimmt keine Garantie f\u00fcr die Richtigkeit und die Vollst\u00e4ndigkeit der Informationen, der Software oder der auf dieser Website angebotenen Dienstleistungen. Prodent Italia S.r.l. kann jederzeit und ohne vorherige Ank\u00fcndigung, \u00c4nderungen an Materialien und Dienstleistungen auf dieser Website oder an Produkten und Preisen, die hierin angegeben werden, vornehmen. Die Materialien und Dienstleistungen auf dieser Website k\u00f6nnen veraltet sein. Prodent Italia S.r.l. verpflichtet sich nicht, sie zu aktualisieren. Die auf dieser Website ver\u00f6ffentlichten Informationen k\u00f6nnen sich auf Produkte, Programme oder Dienste beziehen, die in anderen L\u00e4ndern oder auf anderen Websites nicht verf\u00fcgbar sind.<\/p>\n<p><strong>Links zu anderen Websites<\/strong><\/p>\n<p>Die auf dieser Website vorhandenen Links werden ausschlie\u00dflich aus Gr\u00fcnden der Benutzerfreundlichkeit zur Verf\u00fcgung gestellt. Bei Verwendung dieser Links verlassen Sie die Website. Prodent Italia S.r.l. hat diese Seiten nicht gepr\u00fcft und verwaltet sie auch nicht. Das Unternehmen haftet nicht f\u00fcr das darin enthaltene Material. Prodent Italia S.r.l. bietet daher keine Garantie an und gibt keine Erkl\u00e4rung zu diesen Seiten und den Informationen, die Software oder anderen Produkte, Materialien oder eventuellen Ergebnisse, die durch die Nutzung dieser Seiten erhalten wurden, ab. F\u00fcr den Zugang zu den Seiten anderer Hersteller \u00fcber Links, die auf dieser Website zur Verf\u00fcgung gestellt werden, ist ausschlie\u00dflich der Benutzer verantwortlich. Die Links zu Drittanbietern, die auf unserer Website vorhanden sind, sind Eigentum der jeweiligen Hersteller, die als solche Inhaber aller Rechte sind. Wenn das Vorhandensein eines Links oder einer Marke auf der Website nicht erw\u00fcnscht ist, kann der Eigent\u00fcmer an servizigenerali@prodentitalia.it schreiben, um die unverz\u00fcgliche Entfernung zu verlangen:<\/p>\n<p><strong>Benutzerbeitr\u00e4ge<\/strong><\/p>\n<p>Alle Materialien, Informationen und sonstige Mitteilungen, die an Prodent Italia S.r.l. gesendet und auf dieser Website ver\u00f6ffentlicht werden, werden als nicht vertraulich und nicht urheberrechtlich gesch\u00fctzt betrachtet. Prodent Italia S.r.l. \u00fcbernimmt keinerlei Verpflichtung in Bezug auf die Mitteilungen. Prodent Italia S.r.l. und die von ihm Beauftragten k\u00f6nnen die Mitteilungen und alle Daten, Bilder, T\u00f6ne, Texte und sonstigen hier enthaltenen Materialien zu kommerziellen und nicht kommerziellen Zwecken frei kopieren, weitergeben, verteilen, einbeziehen und in anderer Weise nutzen.<br \/>\nAktualisierungen<br \/>\nProdent Italia S.r.l. kann diese Bedingungen jederzeit durch Aktualisierung dieser Ver\u00f6ffentlichung \u00e4ndern. Es wird empfohlen, diese Seite regelm\u00e4\u00dfig zu besuchen, um die aktuellen Bedingungen zur Kenntnis zu nehmen, da sie f\u00fcr den Benutzer bindend sind.<\/p>\n<\/div><div class=\"fusion-clearfix\"><\/div><\/div><\/div><\/div><\/div>\n","protected":false},"excerpt":{"rendered":"","protected":false},"author":1,"featured_media":0,"parent":0,"menu_order":0,"comment_status":"closed","ping_status":"closed","template":"","meta":[],"yoast_head":"<!-- This site is optimized with the Yoast SEO plugin v14.7 - https:\/\/yoast.com\/wordpress\/plugins\/seo\/ -->\n<title>Nutzung der Website - Patienten-Bereich Prodent Italia<\/title>\n<meta name=\"robots\" content=\"index, follow\" \/>\n<meta name=\"googlebot\" content=\"index, follow, max-snippet:-1, max-image-preview:large, max-video-preview:-1\" \/>\n<meta name=\"bingbot\" content=\"index, follow, max-snippet:-1, max-image-preview:large, max-video-preview:-1\" \/>\n<link rel=\"canonical\" href=\"https:\/\/www.prodentitalia.eu\/depa\/utilizzo-del-sito\/\" \/>\n<meta property=\"og:locale\" content=\"it_IT\" \/>\n<meta property=\"og:type\" content=\"article\" \/>\n<meta property=\"og:title\" content=\"Nutzung der Website - Patienten-Bereich Prodent Italia\" \/>\n<meta property=\"og:url\" content=\"https:\/\/www.prodentitalia.eu\/depa\/utilizzo-del-sito\/\" \/>\n<meta property=\"og:site_name\" content=\"Patienten-Bereich Prodent Italia\" \/>\n<meta property=\"article:modified_time\" content=\"2020-01-17T07:58:29+00:00\" \/>\n<meta name=\"twitter:card\" content=\"summary\" \/>\n<meta name=\"twitter:creator\" content=\"@pr0en7erad475\" \/>\n<script type=\"application\/ld+json\" class=\"yoast-schema-graph\">{\"@context\":\"https:\/\/schema.org\",\"@graph\":[{\"@type\":\"WebSite\",\"@id\":\"https:\/\/www.prodentitalia.eu\/depa\/#website\",\"url\":\"https:\/\/www.prodentitalia.eu\/depa\/\",\"name\":\"Patienten-Bereich Prodent Italia\",\"description\":\"Prodent Italia l&#039;implantologia made in Italy\",\"potentialAction\":[{\"@type\":\"SearchAction\",\"target\":\"https:\/\/www.prodentitalia.eu\/depa\/?s={search_term_string}\",\"query-input\":\"required name=search_term_string\"}],\"inLanguage\":\"it-IT\"},{\"@type\":\"WebPage\",\"@id\":\"https:\/\/www.prodentitalia.eu\/depa\/utilizzo-del-sito\/#webpage\",\"url\":\"https:\/\/www.prodentitalia.eu\/depa\/utilizzo-del-sito\/\",\"name\":\"Nutzung der Website - Patienten-Bereich Prodent Italia\",\"isPartOf\":{\"@id\":\"https:\/\/www.prodentitalia.eu\/depa\/#website\"},\"datePublished\":\"2015-09-25T08:22:27+00:00\",\"dateModified\":\"2020-01-17T07:58:29+00:00\",\"inLanguage\":\"it-IT\",\"potentialAction\":[{\"@type\":\"ReadAction\",\"target\":[\"https:\/\/www.prodentitalia.eu\/depa\/utilizzo-del-sito\/\"]}]}]}<\/script>\n<!-- \/ Yoast SEO plugin. -->","_links":{"self":[{"href":"https:\/\/www.prodentitalia.eu\/depa\/wp-json\/wp\/v2\/pages\/11738"}],"collection":[{"href":"https:\/\/www.prodentitalia.eu\/depa\/wp-json\/wp\/v2\/pages"}],"about":[{"href":"https:\/\/www.prodentitalia.eu\/depa\/wp-json\/wp\/v2\/types\/page"}],"author":[{"embeddable":true,"href":"https:\/\/www.prodentitalia.eu\/depa\/wp-json\/wp\/v2\/users\/1"}],"replies":[{"embeddable":true,"href":"https:\/\/www.prodentitalia.eu\/depa\/wp-json\/wp\/v2\/comments?post=11738"}],"version-history":[{"count":3,"href":"https:\/\/www.prodentitalia.eu\/depa\/wp-json\/wp\/v2\/pages\/11738\/revisions"}],"predecessor-version":[{"id":11790,"href":"https:\/\/www.prodentitalia.eu\/depa\/wp-json\/wp\/v2\/pages\/11738\/revisions\/11790"}],"wp:attachment":[{"href":"https:\/\/www.prodentitalia.eu\/depa\/wp-json\/wp\/v2\/media?parent=11738"}],"curies":[{"name":"wp","href":"https:\/\/api.w.org\/{rel}","templated":true}]}}