{"id":11074,"date":"2015-06-25T08:00:25","date_gmt":"2015-06-25T06:00:25","guid":{"rendered":"http:\/\/www.prodentitalia.eu\/it-pro\/?page_id=11074"},"modified":"2020-01-17T08:49:46","modified_gmt":"2020-01-17T07:49:46","slug":"scegliere-prodent","status":"publish","type":"page","link":"https:\/\/www.prodentitalia.eu\/depro\/scegliere-prodent\/","title":{"rendered":"I motivi per scegliere Prodent Italia"},"content":{"rendered":"<p><div class=\"fusion-fullwidth fullwidth-box fusion-builder-row-1 nonhundred-percent-fullwidth non-hundred-percent-height-scrolling fusion-equal-height-columns\"  style='background-color: rgba(255,255,255,0);background-position: left top;background-repeat: no-repeat;padding-top:20px;padding-right:0px;padding-bottom:20px;padding-left:0px;border-top-width:0px;border-bottom-width:0px;border-color:#eae9e9;border-top-style:solid;border-bottom-style:solid;'><div class=\"fusion-builder-row fusion-row \"><div  class=\"fusion-layout-column fusion_builder_column fusion_builder_column_1_3 fusion-builder-column-0 fusion-one-third fusion-column-first fusion-no-small-visibility 1_3\"  style='margin-top:0px;margin-bottom:20px;width:30.6666%; margin-right: 4%;'><div class=\"fusion-column-wrapper\" style=\"border:1px solid #eaeaea;padding: 10px;background-position:left top;background-repeat:no-repeat;-webkit-background-size:cover;-moz-background-size:cover;-o-background-size:cover;background-size:cover;\"   data-bg-url=\"\"><div class=\"fusion-text\"><h1 style=\"text-align: center;\"><span style=\"color: #008dbd;\">Unternehmen<\/span><\/h1>\n<p style=\"text-align: center;\"><img loading=\"lazy\" class=\"aligncenter wp-image-11729 size-full\" src=\"https:\/\/www.prodentitalia.eu\/it-pro\/wp-content\/uploads\/sites\/28\/2015\/06\/ico-company-90c.png\" alt=\"ico-company-90c\" width=\"90\" height=\"90\" srcset=\"https:\/\/www.prodentitalia.eu\/depro\/wp-content\/uploads\/sites\/28\/2015\/06\/ico-company-90c-66x66.png 66w, https:\/\/www.prodentitalia.eu\/depro\/wp-content\/uploads\/sites\/28\/2015\/06\/ico-company-90c.png 90w\" sizes=\"(max-width: 90px) 100vw, 90px\" \/><\/p>\n<ul>\n<li style=\"text-align: left;\">Italienisches Unternehmen mit hochwertigen Qualit\u00e4tsprodukten<\/li>\n<li style=\"text-align: left;\">Direkte Produktion in unseren Werken seit Einf\u00fchrung der Implantologie in Italien<\/li>\n<li style=\"text-align: left;\">Know-how und Erfahrung in Projekten zur wissenschaftlichen Zusammenarbeit mit Universit\u00e4ten und Forschungszentren<\/li>\n<li style=\"text-align: left;\">Unternehmensgr\u00f6\u00dfe, die Flexibilit\u00e4t und die Entwicklung kundenspezifischer Projekte erlaubt<\/li>\n<li style=\"text-align: left;\">Finanziell unabh\u00e4ngiges Unternehmen, nicht vom Banksystem abh\u00e4ngig<\/li>\n<li style=\"text-align: left;\">Sehr strenge Protokolle, die \u00fcber die von den internationalen Zertifizierungen geforderten Anforderungen hinausgehen<\/li>\n<li style=\"text-align: left;\">Akribische Genauigkeit und Pr\u00e4zision in allen Details (ein fertiges Implantat alle 7 Minuten gegen\u00fcber 2\/3 Minuten der meisten Wettbewerber)<\/li>\n<\/ul>\n<\/div><div class=\"fusion-clearfix\"><\/div><\/div><\/div><div  class=\"fusion-layout-column fusion_builder_column fusion_builder_column_1_3 fusion-builder-column-1 fusion-one-third fusion-no-small-visibility 1_3\"  style='margin-top:0px;margin-bottom:20px;width:30.6666%; margin-right: 4%;'><div class=\"fusion-column-wrapper\" style=\"border:1px solid #eaeaea;padding: 10px;background-position:left top;background-repeat:no-repeat;-webkit-background-size:cover;-moz-background-size:cover;-o-background-size:cover;background-size:cover;\"   data-bg-url=\"\"><div class=\"fusion-text\"><h1 style=\"text-align: center;\"><span style=\"color: #008dbd;\">Serviceleistungen<\/span><\/h1>\n<p style=\"text-align: center;\"><img loading=\"lazy\" class=\"aligncenter size-full wp-image-11748\" src=\"https:\/\/www.prodentitalia.eu\/it-pro\/wp-content\/uploads\/sites\/28\/2015\/06\/ico-services-90c.png\" alt=\"ico-services-90c\" width=\"90\" height=\"90\" srcset=\"https:\/\/www.prodentitalia.eu\/depro\/wp-content\/uploads\/sites\/28\/2015\/06\/ico-services-90c-66x66.png 66w, https:\/\/www.prodentitalia.eu\/depro\/wp-content\/uploads\/sites\/28\/2015\/06\/ico-services-90c.png 90w\" sizes=\"(max-width: 90px) 100vw, 90px\" \/><\/p>\n<ul>\n<li style=\"text-align: left;\">Vorabkonsultation zur Planung des klinischen Falls<\/li>\n<li style=\"text-align: left;\">Nachklinische Begleitung durch die technischen Produktspezialisten<\/li>\n<li style=\"text-align: left;\">Hoch qualifizierte internationale Fortbildung mit benutzerdefinierten Modulen f\u00fcr die besonderen organisatorischen, operativen und wissenschaftlichen Anforderungen.<\/li>\n<li style=\"text-align: left;\">Fachforen und Diskussionsrunden zu Themen im Bereich der Implantologie<\/li>\n<li style=\"text-align: left;\">Personalisierte Verkaufsvereinbarungen<\/li>\n<li style=\"text-align: left;\">Bereitschaft, Co-Marketing-Initiativen zu teilen<\/li>\n<\/ul>\n<\/div><div class=\"fusion-clearfix\"><\/div><\/div><\/div><div  class=\"fusion-layout-column fusion_builder_column fusion_builder_column_1_3 fusion-builder-column-2 fusion-one-third fusion-column-last fusion-no-small-visibility 1_3\"  style='margin-top:0px;margin-bottom:20px;width:30.6666%'><div class=\"fusion-column-wrapper\" style=\"border:1px solid #eaeaea;padding: 10px;background-position:left top;background-repeat:no-repeat;-webkit-background-size:cover;-moz-background-size:cover;-o-background-size:cover;background-size:cover;\"   data-bg-url=\"\"><div class=\"fusion-text\"><h1 style=\"text-align: center;\"><span style=\"color: #008dbd;\">Produkt<\/span><\/h1>\n<p style=\"text-align: center;\"><img loading=\"lazy\" class=\"aligncenter size-full wp-image-11750\" src=\"https:\/\/www.prodentitalia.eu\/it-pro\/wp-content\/uploads\/sites\/28\/2015\/06\/ico-products-90c.png\" alt=\"ico-products-90c\" width=\"90\" height=\"90\" srcset=\"https:\/\/www.prodentitalia.eu\/depro\/wp-content\/uploads\/sites\/28\/2015\/06\/ico-products-90c-66x66.png 66w, https:\/\/www.prodentitalia.eu\/depro\/wp-content\/uploads\/sites\/28\/2015\/06\/ico-products-90c.png 90w\" sizes=\"(max-width: 90px) 100vw, 90px\" \/><\/p>\n<ul>\n<li style=\"text-align: left;\">Optimierte Geometrien: mit 5 Implantaten l\u00f6sen Sie die meisten klinischen F\u00e4lle<\/li>\n<li style=\"text-align: left;\">Implantate mit hoher biomechanischer Zuverl\u00e4ssigkeit und hoher Implantat-Erfolgsquote (99,4%)*<\/li>\n<li style=\"text-align: left;\">Bessere Vorhersagbarkeit der Osseointegration, dank der Oberfl\u00e4chenbehandlung (Doppelte S\u00e4ure\u00e4tzung \u2013 DAE<\/li>\n<li style=\"text-align: left;\">Optimaler Grip, dank des aktiven dreig\u00e4ngigen Mikrogewindes<\/li>\n<li style=\"text-align: left;\">Kontrolle der Produktionsgenauigkeit an 100 % der Teile<\/li>\n<li style=\"text-align: left;\">Breites Angebot an modernen chirurgischen und prothetischen L\u00f6sungen<\/li>\n<li style=\"text-align: left;\">Einzigartiges Chirurgie-Kit, mit dem Sie jede Art von Implantat installieren k\u00f6nnen<\/li>\n<li style=\"text-align: left;\">Sehr zufriedenstellende Leistung sowohl aus mechanisch-funktioneller als auch aus \u00e4sthetischer Sicht, mit einer Komfort-Wahrnehmung, die von den Kunden bezeugt wird<\/li>\n<li style=\"text-align: left;\">Dank der Vielseitigkeit ist der Eingriff in Mehrfachimplantaten auch bei Vorliegen von Disparallelit\u00e4t geeignet<\/li>\n<li style=\"text-align: left;\">Verbindungen mit sehr ausgewogenen Reaktionen und Toleranzen, die bei Klinikern gesch\u00e4tzt sind<\/li>\n<\/ul>\n<p>* Daten aus internen Erhebungen, zum Zweck der Produkt- und Qualit\u00e4tsmanagementzertifizierung<\/p>\n<\/div><div class=\"fusion-clearfix\"><\/div><\/div><\/div><\/div><\/div><div class=\"fusion-fullwidth fullwidth-box fusion-builder-row-2 nonhundred-percent-fullwidth non-hundred-percent-height-scrolling\"  style='background-color: rgba(255,255,255,0);background-position: left top;background-repeat: no-repeat;padding-top:20px;padding-right:0px;padding-bottom:20px;padding-left:0px;border-top-width:0px;border-bottom-width:0px;border-color:#eae9e9;border-top-style:solid;border-bottom-style:solid;'><div class=\"fusion-builder-row fusion-row \"><div  class=\"fusion-layout-column fusion_builder_column fusion_builder_column_1_4 fusion-builder-column-3 fusion-one-fourth fusion-column-first fusion-no-small-visibility 1_4\"  style='margin-top:0px;margin-bottom:20px;width:22%; margin-right: 4%;'><div class=\"fusion-column-wrapper\" style=\"background-position:left top;background-repeat:no-repeat;-webkit-background-size:cover;-moz-background-size:cover;-o-background-size:cover;background-size:cover;\"   data-bg-url=\"\"><div class=\"fusion-clearfix\"><\/div><\/div><\/div><div  class=\"fusion-layout-column fusion_builder_column fusion_builder_column_1_4 fusion-builder-column-4 fusion-one-fourth 1_4\"  style='margin-top:0px;margin-bottom:20px;'><div class=\"fusion-column-wrapper\" style=\"background-position:left top;background-repeat:no-repeat;-webkit-background-size:cover;-moz-background-size:cover;-o-background-size:cover;background-size:cover;\"   data-bg-url=\"\"><div class=\"fusion-text\"><p style=\"text-align: center;\"><div class=\"fusion-counters-circle counters-circle\">\n<div class=\"counter-circle-wrapper\" style=\"height:220px;width:220px;\" data-originalsize=\"220\" data-animationOffset=\"100%\"><div class=\"fusion-counter-circle counter-circle counter-circle-content\" data-percent=\"99\" data-countdown=\"\" data-filledcolor=\"#008dbd\" data-unfilledcolor=\"#f6f6f6\" data-scale=\"1\" data-size=\"220\" data-speed=\"1500\" data-strokesize=\"11\" style=\"font-size:50px;height:220px;width:220px;\"><div class=\"fusion-counter-circle-content-inner\">99,4%<\/div><\/div><\/div>\n<\/div><\/p>\n<h2 style=\"text-align: center;\">Implantat-Erfolg<\/h2>\n<\/div><div class=\"fusion-clearfix\"><\/div><\/div><\/div><div  class=\"fusion-layout-column fusion_builder_column fusion_builder_column_1_4 fusion-builder-column-5 fusion-one-fourth 1_4\"  style='margin-top:0px;margin-bottom:20px;'><div class=\"fusion-column-wrapper\" style=\"background-position:left top;background-repeat:no-repeat;-webkit-background-size:cover;-moz-background-size:cover;-o-background-size:cover;background-size:cover;\"   data-bg-url=\"\"><div class=\"fusion-text\"><p style=\"text-align: center;\"><div class=\"fusion-counters-circle counters-circle\">\n<div class=\"counter-circle-wrapper\" style=\"height:220px;width:220px;\" data-originalsize=\"220\" data-animationOffset=\"100%\"><div class=\"fusion-counter-circle counter-circle counter-circle-content\" data-percent=\"100\" data-countdown=\"\" data-filledcolor=\"#008dbd\" data-unfilledcolor=\"#f6f6f6\" data-scale=\"1\" data-size=\"220\" data-speed=\"1500\" data-strokesize=\"11\" style=\"font-size:50px;height:220px;width:220px;\"><div class=\"fusion-counter-circle-content-inner\">100%<\/div><\/div><\/div>\n<\/div><\/p>\n<h2 style=\"text-align: center;\">Teilepr\u00fcfung<\/h2>\n<\/div><div class=\"fusion-clearfix\"><\/div><\/div><\/div><div  class=\"fusion-layout-column fusion_builder_column fusion_builder_column_1_4 fusion-builder-column-6 fusion-one-fourth fusion-column-last fusion-no-small-visibility 1_4\"  style='margin-top:0px;margin-bottom:20px;width:22%'><div class=\"fusion-column-wrapper\" style=\"background-position:left top;background-repeat:no-repeat;-webkit-background-size:cover;-moz-background-size:cover;-o-background-size:cover;background-size:cover;\"   data-bg-url=\"\"><div class=\"fusion-clearfix\"><\/div><\/div><\/div><\/div><\/div><div class=\"fusion-fullwidth fullwidth-box fusion-builder-row-3 nonhundred-percent-fullwidth non-hundred-percent-height-scrolling\"  style='background-color: #f6f6f6;background-position: left top;background-repeat: no-repeat;padding-top:20px;padding-bottom:20px;border-top-width:1px;border-bottom-width:1px;border-color:#eaeaea;border-top-style:solid;border-bottom-style:solid;'><div class=\"fusion-builder-row fusion-row \"><div  class=\"fusion-layout-column fusion_builder_column fusion_builder_column_1_1 fusion-builder-column-7 fusion-one-full fusion-column-first fusion-column-last 1_1\"  style='margin-top:0px;margin-bottom:20px;'><div class=\"fusion-column-wrapper\" style=\"background-position:left top;background-repeat:no-repeat;-webkit-background-size:cover;-moz-background-size:cover;-o-background-size:cover;background-size:cover;\"   data-bg-url=\"\"><span class=\"fusion-imageframe imageframe-none imageframe-1 hover-type-none\"><img src=\"https:\/\/www.prodentitalia.eu\/it-pro\/wp-content\/uploads\/sites\/28\/2015\/06\/big-logo-pay-off9.png\"   alt=\"\" title=\"\" class=\"img-responsive\"\/><\/span><div class=\"fusion-clearfix\"><\/div><\/div><\/div><\/div><\/div><\/p>\n","protected":false},"excerpt":{"rendered":"","protected":false},"author":1,"featured_media":0,"parent":0,"menu_order":0,"comment_status":"open","ping_status":"closed","template":"100-width.php","meta":[],"yoast_head":"<!-- This site is optimized with the Yoast SEO plugin v14.7 - https:\/\/yoast.com\/wordpress\/plugins\/seo\/ -->\n<title>Warum Sie sich f\u00fcr Prodent Italia entscheiden sollten<\/title>\n<meta name=\"robots\" content=\"index, follow\" \/>\n<meta name=\"googlebot\" content=\"index, follow, max-snippet:-1, max-image-preview:large, max-video-preview:-1\" \/>\n<meta name=\"bingbot\" content=\"index, follow, max-snippet:-1, max-image-preview:large, max-video-preview:-1\" \/>\n<link rel=\"canonical\" href=\"https:\/\/www.prodentitalia.eu\/depro\/scegliere-prodent\/\" \/>\n<meta property=\"og:locale\" content=\"de_DE\" \/>\n<meta property=\"og:type\" content=\"article\" \/>\n<meta property=\"og:title\" content=\"Warum Sie sich f\u00fcr Prodent Italia entscheiden sollten\" \/>\n<meta property=\"og:url\" content=\"https:\/\/www.prodentitalia.eu\/depro\/scegliere-prodent\/\" \/>\n<meta property=\"og:site_name\" content=\"Bereich f\u00fcr Zahn\u00e4rzte-Zahntechniker Prodent Italia\" \/>\n<meta property=\"article:modified_time\" content=\"2020-01-17T07:49:46+00:00\" \/>\n<meta property=\"og:image\" content=\"https:\/\/www.prodentitalia.eu\/it-pro\/wp-content\/uploads\/sites\/28\/2015\/06\/ico-company-90c.png\" \/>\n<meta name=\"twitter:card\" content=\"summary\" \/>\n<meta name=\"twitter:creator\" content=\"@pr0en7erad475\" \/>\n<script type=\"application\/ld+json\" class=\"yoast-schema-graph\">{\"@context\":\"https:\/\/schema.org\",\"@graph\":[{\"@type\":\"WebSite\",\"@id\":\"https:\/\/www.prodentitalia.eu\/depro\/#website\",\"url\":\"https:\/\/www.prodentitalia.eu\/depro\/\",\"name\":\"Bereich f\\u00fcr Zahn\\u00e4rzte-Zahntechniker Prodent Italia\",\"description\":\"Prodent Italia l&#039;implantologia made in Italy\",\"potentialAction\":[{\"@type\":\"SearchAction\",\"target\":\"https:\/\/www.prodentitalia.eu\/depro\/?s={search_term_string}\",\"query-input\":\"required name=search_term_string\"}],\"inLanguage\":\"de\"},{\"@type\":\"ImageObject\",\"@id\":\"https:\/\/www.prodentitalia.eu\/depro\/scegliere-prodent\/#primaryimage\",\"inLanguage\":\"de\",\"url\":\"https:\/\/www.prodentitalia.eu\/it-pro\/wp-content\/uploads\/sites\/28\/2015\/06\/ico-company-90c.png\"},{\"@type\":\"WebPage\",\"@id\":\"https:\/\/www.prodentitalia.eu\/depro\/scegliere-prodent\/#webpage\",\"url\":\"https:\/\/www.prodentitalia.eu\/depro\/scegliere-prodent\/\",\"name\":\"Warum Sie sich f\\u00fcr Prodent Italia entscheiden sollten\",\"isPartOf\":{\"@id\":\"https:\/\/www.prodentitalia.eu\/depro\/#website\"},\"primaryImageOfPage\":{\"@id\":\"https:\/\/www.prodentitalia.eu\/depro\/scegliere-prodent\/#primaryimage\"},\"datePublished\":\"2015-06-25T06:00:25+00:00\",\"dateModified\":\"2020-01-17T07:49:46+00:00\",\"inLanguage\":\"de\",\"potentialAction\":[{\"@type\":\"ReadAction\",\"target\":[\"https:\/\/www.prodentitalia.eu\/depro\/scegliere-prodent\/\"]}]}]}<\/script>\n<!-- \/ Yoast SEO plugin. -->","_links":{"self":[{"href":"https:\/\/www.prodentitalia.eu\/depro\/wp-json\/wp\/v2\/pages\/11074"}],"collection":[{"href":"https:\/\/www.prodentitalia.eu\/depro\/wp-json\/wp\/v2\/pages"}],"about":[{"href":"https:\/\/www.prodentitalia.eu\/depro\/wp-json\/wp\/v2\/types\/page"}],"author":[{"embeddable":true,"href":"https:\/\/www.prodentitalia.eu\/depro\/wp-json\/wp\/v2\/users\/1"}],"replies":[{"embeddable":true,"href":"https:\/\/www.prodentitalia.eu\/depro\/wp-json\/wp\/v2\/comments?post=11074"}],"version-history":[{"count":86,"href":"https:\/\/www.prodentitalia.eu\/depro\/wp-json\/wp\/v2\/pages\/11074\/revisions"}],"predecessor-version":[{"id":12369,"href":"https:\/\/www.prodentitalia.eu\/depro\/wp-json\/wp\/v2\/pages\/11074\/revisions\/12369"}],"wp:attachment":[{"href":"https:\/\/www.prodentitalia.eu\/depro\/wp-json\/wp\/v2\/media?parent=11074"}],"curies":[{"name":"wp","href":"https:\/\/api.w.org\/{rel}","templated":true}]}}