{"id":11219,"date":"2015-07-09T15:44:59","date_gmt":"2015-07-09T13:44:59","guid":{"rendered":"http:\/\/www.prodentitalia.eu\/it-pro\/?page_id=11219"},"modified":"2023-01-24T15:47:03","modified_gmt":"2023-01-24T14:47:03","slug":"impianto-prime","status":"publish","type":"page","link":"https:\/\/www.prodentitalia.eu\/depro\/prodotti-implantari-prodent\/impianti-conici\/impianto-prime\/","title":{"rendered":"Prime"},"content":{"rendered":"<div class=\"fusion-fullwidth fullwidth-box fusion-builder-row-1 nonhundred-percent-fullwidth non-hundred-percent-height-scrolling\"  style='background-color: rgba(255,255,255,0);background-position: center center;background-repeat: no-repeat;padding-top:20px;padding-bottom:20px;border-top-width:0px;border-bottom-width:0px;border-color:#eae9e9;border-top-style:solid;border-bottom-style:solid;'><div class=\"fusion-builder-row fusion-row \"><div  class=\"fusion-layout-column fusion_builder_column fusion_builder_column_2_5 fusion-builder-column-0 fusion-two-fifth fusion-column-first 2_5\"  style='margin-top:0px;margin-bottom:20px;'><div class=\"fusion-column-wrapper\" style=\"padding: 0px 0px 0px 0px;background-position:center top;background-repeat:no-repeat;-webkit-background-size:cover;-moz-background-size:cover;-o-background-size:cover;background-size:cover;\"   data-bg-url=\"\"><div class=\"imageframe-align-center\"><span class=\"fusion-imageframe imageframe-none imageframe-1 hover-type-none\"><img src=\"https:\/\/www.prodentitalia.eu\/it-pro\/wp-content\/uploads\/sites\/28\/2015\/07\/prime-big.png\"   alt=\"Prodent Prime impianto conico root-form\" title=\"\" class=\"img-responsive\"\/><\/span><\/div><div class=\"fusion-clearfix\"><\/div><\/div><\/div><div  class=\"fusion-layout-column fusion_builder_column fusion_builder_column_3_5 fusion-builder-column-1 fusion-three-fifth fusion-column-last whiteopacity 3_5\"  style='margin-top:0px;margin-bottom:50px;'><div class=\"fusion-column-wrapper\" style=\"border:0px solid #eeeeee;padding: 20px 20px 20px 20px;background-position:left top;background-repeat:no-repeat;-webkit-background-size:cover;-moz-background-size:cover;-o-background-size:cover;background-size:cover;\"   data-bg-url=\"\"><style type=\"text\/css\">.fusion-accordian  #accordion-11219-1 .panel-title a .fa-fusion-box{ color: #ffffff;}.fusion-accordian  #accordion-11219-1 .panel-title a .fa-fusion-box:before{ font-size: 13px; width: 13px;}.fusion-accordian  #accordion-11219-1 .panel-title a{font-size:16px;}.fusion-accordian  #accordion-11219-1 .fa-fusion-box { background-color: #8c8c8c;border-color: #8c8c8c;}.fusion-accordian  #accordion-11219-1 .panel-title a:hover, #accordion-11219-1 .fusion-toggle-boxed-mode:hover .panel-title a { color: #65bc7b;}.fusion-accordian  #accordion-11219-1 .panel-title .active .fa-fusion-box,.fusion-accordian  #accordion-11219-1 .panel-title a:hover .fa-fusion-box { background-color: #65bc7b!important;border-color: #65bc7b!important;}<\/style><div class=\"accordian fusion-accordian\"><div class=\"panel-group\" id=\"accordion-11219-1\" role=\"tablist\"><div class=\"fusion-panel panel-default\" role=\"tabpanel\"><div class=\"panel-heading\"><h4 class=\"panel-title toggle\"><a aria-expanded=\"false\" aria-selected=\"false\" aria-controls=\"2a27dc667ebf3499b\" role=\"tab\" data-toggle=\"collapse\" data-parent=\"#accordion-11219-1\" data-target=\"#2a27dc667ebf3499b\" href=\"#2a27dc667ebf3499b\"><span class=\"fusion-toggle-icon-wrapper\" aria-hidden=\"true\"><i class=\"fa-fusion-box\"><\/i><\/span><span class=\"fusion-toggle-heading\">Bessere Vorhersagbarkeit des Implantat-Erfolgs in Bezug auf die Osseointegration<\/span><\/a><\/h4><\/div><div id=\"2a27dc667ebf3499b\" class=\"panel-collapse collapse \"><div class=\"panel-body toggle-content fusion-clearfix\">\n<p>Ausgezeichnete Prim\u00e4rstabilit\u00e4t dank der wurzelf\u00f6rmigen Form.<br \/>\nDie Morphologie des Gewindegangs erm\u00f6glicht einen hervorragenden Grip selbst bei geringerem Knochenangebot.<\/p>\n<p>Hohe mechanische Belastungsfestigkeit in Kombination mit einem hohen Prozentsatz der Osseointegration, da Titan mit Reinheitsgrad 4, dem best\u00e4ndigsten Grad f\u00fcr Reintitan, verwendet wird.<\/p>\n<\/div><\/div><\/div><div class=\"fusion-panel panel-default\" role=\"tabpanel\"><div class=\"panel-heading\"><h4 class=\"panel-title toggle\"><a aria-expanded=\"false\" aria-selected=\"false\" aria-controls=\"a8c000722e7df0870\" role=\"tab\" data-toggle=\"collapse\" data-parent=\"#accordion-11219-1\" data-target=\"#a8c000722e7df0870\" href=\"#a8c000722e7df0870\"><span class=\"fusion-toggle-icon-wrapper\" aria-hidden=\"true\"><i class=\"fa-fusion-box\"><\/i><\/span><span class=\"fusion-toggle-heading\">Schnelligkeit der Osseointegration<\/span><\/a><\/h4><\/div><div id=\"a8c000722e7df0870\" class=\"panel-collapse collapse \"><div class=\"panel-body toggle-content fusion-clearfix\">Die Oberfl\u00e4chenbehandlung mit doppelter S\u00e4ure\u00e4tzung (DAE) verleiht dem Implantat eine Oberfl\u00e4che mit einer morphologisch kontrollierten und perfekt dekontaminierten Rauheit.<\/div><\/div><\/div><div class=\"fusion-panel panel-default\" role=\"tabpanel\"><div class=\"panel-heading\"><h4 class=\"panel-title toggle\"><a aria-expanded=\"false\" aria-selected=\"false\" aria-controls=\"a86467fc3cc07929f\" role=\"tab\" data-toggle=\"collapse\" data-parent=\"#accordion-11219-1\" data-target=\"#a86467fc3cc07929f\" href=\"#a86467fc3cc07929f\"><span class=\"fusion-toggle-icon-wrapper\" aria-hidden=\"true\"><i class=\"fa-fusion-box\"><\/i><\/span><span class=\"fusion-toggle-heading\">Klinisch-anatomische Platzoptimierung<\/span><\/a><\/h4><\/div><div id=\"a86467fc3cc07929f\" class=\"panel-collapse collapse \"><div class=\"panel-body toggle-content fusion-clearfix\">Dank der geringen apikalen Ma\u00dfe, die durch die spezifische Morphologie des Implantats gegeben sind, ist es auch bei wenig Platz geeignet<\/div><\/div><\/div><div class=\"fusion-panel panel-default\" role=\"tabpanel\"><div class=\"panel-heading\"><h4 class=\"panel-title toggle\"><a aria-expanded=\"false\" aria-selected=\"false\" aria-controls=\"3a56c2b66f164895e\" role=\"tab\" data-toggle=\"collapse\" data-parent=\"#accordion-11219-1\" data-target=\"#3a56c2b66f164895e\" href=\"#3a56c2b66f164895e\"><span class=\"fusion-toggle-icon-wrapper\" aria-hidden=\"true\"><i class=\"fa-fusion-box\"><\/i><\/span><span class=\"fusion-toggle-heading\">Langfristiger Erhalt des crestalen Knochenniveaus<\/span><\/a><\/h4><\/div><div id=\"3a56c2b66f164895e\" class=\"panel-collapse collapse \"><div class=\"panel-body toggle-content fusion-clearfix\">Prim\u00e4rstabilit\u00e4t auch im kortikalen Bereich durch die Kombination des aktiven Mikrogewindes mit dem Hauptgewindegang.<\/div><\/div><\/div><div class=\"fusion-panel panel-default\" role=\"tabpanel\"><div class=\"panel-heading\"><h4 class=\"panel-title toggle\"><a aria-expanded=\"false\" aria-selected=\"false\" aria-controls=\"30f138f0c176cdae4\" role=\"tab\" data-toggle=\"collapse\" data-parent=\"#accordion-11219-1\" data-target=\"#30f138f0c176cdae4\" href=\"#30f138f0c176cdae4\"><span class=\"fusion-toggle-icon-wrapper\" aria-hidden=\"true\"><i class=\"fa-fusion-box\"><\/i><\/span><span class=\"fusion-toggle-heading\">Biomechanische Zuverl\u00e4ssigkeit des Implantats und ausgezeichnete Stabilit\u00e4t der Verbindung<\/span><\/a><\/h4><\/div><div id=\"30f138f0c176cdae4\" class=\"panel-collapse collapse \"><div class=\"panel-body toggle-content fusion-clearfix\">Die Zylinder-Sechskant-Zylinder-Verbindung zur Rotationssicherung erm\u00f6glicht die gleichm\u00e4\u00dfige Verteilung der Belastungskr\u00e4fte.<\/div><\/div><\/div><\/div><\/div><div class=\"fusion-text\"><p>&nbsp;<\/p>\n<p>&nbsp;<\/p>\n<\/div><div class=\"fusion-button-wrapper\"><style type=\"text\/css\">.fusion-button.button-1 .fusion-button-text, .fusion-button.button-1 i {color:#008bdb;}.fusion-button.button-1 .fusion-button-icon-divider{border-color:#008bdb;}.fusion-button.button-1:hover .fusion-button-text, .fusion-button.button-1:hover i,.fusion-button.button-1:focus .fusion-button-text, .fusion-button.button-1:focus i,.fusion-button.button-1:active .fusion-button-text, .fusion-button.button-1:active{color:#1e73be;}.fusion-button.button-1:hover .fusion-button-icon-divider, .fusion-button.button-1:hover .fusion-button-icon-divider, .fusion-button.button-1:active .fusion-button-icon-divider{border-color:#1e73be;}.fusion-button.button-1:hover, .fusion-button.button-1:focus, .fusion-button.button-1:active{border-color:#1e73be;border-width:1px;}.fusion-button.button-1 {border-color:#008bdb;border-width:1px;border-radius:0px;}.fusion-button.button-1{background: #ffffff;}.fusion-button.button-1:hover,.button-1:focus,.fusion-button.button-1:active{background: #ffffff;}<\/style><a class=\"fusion-button button-flat button-xlarge button-custom button-1 fusion-button-default-span \" target=\"_blank\" rel=\"noopener noreferrer\" href=\"https:\/\/www.prodentitalia.eu\/pdf\/pro-it\/prodotti\/PRIME-Clinical-Protocol-.pdf\"><span class=\"fusion-button-text\">PROTOKOLL HERUNTERLADEN<\/span><i class=\"fa-chevron-right fas button-icon-right\"><\/i><\/a><\/div><div class=\"fusion-clearfix\"><\/div><\/div><\/div><div  class=\"fusion-layout-column fusion_builder_column fusion_builder_column_1_1 fusion-builder-column-2 fusion-one-full fusion-column-first fusion-column-last fusion-column-no-min-height 1_1\"  style='margin-top:0px;margin-bottom:0px;'><div class=\"fusion-column-wrapper\" style=\"padding: 0px 0px 0px 0px;background-position:left top;background-repeat:no-repeat;-webkit-background-size:cover;-moz-background-size:cover;-o-background-size:cover;background-size:cover;\"   data-bg-url=\"\"><div class=\"fusion-sep-clear\"><\/div><div class=\"fusion-separator fusion-full-width-sep sep-none\" style=\"margin-left: auto;margin-right: auto;margin-top:;\"><\/div><div class=\"fusion-clearfix\"><\/div><\/div><\/div><\/div><\/div>\n","protected":false},"excerpt":{"rendered":"","protected":false},"author":1,"featured_media":0,"parent":11425,"menu_order":0,"comment_status":"open","ping_status":"closed","template":"100-width.php","meta":[],"yoast_head":"<!-- This site is optimized with the Yoast SEO plugin v14.7 - https:\/\/yoast.com\/wordpress\/plugins\/seo\/ -->\n<title>Prime - Bereich f\u00fcr Zahn\u00e4rzte-Zahntechniker Prodent Italia<\/title>\n<meta name=\"robots\" content=\"index, follow\" \/>\n<meta name=\"googlebot\" content=\"index, follow, max-snippet:-1, max-image-preview:large, max-video-preview:-1\" \/>\n<meta name=\"bingbot\" content=\"index, follow, max-snippet:-1, max-image-preview:large, max-video-preview:-1\" \/>\n<link rel=\"canonical\" href=\"https:\/\/www.prodentitalia.eu\/depro\/prodotti-implantari-prodent\/impianti-conici\/impianto-prime\/\" \/>\n<meta property=\"og:locale\" content=\"de_DE\" \/>\n<meta property=\"og:type\" content=\"article\" \/>\n<meta property=\"og:title\" content=\"Prime - Bereich f\u00fcr Zahn\u00e4rzte-Zahntechniker Prodent Italia\" \/>\n<meta property=\"og:url\" content=\"https:\/\/www.prodentitalia.eu\/depro\/prodotti-implantari-prodent\/impianti-conici\/impianto-prime\/\" \/>\n<meta property=\"og:site_name\" content=\"Bereich f\u00fcr Zahn\u00e4rzte-Zahntechniker Prodent Italia\" \/>\n<meta property=\"article:modified_time\" content=\"2023-01-24T14:47:03+00:00\" \/>\n<meta property=\"og:image\" content=\"https:\/\/www.prodentitalia.eu\/it-pro\/wp-content\/uploads\/sites\/28\/2015\/07\/prime-big.png\" \/>\n<meta name=\"twitter:card\" content=\"summary\" \/>\n<meta name=\"twitter:creator\" content=\"@pr0en7erad475\" \/>\n<script type=\"application\/ld+json\" class=\"yoast-schema-graph\">{\"@context\":\"https:\/\/schema.org\",\"@graph\":[{\"@type\":\"WebSite\",\"@id\":\"https:\/\/www.prodentitalia.eu\/depro\/#website\",\"url\":\"https:\/\/www.prodentitalia.eu\/depro\/\",\"name\":\"Bereich f\\u00fcr Zahn\\u00e4rzte-Zahntechniker Prodent Italia\",\"description\":\"Prodent Italia l&#039;implantologia made in Italy\",\"potentialAction\":[{\"@type\":\"SearchAction\",\"target\":\"https:\/\/www.prodentitalia.eu\/depro\/?s={search_term_string}\",\"query-input\":\"required name=search_term_string\"}],\"inLanguage\":\"de\"},{\"@type\":\"ImageObject\",\"@id\":\"https:\/\/www.prodentitalia.eu\/depro\/prodotti-implantari-prodent\/impianti-conici\/impianto-prime\/#primaryimage\",\"inLanguage\":\"de\",\"url\":\"https:\/\/www.prodentitalia.eu\/it-pro\/wp-content\/uploads\/sites\/28\/2015\/07\/prime-big.png\"},{\"@type\":\"WebPage\",\"@id\":\"https:\/\/www.prodentitalia.eu\/depro\/prodotti-implantari-prodent\/impianti-conici\/impianto-prime\/#webpage\",\"url\":\"https:\/\/www.prodentitalia.eu\/depro\/prodotti-implantari-prodent\/impianti-conici\/impianto-prime\/\",\"name\":\"Prime - Bereich f\\u00fcr Zahn\\u00e4rzte-Zahntechniker Prodent Italia\",\"isPartOf\":{\"@id\":\"https:\/\/www.prodentitalia.eu\/depro\/#website\"},\"primaryImageOfPage\":{\"@id\":\"https:\/\/www.prodentitalia.eu\/depro\/prodotti-implantari-prodent\/impianti-conici\/impianto-prime\/#primaryimage\"},\"datePublished\":\"2015-07-09T13:44:59+00:00\",\"dateModified\":\"2023-01-24T14:47:03+00:00\",\"inLanguage\":\"de\",\"potentialAction\":[{\"@type\":\"ReadAction\",\"target\":[\"https:\/\/www.prodentitalia.eu\/depro\/prodotti-implantari-prodent\/impianti-conici\/impianto-prime\/\"]}]}]}<\/script>\n<!-- \/ Yoast SEO plugin. -->","_links":{"self":[{"href":"https:\/\/www.prodentitalia.eu\/depro\/wp-json\/wp\/v2\/pages\/11219"}],"collection":[{"href":"https:\/\/www.prodentitalia.eu\/depro\/wp-json\/wp\/v2\/pages"}],"about":[{"href":"https:\/\/www.prodentitalia.eu\/depro\/wp-json\/wp\/v2\/types\/page"}],"author":[{"embeddable":true,"href":"https:\/\/www.prodentitalia.eu\/depro\/wp-json\/wp\/v2\/users\/1"}],"replies":[{"embeddable":true,"href":"https:\/\/www.prodentitalia.eu\/depro\/wp-json\/wp\/v2\/comments?post=11219"}],"version-history":[{"count":48,"href":"https:\/\/www.prodentitalia.eu\/depro\/wp-json\/wp\/v2\/pages\/11219\/revisions"}],"predecessor-version":[{"id":12543,"href":"https:\/\/www.prodentitalia.eu\/depro\/wp-json\/wp\/v2\/pages\/11219\/revisions\/12543"}],"up":[{"embeddable":true,"href":"https:\/\/www.prodentitalia.eu\/depro\/wp-json\/wp\/v2\/pages\/11425"}],"wp:attachment":[{"href":"https:\/\/www.prodentitalia.eu\/depro\/wp-json\/wp\/v2\/media?parent=11219"}],"curies":[{"name":"wp","href":"https:\/\/api.w.org\/{rel}","templated":true}]}}