{"id":11431,"date":"2015-07-10T09:40:02","date_gmt":"2015-07-10T07:40:02","guid":{"rendered":"http:\/\/www.prodentitalia.eu\/it-pro\/?page_id=11431"},"modified":"2020-01-17T08:49:45","modified_gmt":"2020-01-17T07:49:45","slug":"planet-prodent","status":"publish","type":"page","link":"https:\/\/www.prodentitalia.eu\/depro\/planet-prodent\/","title":{"rendered":"Planet Prodent"},"content":{"rendered":"<div class=\"fusion-fullwidth fullwidth-box fusion-builder-row-1 hundred-percent-fullwidth non-hundred-percent-height-scrolling\"  style='background-color: rgba(255,255,255,0);background-position: center center;background-repeat: no-repeat;padding-top:0px;padding-right:0px;padding-bottom:0px;padding-left:0px;border-top-width:0px;border-bottom-width:0px;border-color:#eae9e9;border-top-style:solid;border-bottom-style:solid;'><div class=\"fusion-builder-row fusion-row \"><div  class=\"fusion-layout-column fusion_builder_column fusion_builder_column_1_1 fusion-builder-column-0 fusion-one-full fusion-column-first fusion-column-last 1_1\"  style='margin-top:0px;margin-bottom:20px;'><div class=\"fusion-column-wrapper\" style=\"background-position:left top;background-repeat:no-repeat;-webkit-background-size:cover;-moz-background-size:cover;-o-background-size:cover;background-size:cover;\"   data-bg-url=\"\"><span class=\"fusion-imageframe imageframe-none imageframe-1 hover-type-none\"><img src=\"https:\/\/www.prodentitalia.eu\/it-pro\/wp-content\/uploads\/sites\/28\/2015\/07\/planet-prodent-logo.png\"   alt=\"\" title=\"\" class=\"img-responsive\"\/><\/span><div class=\"fusion-clearfix\"><\/div><\/div><\/div><div  class=\"fusion-layout-column fusion_builder_column fusion_builder_column_2_3 fusion-builder-column-1 fusion-two-third fusion-column-first 2_3\"  style='margin-top:40px;margin-bottom:20px;width:65.3333%; margin-right: 4%;'><div class=\"fusion-column-wrapper\" style=\"background-position:left top;background-repeat:no-repeat;-webkit-background-size:cover;-moz-background-size:cover;-o-background-size:cover;background-size:cover;\"   data-bg-url=\"\"><div class=\"fusion-text\"><h2 data-fontsize=\"18\" data-lineheight=\"27\">Innovativer CAD\/CAM-Service f\u00fcr den Zahnarzt und den Zahntechniker zur Herstellung von kundenspezifischen Implantaten<\/h2>\n<\/div><div class=\"fusion-clearfix\"><\/div><\/div><\/div><div  class=\"fusion-layout-column fusion_builder_column fusion_builder_column_1_1 fusion-builder-column-2 fusion-one-full fusion-column-last 1_1\"  style='margin-top:0px;margin-bottom:20px;'><div class=\"fusion-column-wrapper\" style=\"background-position:left top;background-repeat:no-repeat;-webkit-background-size:cover;-moz-background-size:cover;-o-background-size:cover;background-size:cover;\"   data-bg-url=\"\"><div class=\"fusion-text\"><p><strong><span style=\"color: #008dbd;\">Wie funktioniert der neue Planet Prodent Service?<\/span><\/strong><\/p>\n<p>Prodent Italia bietet den innovativen zahntechnischen Labors den Planet Prodent Service zur Herstellung von ma\u00dfgefertigten Prothetikprodukten an. Es sind zwei Vorgehensweisen vorgesehen:<\/p>\n<p>1 &#8211; Der Zahntechniker schickt das Gipsmodell an Prodent, nachdem er vorher die Daten \u00fcber das Portal eingegeben hat.<\/p>\n<p>2 &#8211; Der Zahntechniker schickt die Datei, die \u00fcber einen Scanner mit offenem, geb\u00fchrenfreiem System erfasst wurde, an Prodent.<\/p>\n<\/div><div class=\"fusion-clearfix\"><\/div><\/div><\/div><div  class=\"fusion-layout-column fusion_builder_column fusion_builder_column_1_2 fusion-builder-column-3 fusion-one-half fusion-column-first 1_2\"  style='margin-top:0px;margin-bottom:20px;width:48%; margin-right: 4%;'><div class=\"fusion-column-wrapper\" style=\"background-position:left top;background-repeat:no-repeat;-webkit-background-size:cover;-moz-background-size:cover;-o-background-size:cover;background-size:cover;\"   data-bg-url=\"\"><div class=\"fusion-text\"><p>Das Prodent-Fr\u00e4szentrum, das mit modernen automatischen Industrie-Fr\u00e4smaschinen ausgestattet ist, fertigt daraufhin die Prothese an. Mit dieser Methode wird die dauerhafte Erhaltung der biomechanischen Eigenschaften gew\u00e4hrleistet.<\/p>\n<p>Mit diesem System ist es dem Labortechniker m\u00f6glich, die Effizienz seiner Arbeit zu steigern, seinen Kunden ein Produkt mit hohen Qualit\u00e4tsmerkmalen zu garantieren und zugleich seine fachliche Kompetenz und sein Feingef\u00fchl hervorzuheben.<\/p>\n<\/div><div class=\"fusion-clearfix\"><\/div><\/div><\/div><div  class=\"fusion-layout-column fusion_builder_column fusion_builder_column_1_2 fusion-builder-column-4 fusion-one-half fusion-column-last 1_2\"  style='margin-top:0px;margin-bottom:20px;width:48%'><div class=\"fusion-column-wrapper\" style=\"background-position:left top;background-repeat:no-repeat;-webkit-background-size:cover;-moz-background-size:cover;-o-background-size:cover;background-size:cover;\"   data-bg-url=\"\"><span class=\"fusion-imageframe imageframe-none imageframe-2 hover-type-none\"><img src=\"https:\/\/www.prodentitalia.eu\/it-pro\/wp-content\/uploads\/sites\/28\/2015\/07\/planet-prodent-img.png\"   alt=\"\" title=\"\" class=\"img-responsive\"\/><\/span><div class=\"fusion-clearfix\"><\/div><\/div><\/div><div  class=\"fusion-layout-column fusion_builder_column fusion_builder_column_1_1 fusion-builder-column-5 fusion-one-full fusion-column-first fusion-column-last 1_1\"  style='margin-top:0px;margin-bottom:20px;'><div class=\"fusion-column-wrapper\" style=\"background-position:left top;background-repeat:no-repeat;-webkit-background-size:cover;-moz-background-size:cover;-o-background-size:cover;background-size:cover;\"   data-bg-url=\"\"><div class=\"fusion-text\"><p>Entdecken Sie alle Einzelheiten: \u00a0<a href=\"https:\/\/www.prodentitalia.eu\/pdf\/pro-it\/CADCAM-edizione-Aprile2015.pdf\" target=\"_blank\" rel=\"noopener noreferrer\">Laden Sie die Brosch\u00fcre &#8222;PLANET PRODENT CAD-CAM SERVICE AND DIGITAL SOLUTIONS&#8220; &gt;&gt;<\/a><\/p>\n<p>Bestellen Sie jetzt Ihr ma\u00dfgeschneidertes Produkt: <a href=\"http:\/\/planet.prodentitalia.eu\/\" target=\"_blank\" rel=\"noopener noreferrer\">Gehen sie zum PLANET PRODENT PORTAL&gt;&gt;<\/a><\/p>\n<\/div><div class=\"fusion-clearfix\"><\/div><\/div><\/div><\/div><\/div>\n","protected":false},"excerpt":{"rendered":"","protected":false},"author":1,"featured_media":0,"parent":0,"menu_order":0,"comment_status":"open","ping_status":"open","template":"side-navigation.php","meta":[],"yoast_head":"<!-- This site is optimized with the Yoast SEO plugin v14.7 - https:\/\/yoast.com\/wordpress\/plugins\/seo\/ -->\n<title>Planet Prodent - Bereich f\u00fcr Zahn\u00e4rzte-Zahntechniker Prodent Italia<\/title>\n<meta name=\"robots\" content=\"index, follow\" \/>\n<meta name=\"googlebot\" content=\"index, follow, max-snippet:-1, max-image-preview:large, max-video-preview:-1\" \/>\n<meta name=\"bingbot\" content=\"index, follow, max-snippet:-1, max-image-preview:large, max-video-preview:-1\" \/>\n<link rel=\"canonical\" href=\"https:\/\/www.prodentitalia.eu\/depro\/planet-prodent\/\" \/>\n<meta property=\"og:locale\" content=\"de_DE\" \/>\n<meta property=\"og:type\" content=\"article\" \/>\n<meta property=\"og:title\" content=\"Planet Prodent - Bereich f\u00fcr Zahn\u00e4rzte-Zahntechniker Prodent Italia\" \/>\n<meta property=\"og:url\" content=\"https:\/\/www.prodentitalia.eu\/depro\/planet-prodent\/\" \/>\n<meta property=\"og:site_name\" content=\"Bereich f\u00fcr Zahn\u00e4rzte-Zahntechniker Prodent Italia\" \/>\n<meta property=\"article:modified_time\" content=\"2020-01-17T07:49:45+00:00\" \/>\n<meta property=\"og:image\" content=\"https:\/\/www.prodentitalia.eu\/it-pro\/wp-content\/uploads\/sites\/28\/2015\/07\/planet-prodent-logo.png\" \/>\n<meta name=\"twitter:card\" content=\"summary\" \/>\n<meta name=\"twitter:creator\" content=\"@pr0en7erad475\" \/>\n<script type=\"application\/ld+json\" class=\"yoast-schema-graph\">{\"@context\":\"https:\/\/schema.org\",\"@graph\":[{\"@type\":\"WebSite\",\"@id\":\"https:\/\/www.prodentitalia.eu\/depro\/#website\",\"url\":\"https:\/\/www.prodentitalia.eu\/depro\/\",\"name\":\"Bereich f\\u00fcr Zahn\\u00e4rzte-Zahntechniker Prodent Italia\",\"description\":\"Prodent Italia l&#039;implantologia made in Italy\",\"potentialAction\":[{\"@type\":\"SearchAction\",\"target\":\"https:\/\/www.prodentitalia.eu\/depro\/?s={search_term_string}\",\"query-input\":\"required name=search_term_string\"}],\"inLanguage\":\"de\"},{\"@type\":\"ImageObject\",\"@id\":\"https:\/\/www.prodentitalia.eu\/depro\/planet-prodent\/#primaryimage\",\"inLanguage\":\"de\",\"url\":\"https:\/\/www.prodentitalia.eu\/it-pro\/wp-content\/uploads\/sites\/28\/2015\/07\/planet-prodent-logo.png\"},{\"@type\":\"WebPage\",\"@id\":\"https:\/\/www.prodentitalia.eu\/depro\/planet-prodent\/#webpage\",\"url\":\"https:\/\/www.prodentitalia.eu\/depro\/planet-prodent\/\",\"name\":\"Planet Prodent - Bereich f\\u00fcr Zahn\\u00e4rzte-Zahntechniker Prodent Italia\",\"isPartOf\":{\"@id\":\"https:\/\/www.prodentitalia.eu\/depro\/#website\"},\"primaryImageOfPage\":{\"@id\":\"https:\/\/www.prodentitalia.eu\/depro\/planet-prodent\/#primaryimage\"},\"datePublished\":\"2015-07-10T07:40:02+00:00\",\"dateModified\":\"2020-01-17T07:49:45+00:00\",\"inLanguage\":\"de\",\"potentialAction\":[{\"@type\":\"ReadAction\",\"target\":[\"https:\/\/www.prodentitalia.eu\/depro\/planet-prodent\/\"]}]}]}<\/script>\n<!-- \/ Yoast SEO plugin. -->","_links":{"self":[{"href":"https:\/\/www.prodentitalia.eu\/depro\/wp-json\/wp\/v2\/pages\/11431"}],"collection":[{"href":"https:\/\/www.prodentitalia.eu\/depro\/wp-json\/wp\/v2\/pages"}],"about":[{"href":"https:\/\/www.prodentitalia.eu\/depro\/wp-json\/wp\/v2\/types\/page"}],"author":[{"embeddable":true,"href":"https:\/\/www.prodentitalia.eu\/depro\/wp-json\/wp\/v2\/users\/1"}],"replies":[{"embeddable":true,"href":"https:\/\/www.prodentitalia.eu\/depro\/wp-json\/wp\/v2\/comments?post=11431"}],"version-history":[{"count":32,"href":"https:\/\/www.prodentitalia.eu\/depro\/wp-json\/wp\/v2\/pages\/11431\/revisions"}],"predecessor-version":[{"id":12359,"href":"https:\/\/www.prodentitalia.eu\/depro\/wp-json\/wp\/v2\/pages\/11431\/revisions\/12359"}],"wp:attachment":[{"href":"https:\/\/www.prodentitalia.eu\/depro\/wp-json\/wp\/v2\/media?parent=11431"}],"curies":[{"name":"wp","href":"https:\/\/api.w.org\/{rel}","templated":true}]}}