{"id":11442,"date":"2015-07-10T15:19:30","date_gmt":"2015-07-10T13:19:30","guid":{"rendered":"http:\/\/www.prodentitalia.eu\/it-pro\/?page_id=11442"},"modified":"2020-01-17T08:49:44","modified_gmt":"2020-01-17T07:49:44","slug":"prodent-dscan-3-plus","status":"publish","type":"page","link":"https:\/\/www.prodentitalia.eu\/depro\/planet-prodent\/prodent-dscan-3-plus\/","title":{"rendered":"Prodent Dscan 3 Plus"},"content":{"rendered":"<div class=\"fusion-fullwidth fullwidth-box fusion-builder-row-1 hundred-percent-fullwidth non-hundred-percent-height-scrolling\"  style='background-color: rgba(255,255,255,0);background-position: center center;background-repeat: no-repeat;padding-top:0px;padding-right:0px;padding-bottom:0px;padding-left:0px;border-top-width:0px;border-bottom-width:0px;border-color:#eae9e9;border-top-style:solid;border-bottom-style:solid;'><div class=\"fusion-builder-row fusion-row \"><div  class=\"fusion-layout-column fusion_builder_column fusion_builder_column_1_1 fusion-builder-column-0 fusion-one-full fusion-column-first fusion-column-last 1_1\"  style='margin-top:0px;margin-bottom:20px;'><div class=\"fusion-column-wrapper\" style=\"background-position:left top;background-repeat:no-repeat;-webkit-background-size:cover;-moz-background-size:cover;-o-background-size:cover;background-size:cover;\"   data-bg-url=\"\"><span class=\"fusion-imageframe imageframe-none imageframe-1 hover-type-none\"><img src=\"https:\/\/www.prodentitalia.eu\/it-pro\/wp-content\/uploads\/sites\/28\/2015\/07\/planetprodent-3Dscan.png\"   alt=\"\" title=\"\" class=\"img-responsive\"\/><\/span><div class=\"fusion-text\"><p>Prodent Dscan3 Plus ist ein hoch leistungsf\u00e4higer und pr\u00e4ziser Zwei-Achsen-Scanner, der speziell f\u00fcr die Dentalbranche entwickelt wurde. Er kann im Standardmodus verwendet werden oder vollst\u00e4ndig den Erfassungsparametern angepasst werden Er wird mit der Modellierungs- und Designsoftware DentalCad geliefert, die bereits installiert ist. Au\u00dferdem ist er f\u00fcr die eventuelle nachtr\u00e4gliche Installation der Exocad-Software vorger\u00fcstet.<\/p>\n<p>Prodent Dscan3 Plus ist die neueste Generation von Dental-Scannern mit strukturiertem Licht. Er ist mit Blue-LED-Technologie ausgestattet, die eine schnellere und genauere Abtastung unter allen Lichtverh\u00e4ltnissen erm\u00f6glicht. Dabei werden auch halbreflektierende Gegenst\u00e4nde mit einer Aufl\u00f6sung von bis zu 3.2 Megapixel erfasst. Die Abtastung ist vollst\u00e4ndig automatisch mit einer Genauigkeit von bis zu 15 Mikron. Prodent Dscan3 Plus bietet h\u00f6chste Pr\u00e4zision bei der Erfassung der kleinsten Details und bietet eine \u00e4u\u00dferst detaillierte Rekonstruktion.<\/p>\n<p><a href=\"https:\/\/www.prodentitalia.eu\/depro\/planet-prodent\/parametri-di-settaggio\/\"><img loading=\"lazy\" class=\"size-full wp-image-12017 alignleft\" src=\"https:\/\/www.prodentitalia.eu\/depro\/wp-content\/uploads\/sites\/28\/2015\/07\/planetprodent-set-de.png\" alt=\"planetprodent-set-de\" width=\"451\" height=\"41\" srcset=\"https:\/\/www.prodentitalia.eu\/depro\/wp-content\/uploads\/sites\/28\/2015\/07\/planetprodent-set-de-300x27.png 300w, https:\/\/www.prodentitalia.eu\/depro\/wp-content\/uploads\/sites\/28\/2015\/07\/planetprodent-set-de.png 451w\" sizes=\"(max-width: 451px) 100vw, 451px\" \/><\/a><\/p>\n<\/div><div class=\"fusion-sep-clear\"><\/div><div class=\"fusion-separator fusion-full-width-sep sep-none\" style=\"margin-left: auto;margin-right: auto;margin-top:;\"><\/div><div class=\"fusion-clearfix\"><\/div><\/div><\/div><\/div><\/div>\n","protected":false},"excerpt":{"rendered":"","protected":false},"author":1,"featured_media":0,"parent":11431,"menu_order":1,"comment_status":"open","ping_status":"closed","template":"side-navigation.php","meta":[],"yoast_head":"<!-- This site is optimized with the Yoast SEO plugin v14.7 - https:\/\/yoast.com\/wordpress\/plugins\/seo\/ -->\n<title>Prodent Dscan 3 Plus - Bereich f\u00fcr Zahn\u00e4rzte-Zahntechniker Prodent Italia<\/title>\n<meta name=\"robots\" content=\"index, follow\" \/>\n<meta name=\"googlebot\" content=\"index, follow, max-snippet:-1, max-image-preview:large, max-video-preview:-1\" \/>\n<meta name=\"bingbot\" content=\"index, follow, max-snippet:-1, max-image-preview:large, max-video-preview:-1\" \/>\n<link rel=\"canonical\" href=\"https:\/\/www.prodentitalia.eu\/depro\/planet-prodent\/prodent-dscan-3-plus\/\" \/>\n<meta property=\"og:locale\" content=\"de_DE\" \/>\n<meta property=\"og:type\" content=\"article\" \/>\n<meta property=\"og:title\" content=\"Prodent Dscan 3 Plus - Bereich f\u00fcr Zahn\u00e4rzte-Zahntechniker Prodent Italia\" \/>\n<meta property=\"og:url\" content=\"https:\/\/www.prodentitalia.eu\/depro\/planet-prodent\/prodent-dscan-3-plus\/\" \/>\n<meta property=\"og:site_name\" content=\"Bereich f\u00fcr Zahn\u00e4rzte-Zahntechniker Prodent Italia\" \/>\n<meta property=\"article:modified_time\" content=\"2020-01-17T07:49:44+00:00\" \/>\n<meta property=\"og:image\" content=\"https:\/\/www.prodentitalia.eu\/it-pro\/wp-content\/uploads\/sites\/28\/2015\/07\/planetprodent-3Dscan.png\" \/>\n<meta name=\"twitter:card\" content=\"summary\" \/>\n<meta name=\"twitter:creator\" content=\"@pr0en7erad475\" \/>\n<script type=\"application\/ld+json\" class=\"yoast-schema-graph\">{\"@context\":\"https:\/\/schema.org\",\"@graph\":[{\"@type\":\"WebSite\",\"@id\":\"https:\/\/www.prodentitalia.eu\/depro\/#website\",\"url\":\"https:\/\/www.prodentitalia.eu\/depro\/\",\"name\":\"Bereich f\\u00fcr Zahn\\u00e4rzte-Zahntechniker Prodent Italia\",\"description\":\"Prodent Italia l&#039;implantologia made in Italy\",\"potentialAction\":[{\"@type\":\"SearchAction\",\"target\":\"https:\/\/www.prodentitalia.eu\/depro\/?s={search_term_string}\",\"query-input\":\"required name=search_term_string\"}],\"inLanguage\":\"de\"},{\"@type\":\"ImageObject\",\"@id\":\"https:\/\/www.prodentitalia.eu\/depro\/planet-prodent\/prodent-dscan-3-plus\/#primaryimage\",\"inLanguage\":\"de\",\"url\":\"https:\/\/www.prodentitalia.eu\/it-pro\/wp-content\/uploads\/sites\/28\/2015\/07\/planetprodent-3Dscan.png\"},{\"@type\":\"WebPage\",\"@id\":\"https:\/\/www.prodentitalia.eu\/depro\/planet-prodent\/prodent-dscan-3-plus\/#webpage\",\"url\":\"https:\/\/www.prodentitalia.eu\/depro\/planet-prodent\/prodent-dscan-3-plus\/\",\"name\":\"Prodent Dscan 3 Plus - Bereich f\\u00fcr Zahn\\u00e4rzte-Zahntechniker Prodent Italia\",\"isPartOf\":{\"@id\":\"https:\/\/www.prodentitalia.eu\/depro\/#website\"},\"primaryImageOfPage\":{\"@id\":\"https:\/\/www.prodentitalia.eu\/depro\/planet-prodent\/prodent-dscan-3-plus\/#primaryimage\"},\"datePublished\":\"2015-07-10T13:19:30+00:00\",\"dateModified\":\"2020-01-17T07:49:44+00:00\",\"inLanguage\":\"de\",\"potentialAction\":[{\"@type\":\"ReadAction\",\"target\":[\"https:\/\/www.prodentitalia.eu\/depro\/planet-prodent\/prodent-dscan-3-plus\/\"]}]}]}<\/script>\n<!-- \/ Yoast SEO plugin. -->","_links":{"self":[{"href":"https:\/\/www.prodentitalia.eu\/depro\/wp-json\/wp\/v2\/pages\/11442"}],"collection":[{"href":"https:\/\/www.prodentitalia.eu\/depro\/wp-json\/wp\/v2\/pages"}],"about":[{"href":"https:\/\/www.prodentitalia.eu\/depro\/wp-json\/wp\/v2\/types\/page"}],"author":[{"embeddable":true,"href":"https:\/\/www.prodentitalia.eu\/depro\/wp-json\/wp\/v2\/users\/1"}],"replies":[{"embeddable":true,"href":"https:\/\/www.prodentitalia.eu\/depro\/wp-json\/wp\/v2\/comments?post=11442"}],"version-history":[{"count":10,"href":"https:\/\/www.prodentitalia.eu\/depro\/wp-json\/wp\/v2\/pages\/11442\/revisions"}],"predecessor-version":[{"id":12357,"href":"https:\/\/www.prodentitalia.eu\/depro\/wp-json\/wp\/v2\/pages\/11442\/revisions\/12357"}],"up":[{"embeddable":true,"href":"https:\/\/www.prodentitalia.eu\/depro\/wp-json\/wp\/v2\/pages\/11431"}],"wp:attachment":[{"href":"https:\/\/www.prodentitalia.eu\/depro\/wp-json\/wp\/v2\/media?parent=11442"}],"curies":[{"name":"wp","href":"https:\/\/api.w.org\/{rel}","templated":true}]}}