{"id":11821,"date":"2015-07-29T10:53:44","date_gmt":"2015-07-29T08:53:44","guid":{"rendered":"http:\/\/www.prodentitalia.eu\/it-pro\/?page_id=11821"},"modified":"2020-01-17T08:49:43","modified_gmt":"2020-01-17T07:49:43","slug":"cookie-policy","status":"publish","type":"page","link":"https:\/\/www.prodentitalia.eu\/depro\/cookie-policy\/","title":{"rendered":"Cookie-Richtlinie"},"content":{"rendered":"<div class=\"fusion-fullwidth fullwidth-box fusion-builder-row-1 nonhundred-percent-fullwidth non-hundred-percent-height-scrolling\"  style='background-color: rgba(255,255,255,0);background-position: left top;background-repeat: no-repeat;padding-top:20px;padding-bottom:20px;border-top-width:0px;border-bottom-width:0px;border-color:#eae9e9;border-top-style:solid;border-bottom-style:solid;'><div class=\"fusion-builder-row fusion-row \"><div  class=\"fusion-layout-column fusion_builder_column fusion_builder_column_1_1 fusion-builder-column-0 fusion-one-full fusion-column-first fusion-column-last 1_1\"  style='margin-top:0px;margin-bottom:20px;'><div class=\"fusion-column-wrapper\" style=\"background-position:left top;background-repeat:no-repeat;-webkit-background-size:cover;-moz-background-size:cover;-o-background-size:cover;background-size:cover;\"   data-bg-url=\"\"><div class=\"fusion-text\"><div class=\"fusion-one-full fusion-layout-column fusion-column-last fusion-spacing-yes\">\n<div class=\"fusion-column-wrapper\">\n<div class=\"fusion-one-full fusion-layout-column fusion-column-last fusion-spacing-yes\">\n<div class=\"fusion-column-wrapper\">\n<p>COOKIE-ERKL\u00c4RUNG von Prodent Italia Srl f\u00fcr diese Prodent Italia Website<\/p>\n<p>Ausf\u00fchrliche Erkl\u00e4rung zur Verwendung von Cookies<\/p>\n<p>Durch die Verwendung dieser Website stimmt der Benutzer ausdr\u00fccklich der Verwendung von Cookies zu. Es ist jedoch jederzeit m\u00f6glich, die Zustimmung zu verweigern, indem die Verwendung der Cookies in den Browsereinstellungen deaktiviert wird (Firefox, Internet Explorer, Chrome, Safari, Opera\u2026).<\/p>\n<p><strong>Was sind Cookies:<\/strong> Cookies sind kleine Textdateien, die von den besuchten Websites an den Computer (in der Regel an den Browser) gesendet werden. Sie werden verwendet, um die von einer Website erbrachten Dienste zu verbessern. Die Cookies werden beispielsweise verwendet, um die Authentifizierung der Daten durchzuf\u00fchren (Speichern der Login-Daten, um sie nicht bei jedem Zugang neu eingeben zu m\u00fcssen), \u00dcberwachung von Sitzungen und Speichern spezifischer Informationen \u00fcber die Benutzer, die auf den Server zugreifen. In der Regel ist im Browser der Benutzer eine sehr hohe Anzahl von Cookies vorhanden. Einige Operationen k\u00f6nnten ohne die Verwendung von Cookies nicht durchgef\u00fchrt werden. Cookies sind daher aus technischen Gr\u00fcnden erforderlich.<\/p>\n<p>Die Cookies werden nach Dauer und Website, die sie erzeugt hat, unterschieden:<br \/>\n<strong>Sitzungscookies:<\/strong> Sie werden bei Verlassen des Browsers gel\u00f6scht<br \/>\n<strong>Permanente Cookies:<\/strong> Sie werden nach einer bestimmten Zeit gel\u00f6scht<br \/>\n<strong>First Party Cookies:<\/strong> Sie werden von der Website selbst erzeugt (mit der gleichen Domain wie in der Adressleiste des Browsers angegeben) und k\u00f6nnen nur von diesen Websites gelesen werden. Sie werden in der Regel verwendet, um Informationen wie beispielsweise die Pr\u00e4ferenzen zu speichern und beim n\u00e4chsten Besuch auf dieser Website wieder zu verwenden.<br \/>\n<strong>Third Party Cookie:<\/strong> Beim Browsen auf einer Website kann der Benutzer auf seinem Ger\u00e4t auch Cookies von anderen Websites oder Webservern erhalten. Dies geschieht, weil sich auf der besuchten Website Elemente wie Bilder, Karten, T\u00f6ne und spezielle Links zu Websites von anderen Domains befinden, die auf anderen Servern als dem, auf dem sich die aufgerufene Seite befindet, angesiedelt sind.<\/p>\n<p>Es werden zwei Makro-Kategorien unterschieden: <strong>technische Cookies und Profiling-Cookies<\/strong>.<br \/>\nDie technischen Cookies werden in Navigations- oder Sitzungscookies unterteilt und gew\u00e4hrleisten die normale Navigation und Nutzung der Website (sie erlauben es beispielsweise, einen Kauf zu t\u00e4tigen oder sich in den pers\u00f6nlichen Bereich einzuloggen). Cookie Analytics sind den technischen Cookies gleichgestellt, wenn sie direkt vom Verwalter der Website verwendet werden, um Informationen in aggregierter Form zu erfassen, \u00fcber die Anzahl der Benutzer und dar\u00fcber, wie sie durch die Website surfen. Funktionscookies erlauben es dem Benutzer, in Abh\u00e4ngigkeit einer Reihe von ausgew\u00e4hlten Kriterien zu surfen (z.B. Sprache, zum Kauf ausgesuchte Produkte), um die angebotene Dienstleistung auf diese Weise noch weiter zu verbessern. Um diese Cookies zu installieren, bedarf es keiner vorherigen Zustimmung der Benutzer, es besteht jedoch nach wie vor die Informationspflicht (gem\u00e4\u00df Art. 122 des Datenschutzkodexes und der allgemeinen Ma\u00dfnahmen der Datenschutzbeh\u00f6rde vom 8. Mai 2014)<\/p>\n<p>Die Profiling-Cookies werden verwendet, um Benutzerprofile zu erstellen, sie werden eingesetzt, um Werbebotschaften zu versenden, die mit den gezeigten Pr\u00e4ferenzen w\u00e4hrend des Surfens im Netz \u00fcbereinstimmen. Angesichts der betr\u00e4chtlichen Invasivit\u00e4t, die solche Ger\u00e4te bez\u00fcglich der Privatsph\u00e4re des Nutzers haben k\u00f6nnen, sehen die europ\u00e4ischen und italienischen Rechtsvorschriften vor, dass der Nutzer \u00fcber die Verwendung der gleichen ordnungsgem\u00e4\u00df informiert werden muss und so eine g\u00fcltige Einwilligung zum Ausdruck bringen muss.<\/p>\n<p>Technische Cookies und Profiling-Cookies werden unterschieden nach solchen, die vom Inhaber der Website installiert werden und solchen, die von Drittanbietern, die von der Website verwendet werden, installiert werden (Third-Party-Cookies).<\/p>\n<p><strong>Wie wir die Cookies verwenden<\/strong><br \/>\n<strong>First-Party-Cookies (von dieser Website installiert):<\/strong><br \/>\nDiese Website verwendet f\u00fcr einige Navigationsverfahren technische Cookies (z.B. Zugang zum Bereich f\u00fcr Zahn\u00e4rzte\/Zahntechniker). Diese Cookies enthalten personenbezogene Daten und werden nur f\u00fcr die Dauer der laufenden Sitzung gespeichert.<\/p>\n<p><strong>Third-Party-Cookies:<\/strong><\/p>\n<p>Auf einigen Seiten der Website wird Google Maps (Inline-Element) verwendet. Google Maps ist ein Online-Kartendienst von Google Inc. der es dieser Anwendung erlaubt, diese Inhalte in die eigene Website zu integrieren.<br \/>\nF\u00fcr weitere Informationen \u00fcber die Verwendung der Daten und ihre Verarbeitung durch Google, konsultieren Sie die Informationen unter folgender Internet-Adresse: <a href=\"http:\/\/www.google.com\/intl\/de\/policies\/privacy\/\" target=\"_blank\" rel=\"noopener noreferrer\">http:\/\/www.google.com\/intl\/de\/policies\/privacy\/<\/a> .<\/p>\n<p>Die Website verwendet Google Analytics mit anonymisierter IP (Google Inc.). Google Analytics ist ein Webanalysedienst der Google Inc. (\u201cGoogle\u201d). Google verwendet die gesammelten personenbezogenen Daten, um die Verwendung dieser Website zu ermitteln und zu untersuchen, Reports zu erstellen und sie mit den anderen von Google entwickelten Diensten zu teilen. Google k\u00f6nnte di gesammelten Informationen verwenden, um die Anzeigen seines Werbenetzwerks zu personalisieren und in den richtigen Kontext zu stellen. Diese Erg\u00e4nzung von Google-Analytics erm\u00f6glicht die IP-Anonymisierung. Im Falle der IP-Anonymisierung auf dieser Webseite, wird die IP-Adresse der Benutzer von Google innerhalb von Mitgliedstaaten der Europ\u00e4ischen Union oder in anderen Vertragsstaaten des Abkommens \u00fcber den Europ\u00e4ischen Wirtschaftsraum zuvor gek\u00fcrzt. Nur in Ausnahmef\u00e4llen wird die volle IP-Adresse an einen Server von Google in den USA \u00fcbertragen und dort gek\u00fcrzt.<br \/>\nF\u00fcr weitere Informationen \u00fcber die Verwendung der Daten und ihre Verarbeitung durch Google, konsultieren Sie die Informationen unter folgender Internet-Adresse: <a href=\"http:\/\/www.google.com\/intl\/de\/policies\/privacy\/\" target=\"_blank\" rel=\"noopener noreferrer\">http:\/\/www.google.com\/intl\/de\/policies\/privacy\/<\/a>.<br \/>\nF\u00fcr die Deaktivierung von Google Analytics (OPT-OUT) besuchen Sie folgende Internetadresse: <a href=\"https:\/\/tools.google.com\/dlpage\/gaoptout?hl=de\" target=\"_blank\" rel=\"noopener noreferrer\">https:\/\/tools.google.com\/dlpage\/gaoptout?hl=de<\/a><\/p>\n<p>Sollte auf der Website ein Cookie von Drittanbietern erfasst werden (dies gilt insbesondere in den F\u00e4llen, in denen die Website die sogenannten Inline-Elemente enth\u00e4lt: Texte, Dokumente, Bilder oder kurze Filmdateien, die an anderer Stelle gespeichert wurden aber auf oder \u00fcber unsere Website angezeigt werden), k\u00f6nnen Sie sich direkt an die betroffenen Drittanbieter wenden und Informationen \u00fcber die von ihnen installierten Cookies anfordern.<\/p>\n<p>Pr\u00fcfen, abschalten und entfernen der Cookies<br \/>\nDiese Website verwendet keine First-Party-Cookies zum Sammeln personenbezogener Daten. Dennoch ist es m\u00f6glich, Cookies, denen man beim Surfen begegnet, \u00fcber das Einstellungspaneel des Browsers einzuschr\u00e4nken oder zu blockieren.<\/p>\n<p>Die Cookies sind normale Textdateien und deshalb mit den meisten Texteditoren oder Textverarbeitungsprogrammen zug\u00e4nglich. Um sie zu \u00f6ffnen und ihren Inhalt einzusehen reicht es, auf sie zu klicken. F\u00fcr Informationen, wie diese Pr\u00fcfung zu erfolgen hat, sehen Sie sich die vom Browser selbst gelieferten Informationen zu den Cookies an. Wenn Sie ein Mobiltelefon, Smartphone oder Tablet verwenden, konsultieren Sie das entsprechende Handbuch, um weitere Informationen zu erhalten.<\/p>\n<p>Die Einschr\u00e4nkungen und das Blockieren der Cookies erfolgt auf jedem Browser nach einer speziellen Vorgehensweise. Zum Bestimmen der gew\u00fcnschten Einstellungen verwenden Sie die f\u00fcr jeden Browser eigenst\u00e4ndigen Hilfsfunktionen. Um Cookies auf einem Mobiltelefon, Smartphone oder Tablet einzuschr\u00e4nken oder abzuschalten, konsultieren Sie dessen Bedienungsanleitung oder das Online-Handbuch.<\/p>\n<p>Der Benutzer kann Informationen zum Verwalten von Cookies in seinem Browser unter folgenden Adressen finden:<br \/>\n\u00b7 <a href=\"https:\/\/support.google.com\/chrome\/answer\/95647?hl=de&amp;p=cpn_cookies\" target=\"_blank\" rel=\"noopener noreferrer\">Google Chrome<\/a><br \/>\n\u00b7 <a href=\"https:\/\/support.mozilla.org\/de\/kb\/cookies-erlauben-und-ablehnen\" target=\"_blank\" rel=\"noopener noreferrer\">Mozilla Firefox<\/a><br \/>\n\u00b7 <a href=\"https:\/\/support.apple.com\/kb\/PH19214?viewlocale=de_DE&amp;locale=en_US\" target=\"_blank\" rel=\"noopener noreferrer\">Apple Safari<\/a><br \/>\n\u00b7 <a href=\"http:\/\/windows.microsoft.com\/de-de\/windows-vista\/block-or-allow-cookies\" target=\"_blank\" rel=\"noopener noreferrer\">Microsoft Windows Explorer<\/a><br \/>\n\u00b7 <a href=\"http:\/\/help.opera.com\/Windows\/10.20\/de\/cookies.html\" target=\"_blank\" rel=\"noopener noreferrer\">Opera<\/a><\/p>\n<p>Ausf\u00fchrlichere Informationen \u00fcber Cookies im Internet finden Sie unter folgender Adresse <a href=\"http:\/\/www.aboutcookies.org\/\" target=\"_blank\" rel=\"noopener noreferrer\">http:\/\/www.aboutcookies.org\/<\/a><br \/>\nWir machen Sie darauf aufmerksam, dass durch eine Einschr\u00e4nkung oder Abschaltung der Cookies ein korrekter Betrieb der Website m\u00f6glicherweise nicht garantiert werden kann.<\/p>\n<p>Aufgrund m\u00f6glicher \u00c4nderungen auf unserer Website oder der Cookie-Regelungen, kann es sein, dass diese Erkl\u00e4rungen in regelm\u00e4\u00dfigen Abst\u00e4nden \u00fcberarbeitet werden. Wir sind daher berechtigt, die Inhalte der Erkl\u00e4rungen und die aufgelisteten Cookies jederzeit und ohne Vorank\u00fcndigung zu \u00e4ndern. Die neueste Version finden Sie jeweils auf dieser Website.<\/p>\n<div class=\"fusion-clearfix\"><\/div>\n<\/div>\n<\/div>\n<\/div>\n<\/div>\n<\/div><div class=\"fusion-clearfix\"><\/div><\/div><\/div><\/div><\/div>\n","protected":false},"excerpt":{"rendered":"","protected":false},"author":1,"featured_media":0,"parent":0,"menu_order":0,"comment_status":"open","ping_status":"open","template":"100-width.php","meta":[],"yoast_head":"<!-- This site is optimized with the Yoast SEO plugin v14.7 - https:\/\/yoast.com\/wordpress\/plugins\/seo\/ -->\n<title>Cookie-Richtlinie - Bereich f\u00fcr Zahn\u00e4rzte-Zahntechniker Prodent Italia<\/title>\n<meta name=\"robots\" content=\"index, follow\" \/>\n<meta name=\"googlebot\" content=\"index, follow, max-snippet:-1, max-image-preview:large, max-video-preview:-1\" \/>\n<meta name=\"bingbot\" content=\"index, follow, max-snippet:-1, max-image-preview:large, max-video-preview:-1\" \/>\n<link rel=\"canonical\" href=\"https:\/\/www.prodentitalia.eu\/depro\/cookie-policy\/\" \/>\n<meta property=\"og:locale\" content=\"de_DE\" \/>\n<meta property=\"og:type\" content=\"article\" \/>\n<meta property=\"og:title\" content=\"Cookie-Richtlinie - Bereich f\u00fcr Zahn\u00e4rzte-Zahntechniker Prodent Italia\" \/>\n<meta property=\"og:url\" content=\"https:\/\/www.prodentitalia.eu\/depro\/cookie-policy\/\" \/>\n<meta property=\"og:site_name\" content=\"Bereich f\u00fcr Zahn\u00e4rzte-Zahntechniker Prodent Italia\" \/>\n<meta property=\"article:modified_time\" content=\"2020-01-17T07:49:43+00:00\" \/>\n<meta name=\"twitter:card\" content=\"summary\" \/>\n<meta name=\"twitter:creator\" content=\"@pr0en7erad475\" \/>\n<script type=\"application\/ld+json\" class=\"yoast-schema-graph\">{\"@context\":\"https:\/\/schema.org\",\"@graph\":[{\"@type\":\"WebSite\",\"@id\":\"https:\/\/www.prodentitalia.eu\/depro\/#website\",\"url\":\"https:\/\/www.prodentitalia.eu\/depro\/\",\"name\":\"Bereich f\\u00fcr Zahn\\u00e4rzte-Zahntechniker Prodent Italia\",\"description\":\"Prodent Italia l&#039;implantologia made in Italy\",\"potentialAction\":[{\"@type\":\"SearchAction\",\"target\":\"https:\/\/www.prodentitalia.eu\/depro\/?s={search_term_string}\",\"query-input\":\"required name=search_term_string\"}],\"inLanguage\":\"de\"},{\"@type\":\"WebPage\",\"@id\":\"https:\/\/www.prodentitalia.eu\/depro\/cookie-policy\/#webpage\",\"url\":\"https:\/\/www.prodentitalia.eu\/depro\/cookie-policy\/\",\"name\":\"Cookie-Richtlinie - Bereich f\\u00fcr Zahn\\u00e4rzte-Zahntechniker Prodent Italia\",\"isPartOf\":{\"@id\":\"https:\/\/www.prodentitalia.eu\/depro\/#website\"},\"datePublished\":\"2015-07-29T08:53:44+00:00\",\"dateModified\":\"2020-01-17T07:49:43+00:00\",\"inLanguage\":\"de\",\"potentialAction\":[{\"@type\":\"ReadAction\",\"target\":[\"https:\/\/www.prodentitalia.eu\/depro\/cookie-policy\/\"]}]}]}<\/script>\n<!-- \/ Yoast SEO plugin. -->","_links":{"self":[{"href":"https:\/\/www.prodentitalia.eu\/depro\/wp-json\/wp\/v2\/pages\/11821"}],"collection":[{"href":"https:\/\/www.prodentitalia.eu\/depro\/wp-json\/wp\/v2\/pages"}],"about":[{"href":"https:\/\/www.prodentitalia.eu\/depro\/wp-json\/wp\/v2\/types\/page"}],"author":[{"embeddable":true,"href":"https:\/\/www.prodentitalia.eu\/depro\/wp-json\/wp\/v2\/users\/1"}],"replies":[{"embeddable":true,"href":"https:\/\/www.prodentitalia.eu\/depro\/wp-json\/wp\/v2\/comments?post=11821"}],"version-history":[{"count":7,"href":"https:\/\/www.prodentitalia.eu\/depro\/wp-json\/wp\/v2\/pages\/11821\/revisions"}],"predecessor-version":[{"id":12349,"href":"https:\/\/www.prodentitalia.eu\/depro\/wp-json\/wp\/v2\/pages\/11821\/revisions\/12349"}],"wp:attachment":[{"href":"https:\/\/www.prodentitalia.eu\/depro\/wp-json\/wp\/v2\/media?parent=11821"}],"curies":[{"name":"wp","href":"https:\/\/api.w.org\/{rel}","templated":true}]}}