{"id":12254,"date":"2018-05-08T18:37:30","date_gmt":"2018-05-08T16:37:30","guid":{"rendered":"http:\/\/www.prodentitalia.eu\/depro\/?page_id=12254"},"modified":"2023-01-24T15:49:57","modified_gmt":"2023-01-24T14:49:57","slug":"prime-conomet","status":"publish","type":"page","link":"https:\/\/www.prodentitalia.eu\/depro\/prodotti-implantari-prodent\/impianti-conici\/prime-conomet\/","title":{"rendered":"Prime Conomet"},"content":{"rendered":"<div class=\"fusion-fullwidth fullwidth-box fusion-builder-row-1 nonhundred-percent-fullwidth non-hundred-percent-height-scrolling\"  style='background-color: rgba(255,255,255,0);background-position: center center;background-repeat: no-repeat;padding-top:20px;padding-bottom:20px;border-top-width:0px;border-bottom-width:0px;border-color:#eae9e9;border-top-style:solid;border-bottom-style:solid;'><div class=\"fusion-builder-row fusion-row \"><div  class=\"fusion-layout-column fusion_builder_column fusion_builder_column_2_5 fusion-builder-column-0 fusion-two-fifth fusion-column-first 2_5\"  style='margin-top:0px;margin-bottom:20px;'><div class=\"fusion-column-wrapper\" style=\"padding: 0px 0px 0px 0px;background-position:center top;background-repeat:no-repeat;-webkit-background-size:cover;-moz-background-size:cover;-o-background-size:cover;background-size:cover;\"   data-bg-url=\"\"><div class=\"imageframe-align-center\"><span class=\"fusion-imageframe imageframe-none imageframe-1 hover-type-none\"><img loading=\"lazy\" src=\"https:\/\/www.prodentitalia.eu\/depro\/wp-content\/uploads\/sites\/28\/2018\/05\/Conomet-2-522x1024.png\" width=\"522\" height=\"1024\" alt=\"Prodent Prime impianto conico root-form\" title=\"Conomet-2\" class=\"img-responsive wp-image-12267\"\/><\/span><\/div><div class=\"fusion-clearfix\"><\/div><\/div><\/div><div  class=\"fusion-layout-column fusion_builder_column fusion_builder_column_3_5 fusion-builder-column-1 fusion-three-fifth fusion-column-last whiteopacity 3_5\"  style='margin-top:0px;margin-bottom:50px;'><div class=\"fusion-column-wrapper\" style=\"border:0px solid #eeeeee;padding: 20px 20px 20px 20px;background-position:left top;background-repeat:no-repeat;-webkit-background-size:cover;-moz-background-size:cover;-o-background-size:cover;background-size:cover;\"   data-bg-url=\"\"><style type=\"text\/css\">.fusion-accordian  #accordion-12254-1 .panel-title a .fa-fusion-box{ color: #ffffff;}.fusion-accordian  #accordion-12254-1 .panel-title a .fa-fusion-box:before{ font-size: 13px; width: 13px;}.fusion-accordian  #accordion-12254-1 .panel-title a{font-size:16px;}.fusion-accordian  #accordion-12254-1 .fa-fusion-box { background-color: #8c8c8c;border-color: #8c8c8c;}.fusion-accordian  #accordion-12254-1 .panel-title a:hover, #accordion-12254-1 .fusion-toggle-boxed-mode:hover .panel-title a { color: #65bc7b;}.fusion-accordian  #accordion-12254-1 .panel-title .active .fa-fusion-box,.fusion-accordian  #accordion-12254-1 .panel-title a:hover .fa-fusion-box { background-color: #65bc7b!important;border-color: #65bc7b!important;}<\/style><div class=\"accordian fusion-accordian\"><div class=\"panel-group\" id=\"accordion-12254-1\" role=\"tablist\"><div class=\"fusion-panel panel-default\" role=\"tabpanel\"><div class=\"panel-heading\"><h4 class=\"panel-title toggle\"><a aria-expanded=\"false\" aria-selected=\"false\" aria-controls=\"1f26032948d93f814\" role=\"tab\" data-toggle=\"collapse\" data-parent=\"#accordion-12254-1\" data-target=\"#1f26032948d93f814\" href=\"#1f26032948d93f814\"><span class=\"fusion-toggle-icon-wrapper\" aria-hidden=\"true\"><i class=\"fa-fusion-box\"><\/i><\/span><span class=\"fusion-toggle-heading\">Gemeinsame Nutzung aller mit der Morphologie des PRIME Implantats verbundenen Vorteile<\/span><\/a><\/h4><\/div><div id=\"1f26032948d93f814\" class=\"panel-collapse collapse \"><div class=\"panel-body toggle-content fusion-clearfix\">\n<p>Die \u201eWurzelform\u201c- und \u201eGrip\u201c-Morphologie bietet auch bei schlechter Knochenqualit\u00e4t eine ausgezeichnete Prim\u00e4rstabilit\u00e4t.<\/p>\n<p>Schnelle Osseointegration durch die seit \u00fcber 14 Jahren klinischer Anwendung bew\u00e4hrte Oberfl\u00e4chenbehandlung mit Doppel\u00e4tzung.<\/p>\n<p>Anatomische Platzoptimierung dank der reduzierten apikalen Gr\u00f6\u00dfe und dauerhafter Erhalt des crestalen Knochenniveaus dank des Mikrogewindes am Hals.<\/p>\n<\/div><\/div><\/div><div class=\"fusion-panel panel-default\" role=\"tabpanel\"><div class=\"panel-heading\"><h4 class=\"panel-title toggle\"><a aria-expanded=\"false\" aria-selected=\"false\" aria-controls=\"b7fb992de96aff106\" role=\"tab\" data-toggle=\"collapse\" data-parent=\"#accordion-12254-1\" data-target=\"#b7fb992de96aff106\" href=\"#b7fb992de96aff106\"><span class=\"fusion-toggle-icon-wrapper\" aria-hidden=\"true\"><i class=\"fa-fusion-box\"><\/i><\/span><span class=\"fusion-toggle-heading\">Konische antibakterielle Versiegelung zwischen Abutment und Implantat<\/span><\/a><\/h4><\/div><div id=\"b7fb992de96aff106\" class=\"panel-collapse collapse \"><div class=\"panel-body toggle-content fusion-clearfix\">\n<p>Die konische Innenverbindung mit Sechskantelement zur Rotationssicherung versiegelt die Verbindung mit dem Abutment und optimiert die Verteilung der Kaukr\u00e4fte.<\/p>\n<p>Diese Art der Verbindung erzeugt eine signifikante Platform-Switching-Bedingung, die den Erhalt des Zahnfleischgewebes optimiert und das Ph\u00e4nomen der Knochenresorption reduziert.<\/p>\n<\/div><\/div><\/div><div class=\"fusion-panel panel-default\" role=\"tabpanel\"><div class=\"panel-heading\"><h4 class=\"panel-title toggle\"><a aria-expanded=\"false\" aria-selected=\"false\" aria-controls=\"b6d19b62ce19111f5\" role=\"tab\" data-toggle=\"collapse\" data-parent=\"#accordion-12254-1\" data-target=\"#b6d19b62ce19111f5\" href=\"#b6d19b62ce19111f5\"><span class=\"fusion-toggle-icon-wrapper\" aria-hidden=\"true\"><i class=\"fa-fusion-box\"><\/i><\/span><span class=\"fusion-toggle-heading\">Eine einzige prothetische Plattform<\/span><\/a><\/h4><\/div><div id=\"b6d19b62ce19111f5\" class=\"panel-collapse collapse \"><div class=\"panel-body toggle-content fusion-clearfix\">Die vier Implantatdurchmesser sehen eine einzige prothetische Plattform mit dementsprechend vereinfachten prothetischen Phasen und reduzierten Betriebskosten vor.<\/div><\/div><\/div><div class=\"fusion-panel panel-default\" role=\"tabpanel\"><div class=\"panel-heading\"><h4 class=\"panel-title toggle\"><a aria-expanded=\"false\" aria-selected=\"false\" aria-controls=\"b93a0c6056f6be34e\" role=\"tab\" data-toggle=\"collapse\" data-parent=\"#accordion-12254-1\" data-target=\"#b93a0c6056f6be34e\" href=\"#b93a0c6056f6be34e\"><span class=\"fusion-toggle-icon-wrapper\" aria-hidden=\"true\"><i class=\"fa-fusion-box\"><\/i><\/span><span class=\"fusion-toggle-heading\">Abutment mit anatomischem Emergenzprofil<\/span><\/a><\/h4><\/div><div id=\"b93a0c6056f6be34e\" class=\"panel-collapse collapse \"><div class=\"panel-body toggle-content fusion-clearfix\">\n<p>Das S-f\u00f6rmige anatomische Emergenzprofil bietet ein besseres \u00e4sthetisches Ergebnis und eine gr\u00f6\u00dfere biologische Breite des Zahnfleischgewebes mit entsprechendem Erhalt des crestalen Knochens.<\/p>\n<p>Das Prothetiksortiment ist in den drei Emergenzprofilen Narrow, Regular und Wide erh\u00e4ltlich, um den Durchtritt des Abutments je nach Implantatposition zu optimieren.<\/p>\n<\/div><\/div><\/div><\/div><\/div><div class=\"fusion-text\"><p>&nbsp;<\/p>\n<p>&nbsp;<\/p>\n<\/div><div class=\"fusion-button-wrapper\"><style type=\"text\/css\">.fusion-button.button-1 .fusion-button-text, .fusion-button.button-1 i {color:#008bdb;}.fusion-button.button-1 .fusion-button-icon-divider{border-color:#008bdb;}.fusion-button.button-1:hover .fusion-button-text, .fusion-button.button-1:hover i,.fusion-button.button-1:focus .fusion-button-text, .fusion-button.button-1:focus i,.fusion-button.button-1:active .fusion-button-text, .fusion-button.button-1:active{color:#1e73be;}.fusion-button.button-1:hover .fusion-button-icon-divider, .fusion-button.button-1:hover .fusion-button-icon-divider, .fusion-button.button-1:active .fusion-button-icon-divider{border-color:#1e73be;}.fusion-button.button-1:hover, .fusion-button.button-1:focus, .fusion-button.button-1:active{border-color:#1e73be;border-width:1px;}.fusion-button.button-1 {border-color:#008bdb;border-width:1px;border-radius:0px;}.fusion-button.button-1{background: #ffffff;}.fusion-button.button-1:hover,.button-1:focus,.fusion-button.button-1:active{background: #ffffff;}<\/style><a class=\"fusion-button button-flat button-xlarge button-custom button-1 fusion-button-default-span \" target=\"_blank\" rel=\"noopener noreferrer\" href=\"https:\/\/www.prodentitalia.eu\/pdf\/pro-it\/prodotti\/PRIME.CONOMET-Clinical-Protocol-.pdf\"><span class=\"fusion-button-text\">PROTOKOLL HERUNTERLADEN<\/span><i class=\"fa-chevron-right fas button-icon-right\"><\/i><\/a><\/div><div class=\"fusion-clearfix\"><\/div><\/div><\/div><div  class=\"fusion-layout-column fusion_builder_column fusion_builder_column_1_1 fusion-builder-column-2 fusion-one-full fusion-column-first fusion-column-last fusion-column-no-min-height 1_1\"  style='margin-top:0px;margin-bottom:0px;'><div class=\"fusion-column-wrapper\" style=\"padding: 0px 0px 0px 0px;background-position:left top;background-repeat:no-repeat;-webkit-background-size:cover;-moz-background-size:cover;-o-background-size:cover;background-size:cover;\"   data-bg-url=\"\"><div class=\"fusion-sep-clear\"><\/div><div class=\"fusion-separator fusion-full-width-sep sep-none\" style=\"margin-left: auto;margin-right: auto;margin-top:;\"><\/div><div class=\"fusion-clearfix\"><\/div><\/div><\/div><\/div><\/div>\n","protected":false},"excerpt":{"rendered":"","protected":false},"author":6,"featured_media":0,"parent":11425,"menu_order":0,"comment_status":"closed","ping_status":"closed","template":"100-width.php","meta":[],"yoast_head":"<!-- This site is optimized with the Yoast SEO plugin v14.7 - https:\/\/yoast.com\/wordpress\/plugins\/seo\/ -->\n<title>Prime Conomet - Bereich f\u00fcr Zahn\u00e4rzte-Zahntechniker Prodent Italia<\/title>\n<meta name=\"robots\" content=\"index, follow\" \/>\n<meta name=\"googlebot\" content=\"index, follow, max-snippet:-1, max-image-preview:large, max-video-preview:-1\" \/>\n<meta name=\"bingbot\" content=\"index, follow, max-snippet:-1, max-image-preview:large, max-video-preview:-1\" \/>\n<link rel=\"canonical\" href=\"https:\/\/www.prodentitalia.eu\/depro\/prodotti-implantari-prodent\/impianti-conici\/prime-conomet\/\" \/>\n<meta property=\"og:locale\" content=\"de_DE\" \/>\n<meta property=\"og:type\" content=\"article\" \/>\n<meta property=\"og:title\" content=\"Prime Conomet - Bereich f\u00fcr Zahn\u00e4rzte-Zahntechniker Prodent Italia\" \/>\n<meta property=\"og:url\" content=\"https:\/\/www.prodentitalia.eu\/depro\/prodotti-implantari-prodent\/impianti-conici\/prime-conomet\/\" \/>\n<meta property=\"og:site_name\" content=\"Bereich f\u00fcr Zahn\u00e4rzte-Zahntechniker Prodent Italia\" \/>\n<meta property=\"article:modified_time\" content=\"2023-01-24T14:49:57+00:00\" \/>\n<meta property=\"og:image\" content=\"https:\/\/www.prodentitalia.eu\/depro\/wp-content\/uploads\/sites\/28\/2018\/05\/Conomet-2-522x1024.png\" \/>\n<meta name=\"twitter:card\" content=\"summary\" \/>\n<script type=\"application\/ld+json\" class=\"yoast-schema-graph\">{\"@context\":\"https:\/\/schema.org\",\"@graph\":[{\"@type\":\"WebSite\",\"@id\":\"https:\/\/www.prodentitalia.eu\/depro\/#website\",\"url\":\"https:\/\/www.prodentitalia.eu\/depro\/\",\"name\":\"Bereich f\\u00fcr Zahn\\u00e4rzte-Zahntechniker Prodent Italia\",\"description\":\"Prodent Italia l&#039;implantologia made in Italy\",\"potentialAction\":[{\"@type\":\"SearchAction\",\"target\":\"https:\/\/www.prodentitalia.eu\/depro\/?s={search_term_string}\",\"query-input\":\"required name=search_term_string\"}],\"inLanguage\":\"de\"},{\"@type\":\"ImageObject\",\"@id\":\"https:\/\/www.prodentitalia.eu\/depro\/prodotti-implantari-prodent\/impianti-conici\/prime-conomet\/#primaryimage\",\"inLanguage\":\"de\",\"url\":\"https:\/\/www.prodentitalia.eu\/depro\/wp-content\/uploads\/sites\/28\/2018\/05\/Conomet-2.png\",\"width\":650,\"height\":1274},{\"@type\":\"WebPage\",\"@id\":\"https:\/\/www.prodentitalia.eu\/depro\/prodotti-implantari-prodent\/impianti-conici\/prime-conomet\/#webpage\",\"url\":\"https:\/\/www.prodentitalia.eu\/depro\/prodotti-implantari-prodent\/impianti-conici\/prime-conomet\/\",\"name\":\"Prime Conomet - Bereich f\\u00fcr Zahn\\u00e4rzte-Zahntechniker Prodent Italia\",\"isPartOf\":{\"@id\":\"https:\/\/www.prodentitalia.eu\/depro\/#website\"},\"primaryImageOfPage\":{\"@id\":\"https:\/\/www.prodentitalia.eu\/depro\/prodotti-implantari-prodent\/impianti-conici\/prime-conomet\/#primaryimage\"},\"datePublished\":\"2018-05-08T16:37:30+00:00\",\"dateModified\":\"2023-01-24T14:49:57+00:00\",\"inLanguage\":\"de\",\"potentialAction\":[{\"@type\":\"ReadAction\",\"target\":[\"https:\/\/www.prodentitalia.eu\/depro\/prodotti-implantari-prodent\/impianti-conici\/prime-conomet\/\"]}]}]}<\/script>\n<!-- \/ Yoast SEO plugin. -->","_links":{"self":[{"href":"https:\/\/www.prodentitalia.eu\/depro\/wp-json\/wp\/v2\/pages\/12254"}],"collection":[{"href":"https:\/\/www.prodentitalia.eu\/depro\/wp-json\/wp\/v2\/pages"}],"about":[{"href":"https:\/\/www.prodentitalia.eu\/depro\/wp-json\/wp\/v2\/types\/page"}],"author":[{"embeddable":true,"href":"https:\/\/www.prodentitalia.eu\/depro\/wp-json\/wp\/v2\/users\/6"}],"replies":[{"embeddable":true,"href":"https:\/\/www.prodentitalia.eu\/depro\/wp-json\/wp\/v2\/comments?post=12254"}],"version-history":[{"count":12,"href":"https:\/\/www.prodentitalia.eu\/depro\/wp-json\/wp\/v2\/pages\/12254\/revisions"}],"predecessor-version":[{"id":12544,"href":"https:\/\/www.prodentitalia.eu\/depro\/wp-json\/wp\/v2\/pages\/12254\/revisions\/12544"}],"up":[{"embeddable":true,"href":"https:\/\/www.prodentitalia.eu\/depro\/wp-json\/wp\/v2\/pages\/11425"}],"wp:attachment":[{"href":"https:\/\/www.prodentitalia.eu\/depro\/wp-json\/wp\/v2\/media?parent=12254"}],"curies":[{"name":"wp","href":"https:\/\/api.w.org\/{rel}","templated":true}]}}