{"id":12426,"date":"2020-10-27T15:17:44","date_gmt":"2020-10-27T14:17:44","guid":{"rendered":"https:\/\/www.prodentitalia.eu\/depro\/?page_id=12426"},"modified":"2023-01-24T15:45:09","modified_gmt":"2023-01-24T14:45:09","slug":"proshape-implantate","status":"publish","type":"page","link":"https:\/\/www.prodentitalia.eu\/depro\/proshape-implantate\/","title":{"rendered":"PROSHAPE Implantate"},"content":{"rendered":"<div class=\"fusion-fullwidth fullwidth-box fusion-builder-row-1 nonhundred-percent-fullwidth non-hundred-percent-height-scrolling\"  style='background-color: rgba(255,255,255,0);background-position: center center;background-repeat: no-repeat;padding-top:20px;padding-bottom:20px;border-top-width:0px;border-bottom-width:0px;border-color:#eae9e9;border-top-style:solid;border-bottom-style:solid;'><div class=\"fusion-builder-row fusion-row \"><div  class=\"fusion-layout-column fusion_builder_column fusion_builder_column_1_2 fusion-builder-column-0 fusion-one-half fusion-column-first 1_2\"  style='margin-top:0px;margin-bottom:20px;'><div class=\"fusion-column-wrapper\" style=\"padding: 0px 0px 0px 0px;background-position:center top;background-repeat:no-repeat;-webkit-background-size:cover;-moz-background-size:cover;-o-background-size:cover;background-size:cover;\"   data-bg-url=\"\"><div class=\"imageframe-align-center\"><span class=\"fusion-imageframe imageframe-none imageframe-1 hover-type-none\"><img src=\"https:\/\/www.prodentitalia.eu\/itpro\/wp-content\/uploads\/sites\/12\/2020\/09\/proshape-page.jpg\"   alt=\"\" title=\"\" class=\"img-responsive\"\/><\/span><\/div><div class=\"fusion-clearfix\"><\/div><\/div><\/div><div  class=\"fusion-layout-column fusion_builder_column fusion_builder_column_1_2 fusion-builder-column-1 fusion-one-half fusion-column-last whiteopacity 1_2\"  style='margin-top:0px;margin-bottom:50px;'><div class=\"fusion-column-wrapper\" style=\"border:0px solid #eeeeee;padding: 20px 20px 20px 20px;background-position:left top;background-repeat:no-repeat;-webkit-background-size:cover;-moz-background-size:cover;-o-background-size:cover;background-size:cover;\"   data-bg-url=\"\"><style type=\"text\/css\">.fusion-accordian  #accordion-12426-1 .panel-title a .fa-fusion-box{ color: #ffffff;}.fusion-accordian  #accordion-12426-1 .panel-title a .fa-fusion-box:before{ font-size: 13px; width: 13px;}.fusion-accordian  #accordion-12426-1 .panel-title a{font-size:16px;}.fusion-accordian  #accordion-12426-1 .fa-fusion-box { background-color: #8c8c8c;border-color: #8c8c8c;}.fusion-accordian  #accordion-12426-1 .panel-title a:hover, #accordion-12426-1 .fusion-toggle-boxed-mode:hover .panel-title a { color: #65bc7b;}.fusion-accordian  #accordion-12426-1 .panel-title .active .fa-fusion-box,.fusion-accordian  #accordion-12426-1 .panel-title a:hover .fa-fusion-box { background-color: #65bc7b!important;border-color: #65bc7b!important;}<\/style><div class=\"accordian fusion-accordian\"><div class=\"panel-group\" id=\"accordion-12426-1\" role=\"tablist\"><div class=\"fusion-panel panel-default\" role=\"tabpanel\"><div class=\"panel-heading\"><h4 class=\"panel-title toggle\"><a aria-expanded=\"false\" aria-selected=\"false\" aria-controls=\"1cd86a7a3986eac05\" role=\"tab\" data-toggle=\"collapse\" data-parent=\"#accordion-12426-1\" data-target=\"#1cd86a7a3986eac05\" href=\"#1cd86a7a3986eac05\"><span class=\"fusion-toggle-icon-wrapper\" aria-hidden=\"true\"><i class=\"fa-fusion-box\"><\/i><\/span><span class=\"fusion-toggle-heading\">Maximale Prim\u00e4rstabilit\u00e4t in jeder Art von Knochen<\/span><\/a><\/h4><\/div><div id=\"1cd86a7a3986eac05\" class=\"panel-collapse collapse \"><div class=\"panel-body toggle-content fusion-clearfix\">\n<p>Die Proshape-Implantate k\u00f6nnen sich dank ihrer besonderen und innovativen Morphologie (konisch im K\u00f6rper, zylindrisch in den flachen Gewindeg\u00e4ngen) und dank eines doppelten, auf der Knochenqualit\u00e4t basierenden Protokolls zur Situsvorbereitung selbst und ohne \u00dcberdrehung in den Knochen einbringen, sodass eine stets optimale Prim\u00e4rstabilit\u00e4t im Knochen erreicht wird.<\/p>\n<\/div><\/div><\/div><div class=\"fusion-panel panel-default\" role=\"tabpanel\"><div class=\"panel-heading\"><h4 class=\"panel-title toggle\"><a aria-expanded=\"false\" aria-selected=\"false\" aria-controls=\"9655d65b177790a2e\" role=\"tab\" data-toggle=\"collapse\" data-parent=\"#accordion-12426-1\" data-target=\"#9655d65b177790a2e\" href=\"#9655d65b177790a2e\"><span class=\"fusion-toggle-icon-wrapper\" aria-hidden=\"true\"><i class=\"fa-fusion-box\"><\/i><\/span><span class=\"fusion-toggle-heading\">Doppelte Oberfl\u00e4chenbehandlung<\/span><\/a><\/h4><\/div><div id=\"9655d65b177790a2e\" class=\"panel-collapse collapse \"><div class=\"panel-body toggle-content fusion-clearfix\">\n<p>Die Proshape Integral werden, mit Ausnahme der koronalen Implantatplattform im Platform-Switching-Bereich, einer vollst\u00e4ndigen Oberfl\u00e4chenbehandlung mit Doppel\u00e4tzung unterzogen. Die Proshape-Hybrid werden im mittelapikalen Bereich einer Doppel\u00e4tzung unterzogen, w\u00e4hrend der koronale Bereich eine bearbeitete Oberfl\u00e4che aufweist.<\/p>\n<\/div><\/div><\/div><div class=\"fusion-panel panel-default\" role=\"tabpanel\"><div class=\"panel-heading\"><h4 class=\"panel-title toggle\"><a aria-expanded=\"false\" aria-selected=\"false\" aria-controls=\"d909f714e91a72501\" role=\"tab\" data-toggle=\"collapse\" data-parent=\"#accordion-12426-1\" data-target=\"#d909f714e91a72501\" href=\"#d909f714e91a72501\"><span class=\"fusion-toggle-icon-wrapper\" aria-hidden=\"true\"><i class=\"fa-fusion-box\"><\/i><\/span><span class=\"fusion-toggle-heading\">Maximale Versiegelung der Abutment-\/Implantatverbindung<\/span><\/a><\/h4><\/div><div id=\"d909f714e91a72501\" class=\"panel-collapse collapse \"><div class=\"panel-body toggle-content fusion-clearfix\">\n<p>Die Proshape-Implantate sind mit einer internen konischen Verbindung mit Sechskant ausgestattet. Die Befestigungsschraube des Abutments ist ebenfalls mit einer Konusverbindung ausgestattet, die zusammen mit dem Abutment eine doppelt konische Versiegelung des implantatprothetischen Systems erzeugt.<\/p>\n<\/div><\/div><\/div><div class=\"fusion-panel panel-default\" role=\"tabpanel\"><div class=\"panel-heading\"><h4 class=\"panel-title toggle\"><a aria-expanded=\"false\" aria-selected=\"false\" aria-controls=\"e127e6b9000c93603\" role=\"tab\" data-toggle=\"collapse\" data-parent=\"#accordion-12426-1\" data-target=\"#e127e6b9000c93603\" href=\"#e127e6b9000c93603\"><span class=\"fusion-toggle-icon-wrapper\" aria-hidden=\"true\"><i class=\"fa-fusion-box\"><\/i><\/span><span class=\"fusion-toggle-heading\">Eine einzige Prothetikplattform f\u00fcr alle Implantatdurchmesser<\/span><\/a><\/h4><\/div><div id=\"e127e6b9000c93603\" class=\"panel-collapse collapse \"><div class=\"panel-body toggle-content fusion-clearfix\">\n<p>Die Proshape-Implantate haben in ihren verschiedenen Durchmessern dieselbe Prothetikplattform. Die Abutments stehen in drei verschiedenen Gr\u00f6\u00dfen, Narrow, Regular und Wide, zur Verf\u00fcgung und weisen ein anatomisches S-Profil im transmukosalen Bereich auf.<\/p>\n<\/div><\/div><\/div><div class=\"fusion-panel panel-default\" role=\"tabpanel\"><div class=\"panel-heading\"><h4 class=\"panel-title toggle\"><a aria-expanded=\"false\" aria-selected=\"false\" aria-controls=\"6d047aa20d49c2523\" role=\"tab\" data-toggle=\"collapse\" data-parent=\"#accordion-12426-1\" data-target=\"#6d047aa20d49c2523\" href=\"#6d047aa20d49c2523\"><span class=\"fusion-toggle-icon-wrapper\" aria-hidden=\"true\"><i class=\"fa-fusion-box\"><\/i><\/span><span class=\"fusion-toggle-heading\">Einfaches, kompaktes, intuitives Chirurgie-Kit<\/span><\/a><\/h4><\/div><div id=\"6d047aa20d49c2523\" class=\"panel-collapse collapse \"><div class=\"panel-body toggle-content fusion-clearfix\">\n<p>Der Surgical Tray Proshape ist extrem funktionell konzipiert. Wenige mit Drill-Stop ausgestattete Fr\u00e4ser und ein ergonomisches Design, das dem Kliniker und seinem Team das Arbeiten so weit wie m\u00f6glich erleichtert.<\/p>\n<\/div><\/div><\/div><\/div><\/div><div class=\"fusion-text\"><\/div><div class=\"fusion-button-wrapper\"><style type=\"text\/css\">.fusion-button.button-1 .fusion-button-text, .fusion-button.button-1 i {color:#008bdb;}.fusion-button.button-1 .fusion-button-icon-divider{border-color:#008bdb;}.fusion-button.button-1:hover .fusion-button-text, .fusion-button.button-1:hover i,.fusion-button.button-1:focus .fusion-button-text, .fusion-button.button-1:focus i,.fusion-button.button-1:active .fusion-button-text, .fusion-button.button-1:active{color:#1e73be;}.fusion-button.button-1:hover .fusion-button-icon-divider, .fusion-button.button-1:hover .fusion-button-icon-divider, .fusion-button.button-1:active .fusion-button-icon-divider{border-color:#1e73be;}.fusion-button.button-1:hover, .fusion-button.button-1:focus, .fusion-button.button-1:active{border-color:#1e73be;border-width:1px;}.fusion-button.button-1 {border-color:#008bdb;border-width:1px;border-radius:0px;}.fusion-button.button-1{background: #ffffff;}.fusion-button.button-1:hover,.button-1:focus,.fusion-button.button-1:active{background: #ffffff;}<\/style><a class=\"fusion-button button-flat button-xlarge button-custom button-1 fusion-button-default-span spacer\" target=\"_blank\" rel=\"noopener noreferrer\" href=\"https:\/\/www.prodentitalia.eu\/pdf\/pro-it\/prodotti\/PROSHAPE-Clinical-Protocol-.pdf\"><span class=\"fusion-button-text\">PROTOKOLL HERUNTERLADEN<\/span><i class=\"fa-chevron-right fas button-icon-right\"><\/i><\/a><\/div><div class=\"fusion-clearfix\"><\/div><\/div><\/div><div  class=\"fusion-layout-column fusion_builder_column fusion_builder_column_1_1 fusion-builder-column-2 fusion-one-full fusion-column-first fusion-column-last fusion-column-no-min-height 1_1\"  style='margin-top:0px;margin-bottom:0px;'><div class=\"fusion-column-wrapper\" style=\"padding: 0px 0px 0px 0px;background-position:left top;background-repeat:no-repeat;-webkit-background-size:cover;-moz-background-size:cover;-o-background-size:cover;background-size:cover;\"   data-bg-url=\"\"><div class=\"fusion-sep-clear\"><\/div><div class=\"fusion-separator fusion-full-width-sep sep-none\" style=\"margin-left: auto;margin-right: auto;margin-top:;\"><\/div><div class=\"fusion-clearfix\"><\/div><\/div><\/div><\/div><\/div>\n","protected":false},"excerpt":{"rendered":"","protected":false},"author":6,"featured_media":0,"parent":0,"menu_order":0,"comment_status":"closed","ping_status":"closed","template":"","meta":[],"yoast_head":"<!-- This site is optimized with the Yoast SEO plugin v14.7 - https:\/\/yoast.com\/wordpress\/plugins\/seo\/ -->\n<title>PROSHAPE Implantate - Bereich f\u00fcr Zahn\u00e4rzte-Zahntechniker Prodent Italia<\/title>\n<meta name=\"robots\" content=\"index, follow\" \/>\n<meta name=\"googlebot\" content=\"index, follow, max-snippet:-1, max-image-preview:large, max-video-preview:-1\" \/>\n<meta name=\"bingbot\" content=\"index, follow, max-snippet:-1, max-image-preview:large, max-video-preview:-1\" \/>\n<link rel=\"canonical\" href=\"https:\/\/www.prodentitalia.eu\/depro\/proshape-implantate\/\" \/>\n<meta property=\"og:locale\" content=\"de_DE\" \/>\n<meta property=\"og:type\" content=\"article\" \/>\n<meta property=\"og:title\" content=\"PROSHAPE Implantate - Bereich f\u00fcr Zahn\u00e4rzte-Zahntechniker Prodent Italia\" \/>\n<meta property=\"og:url\" content=\"https:\/\/www.prodentitalia.eu\/depro\/proshape-implantate\/\" \/>\n<meta property=\"og:site_name\" content=\"Bereich f\u00fcr Zahn\u00e4rzte-Zahntechniker Prodent Italia\" \/>\n<meta property=\"article:modified_time\" content=\"2023-01-24T14:45:09+00:00\" \/>\n<meta name=\"twitter:card\" content=\"summary\" \/>\n<script type=\"application\/ld+json\" class=\"yoast-schema-graph\">{\"@context\":\"https:\/\/schema.org\",\"@graph\":[{\"@type\":\"WebSite\",\"@id\":\"https:\/\/www.prodentitalia.eu\/depro\/#website\",\"url\":\"https:\/\/www.prodentitalia.eu\/depro\/\",\"name\":\"Bereich f\\u00fcr Zahn\\u00e4rzte-Zahntechniker Prodent Italia\",\"description\":\"Prodent Italia l&#039;implantologia made in Italy\",\"potentialAction\":[{\"@type\":\"SearchAction\",\"target\":\"https:\/\/www.prodentitalia.eu\/depro\/?s={search_term_string}\",\"query-input\":\"required name=search_term_string\"}],\"inLanguage\":\"de\"},{\"@type\":\"WebPage\",\"@id\":\"https:\/\/www.prodentitalia.eu\/depro\/proshape-implantate\/#webpage\",\"url\":\"https:\/\/www.prodentitalia.eu\/depro\/proshape-implantate\/\",\"name\":\"PROSHAPE Implantate - Bereich f\\u00fcr Zahn\\u00e4rzte-Zahntechniker Prodent Italia\",\"isPartOf\":{\"@id\":\"https:\/\/www.prodentitalia.eu\/depro\/#website\"},\"datePublished\":\"2020-10-27T14:17:44+00:00\",\"dateModified\":\"2023-01-24T14:45:09+00:00\",\"inLanguage\":\"de\",\"potentialAction\":[{\"@type\":\"ReadAction\",\"target\":[\"https:\/\/www.prodentitalia.eu\/depro\/proshape-implantate\/\"]}]}]}<\/script>\n<!-- \/ Yoast SEO plugin. -->","_links":{"self":[{"href":"https:\/\/www.prodentitalia.eu\/depro\/wp-json\/wp\/v2\/pages\/12426"}],"collection":[{"href":"https:\/\/www.prodentitalia.eu\/depro\/wp-json\/wp\/v2\/pages"}],"about":[{"href":"https:\/\/www.prodentitalia.eu\/depro\/wp-json\/wp\/v2\/types\/page"}],"author":[{"embeddable":true,"href":"https:\/\/www.prodentitalia.eu\/depro\/wp-json\/wp\/v2\/users\/6"}],"replies":[{"embeddable":true,"href":"https:\/\/www.prodentitalia.eu\/depro\/wp-json\/wp\/v2\/comments?post=12426"}],"version-history":[{"count":7,"href":"https:\/\/www.prodentitalia.eu\/depro\/wp-json\/wp\/v2\/pages\/12426\/revisions"}],"predecessor-version":[{"id":12542,"href":"https:\/\/www.prodentitalia.eu\/depro\/wp-json\/wp\/v2\/pages\/12426\/revisions\/12542"}],"wp:attachment":[{"href":"https:\/\/www.prodentitalia.eu\/depro\/wp-json\/wp\/v2\/media?parent=12426"}],"curies":[{"name":"wp","href":"https:\/\/api.w.org\/{rel}","templated":true}]}}