{"id":11083,"date":"2015-07-07T10:37:41","date_gmt":"2015-07-07T08:37:41","guid":{"rendered":"http:\/\/www.prodentitalia.eu\/espa\/?page_id=11083"},"modified":"2023-01-24T10:27:49","modified_gmt":"2023-01-24T09:27:49","slug":"prodent-azienda-produzione-servizi","status":"publish","type":"page","link":"https:\/\/www.prodentitalia.eu\/espa\/prodent-azienda-produzione-servizi\/","title":{"rendered":"Empresa"},"content":{"rendered":"<p><div class=\"fusion-fullwidth fullwidth-box fusion-builder-row-1 fusion-parallax-fixed nonhundred-percent-fullwidth non-hundred-percent-height-scrolling\"  style='background-color: rgba(255,255,255,0);background-image: url(\"https:\/\/www.prodentitalia.eu\/espa\/wp-content\/uploads\/sites\/36\/2015\/07\/bkg-azienda5.jpg\");background-position: right top;background-repeat: no-repeat;padding-top:0px;padding-bottom:0px;border-top-width:0px;border-bottom-width:0px;border-color:#eae9e9;border-top-style:solid;border-bottom-style:solid;-webkit-background-size:cover;-moz-background-size:cover;-o-background-size:cover;background-size:cover;background-attachment:fixed;'><div class=\"fusion-builder-row fusion-row \"><div  class=\"fusion-layout-column fusion_builder_column fusion_builder_column_2_3 fusion-builder-column-0 fusion-two-third fusion-column-first 2_3\"  style='margin-top:90px;margin-bottom:90px;width:65.3333%; margin-right: 4%;'><div class=\"fusion-column-wrapper\" style=\"padding: 30px 30px 30px 30px;background-position:left top;background-repeat:no-repeat;-webkit-background-size:cover;-moz-background-size:cover;-o-background-size:cover;background-size:cover;\"   data-bg-url=\"\"><div class=\"fusion-text\"><h1 style=\"text-align: left\"><span style=\"color: #ffffff\">Situada cerca de Mil\u00e1n, Prodent Italia proyecta y produce sistemas de implantes desde la llegada de la implantolog\u00eda a Italia.<\/span><\/h1>\n<h2 style=\"text-align: left\"><span style=\"color: #ffffff\">La propiedad y la gesti\u00f3n garantizan estabilidad y crecimiento gracias a la atenci\u00f3n prestada a la investigaci\u00f3n y al apoyo constante a los consultorios odontol\u00f3gicos.<\/span><\/h2>\n<\/div><div class=\"fusion-clearfix\"><\/div><\/div><\/div><\/div><\/div><div class=\"fusion-fullwidth fullwidth-box fusion-builder-row-2 nonhundred-percent-fullwidth non-hundred-percent-height-scrolling\"  style='background-color: #ffffff;background-position: left top;background-repeat: no-repeat;padding-top:0px;padding-right:0px;padding-bottom:0px;padding-left:0px;border-top-width:0px;border-bottom-width:0px;border-color:#eae9e9;border-top-style:solid;border-bottom-style:solid;'><div class=\"fusion-builder-row fusion-row \"><div  class=\"fusion-layout-column fusion_builder_column fusion_builder_column_1_2 fusion-builder-column-1 fusion-one-half fusion-column-first 1_2\"  style='margin-top:20px;margin-bottom:20px;width:48%; margin-right: 4%;'><div class=\"fusion-column-wrapper\" style=\"padding: 30px 30px 30px 30px;background-position:left top;background-repeat:no-repeat;-webkit-background-size:cover;-moz-background-size:cover;-o-background-size:cover;background-size:cover;\"   data-bg-url=\"\"><div class=\"fusion-text\"><h1 style=\"text-align: left\"><span style=\"color: #008dbd\">Buscar<\/span><\/h1>\n<p style=\"text-align: left\"><img loading=\"lazy\" class=\"alignleft size-full wp-image-11726\" src=\"https:\/\/www.prodentitalia.eu\/espa\/wp-content\/uploads\/sites\/36\/2015\/07\/ico-research45.png\" alt=\"ico-research45\" width=\"45\" height=\"45\" \/>Para realizar un nuevo implante, lo ideal es que colaboren tres \u00absectores\u00bb: el \u00abmundo\u00bb cl\u00ednico, t\u00e9cnico y de producto. Las peticiones m\u00e1s espec\u00edficas provienen de odont\u00f3logos expertos que aportan ideas innovadoras dirigidas a superar los l\u00edmites que aparecen durante el trabajo de campo.<\/p>\n<p>El \u00abmundo\u00bb del producto traduce las exigencias del cl\u00ednico en un plan de proyecto; as\u00ed pues, el sector t\u00e9cnico, compuesto por bioingenieros, proyecta el sistema de implantes en base a requisitos de factibilidad y fiabilidad biomec\u00e1nica del implante que debe integrarse en el hueso y resistir a las fuerzas de carga. Para las pruebas de carga est\u00e1tica y din\u00e1mica Prodent Italia cuenta con la colaboraci\u00f3n del Laboratorio LaBS (Laboratory of Biological Structured Mechanics) del Polit\u00e9cnico de Mil\u00e1n.<\/p>\n<\/div><div class=\"fusion-clearfix\"><\/div><\/div><\/div><div  class=\"fusion-layout-column fusion_builder_column fusion_builder_column_1_2 fusion-builder-column-2 fusion-one-half fusion-column-last 1_2\"  style='margin-top:20px;margin-bottom:20px;width:48%'><div class=\"fusion-column-wrapper\" style=\"padding: 30px 30px 30px 30px;background-position:left top;background-repeat:no-repeat;-webkit-background-size:cover;-moz-background-size:cover;-o-background-size:cover;background-size:cover;\"   data-bg-url=\"\"><div class=\"fusion-text\"><h1><span style=\"color: #008dbd\">Certificaciones<\/span><\/h1>\n<p><img loading=\"lazy\" class=\"alignleft size-full wp-image-11727\" src=\"https:\/\/www.prodentitalia.eu\/espa\/wp-content\/uploads\/sites\/36\/2015\/07\/ico-quality45.png\" alt=\"ico-quality45\" width=\"45\" height=\"45\" \/><\/p>\n<p>Prodent Italia ha implementado un Sistema de Gesti\u00f3n de Calidad en conformidad con la norma UNI CEI EN ISO 13485. En el \u00e1mbito del Sistema de Gesti\u00f3n de Calidad, se prev\u00e9n y realizan controles sistem\u00e1ticos, con el fin de asegurar un alto nivel de calidad de todos los productos de Prodent Italia. Antes de introducir cada Producto Sanitario en el mercado, se efect\u00faan todos los controles necesarios para poder declarar la conformidad con las especificaciones relativas del mismo, que est\u00e1n definidas de manera que se garantice que cada dispositivo cumple con los Requisitos Generales de Seguridad y Funcionamiento, definidos en el Anexo I del Reglamento (UE) 2017\/45 y sus sucesivas modificaciones (en caso de Productos de Clase I) o con los Requisitos Esenciales definidos en el Anexo I de la Directiva 93\/42\/CEE y sus sucesivas modificaciones (en caso de Productos de Clase &gt; I). Para todos los Productos Sanitarios, las actividades de seguimiento poscomercializaci\u00f3n, la vigilancia y el control del mercado se efect\u00faan con arreglo a lo dispuesto en el Reglamento (UE) 2017\/45.<\/p>\n<p>Las primeras certificaciones otorgadas a Prodent Italia, se remontan al a\u00f1o 1998.<\/p>\n<div class=\"fusion-title title fusion-title-size-one\">\n<h1 class=\"title-heading-left\">Certificado<\/h1>\n<\/div>\n<p><a href=\"https:\/\/www.prodentitalia.eu\/pdf\/pro-it\/UNI-CEI-EN-ISO-13485-2016-.pdf\" target=\"_blank\" rel=\"noopener noreferrer\">Certificado UNI CEI EN ISO 13485<\/a><\/p>\n<p><a href=\"https:\/\/www.prodentitalia.eu\/pdf\/pro-it\/Certiquality-25688-Impianti-Dentali-Endoossei-21.05.21.pdf\" target=\"_blank\" rel=\"noopener noreferrer\">Certificado Certiquality n. 25688 \u2013 Impianti Dentali Endoossei<\/a><\/p>\n<p><a href=\"https:\/\/www.prodentitalia.eu\/pdf\/pro-it\/25687_030518.pdf\" target=\"_blank\" rel=\"noopener noreferrer\">Certificado Certiquality n. 25687- Componentistica Protesica<\/a><\/p>\n<p><a href=\"https:\/\/www.prodentitalia.eu\/pdf\/pro-it\/25686_030518.pdf\" target=\"_blank\" rel=\"noopener noreferrer\">Certificado Certiquality n. 25686 \u2013 Strumentario ed accessori<\/a><\/p>\n<\/div><div class=\"fusion-clearfix\"><\/div><\/div><\/div><\/div><\/div><\/p>\n","protected":false},"excerpt":{"rendered":"","protected":false},"author":1,"featured_media":0,"parent":0,"menu_order":0,"comment_status":"open","ping_status":"open","template":"100-width.php","meta":[],"yoast_head":"<!-- This site is optimized with the Yoast SEO plugin v14.7 - https:\/\/yoast.com\/wordpress\/plugins\/seo\/ -->\n<title>Empresa - \u00c1rea Pacientes Prodent Italia<\/title>\n<meta name=\"robots\" content=\"index, follow\" \/>\n<meta name=\"googlebot\" content=\"index, follow, max-snippet:-1, max-image-preview:large, max-video-preview:-1\" \/>\n<meta name=\"bingbot\" content=\"index, follow, max-snippet:-1, max-image-preview:large, max-video-preview:-1\" \/>\n<link rel=\"canonical\" href=\"https:\/\/www.prodentitalia.eu\/espa\/prodent-azienda-produzione-servizi\/\" \/>\n<meta property=\"og:locale\" content=\"es_ES\" \/>\n<meta property=\"og:type\" content=\"article\" \/>\n<meta property=\"og:title\" content=\"Empresa - \u00c1rea Pacientes Prodent Italia\" \/>\n<meta property=\"og:url\" content=\"https:\/\/www.prodentitalia.eu\/espa\/prodent-azienda-produzione-servizi\/\" \/>\n<meta property=\"og:site_name\" content=\"\u00c1rea Pacientes Prodent Italia\" \/>\n<meta property=\"article:modified_time\" content=\"2023-01-24T09:27:49+00:00\" \/>\n<meta property=\"og:image\" content=\"https:\/\/www.prodentitalia.eu\/espa\/wp-content\/uploads\/sites\/36\/2015\/07\/ico-research45.png\" \/>\n<meta name=\"twitter:card\" content=\"summary\" \/>\n<meta name=\"twitter:creator\" content=\"@pr0en7erad475\" \/>\n<script type=\"application\/ld+json\" class=\"yoast-schema-graph\">{\"@context\":\"https:\/\/schema.org\",\"@graph\":[{\"@type\":\"WebSite\",\"@id\":\"https:\/\/www.prodentitalia.eu\/espa\/#website\",\"url\":\"https:\/\/www.prodentitalia.eu\/espa\/\",\"name\":\"\\u00c1rea Pacientes Prodent Italia\",\"description\":\"Prodent Italia l&#039;implantologia made in Italy\",\"potentialAction\":[{\"@type\":\"SearchAction\",\"target\":\"https:\/\/www.prodentitalia.eu\/espa\/?s={search_term_string}\",\"query-input\":\"required name=search_term_string\"}],\"inLanguage\":\"es\"},{\"@type\":\"ImageObject\",\"@id\":\"https:\/\/www.prodentitalia.eu\/espa\/prodent-azienda-produzione-servizi\/#primaryimage\",\"inLanguage\":\"es\",\"url\":\"https:\/\/www.prodentitalia.eu\/espa\/wp-content\/uploads\/sites\/36\/2015\/07\/ico-research45.png\",\"width\":45,\"height\":45},{\"@type\":\"WebPage\",\"@id\":\"https:\/\/www.prodentitalia.eu\/espa\/prodent-azienda-produzione-servizi\/#webpage\",\"url\":\"https:\/\/www.prodentitalia.eu\/espa\/prodent-azienda-produzione-servizi\/\",\"name\":\"Empresa - \\u00c1rea Pacientes Prodent Italia\",\"isPartOf\":{\"@id\":\"https:\/\/www.prodentitalia.eu\/espa\/#website\"},\"primaryImageOfPage\":{\"@id\":\"https:\/\/www.prodentitalia.eu\/espa\/prodent-azienda-produzione-servizi\/#primaryimage\"},\"datePublished\":\"2015-07-07T08:37:41+00:00\",\"dateModified\":\"2023-01-24T09:27:49+00:00\",\"inLanguage\":\"es\",\"potentialAction\":[{\"@type\":\"ReadAction\",\"target\":[\"https:\/\/www.prodentitalia.eu\/espa\/prodent-azienda-produzione-servizi\/\"]}]}]}<\/script>\n<!-- \/ Yoast SEO plugin. -->","_links":{"self":[{"href":"https:\/\/www.prodentitalia.eu\/espa\/wp-json\/wp\/v2\/pages\/11083"}],"collection":[{"href":"https:\/\/www.prodentitalia.eu\/espa\/wp-json\/wp\/v2\/pages"}],"about":[{"href":"https:\/\/www.prodentitalia.eu\/espa\/wp-json\/wp\/v2\/types\/page"}],"author":[{"embeddable":true,"href":"https:\/\/www.prodentitalia.eu\/espa\/wp-json\/wp\/v2\/users\/1"}],"replies":[{"embeddable":true,"href":"https:\/\/www.prodentitalia.eu\/espa\/wp-json\/wp\/v2\/comments?post=11083"}],"version-history":[{"count":84,"href":"https:\/\/www.prodentitalia.eu\/espa\/wp-json\/wp\/v2\/pages\/11083\/revisions"}],"predecessor-version":[{"id":11837,"href":"https:\/\/www.prodentitalia.eu\/espa\/wp-json\/wp\/v2\/pages\/11083\/revisions\/11837"}],"wp:attachment":[{"href":"https:\/\/www.prodentitalia.eu\/espa\/wp-json\/wp\/v2\/media?parent=11083"}],"curies":[{"name":"wp","href":"https:\/\/api.w.org\/{rel}","templated":true}]}}