{"id":11669,"date":"2015-07-17T08:08:18","date_gmt":"2015-07-17T06:08:18","guid":{"rendered":"http:\/\/www.prodentitalia.eu\/espa\/?page_id=11669"},"modified":"2020-01-19T18:05:38","modified_gmt":"2020-01-19T17:05:38","slug":"scopri-di-piu-sugli-impianti-dentali","status":"publish","type":"page","link":"https:\/\/www.prodentitalia.eu\/espa\/scopri-di-piu-sugli-impianti-dentali\/","title":{"rendered":"Descubre m\u00e1s sobre los implantes dentales"},"content":{"rendered":"<p><div class=\"fusion-fullwidth fullwidth-box fusion-builder-row-1 nonhundred-percent-fullwidth non-hundred-percent-height-scrolling\"  style='background-color: rgba(255,255,255,0);background-position: left top;background-repeat: no-repeat;border-top-width:0px;border-bottom-width:0px;border-color:#eae9e9;border-top-style:solid;border-bottom-style:solid;'><div class=\"fusion-builder-row fusion-row \"><div  class=\"fusion-layout-column fusion_builder_column fusion_builder_column_1_2 fusion-builder-column-0 fusion-one-half fusion-column-first 1_2\"  style='margin-top:0px;margin-bottom:0px;width:48%; margin-right: 4%;'><div class=\"fusion-column-wrapper\" style=\"background-position:left top;background-repeat:no-repeat;-webkit-background-size:cover;-moz-background-size:cover;-o-background-size:cover;background-size:cover;\"   data-bg-url=\"\"><span class=\"fusion-imageframe imageframe-none imageframe-1 hover-type-none\"><img loading=\"lazy\" src=\"https:\/\/www.prodentitalia.eu\/espa\/wp-content\/uploads\/sites\/36\/2015\/07\/pazienti01.jpg\" width=\"500\" height=\"500\" alt=\"\" title=\"pazienti01\" class=\"img-responsive wp-image-11677\"\/><\/span><div class=\"fusion-clearfix\"><\/div><\/div><\/div><div  class=\"fusion-layout-column fusion_builder_column fusion_builder_column_1_2 fusion-builder-column-1 fusion-one-half fusion-column-last 1_2\"  style='margin-top:0px;margin-bottom:20px;width:48%'><div class=\"fusion-column-wrapper\" style=\"background-position:left top;background-repeat:no-repeat;-webkit-background-size:cover;-moz-background-size:cover;-o-background-size:cover;background-size:cover;\"   data-bg-url=\"\"><div class=\"fusion-text\"><p>La p\u00e9rdida parcial o total de los dientes supone para las personas adultas una decadencia psicoemocional y f\u00edsica importante.<\/p>\n<p>Los implantes dentales biocompatibles de titanio son la \u00fanica soluci\u00f3n odontol\u00f3gica real para volver a tener unos dientes tan bonitos y fuertes como los naturales, recuperando as\u00ed la alegr\u00eda de vivir. De hecho, el implante dental es el sustituto artificial de la ra\u00edz del diente en el que se fijar\u00e1n las pr\u00f3tesis dentales.<\/p>\n<p><strong>Las ventajas de una elecci\u00f3n inteligente<\/strong><\/p>\n<p>Utilizar dientes sanos para sujetar pr\u00f3tesis m\u00f3viles con ganchos que adem\u00e1s son poco est\u00e9ticos, o incluso limarlos para hacer espacio a los puentes, puede provocar una p\u00e9rdida precoz de la estabilidad de los propios dientes y del hueso, as\u00ed como un envejecimiento precoz de los rasgos del rostro.<br \/>\nAhora, la moderna implantolog\u00eda osteointegrada, asociada a componentes prot\u00e9sicos innovadores y altamente est\u00e9ticos, conserva tu aspecto natural y te permite sonre\u00edr, comer y hablar con tranquilidad y plena confianza. Las distintas soluciones prot\u00e9sicas junto con los implantes, sustituyen funcional y est\u00e9ticamente los dientes naturales.<\/p>\n<\/div><div class=\"fusion-clearfix\"><\/div><\/div><\/div><\/div><\/div><div class=\"fusion-fullwidth fullwidth-box fusion-builder-row-2 fusion-parallax-fixed nonhundred-percent-fullwidth non-hundred-percent-height-scrolling\"  style='background-color: rgba(255,255,255,0);background-image: url(\"https:\/\/www.prodentitalia.eu\/espa\/wp-content\/uploads\/sites\/36\/2015\/07\/pazientibkg01.jpg\");background-position: left top;background-repeat: no-repeat;border-top-width:0px;border-bottom-width:0px;border-color:#eae9e9;border-top-style:solid;border-bottom-style:solid;-webkit-background-size:cover;-moz-background-size:cover;-o-background-size:cover;background-size:cover;background-attachment:fixed;'><div class=\"fusion-builder-row fusion-row \"><div  class=\"fusion-layout-column fusion_builder_column fusion_builder_column_1_1 fusion-builder-column-2 fusion-one-full fusion-column-first fusion-column-last 1_1\"  style='margin-top:200px;margin-bottom:200px;'><div class=\"fusion-column-wrapper\" style=\"background-position:left top;background-repeat:no-repeat;-webkit-background-size:cover;-moz-background-size:cover;-o-background-size:cover;background-size:cover;\"   data-bg-url=\"\"><div class=\"fusion-text\"><p style=\"text-align: right; font-size: 49px; background-color: rgba(255, 255, 255, 0.4); line-height: 80px;\"><span style=\"color: #000000;\">Reconstrucci\u00f3n, pr\u00f3tesis, tecnolog\u00eda e implantes<\/span><\/p>\n<\/div><div class=\"fusion-clearfix\"><\/div><\/div><\/div><\/div><\/div><div class=\"fusion-fullwidth fullwidth-box fusion-builder-row-3 nonhundred-percent-fullwidth non-hundred-percent-height-scrolling fusion-equal-height-columns\"  style='background-color: rgba(255,255,255,0);background-position: left top;background-repeat: no-repeat;padding-top:40px;padding-bottom:20px;border-top-width:0px;border-bottom-width:0px;border-color:#eae9e9;border-top-style:solid;border-bottom-style:solid;'><div class=\"fusion-builder-row fusion-row \"><div  class=\"fusion-layout-column fusion_builder_column fusion_builder_column_1_2 fusion-builder-column-3 fusion-one-half fusion-column-first 1_2\"  style='margin-top:0px;margin-bottom:20px;width:48%; margin-right: 4%;'><div class=\"fusion-column-wrapper\" style=\"border:1px solid #eaeaea;padding: 20px;background-position:left top;background-repeat:no-repeat;-webkit-background-size:cover;-moz-background-size:cover;-o-background-size:cover;background-size:cover;\"   data-bg-url=\"\"><div class=\"fusion-text\"><h2><strong>La reconstrucci\u00f3n de un solo diente<\/strong><\/h2>\n<p>En caso de edentulismo (falta) de un solo diente, la introducci\u00f3n de un implante dental conserva los dientes sanos adyacentes y reproduce fielmente la est\u00e9tica bas\u00e1ndose en la forma y el color de la dentadura natural presente.<\/p>\n<p>&nbsp;<\/p>\n<div class=\"imageframe-align-center\"><span class=\"fusion-imageframe imageframe-none imageframe-2 hover-type-none\"><img loading=\"lazy\" src=\"https:\/\/www.prodentitalia.eu\/espa\/wp-content\/uploads\/sites\/36\/2015\/07\/monoedentulia-es.jpg\" width=\"320\" height=\"100\" alt=\"monoedentulia-es\" title=\"monoedentulia-es\" class=\"img-responsive wp-image-11801\"\/><\/span><\/div>\n<\/div><div class=\"fusion-clearfix\"><\/div><\/div><\/div><div  class=\"fusion-layout-column fusion_builder_column fusion_builder_column_1_2 fusion-builder-column-4 fusion-one-half fusion-column-last 1_2\"  style='margin-top:0px;margin-bottom:20px;width:48%'><div class=\"fusion-column-wrapper\" style=\"border:1px solid #eaeaea;padding: 20px;background-position:left top;background-repeat:no-repeat;-webkit-background-size:cover;-moz-background-size:cover;-o-background-size:cover;background-size:cover;\"   data-bg-url=\"\"><div class=\"fusion-text\"><h2><strong>La reconstrucci\u00f3n de varios dientes<\/strong><\/h2>\n<p>Si te faltan varios dientes, es decir, sufres de edentulismo parcial, se pueden aplicar dos o m\u00e1s implantes dentales que sostendr\u00e1n una estructura prot\u00e9sica extremadamente estable y resistente, cuyo resultado est\u00e9tico y funcional no podr\u00e1 distinguirse de tu propia dentadura natural.<\/p>\n<p>&nbsp;<\/p>\n<div class=\"imageframe-align-center\"><span class=\"fusion-imageframe imageframe-none imageframe-3 hover-type-none\"><img loading=\"lazy\" src=\"https:\/\/www.prodentitalia.eu\/espa\/wp-content\/uploads\/sites\/36\/2015\/07\/edentulia-parziale-es.jpg\" width=\"320\" height=\"100\" alt=\"edentulia-parziale-es\" title=\"edentulia-parziale-es\" class=\"img-responsive wp-image-11799\"\/><\/span><\/div>\n<\/div><div class=\"fusion-clearfix\"><\/div><\/div><\/div><div  class=\"fusion-layout-column fusion_builder_column fusion_builder_column_1_1 fusion-builder-column-5 fusion-one-full fusion-column-first fusion-column-last fusion-column-no-min-height 1_1\"  style='margin-top:0px;margin-bottom:0px;'><div class=\"fusion-column-wrapper\" style=\"background-position:left top;background-repeat:no-repeat;-webkit-background-size:cover;-moz-background-size:cover;-o-background-size:cover;background-size:cover;\"   data-bg-url=\"\"><div class=\"fusion-sep-clear\"><\/div><div class=\"fusion-separator fusion-full-width-sep sep-none\" style=\"margin-left: auto;margin-right: auto;margin-top:;\"><\/div><div class=\"fusion-clearfix\"><\/div><\/div><\/div><div  class=\"fusion-layout-column fusion_builder_column fusion_builder_column_1_2 fusion-builder-column-6 fusion-one-half fusion-column-first 1_2\"  style='margin-top:0px;margin-bottom:20px;width:48%; margin-right: 4%;'><div class=\"fusion-column-wrapper\" style=\"border:1px solid #eaeaea;padding: 20px;background-position:left top;background-repeat:no-repeat;-webkit-background-size:cover;-moz-background-size:cover;-o-background-size:cover;background-size:cover;\"   data-bg-url=\"\"><div class=\"fusion-text\"><h2><strong>La pr\u00f3tesis fija sobre implantes, superior o inferior<\/strong><\/h2>\n<p>En caso de edentulismo total, es decir, la ausencia de todos los dientes, gracias a los implantes dentales se podr\u00e1 fijar de modo permanente una pr\u00f3tesis total, tanto en la mand\u00edbula superior como en la inferior, altamente estable y funcional. En caso de calidad \u00f3sea aceptable, este tipo de pr\u00f3tesis puede ser fijada con tan solo cuatro implantes.<\/p>\n<p>&nbsp;<\/p>\n<div class=\"imageframe-align-center\"><span class=\"fusion-imageframe imageframe-none imageframe-4 hover-type-none\"><img loading=\"lazy\" src=\"https:\/\/www.prodentitalia.eu\/espa\/wp-content\/uploads\/sites\/36\/2015\/07\/protesi-fissa-es.jpg\" width=\"320\" height=\"100\" alt=\"protesi-fissa-es\" title=\"protesi-fissa-es\" class=\"img-responsive wp-image-11802\"\/><\/span><\/div>\n<\/div><div class=\"fusion-clearfix\"><\/div><\/div><\/div><div  class=\"fusion-layout-column fusion_builder_column fusion_builder_column_1_2 fusion-builder-column-7 fusion-one-half fusion-column-last 1_2\"  style='margin-top:0px;margin-bottom:20px;width:48%'><div class=\"fusion-column-wrapper\" style=\"border:1px solid #eaeaea;padding: 20px;background-position:left top;background-repeat:no-repeat;-webkit-background-size:cover;-moz-background-size:cover;-o-background-size:cover;background-size:cover;\"   data-bg-url=\"\"><div class=\"fusion-text\"><h2><strong>La pr\u00f3tesis m\u00f3vil sobre implantes, superior o inferior<\/strong><\/h2>\n<p>En caso de edentulismo total, es decir, la ausencia de todos los dientes, gracias a los implantes dentales se podr\u00e1 fijar de modo permanente una pr\u00f3tesis total, tanto en la mand\u00edbula superior como en la inferior, altamente estable y funcional. Este tipo de pr\u00f3tesis puede ser fijada con tan solo dos implantes.<\/p>\n<p>&nbsp;<\/p>\n<div class=\"imageframe-align-center\"><span class=\"fusion-imageframe imageframe-none imageframe-5 hover-type-none\"><img loading=\"lazy\" src=\"https:\/\/www.prodentitalia.eu\/espa\/wp-content\/uploads\/sites\/36\/2015\/07\/protesi-mobile-es.jpg\" width=\"320\" height=\"100\" alt=\"protesi-mobile-es\" title=\"protesi-mobile-es\" class=\"img-responsive wp-image-11803\"\/><\/span><\/div>\n<\/div><div class=\"fusion-clearfix\"><\/div><\/div><\/div><div  class=\"fusion-layout-column fusion_builder_column fusion_builder_column_1_1 fusion-builder-column-8 fusion-one-full fusion-column-first fusion-column-last fusion-column-no-min-height 1_1\"  style='margin-top:0px;margin-bottom:0px;'><div class=\"fusion-column-wrapper\" style=\"background-position:left top;background-repeat:no-repeat;-webkit-background-size:cover;-moz-background-size:cover;-o-background-size:cover;background-size:cover;\"   data-bg-url=\"\"><div class=\"fusion-sep-clear\"><\/div><div class=\"fusion-separator fusion-full-width-sep sep-none\" style=\"margin-left: auto;margin-right: auto;margin-top:;\"><\/div><div class=\"fusion-clearfix\"><\/div><\/div><\/div><div  class=\"fusion-layout-column fusion_builder_column fusion_builder_column_1_2 fusion-builder-column-9 fusion-one-half fusion-column-first 1_2\"  style='margin-top:0px;margin-bottom:20px;width:48%; margin-right: 4%;'><div class=\"fusion-column-wrapper\" style=\"border:1px solid #eaeaea;padding: 20px;background-position:left top;background-repeat:no-repeat;-webkit-background-size:cover;-moz-background-size:cover;-o-background-size:cover;background-size:cover;\"   data-bg-url=\"\"><div class=\"fusion-text\"><h2><strong>La tecnolog\u00eda al servicio del paciente<\/strong><\/h2>\n<p>Hoy en d\u00eda se puede diagnosticar y planificar la intervenci\u00f3n quir\u00fargica para la introducci\u00f3n de implantes utilizando soportes inform\u00e1ticos que la agilizan y simplifican, haciendo que la implantolog\u00eda resulte poco invasiva y reduciendo los tiempos cl\u00ednicos operativos, lo cual se traduce en un c\u00f3modo posoperatorio para los pacientes.<\/p>\n<p>&nbsp;<\/p>\n<div class=\"imageframe-align-center\"><span class=\"fusion-imageframe imageframe-none imageframe-6 hover-type-none\"><img loading=\"lazy\" src=\"https:\/\/www.prodentitalia.eu\/espa\/wp-content\/uploads\/sites\/36\/2015\/07\/tecnologia.png\" width=\"320\" height=\"120\" alt=\"\" title=\"tecnologia\" class=\"img-responsive wp-image-11711\"\/><\/span><\/div>\n<\/div><div class=\"fusion-clearfix\"><\/div><\/div><\/div><div  class=\"fusion-layout-column fusion_builder_column fusion_builder_column_1_2 fusion-builder-column-10 fusion-one-half fusion-column-last 1_2\"  style='margin-top:0px;margin-bottom:20px;width:48%'><div class=\"fusion-column-wrapper\" style=\"border:1px solid #eaeaea;padding: 20px;background-position:left top;background-repeat:no-repeat;-webkit-background-size:cover;-moz-background-size:cover;-o-background-size:cover;background-size:cover;\"   data-bg-url=\"\"><div class=\"fusion-text\"><h2><strong>Tipos de implantes<\/strong><\/h2>\n<p>Prodent Italia dispone de una amplia gama de productos para satisfacer los requisitos m\u00e1s exigentes de odont\u00f3logos y pacientes. Existen implantes de forma c\u00f3nica, cil\u00edndrica e implantes muy cortos (en casos con poco hueso), para poder realizar cualquier tipo de tratamiento implanto-prot\u00e9sico. Todos los implantes Prodent han sido realizados con tecnolog\u00edas modernas y siguiendo la literatura reciente, a fin de garantizar un producto moderno y fiable.<\/p>\n<p>&nbsp;<\/p>\n<div class=\"imageframe-align-center\"><span class=\"fusion-imageframe imageframe-none imageframe-7 hover-type-none\"><img loading=\"lazy\" src=\"https:\/\/www.prodentitalia.eu\/espa\/wp-content\/uploads\/sites\/36\/2015\/07\/impianti-prodent-es.png\" width=\"320\" height=\"100\" alt=\"impianti-prodent-es\" title=\"impianti-prodent-es\" class=\"img-responsive wp-image-11800\"\/><\/span><\/div>\n<\/div><div class=\"fusion-clearfix\"><\/div><\/div><\/div><\/div><\/div><div class=\"fusion-fullwidth fullwidth-box fusion-builder-row-4 nonhundred-percent-fullwidth non-hundred-percent-height-scrolling\"  style='background-color: #f2f2f2;background-position: left top;background-repeat: no-repeat;padding-top:20px;padding-bottom:20px;border-top-width:0px;border-bottom-width:0px;border-color:#eae9e9;border-top-style:solid;border-bottom-style:solid;'><div class=\"fusion-builder-row fusion-row \"><div  class=\"fusion-layout-column fusion_builder_column fusion_builder_column_1_1 fusion-builder-column-11 fusion-one-full fusion-column-first fusion-column-last 1_1\"  style='margin-top:20px;margin-bottom:20px;'><div class=\"fusion-column-wrapper\" style=\"background-position:left top;background-repeat:no-repeat;-webkit-background-size:cover;-moz-background-size:cover;-o-background-size:cover;background-size:cover;\"   data-bg-url=\"\"><div class=\"fusion-text\"><p style=\"font-size: 54px; line-height: 80px; text-align: center;\"><span style=\"color: #008dbd;\">Pregunta a tu odont\u00f3logo<\/span><\/p>\n<\/div><div class=\"fusion-clearfix\"><\/div><\/div><\/div><div  class=\"fusion-layout-column fusion_builder_column fusion_builder_column_1_1 fusion-builder-column-12 fusion-one-full fusion-column-first fusion-column-last fusion-column-no-min-height 1_1\"  style='margin-top:0px;margin-bottom:0px;'><div class=\"fusion-column-wrapper\" style=\"background-position:left top;background-repeat:no-repeat;-webkit-background-size:cover;-moz-background-size:cover;-o-background-size:cover;background-size:cover;\"   data-bg-url=\"\"><div class=\"fusion-sep-clear\"><\/div><div class=\"fusion-separator fusion-full-width-sep sep-none\" style=\"margin-left: auto;margin-right: auto;margin-top:;\"><\/div><div class=\"fusion-clearfix\"><\/div><\/div><\/div><div  class=\"fusion-layout-column fusion_builder_column fusion_builder_column_1_2 fusion-builder-column-13 fusion-one-half fusion-column-first 1_2\"  style='margin-top:0px;margin-bottom:20px;width:48%; margin-right: 4%;'><div class=\"fusion-column-wrapper\" style=\"border:0px solid #eaeaea;padding: 20px;background-position:left top;background-repeat:no-repeat;-webkit-background-size:cover;-moz-background-size:cover;-o-background-size:cover;background-size:cover;\"   data-bg-url=\"\"><div class=\"fusion-text\"><p>Prevenci\u00f3n a trav\u00e9s de controles realizados con regularidad por el odont\u00f3logo y por el higienista dental, reducci\u00f3n o cese del tabaquismo, reducci\u00f3n del consumo de alcoh\u00f3licos, restauraciones funcionales y est\u00e9ticas en bocas sanas e implantes para sustituir los dientes que faltan sin tener que sacrificar dientes sanos.<\/p>\n<p>Estos pocos consejos ayudan a conservar nuestros dientes y a mantener en buen estado la salud oral. Las terapias conservadoras y est\u00e9ticas son importantes, puesto que act\u00faan de manera positiva sobre la salud psicof\u00edsica de cada uno de nosotros y resultan fundamentales para tener un aspecto cuidado y agradable; en el fondo, tener una bonita sonrisa ayuda notablemente en las relaciones sociales.<\/p>\n<p>&nbsp;<\/p>\n<p><strong>Pide m\u00e1s informaci\u00f3n a tu dentista a cerca de estas pocas reglas y sobre c\u00f3mo se lleva a cabo un tratamiento implantol\u00f3gico.<\/strong><\/p>\n<\/div><div class=\"fusion-clearfix\"><\/div><\/div><\/div><div  class=\"fusion-layout-column fusion_builder_column fusion_builder_column_1_2 fusion-builder-column-14 fusion-one-half fusion-column-last 1_2\"  style='margin-top:0px;margin-bottom:20px;width:48%'><div class=\"fusion-column-wrapper\" style=\"border:1px solid #eaeaea;padding: 20px;background-position:left top;background-repeat:no-repeat;-webkit-background-size:cover;-moz-background-size:cover;-o-background-size:cover;background-size:cover;\"   data-bg-url=\"\"><div class=\"fusion-text\"><h2>Tu pasaporte implantol\u00f3gico<\/h2>\n<p>Al terminar la intervenci\u00f3n, el implant\u00f3logo te har\u00e1 entrega de tu pasaporte implantol\u00f3gico cumplimentado con toda la informaci\u00f3n sobre los dispositivos que han sido utilizados, incluidos el c\u00f3digo, el lote de producci\u00f3n y la posici\u00f3n en la boca. En caso de necesidad e independientemente de d\u00f3nde te encuentres, este documento te podr\u00eda ser muy \u00fatil en tus futuros tratamientos implantol\u00f3gicos.<\/p>\n<p>&nbsp;<\/p>\n<div class=\"imageframe-align-center\"><span class=\"fusion-imageframe imageframe-none imageframe-8 hover-type-none\"><img loading=\"lazy\" src=\"https:\/\/www.prodentitalia.eu\/espa\/wp-content\/uploads\/sites\/36\/2015\/07\/passaporto-implantare.png\" width=\"320\" height=\"120\" alt=\"\" title=\"passaporto-implantare\" class=\"img-responsive wp-image-11717\"\/><\/span><\/div>\n<\/div><div class=\"fusion-clearfix\"><\/div><\/div><\/div><\/div><\/div><div class=\"fusion-fullwidth fullwidth-box fusion-builder-row-5 nonhundred-percent-fullwidth non-hundred-percent-height-scrolling\"  style='background-color: rgba(255,255,255,0);background-position: left top;background-repeat: no-repeat;padding-top:20px;padding-bottom:20px;border-top-width:0px;border-bottom-width:0px;border-color:#eae9e9;border-top-style:solid;border-bottom-style:solid;'><div class=\"fusion-builder-row fusion-row \"><div  class=\"fusion-layout-column fusion_builder_column fusion_builder_column_1_1 fusion-builder-column-15 fusion-one-full fusion-column-first fusion-column-last 1_1\"  style='margin-top:50px;margin-bottom:20px;'><div class=\"fusion-column-wrapper\" style=\"background-position:left top;background-repeat:no-repeat;-webkit-background-size:cover;-moz-background-size:cover;-o-background-size:cover;background-size:cover;\"   data-bg-url=\"\"><div class=\"fusion-text\"><h2 style=\"text-align: center;\">Descarga el folleto que hemos preparado para ti con toda la informaci\u00f3n necesaria para comprender el valor de un implante.<\/h2>\n<p style=\"text-align: center;\"><div class=\"fusion-button-wrapper fusion-aligncenter\"><style type=\"text\/css\">.fusion-button.button-1 .fusion-button-text, .fusion-button.button-1 i {color:#008dbd;}.fusion-button.button-1 .fusion-button-icon-divider{border-color:#008dbd;}.fusion-button.button-1:hover .fusion-button-text, .fusion-button.button-1:hover i,.fusion-button.button-1:focus .fusion-button-text, .fusion-button.button-1:focus i,.fusion-button.button-1:active .fusion-button-text, .fusion-button.button-1:active{color:#fff;}.fusion-button.button-1:hover .fusion-button-icon-divider, .fusion-button.button-1:hover .fusion-button-icon-divider, .fusion-button.button-1:active .fusion-button-icon-divider{border-color:#fff;}.fusion-button.button-1:hover, .fusion-button.button-1:focus, .fusion-button.button-1:active{border-color:#fff;border-width:2px;}.fusion-button.button-1 {border-color:#008dbd;border-width:2px;border-radius:2px;}.fusion-button.button-1{background: #ffffff;}.fusion-button.button-1:hover,.button-1:focus,.fusion-button.button-1:active{background: #008dbd;}<\/style><a class=\"fusion-button button-flat button-xlarge button-custom button-1 fusion-button-default-span \" target=\"_blank\" rel=\"noopener noreferrer\" href=\"https:\/\/www.prodentitalia.eu\/pdf\/it\/paziente.pdf\"><span class=\"fusion-button-text\">DESCARGAR EL FOLLETO<\/span><\/a><\/div><\/p>\n<\/div><div class=\"fusion-clearfix\"><\/div><\/div><\/div><\/div><\/div><\/p>\n","protected":false},"excerpt":{"rendered":"","protected":false},"author":1,"featured_media":0,"parent":0,"menu_order":0,"comment_status":"open","ping_status":"open","template":"100-width.php","meta":[],"yoast_head":"<!-- This site is optimized with the Yoast SEO plugin v14.7 - https:\/\/yoast.com\/wordpress\/plugins\/seo\/ -->\n<title>Descubre m\u00e1s sobre los implantes dentales Prodent Italia<\/title>\n<meta name=\"robots\" content=\"index, follow\" \/>\n<meta name=\"googlebot\" content=\"index, follow, max-snippet:-1, max-image-preview:large, max-video-preview:-1\" \/>\n<meta name=\"bingbot\" content=\"index, follow, max-snippet:-1, max-image-preview:large, max-video-preview:-1\" \/>\n<link rel=\"canonical\" href=\"https:\/\/www.prodentitalia.eu\/espa\/scopri-di-piu-sugli-impianti-dentali\/\" \/>\n<meta property=\"og:locale\" content=\"es_ES\" \/>\n<meta property=\"og:type\" content=\"article\" \/>\n<meta property=\"og:title\" content=\"Descubre m\u00e1s sobre los implantes dentales Prodent Italia\" \/>\n<meta property=\"og:url\" content=\"https:\/\/www.prodentitalia.eu\/espa\/scopri-di-piu-sugli-impianti-dentali\/\" \/>\n<meta property=\"og:site_name\" content=\"\u00c1rea Pacientes Prodent Italia\" \/>\n<meta property=\"article:modified_time\" content=\"2020-01-19T17:05:38+00:00\" \/>\n<meta property=\"og:image\" content=\"https:\/\/www.prodentitalia.eu\/espa\/wp-content\/uploads\/sites\/36\/2015\/07\/pazienti01.jpg\" \/>\n<meta name=\"twitter:card\" content=\"summary\" \/>\n<meta name=\"twitter:creator\" content=\"@pr0en7erad475\" \/>\n<script type=\"application\/ld+json\" class=\"yoast-schema-graph\">{\"@context\":\"https:\/\/schema.org\",\"@graph\":[{\"@type\":\"WebSite\",\"@id\":\"https:\/\/www.prodentitalia.eu\/espa\/#website\",\"url\":\"https:\/\/www.prodentitalia.eu\/espa\/\",\"name\":\"\\u00c1rea Pacientes Prodent Italia\",\"description\":\"Prodent Italia l&#039;implantologia made in Italy\",\"potentialAction\":[{\"@type\":\"SearchAction\",\"target\":\"https:\/\/www.prodentitalia.eu\/espa\/?s={search_term_string}\",\"query-input\":\"required name=search_term_string\"}],\"inLanguage\":\"es\"},{\"@type\":\"ImageObject\",\"@id\":\"https:\/\/www.prodentitalia.eu\/espa\/scopri-di-piu-sugli-impianti-dentali\/#primaryimage\",\"inLanguage\":\"es\",\"url\":\"https:\/\/www.prodentitalia.eu\/espa\/wp-content\/uploads\/sites\/36\/2015\/07\/pazienti01.jpg\",\"width\":500,\"height\":500},{\"@type\":\"WebPage\",\"@id\":\"https:\/\/www.prodentitalia.eu\/espa\/scopri-di-piu-sugli-impianti-dentali\/#webpage\",\"url\":\"https:\/\/www.prodentitalia.eu\/espa\/scopri-di-piu-sugli-impianti-dentali\/\",\"name\":\"Descubre m\\u00e1s sobre los implantes dentales Prodent Italia\",\"isPartOf\":{\"@id\":\"https:\/\/www.prodentitalia.eu\/espa\/#website\"},\"primaryImageOfPage\":{\"@id\":\"https:\/\/www.prodentitalia.eu\/espa\/scopri-di-piu-sugli-impianti-dentali\/#primaryimage\"},\"datePublished\":\"2015-07-17T06:08:18+00:00\",\"dateModified\":\"2020-01-19T17:05:38+00:00\",\"inLanguage\":\"es\",\"potentialAction\":[{\"@type\":\"ReadAction\",\"target\":[\"https:\/\/www.prodentitalia.eu\/espa\/scopri-di-piu-sugli-impianti-dentali\/\"]}]}]}<\/script>\n<!-- \/ Yoast SEO plugin. -->","_links":{"self":[{"href":"https:\/\/www.prodentitalia.eu\/espa\/wp-json\/wp\/v2\/pages\/11669"}],"collection":[{"href":"https:\/\/www.prodentitalia.eu\/espa\/wp-json\/wp\/v2\/pages"}],"about":[{"href":"https:\/\/www.prodentitalia.eu\/espa\/wp-json\/wp\/v2\/types\/page"}],"author":[{"embeddable":true,"href":"https:\/\/www.prodentitalia.eu\/espa\/wp-json\/wp\/v2\/users\/1"}],"replies":[{"embeddable":true,"href":"https:\/\/www.prodentitalia.eu\/espa\/wp-json\/wp\/v2\/comments?post=11669"}],"version-history":[{"count":43,"href":"https:\/\/www.prodentitalia.eu\/espa\/wp-json\/wp\/v2\/pages\/11669\/revisions"}],"predecessor-version":[{"id":11823,"href":"https:\/\/www.prodentitalia.eu\/espa\/wp-json\/wp\/v2\/pages\/11669\/revisions\/11823"}],"wp:attachment":[{"href":"https:\/\/www.prodentitalia.eu\/espa\/wp-json\/wp\/v2\/media?parent=11669"}],"curies":[{"name":"wp","href":"https:\/\/api.w.org\/{rel}","templated":true}]}}