{"id":11734,"date":"2015-09-25T10:18:55","date_gmt":"2015-09-25T08:18:55","guid":{"rendered":"http:\/\/www.prodentitalia.eu\/espa\/?page_id=11734"},"modified":"2020-01-19T18:05:37","modified_gmt":"2020-01-19T17:05:37","slug":"cookie-policy","status":"publish","type":"page","link":"https:\/\/www.prodentitalia.eu\/espa\/cookie-policy\/","title":{"rendered":"Pol\u00edtica de Cookies"},"content":{"rendered":"<div class=\"fusion-fullwidth fullwidth-box fusion-builder-row-1 hundred-percent-fullwidth non-hundred-percent-height-scrolling\"  style='background-color: rgba(255,255,255,0);background-position: center center;background-repeat: no-repeat;padding-top:0px;padding-right:0px;padding-bottom:0px;padding-left:0px;border-top-width:0px;border-bottom-width:0px;border-color:#eae9e9;border-top-style:solid;border-bottom-style:solid;'><div class=\"fusion-builder-row fusion-row \"><div  class=\"fusion-layout-column fusion_builder_column fusion_builder_column_1_1 fusion-builder-column-0 fusion-one-full fusion-column-first fusion-column-last 1_1\"  style='margin-top:0px;margin-bottom:20px;'><div class=\"fusion-column-wrapper\" style=\"background-position:left top;background-repeat:no-repeat;-webkit-background-size:cover;-moz-background-size:cover;-o-background-size:cover;background-size:cover;\"   data-bg-url=\"\"><div class=\"fusion-text\"><div class=\"fusion-one-full fusion-layout-column fusion-column-last fusion-spacing-yes\">\n<div class=\"fusion-column-wrapper\">\n<div class=\"fusion-one-full fusion-layout-column fusion-column-last fusion-spacing-yes\">\n<div class=\"fusion-column-wrapper\">\n<p><strong>INFORMATIVA SOBRE LAS COOKIES de Prodent Italia Srl para este sitio Prodent Italia<\/strong><\/p>\n<p>Informativa extendida en cuesti\u00f3n de cookies.<\/p>\n<p>Utilizando el Sitio el usuario acepta expl\u00edcitamente el uso de cookies, en cualquier caso siempre puede declinar dicho consentimiento desactivando el uso de las cookies a trav\u00e9s de la funci\u00f3n espec\u00edfica de cada navegador (Firefox, Internet Explorer, Chrome, Safari, Opera\u2026).<\/p>\n<p><strong>Qu\u00e9 son las cookies:<\/strong> las cookies son peque\u00f1os archivos de texto que los sitios visitados por el usuario env\u00edan a su terminal (normalmente al navegador). Utilizadas para mejorar los servicios facilitados por un sitio, las cookies se emplean para llevar a cabo, por ejemplo, autenticaciones inform\u00e1ticas (recordar los datos de login para no tener que volver a introducirlos cada vez que se accede al sitio), monitorizar sesiones y memorizar informaci\u00f3n espec\u00edfica sobre los usuarios que acceden al servidor. Normalmente los navegadores de los usuarios alojan un gran n\u00famero de cookies. Algunas operaciones no podr\u00edan llevarse a cabo sin el uso de las cookies, que por lo tanto en algunos casos resultan t\u00e9cnicamente necesarias.<\/p>\n<p>Las cookies se clasifican en base a la duraci\u00f3n y al sitio que las genera:<br \/>\n<strong>Cookies de sesi\u00f3n:<\/strong> se eliminan al cerrar el navegador<br \/>\n<strong>Cookies persistentes:<\/strong> se eliminan despu\u00e9s de un tiempo preestablecido<br \/>\n<strong>Cookies de primeras partes:<\/strong> generadas por los sitios web (con dominio igual al indicado en la barra de las direcciones del navegador) y pueden ser le\u00eddas solo por estos sitios. Normalmente se utilizan para archivar informaci\u00f3n, como las preferencias, a utilizar las siguientes veces que se visite el sitio.<br \/>\n<strong>Cookies de terceras partes:<\/strong> durante la navegaci\u00f3n, el usuario tambi\u00e9n puede recibir en su terminal cookies de sitios o servidores distintos; esto ocurre porque en la p\u00e1gina web visitada puede haber elementos como, por ejemplo, im\u00e1genes, mapas, sonidos, links espec\u00edficos a p\u00e1ginas web de otros dominios que residen en servidores distintos a aqu\u00e9l en el que se encuentra la p\u00e1gina solicitada.<\/p>\n<p>Existen dos macro-categor\u00edas: <strong>cookies \u00abt\u00e9cnicas\u00bb y cookies \u00abde perfilaci\u00f3n\u00bb<\/strong>.<br \/>\nLas cookies t\u00e9cnicas pueden subdividirse en cookies de navegaci\u00f3n o de sesi\u00f3n, que garantizan la navegaci\u00f3n y el uso normal del sitio web (permitiendo, por ejemplo, realizar una compra o acreditarse para acceder a las \u00e1reas reservadas); cookies anal\u00edticas, asimiladas a las cookies t\u00e9cnicas all\u00ed donde sean directamente utilizadas por el gestor del sitio para recoger informaci\u00f3n, de forma agregada, sobre el n\u00famero de los usuarios y sobre c\u00f3mo estos visitan el sitio en cuesti\u00f3n; cookies de funcionalidad, que permiten al usuario la navegaci\u00f3n en funci\u00f3n de una serie de criterios seleccionados (por ejemplo, el idioma, los productos seleccionados para la compra) con el fin de mejorar el servicio facilitado. Para instalar estas cookies no es necesario el consentimiento previo de los usuarios, sin embargo sigue siendo obligatorio facilitar la declaraci\u00f3n (seg\u00fan el art\u00edculo 122 del c\u00f3digo sobre la privacidad y de la medida general del Supervisor para la Protecci\u00f3n de los datos personales del 8 de mayo de 2014).<\/p>\n<p>Las cookies de perfilaci\u00f3n est\u00e1n dirigidas a la creaci\u00f3n de perfiles relacionados con el usuario y son utilizadas para enviar mensajes publicitarios en l\u00ednea con las preferencias manifestadas por el mismo durante su navegaci\u00f3n por la red. Considerando el especial intrusismo que estos dispositivos pueden tener el entorno privado de los usuarios, la normativa europea e italiana prev\u00e9 que el usuario sea debidamente informado sobre el uso de los mismos y pueda expresar de este modo un consentimiento v\u00e1lido.<\/p>\n<p>Las cookies t\u00e9cnicas y las cookies de perfilaci\u00f3n deben diferenciarse entre las instaladas por el Titular del sitio o bien por servicios de terceros que utiliza el sitio (cookies de terceras partes).<\/p>\n<p><strong>C\u00f3mo utilizamos las cookies<\/strong><br \/>\n<strong>Cookies de primeras partes (generadas por este sitio):<\/strong><br \/>\nEsto sitio utiliza cookies t\u00e9cnicas para algunos procedimientos de navegaci\u00f3n (por ej. acceso al \u00e1rea profesionales). Estas cookies no contienen datos personales y duran solo durante la sesi\u00f3n actual.<\/p>\n<p><strong>Cookies de terceras partes:<\/strong><\/p>\n<p>En algunas p\u00e1ginas del sitio se utiliza Google Maps (elemento incorporado). Google Maps es un servicio de visualizaci\u00f3n de mapas gestionado por Google Inc. que permite a esta Aplicaci\u00f3n integrar sus contenidos en sus p\u00e1ginas.<br \/>\nPara m\u00e1s informaci\u00f3n sobre el uso de los datos y el tratamiento de los mismos por parte de Google se recomienda consultar la informaci\u00f3n que aparece en la siguiente direcci\u00f3n:<a href=\"http:\/\/www.google.com\/intl\/es\/policies\/privacy\/\" target=\"_blank\" rel=\"noopener noreferrer\"> http:\/\/www.google.com\/intl\/es\/policies\/privacy\/<\/a> .<\/p>\n<p>El sitio utiliza Google Analytics con IP anonimizado (Google Inc.). Google Analytics es un servicio de an\u00e1lisis web facilitado por Google Inc. (\u00abGoogle\u00bb). Google utiliza los Datos Personales recopilados con el fin de rastrear y examinar el uso de este sitio, cumplimentar informes y compartirlos con otros servicios desarrollados por Google. Google podr\u00eda utilizar los Datos Personales para contextualizar y personalizar los anuncios de su propia red publicitaria. Esta integraci\u00f3n de Google Analytics anonimiza tu direcci\u00f3n IP. La anonimizaci\u00f3n funciona abreviando la direcci\u00f3n IP de los Usuarios dentro de las fronteras de los Estados Miembros de la Uni\u00f3n Europea o en otros pa\u00edses que forman parte del Espacio Econ\u00f3mico Europeo. S\u00f3lo en casos excepcionales, la direcci\u00f3n IP ser\u00e1 enviada a los servidores de Google y abreviada dentro de los Estados Unidos.<br \/>\nPara m\u00e1s informaci\u00f3n sobre el uso de los datos y el tratamiento de los mismos por parte de Google se recomienda consultar la informaci\u00f3n que aparece en la siguiente direcci\u00f3n: <a href=\"http:\/\/www.google.com\/intl\/es\/policies\/privacy\/\" target=\"_blank\" rel=\"noopener noreferrer\">http:\/\/www.google.com\/intl\/es\/policies\/privacy\/<\/a>.<br \/>\nPara desactivar Google Analytics (OPT-OUT) visita la p\u00e1gina en la siguiente direcci\u00f3n de Internet: <a href=\"https:\/\/tools.google.com\/dlpage\/gaoptout?hl=es\" target=\"_blank\" rel=\"noopener noreferrer\">https:\/\/tools.google.com\/dlpage\/gaoptout?hl=es<\/a><\/p>\n<p>Si se detecta una cookie de terceras partes dentro del sitio web (esto vale sobre todo en aquellos casos en los que la p\u00e1gina web contenga los llamados \u2018elementos incorporados\u2019: textos, documentos, im\u00e1genes o breves v\u00eddeos que est\u00e1n archivados en otro lugar, pero que se visualizan en o a trav\u00e9s de nuestro sitio) puedes ponerte directamente en contacto con las terceras partes y solicitar informaci\u00f3n a cerca del tipo de cookies que env\u00edan.<\/p>\n<p><strong>C\u00f3mo controlar, inhabilitar y cancelar las cookies<\/strong><br \/>\nEste sitio no utiliza cookies de primera parte para recopilar datos personales. En cualquier caso las cookies que aparezcan al navegar por este sitio se pueden limitar o bloquear a trav\u00e9s del panel dedicado del navegador.<\/p>\n<p>Las cookies son archivos normales de texto, por lo tanto puede accederse a ellas utilizando cualquier editor o programa de elaboraci\u00f3n de textos. Para abrirlas es suficiente hacer clic sobre ellas. Para m\u00e1s informaci\u00f3n sobre c\u00f3mo llevar a cabo este control, consultar la informaci\u00f3n sobre las cookies facilitada por el propio navegador. Si utilizas un tel\u00e9fono m\u00f3vil, un smartphone o una tableta, consulta el manual para obtener m\u00e1s informaci\u00f3n al respecto.<\/p>\n<p>En cada navegador las operaciones de limitaci\u00f3n o bloqueo de las cookies se llevan a cabo siguiendo un procedimiento distinto. Para definir la configuraci\u00f3n correcta utiliza la funci\u00f3n de Gu\u00eda del navegador. Para limitar o desactivar las cookies en un tel\u00e9fono m\u00f3vil, un smartphone o una tableta, consulta el manual correspondiente.<\/p>\n<p>El usuario puede encontrar informaci\u00f3n sobre c\u00f3mo gestionar las Cookies en su navegador en las siguientes direcciones:<br \/>\n\u00b7 <a href=\"https:\/\/support.google.com\/chrome\/answer\/95647?hl=es&amp;p=cpn_cookies\" target=\"_blank\" rel=\"noopener noreferrer\">Google Chrome<\/a><br \/>\n\u00b7 <a href=\"https:\/\/support.mozilla.org\/es\/kb\/habilitar-y-deshabilitar-cookies-que-los-sitios-we\" target=\"_blank\" rel=\"noopener noreferrer\">Mozilla Firefox<\/a><br \/>\n\u00b7 <a href=\"https:\/\/support.apple.com\/kb\/PH19214?viewlocale=es_ES&amp;locale=en_US\" target=\"_blank\" rel=\"noopener noreferrer\">Apple Safari<\/a><br \/>\n\u00b7 <a href=\"http:\/\/windows.microsoft.com\/es-es\/windows-vista\/block-or-allow-cookies\" target=\"_blank\" rel=\"noopener noreferrer\">Microsoft Windows Explorer<\/a><br \/>\n\u00b7 <a href=\"http:\/\/help.opera.com\/Windows\/10.20\/en\/cookies.html\" target=\"_blank\" rel=\"noopener noreferrer\">Opera<\/a><\/p>\n<p>Encontrar\u00e1s m\u00e1s informaci\u00f3n sobre las cookies en Internet, en la direcci\u00f3n <a href=\"http:\/\/www.aboutcookies.org\/\" target=\"_blank\" rel=\"noopener noreferrer\">http:\/\/www.aboutcookies.org\/<\/a><br \/>\nSe avisa que la limitaci\u00f3n o la desactivaci\u00f3n de las cookies podr\u00eda no garantizar el buen funcionamiento del sitio web.<\/p>\n<p>Debido a posibles modificaciones en nuestro sitio web o a las normativas sobre las cookies, es posible que la informaci\u00f3n aqu\u00ed contenida sea modificada peri\u00f3dicamente. As\u00ed pues, deseamos recordar al usuario que estamos autorizados a cambiar los contenidos de las informativas y las cookies indicadas en la lista en cualquier momento y sin previo aviso. En esta p\u00e1gina web puede consultarse la versi\u00f3n m\u00e1s actualizada.<\/p>\n<div class=\"fusion-clearfix\"><\/div>\n<\/div>\n<\/div>\n<\/div>\n<\/div>\n<\/div><div class=\"fusion-clearfix\"><\/div><\/div><\/div><\/div><\/div>\n","protected":false},"excerpt":{"rendered":"","protected":false},"author":1,"featured_media":0,"parent":0,"menu_order":0,"comment_status":"closed","ping_status":"closed","template":"","meta":[],"yoast_head":"<!-- This site is optimized with the Yoast SEO plugin v14.7 - https:\/\/yoast.com\/wordpress\/plugins\/seo\/ -->\n<title>Pol\u00edtica de Cookies - \u00c1rea Pacientes Prodent Italia<\/title>\n<meta name=\"robots\" content=\"index, follow\" \/>\n<meta name=\"googlebot\" content=\"index, follow, max-snippet:-1, max-image-preview:large, max-video-preview:-1\" \/>\n<meta name=\"bingbot\" content=\"index, follow, max-snippet:-1, max-image-preview:large, max-video-preview:-1\" \/>\n<link rel=\"canonical\" href=\"https:\/\/www.prodentitalia.eu\/espa\/cookie-policy\/\" \/>\n<meta property=\"og:locale\" content=\"es_ES\" \/>\n<meta property=\"og:type\" content=\"article\" \/>\n<meta property=\"og:title\" content=\"Pol\u00edtica de Cookies - \u00c1rea Pacientes Prodent Italia\" \/>\n<meta property=\"og:url\" content=\"https:\/\/www.prodentitalia.eu\/espa\/cookie-policy\/\" \/>\n<meta property=\"og:site_name\" content=\"\u00c1rea Pacientes Prodent Italia\" \/>\n<meta property=\"article:modified_time\" content=\"2020-01-19T17:05:37+00:00\" \/>\n<meta name=\"twitter:card\" content=\"summary\" \/>\n<meta name=\"twitter:creator\" content=\"@pr0en7erad475\" \/>\n<script type=\"application\/ld+json\" class=\"yoast-schema-graph\">{\"@context\":\"https:\/\/schema.org\",\"@graph\":[{\"@type\":\"WebSite\",\"@id\":\"https:\/\/www.prodentitalia.eu\/espa\/#website\",\"url\":\"https:\/\/www.prodentitalia.eu\/espa\/\",\"name\":\"\\u00c1rea Pacientes Prodent Italia\",\"description\":\"Prodent Italia l&#039;implantologia made in Italy\",\"potentialAction\":[{\"@type\":\"SearchAction\",\"target\":\"https:\/\/www.prodentitalia.eu\/espa\/?s={search_term_string}\",\"query-input\":\"required name=search_term_string\"}],\"inLanguage\":\"es\"},{\"@type\":\"WebPage\",\"@id\":\"https:\/\/www.prodentitalia.eu\/espa\/cookie-policy\/#webpage\",\"url\":\"https:\/\/www.prodentitalia.eu\/espa\/cookie-policy\/\",\"name\":\"Pol\\u00edtica de Cookies - \\u00c1rea Pacientes Prodent Italia\",\"isPartOf\":{\"@id\":\"https:\/\/www.prodentitalia.eu\/espa\/#website\"},\"datePublished\":\"2015-09-25T08:18:55+00:00\",\"dateModified\":\"2020-01-19T17:05:37+00:00\",\"inLanguage\":\"es\",\"potentialAction\":[{\"@type\":\"ReadAction\",\"target\":[\"https:\/\/www.prodentitalia.eu\/espa\/cookie-policy\/\"]}]}]}<\/script>\n<!-- \/ Yoast SEO plugin. -->","_links":{"self":[{"href":"https:\/\/www.prodentitalia.eu\/espa\/wp-json\/wp\/v2\/pages\/11734"}],"collection":[{"href":"https:\/\/www.prodentitalia.eu\/espa\/wp-json\/wp\/v2\/pages"}],"about":[{"href":"https:\/\/www.prodentitalia.eu\/espa\/wp-json\/wp\/v2\/types\/page"}],"author":[{"embeddable":true,"href":"https:\/\/www.prodentitalia.eu\/espa\/wp-json\/wp\/v2\/users\/1"}],"replies":[{"embeddable":true,"href":"https:\/\/www.prodentitalia.eu\/espa\/wp-json\/wp\/v2\/comments?post=11734"}],"version-history":[{"count":3,"href":"https:\/\/www.prodentitalia.eu\/espa\/wp-json\/wp\/v2\/pages\/11734\/revisions"}],"predecessor-version":[{"id":11820,"href":"https:\/\/www.prodentitalia.eu\/espa\/wp-json\/wp\/v2\/pages\/11734\/revisions\/11820"}],"wp:attachment":[{"href":"https:\/\/www.prodentitalia.eu\/espa\/wp-json\/wp\/v2\/media?parent=11734"}],"curies":[{"name":"wp","href":"https:\/\/api.w.org\/{rel}","templated":true}]}}