{"id":11738,"date":"2015-09-25T10:22:27","date_gmt":"2015-09-25T08:22:27","guid":{"rendered":"http:\/\/www.prodentitalia.eu\/espa\/?page_id=11738"},"modified":"2020-01-19T18:05:37","modified_gmt":"2020-01-19T17:05:37","slug":"utilizzo-del-sito","status":"publish","type":"page","link":"https:\/\/www.prodentitalia.eu\/espa\/utilizzo-del-sito\/","title":{"rendered":"Uso del sitio"},"content":{"rendered":"<div class=\"fusion-fullwidth fullwidth-box fusion-builder-row-1 hundred-percent-fullwidth non-hundred-percent-height-scrolling\"  style='background-color: rgba(255,255,255,0);background-position: center center;background-repeat: no-repeat;padding-top:0px;padding-right:0px;padding-bottom:0px;padding-left:0px;border-top-width:0px;border-bottom-width:0px;border-color:#eae9e9;border-top-style:solid;border-bottom-style:solid;'><div class=\"fusion-builder-row fusion-row \"><div  class=\"fusion-layout-column fusion_builder_column fusion_builder_column_1_1 fusion-builder-column-0 fusion-one-full fusion-column-first fusion-column-last 1_1\"  style='margin-top:0px;margin-bottom:20px;'><div class=\"fusion-column-wrapper\" style=\"background-position:left top;background-repeat:no-repeat;-webkit-background-size:cover;-moz-background-size:cover;-o-background-size:cover;background-size:cover;\"   data-bg-url=\"\"><div class=\"fusion-text\"><p><strong>Condiciones de uso y restricciones legales<\/strong><\/p>\n<p><em>Atenci\u00f3n: lee con atenci\u00f3n las siguientes condiciones antes de utilizar este sitio web. El uso del sitio implica la aceptaci\u00f3n de las condiciones indicadas a continuaci\u00f3n.<\/em><br \/>\nProdent Italia S.r.l. autoriza la consulta y la descarga de los materiales disponibles en este sitio web exclusivamente para uso personal. No se permite bajo ning\u00fan concepto modificar los materiales presentes en el Sitio, reproducirlos ni transmitirlos p\u00fablicamente, ejecutarlos, distribuirlos o utilizarlos de cualquier otro modo con fines p\u00fablicos o comerciales. De acuerdo con las siguientes condiciones, se proh\u00edbe cualquier uso de dichos materiales en cualquier otro sitio Web o entorno de red independientemente del fin. Los materiales disponibles en el Sitio est\u00e1n protegidos por copyright y su uso no autorizado puede comportar la violaci\u00f3n de los derechos de copyright, marcas de f\u00e1brica y otras normas jur\u00eddicas. El Copyright se refiere a todo aquello creado por nosotros, como la disposici\u00f3n de las p\u00e1ginas, la mayor parte de los gr\u00e1ficos (gif, jpg, v\u00eddeos) y parte de los contenidos del sitio; est\u00e1n excluidos: marcas, nombres de marcas, nombres de empresas, nombres de productos, servicios, conexiones e informaciones que derivan o pertenecen a terceras partes. Las marcas y nombres de marcas presentes en nuestras p\u00e1ginas son propiedad de las respectivas empresas que poseen todos los derechos.<\/p>\n<p><strong>Negaci\u00f3n de responsabilidad<\/strong><\/p>\n<p>Prodent Italia S.r.l. no asume ninguna responsabilidad en lo que respecta a la calidad de los servicios ofrecidos, a las posibles omisiones o informaciones inexactas que puedan estar presentes en nuestras p\u00e1ginas; tampoco podr\u00e1 ser considerada responsable de posibles da\u00f1os directos o indirectos derivados del uso de este sitio. LOS MATERIALES Y LOS SERVICIOS DISPONIBLES EN ESTE SITIO SE FACILITAN \u00abTAL COMO SON\u00bb SIN GARANT\u00cdA ALGUNA, NI SIQUIERA GARANT\u00cdA DE COMERCIABILIDAD, IDONEIDAD PARA UN USO ESPEC\u00cdFICO O DE NO VIOLACI\u00d3N DE DERECHOS DE PROPIEDAD INTELECTUAL. Las obligaciones de Prodent Italia S.r.l. en relaci\u00f3n con sus productos y servicios est\u00e1n exclusivamente reguladas por los contratos redactados a tal fin y de ning\u00fan modo el contenido de este sitio puede modificar dichos contratos. Prodent Italia S.r.l., adem\u00e1s, no garantiza que la informaci\u00f3n, el software o los servicios facilitados en este sitio web sean precisos y est\u00e9n completos. Prodent Italia S.r.l. puede aportar en cualquier momento modificaciones a los materiales y a los servicios presentes en este sitio, as\u00ed como a los productos y a los precios en \u00e9l indicados sin previo aviso. Puede que los materiales y los servicios disponibles en este sitio no est\u00e9n actualizados, Prodent Italia S.r.l. tampoco asume la obligaci\u00f3n de actualizarlos. La informaci\u00f3n publicada en este sitio puede hacer referencia a productos, programas o servicios no disponibles en otros pa\u00edses o en otros sitios.<\/p>\n<p><strong>Conexiones a otros sitios web<\/strong><\/p>\n<p>Las conexiones presentes en este Sitio se facilitan exclusivamente para mayor comodidad del usuario. Utilizando estas conexiones se sale del presente sitio. Prodent Italia S.r.l. no ha examinado estos sitios, no los administra y no se hace responsable del material contenido en los mismos. As\u00ed pues, Prodent Italia S.r.l. no ofrece garant\u00eda alguna ni expresa ninguna declaraci\u00f3n en relaci\u00f3n con los mismos, con la informaci\u00f3n, el software u otros productos, materiales o posibles resultados obtenidos al usar estos sitios. El acceso a los sitios de otros productores mediante conexiones presentes en este Sito es responsabilidad exclusiva del usuario. Las conexiones a los servicios de terceras partes presentes en nuestro sitio son propiedad de los correspondientes productores, los cuales poseen todos sus derechos. Si la presencia de una conexi\u00f3n (link) o marca no es del agrado del correspondiente propietario, escribir a servizigenerali@prodentitalia.it para solicitar que sea inmediatamente eliminada.<\/p>\n<p><strong>Informaci\u00f3n enviada por el usuario<\/strong><\/p>\n<p>Todos los materiales, las informaciones y las dem\u00e1s comunicaciones facilitados a Prodent Italia S.r.l. y publicados en este sitio ser\u00e1n considerados de car\u00e1cter no reservado y no de propiedad. Prodent Italia S.r.l. no asume ninguna obligaci\u00f3n en relaci\u00f3n con las comunicaciones. Prodent Italia S.r.l. y sus designados pueden libremente copiar, divulgar, distribuir, incluir y utilizar de cualquier modo las comunicaciones y todos los datos, im\u00e1genes, sonidos, textos y dem\u00e1s material incorporado, para fines comerciales y otros distintos.<br \/>\nActualizaciones<br \/>\nProdent Italia S.r.l. puede rectificar las presentes condiciones en cualquier momento actualizando esta publicaci\u00f3n. As\u00ed pues, se aconseja visitar peri\u00f3dicamente esta p\u00e1gina para conocer las condiciones actuales, puesto que son vinculantes para el usuario.<\/p>\n<\/div><div class=\"fusion-clearfix\"><\/div><\/div><\/div><\/div><\/div>\n","protected":false},"excerpt":{"rendered":"","protected":false},"author":1,"featured_media":0,"parent":0,"menu_order":0,"comment_status":"closed","ping_status":"closed","template":"","meta":[],"yoast_head":"<!-- This site is optimized with the Yoast SEO plugin v14.7 - https:\/\/yoast.com\/wordpress\/plugins\/seo\/ -->\n<title>Uso del sitio - \u00c1rea Pacientes Prodent Italia<\/title>\n<meta name=\"robots\" content=\"index, follow\" \/>\n<meta name=\"googlebot\" content=\"index, follow, max-snippet:-1, max-image-preview:large, max-video-preview:-1\" \/>\n<meta name=\"bingbot\" content=\"index, follow, max-snippet:-1, max-image-preview:large, max-video-preview:-1\" \/>\n<link rel=\"canonical\" href=\"https:\/\/www.prodentitalia.eu\/espa\/utilizzo-del-sito\/\" \/>\n<meta property=\"og:locale\" content=\"es_ES\" \/>\n<meta property=\"og:type\" content=\"article\" \/>\n<meta property=\"og:title\" content=\"Uso del sitio - \u00c1rea Pacientes Prodent Italia\" \/>\n<meta property=\"og:url\" content=\"https:\/\/www.prodentitalia.eu\/espa\/utilizzo-del-sito\/\" \/>\n<meta property=\"og:site_name\" content=\"\u00c1rea Pacientes Prodent Italia\" \/>\n<meta property=\"article:modified_time\" content=\"2020-01-19T17:05:37+00:00\" \/>\n<meta name=\"twitter:card\" content=\"summary\" \/>\n<meta name=\"twitter:creator\" content=\"@pr0en7erad475\" \/>\n<script type=\"application\/ld+json\" class=\"yoast-schema-graph\">{\"@context\":\"https:\/\/schema.org\",\"@graph\":[{\"@type\":\"WebSite\",\"@id\":\"https:\/\/www.prodentitalia.eu\/espa\/#website\",\"url\":\"https:\/\/www.prodentitalia.eu\/espa\/\",\"name\":\"\\u00c1rea Pacientes Prodent Italia\",\"description\":\"Prodent Italia l&#039;implantologia made in Italy\",\"potentialAction\":[{\"@type\":\"SearchAction\",\"target\":\"https:\/\/www.prodentitalia.eu\/espa\/?s={search_term_string}\",\"query-input\":\"required name=search_term_string\"}],\"inLanguage\":\"es\"},{\"@type\":\"WebPage\",\"@id\":\"https:\/\/www.prodentitalia.eu\/espa\/utilizzo-del-sito\/#webpage\",\"url\":\"https:\/\/www.prodentitalia.eu\/espa\/utilizzo-del-sito\/\",\"name\":\"Uso del sitio - \\u00c1rea Pacientes Prodent Italia\",\"isPartOf\":{\"@id\":\"https:\/\/www.prodentitalia.eu\/espa\/#website\"},\"datePublished\":\"2015-09-25T08:22:27+00:00\",\"dateModified\":\"2020-01-19T17:05:37+00:00\",\"inLanguage\":\"es\",\"potentialAction\":[{\"@type\":\"ReadAction\",\"target\":[\"https:\/\/www.prodentitalia.eu\/espa\/utilizzo-del-sito\/\"]}]}]}<\/script>\n<!-- \/ Yoast SEO plugin. -->","_links":{"self":[{"href":"https:\/\/www.prodentitalia.eu\/espa\/wp-json\/wp\/v2\/pages\/11738"}],"collection":[{"href":"https:\/\/www.prodentitalia.eu\/espa\/wp-json\/wp\/v2\/pages"}],"about":[{"href":"https:\/\/www.prodentitalia.eu\/espa\/wp-json\/wp\/v2\/types\/page"}],"author":[{"embeddable":true,"href":"https:\/\/www.prodentitalia.eu\/espa\/wp-json\/wp\/v2\/users\/1"}],"replies":[{"embeddable":true,"href":"https:\/\/www.prodentitalia.eu\/espa\/wp-json\/wp\/v2\/comments?post=11738"}],"version-history":[{"count":3,"href":"https:\/\/www.prodentitalia.eu\/espa\/wp-json\/wp\/v2\/pages\/11738\/revisions"}],"predecessor-version":[{"id":11819,"href":"https:\/\/www.prodentitalia.eu\/espa\/wp-json\/wp\/v2\/pages\/11738\/revisions\/11819"}],"wp:attachment":[{"href":"https:\/\/www.prodentitalia.eu\/espa\/wp-json\/wp\/v2\/media?parent=11738"}],"curies":[{"name":"wp","href":"https:\/\/api.w.org\/{rel}","templated":true}]}}