{"id":10709,"date":"2014-11-19T15:14:03","date_gmt":"2014-11-19T15:14:03","guid":{"rendered":"http:\/\/theme-fusion.com\/avadaxml\/?page_id=10709"},"modified":"2020-11-03T15:29:44","modified_gmt":"2020-11-03T14:29:44","slug":"home-3","status":"publish","type":"page","link":"https:\/\/www.prodentitalia.eu\/espro\/","title":{"rendered":"Home"},"content":{"rendered":"<p><div class=\"fusion-fullwidth fullwidth-box fusion-builder-row-1 nonhundred-percent-fullwidth non-hundred-percent-height-scrolling\"  style='background-color: rgba(255,255,255,0);background-position: left top;background-repeat: no-repeat;padding-top:20px;padding-bottom:20px;border-top-width:0px;border-bottom-width:0px;border-color:#eae9e9;border-top-style:solid;border-bottom-style:solid;'><div class=\"fusion-builder-row fusion-row \"><div  class=\"fusion-layout-column fusion_builder_column fusion_builder_column_1_3 fusion-builder-column-0 fusion-one-third fusion-column-first 1_3\"  style='margin-top:0px;margin-bottom:20px;width:30.6666%; margin-right: 4%;'><div class=\"fusion-column-wrapper\" style=\"padding: 20px 20px 20px 20px;background-position:left top;background-repeat:no-repeat;-webkit-background-size:cover;-moz-background-size:cover;-o-background-size:cover;background-size:cover;\"   data-bg-url=\"\"><div class=\"fusion-text\"><h1><span style=\"color: #008dbd;\">Buscar<\/span><\/h1>\n<p><img loading=\"lazy\" class=\"alignleft size-full wp-image-11769\" src=\"https:\/\/www.prodentitalia.eu\/it-pro\/wp-content\/uploads\/sites\/35\/2015\/07\/ico-research45.png\" alt=\"ico-research45\" width=\"45\" height=\"45\" \/>Para realizar un nuevo implante, lo ideal es que colaboren tres \u00absectores\u00bb: el \u00abmundo\u00bb cl\u00ednico, t\u00e9cnico y de producto. Las peticiones y las especificaciones llegan de odont\u00f3logos expertos\u2026 <strong><a href=\"https:\/\/www.prodentitalia.eu\/espro\/prodent-azienda-produzione-servizi\/#ricerca\">Leer&gt;&gt;<\/a><\/strong><\/p>\n<\/div><div class=\"fusion-clearfix\"><\/div><\/div><\/div><div  class=\"fusion-layout-column fusion_builder_column fusion_builder_column_1_3 fusion-builder-column-1 fusion-one-third 1_3\"  style='margin-top:0px;margin-bottom:20px;width:30.6666%; margin-right: 4%;'><div class=\"fusion-column-wrapper\" style=\"padding: 20px 20px 20px 20px;background-position:left top;background-repeat:no-repeat;-webkit-background-size:cover;-moz-background-size:cover;-o-background-size:cover;background-size:cover;\"   data-bg-url=\"\"><div class=\"fusion-text\"><h1><span style=\"color: #008dbd;\">Proceso productivo<\/span><\/h1>\n<p><img loading=\"lazy\" class=\"alignleft size-full wp-image-11770\" src=\"https:\/\/www.prodentitalia.eu\/it-pro\/wp-content\/uploads\/sites\/35\/2015\/07\/ico-process45.png\" alt=\"ico-process45\" width=\"45\" height=\"45\" \/>El proceso productivo inicia con los tornos de control num\u00e9rico que realizan los dispositivos sobre l\u00edneas productivas dedicadas (para implantes, componentes prot\u00e9sicos e instrumentos)\u2026<strong><a href=\"https:\/\/www.prodentitalia.eu\/espro\/prodent-azienda-produzione-servizi\/#ricerca\">Leer&gt;&gt;<\/a><\/strong><\/p>\n<\/div><div class=\"fusion-clearfix\"><\/div><\/div><\/div><div  class=\"fusion-layout-column fusion_builder_column fusion_builder_column_1_3 fusion-builder-column-2 fusion-one-third fusion-column-last 1_3\"  style='margin-top:0px;margin-bottom:20px;width:30.6666%'><div class=\"fusion-column-wrapper\" style=\"padding: 20px 20px 20px 20px;background-position:left top;background-repeat:no-repeat;-webkit-background-size:cover;-moz-background-size:cover;-o-background-size:cover;background-size:cover;\"   data-bg-url=\"\"><div class=\"fusion-text\"><h1><span style=\"color: #008dbd;\">Distribuci\u00f3n<\/span><\/h1>\n<p><img loading=\"lazy\" class=\"alignleft size-full wp-image-11776\" src=\"https:\/\/www.prodentitalia.eu\/it-pro\/wp-content\/uploads\/sites\/35\/2015\/07\/ico-distribution45.png\" alt=\"ico-distribution45\" width=\"45\" height=\"45\" \/><\/p>\n<p>Prodent Italia distribuye directamente sus productos a trav\u00e9s de su red de venta que cubre todo el territorio nacional\u2026<strong><a href=\"https:\/\/www.prodentitalia.eu\/espro\/prodent-azienda-produzione-servizi\/#ricerca\">Leer&gt;&gt;<\/a><\/strong><\/p>\n<\/div><div class=\"fusion-clearfix\"><\/div><\/div><\/div><div  class=\"fusion-layout-column fusion_builder_column fusion_builder_column_1_3 fusion-builder-column-3 fusion-one-third fusion-column-first 1_3\"  style='margin-top:0px;margin-bottom:20px;width:30.6666%; margin-right: 4%;'><div class=\"fusion-column-wrapper\" style=\"padding: 10px 10px 10px 10px;background-position:left top;background-repeat:no-repeat;-webkit-background-size:cover;-moz-background-size:cover;-o-background-size:cover;background-size:cover;\"   data-bg-url=\"\"><div class=\"fusion-text\"><h1><span style=\"color: #008dbd;\">Certificaciones<\/span><\/h1>\n<p><img loading=\"lazy\" class=\"alignleft size-full wp-image-11778\" src=\"https:\/\/www.prodentitalia.eu\/it-pro\/wp-content\/uploads\/sites\/35\/2015\/07\/ico-quality45.png\" alt=\"ico-quality45\" width=\"45\" height=\"45\" \/>Prodent Italia tiene un Sistema de Gesti\u00f3n de Calidad de conformidad con las normas\u00a0 UNI CEI EN ISO 13485\u2026. <strong><a href=\"https:\/\/www.prodentitalia.eu\/espro\/prodent-azienda-produzione-servizi\/\">Leer&gt;&gt;<\/a><\/strong><\/p>\n<\/div><div class=\"fusion-clearfix\"><\/div><\/div><\/div><div  class=\"fusion-layout-column fusion_builder_column fusion_builder_column_1_3 fusion-builder-column-4 fusion-one-third 1_3\"  style='margin-top:0px;margin-bottom:20px;width:30.6666%; margin-right: 4%;'><div class=\"fusion-column-wrapper\" style=\"padding: 10px 10px 10px 10px;background-position:left top;background-repeat:no-repeat;-webkit-background-size:cover;-moz-background-size:cover;-o-background-size:cover;background-size:cover;\"   data-bg-url=\"\"><div class=\"fusion-text\"><h1><span style=\"color: #008dbd;\">Servicios al cliente<\/span><\/h1>\n<p><img loading=\"lazy\" class=\"alignleft size-full wp-image-11884\" src=\"https:\/\/www.prodentitalia.eu\/it-pro\/wp-content\/uploads\/sites\/35\/2014\/11\/ico-customer-services45.png\" alt=\"ico-customer-services45\" width=\"45\" height=\"45\" \/>Product specialist, soluciones personalizadas para la pr\u00f3tesis, formaci\u00f3n cl\u00ednica y mucho m\u00e1s, condiciones comerciales personalizadas\u2026 <strong><a href=\"https:\/\/www.prodentitalia.eu\/espro\/prodent-azienda-produzione-servizi\/#servizi\">Leer&gt;&gt;<\/a><\/strong><\/p>\n<\/div><div class=\"fusion-clearfix\"><\/div><\/div><\/div><\/div><\/div><div class=\"fusion-fullwidth fullwidth-box fusion-builder-row-2 nonhundred-percent-fullwidth non-hundred-percent-height-scrolling\"  style='background-color: #ffffff;background-position: left top;background-repeat: no-repeat;border-top-width:0px;border-bottom-width:0px;border-color:#eae9e9;border-top-style:solid;border-bottom-style:solid;'><div class=\"fusion-builder-row fusion-row \"><div  class=\"fusion-layout-column fusion_builder_column fusion_builder_column_1_1 fusion-builder-column-5 fusion-one-full fusion-column-first fusion-column-last 1_1\"  style='margin-top:10px;margin-bottom:20px;'><div class=\"fusion-column-wrapper\" style=\"padding: 0px 0px 0px 0px;background-position:left top;background-repeat:no-repeat;-webkit-background-size:cover;-moz-background-size:cover;-o-background-size:cover;background-size:cover;\"   data-bg-url=\"\"><div class=\"fusion-video fusion-youtube\" style=\"max-width:1920px;max-height:1080px;\" data-autoplay=\"1\"><div class=\"video-shortcode\"><iframe title=\"YouTube video player\" src=\"https:\/\/www.youtube.com\/embed\/A_TSHPeh7o4?wmode=transparent&autoplay=0\" width=\"1920\" height=\"1080\" allowfullscreen allow=\"autoplay; fullscreen\"><\/iframe><\/div><\/div><div class=\"fusion-clearfix\"><\/div><\/div><\/div><\/div><\/div><div class=\"fusion-fullwidth fullwidth-box fusion-builder-row-3 nonhundred-percent-fullwidth non-hundred-percent-height-scrolling\"  style='background-color: #efefef;background-position: left top;background-repeat: no-repeat;border-top-width:0px;border-bottom-width:0px;border-color:#eae9e9;border-top-style:solid;border-bottom-style:solid;'><div class=\"fusion-builder-row fusion-row \"><div  class=\"fusion-layout-column fusion_builder_column fusion_builder_column_1_1 fusion-builder-column-6 fusion-one-full fusion-column-first fusion-column-last 1_1\"  style='margin-top:10px;margin-bottom:20px;'><div class=\"fusion-column-wrapper\" style=\"padding: 0px 0px 0px 0px;background-position:left top;background-repeat:no-repeat;-webkit-background-size:cover;-moz-background-size:cover;-o-background-size:cover;background-size:cover;\"   data-bg-url=\"\"><div class=\"imageframe-align-center\"><span class=\"fusion-imageframe imageframe-none imageframe-1 hover-type-none\"><img src=\"https:\/\/www.prodentitalia.eu\/it-pro\/wp-content\/uploads\/sites\/35\/2015\/06\/big-logo-pay-off9.png\"   alt=\"Implantologia made in Italy\" title=\"\" class=\"img-responsive\"\/><\/span><\/div><div class=\"fusion-clearfix\"><\/div><\/div><\/div><\/div><\/div><\/p>\n","protected":false},"excerpt":{"rendered":"","protected":false},"author":1,"featured_media":0,"parent":0,"menu_order":0,"comment_status":"closed","ping_status":"closed","template":"100-width.php","meta":[],"yoast_head":"<!-- This site is optimized with the Yoast SEO plugin v14.7 - https:\/\/yoast.com\/wordpress\/plugins\/seo\/ -->\n<title>Area Professionisti Prodent Italia<\/title>\n<meta name=\"description\" content=\"Prodent Italia - Implantologia made in Italy\" \/>\n<meta name=\"robots\" content=\"index, follow\" \/>\n<meta name=\"googlebot\" content=\"index, follow, max-snippet:-1, max-image-preview:large, max-video-preview:-1\" \/>\n<meta name=\"bingbot\" content=\"index, follow, max-snippet:-1, max-image-preview:large, max-video-preview:-1\" \/>\n<link rel=\"canonical\" href=\"https:\/\/www.prodentitalia.eu\/espro\/\" \/>\n<meta property=\"og:locale\" content=\"es_ES\" \/>\n<meta property=\"og:type\" content=\"article\" \/>\n<meta property=\"og:title\" content=\"Area Professionisti Prodent Italia\" \/>\n<meta property=\"og:description\" content=\"Prodent Italia - Implantologia made in Italy\" \/>\n<meta property=\"og:url\" content=\"https:\/\/www.prodentitalia.eu\/espro\/\" \/>\n<meta property=\"og:site_name\" content=\"\u00c1rea Profesionales Prodent Italia\" \/>\n<meta property=\"article:modified_time\" content=\"2020-11-03T14:29:44+00:00\" \/>\n<meta property=\"og:image\" content=\"https:\/\/www.prodentitalia.eu\/it-pro\/wp-content\/uploads\/sites\/35\/2015\/07\/ico-research45.png\" \/>\n<meta name=\"twitter:card\" content=\"summary\" \/>\n<meta name=\"twitter:creator\" content=\"@pr0en7erad475\" \/>\n<script type=\"application\/ld+json\" class=\"yoast-schema-graph\">{\"@context\":\"https:\/\/schema.org\",\"@graph\":[{\"@type\":\"WebSite\",\"@id\":\"https:\/\/www.prodentitalia.eu\/espro\/#website\",\"url\":\"https:\/\/www.prodentitalia.eu\/espro\/\",\"name\":\"\\u00c1rea Profesionales Prodent Italia\",\"description\":\"Prodent Italia l&#039;implantologia made in Italy\",\"potentialAction\":[{\"@type\":\"SearchAction\",\"target\":\"https:\/\/www.prodentitalia.eu\/espro\/?s={search_term_string}\",\"query-input\":\"required name=search_term_string\"}],\"inLanguage\":\"es\"},{\"@type\":\"ImageObject\",\"@id\":\"https:\/\/www.prodentitalia.eu\/espro\/#primaryimage\",\"inLanguage\":\"es\",\"url\":\"https:\/\/www.prodentitalia.eu\/it-pro\/wp-content\/uploads\/sites\/35\/2015\/07\/ico-research45.png\"},{\"@type\":\"WebPage\",\"@id\":\"https:\/\/www.prodentitalia.eu\/espro\/#webpage\",\"url\":\"https:\/\/www.prodentitalia.eu\/espro\/\",\"name\":\"Area Professionisti Prodent Italia\",\"isPartOf\":{\"@id\":\"https:\/\/www.prodentitalia.eu\/espro\/#website\"},\"primaryImageOfPage\":{\"@id\":\"https:\/\/www.prodentitalia.eu\/espro\/#primaryimage\"},\"datePublished\":\"2014-11-19T15:14:03+00:00\",\"dateModified\":\"2020-11-03T14:29:44+00:00\",\"description\":\"Prodent Italia - Implantologia made in Italy\",\"inLanguage\":\"es\",\"potentialAction\":[{\"@type\":\"ReadAction\",\"target\":[\"https:\/\/www.prodentitalia.eu\/espro\/\"]}]}]}<\/script>\n<!-- \/ Yoast SEO plugin. -->","_links":{"self":[{"href":"https:\/\/www.prodentitalia.eu\/espro\/wp-json\/wp\/v2\/pages\/10709"}],"collection":[{"href":"https:\/\/www.prodentitalia.eu\/espro\/wp-json\/wp\/v2\/pages"}],"about":[{"href":"https:\/\/www.prodentitalia.eu\/espro\/wp-json\/wp\/v2\/types\/page"}],"author":[{"embeddable":true,"href":"https:\/\/www.prodentitalia.eu\/espro\/wp-json\/wp\/v2\/users\/1"}],"replies":[{"embeddable":true,"href":"https:\/\/www.prodentitalia.eu\/espro\/wp-json\/wp\/v2\/comments?post=10709"}],"version-history":[{"count":77,"href":"https:\/\/www.prodentitalia.eu\/espro\/wp-json\/wp\/v2\/pages\/10709\/revisions"}],"predecessor-version":[{"id":12338,"href":"https:\/\/www.prodentitalia.eu\/espro\/wp-json\/wp\/v2\/pages\/10709\/revisions\/12338"}],"wp:attachment":[{"href":"https:\/\/www.prodentitalia.eu\/espro\/wp-json\/wp\/v2\/media?parent=10709"}],"curies":[{"name":"wp","href":"https:\/\/api.w.org\/{rel}","templated":true}]}}