{"id":11074,"date":"2015-06-25T08:00:25","date_gmt":"2015-06-25T06:00:25","guid":{"rendered":"http:\/\/www.prodentitalia.eu\/it-pro\/?page_id=11074"},"modified":"2020-01-17T09:05:49","modified_gmt":"2020-01-17T08:05:49","slug":"scegliere-prodent","status":"publish","type":"page","link":"https:\/\/www.prodentitalia.eu\/espro\/scegliere-prodent\/","title":{"rendered":"Las razones para elegir Prodent Italia"},"content":{"rendered":"<p><div class=\"fusion-fullwidth fullwidth-box fusion-builder-row-1 nonhundred-percent-fullwidth non-hundred-percent-height-scrolling fusion-equal-height-columns\"  style='background-color: rgba(255,255,255,0);background-position: left top;background-repeat: no-repeat;padding-top:20px;padding-right:0px;padding-bottom:20px;padding-left:0px;border-top-width:0px;border-bottom-width:0px;border-color:#eae9e9;border-top-style:solid;border-bottom-style:solid;'><div class=\"fusion-builder-row fusion-row \"><div  class=\"fusion-layout-column fusion_builder_column fusion_builder_column_1_3 fusion-builder-column-0 fusion-one-third fusion-column-first fusion-no-small-visibility 1_3\"  style='margin-top:0px;margin-bottom:20px;width:30.6666%; margin-right: 4%;'><div class=\"fusion-column-wrapper\" style=\"border:1px solid #eaeaea;padding: 10px;background-position:left top;background-repeat:no-repeat;-webkit-background-size:cover;-moz-background-size:cover;-o-background-size:cover;background-size:cover;\"   data-bg-url=\"\"><div class=\"fusion-text\"><h1 style=\"text-align: center;\"><span style=\"color: #008dbd;\">Empresa<\/span><\/h1>\n<p style=\"text-align: center;\"><img loading=\"lazy\" class=\"aligncenter wp-image-11729 size-full\" src=\"https:\/\/www.prodentitalia.eu\/it-pro\/wp-content\/uploads\/sites\/35\/2015\/06\/ico-company-90c.png\" alt=\"ico-company-90c\" width=\"90\" height=\"90\" srcset=\"https:\/\/www.prodentitalia.eu\/espro\/wp-content\/uploads\/sites\/35\/2015\/06\/ico-company-90c-66x66.png 66w, https:\/\/www.prodentitalia.eu\/espro\/wp-content\/uploads\/sites\/35\/2015\/06\/ico-company-90c.png 90w\" sizes=\"(max-width: 90px) 100vw, 90px\" \/><\/p>\n<ul>\n<li style=\"text-align: left;\">Empresa italiana con productos de alta calidad<\/li>\n<li style=\"text-align: left;\">Producci\u00f3n directa desde que surgi\u00f3 la implantolog\u00eda en Italia, en nuestros establecimientos<\/li>\n<li style=\"text-align: left;\">Know-how y experiencia en proyectos de colaboraci\u00f3n cient\u00edfica con universidades y centros de investigaci\u00f3n<\/li>\n<li style=\"text-align: left;\">Una magnitud que ofrece flexibilidad y permite desarrollar proyectos personalizados<\/li>\n<li style=\"text-align: left;\">Empresa autosuficiente desde el punto de vista financiero, Prodent no depende del sistema bancario<\/li>\n<li style=\"text-align: left;\">Protocolos muy estrictos, superiores a los requeridos por las certificaciones internacionales<\/li>\n<li style=\"text-align: left;\">M\u00e1xima precisi\u00f3n en los detalles (un implante acabado cada 7 minutos contra los 2\/3 minutos para la mayor parte de la competencia)<\/li>\n<\/ul>\n<\/div><div class=\"fusion-clearfix\"><\/div><\/div><\/div><div  class=\"fusion-layout-column fusion_builder_column fusion_builder_column_1_3 fusion-builder-column-1 fusion-one-third fusion-no-small-visibility 1_3\"  style='margin-top:0px;margin-bottom:20px;width:30.6666%; margin-right: 4%;'><div class=\"fusion-column-wrapper\" style=\"border:1px solid #eaeaea;padding: 10px;background-position:left top;background-repeat:no-repeat;-webkit-background-size:cover;-moz-background-size:cover;-o-background-size:cover;background-size:cover;\"   data-bg-url=\"\"><div class=\"fusion-text\"><h1 style=\"text-align: center;\"><span style=\"color: #008dbd;\">Servicios<\/span><\/h1>\n<p style=\"text-align: center;\"><img loading=\"lazy\" class=\"aligncenter size-full wp-image-11748\" src=\"https:\/\/www.prodentitalia.eu\/it-pro\/wp-content\/uploads\/sites\/35\/2015\/06\/ico-services-90c.png\" alt=\"ico-services-90c\" width=\"90\" height=\"90\" srcset=\"https:\/\/www.prodentitalia.eu\/espro\/wp-content\/uploads\/sites\/35\/2015\/06\/ico-services-90c-66x66.png 66w, https:\/\/www.prodentitalia.eu\/espro\/wp-content\/uploads\/sites\/35\/2015\/06\/ico-services-90c.png 90w\" sizes=\"(max-width: 90px) 100vw, 90px\" \/><\/p>\n<ul>\n<li style=\"text-align: left;\">Asesoramiento preventivo para la planificaci\u00f3n del caso cl\u00ednico<\/li>\n<li style=\"text-align: left;\">Asistencia poscl\u00ednica gracias a los especialistas t\u00e9cnicos de producto<\/li>\n<li style=\"text-align: left;\">Formaci\u00f3n cl\u00ednica internacional, altamente cualificada, mediante m\u00f3dulos personalizados para exigencias especiales organizativas, operativas y cient\u00edficas.<\/li>\n<li style=\"text-align: left;\">Forum y mesas redondas para profesionales relacionadas con temas de implantolog\u00eda<\/li>\n<li style=\"text-align: left;\">Acuerdos comerciales personalizados<\/li>\n<li style=\"text-align: left;\">Disponibilidad para compartir iniciativas de co-marketing<\/li>\n<\/ul>\n<\/div><div class=\"fusion-clearfix\"><\/div><\/div><\/div><div  class=\"fusion-layout-column fusion_builder_column fusion_builder_column_1_3 fusion-builder-column-2 fusion-one-third fusion-column-last fusion-no-small-visibility 1_3\"  style='margin-top:0px;margin-bottom:20px;width:30.6666%'><div class=\"fusion-column-wrapper\" style=\"border:1px solid #eaeaea;padding: 10px;background-position:left top;background-repeat:no-repeat;-webkit-background-size:cover;-moz-background-size:cover;-o-background-size:cover;background-size:cover;\"   data-bg-url=\"\"><div class=\"fusion-text\"><h1 style=\"text-align: center;\"><span style=\"color: #008dbd;\">Producto<\/span><\/h1>\n<p style=\"text-align: center;\"><img loading=\"lazy\" class=\"aligncenter size-full wp-image-11750\" src=\"https:\/\/www.prodentitalia.eu\/it-pro\/wp-content\/uploads\/sites\/35\/2015\/06\/ico-products-90c.png\" alt=\"ico-products-90c\" width=\"90\" height=\"90\" srcset=\"https:\/\/www.prodentitalia.eu\/espro\/wp-content\/uploads\/sites\/35\/2015\/06\/ico-products-90c-66x66.png 66w, https:\/\/www.prodentitalia.eu\/espro\/wp-content\/uploads\/sites\/35\/2015\/06\/ico-products-90c.png 90w\" sizes=\"(max-width: 90px) 100vw, 90px\" \/><\/p>\n<ul>\n<li style=\"text-align: left;\">S\u00edntesis de geometr\u00edas: con 5 implantes resolver\u00e1s la mayor parte de los casos cl\u00ednicos<\/li>\n<li style=\"text-align: left;\">Implantes de alta fiabilidad biomec\u00e1nica y gran \u00e9xito del implante (99,4%)*<\/li>\n<li style=\"text-align: left;\">Osteointegraci\u00f3n m\u00e1s predecible gracias al tratamiento superficial (doble grabado \u00e1cido \u2013 D.A.E.)<\/li>\n<li style=\"text-align: left;\">\u00d3ptimo agarre gracias a la microrrosca activa de triple entrada<\/li>\n<li style=\"text-align: left;\">Control de la precisi\u00f3n productiva en el 100% de las piezas<\/li>\n<li style=\"text-align: left;\">Soluciones quir\u00fargicas y prot\u00e9sicas amplias y a la vanguardia<\/li>\n<li style=\"text-align: left;\">Kit quir\u00fargico \u00fanico que permite instalar cualquier tipo de implante<\/li>\n<li style=\"text-align: left;\">Rendimientos altamente satisfactorios tanto desde el punto de vista mec\u00e1nico-funcional como est\u00e9tico, con percepci\u00f3n de comodidad declarada por los pacientes<\/li>\n<li style=\"text-align: left;\">Versatilidad que permite la intervenci\u00f3n tambi\u00e9n en los poli-implantes con disparalelismos<\/li>\n<li style=\"text-align: left;\">Conexiones con respuestas y tolerancias muy equilibradas y de gran aceptaci\u00f3n por parte del personal cl\u00ednico<\/li>\n<\/ul>\n<p>* datos obtenidos de mediciones internas para la certificaci\u00f3n del producto y del sistema de calidad<\/p>\n<\/div><div class=\"fusion-clearfix\"><\/div><\/div><\/div><\/div><\/div><div class=\"fusion-fullwidth fullwidth-box fusion-builder-row-2 nonhundred-percent-fullwidth non-hundred-percent-height-scrolling\"  style='background-color: rgba(255,255,255,0);background-position: left top;background-repeat: no-repeat;padding-top:20px;padding-right:0px;padding-bottom:20px;padding-left:0px;border-top-width:0px;border-bottom-width:0px;border-color:#eae9e9;border-top-style:solid;border-bottom-style:solid;'><div class=\"fusion-builder-row fusion-row \"><div  class=\"fusion-layout-column fusion_builder_column fusion_builder_column_1_4 fusion-builder-column-3 fusion-one-fourth fusion-column-first fusion-no-small-visibility 1_4\"  style='margin-top:0px;margin-bottom:20px;width:22%; margin-right: 4%;'><div class=\"fusion-column-wrapper\" style=\"background-position:left top;background-repeat:no-repeat;-webkit-background-size:cover;-moz-background-size:cover;-o-background-size:cover;background-size:cover;\"   data-bg-url=\"\"><div class=\"fusion-clearfix\"><\/div><\/div><\/div><div  class=\"fusion-layout-column fusion_builder_column fusion_builder_column_1_4 fusion-builder-column-4 fusion-one-fourth 1_4\"  style='margin-top:0px;margin-bottom:20px;'><div class=\"fusion-column-wrapper\" style=\"background-position:left top;background-repeat:no-repeat;-webkit-background-size:cover;-moz-background-size:cover;-o-background-size:cover;background-size:cover;\"   data-bg-url=\"\"><div class=\"fusion-text\"><p style=\"text-align: center;\"><div class=\"fusion-counters-circle counters-circle\">\n<div class=\"counter-circle-wrapper\" style=\"height:220px;width:220px;\" data-originalsize=\"220\" data-animationOffset=\"100%\"><div class=\"fusion-counter-circle counter-circle counter-circle-content\" data-percent=\"99\" data-countdown=\"\" data-filledcolor=\"#008dbd\" data-unfilledcolor=\"#f6f6f6\" data-scale=\"1\" data-size=\"220\" data-speed=\"1500\" data-strokesize=\"11\" style=\"font-size:50px;height:220px;width:220px;\"><div class=\"fusion-counter-circle-content-inner\">99,4%<\/div><\/div><\/div>\n<\/div><\/p>\n<h2 style=\"text-align: center;\">\u00c9xito del implante<\/h2>\n<\/div><div class=\"fusion-clearfix\"><\/div><\/div><\/div><div  class=\"fusion-layout-column fusion_builder_column fusion_builder_column_1_4 fusion-builder-column-5 fusion-one-fourth 1_4\"  style='margin-top:0px;margin-bottom:20px;'><div class=\"fusion-column-wrapper\" style=\"background-position:left top;background-repeat:no-repeat;-webkit-background-size:cover;-moz-background-size:cover;-o-background-size:cover;background-size:cover;\"   data-bg-url=\"\"><div class=\"fusion-text\"><p style=\"text-align: center;\"><div class=\"fusion-counters-circle counters-circle\">\n<div class=\"counter-circle-wrapper\" style=\"height:220px;width:220px;\" data-originalsize=\"220\" data-animationOffset=\"100%\"><div class=\"fusion-counter-circle counter-circle counter-circle-content\" data-percent=\"100\" data-countdown=\"\" data-filledcolor=\"#008dbd\" data-unfilledcolor=\"#f6f6f6\" data-scale=\"1\" data-size=\"220\" data-speed=\"1500\" data-strokesize=\"11\" style=\"font-size:50px;height:220px;width:220px;\"><div class=\"fusion-counter-circle-content-inner\">100%<\/div><\/div><\/div>\n<\/div><\/p>\n<h2 style=\"text-align: center;\">Control de las piezas<\/h2>\n<\/div><div class=\"fusion-clearfix\"><\/div><\/div><\/div><div  class=\"fusion-layout-column fusion_builder_column fusion_builder_column_1_4 fusion-builder-column-6 fusion-one-fourth fusion-column-last fusion-no-small-visibility 1_4\"  style='margin-top:0px;margin-bottom:20px;width:22%'><div class=\"fusion-column-wrapper\" style=\"background-position:left top;background-repeat:no-repeat;-webkit-background-size:cover;-moz-background-size:cover;-o-background-size:cover;background-size:cover;\"   data-bg-url=\"\"><div class=\"fusion-clearfix\"><\/div><\/div><\/div><\/div><\/div><div class=\"fusion-fullwidth fullwidth-box fusion-builder-row-3 nonhundred-percent-fullwidth non-hundred-percent-height-scrolling\"  style='background-color: #f6f6f6;background-position: left top;background-repeat: no-repeat;padding-top:20px;padding-bottom:20px;border-top-width:1px;border-bottom-width:1px;border-color:#eaeaea;border-top-style:solid;border-bottom-style:solid;'><div class=\"fusion-builder-row fusion-row \"><div  class=\"fusion-layout-column fusion_builder_column fusion_builder_column_1_1 fusion-builder-column-7 fusion-one-full fusion-column-first fusion-column-last 1_1\"  style='margin-top:0px;margin-bottom:20px;'><div class=\"fusion-column-wrapper\" style=\"background-position:left top;background-repeat:no-repeat;-webkit-background-size:cover;-moz-background-size:cover;-o-background-size:cover;background-size:cover;\"   data-bg-url=\"\"><span class=\"fusion-imageframe imageframe-none imageframe-1 hover-type-none\"><img src=\"https:\/\/www.prodentitalia.eu\/it-pro\/wp-content\/uploads\/sites\/35\/2015\/06\/big-logo-pay-off9.png\"   alt=\"\" title=\"\" class=\"img-responsive\"\/><\/span><div class=\"fusion-clearfix\"><\/div><\/div><\/div><\/div><\/div><\/p>\n","protected":false},"excerpt":{"rendered":"","protected":false},"author":1,"featured_media":0,"parent":0,"menu_order":0,"comment_status":"open","ping_status":"closed","template":"100-width.php","meta":[],"yoast_head":"<!-- This site is optimized with the Yoast SEO plugin v14.7 - https:\/\/yoast.com\/wordpress\/plugins\/seo\/ -->\n<title>I motivi per scegliere Prodent Italia<\/title>\n<meta name=\"robots\" content=\"index, follow\" \/>\n<meta name=\"googlebot\" content=\"index, follow, max-snippet:-1, max-image-preview:large, max-video-preview:-1\" \/>\n<meta name=\"bingbot\" content=\"index, follow, max-snippet:-1, max-image-preview:large, max-video-preview:-1\" \/>\n<link rel=\"canonical\" href=\"https:\/\/www.prodentitalia.eu\/espro\/scegliere-prodent\/\" \/>\n<meta property=\"og:locale\" content=\"es_ES\" \/>\n<meta property=\"og:type\" content=\"article\" \/>\n<meta property=\"og:title\" content=\"I motivi per scegliere Prodent Italia\" \/>\n<meta property=\"og:url\" content=\"https:\/\/www.prodentitalia.eu\/espro\/scegliere-prodent\/\" \/>\n<meta property=\"og:site_name\" content=\"\u00c1rea Profesionales Prodent Italia\" \/>\n<meta property=\"article:modified_time\" content=\"2020-01-17T08:05:49+00:00\" \/>\n<meta property=\"og:image\" content=\"https:\/\/www.prodentitalia.eu\/it-pro\/wp-content\/uploads\/sites\/35\/2015\/06\/ico-company-90c.png\" \/>\n<meta name=\"twitter:card\" content=\"summary\" \/>\n<meta name=\"twitter:creator\" content=\"@pr0en7erad475\" \/>\n<script type=\"application\/ld+json\" class=\"yoast-schema-graph\">{\"@context\":\"https:\/\/schema.org\",\"@graph\":[{\"@type\":\"WebSite\",\"@id\":\"https:\/\/www.prodentitalia.eu\/espro\/#website\",\"url\":\"https:\/\/www.prodentitalia.eu\/espro\/\",\"name\":\"\\u00c1rea Profesionales Prodent Italia\",\"description\":\"Prodent Italia l&#039;implantologia made in Italy\",\"potentialAction\":[{\"@type\":\"SearchAction\",\"target\":\"https:\/\/www.prodentitalia.eu\/espro\/?s={search_term_string}\",\"query-input\":\"required name=search_term_string\"}],\"inLanguage\":\"es\"},{\"@type\":\"ImageObject\",\"@id\":\"https:\/\/www.prodentitalia.eu\/espro\/scegliere-prodent\/#primaryimage\",\"inLanguage\":\"es\",\"url\":\"https:\/\/www.prodentitalia.eu\/it-pro\/wp-content\/uploads\/sites\/35\/2015\/06\/ico-company-90c.png\"},{\"@type\":\"WebPage\",\"@id\":\"https:\/\/www.prodentitalia.eu\/espro\/scegliere-prodent\/#webpage\",\"url\":\"https:\/\/www.prodentitalia.eu\/espro\/scegliere-prodent\/\",\"name\":\"I motivi per scegliere Prodent Italia\",\"isPartOf\":{\"@id\":\"https:\/\/www.prodentitalia.eu\/espro\/#website\"},\"primaryImageOfPage\":{\"@id\":\"https:\/\/www.prodentitalia.eu\/espro\/scegliere-prodent\/#primaryimage\"},\"datePublished\":\"2015-06-25T06:00:25+00:00\",\"dateModified\":\"2020-01-17T08:05:49+00:00\",\"inLanguage\":\"es\",\"potentialAction\":[{\"@type\":\"ReadAction\",\"target\":[\"https:\/\/www.prodentitalia.eu\/espro\/scegliere-prodent\/\"]}]}]}<\/script>\n<!-- \/ Yoast SEO plugin. -->","_links":{"self":[{"href":"https:\/\/www.prodentitalia.eu\/espro\/wp-json\/wp\/v2\/pages\/11074"}],"collection":[{"href":"https:\/\/www.prodentitalia.eu\/espro\/wp-json\/wp\/v2\/pages"}],"about":[{"href":"https:\/\/www.prodentitalia.eu\/espro\/wp-json\/wp\/v2\/types\/page"}],"author":[{"embeddable":true,"href":"https:\/\/www.prodentitalia.eu\/espro\/wp-json\/wp\/v2\/users\/1"}],"replies":[{"embeddable":true,"href":"https:\/\/www.prodentitalia.eu\/espro\/wp-json\/wp\/v2\/comments?post=11074"}],"version-history":[{"count":82,"href":"https:\/\/www.prodentitalia.eu\/espro\/wp-json\/wp\/v2\/pages\/11074\/revisions"}],"predecessor-version":[{"id":12279,"href":"https:\/\/www.prodentitalia.eu\/espro\/wp-json\/wp\/v2\/pages\/11074\/revisions\/12279"}],"wp:attachment":[{"href":"https:\/\/www.prodentitalia.eu\/espro\/wp-json\/wp\/v2\/media?parent=11074"}],"curies":[{"name":"wp","href":"https:\/\/api.w.org\/{rel}","templated":true}]}}