{"id":11402,"date":"2015-07-10T00:25:09","date_gmt":"2015-07-09T22:25:09","guid":{"rendered":"http:\/\/www.prodentitalia.eu\/it-pro\/?page_id=11402"},"modified":"2023-01-26T10:24:15","modified_gmt":"2023-01-26T09:24:15","slug":"impianto-twinner-collar","status":"publish","type":"page","link":"https:\/\/www.prodentitalia.eu\/espro\/prodotti-implantari-prodent\/impianti-cilindrici\/impianto-twinner-collar\/","title":{"rendered":"Twinner Collar"},"content":{"rendered":"<div class=\"fusion-fullwidth fullwidth-box fusion-builder-row-1 nonhundred-percent-fullwidth non-hundred-percent-height-scrolling\"  style='background-color: rgba(255,255,255,0);background-position: center center;background-repeat: no-repeat;padding-top:20px;padding-bottom:20px;border-top-width:0px;border-bottom-width:0px;border-color:#eae9e9;border-top-style:solid;border-bottom-style:solid;'><div class=\"fusion-builder-row fusion-row \"><div  class=\"fusion-layout-column fusion_builder_column fusion_builder_column_2_5 fusion-builder-column-0 fusion-two-fifth fusion-column-first 2_5\"  style='margin-top:0px;margin-bottom:20px;'><div class=\"fusion-column-wrapper\" style=\"padding: 0px 0px 0px 0px;background-position:center top;background-repeat:no-repeat;-webkit-background-size:cover;-moz-background-size:cover;-o-background-size:cover;background-size:cover;\"   data-bg-url=\"\"><div class=\"imageframe-align-center\"><span class=\"fusion-imageframe imageframe-none imageframe-1 hover-type-none\"><img src=\"https:\/\/www.prodentitalia.eu\/it-pro\/wp-content\/uploads\/sites\/35\/2015\/07\/twinner-collar-big.png\"   alt=\"Prodent Prime impianto conico root-form\" title=\"\" class=\"img-responsive\"\/><\/span><\/div><div class=\"fusion-clearfix\"><\/div><\/div><\/div><div  class=\"fusion-layout-column fusion_builder_column fusion_builder_column_3_5 fusion-builder-column-1 fusion-three-fifth fusion-column-last whiteopacity 3_5\"  style='margin-top:0px;margin-bottom:50px;'><div class=\"fusion-column-wrapper\" style=\"border:0px solid #eeeeee;padding: 20px 20px 20px 20px;background-position:left top;background-repeat:no-repeat;-webkit-background-size:cover;-moz-background-size:cover;-o-background-size:cover;background-size:cover;\"   data-bg-url=\"\"><style type=\"text\/css\">.fusion-accordian  #accordion-11402-1 .panel-title a .fa-fusion-box{ color: #ffffff;}.fusion-accordian  #accordion-11402-1 .panel-title a .fa-fusion-box:before{ font-size: 13px; width: 13px;}.fusion-accordian  #accordion-11402-1 .panel-title a{font-size:16px;}.fusion-accordian  #accordion-11402-1 .fa-fusion-box { background-color: #8c8c8c;border-color: #8c8c8c;}.fusion-accordian  #accordion-11402-1 .panel-title a:hover, #accordion-11402-1 .fusion-toggle-boxed-mode:hover .panel-title a { color: #65bc7b;}.fusion-accordian  #accordion-11402-1 .panel-title .active .fa-fusion-box,.fusion-accordian  #accordion-11402-1 .panel-title a:hover .fa-fusion-box { background-color: #65bc7b!important;border-color: #65bc7b!important;}<\/style><div class=\"accordian fusion-accordian\"><div class=\"panel-group\" id=\"accordion-11402-1\" role=\"tablist\"><div class=\"fusion-panel panel-default\" role=\"tabpanel\"><div class=\"panel-heading\"><h4 class=\"panel-title toggle\"><a aria-expanded=\"false\" aria-selected=\"false\" aria-controls=\"8abcbd36b7047e65e\" role=\"tab\" data-toggle=\"collapse\" data-parent=\"#accordion-11402-1\" data-target=\"#8abcbd36b7047e65e\" href=\"#8abcbd36b7047e65e\"><span class=\"fusion-toggle-icon-wrapper\" aria-hidden=\"true\"><i class=\"fa-fusion-box\"><\/i><\/span><span class=\"fusion-toggle-heading\">Menor riesgo de adhesi\u00f3n bacteriana sobre el implante<\/span><\/a><\/h4><\/div><div id=\"8abcbd36b7047e65e\" class=\"panel-collapse collapse \"><div class=\"panel-body toggle-content fusion-clearfix\">El cuello del implante, mecanizado y sin microrrosca en 1,2 mm, permite respetar en mayor medida los tejidos periimplantarios.<\/div><\/div><\/div><div class=\"fusion-panel panel-default\" role=\"tabpanel\"><div class=\"panel-heading\"><h4 class=\"panel-title toggle\"><a aria-expanded=\"false\" aria-selected=\"false\" aria-controls=\"9f771db22000d1d40\" role=\"tab\" data-toggle=\"collapse\" data-parent=\"#accordion-11402-1\" data-target=\"#9f771db22000d1d40\" href=\"#9f771db22000d1d40\"><span class=\"fusion-toggle-icon-wrapper\" aria-hidden=\"true\"><i class=\"fa-fusion-box\"><\/i><\/span><span class=\"fusion-toggle-heading\">El par de introducci\u00f3n del implante es homog\u00e9neo<\/span><\/a><\/h4><\/div><div id=\"9f771db22000d1d40\" class=\"panel-collapse collapse \"><div class=\"panel-body toggle-content fusion-clearfix\">La forma cil\u00edndrica <em>tapered<\/em> determina una menor tensi\u00f3n sobre el hueso<\/div><\/div><\/div><div class=\"fusion-panel panel-default\" role=\"tabpanel\"><div class=\"panel-heading\"><h4 class=\"panel-title toggle\"><a aria-expanded=\"false\" aria-selected=\"false\" aria-controls=\"fe0d5e3837788769c\" role=\"tab\" data-toggle=\"collapse\" data-parent=\"#accordion-11402-1\" data-target=\"#fe0d5e3837788769c\" href=\"#fe0d5e3837788769c\"><span class=\"fusion-toggle-icon-wrapper\" aria-hidden=\"true\"><i class=\"fa-fusion-box\"><\/i><\/span><span class=\"fusion-toggle-heading\">Mayor adhesi\u00f3n \u00f3sea (Bone Implant Contact, BIC)<\/span><\/a><\/h4><\/div><div id=\"fe0d5e3837788769c\" class=\"panel-collapse collapse \"><div class=\"panel-body toggle-content fusion-clearfix\">La forma cil\u00edndrica <em>tapered<\/em> determina una mayor superficie de contacto del implante con el hueso<\/div><\/div><\/div><div class=\"fusion-panel panel-default\" role=\"tabpanel\"><div class=\"panel-heading\"><h4 class=\"panel-title toggle\"><a aria-expanded=\"false\" aria-selected=\"false\" aria-controls=\"b26f7c46825fc01f8\" role=\"tab\" data-toggle=\"collapse\" data-parent=\"#accordion-11402-1\" data-target=\"#b26f7c46825fc01f8\" href=\"#b26f7c46825fc01f8\"><span class=\"fusion-toggle-icon-wrapper\" aria-hidden=\"true\"><i class=\"fa-fusion-box\"><\/i><\/span><span class=\"fusion-toggle-heading\">Tiempos de intervenci\u00f3n reducidos<\/span><\/a><\/h4><\/div><div id=\"b26f7c46825fc01f8\" class=\"panel-collapse collapse \"><div class=\"panel-body toggle-content fusion-clearfix\">La morfolog\u00eda de la espira de doble entrada permite introducir el implante con mayor rapidez<\/div><\/div><\/div><div class=\"fusion-panel panel-default\" role=\"tabpanel\"><div class=\"panel-heading\"><h4 class=\"panel-title toggle\"><a aria-expanded=\"false\" aria-selected=\"false\" aria-controls=\"932c02b1a32b2745a\" role=\"tab\" data-toggle=\"collapse\" data-parent=\"#accordion-11402-1\" data-target=\"#932c02b1a32b2745a\" href=\"#932c02b1a32b2745a\"><span class=\"fusion-toggle-icon-wrapper\" aria-hidden=\"true\"><i class=\"fa-fusion-box\"><\/i><\/span><span class=\"fusion-toggle-heading\">El \u00e9xito del implante es m\u00e1s predecible por lo que se refiere a la osteointegraci\u00f3n<\/span><\/a><\/h4><\/div><div id=\"932c02b1a32b2745a\" class=\"panel-collapse collapse \"><div class=\"panel-body toggle-content fusion-clearfix\">El titanio utilizado es de grado 4, el m\u00e1s resistente entre los grados de titanio puro, por lo tanto el implante posee un elevado porcentaje de osteointegraci\u00f3n y una gran resistencia mec\u00e1nica a las cargas.<\/div><\/div><\/div><div class=\"fusion-panel panel-default\" role=\"tabpanel\"><div class=\"panel-heading\"><h4 class=\"panel-title toggle\"><a aria-expanded=\"false\" aria-selected=\"false\" aria-controls=\"ca6454e5ccf1cef04\" role=\"tab\" data-toggle=\"collapse\" data-parent=\"#accordion-11402-1\" data-target=\"#ca6454e5ccf1cef04\" href=\"#ca6454e5ccf1cef04\"><span class=\"fusion-toggle-icon-wrapper\" aria-hidden=\"true\"><i class=\"fa-fusion-box\"><\/i><\/span><span class=\"fusion-toggle-heading\">Osteointegraci\u00f3n r\u00e1pida<\/span><\/a><\/h4><\/div><div id=\"ca6454e5ccf1cef04\" class=\"panel-collapse collapse \"><div class=\"panel-body toggle-content fusion-clearfix\">La superficie del implante tiene una rugosidad morfol\u00f3gicamente controlada y perfectamente descontaminada gracias al tratamiento superficial con doble grabado \u00e1cido (D.A.E.)<\/div><\/div><\/div><div class=\"fusion-panel panel-default\" role=\"tabpanel\"><div class=\"panel-heading\"><h4 class=\"panel-title toggle\"><a aria-expanded=\"false\" aria-selected=\"false\" aria-controls=\"da0220d08975f9baa\" role=\"tab\" data-toggle=\"collapse\" data-parent=\"#accordion-11402-1\" data-target=\"#da0220d08975f9baa\" href=\"#da0220d08975f9baa\"><span class=\"fusion-toggle-icon-wrapper\" aria-hidden=\"true\"><i class=\"fa-fusion-box\"><\/i><\/span><span class=\"fusion-toggle-heading\">Mantenimiento del nivel de cresta \u00f3sea en el tiempo<\/span><\/a><\/h4><\/div><div id=\"da0220d08975f9baa\" class=\"panel-collapse collapse \"><div class=\"panel-body toggle-content fusion-clearfix\">La microrrosca activa, coordinada con la espira principal, proporciona estabilidad primaria al implante tambi\u00e9n en la zona cortical<\/div><\/div><\/div><div class=\"fusion-panel panel-default\" role=\"tabpanel\"><div class=\"panel-heading\"><h4 class=\"panel-title toggle\"><a aria-expanded=\"false\" aria-selected=\"false\" aria-controls=\"a056e1582507ae211\" role=\"tab\" data-toggle=\"collapse\" data-parent=\"#accordion-11402-1\" data-target=\"#a056e1582507ae211\" href=\"#a056e1582507ae211\"><span class=\"fusion-toggle-icon-wrapper\" aria-hidden=\"true\"><i class=\"fa-fusion-box\"><\/i><\/span><span class=\"fusion-toggle-heading\">Elevada estabilidad de conexi\u00f3n y fiabilidad biomec\u00e1nica del implante<\/span><\/a><\/h4><\/div><div id=\"a056e1582507ae211\" class=\"panel-collapse collapse \"><div class=\"panel-body toggle-content fusion-clearfix\">La conexi\u00f3n anti-rotacional cilindro-hex\u00e1gono-cilindro permite la distribuci\u00f3n homog\u00e9nea de las fuerzas de carga<\/div><\/div><\/div><\/div><\/div><div class=\"fusion-text\"><p>&nbsp;<\/p>\n<p>&nbsp;<\/p>\n<\/div><div class=\"fusion-button-wrapper\"><style type=\"text\/css\">.fusion-button.button-1 .fusion-button-text, .fusion-button.button-1 i {color:#008bdb;}.fusion-button.button-1 .fusion-button-icon-divider{border-color:#008bdb;}.fusion-button.button-1:hover .fusion-button-text, .fusion-button.button-1:hover i,.fusion-button.button-1:focus .fusion-button-text, .fusion-button.button-1:focus i,.fusion-button.button-1:active .fusion-button-text, .fusion-button.button-1:active{color:#1e73be;}.fusion-button.button-1:hover .fusion-button-icon-divider, .fusion-button.button-1:hover .fusion-button-icon-divider, .fusion-button.button-1:active .fusion-button-icon-divider{border-color:#1e73be;}.fusion-button.button-1:hover, .fusion-button.button-1:focus, .fusion-button.button-1:active{border-color:#1e73be;border-width:1px;}.fusion-button.button-1 {border-color:#008bdb;border-width:1px;border-radius:0px;}.fusion-button.button-1{background: #ffffff;}.fusion-button.button-1:hover,.button-1:focus,.fusion-button.button-1:active{background: #ffffff;}<\/style><a class=\"fusion-button button-flat button-xlarge button-custom button-1 fusion-button-default-span \" target=\"_blank\" rel=\"noopener noreferrer\" href=\"https:\/\/www.prodentitalia.eu\/pdf\/pro-it\/prodotti\/PRIME-Protocolo-Cl\u00ednico-.pdf\"><span class=\"fusion-button-text\">DESCARGAR EL PROTOCOLO<\/span><i class=\"fa-chevron-right fas button-icon-right\"><\/i><\/a><\/div><div class=\"fusion-clearfix\"><\/div><\/div><\/div><div  class=\"fusion-layout-column fusion_builder_column fusion_builder_column_1_1 fusion-builder-column-2 fusion-one-full fusion-column-first fusion-column-last fusion-column-no-min-height 1_1\"  style='margin-top:0px;margin-bottom:0px;'><div class=\"fusion-column-wrapper\" style=\"padding: 0px 0px 0px 0px;background-position:left top;background-repeat:no-repeat;-webkit-background-size:cover;-moz-background-size:cover;-o-background-size:cover;background-size:cover;\"   data-bg-url=\"\"><div class=\"fusion-sep-clear\"><\/div><div class=\"fusion-separator fusion-full-width-sep sep-none\" style=\"margin-left: auto;margin-right: auto;margin-top:;\"><\/div><div class=\"fusion-clearfix\"><\/div><\/div><\/div><\/div><\/div>\n","protected":false},"excerpt":{"rendered":"","protected":false},"author":1,"featured_media":0,"parent":11427,"menu_order":0,"comment_status":"open","ping_status":"closed","template":"","meta":[],"yoast_head":"<!-- This site is optimized with the Yoast SEO plugin v14.7 - https:\/\/yoast.com\/wordpress\/plugins\/seo\/ -->\n<title>Twinner Collar - \u00c1rea Profesionales Prodent Italia<\/title>\n<meta name=\"robots\" content=\"index, follow\" \/>\n<meta name=\"googlebot\" content=\"index, follow, max-snippet:-1, max-image-preview:large, max-video-preview:-1\" \/>\n<meta name=\"bingbot\" content=\"index, follow, max-snippet:-1, max-image-preview:large, max-video-preview:-1\" \/>\n<link rel=\"canonical\" href=\"https:\/\/www.prodentitalia.eu\/espro\/prodotti-implantari-prodent\/impianti-cilindrici\/impianto-twinner-collar\/\" \/>\n<meta property=\"og:locale\" content=\"es_ES\" \/>\n<meta property=\"og:type\" content=\"article\" \/>\n<meta property=\"og:title\" content=\"Twinner Collar - \u00c1rea Profesionales Prodent Italia\" \/>\n<meta property=\"og:url\" content=\"https:\/\/www.prodentitalia.eu\/espro\/prodotti-implantari-prodent\/impianti-cilindrici\/impianto-twinner-collar\/\" \/>\n<meta property=\"og:site_name\" content=\"\u00c1rea Profesionales Prodent Italia\" \/>\n<meta property=\"article:modified_time\" content=\"2023-01-26T09:24:15+00:00\" \/>\n<meta property=\"og:image\" content=\"https:\/\/www.prodentitalia.eu\/it-pro\/wp-content\/uploads\/sites\/35\/2015\/07\/twinner-collar-big.png\" \/>\n<meta name=\"twitter:card\" content=\"summary\" \/>\n<meta name=\"twitter:creator\" content=\"@pr0en7erad475\" \/>\n<script type=\"application\/ld+json\" class=\"yoast-schema-graph\">{\"@context\":\"https:\/\/schema.org\",\"@graph\":[{\"@type\":\"WebSite\",\"@id\":\"https:\/\/www.prodentitalia.eu\/espro\/#website\",\"url\":\"https:\/\/www.prodentitalia.eu\/espro\/\",\"name\":\"\\u00c1rea Profesionales Prodent Italia\",\"description\":\"Prodent Italia l&#039;implantologia made in Italy\",\"potentialAction\":[{\"@type\":\"SearchAction\",\"target\":\"https:\/\/www.prodentitalia.eu\/espro\/?s={search_term_string}\",\"query-input\":\"required name=search_term_string\"}],\"inLanguage\":\"es\"},{\"@type\":\"ImageObject\",\"@id\":\"https:\/\/www.prodentitalia.eu\/espro\/prodotti-implantari-prodent\/impianti-cilindrici\/impianto-twinner-collar\/#primaryimage\",\"inLanguage\":\"es\",\"url\":\"https:\/\/www.prodentitalia.eu\/it-pro\/wp-content\/uploads\/sites\/35\/2015\/07\/twinner-collar-big.png\"},{\"@type\":\"WebPage\",\"@id\":\"https:\/\/www.prodentitalia.eu\/espro\/prodotti-implantari-prodent\/impianti-cilindrici\/impianto-twinner-collar\/#webpage\",\"url\":\"https:\/\/www.prodentitalia.eu\/espro\/prodotti-implantari-prodent\/impianti-cilindrici\/impianto-twinner-collar\/\",\"name\":\"Twinner Collar - \\u00c1rea Profesionales Prodent Italia\",\"isPartOf\":{\"@id\":\"https:\/\/www.prodentitalia.eu\/espro\/#website\"},\"primaryImageOfPage\":{\"@id\":\"https:\/\/www.prodentitalia.eu\/espro\/prodotti-implantari-prodent\/impianti-cilindrici\/impianto-twinner-collar\/#primaryimage\"},\"datePublished\":\"2015-07-09T22:25:09+00:00\",\"dateModified\":\"2023-01-26T09:24:15+00:00\",\"inLanguage\":\"es\",\"potentialAction\":[{\"@type\":\"ReadAction\",\"target\":[\"https:\/\/www.prodentitalia.eu\/espro\/prodotti-implantari-prodent\/impianti-cilindrici\/impianto-twinner-collar\/\"]}]}]}<\/script>\n<!-- \/ Yoast SEO plugin. -->","_links":{"self":[{"href":"https:\/\/www.prodentitalia.eu\/espro\/wp-json\/wp\/v2\/pages\/11402"}],"collection":[{"href":"https:\/\/www.prodentitalia.eu\/espro\/wp-json\/wp\/v2\/pages"}],"about":[{"href":"https:\/\/www.prodentitalia.eu\/espro\/wp-json\/wp\/v2\/types\/page"}],"author":[{"embeddable":true,"href":"https:\/\/www.prodentitalia.eu\/espro\/wp-json\/wp\/v2\/users\/1"}],"replies":[{"embeddable":true,"href":"https:\/\/www.prodentitalia.eu\/espro\/wp-json\/wp\/v2\/comments?post=11402"}],"version-history":[{"count":16,"href":"https:\/\/www.prodentitalia.eu\/espro\/wp-json\/wp\/v2\/pages\/11402\/revisions"}],"predecessor-version":[{"id":12447,"href":"https:\/\/www.prodentitalia.eu\/espro\/wp-json\/wp\/v2\/pages\/11402\/revisions\/12447"}],"up":[{"embeddable":true,"href":"https:\/\/www.prodentitalia.eu\/espro\/wp-json\/wp\/v2\/pages\/11427"}],"wp:attachment":[{"href":"https:\/\/www.prodentitalia.eu\/espro\/wp-json\/wp\/v2\/media?parent=11402"}],"curies":[{"name":"wp","href":"https:\/\/api.w.org\/{rel}","templated":true}]}}