{"id":11431,"date":"2015-07-10T09:40:02","date_gmt":"2015-07-10T07:40:02","guid":{"rendered":"http:\/\/www.prodentitalia.eu\/it-pro\/?page_id=11431"},"modified":"2020-01-17T09:05:48","modified_gmt":"2020-01-17T08:05:48","slug":"planet-prodent","status":"publish","type":"page","link":"https:\/\/www.prodentitalia.eu\/espro\/planet-prodent\/","title":{"rendered":"Planet Prodent"},"content":{"rendered":"<div class=\"fusion-fullwidth fullwidth-box fusion-builder-row-1 hundred-percent-fullwidth non-hundred-percent-height-scrolling\"  style='background-color: rgba(255,255,255,0);background-position: center center;background-repeat: no-repeat;padding-top:0px;padding-right:0px;padding-bottom:0px;padding-left:0px;border-top-width:0px;border-bottom-width:0px;border-color:#eae9e9;border-top-style:solid;border-bottom-style:solid;'><div class=\"fusion-builder-row fusion-row \"><div  class=\"fusion-layout-column fusion_builder_column fusion_builder_column_1_1 fusion-builder-column-0 fusion-one-full fusion-column-first fusion-column-last 1_1\"  style='margin-top:0px;margin-bottom:20px;'><div class=\"fusion-column-wrapper\" style=\"background-position:left top;background-repeat:no-repeat;-webkit-background-size:cover;-moz-background-size:cover;-o-background-size:cover;background-size:cover;\"   data-bg-url=\"\"><span class=\"fusion-imageframe imageframe-none imageframe-1 hover-type-none\"><img src=\"https:\/\/www.prodentitalia.eu\/it-pro\/wp-content\/uploads\/sites\/35\/2015\/07\/planet-prodent-logo.png\"   alt=\"\" title=\"\" class=\"img-responsive\"\/><\/span><div class=\"fusion-clearfix\"><\/div><\/div><\/div><div  class=\"fusion-layout-column fusion_builder_column fusion_builder_column_2_3 fusion-builder-column-1 fusion-two-third fusion-column-first 2_3\"  style='margin-top:40px;margin-bottom:20px;width:65.3333%; margin-right: 4%;'><div class=\"fusion-column-wrapper\" style=\"background-position:left top;background-repeat:no-repeat;-webkit-background-size:cover;-moz-background-size:cover;-o-background-size:cover;background-size:cover;\"   data-bg-url=\"\"><div class=\"fusion-text\"><h2 data-fontsize=\"18\" data-lineheight=\"27\">Un servicio CAD-CAM innovador que permite al odont\u00f3logo y al t\u00e9cnico dental crear piezas personalizadas<\/h2>\n<\/div><div class=\"fusion-clearfix\"><\/div><\/div><\/div><div  class=\"fusion-layout-column fusion_builder_column fusion_builder_column_1_1 fusion-builder-column-2 fusion-one-full fusion-column-last 1_1\"  style='margin-top:0px;margin-bottom:20px;'><div class=\"fusion-column-wrapper\" style=\"background-position:left top;background-repeat:no-repeat;-webkit-background-size:cover;-moz-background-size:cover;-o-background-size:cover;background-size:cover;\"   data-bg-url=\"\"><div class=\"fusion-text\"><p><strong><span style=\"color: #008dbd;\">\u00bfC\u00f3mo funciona el servicio Planet Prodent?<\/span><\/strong><\/p>\n<p>Prodent Italia propone a los laboratorios de pr\u00f3tesis dentales m\u00e1s innovadores, el servicio Planet Prodent para la realizaci\u00f3n de piezas prot\u00e9sicas personalizadas. Los modos operativos son 2:<\/p>\n<p>1 \u2013 El t\u00e9cnico dental env\u00eda a Prodent el modelo en yeso, tras haber introducido los datos correspondientes en el portal.<\/p>\n<p>2 \u2013 El t\u00e9cnico dental env\u00eda a Prodent el archivo realizado mediante un esc\u00e1ner con sistema abierto sin canon software.<\/p>\n<\/div><div class=\"fusion-clearfix\"><\/div><\/div><\/div><div  class=\"fusion-layout-column fusion_builder_column fusion_builder_column_1_2 fusion-builder-column-3 fusion-one-half fusion-column-first 1_2\"  style='margin-top:0px;margin-bottom:20px;width:48%; margin-right: 4%;'><div class=\"fusion-column-wrapper\" style=\"background-position:left top;background-repeat:no-repeat;-webkit-background-size:cover;-moz-background-size:cover;-o-background-size:cover;background-size:cover;\"   data-bg-url=\"\"><div class=\"fusion-text\"><p>Sucesivamente, el centro de fresado Prodent, equipado con fresadoras autom\u00e1ticas industriales de \u00faltima generaci\u00f3n, realiza la pieza prot\u00e9sica. El m\u00e9todo garantiza que las estructuras producidas mantengan inalteradas en el tiempo las caracter\u00edsticas biomec\u00e1nicas.<\/p>\n<p>Este sistema hace que el trabajo del t\u00e9cnico de laboratorio resulte m\u00e1s eficiente, pudiendo garantizar a su cliente una pieza de gran calidad y al mismo tiempo valorizar su competencia profesional<\/p>\n<\/div><div class=\"fusion-clearfix\"><\/div><\/div><\/div><div  class=\"fusion-layout-column fusion_builder_column fusion_builder_column_1_2 fusion-builder-column-4 fusion-one-half fusion-column-last 1_2\"  style='margin-top:0px;margin-bottom:20px;width:48%'><div class=\"fusion-column-wrapper\" style=\"background-position:left top;background-repeat:no-repeat;-webkit-background-size:cover;-moz-background-size:cover;-o-background-size:cover;background-size:cover;\"   data-bg-url=\"\"><span class=\"fusion-imageframe imageframe-none imageframe-2 hover-type-none\"><img src=\"https:\/\/www.prodentitalia.eu\/it-pro\/wp-content\/uploads\/sites\/35\/2015\/07\/planet-prodent-img.png\"   alt=\"\" title=\"\" class=\"img-responsive\"\/><\/span><div class=\"fusion-clearfix\"><\/div><\/div><\/div><div  class=\"fusion-layout-column fusion_builder_column fusion_builder_column_1_1 fusion-builder-column-5 fusion-one-full fusion-column-first fusion-column-last 1_1\"  style='margin-top:0px;margin-bottom:20px;'><div class=\"fusion-column-wrapper\" style=\"background-position:left top;background-repeat:no-repeat;-webkit-background-size:cover;-moz-background-size:cover;-o-background-size:cover;background-size:cover;\"   data-bg-url=\"\"><div class=\"fusion-text\"><p>Descubre todos los detalles: <a href=\"https:\/\/www.prodentitalia.eu\/pdf\/pro-it\/CADCAM-edizione-Aprile2015.pdf\" target=\"_blank\" rel=\"noopener noreferrer\">descarga el Folleto  \u00abPLANET PRODENT CAD-CAM SERVICE AND DIGITAL SOLUTIONS\u00bb &gt;&gt;<\/a><\/p>\n<p>Pide ahora tu pieza personalizada:\u00a0<a href=\"http:\/\/planet.prodentitalia.eu\/\" target=\"_blank\" rel=\"noopener noreferrer\"> entra en el PORTAL PLANET PRODENT &gt;&gt;<\/a><\/p>\n<\/div><div class=\"fusion-clearfix\"><\/div><\/div><\/div><\/div><\/div>\n","protected":false},"excerpt":{"rendered":"","protected":false},"author":1,"featured_media":0,"parent":0,"menu_order":0,"comment_status":"open","ping_status":"open","template":"side-navigation.php","meta":[],"yoast_head":"<!-- This site is optimized with the Yoast SEO plugin v14.7 - https:\/\/yoast.com\/wordpress\/plugins\/seo\/ -->\n<title>Planet Prodent - \u00c1rea Profesionales Prodent Italia<\/title>\n<meta name=\"robots\" content=\"index, follow\" \/>\n<meta name=\"googlebot\" content=\"index, follow, max-snippet:-1, max-image-preview:large, max-video-preview:-1\" \/>\n<meta name=\"bingbot\" content=\"index, follow, max-snippet:-1, max-image-preview:large, max-video-preview:-1\" \/>\n<link rel=\"canonical\" href=\"https:\/\/www.prodentitalia.eu\/espro\/planet-prodent\/\" \/>\n<meta property=\"og:locale\" content=\"es_ES\" \/>\n<meta property=\"og:type\" content=\"article\" \/>\n<meta property=\"og:title\" content=\"Planet Prodent - \u00c1rea Profesionales Prodent Italia\" \/>\n<meta property=\"og:url\" content=\"https:\/\/www.prodentitalia.eu\/espro\/planet-prodent\/\" \/>\n<meta property=\"og:site_name\" content=\"\u00c1rea Profesionales Prodent Italia\" \/>\n<meta property=\"article:modified_time\" content=\"2020-01-17T08:05:48+00:00\" \/>\n<meta property=\"og:image\" content=\"https:\/\/www.prodentitalia.eu\/it-pro\/wp-content\/uploads\/sites\/35\/2015\/07\/planet-prodent-logo.png\" \/>\n<meta name=\"twitter:card\" content=\"summary\" \/>\n<meta name=\"twitter:creator\" content=\"@pr0en7erad475\" \/>\n<script type=\"application\/ld+json\" class=\"yoast-schema-graph\">{\"@context\":\"https:\/\/schema.org\",\"@graph\":[{\"@type\":\"WebSite\",\"@id\":\"https:\/\/www.prodentitalia.eu\/espro\/#website\",\"url\":\"https:\/\/www.prodentitalia.eu\/espro\/\",\"name\":\"\\u00c1rea Profesionales Prodent Italia\",\"description\":\"Prodent Italia l&#039;implantologia made in Italy\",\"potentialAction\":[{\"@type\":\"SearchAction\",\"target\":\"https:\/\/www.prodentitalia.eu\/espro\/?s={search_term_string}\",\"query-input\":\"required name=search_term_string\"}],\"inLanguage\":\"es\"},{\"@type\":\"ImageObject\",\"@id\":\"https:\/\/www.prodentitalia.eu\/espro\/planet-prodent\/#primaryimage\",\"inLanguage\":\"es\",\"url\":\"https:\/\/www.prodentitalia.eu\/it-pro\/wp-content\/uploads\/sites\/35\/2015\/07\/planet-prodent-logo.png\"},{\"@type\":\"WebPage\",\"@id\":\"https:\/\/www.prodentitalia.eu\/espro\/planet-prodent\/#webpage\",\"url\":\"https:\/\/www.prodentitalia.eu\/espro\/planet-prodent\/\",\"name\":\"Planet Prodent - \\u00c1rea Profesionales Prodent Italia\",\"isPartOf\":{\"@id\":\"https:\/\/www.prodentitalia.eu\/espro\/#website\"},\"primaryImageOfPage\":{\"@id\":\"https:\/\/www.prodentitalia.eu\/espro\/planet-prodent\/#primaryimage\"},\"datePublished\":\"2015-07-10T07:40:02+00:00\",\"dateModified\":\"2020-01-17T08:05:48+00:00\",\"inLanguage\":\"es\",\"potentialAction\":[{\"@type\":\"ReadAction\",\"target\":[\"https:\/\/www.prodentitalia.eu\/espro\/planet-prodent\/\"]}]}]}<\/script>\n<!-- \/ Yoast SEO plugin. -->","_links":{"self":[{"href":"https:\/\/www.prodentitalia.eu\/espro\/wp-json\/wp\/v2\/pages\/11431"}],"collection":[{"href":"https:\/\/www.prodentitalia.eu\/espro\/wp-json\/wp\/v2\/pages"}],"about":[{"href":"https:\/\/www.prodentitalia.eu\/espro\/wp-json\/wp\/v2\/types\/page"}],"author":[{"embeddable":true,"href":"https:\/\/www.prodentitalia.eu\/espro\/wp-json\/wp\/v2\/users\/1"}],"replies":[{"embeddable":true,"href":"https:\/\/www.prodentitalia.eu\/espro\/wp-json\/wp\/v2\/comments?post=11431"}],"version-history":[{"count":32,"href":"https:\/\/www.prodentitalia.eu\/espro\/wp-json\/wp\/v2\/pages\/11431\/revisions"}],"predecessor-version":[{"id":12269,"href":"https:\/\/www.prodentitalia.eu\/espro\/wp-json\/wp\/v2\/pages\/11431\/revisions\/12269"}],"wp:attachment":[{"href":"https:\/\/www.prodentitalia.eu\/espro\/wp-json\/wp\/v2\/media?parent=11431"}],"curies":[{"name":"wp","href":"https:\/\/api.w.org\/{rel}","templated":true}]}}