{"id":11442,"date":"2015-07-10T15:19:30","date_gmt":"2015-07-10T13:19:30","guid":{"rendered":"http:\/\/www.prodentitalia.eu\/it-pro\/?page_id=11442"},"modified":"2020-01-17T09:05:48","modified_gmt":"2020-01-17T08:05:48","slug":"prodent-dscan-3-plus","status":"publish","type":"page","link":"https:\/\/www.prodentitalia.eu\/espro\/planet-prodent\/prodent-dscan-3-plus\/","title":{"rendered":"Prodent Dscan 3 Plus"},"content":{"rendered":"<div class=\"fusion-fullwidth fullwidth-box fusion-builder-row-1 hundred-percent-fullwidth non-hundred-percent-height-scrolling\"  style='background-color: rgba(255,255,255,0);background-position: center center;background-repeat: no-repeat;padding-top:0px;padding-right:0px;padding-bottom:0px;padding-left:0px;border-top-width:0px;border-bottom-width:0px;border-color:#eae9e9;border-top-style:solid;border-bottom-style:solid;'><div class=\"fusion-builder-row fusion-row \"><div  class=\"fusion-layout-column fusion_builder_column fusion_builder_column_1_1 fusion-builder-column-0 fusion-one-full fusion-column-first fusion-column-last 1_1\"  style='margin-top:0px;margin-bottom:20px;'><div class=\"fusion-column-wrapper\" style=\"background-position:left top;background-repeat:no-repeat;-webkit-background-size:cover;-moz-background-size:cover;-o-background-size:cover;background-size:cover;\"   data-bg-url=\"\"><span class=\"fusion-imageframe imageframe-none imageframe-1 hover-type-none\"><img src=\"https:\/\/www.prodentitalia.eu\/it-pro\/wp-content\/uploads\/sites\/35\/2015\/07\/planetprodent-3Dscan.png\"   alt=\"\" title=\"\" class=\"img-responsive\"\/><\/span><div class=\"fusion-text\"><p>Prodent Dscan3 Plus es un esc\u00e1ner de dos ejes de altas prestaciones extremadamente preciso, proyectado espec\u00edficamente para el sector dental. Puede ser utilizado en modo predefinido o bien personalizando completamente los par\u00e1metros. Se entrega con el software de modelaci\u00f3n y proyecci\u00f3n DentalCad ya instalado y est\u00e1 preparado para una eventual y sucesiva instalaci\u00f3n del software Exocad.<\/p>\n<p>Prodent Dscan3 Plus es la \u00faltima generaci\u00f3n de esc\u00e1neres dentales de luz estructurada, est\u00e1 equipado con tecnolog\u00eda blue led que permite un barrido m\u00e1s r\u00e1pido y preciso en cualquier condici\u00f3n de luz, capturando tambi\u00e9n objetos semi-reflectantes, con una resoluci\u00f3n de hasta 3.2 megap\u00edxeles. El proceso de barrido es completamente automatizado y tiene una precisi\u00f3n de hasta 15 micron. Prodent Dscan3 Plus ofrece m\u00e1xima precisi\u00f3n en la captura de los peque\u00f1os detalles, facilitando una reconstrucci\u00f3n extremadamente detallada.<\/p>\n<p><a href=\"https:\/\/www.prodentitalia.eu\/espro\/planet-prodent\/parametri-di-settaggio\/\"><img loading=\"lazy\" class=\"size-full wp-image-12014 alignleft\" src=\"https:\/\/www.prodentitalia.eu\/espro\/wp-content\/uploads\/sites\/35\/2015\/10\/planetprodent-set-es.png\" alt=\"planetprodent-set-es\" width=\"451\" height=\"41\" srcset=\"https:\/\/www.prodentitalia.eu\/espro\/wp-content\/uploads\/sites\/35\/2015\/10\/planetprodent-set-es-300x27.png 300w, https:\/\/www.prodentitalia.eu\/espro\/wp-content\/uploads\/sites\/35\/2015\/10\/planetprodent-set-es.png 451w\" sizes=\"(max-width: 451px) 100vw, 451px\" \/><\/a><\/p>\n<p>&nbsp;<\/p>\n<\/div><div class=\"fusion-sep-clear\"><\/div><div class=\"fusion-separator fusion-full-width-sep sep-none\" style=\"margin-left: auto;margin-right: auto;margin-top:;\"><\/div><div class=\"fusion-clearfix\"><\/div><\/div><\/div><\/div><\/div>\n","protected":false},"excerpt":{"rendered":"","protected":false},"author":1,"featured_media":0,"parent":11431,"menu_order":1,"comment_status":"open","ping_status":"closed","template":"side-navigation.php","meta":[],"yoast_head":"<!-- This site is optimized with the Yoast SEO plugin v14.7 - https:\/\/yoast.com\/wordpress\/plugins\/seo\/ -->\n<title>Prodent Dscan 3 Plus - \u00c1rea Profesionales Prodent Italia<\/title>\n<meta name=\"robots\" content=\"index, follow\" \/>\n<meta name=\"googlebot\" content=\"index, follow, max-snippet:-1, max-image-preview:large, max-video-preview:-1\" \/>\n<meta name=\"bingbot\" content=\"index, follow, max-snippet:-1, max-image-preview:large, max-video-preview:-1\" \/>\n<link rel=\"canonical\" href=\"https:\/\/www.prodentitalia.eu\/espro\/planet-prodent\/prodent-dscan-3-plus\/\" \/>\n<meta property=\"og:locale\" content=\"es_ES\" \/>\n<meta property=\"og:type\" content=\"article\" \/>\n<meta property=\"og:title\" content=\"Prodent Dscan 3 Plus - \u00c1rea Profesionales Prodent Italia\" \/>\n<meta property=\"og:url\" content=\"https:\/\/www.prodentitalia.eu\/espro\/planet-prodent\/prodent-dscan-3-plus\/\" \/>\n<meta property=\"og:site_name\" content=\"\u00c1rea Profesionales Prodent Italia\" \/>\n<meta property=\"article:modified_time\" content=\"2020-01-17T08:05:48+00:00\" \/>\n<meta property=\"og:image\" content=\"https:\/\/www.prodentitalia.eu\/it-pro\/wp-content\/uploads\/sites\/35\/2015\/07\/planetprodent-3Dscan.png\" \/>\n<meta name=\"twitter:card\" content=\"summary\" \/>\n<meta name=\"twitter:creator\" content=\"@pr0en7erad475\" \/>\n<script type=\"application\/ld+json\" class=\"yoast-schema-graph\">{\"@context\":\"https:\/\/schema.org\",\"@graph\":[{\"@type\":\"WebSite\",\"@id\":\"https:\/\/www.prodentitalia.eu\/espro\/#website\",\"url\":\"https:\/\/www.prodentitalia.eu\/espro\/\",\"name\":\"\\u00c1rea Profesionales Prodent Italia\",\"description\":\"Prodent Italia l&#039;implantologia made in Italy\",\"potentialAction\":[{\"@type\":\"SearchAction\",\"target\":\"https:\/\/www.prodentitalia.eu\/espro\/?s={search_term_string}\",\"query-input\":\"required name=search_term_string\"}],\"inLanguage\":\"es\"},{\"@type\":\"ImageObject\",\"@id\":\"https:\/\/www.prodentitalia.eu\/espro\/planet-prodent\/prodent-dscan-3-plus\/#primaryimage\",\"inLanguage\":\"es\",\"url\":\"https:\/\/www.prodentitalia.eu\/it-pro\/wp-content\/uploads\/sites\/35\/2015\/07\/planetprodent-3Dscan.png\"},{\"@type\":\"WebPage\",\"@id\":\"https:\/\/www.prodentitalia.eu\/espro\/planet-prodent\/prodent-dscan-3-plus\/#webpage\",\"url\":\"https:\/\/www.prodentitalia.eu\/espro\/planet-prodent\/prodent-dscan-3-plus\/\",\"name\":\"Prodent Dscan 3 Plus - \\u00c1rea Profesionales Prodent Italia\",\"isPartOf\":{\"@id\":\"https:\/\/www.prodentitalia.eu\/espro\/#website\"},\"primaryImageOfPage\":{\"@id\":\"https:\/\/www.prodentitalia.eu\/espro\/planet-prodent\/prodent-dscan-3-plus\/#primaryimage\"},\"datePublished\":\"2015-07-10T13:19:30+00:00\",\"dateModified\":\"2020-01-17T08:05:48+00:00\",\"inLanguage\":\"es\",\"potentialAction\":[{\"@type\":\"ReadAction\",\"target\":[\"https:\/\/www.prodentitalia.eu\/espro\/planet-prodent\/prodent-dscan-3-plus\/\"]}]}]}<\/script>\n<!-- \/ Yoast SEO plugin. -->","_links":{"self":[{"href":"https:\/\/www.prodentitalia.eu\/espro\/wp-json\/wp\/v2\/pages\/11442"}],"collection":[{"href":"https:\/\/www.prodentitalia.eu\/espro\/wp-json\/wp\/v2\/pages"}],"about":[{"href":"https:\/\/www.prodentitalia.eu\/espro\/wp-json\/wp\/v2\/types\/page"}],"author":[{"embeddable":true,"href":"https:\/\/www.prodentitalia.eu\/espro\/wp-json\/wp\/v2\/users\/1"}],"replies":[{"embeddable":true,"href":"https:\/\/www.prodentitalia.eu\/espro\/wp-json\/wp\/v2\/comments?post=11442"}],"version-history":[{"count":10,"href":"https:\/\/www.prodentitalia.eu\/espro\/wp-json\/wp\/v2\/pages\/11442\/revisions"}],"predecessor-version":[{"id":12267,"href":"https:\/\/www.prodentitalia.eu\/espro\/wp-json\/wp\/v2\/pages\/11442\/revisions\/12267"}],"up":[{"embeddable":true,"href":"https:\/\/www.prodentitalia.eu\/espro\/wp-json\/wp\/v2\/pages\/11431"}],"wp:attachment":[{"href":"https:\/\/www.prodentitalia.eu\/espro\/wp-json\/wp\/v2\/media?parent=11442"}],"curies":[{"name":"wp","href":"https:\/\/api.w.org\/{rel}","templated":true}]}}