{"id":12330,"date":"2020-10-28T08:41:04","date_gmt":"2020-10-28T07:41:04","guid":{"rendered":"https:\/\/www.prodentitalia.eu\/espro\/?page_id=12330"},"modified":"2023-01-25T15:55:23","modified_gmt":"2023-01-25T14:55:23","slug":"implantes-proshape","status":"publish","type":"page","link":"https:\/\/www.prodentitalia.eu\/espro\/implantes-proshape\/","title":{"rendered":"Implantes Proshape"},"content":{"rendered":"<div class=\"fusion-fullwidth fullwidth-box fusion-builder-row-1 nonhundred-percent-fullwidth non-hundred-percent-height-scrolling\"  style='background-color: rgba(255,255,255,0);background-position: center center;background-repeat: no-repeat;padding-top:20px;padding-bottom:20px;border-top-width:0px;border-bottom-width:0px;border-color:#eae9e9;border-top-style:solid;border-bottom-style:solid;'><div class=\"fusion-builder-row fusion-row \"><div  class=\"fusion-layout-column fusion_builder_column fusion_builder_column_1_2 fusion-builder-column-0 fusion-one-half fusion-column-first 1_2\"  style='margin-top:0px;margin-bottom:20px;'><div class=\"fusion-column-wrapper\" style=\"padding: 0px 0px 0px 0px;background-position:center top;background-repeat:no-repeat;-webkit-background-size:cover;-moz-background-size:cover;-o-background-size:cover;background-size:cover;\"   data-bg-url=\"\"><div class=\"imageframe-align-center\"><span class=\"fusion-imageframe imageframe-none imageframe-1 hover-type-none\"><img src=\"https:\/\/www.prodentitalia.eu\/itpro\/wp-content\/uploads\/sites\/12\/2020\/09\/proshape-page.jpg\"   alt=\"\" title=\"\" class=\"img-responsive\"\/><\/span><\/div><div class=\"fusion-clearfix\"><\/div><\/div><\/div><div  class=\"fusion-layout-column fusion_builder_column fusion_builder_column_1_2 fusion-builder-column-1 fusion-one-half fusion-column-last whiteopacity 1_2\"  style='margin-top:0px;margin-bottom:50px;'><div class=\"fusion-column-wrapper\" style=\"border:0px solid #eeeeee;padding: 20px 20px 20px 20px;background-position:left top;background-repeat:no-repeat;-webkit-background-size:cover;-moz-background-size:cover;-o-background-size:cover;background-size:cover;\"   data-bg-url=\"\"><style type=\"text\/css\">.fusion-accordian  #accordion-12330-1 .panel-title a .fa-fusion-box{ color: #ffffff;}.fusion-accordian  #accordion-12330-1 .panel-title a .fa-fusion-box:before{ font-size: 13px; width: 13px;}.fusion-accordian  #accordion-12330-1 .panel-title a{font-size:16px;}.fusion-accordian  #accordion-12330-1 .fa-fusion-box { background-color: #8c8c8c;border-color: #8c8c8c;}.fusion-accordian  #accordion-12330-1 .panel-title a:hover, #accordion-12330-1 .fusion-toggle-boxed-mode:hover .panel-title a { color: #65bc7b;}.fusion-accordian  #accordion-12330-1 .panel-title .active .fa-fusion-box,.fusion-accordian  #accordion-12330-1 .panel-title a:hover .fa-fusion-box { background-color: #65bc7b!important;border-color: #65bc7b!important;}<\/style><div class=\"accordian fusion-accordian\"><div class=\"panel-group\" id=\"accordion-12330-1\" role=\"tablist\"><div class=\"fusion-panel panel-default\" role=\"tabpanel\"><div class=\"panel-heading\"><h4 class=\"panel-title toggle\"><a aria-expanded=\"false\" aria-selected=\"false\" aria-controls=\"a37419a5e5c54140d\" role=\"tab\" data-toggle=\"collapse\" data-parent=\"#accordion-12330-1\" data-target=\"#a37419a5e5c54140d\" href=\"#a37419a5e5c54140d\"><span class=\"fusion-toggle-icon-wrapper\" aria-hidden=\"true\"><i class=\"fa-fusion-box\"><\/i><\/span><span class=\"fusion-toggle-heading\">M\u00e1xima estabilidad primaria en cualquier tipo de hueso<\/span><\/a><\/h4><\/div><div id=\"a37419a5e5c54140d\" class=\"panel-collapse collapse \"><div class=\"panel-body toggle-content fusion-clearfix\">\n<p>Gracias a su especial e innovadora morfolog\u00eda, c\u00f3nica en el cuerpo y cil\u00edndrica en las espiras planas, y a un doble protocolo de preparaci\u00f3n del sitio implantario en funci\u00f3n de la calidad \u00f3sea, los implantes Proshape logran insertarse en el hueso sin crear nunca un sobretorque, alcanzando siempre una excelente estabilidad primaria en el hueso.<\/p>\n<\/div><\/div><\/div><div class=\"fusion-panel panel-default\" role=\"tabpanel\"><div class=\"panel-heading\"><h4 class=\"panel-title toggle\"><a aria-expanded=\"false\" aria-selected=\"false\" aria-controls=\"c1017acef6b843da4\" role=\"tab\" data-toggle=\"collapse\" data-parent=\"#accordion-12330-1\" data-target=\"#c1017acef6b843da4\" href=\"#c1017acef6b843da4\"><span class=\"fusion-toggle-icon-wrapper\" aria-hidden=\"true\"><i class=\"fa-fusion-box\"><\/i><\/span><span class=\"fusion-toggle-heading\">Doble opci\u00f3n para el tratamiento superficial<\/span><\/a><\/h4><\/div><div id=\"c1017acef6b843da4\" class=\"panel-collapse collapse \"><div class=\"panel-body toggle-content fusion-clearfix\">\n<p>Los Proshape Integral est\u00e1n tratados totalmente con doble grabado \u00e1cido, a excepci\u00f3n de la plataforma coronal en la zona de cambio de plataforma (<i>platform<\/i> <i>switching<\/i><i>)<\/i>. Los Proshape Hybrid est\u00e1n tratados con doble grabado \u00e1cido en la zona medio-apical, mientras que el \u00e1rea coronal tiene una superficie mecanizada.<\/p>\n<\/div><\/div><\/div><div class=\"fusion-panel panel-default\" role=\"tabpanel\"><div class=\"panel-heading\"><h4 class=\"panel-title toggle\"><a aria-expanded=\"false\" aria-selected=\"false\" aria-controls=\"bfe55d44cb1c688e2\" role=\"tab\" data-toggle=\"collapse\" data-parent=\"#accordion-12330-1\" data-target=\"#bfe55d44cb1c688e2\" href=\"#bfe55d44cb1c688e2\"><span class=\"fusion-toggle-icon-wrapper\" aria-hidden=\"true\"><i class=\"fa-fusion-box\"><\/i><\/span><span class=\"fusion-toggle-heading\">M\u00e1ximo sellado de la conexi\u00f3n pilar-implante<\/span><\/a><\/h4><\/div><div id=\"bfe55d44cb1c688e2\" class=\"panel-collapse collapse \"><div class=\"panel-body toggle-content fusion-clearfix\">\n<p>Los implantes Proshape est\u00e1n dotados de una conexi\u00f3n c\u00f3nica interna, con hex\u00e1gono. El tornillo de fijaci\u00f3n del pilar est\u00e1 dotado tambi\u00e9n de una conexi\u00f3n c\u00f3nica que genera un doble sellado c\u00f3nico del sistema implanto-prot\u00e9sico en el acoplamiento con el pilar.<\/p>\n<\/div><\/div><\/div><div class=\"fusion-panel panel-default\" role=\"tabpanel\"><div class=\"panel-heading\"><h4 class=\"panel-title toggle\"><a aria-expanded=\"false\" aria-selected=\"false\" aria-controls=\"f4611c161476a34bb\" role=\"tab\" data-toggle=\"collapse\" data-parent=\"#accordion-12330-1\" data-target=\"#f4611c161476a34bb\" href=\"#f4611c161476a34bb\"><span class=\"fusion-toggle-icon-wrapper\" aria-hidden=\"true\"><i class=\"fa-fusion-box\"><\/i><\/span><span class=\"fusion-toggle-heading\">\u00danica plataforma prot\u00e9sica para todos los di\u00e1metros implantarios<\/span><\/a><\/h4><\/div><div id=\"f4611c161476a34bb\" class=\"panel-collapse collapse \"><div class=\"panel-body toggle-content fusion-clearfix\">\n<p>Los implantes Proshape comparten la misma plataforma prot\u00e9sica, en sus diferentes di\u00e1metros. Los pilares est\u00e1n disponibles en tres tama\u00f1os distintos, Narrow, Regular y Wide, y est\u00e1n dotados de un perfil anat\u00f3mico en \u00abese\u00bb en la zona transmucosa.<\/p>\n<\/div><\/div><\/div><div class=\"fusion-panel panel-default\" role=\"tabpanel\"><div class=\"panel-heading\"><h4 class=\"panel-title toggle\"><a aria-expanded=\"false\" aria-selected=\"false\" aria-controls=\"e52a204c9c2ee5401\" role=\"tab\" data-toggle=\"collapse\" data-parent=\"#accordion-12330-1\" data-target=\"#e52a204c9c2ee5401\" href=\"#e52a204c9c2ee5401\"><span class=\"fusion-toggle-icon-wrapper\" aria-hidden=\"true\"><i class=\"fa-fusion-box\"><\/i><\/span><span class=\"fusion-toggle-heading\">Kit quir\u00fargico simple, compacto e intuitivo<\/span><\/a><\/h4><\/div><div id=\"e52a204c9c2ee5401\" class=\"panel-collapse collapse \"><div class=\"panel-body toggle-content fusion-clearfix\">\n<p>Surgical Tray Proshape ha sido realizado para garantizar una extraordinaria funcionalidad. Pocas fresas, dotadas de topes, y dise\u00f1o ergon\u00f3mico para simplificar al m\u00e1ximo la actividad del personal cl\u00ednico y auxiliar.<\/p>\n<\/div><\/div><\/div><\/div><\/div><div class=\"fusion-text\"><\/div><div class=\"fusion-button-wrapper\"><style type=\"text\/css\">.fusion-button.button-1 .fusion-button-text, .fusion-button.button-1 i {color:#008bdb;}.fusion-button.button-1 .fusion-button-icon-divider{border-color:#008bdb;}.fusion-button.button-1:hover .fusion-button-text, .fusion-button.button-1:hover i,.fusion-button.button-1:focus .fusion-button-text, .fusion-button.button-1:focus i,.fusion-button.button-1:active .fusion-button-text, .fusion-button.button-1:active{color:#1e73be;}.fusion-button.button-1:hover .fusion-button-icon-divider, .fusion-button.button-1:hover .fusion-button-icon-divider, .fusion-button.button-1:active .fusion-button-icon-divider{border-color:#1e73be;}.fusion-button.button-1:hover, .fusion-button.button-1:focus, .fusion-button.button-1:active{border-color:#1e73be;border-width:1px;}.fusion-button.button-1 {border-color:#008bdb;border-width:1px;border-radius:0px;}.fusion-button.button-1{background: #ffffff;}.fusion-button.button-1:hover,.button-1:focus,.fusion-button.button-1:active{background: #ffffff;}<\/style><a class=\"fusion-button button-flat button-xlarge button-custom button-1 fusion-button-default-span spacer\" target=\"_blank\" rel=\"noopener noreferrer\" href=\"https:\/\/www.prodentitalia.eu\/pdf\/pro-it\/prodotti\/PROSHAPE-Clinical-Protocol-.pdf\"><span class=\"fusion-button-text\">DESCARGAR EL PROTOCOLO<\/span><i class=\"fa-chevron-right fas button-icon-right\"><\/i><\/a><\/div><div class=\"fusion-clearfix\"><\/div><\/div><\/div><div  class=\"fusion-layout-column fusion_builder_column fusion_builder_column_1_1 fusion-builder-column-2 fusion-one-full fusion-column-first fusion-column-last fusion-column-no-min-height 1_1\"  style='margin-top:0px;margin-bottom:0px;'><div class=\"fusion-column-wrapper\" style=\"padding: 0px 0px 0px 0px;background-position:left top;background-repeat:no-repeat;-webkit-background-size:cover;-moz-background-size:cover;-o-background-size:cover;background-size:cover;\"   data-bg-url=\"\"><div class=\"fusion-sep-clear\"><\/div><div class=\"fusion-separator fusion-full-width-sep sep-none\" style=\"margin-left: auto;margin-right: auto;margin-top:;\"><\/div><div class=\"fusion-clearfix\"><\/div><\/div><\/div><\/div><\/div>\n","protected":false},"excerpt":{"rendered":"","protected":false},"author":6,"featured_media":0,"parent":0,"menu_order":0,"comment_status":"closed","ping_status":"closed","template":"","meta":[],"yoast_head":"<!-- This site is optimized with the Yoast SEO plugin v14.7 - https:\/\/yoast.com\/wordpress\/plugins\/seo\/ -->\n<title>Implantes Proshape - \u00c1rea Profesionales Prodent Italia<\/title>\n<meta name=\"robots\" content=\"index, follow\" \/>\n<meta name=\"googlebot\" content=\"index, follow, max-snippet:-1, max-image-preview:large, max-video-preview:-1\" \/>\n<meta name=\"bingbot\" content=\"index, follow, max-snippet:-1, max-image-preview:large, max-video-preview:-1\" \/>\n<link rel=\"canonical\" href=\"https:\/\/www.prodentitalia.eu\/espro\/implantes-proshape\/\" \/>\n<meta property=\"og:locale\" content=\"es_ES\" \/>\n<meta property=\"og:type\" content=\"article\" \/>\n<meta property=\"og:title\" content=\"Implantes Proshape - \u00c1rea Profesionales Prodent Italia\" \/>\n<meta property=\"og:url\" content=\"https:\/\/www.prodentitalia.eu\/espro\/implantes-proshape\/\" \/>\n<meta property=\"og:site_name\" content=\"\u00c1rea Profesionales Prodent Italia\" \/>\n<meta property=\"article:modified_time\" content=\"2023-01-25T14:55:23+00:00\" \/>\n<meta name=\"twitter:card\" content=\"summary\" \/>\n<script type=\"application\/ld+json\" class=\"yoast-schema-graph\">{\"@context\":\"https:\/\/schema.org\",\"@graph\":[{\"@type\":\"WebSite\",\"@id\":\"https:\/\/www.prodentitalia.eu\/espro\/#website\",\"url\":\"https:\/\/www.prodentitalia.eu\/espro\/\",\"name\":\"\\u00c1rea Profesionales Prodent Italia\",\"description\":\"Prodent Italia l&#039;implantologia made in Italy\",\"potentialAction\":[{\"@type\":\"SearchAction\",\"target\":\"https:\/\/www.prodentitalia.eu\/espro\/?s={search_term_string}\",\"query-input\":\"required name=search_term_string\"}],\"inLanguage\":\"es\"},{\"@type\":\"WebPage\",\"@id\":\"https:\/\/www.prodentitalia.eu\/espro\/implantes-proshape\/#webpage\",\"url\":\"https:\/\/www.prodentitalia.eu\/espro\/implantes-proshape\/\",\"name\":\"Implantes Proshape - \\u00c1rea Profesionales Prodent Italia\",\"isPartOf\":{\"@id\":\"https:\/\/www.prodentitalia.eu\/espro\/#website\"},\"datePublished\":\"2020-10-28T07:41:04+00:00\",\"dateModified\":\"2023-01-25T14:55:23+00:00\",\"inLanguage\":\"es\",\"potentialAction\":[{\"@type\":\"ReadAction\",\"target\":[\"https:\/\/www.prodentitalia.eu\/espro\/implantes-proshape\/\"]}]}]}<\/script>\n<!-- \/ Yoast SEO plugin. -->","_links":{"self":[{"href":"https:\/\/www.prodentitalia.eu\/espro\/wp-json\/wp\/v2\/pages\/12330"}],"collection":[{"href":"https:\/\/www.prodentitalia.eu\/espro\/wp-json\/wp\/v2\/pages"}],"about":[{"href":"https:\/\/www.prodentitalia.eu\/espro\/wp-json\/wp\/v2\/types\/page"}],"author":[{"embeddable":true,"href":"https:\/\/www.prodentitalia.eu\/espro\/wp-json\/wp\/v2\/users\/6"}],"replies":[{"embeddable":true,"href":"https:\/\/www.prodentitalia.eu\/espro\/wp-json\/wp\/v2\/comments?post=12330"}],"version-history":[{"count":5,"href":"https:\/\/www.prodentitalia.eu\/espro\/wp-json\/wp\/v2\/pages\/12330\/revisions"}],"predecessor-version":[{"id":12435,"href":"https:\/\/www.prodentitalia.eu\/espro\/wp-json\/wp\/v2\/pages\/12330\/revisions\/12435"}],"wp:attachment":[{"href":"https:\/\/www.prodentitalia.eu\/espro\/wp-json\/wp\/v2\/media?parent=12330"}],"curies":[{"name":"wp","href":"https:\/\/api.w.org\/{rel}","templated":true}]}}