{"id":11272,"date":"2015-07-29T14:29:26","date_gmt":"2015-07-29T12:29:26","guid":{"rendered":"http:\/\/www.prodentitalia.eu\/fr\/?page_id=11272"},"modified":"2020-01-16T10:36:13","modified_gmt":"2020-01-16T09:36:13","slug":"utilisation-du-site","status":"publish","type":"page","link":"https:\/\/www.prodentitalia.eu\/fr\/utilisation-du-site\/","title":{"rendered":"Utilisation du site"},"content":{"rendered":"<div class=\"fusion-fullwidth fullwidth-box fusion-builder-row-1 nonhundred-percent-fullwidth non-hundred-percent-height-scrolling\"  style='background-color: rgba(255,255,255,0);background-position: left top;background-repeat: no-repeat;padding-top:20px;padding-bottom:20px;border-top-width:0px;border-bottom-width:0px;border-color:#eae9e9;border-top-style:solid;border-bottom-style:solid;'><div class=\"fusion-builder-row fusion-row \"><div  class=\"fusion-layout-column fusion_builder_column fusion_builder_column_1_1 fusion-builder-column-0 fusion-one-full fusion-column-first fusion-column-last 1_1\"  style='margin-top:0px;margin-bottom:20px;'><div class=\"fusion-column-wrapper\" style=\"background-position:left top;background-repeat:no-repeat;-webkit-background-size:cover;-moz-background-size:cover;-o-background-size:cover;background-size:cover;\"   data-bg-url=\"\"><div class=\"fusion-text\"><p><strong>Conditions d\u2019utilisation et restrictions l\u00e9gales<\/strong><\/p>\n<p>Attention : lire avec attention les conditions qui suivent avant d&rsquo;utiliser ce site web. L\u2019utilisation du site implique l\u2019acceptation des conditions pr\u00e9sent\u00e9es ci-dessous.<br \/>\nProdent Italia S.r.l. autorise la visualisation et le t\u00e9l\u00e9chargement des documents disponibles sur ce site web pour une utilisation strictement personnelle. Il n&rsquo;est pas autoris\u00e9 de modifier de quelque fa\u00e7on que ce soit les documents pr\u00e9sents sur le site, ni de les reproduire ou de les transmettre publiquement, les ex\u00e9cuter, les distribuer ou les utiliser de quelque fa\u00e7on que ce soit \u00e0 des fins publiques ou commerciales. Aux fins des pr\u00e9sentes conditions, toute utilisation des documents susmentionn\u00e9s est interdite sur un autre site web ou environnement r\u00e9seau. Les documents disponibles sur le site sont prot\u00e9g\u00e9s par un droit de reproduction, et l\u2019utilisation non autoris\u00e9e peut entra\u00eener une violation des droits de reproduction, de marques de fabrique et d&rsquo;autres normes l\u00e9gales. Le droit de reproduction concerne toute ce qui est de notre cr\u00e9ation, comme l&rsquo;agencement des pages, la majeure partie des graphismes (gif, jpg, films), une partie des contenus du site ; sont exclus : marques, noms de marques, noms d&rsquo;entreprises, noms de produits, services, raccordements et informations qui d\u00e9coulent ou appartiennent \u00e0 des tierces parties. Les marques et les noms de marques pr\u00e9sents sur nos pages sont la propri\u00e9t\u00e9 des entreprises respectives qui en d\u00e9tiennent tous les droits.<\/p>\n<p><strong>Clause de non-responsabilit\u00e9<\/strong><br \/>\nProdent Italia S.r.l. n&rsquo;assume aucune responsabilit\u00e9 pour la qualit\u00e9 des services offerts, les omissions ou les informations inexactes \u00e9ventuellement pr\u00e9sentes sur nos pages ; et elle ne peut \u00eatre tenue aucunement responsable des \u00e9ventuels dommages directs ou indirects \u00e0 la suite de l\u2019utilisation de ce site. LES DOCUMENTS ET LES SERVICES DISPONIBLES SUR CE SITE SONT FOURNIS \u201cTEL QUELS\u201d, SANS AUCUNE GARANTIE, NOTAMMENT LES GARANTIES DE COMMERCIALISATION, D&rsquo;AD\u00c9QUATION AVEC UNE UTILISATION SP\u00c9CIFIQUE OU DE NON-VIOLATION DES DROITS DE LA PROPRI\u00c9T\u00c9 INTELLECTUELLE. Les obligations de Prodent Italia S.r.l. en relation avec ses propres produits et services sont r\u00e9gies exclusivement par les contrats conform\u00e9ment auxquels ils sont fournis et en aucun cas le contenu de ce site ne peut modifier ces contrats. En outre, Prodent Italia S.r.l. ne garantit pas la pr\u00e9cision et l&rsquo;exhaustivit\u00e9 des informations, des logiciels ou des services fournis sur ce site. Prodent Italia S.r.l. peut apporter \u00e0 tout moment des modifications aux documents et aux services pr\u00e9sents sur ce site ou aux produits et aux prix indiqu\u00e9s, sans aucun pr\u00e9avis. Les documents et les services disponibles sur ce site peuvent ne pas \u00eatre actualis\u00e9s, et Prodent Italia S.r.l. n&rsquo;assume pas l\u2019obligation de les actualiser. Les informations publi\u00e9es sur ce site peuvent faire r\u00e9f\u00e9rence \u00e0 des produits, des programmes ou des services qui ne sont pas disponibles dans d&rsquo;autres pays ou sur d&rsquo;autres sites.<\/p>\n<p><strong>Liens vers d&rsquo;autres sites web<\/strong><br \/>\nLes liens pr\u00e9sents sur ce site sont fournis exclusivement pour la commodit\u00e9 de l&rsquo;utilisateur. Si vous utilisez ces liens, vous quittez le pr\u00e9sent site. Prodent Italia S.r.l. n&rsquo;a pas examin\u00e9 ces sites, ne les g\u00e8re pas et n&rsquo;est pas responsable des documents qu&rsquo;ils contiennent. Par cons\u00e9quent, Prodent Italia S.r.l. n&rsquo;offre aucune garantie et ne formule aucune d\u00e9claration \u00e0 leur sujet et au sujet des informations, des logiciels ou d&rsquo;autres produits, documents ou r\u00e9sultats \u00e9ventuels obtenus en utilisant ces sites. L\u2019acc\u00e8s aux sites d&rsquo;autres producteurs par l&rsquo;interm\u00e9diaire des liens pr\u00e9sents sur ce site est de la responsabilit\u00e9 exclusive de l&rsquo;utilisateur. Les liens avec les services de tierces parties pr\u00e9sents sur notre site sont la propri\u00e9t\u00e9 des producteurs respectifs et en tant que tels, ils en d\u00e9tiennent tous les droits. Si la pr\u00e9sence d&rsquo;un lien ou d&rsquo;une marque n&rsquo;est pas appr\u00e9ci\u00e9e de la part du propri\u00e9taire respectif, \u00e9crivez \u00e0 servizigenerali@prodentitalia.it pour en demander le retrait imm\u00e9diat.<\/p>\n<p><strong>Informations envoy\u00e9es par l&rsquo;utilisateur<\/strong><br \/>\nTous les documents, toutes les informations et les autres communications transmis \u00e0 Prodent Italia S.r.l. et publi\u00e9s sur ce site seront consid\u00e9r\u00e9s \u00e0 caract\u00e8re non confidentiel et non propri\u00e9taires. Prodent Italia S.r.l. n&rsquo;assume aucune obligation quant aux communications. Prodent Italia S.r.l. et ses d\u00e9signataires peuvent librement copier, divulguer, distribuer, inclure et utiliser les communications et toutes les donn\u00e9es, les images, les sons, les textes et les autres documents int\u00e9gr\u00e9s \u00e0 des fins commerciales et non commerciales.<br \/>\n<strong>Mises \u00e0 jour<\/strong><br \/>\nProdent Italia S.r.l. peut rectifier les pr\u00e9sentes conditions \u00e0 tout moment en actualisant cette publication. Il est conseill\u00e9 de visiter p\u00e9riodiquement la pr\u00e9sente page pour visualiser les conditions en cours, \u00e9tant donn\u00e9 qu&rsquo;elles sont contraignantes pour l\u2019utilisateur.<\/p>\n<\/div><div class=\"fusion-clearfix\"><\/div><\/div><\/div><\/div><\/div>\n","protected":false},"excerpt":{"rendered":"","protected":false},"author":1,"featured_media":0,"parent":0,"menu_order":0,"comment_status":"open","ping_status":"open","template":"100-width.php","meta":[],"yoast_head":"<!-- This site is optimized with the Yoast SEO plugin v14.7 - https:\/\/yoast.com\/wordpress\/plugins\/seo\/ -->\n<title>Utilisation du site - Prodent Italia - L\u2019implantologie Made in Italy<\/title>\n<meta name=\"robots\" content=\"index, follow\" \/>\n<meta name=\"googlebot\" content=\"index, follow, max-snippet:-1, max-image-preview:large, max-video-preview:-1\" \/>\n<meta name=\"bingbot\" content=\"index, follow, max-snippet:-1, max-image-preview:large, max-video-preview:-1\" \/>\n<link rel=\"canonical\" href=\"https:\/\/www.prodentitalia.eu\/fr\/utilisation-du-site\/\" \/>\n<meta property=\"og:locale\" content=\"fr_FR\" \/>\n<meta property=\"og:type\" content=\"article\" \/>\n<meta property=\"og:title\" content=\"Utilisation du site - Prodent Italia - L\u2019implantologie Made in Italy\" \/>\n<meta property=\"og:url\" content=\"https:\/\/www.prodentitalia.eu\/fr\/utilisation-du-site\/\" \/>\n<meta property=\"og:site_name\" content=\"Prodent Italia - L\u2019implantologie Made in Italy\" \/>\n<meta property=\"article:modified_time\" content=\"2020-01-16T09:36:13+00:00\" \/>\n<meta name=\"twitter:card\" content=\"summary\" \/>\n<meta name=\"twitter:creator\" content=\"@pr0en7erad475\" \/>\n<script type=\"application\/ld+json\" class=\"yoast-schema-graph\">{\"@context\":\"https:\/\/schema.org\",\"@graph\":[{\"@type\":\"WebSite\",\"@id\":\"https:\/\/www.prodentitalia.eu\/fr\/#website\",\"url\":\"https:\/\/www.prodentitalia.eu\/fr\/\",\"name\":\"Prodent Italia - L\\u2019implantologie Made in Italy\",\"description\":\"L&#039;implantologia made in Italy\",\"potentialAction\":[{\"@type\":\"SearchAction\",\"target\":\"https:\/\/www.prodentitalia.eu\/fr\/?s={search_term_string}\",\"query-input\":\"required name=search_term_string\"}],\"inLanguage\":\"fr-FR\"},{\"@type\":\"WebPage\",\"@id\":\"https:\/\/www.prodentitalia.eu\/fr\/utilisation-du-site\/#webpage\",\"url\":\"https:\/\/www.prodentitalia.eu\/fr\/utilisation-du-site\/\",\"name\":\"Utilisation du site - Prodent Italia - L\\u2019implantologie Made in Italy\",\"isPartOf\":{\"@id\":\"https:\/\/www.prodentitalia.eu\/fr\/#website\"},\"datePublished\":\"2015-07-29T12:29:26+00:00\",\"dateModified\":\"2020-01-16T09:36:13+00:00\",\"inLanguage\":\"fr-FR\",\"potentialAction\":[{\"@type\":\"ReadAction\",\"target\":[\"https:\/\/www.prodentitalia.eu\/fr\/utilisation-du-site\/\"]}]}]}<\/script>\n<!-- \/ Yoast SEO plugin. -->","_links":{"self":[{"href":"https:\/\/www.prodentitalia.eu\/fr\/wp-json\/wp\/v2\/pages\/11272"}],"collection":[{"href":"https:\/\/www.prodentitalia.eu\/fr\/wp-json\/wp\/v2\/pages"}],"about":[{"href":"https:\/\/www.prodentitalia.eu\/fr\/wp-json\/wp\/v2\/types\/page"}],"author":[{"embeddable":true,"href":"https:\/\/www.prodentitalia.eu\/fr\/wp-json\/wp\/v2\/users\/1"}],"replies":[{"embeddable":true,"href":"https:\/\/www.prodentitalia.eu\/fr\/wp-json\/wp\/v2\/comments?post=11272"}],"version-history":[{"count":5,"href":"https:\/\/www.prodentitalia.eu\/fr\/wp-json\/wp\/v2\/pages\/11272\/revisions"}],"predecessor-version":[{"id":11316,"href":"https:\/\/www.prodentitalia.eu\/fr\/wp-json\/wp\/v2\/pages\/11272\/revisions\/11316"}],"wp:attachment":[{"href":"https:\/\/www.prodentitalia.eu\/fr\/wp-json\/wp\/v2\/media?parent=11272"}],"curies":[{"name":"wp","href":"https:\/\/api.w.org\/{rel}","templated":true}]}}