{"id":11083,"date":"2015-07-07T10:37:41","date_gmt":"2015-07-07T08:37:41","guid":{"rendered":"http:\/\/www.prodentitalia.eu\/frpa\/?page_id=11083"},"modified":"2023-01-24T10:21:59","modified_gmt":"2023-01-24T09:21:59","slug":"presentation-de-entreprise","status":"publish","type":"page","link":"https:\/\/www.prodentitalia.eu\/frpa\/presentation-de-entreprise\/","title":{"rendered":"Pr\u00e9sentation de l&rsquo;entreprise"},"content":{"rendered":"<p><div class=\"fusion-fullwidth fullwidth-box fusion-builder-row-1 fusion-parallax-fixed nonhundred-percent-fullwidth non-hundred-percent-height-scrolling\"  style='background-color: rgba(255,255,255,0);background-image: url(\"https:\/\/www.prodentitalia.eu\/frpa\/wp-content\/uploads\/sites\/26\/2015\/07\/bkg-azienda5.jpg\");background-position: right top;background-repeat: no-repeat;padding-top:0px;padding-bottom:0px;border-top-width:0px;border-bottom-width:0px;border-color:#eae9e9;border-top-style:solid;border-bottom-style:solid;-webkit-background-size:cover;-moz-background-size:cover;-o-background-size:cover;background-size:cover;background-attachment:fixed;'><div class=\"fusion-builder-row fusion-row \"><div  class=\"fusion-layout-column fusion_builder_column fusion_builder_column_2_3 fusion-builder-column-0 fusion-two-third fusion-column-first 2_3\"  style='margin-top:90px;margin-bottom:90px;width:65.3333%; margin-right: 4%;'><div class=\"fusion-column-wrapper\" style=\"padding: 30px 30px 30px 30px;background-position:left top;background-repeat:no-repeat;-webkit-background-size:cover;-moz-background-size:cover;-o-background-size:cover;background-size:cover;\"   data-bg-url=\"\"><div class=\"fusion-text\"><h1 style=\"text-align: left\"><span style=\"color: #ffffff\">Situ\u00e9e pr\u00e8s de Milan, Prodent Italia con\u00e7oit et produit des syst\u00e8mes implantaires depuis les d\u00e9buts de l&rsquo;implantologie en Italie.<\/span><\/h1>\n<h2 style=\"text-align: left\"><span style=\"color: #ffffff\">Les propri\u00e9taires et la direction garantissent la stabilit\u00e9 et la croissance gr\u00e2ce \u00e0 l&rsquo;attention port\u00e9e \u00e0 la recherche et au soutien permanent des cabinets d&rsquo;odontologistes.<\/span><\/h2>\n<\/div><div class=\"fusion-clearfix\"><\/div><\/div><\/div><\/div><\/div><div class=\"fusion-fullwidth fullwidth-box fusion-builder-row-2 nonhundred-percent-fullwidth non-hundred-percent-height-scrolling\"  style='background-color: #ffffff;background-position: left top;background-repeat: no-repeat;padding-top:0px;padding-right:0px;padding-bottom:0px;padding-left:0px;border-top-width:0px;border-bottom-width:0px;border-color:#eae9e9;border-top-style:solid;border-bottom-style:solid;'><div class=\"fusion-builder-row fusion-row \"><div  class=\"fusion-layout-column fusion_builder_column fusion_builder_column_1_2 fusion-builder-column-1 fusion-one-half fusion-column-first 1_2\"  style='margin-top:20px;margin-bottom:20px;width:48%; margin-right: 4%;'><div class=\"fusion-column-wrapper\" style=\"padding: 30px 30px 30px 30px;background-position:left top;background-repeat:no-repeat;-webkit-background-size:cover;-moz-background-size:cover;-o-background-size:cover;background-size:cover;\"   data-bg-url=\"\"><div class=\"fusion-text\"><h1 style=\"text-align: left\"><span style=\"color: #008dbd\">Recherche<\/span><\/h1>\n<p style=\"text-align: left\"><img loading=\"lazy\" class=\"alignleft size-full wp-image-11726\" src=\"https:\/\/www.prodentitalia.eu\/frpa\/wp-content\/uploads\/sites\/26\/2015\/07\/ico-research45.png\" alt=\"ico-research45\" width=\"45\" height=\"45\" \/>Pour r\u00e9aliser un nouvel implant, l\u2019id\u00e9al est de faire collaborer trois \u201csecteurs\u201d : le \u201cmonde\u201d clinique, technique et du produit. Les demandes et les sp\u00e9cifications arrivent des odontologistes experts qui pr\u00e9sentent des id\u00e9es innovantes destin\u00e9es \u00e0 d\u00e9passer les limites rencontr\u00e9es lors du travail sur le terrain.<\/p>\n<p>Le \u201cmonde\u201d du produit traduit les exigences du clinicien lors de la conception. Puis le secteur technique, compos\u00e9 de bioing\u00e9nieurs, con\u00e7oit le syst\u00e8me implantaire sur la base des exigences de faisabilit\u00e9 et de fiabilit\u00e9 biom\u00e9canique de l&rsquo;implant, qui doit s&rsquo;int\u00e9grer dans l&rsquo;os et r\u00e9sister aux forces de charge. Pour les tests de charge statique et dynamique, Prodent Italia collabore avec le Laboratoire LaBS (Laboratory of Biological Structured Mechanics) du Politecnico de Milan.<\/p>\n<\/div><div class=\"fusion-clearfix\"><\/div><\/div><\/div><div  class=\"fusion-layout-column fusion_builder_column fusion_builder_column_1_2 fusion-builder-column-2 fusion-one-half fusion-column-last 1_2\"  style='margin-top:20px;margin-bottom:20px;width:48%'><div class=\"fusion-column-wrapper\" style=\"padding: 30px 30px 30px 30px;background-position:left top;background-repeat:no-repeat;-webkit-background-size:cover;-moz-background-size:cover;-o-background-size:cover;background-size:cover;\"   data-bg-url=\"\"><div class=\"fusion-text\"><h1><span style=\"color: #008dbd\">Certifications<\/span><\/h1>\n<p><img loading=\"lazy\" class=\"alignleft size-full wp-image-11727\" src=\"https:\/\/www.prodentitalia.eu\/frpa\/wp-content\/uploads\/sites\/26\/2015\/07\/ico-quality45.png\" alt=\"ico-quality45\" width=\"45\" height=\"45\" \/>Prodent Italia dispose d&rsquo;un syst\u00e8me de gestion qualit\u00e9 conforme aux normes UNI CEI EN ISO 13485.<\/p>\n<p>Les premi\u00e8res certifications d\u00e9livr\u00e9es \u00e0 Prodent Italia, remontent \u00e0 1998.<\/p>\n<h1>Certifications<\/h1>\n<h3><a href=\"https:\/\/www.prodentitalia.eu\/pdf\/pro-it\/UNI-CEI-EN-ISO-13485-2016-.pdf\" target=\"_blank\" rel=\"noopener noreferrer\">Certificate UNI CEI EN ISO 13485 &gt;<\/a><\/h3>\n<h3><a href=\"https:\/\/www.prodentitalia.eu\/pdf\/pro-it\/Certiquality-25688-Impianti-Dentali-Endoossei-21.05.21.pdf\" target=\"_blank\" rel=\"noopener noreferrer\">Certificate Certiquality n. 25688 \u2013 Endosseous Dental Implants<\/a><\/h3>\n<h3><a href=\"https:\/\/www.prodentitalia.eu\/pdf\/pro-it\/25687_030518.pdf\" target=\"_blank\" rel=\"noopener noreferrer\">Certificate Certiquality n. 25687- Restoration Components<\/a><\/h3>\n<h3><a href=\"https:\/\/www.prodentitalia.eu\/pdf\/pro-it\/25686_030518.pdf\" target=\"_blank\" rel=\"noopener noreferrer\">Certificate Certiquality n. 25686 \u2013 Instruments and Accessoires<\/a><\/h3>\n<\/div><div class=\"fusion-clearfix\"><\/div><\/div><\/div><\/div><\/div><\/p>\n","protected":false},"excerpt":{"rendered":"","protected":false},"author":1,"featured_media":0,"parent":0,"menu_order":0,"comment_status":"open","ping_status":"open","template":"100-width.php","meta":[],"yoast_head":"<!-- This site is optimized with the Yoast SEO plugin v14.7 - https:\/\/yoast.com\/wordpress\/plugins\/seo\/ -->\n<title>Pr\u00e9sentation de l&#039;entreprise - Zone pour les patients Prodent Italia<\/title>\n<meta name=\"robots\" content=\"index, follow\" \/>\n<meta name=\"googlebot\" content=\"index, follow, max-snippet:-1, max-image-preview:large, max-video-preview:-1\" \/>\n<meta name=\"bingbot\" content=\"index, follow, max-snippet:-1, max-image-preview:large, max-video-preview:-1\" \/>\n<link rel=\"canonical\" href=\"https:\/\/www.prodentitalia.eu\/frpa\/presentation-de-entreprise\/\" \/>\n<meta property=\"og:locale\" content=\"fr_FR\" \/>\n<meta property=\"og:type\" content=\"article\" \/>\n<meta property=\"og:title\" content=\"Pr\u00e9sentation de l&#039;entreprise - Zone pour les patients Prodent Italia\" \/>\n<meta property=\"og:url\" content=\"https:\/\/www.prodentitalia.eu\/frpa\/presentation-de-entreprise\/\" \/>\n<meta property=\"og:site_name\" content=\"Zone pour les patients Prodent Italia\" \/>\n<meta property=\"article:modified_time\" content=\"2023-01-24T09:21:59+00:00\" \/>\n<meta property=\"og:image\" content=\"https:\/\/www.prodentitalia.eu\/frpa\/wp-content\/uploads\/sites\/26\/2015\/07\/ico-research45.png\" \/>\n<meta name=\"twitter:card\" content=\"summary\" \/>\n<meta name=\"twitter:creator\" content=\"@pr0en7erad475\" \/>\n<script type=\"application\/ld+json\" class=\"yoast-schema-graph\">{\"@context\":\"https:\/\/schema.org\",\"@graph\":[{\"@type\":\"WebSite\",\"@id\":\"https:\/\/www.prodentitalia.eu\/frpa\/#website\",\"url\":\"https:\/\/www.prodentitalia.eu\/frpa\/\",\"name\":\"Zone pour les patients Prodent Italia\",\"description\":\"Prodent Italia l&#039;implantologia made in Italy\",\"potentialAction\":[{\"@type\":\"SearchAction\",\"target\":\"https:\/\/www.prodentitalia.eu\/frpa\/?s={search_term_string}\",\"query-input\":\"required name=search_term_string\"}],\"inLanguage\":\"fr-FR\"},{\"@type\":\"ImageObject\",\"@id\":\"https:\/\/www.prodentitalia.eu\/frpa\/presentation-de-entreprise\/#primaryimage\",\"inLanguage\":\"fr-FR\",\"url\":\"https:\/\/www.prodentitalia.eu\/frpa\/wp-content\/uploads\/sites\/26\/2015\/07\/ico-research45.png\",\"width\":45,\"height\":45},{\"@type\":\"WebPage\",\"@id\":\"https:\/\/www.prodentitalia.eu\/frpa\/presentation-de-entreprise\/#webpage\",\"url\":\"https:\/\/www.prodentitalia.eu\/frpa\/presentation-de-entreprise\/\",\"name\":\"Pr\\u00e9sentation de l'entreprise - Zone pour les patients Prodent Italia\",\"isPartOf\":{\"@id\":\"https:\/\/www.prodentitalia.eu\/frpa\/#website\"},\"primaryImageOfPage\":{\"@id\":\"https:\/\/www.prodentitalia.eu\/frpa\/presentation-de-entreprise\/#primaryimage\"},\"datePublished\":\"2015-07-07T08:37:41+00:00\",\"dateModified\":\"2023-01-24T09:21:59+00:00\",\"inLanguage\":\"fr-FR\",\"potentialAction\":[{\"@type\":\"ReadAction\",\"target\":[\"https:\/\/www.prodentitalia.eu\/frpa\/presentation-de-entreprise\/\"]}]}]}<\/script>\n<!-- \/ Yoast SEO plugin. -->","_links":{"self":[{"href":"https:\/\/www.prodentitalia.eu\/frpa\/wp-json\/wp\/v2\/pages\/11083"}],"collection":[{"href":"https:\/\/www.prodentitalia.eu\/frpa\/wp-json\/wp\/v2\/pages"}],"about":[{"href":"https:\/\/www.prodentitalia.eu\/frpa\/wp-json\/wp\/v2\/types\/page"}],"author":[{"embeddable":true,"href":"https:\/\/www.prodentitalia.eu\/frpa\/wp-json\/wp\/v2\/users\/1"}],"replies":[{"embeddable":true,"href":"https:\/\/www.prodentitalia.eu\/frpa\/wp-json\/wp\/v2\/comments?post=11083"}],"version-history":[{"count":86,"href":"https:\/\/www.prodentitalia.eu\/frpa\/wp-json\/wp\/v2\/pages\/11083\/revisions"}],"predecessor-version":[{"id":11808,"href":"https:\/\/www.prodentitalia.eu\/frpa\/wp-json\/wp\/v2\/pages\/11083\/revisions\/11808"}],"wp:attachment":[{"href":"https:\/\/www.prodentitalia.eu\/frpa\/wp-json\/wp\/v2\/media?parent=11083"}],"curies":[{"name":"wp","href":"https:\/\/api.w.org\/{rel}","templated":true}]}}