{"id":11669,"date":"2015-07-17T08:08:18","date_gmt":"2015-07-17T06:08:18","guid":{"rendered":"http:\/\/www.prodentitalia.eu\/frpa\/?page_id=11669"},"modified":"2020-01-16T10:36:21","modified_gmt":"2020-01-16T09:36:21","slug":"savoir-plus-sur-les-implants-dentaires","status":"publish","type":"page","link":"https:\/\/www.prodentitalia.eu\/frpa\/savoir-plus-sur-les-implants-dentaires\/","title":{"rendered":"En savoir plus sur les implants dentaires"},"content":{"rendered":"<p><div class=\"fusion-fullwidth fullwidth-box fusion-builder-row-1 nonhundred-percent-fullwidth non-hundred-percent-height-scrolling\"  style='background-color: rgba(255,255,255,0);background-position: left top;background-repeat: no-repeat;border-top-width:0px;border-bottom-width:0px;border-color:#eae9e9;border-top-style:solid;border-bottom-style:solid;'><div class=\"fusion-builder-row fusion-row \"><div  class=\"fusion-layout-column fusion_builder_column fusion_builder_column_1_2 fusion-builder-column-0 fusion-one-half fusion-column-first 1_2\"  style='margin-top:0px;margin-bottom:0px;width:48%; margin-right: 4%;'><div class=\"fusion-column-wrapper\" style=\"background-position:left top;background-repeat:no-repeat;-webkit-background-size:cover;-moz-background-size:cover;-o-background-size:cover;background-size:cover;\"   data-bg-url=\"\"><span class=\"fusion-imageframe imageframe-none imageframe-1 hover-type-none\"><img loading=\"lazy\" src=\"https:\/\/www.prodentitalia.eu\/frpa\/wp-content\/uploads\/sites\/26\/2015\/07\/pazienti01.jpg\" width=\"500\" height=\"500\" alt=\"\" title=\"pazienti01\" class=\"img-responsive wp-image-11677\"\/><\/span><div class=\"fusion-clearfix\"><\/div><\/div><\/div><div  class=\"fusion-layout-column fusion_builder_column fusion_builder_column_1_2 fusion-builder-column-1 fusion-one-half fusion-column-last 1_2\"  style='margin-top:0px;margin-bottom:20px;width:48%'><div class=\"fusion-column-wrapper\" style=\"background-position:left top;background-repeat:no-repeat;-webkit-background-size:cover;-moz-background-size:cover;-o-background-size:cover;background-size:cover;\"   data-bg-url=\"\"><div class=\"fusion-text\"><p>La perte partielle ou totale des dents repr\u00e9sente chez les adultes une d\u00e9ch\u00e9ance psycho-\u00e9motionnelle et physique importante.<\/p>\n<p>Les implants dentaires biocompatibles en titane sont la seule solution odontologique r\u00e9elle pour r\u00e9cup\u00e9rer vos dents, belles et fortes comme les dents naturelles, et vous redonner la joie de vivre. L\u2019implant dentaire est de fait le substitut artificiel de la racine de la dent sur lequel les proth\u00e8ses dentaires seront fix\u00e9es.<\/p>\n<p><strong>Avantages d&rsquo;un choix intelligent<\/strong><\/p>\n<p>Utiliser des dents saines pour supporter des proth\u00e8ses mobiles avec des crochets \u00e9galement peu esth\u00e9tiques, voire les limer pour faire la place \u00e0 des bridges, peut entra\u00eener une perte pr\u00e9coce de stabilit\u00e9 des dents et de l&rsquo;os et un vieillissement pr\u00e9coce des traits du visage.<br \/>\nAu contraire, l&rsquo;implantologie ost\u00e9oint\u00e9gr\u00e9e moderne, associ\u00e9e \u00e0 des composants proth\u00e9tiques innovants et tr\u00e8s esth\u00e9tiques, conserve votre aspect naturel et vous permet de sourire, de manger et de parler avec tranquillit\u00e9 et totale confiance. Les diverses solutions proth\u00e9tiques associ\u00e9es aux implants remplacent fonctionnellement et esth\u00e9tiquement les dents naturelles.<\/p>\n<\/div><div class=\"fusion-clearfix\"><\/div><\/div><\/div><\/div><\/div><div class=\"fusion-fullwidth fullwidth-box fusion-builder-row-2 fusion-parallax-fixed nonhundred-percent-fullwidth non-hundred-percent-height-scrolling\"  style='background-color: rgba(255,255,255,0);background-image: url(\"https:\/\/www.prodentitalia.eu\/frpa\/wp-content\/uploads\/sites\/26\/2015\/07\/pazientibkg01.jpg\");background-position: left top;background-repeat: no-repeat;border-top-width:0px;border-bottom-width:0px;border-color:#eae9e9;border-top-style:solid;border-bottom-style:solid;-webkit-background-size:cover;-moz-background-size:cover;-o-background-size:cover;background-size:cover;background-attachment:fixed;'><div class=\"fusion-builder-row fusion-row \"><div  class=\"fusion-layout-column fusion_builder_column fusion_builder_column_1_1 fusion-builder-column-2 fusion-one-full fusion-column-first fusion-column-last 1_1\"  style='margin-top:200px;margin-bottom:200px;'><div class=\"fusion-column-wrapper\" style=\"background-position:left top;background-repeat:no-repeat;-webkit-background-size:cover;-moz-background-size:cover;-o-background-size:cover;background-size:cover;\"   data-bg-url=\"\"><div class=\"fusion-text\"><p style=\"text-align: right; font-size: 48px; background-color: rgba(255, 255, 255, 0.4); line-height: 80px;\"><span style=\"color: #000000;\">Reconstruction, proth\u00e8se, technologie et implants<\/span><\/p>\n<\/div><div class=\"fusion-clearfix\"><\/div><\/div><\/div><\/div><\/div><div class=\"fusion-fullwidth fullwidth-box fusion-builder-row-3 nonhundred-percent-fullwidth non-hundred-percent-height-scrolling fusion-equal-height-columns\"  style='background-color: rgba(255,255,255,0);background-position: left top;background-repeat: no-repeat;padding-top:40px;padding-bottom:20px;border-top-width:0px;border-bottom-width:0px;border-color:#eae9e9;border-top-style:solid;border-bottom-style:solid;'><div class=\"fusion-builder-row fusion-row \"><div  class=\"fusion-layout-column fusion_builder_column fusion_builder_column_1_2 fusion-builder-column-3 fusion-one-half fusion-column-first 1_2\"  style='margin-top:0px;margin-bottom:20px;width:48%; margin-right: 4%;'><div class=\"fusion-column-wrapper\" style=\"border:1px solid #eaeaea;padding: 20px;background-position:left top;background-repeat:no-repeat;-webkit-background-size:cover;-moz-background-size:cover;-o-background-size:cover;background-size:cover;\"   data-bg-url=\"\"><div class=\"fusion-text\"><h2><strong>La reconstruction d&rsquo;une seule dent<\/strong><\/h2>\n<p>En cas de mono-\u00e9dentement, absence d&rsquo;une seule dent, l\u2019insertion d&rsquo;un implant dentaire conserve les dents saines adjacentes et reproduit fid\u00e8lement l\u2019esth\u00e9tique dans la forme et dans la couleur de la dentition naturelle pr\u00e9sente.<\/p>\n<p>&nbsp;<\/p>\n<div class=\"imageframe-align-center\"><span class=\"fusion-imageframe imageframe-none imageframe-2 hover-type-none\"><img loading=\"lazy\" src=\"https:\/\/www.prodentitalia.eu\/frpa\/wp-content\/uploads\/sites\/26\/2015\/07\/monoedentulia-fr.jpg\" width=\"320\" height=\"100\" alt=\"monoedentulia-fr\" title=\"monoedentulia-fr\" class=\"img-responsive wp-image-11776\"\/><\/span><\/div>\n<\/div><div class=\"fusion-clearfix\"><\/div><\/div><\/div><div  class=\"fusion-layout-column fusion_builder_column fusion_builder_column_1_2 fusion-builder-column-4 fusion-one-half fusion-column-last 1_2\"  style='margin-top:0px;margin-bottom:20px;width:48%'><div class=\"fusion-column-wrapper\" style=\"border:1px solid #eaeaea;padding: 20px;background-position:left top;background-repeat:no-repeat;-webkit-background-size:cover;-moz-background-size:cover;-o-background-size:cover;background-size:cover;\"   data-bg-url=\"\"><div class=\"fusion-text\"><h2><strong>La reconstruction de plusieurs dents<\/strong><\/h2>\n<p>S&rsquo;il vous manque plusieurs dents, on parle alors d&rsquo;\u00e9dentement partiel, deux implants dentaires ou plus soutiennent une structure proth\u00e9tique extr\u00eamement stable et r\u00e9sistante avec des dents dont le r\u00e9sultat esth\u00e9tique et fonctionnel sera per\u00e7u comme la dentition naturelle.<\/p>\n<p>&nbsp;<\/p>\n<div class=\"imageframe-align-center\"><span class=\"fusion-imageframe imageframe-none imageframe-3 hover-type-none\"><img loading=\"lazy\" src=\"https:\/\/www.prodentitalia.eu\/frpa\/wp-content\/uploads\/sites\/26\/2015\/07\/edentulia-parziale-fr.jpg\" width=\"320\" height=\"100\" alt=\"edentulia-parziale-fr\" title=\"edentulia-parziale-fr\" class=\"img-responsive wp-image-11774\"\/><\/span><\/div>\n<\/div><div class=\"fusion-clearfix\"><\/div><\/div><\/div><div  class=\"fusion-layout-column fusion_builder_column fusion_builder_column_1_1 fusion-builder-column-5 fusion-one-full fusion-column-first fusion-column-last fusion-column-no-min-height 1_1\"  style='margin-top:0px;margin-bottom:0px;'><div class=\"fusion-column-wrapper\" style=\"background-position:left top;background-repeat:no-repeat;-webkit-background-size:cover;-moz-background-size:cover;-o-background-size:cover;background-size:cover;\"   data-bg-url=\"\"><div class=\"fusion-sep-clear\"><\/div><div class=\"fusion-separator fusion-full-width-sep sep-none\" style=\"margin-left: auto;margin-right: auto;margin-top:;\"><\/div><div class=\"fusion-clearfix\"><\/div><\/div><\/div><div  class=\"fusion-layout-column fusion_builder_column fusion_builder_column_1_2 fusion-builder-column-6 fusion-one-half fusion-column-first 1_2\"  style='margin-top:0px;margin-bottom:20px;width:48%; margin-right: 4%;'><div class=\"fusion-column-wrapper\" style=\"border:1px solid #eaeaea;padding: 20px;background-position:left top;background-repeat:no-repeat;-webkit-background-size:cover;-moz-background-size:cover;-o-background-size:cover;background-size:cover;\"   data-bg-url=\"\"><div class=\"fusion-text\"><h2><strong>La proth\u00e8se fixe sur implants, sup\u00e9rieure ou inf\u00e9rieure<\/strong><\/h2>\n<p>En pr\u00e9sence d&rsquo;un \u00e9dentement total, c&rsquo;est-\u00e0-dire en cas d&rsquo;absence de toutes les dents, gr\u00e2ce aux implants dentaires il est possible de fixer de mani\u00e8re permanente une proth\u00e8se totale, tant dans la m\u00e2choire sup\u00e9rieure que dans la mandibule inf\u00e9rieure, tr\u00e8s stable et fonctionnelle. En cas de quantit\u00e9 et qualit\u00e9 osseuse non excessivement d\u00e9cadente, il est possible de fixer ce type de proth\u00e8se \u00e9galement avec quatre implants seulement.<\/p>\n<p>&nbsp;<\/p>\n<div class=\"imageframe-align-center\"><span class=\"fusion-imageframe imageframe-none imageframe-4 hover-type-none\"><img loading=\"lazy\" src=\"https:\/\/www.prodentitalia.eu\/frpa\/wp-content\/uploads\/sites\/26\/2015\/07\/protesi-fissa-fr.jpg\" width=\"320\" height=\"100\" alt=\"protesi-fissa-fr\" title=\"protesi-fissa-fr\" class=\"img-responsive wp-image-11777\"\/><\/span><\/div>\n<\/div><div class=\"fusion-clearfix\"><\/div><\/div><\/div><div  class=\"fusion-layout-column fusion_builder_column fusion_builder_column_1_2 fusion-builder-column-7 fusion-one-half fusion-column-last 1_2\"  style='margin-top:0px;margin-bottom:20px;width:48%'><div class=\"fusion-column-wrapper\" style=\"border:1px solid #eaeaea;padding: 20px;background-position:left top;background-repeat:no-repeat;-webkit-background-size:cover;-moz-background-size:cover;-o-background-size:cover;background-size:cover;\"   data-bg-url=\"\"><div class=\"fusion-text\"><h2><strong>La proth\u00e8se mobile sur implants, sup\u00e9rieure ou inf\u00e9rieure<\/strong><\/h2>\n<p>En pr\u00e9sence d&rsquo;un \u00e9dentement total, c&rsquo;est-\u00e0-dire en cas d&rsquo;absence de toutes les dents, gr\u00e2ce aux implants dentaires il est possible de fixer de mani\u00e8re permanente une proth\u00e8se totale, tant dans la m\u00e2choire sup\u00e9rieure que dans la mandibule inf\u00e9rieure, tr\u00e8s stable et fonctionnelle. Il est possible de fixer ce type de proth\u00e8se \u00e9galement avec deux implants seulement.<\/p>\n<p>&nbsp;<\/p>\n<div class=\"imageframe-align-center\"><span class=\"fusion-imageframe imageframe-none imageframe-5 hover-type-none\"><img loading=\"lazy\" src=\"https:\/\/www.prodentitalia.eu\/frpa\/wp-content\/uploads\/sites\/26\/2015\/07\/protesi-mobile-fr.jpg\" width=\"320\" height=\"100\" alt=\"protesi-mobile-fr\" title=\"protesi-mobile-fr\" class=\"img-responsive wp-image-11778\"\/><\/span><\/div>\n<\/div><div class=\"fusion-clearfix\"><\/div><\/div><\/div><div  class=\"fusion-layout-column fusion_builder_column fusion_builder_column_1_1 fusion-builder-column-8 fusion-one-full fusion-column-first fusion-column-last fusion-column-no-min-height 1_1\"  style='margin-top:0px;margin-bottom:0px;'><div class=\"fusion-column-wrapper\" style=\"background-position:left top;background-repeat:no-repeat;-webkit-background-size:cover;-moz-background-size:cover;-o-background-size:cover;background-size:cover;\"   data-bg-url=\"\"><div class=\"fusion-sep-clear\"><\/div><div class=\"fusion-separator fusion-full-width-sep sep-none\" style=\"margin-left: auto;margin-right: auto;margin-top:;\"><\/div><div class=\"fusion-clearfix\"><\/div><\/div><\/div><div  class=\"fusion-layout-column fusion_builder_column fusion_builder_column_1_2 fusion-builder-column-9 fusion-one-half fusion-column-first 1_2\"  style='margin-top:0px;margin-bottom:20px;width:48%; margin-right: 4%;'><div class=\"fusion-column-wrapper\" style=\"border:1px solid #eaeaea;padding: 20px;background-position:left top;background-repeat:no-repeat;-webkit-background-size:cover;-moz-background-size:cover;-o-background-size:cover;background-size:cover;\"   data-bg-url=\"\"><div class=\"fusion-text\"><h2><strong>La technologie au service du patient<\/strong><\/h2>\n<p>Aujourd&rsquo;hui, il est m\u00eame possible de diagnostiquer et de planifier l\u2019intervention chirurgicale pour l\u2019insertion des implants en utilisant des supports informatiques qui acc\u00e9l\u00e8rent et simplifient l\u2019intervention chirurgicale, rendant l\u2019implantologie peu invasive et r\u00e9duisant les d\u00e9lais cliniques op\u00e9rationnels au b\u00e9n\u00e9fice d&rsquo;une phase postop\u00e9ratoire confortable pour les patients.<\/p>\n<p>&nbsp;<\/p>\n<div class=\"imageframe-align-center\"><span class=\"fusion-imageframe imageframe-none imageframe-6 hover-type-none\"><img loading=\"lazy\" src=\"https:\/\/www.prodentitalia.eu\/frpa\/wp-content\/uploads\/sites\/26\/2015\/07\/tecnologia.png\" width=\"320\" height=\"120\" alt=\"\" title=\"tecnologia\" class=\"img-responsive wp-image-11711\"\/><\/span><\/div>\n<\/div><div class=\"fusion-clearfix\"><\/div><\/div><\/div><div  class=\"fusion-layout-column fusion_builder_column fusion_builder_column_1_2 fusion-builder-column-10 fusion-one-half fusion-column-last 1_2\"  style='margin-top:0px;margin-bottom:20px;width:48%'><div class=\"fusion-column-wrapper\" style=\"border:1px solid #eaeaea;padding: 20px;background-position:left top;background-repeat:no-repeat;-webkit-background-size:cover;-moz-background-size:cover;-o-background-size:cover;background-size:cover;\"   data-bg-url=\"\"><div class=\"fusion-text\"><h2><strong>Typologie des implants<\/strong><\/h2>\n<p>Prodent Italia dispose d&rsquo;une gamme \u00e9tendue de produits pour satisfaire les demandes les plus exigeantes des odontologistes et des patients. Des implants de forme conique, cylindrique et des implants tr\u00e8s courts (si l&rsquo;os est peu pr\u00e9sent) sont propos\u00e9s, pour permettre de r\u00e9aliser tout type de traitement implanto-proth\u00e9tique. Tous les implants Prodent sont r\u00e9alis\u00e9s gr\u00e2ce aux technologies modernes et selon la litt\u00e9rature r\u00e9cente, pour garantir un produit moderne et fiable.<div class=\"imageframe-align-center\"><span class=\"fusion-imageframe imageframe-none imageframe-7 hover-type-none\"><img loading=\"lazy\" src=\"https:\/\/www.prodentitalia.eu\/frpa\/wp-content\/uploads\/sites\/26\/2015\/07\/impianti-prodent-fr.png\" width=\"320\" height=\"100\" alt=\"impianti-prodent-fr\" title=\"impianti-prodent-fr\" class=\"img-responsive wp-image-11775\"\/><\/span><\/div><\/p>\n<\/div><div class=\"fusion-clearfix\"><\/div><\/div><\/div><\/div><\/div><div class=\"fusion-fullwidth fullwidth-box fusion-builder-row-4 nonhundred-percent-fullwidth non-hundred-percent-height-scrolling\"  style='background-color: #f2f2f2;background-position: left top;background-repeat: no-repeat;padding-top:20px;padding-bottom:20px;border-top-width:0px;border-bottom-width:0px;border-color:#eae9e9;border-top-style:solid;border-bottom-style:solid;'><div class=\"fusion-builder-row fusion-row \"><div  class=\"fusion-layout-column fusion_builder_column fusion_builder_column_1_1 fusion-builder-column-11 fusion-one-full fusion-column-first fusion-column-last 1_1\"  style='margin-top:20px;margin-bottom:20px;'><div class=\"fusion-column-wrapper\" style=\"background-position:left top;background-repeat:no-repeat;-webkit-background-size:cover;-moz-background-size:cover;-o-background-size:cover;background-size:cover;\"   data-bg-url=\"\"><div class=\"fusion-text\"><p style=\"font-size: 54px; line-height: 80px; text-align: center;\"><span style=\"color: #008dbd;\">Demandez \u00e0 votre dentiste<\/span><\/p>\n<\/div><div class=\"fusion-clearfix\"><\/div><\/div><\/div><div  class=\"fusion-layout-column fusion_builder_column fusion_builder_column_1_1 fusion-builder-column-12 fusion-one-full fusion-column-first fusion-column-last fusion-column-no-min-height 1_1\"  style='margin-top:0px;margin-bottom:0px;'><div class=\"fusion-column-wrapper\" style=\"background-position:left top;background-repeat:no-repeat;-webkit-background-size:cover;-moz-background-size:cover;-o-background-size:cover;background-size:cover;\"   data-bg-url=\"\"><div class=\"fusion-sep-clear\"><\/div><div class=\"fusion-separator fusion-full-width-sep sep-none\" style=\"margin-left: auto;margin-right: auto;margin-top:;\"><\/div><div class=\"fusion-clearfix\"><\/div><\/div><\/div><div  class=\"fusion-layout-column fusion_builder_column fusion_builder_column_1_2 fusion-builder-column-13 fusion-one-half fusion-column-first 1_2\"  style='margin-top:0px;margin-bottom:20px;width:48%; margin-right: 4%;'><div class=\"fusion-column-wrapper\" style=\"border:0px solid #eaeaea;padding: 20px;background-position:left top;background-repeat:no-repeat;-webkit-background-size:cover;-moz-background-size:cover;-o-background-size:cover;background-size:cover;\"   data-bg-url=\"\"><div class=\"fusion-text\"><p>Pr\u00e9vention par des contr\u00f4les r\u00e9guliers par le praticien dentiste et par l&rsquo;hygi\u00e9niste dentaire, r\u00e9duction ou arr\u00eat de la cigarette, r\u00e9duction de la consommation d&rsquo;alcool, restauration fonctionnelle et esth\u00e9tique dans des bouches saines et implants pour remplacer les dents manquantes sans devoir sacrifier les dents saines.<\/p>\n<p>Ces quelques conseils aident \u00e0 pr\u00e9server nos dents et l&rsquo;\u00e9tat de sant\u00e9 orale correct. Les th\u00e9rapies conservatrices et esth\u00e9tiques sont importantes parce qu&rsquo;elles agissent positivement sur la sant\u00e9 psychophysique de chacun de nous, et sont fondamentales pour avoir un aspect soign\u00e9 et agr\u00e9able. Au fond, avoir un beau sourire aide s\u00fbrement dans les rapports sociaux.<\/p>\n<p>&nbsp;<\/p>\n<p>Demandez \u00e0 votre dentiste une explication sur ces quelques r\u00e8gles et sur le d\u00e9roulement d&rsquo;un traitement implantaire.<\/p>\n<\/div><div class=\"fusion-clearfix\"><\/div><\/div><\/div><div  class=\"fusion-layout-column fusion_builder_column fusion_builder_column_1_2 fusion-builder-column-14 fusion-one-half fusion-column-last 1_2\"  style='margin-top:0px;margin-bottom:20px;width:48%'><div class=\"fusion-column-wrapper\" style=\"border:1px solid #eaeaea;padding: 20px;background-position:left top;background-repeat:no-repeat;-webkit-background-size:cover;-moz-background-size:cover;-o-background-size:cover;background-size:cover;\"   data-bg-url=\"\"><div class=\"fusion-text\"><h2>Votre passeport implantaire<\/h2>\n<p>\u00c0 la fin de l&rsquo;intervention, l\u2019implantologue vous remettra votre passeport implantaire rempli, avec toutes les informations sur les dispositifs qui ont \u00e9t\u00e9 utilis\u00e9s, notamment le code, le lot de production et la position dans la bouche. En cas de besoin et o\u00f9 que vous soyez, ce document pourrait vous \u00eatre tr\u00e8s utile pour vos traitements implantaires futurs \u00e9ventuels.<\/p>\n<p>&nbsp;<\/p>\n<div class=\"imageframe-align-center\"><span class=\"fusion-imageframe imageframe-none imageframe-8 hover-type-none\"><img loading=\"lazy\" src=\"https:\/\/www.prodentitalia.eu\/frpa\/wp-content\/uploads\/sites\/26\/2015\/07\/passaporto-implantare.png\" width=\"320\" height=\"120\" alt=\"\" title=\"passaporto-implantare\" class=\"img-responsive wp-image-11717\"\/><\/span><\/div>\n<\/div><div class=\"fusion-clearfix\"><\/div><\/div><\/div><\/div><\/div><div class=\"fusion-fullwidth fullwidth-box fusion-builder-row-5 nonhundred-percent-fullwidth non-hundred-percent-height-scrolling\"  style='background-color: rgba(255,255,255,0);background-position: left top;background-repeat: no-repeat;padding-top:20px;padding-bottom:20px;border-top-width:0px;border-bottom-width:0px;border-color:#eae9e9;border-top-style:solid;border-bottom-style:solid;'><div class=\"fusion-builder-row fusion-row \"><div  class=\"fusion-layout-column fusion_builder_column fusion_builder_column_1_1 fusion-builder-column-15 fusion-one-full fusion-column-first fusion-column-last 1_1\"  style='margin-top:50px;margin-bottom:20px;'><div class=\"fusion-column-wrapper\" style=\"background-position:left top;background-repeat:no-repeat;-webkit-background-size:cover;-moz-background-size:cover;-o-background-size:cover;background-size:cover;\"   data-bg-url=\"\"><div class=\"fusion-text\"><h2 style=\"text-align: center;\">T\u00e9l\u00e9chargez la brochure que nous avons pr\u00e9par\u00e9e pour vous avec toutes les informations utiles pour comprendre la valeur d&rsquo;un implant.<\/h2>\n<p style=\"text-align: center;\"><div class=\"fusion-button-wrapper fusion-aligncenter\"><style type=\"text\/css\">.fusion-button.button-1 .fusion-button-text, .fusion-button.button-1 i {color:#008dbd;}.fusion-button.button-1 .fusion-button-icon-divider{border-color:#008dbd;}.fusion-button.button-1:hover .fusion-button-text, .fusion-button.button-1:hover i,.fusion-button.button-1:focus .fusion-button-text, .fusion-button.button-1:focus i,.fusion-button.button-1:active .fusion-button-text, .fusion-button.button-1:active{color:#fff;}.fusion-button.button-1:hover .fusion-button-icon-divider, .fusion-button.button-1:hover .fusion-button-icon-divider, .fusion-button.button-1:active .fusion-button-icon-divider{border-color:#fff;}.fusion-button.button-1:hover, .fusion-button.button-1:focus, .fusion-button.button-1:active{border-color:#fff;border-width:2px;}.fusion-button.button-1 {border-color:#008dbd;border-width:2px;border-radius:0px;}.fusion-button.button-1{background: #ffffff;}.fusion-button.button-1:hover,.button-1:focus,.fusion-button.button-1:active{background: #008dbd;}<\/style><a class=\"fusion-button button-flat button-xlarge button-custom button-1 fusion-button-default-span \" target=\"_blank\" rel=\"noopener noreferrer\" href=\"https:\/\/www.prodentitalia.eu\/pdf\/it\/paziente.pdf\"><span class=\"fusion-button-text\">T\u00c9L\u00c9CHARGER LA BROCHURE<\/span><\/a><\/div><\/p>\n<\/div><div class=\"fusion-clearfix\"><\/div><\/div><\/div><\/div><\/div><\/p>\n","protected":false},"excerpt":{"rendered":"","protected":false},"author":1,"featured_media":0,"parent":0,"menu_order":0,"comment_status":"open","ping_status":"open","template":"100-width.php","meta":[],"yoast_head":"<!-- This site is optimized with the Yoast SEO plugin v14.7 - https:\/\/yoast.com\/wordpress\/plugins\/seo\/ -->\n<title>En savoir plus sur les implants dentaires - Zone pour les patients Prodent Italia<\/title>\n<meta name=\"robots\" content=\"index, follow\" \/>\n<meta name=\"googlebot\" content=\"index, follow, max-snippet:-1, max-image-preview:large, max-video-preview:-1\" \/>\n<meta name=\"bingbot\" content=\"index, follow, max-snippet:-1, max-image-preview:large, max-video-preview:-1\" \/>\n<link rel=\"canonical\" href=\"https:\/\/www.prodentitalia.eu\/frpa\/savoir-plus-sur-les-implants-dentaires\/\" \/>\n<meta property=\"og:locale\" content=\"fr_FR\" \/>\n<meta property=\"og:type\" content=\"article\" \/>\n<meta property=\"og:title\" content=\"En savoir plus sur les implants dentaires - Zone pour les patients Prodent Italia\" \/>\n<meta property=\"og:url\" content=\"https:\/\/www.prodentitalia.eu\/frpa\/savoir-plus-sur-les-implants-dentaires\/\" \/>\n<meta property=\"og:site_name\" content=\"Zone pour les patients Prodent Italia\" \/>\n<meta property=\"article:modified_time\" content=\"2020-01-16T09:36:21+00:00\" \/>\n<meta property=\"og:image\" content=\"https:\/\/www.prodentitalia.eu\/frpa\/wp-content\/uploads\/sites\/26\/2015\/07\/pazienti01.jpg\" \/>\n<meta name=\"twitter:card\" content=\"summary\" \/>\n<meta name=\"twitter:creator\" content=\"@pr0en7erad475\" \/>\n<script type=\"application\/ld+json\" class=\"yoast-schema-graph\">{\"@context\":\"https:\/\/schema.org\",\"@graph\":[{\"@type\":\"WebSite\",\"@id\":\"https:\/\/www.prodentitalia.eu\/frpa\/#website\",\"url\":\"https:\/\/www.prodentitalia.eu\/frpa\/\",\"name\":\"Zone pour les patients Prodent Italia\",\"description\":\"Prodent Italia l&#039;implantologia made in Italy\",\"potentialAction\":[{\"@type\":\"SearchAction\",\"target\":\"https:\/\/www.prodentitalia.eu\/frpa\/?s={search_term_string}\",\"query-input\":\"required name=search_term_string\"}],\"inLanguage\":\"fr-FR\"},{\"@type\":\"ImageObject\",\"@id\":\"https:\/\/www.prodentitalia.eu\/frpa\/savoir-plus-sur-les-implants-dentaires\/#primaryimage\",\"inLanguage\":\"fr-FR\",\"url\":\"https:\/\/www.prodentitalia.eu\/frpa\/wp-content\/uploads\/sites\/26\/2015\/07\/pazienti01.jpg\",\"width\":500,\"height\":500},{\"@type\":\"WebPage\",\"@id\":\"https:\/\/www.prodentitalia.eu\/frpa\/savoir-plus-sur-les-implants-dentaires\/#webpage\",\"url\":\"https:\/\/www.prodentitalia.eu\/frpa\/savoir-plus-sur-les-implants-dentaires\/\",\"name\":\"En savoir plus sur les implants dentaires - Zone pour les patients Prodent Italia\",\"isPartOf\":{\"@id\":\"https:\/\/www.prodentitalia.eu\/frpa\/#website\"},\"primaryImageOfPage\":{\"@id\":\"https:\/\/www.prodentitalia.eu\/frpa\/savoir-plus-sur-les-implants-dentaires\/#primaryimage\"},\"datePublished\":\"2015-07-17T06:08:18+00:00\",\"dateModified\":\"2020-01-16T09:36:21+00:00\",\"inLanguage\":\"fr-FR\",\"potentialAction\":[{\"@type\":\"ReadAction\",\"target\":[\"https:\/\/www.prodentitalia.eu\/frpa\/savoir-plus-sur-les-implants-dentaires\/\"]}]}]}<\/script>\n<!-- \/ Yoast SEO plugin. -->","_links":{"self":[{"href":"https:\/\/www.prodentitalia.eu\/frpa\/wp-json\/wp\/v2\/pages\/11669"}],"collection":[{"href":"https:\/\/www.prodentitalia.eu\/frpa\/wp-json\/wp\/v2\/pages"}],"about":[{"href":"https:\/\/www.prodentitalia.eu\/frpa\/wp-json\/wp\/v2\/types\/page"}],"author":[{"embeddable":true,"href":"https:\/\/www.prodentitalia.eu\/frpa\/wp-json\/wp\/v2\/users\/1"}],"replies":[{"embeddable":true,"href":"https:\/\/www.prodentitalia.eu\/frpa\/wp-json\/wp\/v2\/comments?post=11669"}],"version-history":[{"count":42,"href":"https:\/\/www.prodentitalia.eu\/frpa\/wp-json\/wp\/v2\/pages\/11669\/revisions"}],"predecessor-version":[{"id":11793,"href":"https:\/\/www.prodentitalia.eu\/frpa\/wp-json\/wp\/v2\/pages\/11669\/revisions\/11793"}],"wp:attachment":[{"href":"https:\/\/www.prodentitalia.eu\/frpa\/wp-json\/wp\/v2\/media?parent=11669"}],"curies":[{"name":"wp","href":"https:\/\/api.w.org\/{rel}","templated":true}]}}