{"id":11732,"date":"2015-09-25T10:17:59","date_gmt":"2015-09-25T08:17:59","guid":{"rendered":"http:\/\/www.prodentitalia.eu\/frpa\/?page_id=11732"},"modified":"2020-01-16T10:36:20","modified_gmt":"2020-01-16T09:36:20","slug":"privacy-policy","status":"publish","type":"page","link":"https:\/\/www.prodentitalia.eu\/frpa\/privacy-policy\/","title":{"rendered":"Information sur la vie priv\u00e9e"},"content":{"rendered":"<div class=\"fusion-fullwidth fullwidth-box fusion-builder-row-1 hundred-percent-fullwidth non-hundred-percent-height-scrolling\"  style='background-color: rgba(255,255,255,0);background-position: center center;background-repeat: no-repeat;padding-top:0px;padding-right:0px;padding-bottom:0px;padding-left:0px;border-top-width:0px;border-bottom-width:0px;border-color:#eae9e9;border-top-style:solid;border-bottom-style:solid;'><div class=\"fusion-builder-row fusion-row \"><div  class=\"fusion-layout-column fusion_builder_column fusion_builder_column_1_1 fusion-builder-column-0 fusion-one-full fusion-column-first fusion-column-last 1_1\"  style='margin-top:0px;margin-bottom:20px;'><div class=\"fusion-column-wrapper\" style=\"background-position:left top;background-repeat:no-repeat;-webkit-background-size:cover;-moz-background-size:cover;-o-background-size:cover;background-size:cover;\"   data-bg-url=\"\"><div class=\"fusion-text\"><p style=\"text-align: justify\"><strong>NOTE D&rsquo;INFORMATION SUR LA CONFIDENTIALIT\u00c9 EX ART 13 R\u00c8GLEMENT 679\/2016 de Prodent Italia Srl<\/strong><\/p>\n<p style=\"text-align: justify\">Le pr\u00e9sent document contient toutes les informations n\u00e9cessaires \u00e0 la description des diff\u00e9rents traitements effectu\u00e9s par Prodent Italia dans le cadre normal de ses activit\u00e9s.<\/p>\n<ol style=\"text-align: justify\">\n<li><strong>PR\u00c9POS\u00c9 AU TRAITEMENT DES DONN\u00c9ES<\/strong><\/li>\n<\/ol>\n<p style=\"text-align: justify\">Prodent Italia Srl<br \/>\nVia Pitagora, 9\u00a0&#8211;\u00a020016 Pero Mi (Italia)<br \/>\ne-mail\u00a0: privacy@prodentitalia.eu<\/p>\n<ol style=\"text-align: justify\" start=\"2\">\n<li><strong>DONN\u00c9ES COLLECT\u00c9ES, OBJECTIFS ET DUR\u00c9E DE CONSERVATION<\/strong><\/li>\n<\/ol>\n<p style=\"text-align: justify\">Ci-apr\u00e8s tous les types de donn\u00e9es et objectifs de leur traitement s&rsquo;agissant des activit\u00e9s de Prodent Italia :<\/p>\n<ul style=\"text-align: justify\">\n<li><strong>Donn\u00e9es fournies \u00e0 l&rsquo;utilisateur dans le cadre de la navigation sur le site:\u00a0<\/strong>Par exemple, il s&rsquo;agit des donn\u00e9es fournies quand l&rsquo;utilisateur requiert des informations en remplissant les formulaires d\u00e9di\u00e9s, en \u00e9crivant aux adresses e-mail ou en t\u00e9l\u00e9phonant aux num\u00e9ros fournis sur le site. Ces donn\u00e9es sont fournies \u00e0 l&rsquo;utilisateur de fa\u00e7on facultative et utilis\u00e9es en vue d&rsquo;objectifs strictement li\u00e9s \u00e0 la fourniture du service requis par l&rsquo;utilisateur. L&rsquo;utilisateur assume la responsabilit\u00e9 des donn\u00e9es personnelles diffus\u00e9es aupr\u00e8s de tiers ou partag\u00e9es via ce site et garantit avoir le droit de les communiquer ou de les diffuser, en lib\u00e9rant le pr\u00e9pos\u00e9 au traitement des donn\u00e9es de toute responsabilit\u00e9 envers les tiers.<\/li>\n<\/ul>\n<ul style=\"text-align: justify\">\n<li><strong>Donn\u00e9es fournies \u00e0 l&rsquo;occasion d&rsquo;\u00e9v\u00e8nements, salons ou formations\u00a0:\u00a0<\/strong>Prodent Italia organise, coordonne et sponsorise divers \u00e9v\u00e8nements et rencontres avec des professionnels du secteur susceptibles de ne pas encore figurer parmi ses clients. \u00c0 cette occasion, des donn\u00e9es sur les participants peuvent \u00eatre collect\u00e9es, lesquelles sont utilis\u00e9es pour satisfaire d&rsquo;\u00e9ventuelles demandes, pr\u00e9senter l&rsquo;entreprise et envoyer notre newsletter. Si l&rsquo;utilisateur ne signe pas la proposition, ses donn\u00e9es collect\u00e9es sur la fiche de contact seront conserv\u00e9es \u00e0 des fins d&rsquo;analyse interne pendant un an, puis supprim\u00e9es.<\/li>\n<\/ul>\n<ul style=\"text-align: justify\">\n<li><strong>Envoi de communications de marketing relatives aux produits\/services<\/strong>\u00a0<strong>fournis, \u00e9v\u00e8nements et formations associ\u00e9s:\u00a0<\/strong>Prodent Italia s&rsquo;engage \u00e0 toujours tenir ses clients et clients potentiels au courant des initiatives \u00e0 forte valeur ajout\u00e9e, telles que les cours de professionnalisation ou des \u00e9v\u00e9nements \u00e9ducatifs, concernant les produits et services offerts. En ce sens, il est demand\u00e9 aux clients s&rsquo;ils souhaitent consentir \u00e0 l&rsquo;utilisation de leur adresse e-mail, fournie en m\u00eame temps que les donn\u00e9es personnelles ou les coordonn\u00e9es, afin de recevoir notre newsletter\/comunications de marketing. Le non-consentement \u00e0 l&rsquo;utilisation de l&rsquo;adresse e-mail pour la r\u00e9ception de la newsletter de marketing ou le retrait de ce consentement n&rsquo;influenceront aucunement la relation commerciale en place mais emp\u00eacheront le professionnel d&rsquo;\u00eatre inform\u00e9 des derni\u00e8res nouveaut\u00e9s et meilleures pratiques du secteur. D&rsquo;autre part, l&rsquo;int\u00e9ress\u00e9 peut retirer son consentement \u00e0 tout moment, et ce de lui-m\u00eame, gr\u00e2ce \u00e0 la fonction d\u00e9di\u00e9e en bas de page dans toutes les communications. Son adresse e-mail sera imm\u00e9diatement \u00e9limin\u00e9e de la mailing list de marketing, restant exclusivement utilis\u00e9 pour les obligations l\u00e9gales sp\u00e9cifi\u00e9es dans la pr\u00e9sente d\u00e9claration de confidentialit\u00e9.<\/li>\n<\/ul>\n<ul style=\"text-align: justify\">\n<li><strong>Photos et vid\u00e9os:<\/strong>\u00a0Prodent Italia consid\u00e8re que la r\u00e9alisation de mat\u00e9riel vid\u00e9o et photographique constitue un \u00e9l\u00e9ment important du d\u00e9veloppement de son activit\u00e9 et de la diffusion de l&rsquo;image de l&rsquo;entreprise. Par cons\u00e9quent, \u00e0 chaque participation de Prodent \u00e0 un \u00e9v\u00e9nement (rencontres, salons, congr\u00e8s, formations), il est possible que des vid\u00e9os soient enregistr\u00e9es et que des photos soient prises, lesquelles seront ensuite utilis\u00e9es pour cr\u00e9er du mat\u00e9riel de formation, de vulgarisation, clinique et commercial. Les personnes int\u00e9ress\u00e9es sont inform\u00e9es au pr\u00e9alable de telles initiatives et peuvent s&rsquo;y opposer ou retirer leur consentement d&rsquo;utilisation de leur image \u00e0 tout moment. Nous garantissons que les images sont r\u00e9alis\u00e9es sans porter atteinte \u00e0 la biens\u00e9ance ni \u00e0 la dignit\u00e9 des personnes int\u00e9ress\u00e9es, qui peuvent toutefois les visualiser et en demander la modification ou la suppression en s&rsquo;adressant \u00e0\u00a0:\u00a0<a href=\"mailto:privacy@prodentitalia.eu\">privacy@prodentitalia.eu<\/a>\u00a0Le mat\u00e9riel r\u00e9alis\u00e9 sera conserv\u00e9 dans les archives de Prodent pendant 10 ans \u00e0 compter de sa cr\u00e9ation.<\/li>\n<\/ul>\n<ul style=\"text-align: justify\">\n<li><strong>Donn\u00e9es relatives \u00e0 la gestion des clients (aux commandes, \u00e0 la facturation, \u2026) et au respect des obligations l\u00e9gales en comptabilit\u00e9, fiscalit\u00e9 et dispositifs m\u00e9dicaux:<\/strong>\u00a0lors de la signature d&rsquo;un contrat ou d&rsquo;une commande, les donn\u00e9es strictement n\u00e9cessaires pour satisfaire la demande sont collect\u00e9es, ceci incluant l&rsquo;adresse e-mail. La fourniture partielle ou la non-fourniture des donn\u00e9es requises \u00e0 cette fin entrainera l&rsquo;impossibilit\u00e9 de satisfaire la commande ou de fournir le service. Il est possible que certaines donn\u00e9es soient non \u00e0 jour\u00a0; nous vous invitons \u00e0 en signaler la correction via les canaux de communication habituels utilis\u00e9s avec Prodent Italia. Ces donn\u00e9es seront conserv\u00e9es pendant toute la dur\u00e9e de la relation et pour l&rsquo;ensemble de la p\u00e9riode pr\u00e9vue par la l\u00e9gislation comptable et fiscale e et r\u00e9glementaire sur les Dispositifs M\u00e9dicaux.<\/li>\n<\/ul>\n<ul style=\"text-align: justify\">\n<li><strong>Informations concernant les candidatures:\u00a0<\/strong>les CV et informations envoy\u00e9es, notamment via la section d\u00e9di\u00e9e du site internet, seront utilis\u00e9s exclusivement pour l&rsquo;\u00e9valuation des candidatures \u00e9ventuelles. Aucune r\u00e9ponse n&rsquo;est pr\u00e9vue en cas de non-s\u00e9lection de la personne. Les CV non s\u00e9lectionn\u00e9s seront conserv\u00e9s pendant une dur\u00e9e maximale de 3 ans, et nous rappelons que si un CV contient des informations de sant\u00e9 (ex : cat\u00e9gorie prot\u00e9g\u00e9e), il ne sera possible de les traiter qu&rsquo;avec le consentement explicite de l&rsquo;int\u00e9ress\u00e9, indiqu\u00e9 en bas de page dudit CV.<\/li>\n<\/ul>\n<ol style=\"text-align: justify\" start=\"3\">\n<li><strong>DESTINATAIRES ET ENVOI \u00c0 L&rsquo;\u00c9TRANGER<\/strong><\/li>\n<\/ol>\n<p style=\"text-align: justify\">Les donn\u00e9es collect\u00e9es seront trait\u00e9es par le personnel de Prodent Italia et incluses dans les documents, registres et pi\u00e8ces justificatives susceptibles d&rsquo;\u00eatre transmis aux personnes ou organismes auxquels des dispositions l\u00e9gales y donnent un droit d&rsquo;acc\u00e8s, ou aux personnes ou organismes auxquels le transfert de ces donn\u00e9es est n\u00e9cessaire au d\u00e9roulement de l&rsquo;activit\u00e9 ou \u00e0 l&rsquo;offre des services requis (par exemple, le personnel administratif, commercial, marketing, les juristes, soci\u00e9t\u00e9s et consultants offrant des services de fourniture et d&rsquo;assistance informatique, h\u00e9bergement, courrier postal, r\u00e9alisation de mat\u00e9riel vid\u00e9o et photographique). Toutes les personnes externes font l&rsquo;objet d&rsquo;une contractualisation appropri\u00e9e. L&rsquo;envoi \u00e0 l&rsquo;\u00e9tranger n&rsquo;est pas pr\u00e9vu.<\/p>\n<ol style=\"text-align: justify\" start=\"4\">\n<li><strong>DROITS DE L\u2019INT\u00c9RESS\u00c9<\/strong><\/li>\n<\/ol>\n<p style=\"text-align: justify\">L\u2019int\u00e9ress\u00e9 pourra faire valoir \u00e0 tout moment, en s&rsquo;adressant au pr\u00e9pos\u00e9 au traitement des donn\u00e9es, par e-mail \u00e0\u00a0<a href=\"mailto:privacy@prodentitalia.eu\">privacy@prodentitalia.eu<\/a>, ses droits conform\u00e9ment \u00e0 l&rsquo;article III du R\u00e8glement 679\/2016, notamment\u00a0:<\/p>\n<ul>\n<li style=\"text-align: justify\">Demander l&rsquo;acc\u00e8s \u00e0 ses donn\u00e9es personnelles et en demander la rectification, la suppression ou la limitation de leur traitement.<\/li>\n<li style=\"text-align: justify\">Connaitre l&rsquo;objectif du traitement, des cat\u00e9gories de donn\u00e9es trait\u00e9es, des destinataires auxquels elles sont communiqu\u00e9es et de la p\u00e9riode de conservation.<\/li>\n<li style=\"text-align: justify\">Retirer son consentement (si n\u00e9cessaire) \u00e0 tout moment, sans toutefois oublier les cons\u00e9quences de cette d\u00e9cision<\/li>\n<li style=\"text-align: justify\">Demander la suppression (si possible) des donn\u00e9es qui ne sont plus n\u00e9cessaires \u00e0 l&rsquo;objectif pour lequel elles ont \u00e9t\u00e9 collect\u00e9es<\/li>\n<li style=\"text-align: justify\">S&rsquo;opposer au traitement de profilage ou marketing direct<\/li>\n<li style=\"text-align: justify\">D\u00e9poser une r\u00e9clamation aupr\u00e8s de l&rsquo;autorit\u00e9 de protection de la vie priv\u00e9e.<\/li>\n<li style=\"text-align: justify\">Connaitre les personnes ou organismes auxquels les donn\u00e9es personnelles peuvent \u00eatre communiqu\u00e9es et lire un extrait des contrats en vigueur avec ceux-ci.<\/li>\n<\/ul>\n<\/div><div class=\"fusion-clearfix\"><\/div><\/div><\/div><\/div><\/div>\n","protected":false},"excerpt":{"rendered":"","protected":false},"author":1,"featured_media":0,"parent":0,"menu_order":0,"comment_status":"closed","ping_status":"closed","template":"","meta":[],"yoast_head":"<!-- This site is optimized with the Yoast SEO plugin v14.7 - https:\/\/yoast.com\/wordpress\/plugins\/seo\/ -->\n<title>Information sur la vie priv\u00e9e - Zone pour les patients Prodent Italia<\/title>\n<meta name=\"robots\" content=\"index, follow\" \/>\n<meta name=\"googlebot\" content=\"index, follow, max-snippet:-1, max-image-preview:large, max-video-preview:-1\" \/>\n<meta name=\"bingbot\" content=\"index, follow, max-snippet:-1, max-image-preview:large, max-video-preview:-1\" \/>\n<link rel=\"canonical\" href=\"https:\/\/www.prodentitalia.eu\/frpa\/privacy-policy\/\" \/>\n<meta property=\"og:locale\" content=\"fr_FR\" \/>\n<meta property=\"og:type\" content=\"article\" \/>\n<meta property=\"og:title\" content=\"Information sur la vie priv\u00e9e - Zone pour les patients Prodent Italia\" \/>\n<meta property=\"og:url\" content=\"https:\/\/www.prodentitalia.eu\/frpa\/privacy-policy\/\" \/>\n<meta property=\"og:site_name\" content=\"Zone pour les patients Prodent Italia\" \/>\n<meta property=\"article:modified_time\" content=\"2020-01-16T09:36:20+00:00\" \/>\n<meta name=\"twitter:card\" content=\"summary\" \/>\n<meta name=\"twitter:creator\" content=\"@pr0en7erad475\" \/>\n<script type=\"application\/ld+json\" class=\"yoast-schema-graph\">{\"@context\":\"https:\/\/schema.org\",\"@graph\":[{\"@type\":\"WebSite\",\"@id\":\"https:\/\/www.prodentitalia.eu\/frpa\/#website\",\"url\":\"https:\/\/www.prodentitalia.eu\/frpa\/\",\"name\":\"Zone pour les patients Prodent Italia\",\"description\":\"Prodent Italia l&#039;implantologia made in Italy\",\"potentialAction\":[{\"@type\":\"SearchAction\",\"target\":\"https:\/\/www.prodentitalia.eu\/frpa\/?s={search_term_string}\",\"query-input\":\"required name=search_term_string\"}],\"inLanguage\":\"fr-FR\"},{\"@type\":\"WebPage\",\"@id\":\"https:\/\/www.prodentitalia.eu\/frpa\/privacy-policy\/#webpage\",\"url\":\"https:\/\/www.prodentitalia.eu\/frpa\/privacy-policy\/\",\"name\":\"Information sur la vie priv\\u00e9e - Zone pour les patients Prodent Italia\",\"isPartOf\":{\"@id\":\"https:\/\/www.prodentitalia.eu\/frpa\/#website\"},\"datePublished\":\"2015-09-25T08:17:59+00:00\",\"dateModified\":\"2020-01-16T09:36:20+00:00\",\"inLanguage\":\"fr-FR\",\"potentialAction\":[{\"@type\":\"ReadAction\",\"target\":[\"https:\/\/www.prodentitalia.eu\/frpa\/privacy-policy\/\"]}]}]}<\/script>\n<!-- \/ Yoast SEO plugin. -->","_links":{"self":[{"href":"https:\/\/www.prodentitalia.eu\/frpa\/wp-json\/wp\/v2\/pages\/11732"}],"collection":[{"href":"https:\/\/www.prodentitalia.eu\/frpa\/wp-json\/wp\/v2\/pages"}],"about":[{"href":"https:\/\/www.prodentitalia.eu\/frpa\/wp-json\/wp\/v2\/types\/page"}],"author":[{"embeddable":true,"href":"https:\/\/www.prodentitalia.eu\/frpa\/wp-json\/wp\/v2\/users\/1"}],"replies":[{"embeddable":true,"href":"https:\/\/www.prodentitalia.eu\/frpa\/wp-json\/wp\/v2\/comments?post=11732"}],"version-history":[{"count":6,"href":"https:\/\/www.prodentitalia.eu\/frpa\/wp-json\/wp\/v2\/pages\/11732\/revisions"}],"predecessor-version":[{"id":11791,"href":"https:\/\/www.prodentitalia.eu\/frpa\/wp-json\/wp\/v2\/pages\/11732\/revisions\/11791"}],"wp:attachment":[{"href":"https:\/\/www.prodentitalia.eu\/frpa\/wp-json\/wp\/v2\/media?parent=11732"}],"curies":[{"name":"wp","href":"https:\/\/api.w.org\/{rel}","templated":true}]}}