{"id":11074,"date":"2015-06-25T08:00:25","date_gmt":"2015-06-25T06:00:25","guid":{"rendered":"http:\/\/www.prodentitalia.eu\/it-pro\/?page_id=11074"},"modified":"2020-01-16T10:36:21","modified_gmt":"2020-01-16T09:36:21","slug":"choisir-prodent","status":"publish","type":"page","link":"https:\/\/www.prodentitalia.eu\/frpro\/choisir-prodent\/","title":{"rendered":"Les raisons pour choisir Prodent Italia"},"content":{"rendered":"<p><div class=\"fusion-fullwidth fullwidth-box fusion-builder-row-1 nonhundred-percent-fullwidth non-hundred-percent-height-scrolling fusion-equal-height-columns\"  style='background-color: rgba(255,255,255,0);background-position: left top;background-repeat: no-repeat;padding-top:20px;padding-right:0px;padding-bottom:20px;padding-left:0px;border-top-width:0px;border-bottom-width:0px;border-color:#eae9e9;border-top-style:solid;border-bottom-style:solid;'><div class=\"fusion-builder-row fusion-row \"><div  class=\"fusion-layout-column fusion_builder_column fusion_builder_column_1_3 fusion-builder-column-0 fusion-one-third fusion-column-first fusion-no-small-visibility 1_3\"  style='margin-top:0px;margin-bottom:20px;width:30.6666%; margin-right: 4%;'><div class=\"fusion-column-wrapper\" style=\"border:1px solid #eaeaea;padding: 10px;background-position:left top;background-repeat:no-repeat;-webkit-background-size:cover;-moz-background-size:cover;-o-background-size:cover;background-size:cover;\"   data-bg-url=\"\"><div class=\"fusion-text\"><h1 style=\"text-align: center;\"><span style=\"color: #008dbd;\">Entreprise<\/span><\/h1>\n<p style=\"text-align: center;\"><img loading=\"lazy\" class=\"aligncenter wp-image-11729 size-full\" src=\"https:\/\/www.prodentitalia.eu\/it-pro\/wp-content\/uploads\/sites\/25\/2015\/06\/ico-company-90c.png\" alt=\"ico-company-90c\" width=\"90\" height=\"90\" srcset=\"https:\/\/www.prodentitalia.eu\/frpro\/wp-content\/uploads\/sites\/25\/2015\/06\/ico-company-90c-66x66.png 66w, https:\/\/www.prodentitalia.eu\/frpro\/wp-content\/uploads\/sites\/25\/2015\/06\/ico-company-90c.png 90w\" sizes=\"(max-width: 90px) 100vw, 90px\" \/><\/p>\n<ul>\n<li style=\"text-align: left;\">Entreprise italienne avec des produits haut de gamme<\/li>\n<li style=\"text-align: left;\">Production directe depuis le d\u00e9but de l&rsquo;implantologie en Italie, dans nos \u00e9tablissements<\/li>\n<li style=\"text-align: left;\">Savoir-faire et exp\u00e9rience dans des projets de collaboration scientifique avec des universit\u00e9s et des centres de recherche<\/li>\n<li style=\"text-align: left;\">Dimension qui offre flexibilit\u00e9 et d\u00e9veloppement de projets personnalis\u00e9s<\/li>\n<li style=\"text-align: left;\">Entreprise financi\u00e8rement autonome, ind\u00e9pendante du syst\u00e8me bancaire<\/li>\n<li style=\"text-align: left;\">Protocoles extr\u00eamement rigoureux, sup\u00e9rieurs \u00e0 ceux requis par les certifications internationales<\/li>\n<li style=\"text-align: left;\">Pr\u00e9cision extr\u00eame pour obtenir un niveau \u00e9lev\u00e9 de d\u00e9tail (un implant fini toutes les 7 minutes, au lieu de 2 \u00e0 3 minutes pour la majorit\u00e9 des concurrents)<\/li>\n<\/ul>\n<\/div><div class=\"fusion-clearfix\"><\/div><\/div><\/div><div  class=\"fusion-layout-column fusion_builder_column fusion_builder_column_1_3 fusion-builder-column-1 fusion-one-third fusion-no-small-visibility 1_3\"  style='margin-top:0px;margin-bottom:20px;width:30.6666%; margin-right: 4%;'><div class=\"fusion-column-wrapper\" style=\"border:1px solid #eaeaea;padding: 10px;background-position:left top;background-repeat:no-repeat;-webkit-background-size:cover;-moz-background-size:cover;-o-background-size:cover;background-size:cover;\"   data-bg-url=\"\"><div class=\"fusion-text\"><h1 style=\"text-align: center;\"><span style=\"color: #008dbd;\">Services<\/span><\/h1>\n<p style=\"text-align: center;\"><img loading=\"lazy\" class=\"aligncenter size-full wp-image-11748\" src=\"https:\/\/www.prodentitalia.eu\/it-pro\/wp-content\/uploads\/sites\/25\/2015\/06\/ico-services-90c.png\" alt=\"ico-services-90c\" width=\"90\" height=\"90\" srcset=\"https:\/\/www.prodentitalia.eu\/frpro\/wp-content\/uploads\/sites\/25\/2015\/06\/ico-services-90c-66x66.png 66w, https:\/\/www.prodentitalia.eu\/frpro\/wp-content\/uploads\/sites\/25\/2015\/06\/ico-services-90c.png 90w\" sizes=\"(max-width: 90px) 100vw, 90px\" \/><\/p>\n<ul>\n<li style=\"text-align: left;\">Conseil pr\u00e9ventif pour la planification du cas clinique<\/li>\n<li style=\"text-align: left;\">Assistance post-clinique gr\u00e2ce aux sp\u00e9cialistes techniques du produit<\/li>\n<li style=\"text-align: left;\">Formation clinique internationale, tr\u00e8s qualifi\u00e9e, par des modules personnalis\u00e9s pour des besoins organisationnels, op\u00e9rationnels et scientifiques particuliers<\/li>\n<li style=\"text-align: left;\">Forum et r\u00e9unions professionnelles sur les th\u00e8mes de l&rsquo;implantologie<\/li>\n<li style=\"text-align: left;\">Accords commerciaux personnalis\u00e9s<\/li>\n<li style=\"text-align: left;\">Disponibilit\u00e9 pour partager des initiatives de marketing conjoint<\/li>\n<\/ul>\n<\/div><div class=\"fusion-clearfix\"><\/div><\/div><\/div><div  class=\"fusion-layout-column fusion_builder_column fusion_builder_column_1_3 fusion-builder-column-2 fusion-one-third fusion-column-last fusion-no-small-visibility 1_3\"  style='margin-top:0px;margin-bottom:20px;width:30.6666%'><div class=\"fusion-column-wrapper\" style=\"border:1px solid #eaeaea;padding: 10px;background-position:left top;background-repeat:no-repeat;-webkit-background-size:cover;-moz-background-size:cover;-o-background-size:cover;background-size:cover;\"   data-bg-url=\"\"><div class=\"fusion-text\"><h1 style=\"text-align: center;\"><span style=\"color: #008dbd;\">Produit<\/span><\/h1>\n<p style=\"text-align: center;\"><img loading=\"lazy\" class=\"aligncenter size-full wp-image-11750\" src=\"https:\/\/www.prodentitalia.eu\/it-pro\/wp-content\/uploads\/sites\/25\/2015\/06\/ico-products-90c.png\" alt=\"ico-products-90c\" width=\"90\" height=\"90\" srcset=\"https:\/\/www.prodentitalia.eu\/frpro\/wp-content\/uploads\/sites\/25\/2015\/06\/ico-products-90c-66x66.png 66w, https:\/\/www.prodentitalia.eu\/frpro\/wp-content\/uploads\/sites\/25\/2015\/06\/ico-products-90c.png 90w\" sizes=\"(max-width: 90px) 100vw, 90px\" \/><\/p>\n<ul>\n<li style=\"text-align: left;\">Synth\u00e8se g\u00e9om\u00e9trique : avec 5 implants vous r\u00e9solvez la majeure partie des cas cliniques<\/li>\n<li style=\"text-align: left;\">Implants \u00e0 grande fiabilit\u00e9 biom\u00e9canique et succ\u00e8s implantaire \u00e9lev\u00e9 (99,4%)*<\/li>\n<li style=\"text-align: left;\">Ost\u00e9oint\u00e9gration plus pr\u00e9dictible gr\u00e2ce au traitement de surface (double acidification \u2013 D.A.E.)<\/li>\n<li style=\"text-align: left;\">Grip optimal gr\u00e2ce au microfilet actif \u00e0 trois principes<\/li>\n<li style=\"text-align: left;\">Contr\u00f4le de la pr\u00e9cision de la production sur 100% des pi\u00e8ces<\/li>\n<li style=\"text-align: left;\">Solutions chirurgicales et proth\u00e9tiques tr\u00e8s \u00e9tendues et avant-gardistes<\/li>\n<li style=\"text-align: left;\">Kit chirurgical unique qui permet d&rsquo;installer tous les types d&rsquo;implant<\/li>\n<li style=\"text-align: left;\">Performances tr\u00e8s satisfaisantes du point de vue m\u00e9canique, fonctionnel et esth\u00e9tique, avec une perception de confort mentionn\u00e9e par les patients<\/li>\n<li style=\"text-align: left;\">Polyvalence permettant une intervention dans les implants multiples, m\u00eame avec des disparall\u00e9lismes<\/li>\n<li style=\"text-align: left;\">Connexions avec les r\u00e9ponses et tol\u00e9rances tr\u00e8s \u00e9quilibr\u00e9es et appr\u00e9ci\u00e9es des cliniciens<\/li>\n<\/ul>\n<p>* donn\u00e9es de relev\u00e9s internes \u00e0 des fins de certification des produits et des syst\u00e8mes pour la qualit\u00e9<\/p>\n<\/div><div class=\"fusion-clearfix\"><\/div><\/div><\/div><\/div><\/div><div class=\"fusion-fullwidth fullwidth-box fusion-builder-row-2 nonhundred-percent-fullwidth non-hundred-percent-height-scrolling\"  style='background-color: rgba(255,255,255,0);background-position: left top;background-repeat: no-repeat;padding-top:20px;padding-right:0px;padding-bottom:20px;padding-left:0px;border-top-width:0px;border-bottom-width:0px;border-color:#eae9e9;border-top-style:solid;border-bottom-style:solid;'><div class=\"fusion-builder-row fusion-row \"><div  class=\"fusion-layout-column fusion_builder_column fusion_builder_column_1_4 fusion-builder-column-3 fusion-one-fourth fusion-column-first fusion-no-small-visibility 1_4\"  style='margin-top:0px;margin-bottom:20px;width:22%; margin-right: 4%;'><div class=\"fusion-column-wrapper\" style=\"background-position:left top;background-repeat:no-repeat;-webkit-background-size:cover;-moz-background-size:cover;-o-background-size:cover;background-size:cover;\"   data-bg-url=\"\"><div class=\"fusion-clearfix\"><\/div><\/div><\/div><div  class=\"fusion-layout-column fusion_builder_column fusion_builder_column_1_4 fusion-builder-column-4 fusion-one-fourth 1_4\"  style='margin-top:0px;margin-bottom:20px;'><div class=\"fusion-column-wrapper\" style=\"background-position:left top;background-repeat:no-repeat;-webkit-background-size:cover;-moz-background-size:cover;-o-background-size:cover;background-size:cover;\"   data-bg-url=\"\"><div class=\"fusion-text\"><p style=\"text-align: center;\"><div class=\"fusion-counters-circle counters-circle\">\n<div class=\"counter-circle-wrapper\" style=\"height:220px;width:220px;\" data-originalsize=\"220\" data-animationOffset=\"100%\"><div class=\"fusion-counter-circle counter-circle counter-circle-content\" data-percent=\"99\" data-countdown=\"\" data-filledcolor=\"#008dbd\" data-unfilledcolor=\"#f6f6f6\" data-scale=\"1\" data-size=\"220\" data-speed=\"1500\" data-strokesize=\"11\" style=\"font-size:50px;height:220px;width:220px;\"><div class=\"fusion-counter-circle-content-inner\">99,4%<\/div><\/div><\/div>\n<\/div><\/p>\n<h2 style=\"text-align: center;\">Succ\u00e8s implantaire<\/h2>\n<\/div><div class=\"fusion-clearfix\"><\/div><\/div><\/div><div  class=\"fusion-layout-column fusion_builder_column fusion_builder_column_1_4 fusion-builder-column-5 fusion-one-fourth 1_4\"  style='margin-top:0px;margin-bottom:20px;'><div class=\"fusion-column-wrapper\" style=\"background-position:left top;background-repeat:no-repeat;-webkit-background-size:cover;-moz-background-size:cover;-o-background-size:cover;background-size:cover;\"   data-bg-url=\"\"><div class=\"fusion-text\"><p style=\"text-align: center;\"><div class=\"fusion-counters-circle counters-circle\">\n<div class=\"counter-circle-wrapper\" style=\"height:220px;width:220px;\" data-originalsize=\"220\" data-animationOffset=\"100%\"><div class=\"fusion-counter-circle counter-circle counter-circle-content\" data-percent=\"100\" data-countdown=\"\" data-filledcolor=\"#008dbd\" data-unfilledcolor=\"#f6f6f6\" data-scale=\"1\" data-size=\"220\" data-speed=\"1500\" data-strokesize=\"11\" style=\"font-size:50px;height:220px;width:220px;\"><div class=\"fusion-counter-circle-content-inner\">100%<\/div><\/div><\/div>\n<\/div><\/p>\n<h2 style=\"text-align: center;\">Contr\u00f4le des pi\u00e8ces<\/h2>\n<\/div><div class=\"fusion-clearfix\"><\/div><\/div><\/div><div  class=\"fusion-layout-column fusion_builder_column fusion_builder_column_1_4 fusion-builder-column-6 fusion-one-fourth fusion-column-last fusion-no-small-visibility 1_4\"  style='margin-top:0px;margin-bottom:20px;width:22%'><div class=\"fusion-column-wrapper\" style=\"background-position:left top;background-repeat:no-repeat;-webkit-background-size:cover;-moz-background-size:cover;-o-background-size:cover;background-size:cover;\"   data-bg-url=\"\"><div class=\"fusion-clearfix\"><\/div><\/div><\/div><\/div><\/div><div class=\"fusion-fullwidth fullwidth-box fusion-builder-row-3 nonhundred-percent-fullwidth non-hundred-percent-height-scrolling\"  style='background-color: #f6f6f6;background-position: left top;background-repeat: no-repeat;padding-top:20px;padding-bottom:20px;border-top-width:1px;border-bottom-width:1px;border-color:#eaeaea;border-top-style:solid;border-bottom-style:solid;'><div class=\"fusion-builder-row fusion-row \"><div  class=\"fusion-layout-column fusion_builder_column fusion_builder_column_1_1 fusion-builder-column-7 fusion-one-full fusion-column-first fusion-column-last 1_1\"  style='margin-top:0px;margin-bottom:20px;'><div class=\"fusion-column-wrapper\" style=\"background-position:left top;background-repeat:no-repeat;-webkit-background-size:cover;-moz-background-size:cover;-o-background-size:cover;background-size:cover;\"   data-bg-url=\"\"><span class=\"fusion-imageframe imageframe-none imageframe-1 hover-type-none\"><img src=\"https:\/\/www.prodentitalia.eu\/it-pro\/wp-content\/uploads\/sites\/25\/2015\/06\/big-logo-pay-off9.png\"   alt=\"\" title=\"\" class=\"img-responsive\"\/><\/span><div class=\"fusion-clearfix\"><\/div><\/div><\/div><\/div><\/div><\/p>\n","protected":false},"excerpt":{"rendered":"","protected":false},"author":1,"featured_media":0,"parent":0,"menu_order":0,"comment_status":"open","ping_status":"closed","template":"100-width.php","meta":[],"yoast_head":"<!-- This site is optimized with the Yoast SEO plugin v14.7 - https:\/\/yoast.com\/wordpress\/plugins\/seo\/ -->\n<title>Les raisons pour choisir Prodent Italia<\/title>\n<meta name=\"robots\" content=\"index, follow\" \/>\n<meta name=\"googlebot\" content=\"index, follow, max-snippet:-1, max-image-preview:large, max-video-preview:-1\" \/>\n<meta name=\"bingbot\" content=\"index, follow, max-snippet:-1, max-image-preview:large, max-video-preview:-1\" \/>\n<link rel=\"canonical\" href=\"https:\/\/www.prodentitalia.eu\/frpro\/choisir-prodent\/\" \/>\n<meta property=\"og:locale\" content=\"fr_FR\" \/>\n<meta property=\"og:type\" content=\"article\" \/>\n<meta property=\"og:title\" content=\"Les raisons pour choisir Prodent Italia\" \/>\n<meta property=\"og:url\" content=\"https:\/\/www.prodentitalia.eu\/frpro\/choisir-prodent\/\" \/>\n<meta property=\"og:site_name\" content=\"Zone pour les professionnels Prodent Italia\" \/>\n<meta property=\"article:modified_time\" content=\"2020-01-16T09:36:21+00:00\" \/>\n<meta property=\"og:image\" content=\"https:\/\/www.prodentitalia.eu\/it-pro\/wp-content\/uploads\/sites\/25\/2015\/06\/ico-company-90c.png\" \/>\n<meta name=\"twitter:card\" content=\"summary\" \/>\n<meta name=\"twitter:creator\" content=\"@pr0en7erad475\" \/>\n<script type=\"application\/ld+json\" class=\"yoast-schema-graph\">{\"@context\":\"https:\/\/schema.org\",\"@graph\":[{\"@type\":\"WebSite\",\"@id\":\"https:\/\/www.prodentitalia.eu\/frpro\/#website\",\"url\":\"https:\/\/www.prodentitalia.eu\/frpro\/\",\"name\":\"Zone pour les professionnels Prodent Italia\",\"description\":\"Prodent Italia l&#039;implantologia made in Italy\",\"potentialAction\":[{\"@type\":\"SearchAction\",\"target\":\"https:\/\/www.prodentitalia.eu\/frpro\/?s={search_term_string}\",\"query-input\":\"required name=search_term_string\"}],\"inLanguage\":\"fr-FR\"},{\"@type\":\"ImageObject\",\"@id\":\"https:\/\/www.prodentitalia.eu\/frpro\/choisir-prodent\/#primaryimage\",\"inLanguage\":\"fr-FR\",\"url\":\"https:\/\/www.prodentitalia.eu\/it-pro\/wp-content\/uploads\/sites\/25\/2015\/06\/ico-company-90c.png\"},{\"@type\":\"WebPage\",\"@id\":\"https:\/\/www.prodentitalia.eu\/frpro\/choisir-prodent\/#webpage\",\"url\":\"https:\/\/www.prodentitalia.eu\/frpro\/choisir-prodent\/\",\"name\":\"Les raisons pour choisir Prodent Italia\",\"isPartOf\":{\"@id\":\"https:\/\/www.prodentitalia.eu\/frpro\/#website\"},\"primaryImageOfPage\":{\"@id\":\"https:\/\/www.prodentitalia.eu\/frpro\/choisir-prodent\/#primaryimage\"},\"datePublished\":\"2015-06-25T06:00:25+00:00\",\"dateModified\":\"2020-01-16T09:36:21+00:00\",\"inLanguage\":\"fr-FR\",\"potentialAction\":[{\"@type\":\"ReadAction\",\"target\":[\"https:\/\/www.prodentitalia.eu\/frpro\/choisir-prodent\/\"]}]}]}<\/script>\n<!-- \/ Yoast SEO plugin. -->","_links":{"self":[{"href":"https:\/\/www.prodentitalia.eu\/frpro\/wp-json\/wp\/v2\/pages\/11074"}],"collection":[{"href":"https:\/\/www.prodentitalia.eu\/frpro\/wp-json\/wp\/v2\/pages"}],"about":[{"href":"https:\/\/www.prodentitalia.eu\/frpro\/wp-json\/wp\/v2\/types\/page"}],"author":[{"embeddable":true,"href":"https:\/\/www.prodentitalia.eu\/frpro\/wp-json\/wp\/v2\/users\/1"}],"replies":[{"embeddable":true,"href":"https:\/\/www.prodentitalia.eu\/frpro\/wp-json\/wp\/v2\/comments?post=11074"}],"version-history":[{"count":83,"href":"https:\/\/www.prodentitalia.eu\/frpro\/wp-json\/wp\/v2\/pages\/11074\/revisions"}],"predecessor-version":[{"id":12312,"href":"https:\/\/www.prodentitalia.eu\/frpro\/wp-json\/wp\/v2\/pages\/11074\/revisions\/12312"}],"wp:attachment":[{"href":"https:\/\/www.prodentitalia.eu\/frpro\/wp-json\/wp\/v2\/media?parent=11074"}],"curies":[{"name":"wp","href":"https:\/\/api.w.org\/{rel}","templated":true}]}}