{"id":11083,"date":"2015-07-07T10:37:41","date_gmt":"2015-07-07T08:37:41","guid":{"rendered":"http:\/\/www.prodentitalia.eu\/it-pro\/?page_id=11083"},"modified":"2023-01-24T10:23:27","modified_gmt":"2023-01-24T09:23:27","slug":"entreprise","status":"publish","type":"page","link":"https:\/\/www.prodentitalia.eu\/frpro\/entreprise\/","title":{"rendered":"Pr\u00e9sentation de l&rsquo;entreprise"},"content":{"rendered":"<p><div class=\"fusion-fullwidth fullwidth-box fusion-builder-row-1 fusion-parallax-fixed nonhundred-percent-fullwidth non-hundred-percent-height-scrolling\"  style='background-color: rgba(255,255,255,0);background-image: url(\"https:\/\/www.prodentitalia.eu\/it-pro\/wp-content\/uploads\/sites\/25\/2015\/07\/bkg-azienda5.jpg\");background-position: right top;background-repeat: no-repeat;padding-top:0px;padding-bottom:0px;border-top-width:0px;border-bottom-width:0px;border-color:#eae9e9;border-top-style:solid;border-bottom-style:solid;-webkit-background-size:cover;-moz-background-size:cover;-o-background-size:cover;background-size:cover;background-attachment:fixed;'><div class=\"fusion-builder-row fusion-row \"><div  class=\"fusion-layout-column fusion_builder_column fusion_builder_column_2_3 fusion-builder-column-0 fusion-two-third fusion-column-first 2_3\"  style='margin-top:50px;margin-bottom:50px;width:65.3333%; margin-right: 4%;'><div class=\"fusion-column-wrapper\" style=\"padding: 30px 30px 30px 30px;background-position:left top;background-repeat:no-repeat;-webkit-background-size:cover;-moz-background-size:cover;-o-background-size:cover;background-size:cover;\"   data-bg-url=\"\"><div class=\"fusion-text\"><h1 style=\"text-align: left\"><span style=\"color: #ffffff\">Situ\u00e9e pr\u00e8s de Milan, Prodent Italia con\u00e7oit et produit des syst\u00e8mes implantaires depuis les d\u00e9buts de l&rsquo;implantologie en Italie.<\/span><\/h1>\n<h2 style=\"text-align: left\"><span style=\"color: #ffffff\">Les propri\u00e9taires et la direction garantissent la stabilit\u00e9 et la croissance gr\u00e2ce \u00e0 l&rsquo;attention port\u00e9e \u00e0 la recherche et au soutien permanent des cabinets d&rsquo;odontologistes.<\/span><\/h2>\n<\/div><div class=\"fusion-clearfix\"><\/div><\/div><\/div><\/div><\/div><div class=\"fusion-fullwidth fullwidth-box fusion-builder-row-2 nonhundred-percent-fullwidth non-hundred-percent-height-scrolling\"  style='background-color: #ffffff;background-position: left top;background-repeat: no-repeat;padding-top:0px;padding-right:0px;padding-bottom:0px;padding-left:0px;border-top-width:0px;border-bottom-width:0px;border-color:#eae9e9;border-top-style:solid;border-bottom-style:solid;'><div class=\"fusion-builder-row fusion-row \"><div  class=\"fusion-layout-column fusion_builder_column fusion_builder_column_1_2 fusion-builder-column-1 fusion-one-half fusion-column-first 1_2\"  style='margin-top:20px;margin-bottom:20px;width:48%; margin-right: 4%;'><div class=\"fusion-column-wrapper\" style=\"padding: 20px 20px 20px 20px;background-position:left top;background-repeat:no-repeat;-webkit-background-size:cover;-moz-background-size:cover;-o-background-size:cover;background-size:cover;\"   data-bg-url=\"\"><div class=\"fusion-text\"><p><a name=\"ricerca\"><\/a><\/p>\n<h1 style=\"text-align: left\"><span style=\"color: #008dbd\">Recherche<\/span><\/h1>\n<p><a name=\"ricerca\"><\/a><\/p>\n<p style=\"text-align: justify\"><img loading=\"lazy\" class=\"alignleft size-full wp-image-11769\" src=\"https:\/\/www.prodentitalia.eu\/it-pro\/wp-content\/uploads\/sites\/25\/2015\/07\/ico-research45.png\" alt=\"ico-research45\" width=\"45\" height=\"45\" \/>Pour r\u00e9aliser un nouvel implant, l\u2019id\u00e9al est de faire collaborer trois \u201csecteurs\u201d : le \u201cmonde\u201d clinique, technique et du produit. Les demandes et les sp\u00e9cifications arrivent des odontologistes experts qui pr\u00e9sentent des id\u00e9es innovantes destin\u00e9es \u00e0 d\u00e9passer les limites rencontr\u00e9es lors du travail sur le terrain.<\/p>\n<p>Le \u201cmonde\u201d du produit traduit les exigences du clinicien lors de la conception. Puis le secteur technique, compos\u00e9 de bioing\u00e9nieurs, con\u00e7oit le syst\u00e8me implantaire sur la base des exigences de faisabilit\u00e9 et de fiabilit\u00e9 biom\u00e9canique de l&rsquo;implant, qui doit s&rsquo;int\u00e9grer dans l&rsquo;os et r\u00e9sister aux forces de charge. Pour les tests de charge statique et dynamique, Prodent Italia collabore avec le Laboratoire LaBS (Laboratory of Biological Structured Mechanics) du Politecnico de Milan.<\/p>\n<\/div><div class=\"fusion-clearfix\"><\/div><\/div><\/div><div  class=\"fusion-layout-column fusion_builder_column fusion_builder_column_1_2 fusion-builder-column-2 fusion-one-half fusion-column-last 1_2\"  style='margin-top:20px;margin-bottom:20px;width:48%'><div class=\"fusion-column-wrapper\" style=\"padding: 20px 20px 20px 20px;background-position:left top;background-repeat:no-repeat;-webkit-background-size:cover;-moz-background-size:cover;-o-background-size:cover;background-size:cover;\"   data-bg-url=\"\"><div class=\"fusion-text\"><p><a name=\"produzione\"><\/a><\/p>\n<h1 style=\"text-align: left\"><span style=\"color: #008dbd\">Processus de production<br \/>\n<\/span><\/h1>\n<p style=\"text-align: justify\"><img loading=\"lazy\" class=\"alignleft size-full wp-image-11770\" src=\"https:\/\/www.prodentitalia.eu\/it-pro\/wp-content\/uploads\/sites\/25\/2015\/07\/ico-process45.png\" alt=\"ico-process45\" width=\"45\" height=\"45\" \/>Le processus de production commence avec les tours \u00e0 commande num\u00e9rique qui r\u00e9alisent les dispositifs sur des lignes de production d\u00e9di\u00e9es (pour les implants, composants des proth\u00e8ses et les instruments).<\/p>\n<p>Pour les implants, un traitement de surface est ensuite r\u00e9alis\u00e9 avec un double mordan\u00e7age (acidification), puis la d\u00e9contamination dans des r\u00e9acteurs au plasma \u00e0 l&rsquo;argon et (chose rare dans le secteur) le contr\u00f4le dimensionnel \u00e0 100% des pi\u00e8ces.<\/p>\n<p>S&rsquo;ensuit l&#8217;emballage st\u00e9rile dans un double blister dans une salle blanche, et enfin la st\u00e9rilisation par rayons gamma. En outre, les produits subissent r\u00e9guli\u00e8rement des tests de validation qui pr\u00e9voient le contr\u00f4le du respect des sp\u00e9cifications relatives selon les exigences de la Directive 93\/42\/CEE et modifications successives.<\/p>\n<\/div><div class=\"fusion-clearfix\"><\/div><\/div><\/div><div  class=\"fusion-layout-column fusion_builder_column fusion_builder_column_1_2 fusion-builder-column-3 fusion-one-half fusion-column-first 1_2\"  style='margin-top:0px;margin-bottom:20px;width:48%; margin-right: 4%;'><div class=\"fusion-column-wrapper\" style=\"padding: 20px 20px 20px 20px;background-position:left top;background-repeat:no-repeat;-webkit-background-size:cover;-moz-background-size:cover;-o-background-size:cover;background-size:cover;\"   data-bg-url=\"\"><div class=\"fusion-text\"><p><a name=\"distribuzione\"><\/a><\/p>\n<h1 style=\"text-align: left\"><span style=\"color: #008dbd\">Distribution<br \/>\n<\/span><\/h1>\n<p style=\"text-align: justify\"><img loading=\"lazy\" class=\"alignleft size-full wp-image-11776\" src=\"https:\/\/www.prodentitalia.eu\/it-pro\/wp-content\/uploads\/sites\/25\/2015\/07\/ico-distribution45.png\" alt=\"ico-distribution45\" width=\"45\" height=\"45\" \/>Prodent Italia distribue directement ses produits par l&rsquo;interm\u00e9diaire de son propre r\u00e9seau de vente qui couvre l&rsquo;ensemble du territoire national.<\/p>\n<p>Nos agents sont tous des sp\u00e9cialistes du produit et sont donc pr\u00eats \u00e0 aider le cabinet d&rsquo;odontologie sur les divers aspects de l&rsquo;implantologie.<\/p>\n<p>Cela assure de l&rsquo;efficacit\u00e9 dans la gestion des mat\u00e9riaux implantaires et un conseil imm\u00e9diat pour la gestion des divers cas cliniques.<\/p>\n<\/div><div class=\"fusion-clearfix\"><\/div><\/div><\/div><div  class=\"fusion-layout-column fusion_builder_column fusion_builder_column_1_2 fusion-builder-column-4 fusion-one-half fusion-column-last 1_2\"  style='margin-top:0px;margin-bottom:20px;width:48%'><div class=\"fusion-column-wrapper\" style=\"padding: 20px 20px 20px 20px;background-position:left top;background-repeat:no-repeat;-webkit-background-size:cover;-moz-background-size:cover;-o-background-size:cover;background-size:cover;\"   data-bg-url=\"\"><div class=\"fusion-text\"><h1 style=\"text-align: left\"><span style=\"color: #008dbd\">Certifications<\/span><\/h1>\n<p style=\"text-align: justify\"><img loading=\"lazy\" class=\"alignleft size-full wp-image-11778\" src=\"https:\/\/www.prodentitalia.eu\/it-pro\/wp-content\/uploads\/sites\/25\/2015\/07\/ico-quality45.png\" alt=\"ico-quality45\" width=\"45\" height=\"45\" \/>Prodent Italia dispose d&rsquo;un syst\u00e8me de gestion qualit\u00e9 conforme aux normes UNI CEI EN ISO 13485.<\/p>\n<p>Les premi\u00e8res certifications d\u00e9livr\u00e9es \u00e0 Prodent Italia remontent \u00e0 1998.<\/p>\n<h1>Certifications<\/h1>\n<h3><a href=\"https:\/\/www.prodentitalia.eu\/pdf\/pro-it\/UNI-CEI-EN-ISO-13485-2016-.pdf\" target=\"_blank\" rel=\"noopener noreferrer\">Certificate UNI CEI EN ISO 13485 &gt;<\/a><\/h3>\n<h3><a href=\"https:\/\/www.prodentitalia.eu\/pdf\/pro-it\/Certiquality-25688-Impianti-Dentali-Endoossei-21.05.21.pdf\" target=\"_blank\" rel=\"noopener noreferrer\">Certificate Certiquality n. 25688 \u2013 Endosseous Dental Implants<\/a><\/h3>\n<h3><a href=\"https:\/\/www.prodentitalia.eu\/pdf\/pro-it\/25687_030518.pdf\" target=\"_blank\" rel=\"noopener noreferrer\">Certificate Certiquality n. 25687- Restoration Components<\/a><\/h3>\n<h3><a href=\"https:\/\/www.prodentitalia.eu\/pdf\/pro-it\/25686_030518.pdf\" target=\"_blank\" rel=\"noopener noreferrer\">Certificate Certiquality n. 25686 \u2013 Instruments and Accessoires<\/a><\/h3>\n<\/div><div class=\"fusion-clearfix\"><\/div><\/div><\/div><\/div><\/div><div class=\"fusion-fullwidth fullwidth-box fusion-builder-row-3 nonhundred-percent-fullwidth non-hundred-percent-height-scrolling fusion-equal-height-columns\"  style='background-color: #eaeaea;background-position: left top;background-repeat: no-repeat;padding-top:0px;padding-right:0px;padding-bottom:0px;padding-left:0px;border-top-width:0px;border-bottom-width:0px;border-color:#eae9e9;border-top-style:solid;border-bottom-style:solid;'><div class=\"fusion-builder-row fusion-row \"><div  class=\"fusion-layout-column fusion_builder_column fusion_builder_column_1_1 fusion-builder-column-5 fusion-one-full fusion-column-first fusion-column-last 1_1\"  style='margin-top:50px;margin-bottom:0px;'><div class=\"fusion-column-wrapper\" style=\"padding: 0px 0px 0px 0px;background-position:left top;background-repeat:no-repeat;-webkit-background-size:cover;-moz-background-size:cover;-o-background-size:cover;background-size:cover;\"   data-bg-url=\"\"><div class=\"fusion-text\"><p><a name=\"servizi\"><\/a><\/p>\n<h1 style=\"text-align: center\"><span style=\"color: #008dbd\">Services au client<br \/>\n<\/span><\/h1>\n<p><a href=\"https:\/\/www.prodentitalia.eu\/it-pro\/wp-content\/uploads\/sites\/25\/2015\/07\/ico-customer-services170.png\"><img loading=\"lazy\" class=\"aligncenter size-full wp-image-11748\" src=\"https:\/\/www.prodentitalia.eu\/it-pro\/wp-content\/uploads\/sites\/25\/2015\/06\/ico-services-90c.png\" alt=\"ico-services-90c\" width=\"90\" height=\"90\" srcset=\"https:\/\/www.prodentitalia.eu\/frpro\/wp-content\/uploads\/sites\/25\/2015\/06\/ico-services-90c-66x66.png 66w, https:\/\/www.prodentitalia.eu\/frpro\/wp-content\/uploads\/sites\/25\/2015\/06\/ico-services-90c.png 90w\" sizes=\"(max-width: 90px) 100vw, 90px\" \/><\/a><\/p>\n<\/div><div class=\"fusion-clearfix\"><\/div><\/div><\/div><div  class=\"fusion-layout-column fusion_builder_column fusion_builder_column_1_2 fusion-builder-column-6 fusion-one-half fusion-column-first 1_2\"  style='margin-top:0px;margin-bottom:20px;width:48%; margin-right: 4%;'><div class=\"fusion-column-wrapper\" style=\"background-color:#ffffff;border:1px solid #a5a5a5;padding: 30px 30px 30px 30px;background-position:left top;background-repeat:no-repeat;-webkit-background-size:cover;-moz-background-size:cover;-o-background-size:cover;background-size:cover;\"   data-bg-url=\"\"><div class=\"fusion-text\"><h2 style=\"text-align: center\"><span style=\"color: #008dbd\">Sp\u00e9cialiste produit<\/span><\/h2>\n<p style=\"text-align: left\">En plus des agents de vente, Prodent Italia offre \u00e0 ses clients le soutien du personnel technique qui dispose d&rsquo;une exp\u00e9rience sp\u00e9cifique dans les probl\u00e9matiques de l&rsquo;implantologie qui aide le cabinet d&rsquo;odontologie dans les cas les plus complexes.<\/p>\n<\/div><div class=\"fusion-clearfix\"><\/div><\/div><\/div><div  class=\"fusion-layout-column fusion_builder_column fusion_builder_column_1_2 fusion-builder-column-7 fusion-one-half fusion-column-last 1_2\"  style='margin-top:0px;margin-bottom:20px;width:48%'><div class=\"fusion-column-wrapper\" style=\"background-color:#ffffff;border:1px solid #a5a5a5;padding: 30px 30px 30px 30px;background-position:left top;background-repeat:no-repeat;-webkit-background-size:cover;-moz-background-size:cover;-o-background-size:cover;background-size:cover;\"   data-bg-url=\"\"><div class=\"fusion-text\"><h2 style=\"text-align: center\"><span style=\"color: #008dbd\">Solutions personnalis\u00e9es pour la proth\u00e8se<\/span><\/h2>\n<p>&nbsp;<\/p>\n<p style=\"text-align: left\">Planet Prodent est le syst\u00e8me CAD\/CAM pour les solutions proth\u00e9tiques personnalis\u00e9es \u00e0 partir d&rsquo;un fichier de mod\u00e9lisation.<\/p>\n<\/div><div class=\"fusion-clearfix\"><\/div><\/div><\/div><div  class=\"fusion-layout-column fusion_builder_column fusion_builder_column_1_2 fusion-builder-column-8 fusion-one-half fusion-column-first 1_2\"  style='margin-top:20px;margin-bottom:50px;width:48%; margin-right: 4%;'><div class=\"fusion-column-wrapper\" style=\"background-color:#ffffff;border:1px solid #a5a5a5;padding: 30px 30px 30px 30px;background-position:left top;background-repeat:no-repeat;-webkit-background-size:cover;-moz-background-size:cover;-o-background-size:cover;background-size:cover;\"   data-bg-url=\"\"><div class=\"fusion-text\"><h2 style=\"text-align: center\"><span style=\"color: #008dbd\">Formation clinique et autre<br \/>\n<\/span><\/h2>\n<p style=\"text-align: left\">Prodent Italia sait que le cabinet d&rsquo;odontologie d&rsquo;aujourd&rsquo;hui a besoin d&rsquo;une mise \u00e0 niveau clinique et professionnelle continue ; pour cela, elle organise r\u00e9guli\u00e8rement sur tout le territoire national des \u00e9v\u00e9nements, des soir\u00e9es et des cours de formation dans le cadre clinique\u00a0et dans le cadre de la direction manag\u00e9riale du cabinet.<\/p>\n<\/div><div class=\"fusion-clearfix\"><\/div><\/div><\/div><div  class=\"fusion-layout-column fusion_builder_column fusion_builder_column_1_2 fusion-builder-column-9 fusion-one-half fusion-column-last 1_2\"  style='margin-top:20px;margin-bottom:50px;width:48%'><div class=\"fusion-column-wrapper\" style=\"background-color:#ffffff;border:1px solid #a5a5a5;padding: 30px 30px 30px 30px;background-position:left top;background-repeat:no-repeat;-webkit-background-size:cover;-moz-background-size:cover;-o-background-size:cover;background-size:cover;\"   data-bg-url=\"\"><div class=\"fusion-text\"><h2 style=\"text-align: center\"><span style=\"color: #008dbd\">Conditions commerciales personnalis\u00e9es<br \/>\n<\/span><\/h2>\n<p style=\"text-align: left\">Accords commerciaux avec un nombre minimal r\u00e9duit d&rsquo;implants et politique de remise fixe pour toute la dur\u00e9e de l&rsquo;accord.<\/p>\n<\/div><div class=\"fusion-clearfix\"><\/div><\/div><\/div><\/div><\/div><div class=\"fusion-fullwidth fullwidth-box fusion-builder-row-4 nonhundred-percent-fullwidth non-hundred-percent-height-scrolling\"  style='background-color: rgba(255,255,255,0);background-position: left top;background-repeat: no-repeat;padding-top:20px;padding-bottom:20px;border-top-width:0px;border-bottom-width:0px;border-color:#eae9e9;border-top-style:solid;border-bottom-style:solid;'><div class=\"fusion-builder-row fusion-row \"><div  class=\"fusion-layout-column fusion_builder_column fusion_builder_column_1_1 fusion-builder-column-10 fusion-one-full fusion-column-first fusion-column-last 1_1\"  style='margin-top:0px;margin-bottom:20px;'><div class=\"fusion-column-wrapper\" style=\"padding: 0px 0px 0px 0px;background-position:left top;background-repeat:no-repeat;-webkit-background-size:cover;-moz-background-size:cover;-o-background-size:cover;background-size:cover;\"   data-bg-url=\"\"><span class=\"fusion-imageframe imageframe-none imageframe-1 hover-type-none\"><img src=\"https:\/\/www.prodentitalia.eu\/it-pro\/wp-content\/uploads\/sites\/25\/2015\/06\/big-logo-pay-off9.png\"   alt=\"\" title=\"\" class=\"img-responsive\"\/><\/span><div class=\"fusion-clearfix\"><\/div><\/div><\/div><\/div><\/div><\/p>\n","protected":false},"excerpt":{"rendered":"","protected":false},"author":1,"featured_media":0,"parent":0,"menu_order":0,"comment_status":"open","ping_status":"open","template":"100-width.php","meta":[],"yoast_head":"<!-- This site is optimized with the Yoast SEO plugin v14.7 - https:\/\/yoast.com\/wordpress\/plugins\/seo\/ -->\n<title>Pr\u00e9sentation de l&#039;entreprise - Zone pour les professionnels Prodent Italia<\/title>\n<meta name=\"robots\" content=\"index, follow\" \/>\n<meta name=\"googlebot\" content=\"index, follow, max-snippet:-1, max-image-preview:large, max-video-preview:-1\" \/>\n<meta name=\"bingbot\" content=\"index, follow, max-snippet:-1, max-image-preview:large, max-video-preview:-1\" \/>\n<link rel=\"canonical\" href=\"https:\/\/www.prodentitalia.eu\/frpro\/entreprise\/\" \/>\n<meta property=\"og:locale\" content=\"fr_FR\" \/>\n<meta property=\"og:type\" content=\"article\" \/>\n<meta property=\"og:title\" content=\"Pr\u00e9sentation de l&#039;entreprise - Zone pour les professionnels Prodent Italia\" \/>\n<meta property=\"og:url\" content=\"https:\/\/www.prodentitalia.eu\/frpro\/entreprise\/\" \/>\n<meta property=\"og:site_name\" content=\"Zone pour les professionnels Prodent Italia\" \/>\n<meta property=\"article:modified_time\" content=\"2023-01-24T09:23:27+00:00\" \/>\n<meta property=\"og:image\" content=\"https:\/\/www.prodentitalia.eu\/it-pro\/wp-content\/uploads\/sites\/25\/2015\/07\/ico-research45.png\" \/>\n<meta name=\"twitter:card\" content=\"summary\" \/>\n<meta name=\"twitter:creator\" content=\"@pr0en7erad475\" \/>\n<script type=\"application\/ld+json\" class=\"yoast-schema-graph\">{\"@context\":\"https:\/\/schema.org\",\"@graph\":[{\"@type\":\"WebSite\",\"@id\":\"https:\/\/www.prodentitalia.eu\/frpro\/#website\",\"url\":\"https:\/\/www.prodentitalia.eu\/frpro\/\",\"name\":\"Zone pour les professionnels Prodent Italia\",\"description\":\"Prodent Italia l&#039;implantologia made in Italy\",\"potentialAction\":[{\"@type\":\"SearchAction\",\"target\":\"https:\/\/www.prodentitalia.eu\/frpro\/?s={search_term_string}\",\"query-input\":\"required name=search_term_string\"}],\"inLanguage\":\"fr-FR\"},{\"@type\":\"ImageObject\",\"@id\":\"https:\/\/www.prodentitalia.eu\/frpro\/entreprise\/#primaryimage\",\"inLanguage\":\"fr-FR\",\"url\":\"https:\/\/www.prodentitalia.eu\/it-pro\/wp-content\/uploads\/sites\/25\/2015\/07\/ico-research45.png\"},{\"@type\":\"WebPage\",\"@id\":\"https:\/\/www.prodentitalia.eu\/frpro\/entreprise\/#webpage\",\"url\":\"https:\/\/www.prodentitalia.eu\/frpro\/entreprise\/\",\"name\":\"Pr\\u00e9sentation de l'entreprise - Zone pour les professionnels Prodent Italia\",\"isPartOf\":{\"@id\":\"https:\/\/www.prodentitalia.eu\/frpro\/#website\"},\"primaryImageOfPage\":{\"@id\":\"https:\/\/www.prodentitalia.eu\/frpro\/entreprise\/#primaryimage\"},\"datePublished\":\"2015-07-07T08:37:41+00:00\",\"dateModified\":\"2023-01-24T09:23:27+00:00\",\"inLanguage\":\"fr-FR\",\"potentialAction\":[{\"@type\":\"ReadAction\",\"target\":[\"https:\/\/www.prodentitalia.eu\/frpro\/entreprise\/\"]}]}]}<\/script>\n<!-- \/ Yoast SEO plugin. -->","_links":{"self":[{"href":"https:\/\/www.prodentitalia.eu\/frpro\/wp-json\/wp\/v2\/pages\/11083"}],"collection":[{"href":"https:\/\/www.prodentitalia.eu\/frpro\/wp-json\/wp\/v2\/pages"}],"about":[{"href":"https:\/\/www.prodentitalia.eu\/frpro\/wp-json\/wp\/v2\/types\/page"}],"author":[{"embeddable":true,"href":"https:\/\/www.prodentitalia.eu\/frpro\/wp-json\/wp\/v2\/users\/1"}],"replies":[{"embeddable":true,"href":"https:\/\/www.prodentitalia.eu\/frpro\/wp-json\/wp\/v2\/comments?post=11083"}],"version-history":[{"count":129,"href":"https:\/\/www.prodentitalia.eu\/frpro\/wp-json\/wp\/v2\/pages\/11083\/revisions"}],"predecessor-version":[{"id":12454,"href":"https:\/\/www.prodentitalia.eu\/frpro\/wp-json\/wp\/v2\/pages\/11083\/revisions\/12454"}],"wp:attachment":[{"href":"https:\/\/www.prodentitalia.eu\/frpro\/wp-json\/wp\/v2\/media?parent=11083"}],"curies":[{"name":"wp","href":"https:\/\/api.w.org\/{rel}","templated":true}]}}