{"id":11395,"date":"2015-07-10T00:16:39","date_gmt":"2015-07-09T22:16:39","guid":{"rendered":"http:\/\/www.prodentitalia.eu\/it-pro\/?page_id=11395"},"modified":"2023-01-24T16:15:28","modified_gmt":"2023-01-24T15:15:28","slug":"twinner","status":"publish","type":"page","link":"https:\/\/www.prodentitalia.eu\/frpro\/produits\/implants-cylindriques\/twinner\/","title":{"rendered":"Twinner"},"content":{"rendered":"<div class=\"fusion-fullwidth fullwidth-box fusion-builder-row-1 nonhundred-percent-fullwidth non-hundred-percent-height-scrolling\"  style='background-color: rgba(255,255,255,0);background-position: center center;background-repeat: no-repeat;padding-top:20px;padding-bottom:20px;border-top-width:0px;border-bottom-width:0px;border-color:#eae9e9;border-top-style:solid;border-bottom-style:solid;'><div class=\"fusion-builder-row fusion-row \"><div  class=\"fusion-layout-column fusion_builder_column fusion_builder_column_2_5 fusion-builder-column-0 fusion-two-fifth fusion-column-first 2_5\"  style='margin-top:0px;margin-bottom:20px;'><div class=\"fusion-column-wrapper\" style=\"padding: 0px 0px 0px 0px;background-position:center top;background-repeat:no-repeat;-webkit-background-size:cover;-moz-background-size:cover;-o-background-size:cover;background-size:cover;\"   data-bg-url=\"\"><div class=\"imageframe-align-center\"><span class=\"fusion-imageframe imageframe-none imageframe-1 hover-type-none\"><img src=\"https:\/\/www.prodentitalia.eu\/it-pro\/wp-content\/uploads\/sites\/25\/2015\/07\/twinner-big.png\"   alt=\"Prodent Twinner impianto cilindrico tapered\" title=\"\" class=\"img-responsive\"\/><\/span><\/div><div class=\"fusion-clearfix\"><\/div><\/div><\/div><div  class=\"fusion-layout-column fusion_builder_column fusion_builder_column_3_5 fusion-builder-column-1 fusion-three-fifth fusion-column-last whiteopacity 3_5\"  style='margin-top:0px;margin-bottom:50px;'><div class=\"fusion-column-wrapper\" style=\"border:0px solid #eeeeee;padding: 20px 20px 20px 20px;background-position:left top;background-repeat:no-repeat;-webkit-background-size:cover;-moz-background-size:cover;-o-background-size:cover;background-size:cover;\"   data-bg-url=\"\"><style type=\"text\/css\">.fusion-accordian  #accordion-11395-1 .panel-title a .fa-fusion-box{ color: #ffffff;}.fusion-accordian  #accordion-11395-1 .panel-title a .fa-fusion-box:before{ font-size: 13px; width: 13px;}.fusion-accordian  #accordion-11395-1 .panel-title a{font-size:16px;}.fusion-accordian  #accordion-11395-1 .fa-fusion-box { background-color: #8c8c8c;border-color: #8c8c8c;}.fusion-accordian  #accordion-11395-1 .panel-title a:hover, #accordion-11395-1 .fusion-toggle-boxed-mode:hover .panel-title a { color: #65bc7b;}.fusion-accordian  #accordion-11395-1 .panel-title .active .fa-fusion-box,.fusion-accordian  #accordion-11395-1 .panel-title a:hover .fa-fusion-box { background-color: #65bc7b!important;border-color: #65bc7b!important;}<\/style><div class=\"accordian fusion-accordian\"><div class=\"panel-group\" id=\"accordion-11395-1\" role=\"tablist\"><div class=\"fusion-panel panel-default\" role=\"tabpanel\"><div class=\"panel-heading\"><h4 class=\"panel-title toggle\"><a aria-expanded=\"false\" aria-selected=\"false\" aria-controls=\"8d2c351457fa536ce\" role=\"tab\" data-toggle=\"collapse\" data-parent=\"#accordion-11395-1\" data-target=\"#8d2c351457fa536ce\" href=\"#8d2c351457fa536ce\"><span class=\"fusion-toggle-icon-wrapper\" aria-hidden=\"true\"><i class=\"fa-fusion-box\"><\/i><\/span><span class=\"fusion-toggle-heading\">Tension inf\u00e9rieure sur l'os<\/span><\/a><\/h4><\/div><div id=\"8d2c351457fa536ce\" class=\"panel-collapse collapse \"><div class=\"panel-body toggle-content fusion-clearfix\">Le couple d&rsquo;insertion de l&rsquo;implant est homog\u00e8ne gr\u00e2ce \u00e0 la forme cylindrique conique<\/div><\/div><\/div><div class=\"fusion-panel panel-default\" role=\"tabpanel\"><div class=\"panel-heading\"><h4 class=\"panel-title toggle\"><a aria-expanded=\"false\" aria-selected=\"false\" aria-controls=\"b264a4d903cea2271\" role=\"tab\" data-toggle=\"collapse\" data-parent=\"#accordion-11395-1\" data-target=\"#b264a4d903cea2271\" href=\"#b264a4d903cea2271\"><span class=\"fusion-toggle-icon-wrapper\" aria-hidden=\"true\"><i class=\"fa-fusion-box\"><\/i><\/span><span class=\"fusion-toggle-heading\">Meilleure adh\u00e9rence osseuse (bone implant contact BIC)<\/span><\/a><\/h4><\/div><div id=\"b264a4d903cea2271\" class=\"panel-collapse collapse \"><div class=\"panel-body toggle-content fusion-clearfix\">La forme cylindrique conique d\u00e9termine une surface de contact accrue de l&rsquo;implant avec l\u2019os<\/div><\/div><\/div><div class=\"fusion-panel panel-default\" role=\"tabpanel\"><div class=\"panel-heading\"><h4 class=\"panel-title toggle\"><a aria-expanded=\"false\" aria-selected=\"false\" aria-controls=\"2ce8170ad54ecfc58\" role=\"tab\" data-toggle=\"collapse\" data-parent=\"#accordion-11395-1\" data-target=\"#2ce8170ad54ecfc58\" href=\"#2ce8170ad54ecfc58\"><span class=\"fusion-toggle-icon-wrapper\" aria-hidden=\"true\"><i class=\"fa-fusion-box\"><\/i><\/span><span class=\"fusion-toggle-heading\">Efficacit\u00e9 des d\u00e9lais d'intervention<\/span><\/a><\/h4><\/div><div id=\"2ce8170ad54ecfc58\" class=\"panel-collapse collapse \"><div class=\"panel-body toggle-content fusion-clearfix\">La morphologie de la spire \u00e0 double principe assure une vitesse accrue d&rsquo;insertion de l&rsquo;implant<\/div><\/div><\/div><div class=\"fusion-panel panel-default\" role=\"tabpanel\"><div class=\"panel-heading\"><h4 class=\"panel-title toggle\"><a aria-expanded=\"false\" aria-selected=\"false\" aria-controls=\"661eca028e19a1168\" role=\"tab\" data-toggle=\"collapse\" data-parent=\"#accordion-11395-1\" data-target=\"#661eca028e19a1168\" href=\"#661eca028e19a1168\"><span class=\"fusion-toggle-icon-wrapper\" aria-hidden=\"true\"><i class=\"fa-fusion-box\"><\/i><\/span><span class=\"fusion-toggle-heading\">Pr\u00e9dictibilit\u00e9 accrue de succ\u00e8s de l'implant en termes d'ost\u00e9oint\u00e9gration<\/span><\/a><\/h4><\/div><div id=\"661eca028e19a1168\" class=\"panel-collapse collapse \"><div class=\"panel-body toggle-content fusion-clearfix\">Le titane utilis\u00e9 (classe 4, la plus r\u00e9sistante du titane pur) conf\u00e8re \u00e0 l&rsquo;implant une r\u00e9sistance m\u00e9canique \u00e9lev\u00e9e aux charges et un pourcentage \u00e9lev\u00e9 d&rsquo;ost\u00e9oint\u00e9gration<\/div><\/div><\/div><div class=\"fusion-panel panel-default\" role=\"tabpanel\"><div class=\"panel-heading\"><h4 class=\"panel-title toggle\"><a aria-expanded=\"false\" aria-selected=\"false\" aria-controls=\"425869aa6390c1830\" role=\"tab\" data-toggle=\"collapse\" data-parent=\"#accordion-11395-1\" data-target=\"#425869aa6390c1830\" href=\"#425869aa6390c1830\"><span class=\"fusion-toggle-icon-wrapper\" aria-hidden=\"true\"><i class=\"fa-fusion-box\"><\/i><\/span><span class=\"fusion-toggle-heading\">Rapidit\u00e9 du point de vue de l'ost\u00e9oint\u00e9gration<\/span><\/a><\/h4><\/div><div id=\"425869aa6390c1830\" class=\"panel-collapse collapse \"><div class=\"panel-body toggle-content fusion-clearfix\">L\u2019implant pr\u00e9sente une surface d&rsquo;une rugosit\u00e9 morphologiquement contr\u00f4l\u00e9e et parfaitement d\u00e9contamin\u00e9e par le traitement superficiel avec une double acidification (D.A.E.)<\/div><\/div><\/div><div class=\"fusion-panel panel-default\" role=\"tabpanel\"><div class=\"panel-heading\"><h4 class=\"panel-title toggle\"><a aria-expanded=\"false\" aria-selected=\"false\" aria-controls=\"ef38e580d628d33c1\" role=\"tab\" data-toggle=\"collapse\" data-parent=\"#accordion-11395-1\" data-target=\"#ef38e580d628d33c1\" href=\"#ef38e580d628d33c1\"><span class=\"fusion-toggle-icon-wrapper\" aria-hidden=\"true\"><i class=\"fa-fusion-box\"><\/i><\/span><span class=\"fusion-toggle-heading\">Conservation du niveau osseux crestal dans le temps<\/span><\/a><\/h4><\/div><div id=\"ef38e580d628d33c1\" class=\"panel-collapse collapse \"><div class=\"panel-body toggle-content fusion-clearfix\">Le microfilet actif, coordonn\u00e9 \u00e0 la spire principale, conf\u00e8re \u00e0 l&rsquo;implant une stabilit\u00e9 primaire \u00e9galement dans la zone corticale<\/div><\/div><\/div><div class=\"fusion-panel panel-default\" role=\"tabpanel\"><div class=\"panel-heading\"><h4 class=\"panel-title toggle\"><a aria-expanded=\"false\" aria-selected=\"false\" aria-controls=\"524705af460ed7cec\" role=\"tab\" data-toggle=\"collapse\" data-parent=\"#accordion-11395-1\" data-target=\"#524705af460ed7cec\" href=\"#524705af460ed7cec\"><span class=\"fusion-toggle-icon-wrapper\" aria-hidden=\"true\"><i class=\"fa-fusion-box\"><\/i><\/span><span class=\"fusion-toggle-heading\">Stabilit\u00e9 \u00e9lev\u00e9e de la connexion et fiabilit\u00e9 biom\u00e9canique de l'implant<\/span><\/a><\/h4><\/div><div id=\"524705af460ed7cec\" class=\"panel-collapse collapse \"><div class=\"panel-body toggle-content fusion-clearfix\">\n<p>La connexion antirotation cylindre-hexagone-cylindre entra\u00eene la r\u00e9partition homog\u00e8ne des forces de charge<\/p>\n<\/div><\/div><\/div><\/div><\/div><div class=\"fusion-text\"><p>&nbsp;<\/p>\n<p>&nbsp;<\/p>\n<\/div><div class=\"fusion-button-wrapper\"><style type=\"text\/css\">.fusion-button.button-1 .fusion-button-text, .fusion-button.button-1 i {color:#008bdb;}.fusion-button.button-1 .fusion-button-icon-divider{border-color:#008bdb;}.fusion-button.button-1:hover .fusion-button-text, .fusion-button.button-1:hover i,.fusion-button.button-1:focus .fusion-button-text, .fusion-button.button-1:focus i,.fusion-button.button-1:active .fusion-button-text, .fusion-button.button-1:active{color:#1e73be;}.fusion-button.button-1:hover .fusion-button-icon-divider, .fusion-button.button-1:hover .fusion-button-icon-divider, .fusion-button.button-1:active .fusion-button-icon-divider{border-color:#1e73be;}.fusion-button.button-1:hover, .fusion-button.button-1:focus, .fusion-button.button-1:active{border-color:#1e73be;border-width:1px;}.fusion-button.button-1 {border-color:#008bdb;border-width:1px;border-radius:0px;}.fusion-button.button-1{background: #ffffff;}.fusion-button.button-1:hover,.button-1:focus,.fusion-button.button-1:active{background: #ffffff;}<\/style><a class=\"fusion-button button-flat button-xlarge button-custom button-1 fusion-button-default-span \" target=\"_blank\" rel=\"noopener noreferrer\" href=\"https:\/\/www.prodentitalia.eu\/pdf\/pro-it\/prodotti\/PRIME-Clinical-Protocol-.pdf\"><span class=\"fusion-button-text\">T\u00c9L\u00c9CHARGER LE PROTOCOLE<\/span><i class=\"fa-chevron-right fas button-icon-right\"><\/i><\/a><\/div><div class=\"fusion-clearfix\"><\/div><\/div><\/div><div  class=\"fusion-layout-column fusion_builder_column fusion_builder_column_1_1 fusion-builder-column-2 fusion-one-full fusion-column-first fusion-column-last fusion-column-no-min-height 1_1\"  style='margin-top:0px;margin-bottom:0px;'><div class=\"fusion-column-wrapper\" style=\"padding: 0px 0px 0px 0px;background-position:left top;background-repeat:no-repeat;-webkit-background-size:cover;-moz-background-size:cover;-o-background-size:cover;background-size:cover;\"   data-bg-url=\"\"><div class=\"fusion-sep-clear\"><\/div><div class=\"fusion-separator fusion-full-width-sep sep-none\" style=\"margin-left: auto;margin-right: auto;margin-top:;\"><\/div><div class=\"fusion-clearfix\"><\/div><\/div><\/div><\/div><\/div>\n","protected":false},"excerpt":{"rendered":"","protected":false},"author":1,"featured_media":0,"parent":11427,"menu_order":0,"comment_status":"open","ping_status":"closed","template":"100-width.php","meta":[],"yoast_head":"<!-- This site is optimized with the Yoast SEO plugin v14.7 - https:\/\/yoast.com\/wordpress\/plugins\/seo\/ -->\n<title>Twinner - Zone pour les professionnels Prodent Italia<\/title>\n<meta name=\"robots\" content=\"index, follow\" \/>\n<meta name=\"googlebot\" content=\"index, follow, max-snippet:-1, max-image-preview:large, max-video-preview:-1\" \/>\n<meta name=\"bingbot\" content=\"index, follow, max-snippet:-1, max-image-preview:large, max-video-preview:-1\" \/>\n<link rel=\"canonical\" href=\"https:\/\/www.prodentitalia.eu\/frpro\/produits\/implants-cylindriques\/twinner\/\" \/>\n<meta property=\"og:locale\" content=\"fr_FR\" \/>\n<meta property=\"og:type\" content=\"article\" \/>\n<meta property=\"og:title\" content=\"Twinner - Zone pour les professionnels Prodent Italia\" \/>\n<meta property=\"og:url\" content=\"https:\/\/www.prodentitalia.eu\/frpro\/produits\/implants-cylindriques\/twinner\/\" \/>\n<meta property=\"og:site_name\" content=\"Zone pour les professionnels Prodent Italia\" \/>\n<meta property=\"article:modified_time\" content=\"2023-01-24T15:15:28+00:00\" \/>\n<meta property=\"og:image\" content=\"https:\/\/www.prodentitalia.eu\/it-pro\/wp-content\/uploads\/sites\/25\/2015\/07\/twinner-big.png\" \/>\n<meta name=\"twitter:card\" content=\"summary\" \/>\n<meta name=\"twitter:creator\" content=\"@pr0en7erad475\" \/>\n<script type=\"application\/ld+json\" class=\"yoast-schema-graph\">{\"@context\":\"https:\/\/schema.org\",\"@graph\":[{\"@type\":\"WebSite\",\"@id\":\"https:\/\/www.prodentitalia.eu\/frpro\/#website\",\"url\":\"https:\/\/www.prodentitalia.eu\/frpro\/\",\"name\":\"Zone pour les professionnels Prodent Italia\",\"description\":\"Prodent Italia l&#039;implantologia made in Italy\",\"potentialAction\":[{\"@type\":\"SearchAction\",\"target\":\"https:\/\/www.prodentitalia.eu\/frpro\/?s={search_term_string}\",\"query-input\":\"required name=search_term_string\"}],\"inLanguage\":\"fr-FR\"},{\"@type\":\"ImageObject\",\"@id\":\"https:\/\/www.prodentitalia.eu\/frpro\/produits\/implants-cylindriques\/twinner\/#primaryimage\",\"inLanguage\":\"fr-FR\",\"url\":\"https:\/\/www.prodentitalia.eu\/it-pro\/wp-content\/uploads\/sites\/25\/2015\/07\/twinner-big.png\"},{\"@type\":\"WebPage\",\"@id\":\"https:\/\/www.prodentitalia.eu\/frpro\/produits\/implants-cylindriques\/twinner\/#webpage\",\"url\":\"https:\/\/www.prodentitalia.eu\/frpro\/produits\/implants-cylindriques\/twinner\/\",\"name\":\"Twinner - Zone pour les professionnels Prodent Italia\",\"isPartOf\":{\"@id\":\"https:\/\/www.prodentitalia.eu\/frpro\/#website\"},\"primaryImageOfPage\":{\"@id\":\"https:\/\/www.prodentitalia.eu\/frpro\/produits\/implants-cylindriques\/twinner\/#primaryimage\"},\"datePublished\":\"2015-07-09T22:16:39+00:00\",\"dateModified\":\"2023-01-24T15:15:28+00:00\",\"inLanguage\":\"fr-FR\",\"potentialAction\":[{\"@type\":\"ReadAction\",\"target\":[\"https:\/\/www.prodentitalia.eu\/frpro\/produits\/implants-cylindriques\/twinner\/\"]}]}]}<\/script>\n<!-- \/ Yoast SEO plugin. -->","_links":{"self":[{"href":"https:\/\/www.prodentitalia.eu\/frpro\/wp-json\/wp\/v2\/pages\/11395"}],"collection":[{"href":"https:\/\/www.prodentitalia.eu\/frpro\/wp-json\/wp\/v2\/pages"}],"about":[{"href":"https:\/\/www.prodentitalia.eu\/frpro\/wp-json\/wp\/v2\/types\/page"}],"author":[{"embeddable":true,"href":"https:\/\/www.prodentitalia.eu\/frpro\/wp-json\/wp\/v2\/users\/1"}],"replies":[{"embeddable":true,"href":"https:\/\/www.prodentitalia.eu\/frpro\/wp-json\/wp\/v2\/comments?post=11395"}],"version-history":[{"count":16,"href":"https:\/\/www.prodentitalia.eu\/frpro\/wp-json\/wp\/v2\/pages\/11395\/revisions"}],"predecessor-version":[{"id":12460,"href":"https:\/\/www.prodentitalia.eu\/frpro\/wp-json\/wp\/v2\/pages\/11395\/revisions\/12460"}],"up":[{"embeddable":true,"href":"https:\/\/www.prodentitalia.eu\/frpro\/wp-json\/wp\/v2\/pages\/11427"}],"wp:attachment":[{"href":"https:\/\/www.prodentitalia.eu\/frpro\/wp-json\/wp\/v2\/media?parent=11395"}],"curies":[{"name":"wp","href":"https:\/\/api.w.org\/{rel}","templated":true}]}}