{"id":11414,"date":"2015-07-10T08:44:05","date_gmt":"2015-07-10T06:44:05","guid":{"rendered":"http:\/\/www.prodentitalia.eu\/it-pro\/?page_id=11414"},"modified":"2023-01-24T16:17:36","modified_gmt":"2023-01-24T15:17:36","slug":"prowide","status":"publish","type":"page","link":"https:\/\/www.prodentitalia.eu\/frpro\/produits\/implants-courts\/prowide\/","title":{"rendered":"Prowide"},"content":{"rendered":"<div class=\"fusion-fullwidth fullwidth-box fusion-builder-row-1 nonhundred-percent-fullwidth non-hundred-percent-height-scrolling\"  style='background-color: rgba(255,255,255,0);background-position: center center;background-repeat: no-repeat;padding-top:20px;padding-bottom:20px;border-top-width:0px;border-bottom-width:0px;border-color:#eae9e9;border-top-style:solid;border-bottom-style:solid;'><div class=\"fusion-builder-row fusion-row \"><div  class=\"fusion-layout-column fusion_builder_column fusion_builder_column_2_5 fusion-builder-column-0 fusion-two-fifth fusion-column-first 2_5\"  style='margin-top:0px;margin-bottom:20px;'><div class=\"fusion-column-wrapper\" style=\"padding: 0px 0px 0px 0px;background-position:center top;background-repeat:no-repeat;-webkit-background-size:cover;-moz-background-size:cover;-o-background-size:cover;background-size:cover;\"   data-bg-url=\"\"><div class=\"imageframe-align-center\"><span class=\"fusion-imageframe imageframe-none imageframe-1 hover-type-none\"><img src=\"https:\/\/www.prodentitalia.eu\/it-pro\/wp-content\/uploads\/sites\/25\/2015\/07\/prowide-big1.png\"   alt=\"Prodent Prime impianto conico root-form\" title=\"\" class=\"img-responsive\"\/><\/span><\/div><div class=\"fusion-clearfix\"><\/div><\/div><\/div><div  class=\"fusion-layout-column fusion_builder_column fusion_builder_column_3_5 fusion-builder-column-1 fusion-three-fifth fusion-column-last whiteopacity 3_5\"  style='margin-top:0px;margin-bottom:50px;'><div class=\"fusion-column-wrapper\" style=\"border:0px solid #eeeeee;padding: 20px 20px 20px 20px;background-position:left top;background-repeat:no-repeat;-webkit-background-size:cover;-moz-background-size:cover;-o-background-size:cover;background-size:cover;\"   data-bg-url=\"\"><style type=\"text\/css\">.fusion-accordian  #accordion-11414-1 .panel-title a .fa-fusion-box{ color: #ffffff;}.fusion-accordian  #accordion-11414-1 .panel-title a .fa-fusion-box:before{ font-size: 13px; width: 13px;}.fusion-accordian  #accordion-11414-1 .panel-title a{font-size:16px;}.fusion-accordian  #accordion-11414-1 .fa-fusion-box { background-color: #8c8c8c;border-color: #8c8c8c;}.fusion-accordian  #accordion-11414-1 .panel-title a:hover, #accordion-11414-1 .fusion-toggle-boxed-mode:hover .panel-title a { color: #65bc7b;}.fusion-accordian  #accordion-11414-1 .panel-title .active .fa-fusion-box,.fusion-accordian  #accordion-11414-1 .panel-title a:hover .fa-fusion-box { background-color: #65bc7b!important;border-color: #65bc7b!important;}<\/style><div class=\"accordian fusion-accordian\"><div class=\"panel-group\" id=\"accordion-11414-1\" role=\"tablist\"><div class=\"fusion-panel panel-default\" role=\"tabpanel\"><div class=\"panel-heading\"><h4 class=\"panel-title toggle\"><a aria-expanded=\"false\" aria-selected=\"false\" aria-controls=\"941386d0495119d95\" role=\"tab\" data-toggle=\"collapse\" data-parent=\"#accordion-11414-1\" data-target=\"#941386d0495119d95\" href=\"#941386d0495119d95\"><span class=\"fusion-toggle-icon-wrapper\" aria-hidden=\"true\"><i class=\"fa-fusion-box\"><\/i><\/span><span class=\"fusion-toggle-heading\">Implant court, utilisable \u00e9galement avec une disponibilit\u00e9 osseuse verticale r\u00e9duite<\/span><\/a><\/h4><\/div><div id=\"941386d0495119d95\" class=\"panel-collapse collapse \"><div class=\"panel-body toggle-content fusion-clearfix\">Le patient peut \u00e9viter une r\u00e9g\u00e9n\u00e9ration osseuse verticale<\/div><\/div><\/div><div class=\"fusion-panel panel-default\" role=\"tabpanel\"><div class=\"panel-heading\"><h4 class=\"panel-title toggle\"><a aria-expanded=\"false\" aria-selected=\"false\" aria-controls=\"6916d9da7932dff30\" role=\"tab\" data-toggle=\"collapse\" data-parent=\"#accordion-11414-1\" data-target=\"#6916d9da7932dff30\" href=\"#6916d9da7932dff30\"><span class=\"fusion-toggle-icon-wrapper\" aria-hidden=\"true\"><i class=\"fa-fusion-box\"><\/i><\/span><span class=\"fusion-toggle-heading\">Meilleure stabilit\u00e9 primaire et secondaire, et tenue de l'implant<\/span><\/a><\/h4><\/div><div id=\"6916d9da7932dff30\" class=\"panel-collapse collapse \"><div class=\"panel-body toggle-content fusion-clearfix\">La morphologie cylindrique (au lieu de conique) exprim\u00e9e sur 5,5 mm, est telle que la surface de contact entre l&rsquo;implant et l&rsquo;os est accrue<\/div><\/div><\/div><div class=\"fusion-panel panel-default\" role=\"tabpanel\"><div class=\"panel-heading\"><h4 class=\"panel-title toggle\"><a aria-expanded=\"false\" aria-selected=\"false\" aria-controls=\"23951f89b09addb00\" role=\"tab\" data-toggle=\"collapse\" data-parent=\"#accordion-11414-1\" data-target=\"#23951f89b09addb00\" href=\"#23951f89b09addb00\"><span class=\"fusion-toggle-icon-wrapper\" aria-hidden=\"true\"><i class=\"fa-fusion-box\"><\/i><\/span><span class=\"fusion-toggle-heading\">Respect des tissus p\u00e9ri-implantaires<\/span><\/a><\/h4><\/div><div id=\"23951f89b09addb00\" class=\"panel-collapse collapse \"><div class=\"panel-body toggle-content fusion-clearfix\">La connexion conique avec un hexagone antirotation r\u00e9duit le risque d&rsquo;infiltrations bact\u00e9riennes<\/div><\/div><\/div><div class=\"fusion-panel panel-default\" role=\"tabpanel\"><div class=\"panel-heading\"><h4 class=\"panel-title toggle\"><a aria-expanded=\"false\" aria-selected=\"false\" aria-controls=\"f56820d5e196383ad\" role=\"tab\" data-toggle=\"collapse\" data-parent=\"#accordion-11414-1\" data-target=\"#f56820d5e196383ad\" href=\"#f56820d5e196383ad\"><span class=\"fusion-toggle-icon-wrapper\" aria-hidden=\"true\"><i class=\"fa-fusion-box\"><\/i><\/span><span class=\"fusion-toggle-heading\">Pr\u00e9dictibilit\u00e9 accrue de succ\u00e8s en termes d'ost\u00e9oint\u00e9gration<\/span><\/a><\/h4><\/div><div id=\"f56820d5e196383ad\" class=\"panel-collapse collapse \"><div class=\"panel-body toggle-content fusion-clearfix\">Le titane utilis\u00e9 est de classe 4, la plus r\u00e9sistante de titane pur, l\u2019implant poss\u00e9dant ainsi une r\u00e9sistance m\u00e9canique \u00e9lev\u00e9e aux charges ainsi qu&rsquo;un pourcentage \u00e9lev\u00e9 d&rsquo;ost\u00e9oint\u00e9gration<\/div><\/div><\/div><div class=\"fusion-panel panel-default\" role=\"tabpanel\"><div class=\"panel-heading\"><h4 class=\"panel-title toggle\"><a aria-expanded=\"false\" aria-selected=\"false\" aria-controls=\"6686ce0829e0fe831\" role=\"tab\" data-toggle=\"collapse\" data-parent=\"#accordion-11414-1\" data-target=\"#6686ce0829e0fe831\" href=\"#6686ce0829e0fe831\"><span class=\"fusion-toggle-icon-wrapper\" aria-hidden=\"true\"><i class=\"fa-fusion-box\"><\/i><\/span><span class=\"fusion-toggle-heading\">Rapidit\u00e9 d'ost\u00e9oint\u00e9gration<\/span><\/a><\/h4><\/div><div id=\"6686ce0829e0fe831\" class=\"panel-collapse collapse \"><div class=\"panel-body toggle-content fusion-clearfix\">L\u2019implant pr\u00e9sente une surface d&rsquo;une rugosit\u00e9 morphologiquement contr\u00f4l\u00e9e et parfaitement d\u00e9contamin\u00e9e gr\u00e2ce au traitement de surface avec double acidification (D.A.E.)<\/div><\/div><\/div><div class=\"fusion-panel panel-default\" role=\"tabpanel\"><div class=\"panel-heading\"><h4 class=\"panel-title toggle\"><a aria-expanded=\"false\" aria-selected=\"false\" aria-controls=\"ce1f0f3c4450b2bc7\" role=\"tab\" data-toggle=\"collapse\" data-parent=\"#accordion-11414-1\" data-target=\"#ce1f0f3c4450b2bc7\" href=\"#ce1f0f3c4450b2bc7\"><span class=\"fusion-toggle-icon-wrapper\" aria-hidden=\"true\"><i class=\"fa-fusion-box\"><\/i><\/span><span class=\"fusion-toggle-heading\">Simplicit\u00e9 et efficacit\u00e9 de la gestion des proth\u00e8ses fabriqu\u00e9es<\/span><\/a><\/h4><\/div><div id=\"ce1f0f3c4450b2bc7\" class=\"panel-collapse collapse \"><div class=\"panel-body toggle-content fusion-clearfix\">Ligne proth\u00e9tique uniformis\u00e9e avec une seule connexion pour tous les diam\u00e8tres<\/div><\/div><\/div><\/div><\/div><div class=\"fusion-text\"><p>&nbsp;<\/p>\n<p>&nbsp;<\/p>\n<\/div><div class=\"fusion-button-wrapper\"><style type=\"text\/css\">.fusion-button.button-1 .fusion-button-text, .fusion-button.button-1 i {color:#008bdb;}.fusion-button.button-1 .fusion-button-icon-divider{border-color:#008bdb;}.fusion-button.button-1:hover .fusion-button-text, .fusion-button.button-1:hover i,.fusion-button.button-1:focus .fusion-button-text, .fusion-button.button-1:focus i,.fusion-button.button-1:active .fusion-button-text, .fusion-button.button-1:active{color:#1e73be;}.fusion-button.button-1:hover .fusion-button-icon-divider, .fusion-button.button-1:hover .fusion-button-icon-divider, .fusion-button.button-1:active .fusion-button-icon-divider{border-color:#1e73be;}.fusion-button.button-1:hover, .fusion-button.button-1:focus, .fusion-button.button-1:active{border-color:#1e73be;border-width:1px;}.fusion-button.button-1 {border-color:#008bdb;border-width:1px;border-radius:0px;}.fusion-button.button-1{background: #ffffff;}.fusion-button.button-1:hover,.button-1:focus,.fusion-button.button-1:active{background: #ffffff;}<\/style><a class=\"fusion-button button-flat button-xlarge button-custom button-1 fusion-button-default-span \" target=\"_blank\" rel=\"noopener noreferrer\" href=\"https:\/\/www.prodentitalia.eu\/pdf\/pro-it\/prodotti\/PROWIDE-Clinical-Protocol-.pdf\"><span class=\"fusion-button-text\">T\u00c9L\u00c9CHARGER LE PROTOCOLE<\/span><i class=\"fa-chevron-right fas button-icon-right\"><\/i><\/a><\/div><div class=\"fusion-clearfix\"><\/div><\/div><\/div><div  class=\"fusion-layout-column fusion_builder_column fusion_builder_column_1_1 fusion-builder-column-2 fusion-one-full fusion-column-first fusion-column-last fusion-column-no-min-height 1_1\"  style='margin-top:0px;margin-bottom:0px;'><div class=\"fusion-column-wrapper\" style=\"padding: 0px 0px 0px 0px;background-position:left top;background-repeat:no-repeat;-webkit-background-size:cover;-moz-background-size:cover;-o-background-size:cover;background-size:cover;\"   data-bg-url=\"\"><div class=\"fusion-sep-clear\"><\/div><div class=\"fusion-separator fusion-full-width-sep sep-none\" style=\"margin-left: auto;margin-right: auto;margin-top:;\"><\/div><div class=\"fusion-clearfix\"><\/div><\/div><\/div><\/div><\/div>\n","protected":false},"excerpt":{"rendered":"","protected":false},"author":1,"featured_media":0,"parent":11429,"menu_order":0,"comment_status":"open","ping_status":"closed","template":"","meta":[],"yoast_head":"<!-- This site is optimized with the Yoast SEO plugin v14.7 - https:\/\/yoast.com\/wordpress\/plugins\/seo\/ -->\n<title>Prowide - Zone pour les professionnels Prodent Italia<\/title>\n<meta name=\"robots\" content=\"index, follow\" \/>\n<meta name=\"googlebot\" content=\"index, follow, max-snippet:-1, max-image-preview:large, max-video-preview:-1\" \/>\n<meta name=\"bingbot\" content=\"index, follow, max-snippet:-1, max-image-preview:large, max-video-preview:-1\" \/>\n<link rel=\"canonical\" href=\"https:\/\/www.prodentitalia.eu\/frpro\/produits\/implants-courts\/prowide\/\" \/>\n<meta property=\"og:locale\" content=\"fr_FR\" \/>\n<meta property=\"og:type\" content=\"article\" \/>\n<meta property=\"og:title\" content=\"Prowide - Zone pour les professionnels Prodent Italia\" \/>\n<meta property=\"og:url\" content=\"https:\/\/www.prodentitalia.eu\/frpro\/produits\/implants-courts\/prowide\/\" \/>\n<meta property=\"og:site_name\" content=\"Zone pour les professionnels Prodent Italia\" \/>\n<meta property=\"article:modified_time\" content=\"2023-01-24T15:17:36+00:00\" \/>\n<meta property=\"og:image\" content=\"https:\/\/www.prodentitalia.eu\/it-pro\/wp-content\/uploads\/sites\/25\/2015\/07\/prowide-big1.png\" \/>\n<meta name=\"twitter:card\" content=\"summary\" \/>\n<meta name=\"twitter:creator\" content=\"@pr0en7erad475\" \/>\n<script type=\"application\/ld+json\" class=\"yoast-schema-graph\">{\"@context\":\"https:\/\/schema.org\",\"@graph\":[{\"@type\":\"WebSite\",\"@id\":\"https:\/\/www.prodentitalia.eu\/frpro\/#website\",\"url\":\"https:\/\/www.prodentitalia.eu\/frpro\/\",\"name\":\"Zone pour les professionnels Prodent Italia\",\"description\":\"Prodent Italia l&#039;implantologia made in Italy\",\"potentialAction\":[{\"@type\":\"SearchAction\",\"target\":\"https:\/\/www.prodentitalia.eu\/frpro\/?s={search_term_string}\",\"query-input\":\"required name=search_term_string\"}],\"inLanguage\":\"fr-FR\"},{\"@type\":\"ImageObject\",\"@id\":\"https:\/\/www.prodentitalia.eu\/frpro\/produits\/implants-courts\/prowide\/#primaryimage\",\"inLanguage\":\"fr-FR\",\"url\":\"https:\/\/www.prodentitalia.eu\/it-pro\/wp-content\/uploads\/sites\/25\/2015\/07\/prowide-big1.png\"},{\"@type\":\"WebPage\",\"@id\":\"https:\/\/www.prodentitalia.eu\/frpro\/produits\/implants-courts\/prowide\/#webpage\",\"url\":\"https:\/\/www.prodentitalia.eu\/frpro\/produits\/implants-courts\/prowide\/\",\"name\":\"Prowide - Zone pour les professionnels Prodent Italia\",\"isPartOf\":{\"@id\":\"https:\/\/www.prodentitalia.eu\/frpro\/#website\"},\"primaryImageOfPage\":{\"@id\":\"https:\/\/www.prodentitalia.eu\/frpro\/produits\/implants-courts\/prowide\/#primaryimage\"},\"datePublished\":\"2015-07-10T06:44:05+00:00\",\"dateModified\":\"2023-01-24T15:17:36+00:00\",\"inLanguage\":\"fr-FR\",\"potentialAction\":[{\"@type\":\"ReadAction\",\"target\":[\"https:\/\/www.prodentitalia.eu\/frpro\/produits\/implants-courts\/prowide\/\"]}]}]}<\/script>\n<!-- \/ Yoast SEO plugin. -->","_links":{"self":[{"href":"https:\/\/www.prodentitalia.eu\/frpro\/wp-json\/wp\/v2\/pages\/11414"}],"collection":[{"href":"https:\/\/www.prodentitalia.eu\/frpro\/wp-json\/wp\/v2\/pages"}],"about":[{"href":"https:\/\/www.prodentitalia.eu\/frpro\/wp-json\/wp\/v2\/types\/page"}],"author":[{"embeddable":true,"href":"https:\/\/www.prodentitalia.eu\/frpro\/wp-json\/wp\/v2\/users\/1"}],"replies":[{"embeddable":true,"href":"https:\/\/www.prodentitalia.eu\/frpro\/wp-json\/wp\/v2\/comments?post=11414"}],"version-history":[{"count":17,"href":"https:\/\/www.prodentitalia.eu\/frpro\/wp-json\/wp\/v2\/pages\/11414\/revisions"}],"predecessor-version":[{"id":12462,"href":"https:\/\/www.prodentitalia.eu\/frpro\/wp-json\/wp\/v2\/pages\/11414\/revisions\/12462"}],"up":[{"embeddable":true,"href":"https:\/\/www.prodentitalia.eu\/frpro\/wp-json\/wp\/v2\/pages\/11429"}],"wp:attachment":[{"href":"https:\/\/www.prodentitalia.eu\/frpro\/wp-json\/wp\/v2\/media?parent=11414"}],"curies":[{"name":"wp","href":"https:\/\/api.w.org\/{rel}","templated":true}]}}