{"id":12209,"date":"2018-05-08T18:44:15","date_gmt":"2018-05-08T16:44:15","guid":{"rendered":"http:\/\/www.prodentitalia.eu\/frpro\/?page_id=12209"},"modified":"2023-01-24T16:14:00","modified_gmt":"2023-01-24T15:14:00","slug":"prime-conomet","status":"publish","type":"page","link":"https:\/\/www.prodentitalia.eu\/frpro\/produits\/implants-coniques\/prime-conomet\/","title":{"rendered":"Prime Conomet"},"content":{"rendered":"<div class=\"fusion-fullwidth fullwidth-box fusion-builder-row-1 nonhundred-percent-fullwidth non-hundred-percent-height-scrolling\"  style='background-color: rgba(255,255,255,0);background-position: center center;background-repeat: no-repeat;padding-top:20px;padding-bottom:20px;border-top-width:0px;border-bottom-width:0px;border-color:#eae9e9;border-top-style:solid;border-bottom-style:solid;'><div class=\"fusion-builder-row fusion-row \"><div  class=\"fusion-layout-column fusion_builder_column fusion_builder_column_2_5 fusion-builder-column-0 fusion-two-fifth fusion-column-first 2_5\"  style='margin-top:0px;margin-bottom:20px;'><div class=\"fusion-column-wrapper\" style=\"padding: 0px 0px 0px 0px;background-position:center top;background-repeat:no-repeat;-webkit-background-size:cover;-moz-background-size:cover;-o-background-size:cover;background-size:cover;\"   data-bg-url=\"\"><div class=\"imageframe-align-center\"><span class=\"fusion-imageframe imageframe-none imageframe-1 hover-type-none\"><img loading=\"lazy\" src=\"https:\/\/www.prodentitalia.eu\/frpro\/wp-content\/uploads\/sites\/25\/2018\/05\/Conomet-2-522x1024.png\" width=\"522\" height=\"1024\" alt=\"Prodent Prime impianto conico root-form\" title=\"Conomet-2\" class=\"img-responsive wp-image-12218\"\/><\/span><\/div><div class=\"fusion-clearfix\"><\/div><\/div><\/div><div  class=\"fusion-layout-column fusion_builder_column fusion_builder_column_3_5 fusion-builder-column-1 fusion-three-fifth fusion-column-last whiteopacity 3_5\"  style='margin-top:0px;margin-bottom:50px;'><div class=\"fusion-column-wrapper\" style=\"border:0px solid #eeeeee;padding: 20px 20px 20px 20px;background-position:left top;background-repeat:no-repeat;-webkit-background-size:cover;-moz-background-size:cover;-o-background-size:cover;background-size:cover;\"   data-bg-url=\"\"><style type=\"text\/css\">.fusion-accordian  #accordion-12209-1 .panel-title a .fa-fusion-box{ color: #ffffff;}.fusion-accordian  #accordion-12209-1 .panel-title a .fa-fusion-box:before{ font-size: 13px; width: 13px;}.fusion-accordian  #accordion-12209-1 .panel-title a{font-size:16px;}.fusion-accordian  #accordion-12209-1 .fa-fusion-box { background-color: #8c8c8c;border-color: #8c8c8c;}.fusion-accordian  #accordion-12209-1 .panel-title a:hover, #accordion-12209-1 .fusion-toggle-boxed-mode:hover .panel-title a { color: #65bc7b;}.fusion-accordian  #accordion-12209-1 .panel-title .active .fa-fusion-box,.fusion-accordian  #accordion-12209-1 .panel-title a:hover .fa-fusion-box { background-color: #65bc7b!important;border-color: #65bc7b!important;}<\/style><div class=\"accordian fusion-accordian\"><div class=\"panel-group\" id=\"accordion-12209-1\" role=\"tablist\"><div class=\"fusion-panel panel-default\" role=\"tabpanel\"><div class=\"panel-heading\"><h4 class=\"panel-title toggle\"><a aria-expanded=\"false\" aria-selected=\"false\" aria-controls=\"42a1c48aa5cb91f08\" role=\"tab\" data-toggle=\"collapse\" data-parent=\"#accordion-12209-1\" data-target=\"#42a1c48aa5cb91f08\" href=\"#42a1c48aa5cb91f08\"><span class=\"fusion-toggle-icon-wrapper\" aria-hidden=\"true\"><i class=\"fa-fusion-box\"><\/i><\/span><span class=\"fusion-toggle-heading\">Partage de tous les avantages de la morphologie de l'implant PRIME<\/span><\/a><\/h4><\/div><div id=\"42a1c48aa5cb91f08\" class=\"panel-collapse collapse \"><div class=\"panel-body toggle-content fusion-clearfix\">\n<p>Une excellente stabilit\u00e9 primaire gr\u00e2ce \u00e0 la morphologie \u00ab root-form \u00bb (en forme de racine) et \u00ab grip \u00bb, fiable m\u00eame si l&rsquo;os est de mauvaise qualit\u00e9.<\/p>\n<p>Rapidit\u00e9 d&rsquo;ost\u00e9int\u00e9gration gr\u00e2ce au traitement de surface avec un double mordan\u00e7age dont l&rsquo;efficacit\u00e9, depuis plus de 14 ans d&rsquo;utilisation clinique, n&rsquo;est plus \u00e0 prouver.<\/p>\n<p>Optimisation des espaces anatomiques gr\u00e2ce \u00e0 la dimension d&rsquo;apex r\u00e9duite et au maintien \u00e0 long terme du niveau osseux de la cr\u00eate gr\u00e2ce au microfilet sur le col.<\/p>\n<\/div><\/div><\/div><div class=\"fusion-panel panel-default\" role=\"tabpanel\"><div class=\"panel-heading\"><h4 class=\"panel-title toggle\"><a aria-expanded=\"false\" aria-selected=\"false\" aria-controls=\"29fdfdedee31a523b\" role=\"tab\" data-toggle=\"collapse\" data-parent=\"#accordion-12209-1\" data-target=\"#29fdfdedee31a523b\" href=\"#29fdfdedee31a523b\"><span class=\"fusion-toggle-icon-wrapper\" aria-hidden=\"true\"><i class=\"fa-fusion-box\"><\/i><\/span><span class=\"fusion-toggle-heading\">Un scellement conique antibact\u00e9rien entre la but\u00e9e et l'implant<\/span><\/a><\/h4><\/div><div id=\"29fdfdedee31a523b\" class=\"panel-collapse collapse \"><div class=\"panel-body toggle-content fusion-clearfix\">\n<p>La connexion conique interne avec un \u00e9l\u00e9ment antirotationnel hexagonal g\u00e9n\u00e8re un scellement au niveau de l&#8217;emboitement avec la but\u00e9e et optimise la distribution des forces masticatoires.<\/p>\n<p>Ce type de connexion cr\u00e9e une condition de platform switching qui optimise le maintien des tissus gingivaux et r\u00e9duit les ph\u00e9nom\u00e8nes de r\u00e9absorption osseuse.<\/p>\n<\/div><\/div><\/div><div class=\"fusion-panel panel-default\" role=\"tabpanel\"><div class=\"panel-heading\"><h4 class=\"panel-title toggle\"><a aria-expanded=\"false\" aria-selected=\"false\" aria-controls=\"f537fd375a01a5398\" role=\"tab\" data-toggle=\"collapse\" data-parent=\"#accordion-12209-1\" data-target=\"#f537fd375a01a5398\" href=\"#f537fd375a01a5398\"><span class=\"fusion-toggle-icon-wrapper\" aria-hidden=\"true\"><i class=\"fa-fusion-box\"><\/i><\/span><span class=\"fusion-toggle-heading\">Une plateforme proth\u00e9tique unique<\/span><\/a><\/h4><\/div><div id=\"f537fd375a01a5398\" class=\"panel-collapse collapse \"><div class=\"panel-body toggle-content fusion-clearfix\">Les quatre diam\u00e8tres implantaires pr\u00e9voient une seule plateforme proth\u00e9tique, ce qui simplifie les phases proth\u00e9tiques et r\u00e9duit les co\u00fbts de gestion.<\/div><\/div><\/div><div class=\"fusion-panel panel-default\" role=\"tabpanel\"><div class=\"panel-heading\"><h4 class=\"panel-title toggle\"><a aria-expanded=\"false\" aria-selected=\"false\" aria-controls=\"1124af5c0afa0d1bd\" role=\"tab\" data-toggle=\"collapse\" data-parent=\"#accordion-12209-1\" data-target=\"#1124af5c0afa0d1bd\" href=\"#1124af5c0afa0d1bd\"><span class=\"fusion-toggle-icon-wrapper\" aria-hidden=\"true\"><i class=\"fa-fusion-box\"><\/i><\/span><span class=\"fusion-toggle-heading\">But\u00e9e avec profil d'urgence anatomique<\/span><\/a><\/h4><\/div><div id=\"1124af5c0afa0d1bd\" class=\"panel-collapse collapse \"><div class=\"panel-body toggle-content fusion-clearfix\">\n<p>Le profil anatomique d&rsquo;urgence en forme de S se pr\u00eate \u00e0 un meilleur r\u00e9sultat esth\u00e9tique et \u00e0 un plus grand espace biologique des tissus gingivaux, ce qui permet de conserver l&rsquo;os crestal.<\/p>\n<p>La gamme proth\u00e9tique est disponible en trois dimensions d&rsquo;urgence, Narrow, Regular et Wide pour optimiser l&rsquo;urgence de la but\u00e9e en fonction de la position de l&rsquo;implant.<\/p>\n<\/div><\/div><\/div><\/div><\/div><div class=\"fusion-text\"><p>&nbsp;<\/p>\n<p>&nbsp;<\/p>\n<\/div><div class=\"fusion-button-wrapper\"><style type=\"text\/css\">.fusion-button.button-1 .fusion-button-text, .fusion-button.button-1 i {color:#008bdb;}.fusion-button.button-1 .fusion-button-icon-divider{border-color:#008bdb;}.fusion-button.button-1:hover .fusion-button-text, .fusion-button.button-1:hover i,.fusion-button.button-1:focus .fusion-button-text, .fusion-button.button-1:focus i,.fusion-button.button-1:active .fusion-button-text, .fusion-button.button-1:active{color:#1e73be;}.fusion-button.button-1:hover .fusion-button-icon-divider, .fusion-button.button-1:hover .fusion-button-icon-divider, .fusion-button.button-1:active .fusion-button-icon-divider{border-color:#1e73be;}.fusion-button.button-1:hover, .fusion-button.button-1:focus, .fusion-button.button-1:active{border-color:#1e73be;border-width:1px;}.fusion-button.button-1 {border-color:#008bdb;border-width:1px;border-radius:0px;}.fusion-button.button-1{background: #ffffff;}.fusion-button.button-1:hover,.button-1:focus,.fusion-button.button-1:active{background: #ffffff;}<\/style><a class=\"fusion-button button-flat button-xlarge button-custom button-1 fusion-button-default-span \" target=\"_blank\" rel=\"noopener noreferrer\" href=\"https:\/\/www.prodentitalia.eu\/pdf\/pro-it\/prodotti\/PRIME.CONOMET-Clinical-Protocol-.pdf\"><span class=\"fusion-button-text\">T\u00c9L\u00c9CHARGER LE PROTOCOLE<\/span><i class=\"fa-chevron-right fas button-icon-right\"><\/i><\/a><\/div><div class=\"fusion-clearfix\"><\/div><\/div><\/div><div  class=\"fusion-layout-column fusion_builder_column fusion_builder_column_1_1 fusion-builder-column-2 fusion-one-full fusion-column-first fusion-column-last fusion-column-no-min-height 1_1\"  style='margin-top:0px;margin-bottom:0px;'><div class=\"fusion-column-wrapper\" style=\"padding: 0px 0px 0px 0px;background-position:left top;background-repeat:no-repeat;-webkit-background-size:cover;-moz-background-size:cover;-o-background-size:cover;background-size:cover;\"   data-bg-url=\"\"><div class=\"fusion-sep-clear\"><\/div><div class=\"fusion-separator fusion-full-width-sep sep-none\" style=\"margin-left: auto;margin-right: auto;margin-top:;\"><\/div><div class=\"fusion-clearfix\"><\/div><\/div><\/div><\/div><\/div>\n","protected":false},"excerpt":{"rendered":"","protected":false},"author":6,"featured_media":0,"parent":11425,"menu_order":0,"comment_status":"closed","ping_status":"closed","template":"100-width.php","meta":[],"yoast_head":"<!-- This site is optimized with the Yoast SEO plugin v14.7 - https:\/\/yoast.com\/wordpress\/plugins\/seo\/ -->\n<title>Prime Conomet - Zone pour les professionnels Prodent Italia<\/title>\n<meta name=\"robots\" content=\"index, follow\" \/>\n<meta name=\"googlebot\" content=\"index, follow, max-snippet:-1, max-image-preview:large, max-video-preview:-1\" \/>\n<meta name=\"bingbot\" content=\"index, follow, max-snippet:-1, max-image-preview:large, max-video-preview:-1\" \/>\n<link rel=\"canonical\" href=\"https:\/\/www.prodentitalia.eu\/frpro\/produits\/implants-coniques\/prime-conomet\/\" \/>\n<meta property=\"og:locale\" content=\"fr_FR\" \/>\n<meta property=\"og:type\" content=\"article\" \/>\n<meta property=\"og:title\" content=\"Prime Conomet - Zone pour les professionnels Prodent Italia\" \/>\n<meta property=\"og:url\" content=\"https:\/\/www.prodentitalia.eu\/frpro\/produits\/implants-coniques\/prime-conomet\/\" \/>\n<meta property=\"og:site_name\" content=\"Zone pour les professionnels Prodent Italia\" \/>\n<meta property=\"article:modified_time\" content=\"2023-01-24T15:14:00+00:00\" \/>\n<meta property=\"og:image\" content=\"https:\/\/www.prodentitalia.eu\/frpro\/wp-content\/uploads\/sites\/25\/2018\/05\/Conomet-2-522x1024.png\" \/>\n<meta name=\"twitter:card\" content=\"summary\" \/>\n<script type=\"application\/ld+json\" class=\"yoast-schema-graph\">{\"@context\":\"https:\/\/schema.org\",\"@graph\":[{\"@type\":\"WebSite\",\"@id\":\"https:\/\/www.prodentitalia.eu\/frpro\/#website\",\"url\":\"https:\/\/www.prodentitalia.eu\/frpro\/\",\"name\":\"Zone pour les professionnels Prodent Italia\",\"description\":\"Prodent Italia l&#039;implantologia made in Italy\",\"potentialAction\":[{\"@type\":\"SearchAction\",\"target\":\"https:\/\/www.prodentitalia.eu\/frpro\/?s={search_term_string}\",\"query-input\":\"required name=search_term_string\"}],\"inLanguage\":\"fr-FR\"},{\"@type\":\"ImageObject\",\"@id\":\"https:\/\/www.prodentitalia.eu\/frpro\/produits\/implants-coniques\/prime-conomet\/#primaryimage\",\"inLanguage\":\"fr-FR\",\"url\":\"https:\/\/www.prodentitalia.eu\/frpro\/wp-content\/uploads\/sites\/25\/2018\/05\/Conomet-2.png\",\"width\":650,\"height\":1274},{\"@type\":\"WebPage\",\"@id\":\"https:\/\/www.prodentitalia.eu\/frpro\/produits\/implants-coniques\/prime-conomet\/#webpage\",\"url\":\"https:\/\/www.prodentitalia.eu\/frpro\/produits\/implants-coniques\/prime-conomet\/\",\"name\":\"Prime Conomet - Zone pour les professionnels Prodent Italia\",\"isPartOf\":{\"@id\":\"https:\/\/www.prodentitalia.eu\/frpro\/#website\"},\"primaryImageOfPage\":{\"@id\":\"https:\/\/www.prodentitalia.eu\/frpro\/produits\/implants-coniques\/prime-conomet\/#primaryimage\"},\"datePublished\":\"2018-05-08T16:44:15+00:00\",\"dateModified\":\"2023-01-24T15:14:00+00:00\",\"inLanguage\":\"fr-FR\",\"potentialAction\":[{\"@type\":\"ReadAction\",\"target\":[\"https:\/\/www.prodentitalia.eu\/frpro\/produits\/implants-coniques\/prime-conomet\/\"]}]}]}<\/script>\n<!-- \/ Yoast SEO plugin. -->","_links":{"self":[{"href":"https:\/\/www.prodentitalia.eu\/frpro\/wp-json\/wp\/v2\/pages\/12209"}],"collection":[{"href":"https:\/\/www.prodentitalia.eu\/frpro\/wp-json\/wp\/v2\/pages"}],"about":[{"href":"https:\/\/www.prodentitalia.eu\/frpro\/wp-json\/wp\/v2\/types\/page"}],"author":[{"embeddable":true,"href":"https:\/\/www.prodentitalia.eu\/frpro\/wp-json\/wp\/v2\/users\/6"}],"replies":[{"embeddable":true,"href":"https:\/\/www.prodentitalia.eu\/frpro\/wp-json\/wp\/v2\/comments?post=12209"}],"version-history":[{"count":11,"href":"https:\/\/www.prodentitalia.eu\/frpro\/wp-json\/wp\/v2\/pages\/12209\/revisions"}],"predecessor-version":[{"id":12459,"href":"https:\/\/www.prodentitalia.eu\/frpro\/wp-json\/wp\/v2\/pages\/12209\/revisions\/12459"}],"up":[{"embeddable":true,"href":"https:\/\/www.prodentitalia.eu\/frpro\/wp-json\/wp\/v2\/pages\/11425"}],"wp:attachment":[{"href":"https:\/\/www.prodentitalia.eu\/frpro\/wp-json\/wp\/v2\/media?parent=12209"}],"curies":[{"name":"wp","href":"https:\/\/api.w.org\/{rel}","templated":true}]}}