{"id":12359,"date":"2020-10-27T16:59:02","date_gmt":"2020-10-27T15:59:02","guid":{"rendered":"https:\/\/www.prodentitalia.eu\/frpro\/?page_id=12359"},"modified":"2023-01-24T16:01:16","modified_gmt":"2023-01-24T15:01:16","slug":"implants-proshape","status":"publish","type":"page","link":"https:\/\/www.prodentitalia.eu\/frpro\/implants-proshape\/","title":{"rendered":"Implants Proshape"},"content":{"rendered":"<div class=\"fusion-fullwidth fullwidth-box fusion-builder-row-1 nonhundred-percent-fullwidth non-hundred-percent-height-scrolling\"  style='background-color: rgba(255,255,255,0);background-position: center center;background-repeat: no-repeat;padding-top:20px;padding-bottom:20px;border-top-width:0px;border-bottom-width:0px;border-color:#eae9e9;border-top-style:solid;border-bottom-style:solid;'><div class=\"fusion-builder-row fusion-row \"><div  class=\"fusion-layout-column fusion_builder_column fusion_builder_column_1_2 fusion-builder-column-0 fusion-one-half fusion-column-first 1_2\"  style='margin-top:0px;margin-bottom:20px;'><div class=\"fusion-column-wrapper\" style=\"padding: 0px 0px 0px 0px;background-position:center top;background-repeat:no-repeat;-webkit-background-size:cover;-moz-background-size:cover;-o-background-size:cover;background-size:cover;\"   data-bg-url=\"\"><div class=\"imageframe-align-center\"><span class=\"fusion-imageframe imageframe-none imageframe-1 hover-type-none\"><img src=\"https:\/\/www.prodentitalia.eu\/itpro\/wp-content\/uploads\/sites\/12\/2020\/09\/proshape-page.jpg\"   alt=\"\" title=\"\" class=\"img-responsive\"\/><\/span><\/div><div class=\"fusion-clearfix\"><\/div><\/div><\/div><div  class=\"fusion-layout-column fusion_builder_column fusion_builder_column_1_2 fusion-builder-column-1 fusion-one-half fusion-column-last whiteopacity 1_2\"  style='margin-top:0px;margin-bottom:50px;'><div class=\"fusion-column-wrapper\" style=\"border:0px solid #eeeeee;padding: 20px 20px 20px 20px;background-position:left top;background-repeat:no-repeat;-webkit-background-size:cover;-moz-background-size:cover;-o-background-size:cover;background-size:cover;\"   data-bg-url=\"\"><style type=\"text\/css\">.fusion-accordian  #accordion-12359-1 .panel-title a .fa-fusion-box{ color: #ffffff;}.fusion-accordian  #accordion-12359-1 .panel-title a .fa-fusion-box:before{ font-size: 13px; width: 13px;}.fusion-accordian  #accordion-12359-1 .panel-title a{font-size:16px;}.fusion-accordian  #accordion-12359-1 .fa-fusion-box { background-color: #8c8c8c;border-color: #8c8c8c;}.fusion-accordian  #accordion-12359-1 .panel-title a:hover, #accordion-12359-1 .fusion-toggle-boxed-mode:hover .panel-title a { color: #65bc7b;}.fusion-accordian  #accordion-12359-1 .panel-title .active .fa-fusion-box,.fusion-accordian  #accordion-12359-1 .panel-title a:hover .fa-fusion-box { background-color: #65bc7b!important;border-color: #65bc7b!important;}<\/style><div class=\"accordian fusion-accordian\"><div class=\"panel-group\" id=\"accordion-12359-1\" role=\"tablist\"><div class=\"fusion-panel panel-default\" role=\"tabpanel\"><div class=\"panel-heading\"><h4 class=\"panel-title toggle\"><a aria-expanded=\"false\" aria-selected=\"false\" aria-controls=\"b00aaf0627b6def87\" role=\"tab\" data-toggle=\"collapse\" data-parent=\"#accordion-12359-1\" data-target=\"#b00aaf0627b6def87\" href=\"#b00aaf0627b6def87\"><span class=\"fusion-toggle-icon-wrapper\" aria-hidden=\"true\"><i class=\"fa-fusion-box\"><\/i><\/span><span class=\"fusion-toggle-heading\">Une excellente stabilit\u00e9 primaire pour n'importe quel type d'os<\/span><\/a><\/h4><\/div><div id=\"b00aaf0627b6def87\" class=\"panel-collapse collapse \"><div class=\"panel-body toggle-content fusion-clearfix\">\n<p>Les implants Proshape, gr\u00e2ce \u00e0 leur morphologie particuli\u00e8re et innovante, \u00e0 savoir, la partie conique du corps et la partie cylindrique au niveau des spires plates, et gr\u00e2ce \u00e0 un double protocole de pr\u00e9paration du site en fonction de la qualit\u00e9 osseuse, arrivent \u00e0 s&rsquo;int\u00e9grer dans l&rsquo;os sans jamais cr\u00e9er de couple excessif mais en obtenant toujours une excellente stabilit\u00e9 primaire dans l&rsquo;os.<\/p>\n<\/div><\/div><\/div><div class=\"fusion-panel panel-default\" role=\"tabpanel\"><div class=\"panel-heading\"><h4 class=\"panel-title toggle\"><a aria-expanded=\"false\" aria-selected=\"false\" aria-controls=\"566f2a0898b059b8f\" role=\"tab\" data-toggle=\"collapse\" data-parent=\"#accordion-12359-1\" data-target=\"#566f2a0898b059b8f\" href=\"#566f2a0898b059b8f\"><span class=\"fusion-toggle-icon-wrapper\" aria-hidden=\"true\"><i class=\"fa-fusion-box\"><\/i><\/span><span class=\"fusion-toggle-heading\">Deux choix de traitement de la surface<\/span><\/a><\/h4><\/div><div id=\"566f2a0898b059b8f\" class=\"panel-collapse collapse \"><div class=\"panel-body toggle-content fusion-clearfix\">\n<p>Les Proshape Integral sont enti\u00e8rement trait\u00e9s avec un double mordan\u00e7age, exception faite de la plateforme coronale dans la zone de platform switching. Les Proshape Hybrid sont trait\u00e9s avec un double mordan\u00e7age dans la zone apicale moyenne tandis que la zone coronale pr\u00e9sente une surface usin\u00e9e.<\/p>\n<\/div><\/div><\/div><div class=\"fusion-panel panel-default\" role=\"tabpanel\"><div class=\"panel-heading\"><h4 class=\"panel-title toggle\"><a aria-expanded=\"false\" aria-selected=\"false\" aria-controls=\"cf1e7d1ad0acc5256\" role=\"tab\" data-toggle=\"collapse\" data-parent=\"#accordion-12359-1\" data-target=\"#cf1e7d1ad0acc5256\" href=\"#cf1e7d1ad0acc5256\"><span class=\"fusion-toggle-icon-wrapper\" aria-hidden=\"true\"><i class=\"fa-fusion-box\"><\/i><\/span><span class=\"fusion-toggle-heading\">Scellement maximal de la connexion entre la but\u00e9e et l'implant<\/span><\/a><\/h4><\/div><div id=\"cf1e7d1ad0acc5256\" class=\"panel-collapse collapse \"><div class=\"panel-body toggle-content fusion-clearfix\">\n<p>Les implants Proshape sont dot\u00e9s d&rsquo;une connexion conique interne, avec un hexagone. La vis de fixation de la but\u00e9e est elle aussi dot\u00e9e d&rsquo;une connexion conique qui, assembl\u00e9e \u00e0 la but\u00e9e, cr\u00e9e un double scellement conique du syst\u00e8me implantaire-proth\u00e9tique.<\/p>\n<\/div><\/div><\/div><div class=\"fusion-panel panel-default\" role=\"tabpanel\"><div class=\"panel-heading\"><h4 class=\"panel-title toggle\"><a aria-expanded=\"false\" aria-selected=\"false\" aria-controls=\"abc6e0a5d4938818f\" role=\"tab\" data-toggle=\"collapse\" data-parent=\"#accordion-12359-1\" data-target=\"#abc6e0a5d4938818f\" href=\"#abc6e0a5d4938818f\"><span class=\"fusion-toggle-icon-wrapper\" aria-hidden=\"true\"><i class=\"fa-fusion-box\"><\/i><\/span><span class=\"fusion-toggle-heading\">Une plateforme proth\u00e9tique unique pour tous les diam\u00e8tres implantaires<\/span><\/a><\/h4><\/div><div id=\"abc6e0a5d4938818f\" class=\"panel-collapse collapse \"><div class=\"panel-body toggle-content fusion-clearfix\">\n<p>Les implants Proshape partagent la m\u00eame plateforme proth\u00e9tique, dans leurs diff\u00e9rents diam\u00e8tres. Les but\u00e9es sont disponibles en trois dimensions diff\u00e9rentes, Narrow, Regular et Wide, et elles pr\u00e9sentent un profil anatomique en \u00ab S \u00bb dans la zone transmuqueuse.<\/p>\n<\/div><\/div><\/div><div class=\"fusion-panel panel-default\" role=\"tabpanel\"><div class=\"panel-heading\"><h4 class=\"panel-title toggle\"><a aria-expanded=\"false\" aria-selected=\"false\" aria-controls=\"9095e13d895c7f5d6\" role=\"tab\" data-toggle=\"collapse\" data-parent=\"#accordion-12359-1\" data-target=\"#9095e13d895c7f5d6\" href=\"#9095e13d895c7f5d6\"><span class=\"fusion-toggle-icon-wrapper\" aria-hidden=\"true\"><i class=\"fa-fusion-box\"><\/i><\/span><span class=\"fusion-toggle-heading\">Kit de chirurgie simple, compact, intuitif<\/span><\/a><\/h4><\/div><div id=\"9095e13d895c7f5d6\" class=\"panel-collapse collapse \"><div class=\"panel-body toggle-content fusion-clearfix\">\n<p>Le plateau chirurgical Proshape a \u00e9t\u00e9 con\u00e7u de mani\u00e8re \u00e0 \u00eatre extr\u00eamement fonctionnel. Un petit nombre de fraises, dot\u00e9es de but\u00e9e d&rsquo;arr\u00eat du forage, et une forme ergonomique pour simplifier au maximum l&rsquo;activit\u00e9 du clinicien et du personnel auxiliaire.<\/p>\n<\/div><\/div><\/div><\/div><\/div><div class=\"fusion-text\"><\/div><div class=\"fusion-button-wrapper\"><style type=\"text\/css\">.fusion-button.button-1 .fusion-button-text, .fusion-button.button-1 i {color:#008bdb;}.fusion-button.button-1 .fusion-button-icon-divider{border-color:#008bdb;}.fusion-button.button-1:hover .fusion-button-text, .fusion-button.button-1:hover i,.fusion-button.button-1:focus .fusion-button-text, .fusion-button.button-1:focus i,.fusion-button.button-1:active .fusion-button-text, .fusion-button.button-1:active{color:#1e73be;}.fusion-button.button-1:hover .fusion-button-icon-divider, .fusion-button.button-1:hover .fusion-button-icon-divider, .fusion-button.button-1:active .fusion-button-icon-divider{border-color:#1e73be;}.fusion-button.button-1:hover, .fusion-button.button-1:focus, .fusion-button.button-1:active{border-color:#1e73be;border-width:1px;}.fusion-button.button-1 {border-color:#008bdb;border-width:1px;border-radius:0px;}.fusion-button.button-1{background: #ffffff;}.fusion-button.button-1:hover,.button-1:focus,.fusion-button.button-1:active{background: #ffffff;}<\/style><a class=\"fusion-button button-flat button-xlarge button-custom button-1 fusion-button-default-span spacer\" target=\"_blank\" rel=\"noopener noreferrer\" href=\"https:\/\/www.prodentitalia.eu\/pdf\/pro-it\/prodotti\/PROSHAPE-Clinical-Protocol-.pdf\"><span class=\"fusion-button-text\">T\u00c9L\u00c9CHARGER LE PROTOCOLE<\/span><i class=\"fa-chevron-right fas button-icon-right\"><\/i><\/a><\/div><div class=\"fusion-clearfix\"><\/div><\/div><\/div><div  class=\"fusion-layout-column fusion_builder_column fusion_builder_column_1_1 fusion-builder-column-2 fusion-one-full fusion-column-first fusion-column-last fusion-column-no-min-height 1_1\"  style='margin-top:0px;margin-bottom:0px;'><div class=\"fusion-column-wrapper\" style=\"padding: 0px 0px 0px 0px;background-position:left top;background-repeat:no-repeat;-webkit-background-size:cover;-moz-background-size:cover;-o-background-size:cover;background-size:cover;\"   data-bg-url=\"\"><div class=\"fusion-sep-clear\"><\/div><div class=\"fusion-separator fusion-full-width-sep sep-none\" style=\"margin-left: auto;margin-right: auto;margin-top:;\"><\/div><div class=\"fusion-clearfix\"><\/div><\/div><\/div><\/div><\/div>\n","protected":false},"excerpt":{"rendered":"","protected":false},"author":6,"featured_media":0,"parent":0,"menu_order":0,"comment_status":"closed","ping_status":"closed","template":"","meta":[],"yoast_head":"<!-- This site is optimized with the Yoast SEO plugin v14.7 - https:\/\/yoast.com\/wordpress\/plugins\/seo\/ -->\n<title>Implants Proshape - Zone pour les professionnels Prodent Italia<\/title>\n<meta name=\"robots\" content=\"index, follow\" \/>\n<meta name=\"googlebot\" content=\"index, follow, max-snippet:-1, max-image-preview:large, max-video-preview:-1\" \/>\n<meta name=\"bingbot\" content=\"index, follow, max-snippet:-1, max-image-preview:large, max-video-preview:-1\" \/>\n<link rel=\"canonical\" href=\"https:\/\/www.prodentitalia.eu\/frpro\/implants-proshape\/\" \/>\n<meta property=\"og:locale\" content=\"fr_FR\" \/>\n<meta property=\"og:type\" content=\"article\" \/>\n<meta property=\"og:title\" content=\"Implants Proshape - Zone pour les professionnels Prodent Italia\" \/>\n<meta property=\"og:url\" content=\"https:\/\/www.prodentitalia.eu\/frpro\/implants-proshape\/\" \/>\n<meta property=\"og:site_name\" content=\"Zone pour les professionnels Prodent Italia\" \/>\n<meta property=\"article:modified_time\" content=\"2023-01-24T15:01:16+00:00\" \/>\n<meta name=\"twitter:card\" content=\"summary\" \/>\n<script type=\"application\/ld+json\" class=\"yoast-schema-graph\">{\"@context\":\"https:\/\/schema.org\",\"@graph\":[{\"@type\":\"WebSite\",\"@id\":\"https:\/\/www.prodentitalia.eu\/frpro\/#website\",\"url\":\"https:\/\/www.prodentitalia.eu\/frpro\/\",\"name\":\"Zone pour les professionnels Prodent Italia\",\"description\":\"Prodent Italia l&#039;implantologia made in Italy\",\"potentialAction\":[{\"@type\":\"SearchAction\",\"target\":\"https:\/\/www.prodentitalia.eu\/frpro\/?s={search_term_string}\",\"query-input\":\"required name=search_term_string\"}],\"inLanguage\":\"fr-FR\"},{\"@type\":\"WebPage\",\"@id\":\"https:\/\/www.prodentitalia.eu\/frpro\/implants-proshape\/#webpage\",\"url\":\"https:\/\/www.prodentitalia.eu\/frpro\/implants-proshape\/\",\"name\":\"Implants Proshape - Zone pour les professionnels Prodent Italia\",\"isPartOf\":{\"@id\":\"https:\/\/www.prodentitalia.eu\/frpro\/#website\"},\"datePublished\":\"2020-10-27T15:59:02+00:00\",\"dateModified\":\"2023-01-24T15:01:16+00:00\",\"inLanguage\":\"fr-FR\",\"potentialAction\":[{\"@type\":\"ReadAction\",\"target\":[\"https:\/\/www.prodentitalia.eu\/frpro\/implants-proshape\/\"]}]}]}<\/script>\n<!-- \/ Yoast SEO plugin. -->","_links":{"self":[{"href":"https:\/\/www.prodentitalia.eu\/frpro\/wp-json\/wp\/v2\/pages\/12359"}],"collection":[{"href":"https:\/\/www.prodentitalia.eu\/frpro\/wp-json\/wp\/v2\/pages"}],"about":[{"href":"https:\/\/www.prodentitalia.eu\/frpro\/wp-json\/wp\/v2\/types\/page"}],"author":[{"embeddable":true,"href":"https:\/\/www.prodentitalia.eu\/frpro\/wp-json\/wp\/v2\/users\/6"}],"replies":[{"embeddable":true,"href":"https:\/\/www.prodentitalia.eu\/frpro\/wp-json\/wp\/v2\/comments?post=12359"}],"version-history":[{"count":5,"href":"https:\/\/www.prodentitalia.eu\/frpro\/wp-json\/wp\/v2\/pages\/12359\/revisions"}],"predecessor-version":[{"id":12457,"href":"https:\/\/www.prodentitalia.eu\/frpro\/wp-json\/wp\/v2\/pages\/12359\/revisions\/12457"}],"wp:attachment":[{"href":"https:\/\/www.prodentitalia.eu\/frpro\/wp-json\/wp\/v2\/media?parent=12359"}],"curies":[{"name":"wp","href":"https:\/\/api.w.org\/{rel}","templated":true}]}}