{"id":11669,"date":"2015-07-17T08:08:18","date_gmt":"2015-07-17T06:08:18","guid":{"rendered":"http:\/\/www.prodentitalia.eu\/it\/?page_id=11669"},"modified":"2025-10-31T11:38:36","modified_gmt":"2025-10-31T10:38:36","slug":"scopri-di-piu-sugli-impianti-dentali","status":"publish","type":"page","link":"https:\/\/www.prodentitalia.eu\/it\/scopri-di-piu-sugli-impianti-dentali\/","title":{"rendered":"Scopri di pi\u00f9 sugli impianti dentali"},"content":{"rendered":"<p><div class=\"fusion-fullwidth fullwidth-box fusion-builder-row-1 nonhundred-percent-fullwidth non-hundred-percent-height-scrolling\"  style='background-color: rgba(255,255,255,0);background-position: left top;background-repeat: no-repeat;border-top-width:0px;border-bottom-width:0px;border-color:#eae9e9;border-top-style:solid;border-bottom-style:solid;'><div class=\"fusion-builder-row fusion-row \"><div  class=\"fusion-layout-column fusion_builder_column fusion_builder_column_1_2 fusion-builder-column-0 fusion-one-half fusion-column-first 1_2\"  style='margin-top:0px;margin-bottom:0px;width:48%; margin-right: 4%;'><div class=\"fusion-column-wrapper\" style=\"padding: 0px 0px 0px 0px;background-position:left top;background-repeat:no-repeat;-webkit-background-size:cover;-moz-background-size:cover;-o-background-size:cover;background-size:cover;\"   data-bg-url=\"\"><span class=\"fusion-imageframe imageframe-none imageframe-1 hover-type-none\"><img loading=\"lazy\" src=\"https:\/\/www.prodentitalia.eu\/it\/wp-content\/uploads\/sites\/14\/2015\/07\/anziani-prodent-6-2.jpg\" width=\"1280\" height=\"1015\" alt=\"\" title=\"anziani-prodent-6-2\" class=\"img-responsive wp-image-11919\"\/><\/span><div class=\"fusion-clearfix\"><\/div><\/div><\/div><div  class=\"fusion-layout-column fusion_builder_column fusion_builder_column_1_2 fusion-builder-column-1 fusion-one-half fusion-column-last 1_2\"  style='margin-top:0px;margin-bottom:20px;width:48%'><div class=\"fusion-column-wrapper\" style=\"padding: 0px 0px 0px 0px;background-position:left top;background-repeat:no-repeat;-webkit-background-size:cover;-moz-background-size:cover;-o-background-size:cover;background-size:cover;\"   data-bg-url=\"\"><div class=\"fusion-text\"><p>La perdita parziale o totale dei denti rappresenta per le persone adulte una decadenza psicoemotiva e fisica importante.<\/p>\n<p>Gli impianti dentali biocompatibili in titanio sono l\u2019unica reale soluzione odontoiatrica per ripristinare nuovamente i propri denti, belli e forti come quelli naturali per ridarti la gioia di vivere. L\u2019impianto dentale \u00e8 di fatto il sostituto artificiale della radice del dente dove verranno fissate le protesi dentarie.<\/p>\n<p>&nbsp;<\/p>\n<p><strong>I vantaggi di una scelta intelligente<\/strong><\/p>\n<p>Utilizzare denti sani per sorreggere protesi mobili con ganci anche poco estetici, o addirittura limarli per fare spazio a ponti pu\u00f2 determinare una perdita precoce della stabilit\u00e0 dei denti stessi e dell\u2019osso ed un invecchiamento precoce dei tratti del viso.<br \/>\nViceversa la moderna implantologia osteointegrata, associata a componenti protesici innovativi ed altamente estetici, conserva il tuo aspetto naturale e ti permette di sorridere, mangiare e parlare con tranquillit\u00e0 e piena fiducia. Le diverse soluzioni protesiche unite agli impianti, sostituiscono funzionalmente ed esteticamente i denti naturali.<\/p>\n<\/div><div class=\"fusion-clearfix\"><\/div><\/div><\/div><\/div><\/div><div class=\"fusion-fullwidth fullwidth-box fusion-builder-row-2 fusion-parallax-fixed nonhundred-percent-fullwidth non-hundred-percent-height-scrolling\"  style='background-color: rgba(255,255,255,0);background-image: url(\"https:\/\/www.prodentitalia.eu\/it\/wp-content\/uploads\/sites\/14\/2015\/07\/back-new-1.jpg\");background-position: left top;background-repeat: no-repeat;border-top-width:0px;border-bottom-width:0px;border-color:#eae9e9;border-top-style:solid;border-bottom-style:solid;-webkit-background-size:cover;-moz-background-size:cover;-o-background-size:cover;background-size:cover;background-attachment:fixed;'><div class=\"fusion-builder-row fusion-row \"><div  class=\"fusion-layout-column fusion_builder_column fusion_builder_column_1_1 fusion-builder-column-2 fusion-one-full fusion-column-first fusion-column-last 1_1\"  style='margin-top:200px;margin-bottom:200px;'><div class=\"fusion-column-wrapper\" style=\"padding: 0px 0px 0px 0px;background-position:left top;background-repeat:no-repeat;-webkit-background-size:cover;-moz-background-size:cover;-o-background-size:cover;background-size:cover;\"   data-bg-url=\"\"><div class=\"fusion-text\"><h2 style=\"text-align: right\"><strong><em><span style=\"color: #000000;font-size: 36px\">Ricostruzione, protesi,<\/span><\/em><\/strong><\/h2>\n<h2 style=\"text-align: right\"><strong><em><span style=\"color: #000000;font-size: 36px\">tecnologia e impianti<\/span><\/em><\/strong><\/h2>\n<\/div><div class=\"fusion-clearfix\"><\/div><\/div><\/div><\/div><\/div><div class=\"fusion-fullwidth fullwidth-box fusion-builder-row-3 nonhundred-percent-fullwidth non-hundred-percent-height-scrolling fusion-equal-height-columns\"  style='background-color: rgba(255,255,255,0);background-position: left top;background-repeat: no-repeat;padding-top:40px;padding-bottom:20px;border-top-width:0px;border-bottom-width:0px;border-color:#eae9e9;border-top-style:solid;border-bottom-style:solid;'><div class=\"fusion-builder-row fusion-row \"><div  class=\"fusion-layout-column fusion_builder_column fusion_builder_column_1_2 fusion-builder-column-3 fusion-one-half fusion-column-first 1_2\"  style='margin-top:0px;margin-bottom:20px;width:48%; margin-right: 4%;'><div class=\"fusion-column-wrapper\" style=\"border:1px solid #eaeaea;padding: 20px 20px 20px 20px;background-position:left top;background-repeat:no-repeat;-webkit-background-size:cover;-moz-background-size:cover;-o-background-size:cover;background-size:cover;\"   data-bg-url=\"\"><div class=\"fusion-text\"><h2><strong>La ricostruzione di un dente singolo<\/strong><\/h2>\n<p>In caso di monoedentulia, mancanza di un solo dente, l\u2019inserimento di un impianto dentale preserva i denti sani adiacenti e riproduce fedelmente l\u2019estetica nella forma e nel colore della dentatura naturale presente.<\/p>\n<p>&nbsp;<\/p>\n<div class=\"imageframe-align-center\"><span class=\"fusion-imageframe imageframe-none imageframe-2 hover-type-none\"><img loading=\"lazy\" src=\"https:\/\/www.prodentitalia.eu\/it\/wp-content\/uploads\/sites\/14\/2015\/07\/monoedentulia.jpg\" width=\"320\" height=\"100\" alt=\"monoedentulia\" title=\"monoedentulia\" class=\"img-responsive wp-image-11707\"\/><\/span><\/div>\n<\/div><div class=\"fusion-clearfix\"><\/div><\/div><\/div><div  class=\"fusion-layout-column fusion_builder_column fusion_builder_column_1_2 fusion-builder-column-4 fusion-one-half fusion-column-last 1_2\"  style='margin-top:0px;margin-bottom:20px;width:48%'><div class=\"fusion-column-wrapper\" style=\"border:1px solid #eaeaea;padding: 20px 20px 20px 20px;background-position:left top;background-repeat:no-repeat;-webkit-background-size:cover;-moz-background-size:cover;-o-background-size:cover;background-size:cover;\"   data-bg-url=\"\"><div class=\"fusion-text\"><h2><strong>La ricostruzione di pi\u00f9 denti<\/strong><\/h2>\n<p>Se ti mancano pi\u00f9 denti, si parla cio\u00e8 di edentulia parziale, due o pi\u00f9 impianti dentali sosterranno una struttura protesica estremamente stabile e resistente con denti il cui risultato estetico e funzionale sar\u00e0 percepito come la propria dentatura naturale.<\/p>\n<div class=\"imageframe-align-center\"><span class=\"fusion-imageframe imageframe-none imageframe-3 hover-type-none\"><img loading=\"lazy\" src=\"https:\/\/www.prodentitalia.eu\/it\/wp-content\/uploads\/sites\/14\/2015\/07\/edentulia-parziale.jpg\" width=\"320\" height=\"100\" alt=\"\" title=\"edentulia-parziale\" class=\"img-responsive wp-image-11706\"\/><\/span><\/div>\n<\/div><div class=\"fusion-clearfix\"><\/div><\/div><\/div><div  class=\"fusion-layout-column fusion_builder_column fusion_builder_column_1_1 fusion-builder-column-5 fusion-one-full fusion-column-first fusion-column-last fusion-column-no-min-height 1_1\"  style='margin-top:0px;margin-bottom:0px;'><div class=\"fusion-column-wrapper\" style=\"padding: 0px 0px 0px 0px;background-position:left top;background-repeat:no-repeat;-webkit-background-size:cover;-moz-background-size:cover;-o-background-size:cover;background-size:cover;\"   data-bg-url=\"\"><div class=\"fusion-sep-clear\"><\/div><div class=\"fusion-separator fusion-full-width-sep sep-none\" style=\"margin-left: auto;margin-right: auto;margin-top:;\"><\/div><div class=\"fusion-clearfix\"><\/div><\/div><\/div><div  class=\"fusion-layout-column fusion_builder_column fusion_builder_column_1_2 fusion-builder-column-6 fusion-one-half fusion-column-first 1_2\"  style='margin-top:0px;margin-bottom:20px;width:48%; margin-right: 4%;'><div class=\"fusion-column-wrapper\" style=\"border:1px solid #eaeaea;padding: 20px 20px 20px 20px;background-position:left top;background-repeat:no-repeat;-webkit-background-size:cover;-moz-background-size:cover;-o-background-size:cover;background-size:cover;\"   data-bg-url=\"\"><div class=\"fusion-text\"><h2><strong>La protesi fissa su impianti, superiore o inferiore<\/strong><\/h2>\n<p>In presenza di una totale edentulia, ovvero in caso di mancanza di tutti i denti, grazie agli impianti dentali \u00e8 possibile fi ssare in modo permanente una protesi totale, sia nel mascellare superiore sia nella mandibola inferiore, altamente stabile e funzionale. Nei casi di quantit\u00e0 e qualit\u00e0 ossea non eccessivamente scadente \u00e8 possibile fi ssare questo tipo di protesi anche con soli quattro impianti.<\/p>\n<p>&nbsp;<\/p>\n<div class=\"imageframe-align-center\"><span class=\"fusion-imageframe imageframe-none imageframe-4 hover-type-none\"><img loading=\"lazy\" src=\"https:\/\/www.prodentitalia.eu\/it\/wp-content\/uploads\/sites\/14\/2015\/07\/protesi-fissa.jpg\" width=\"320\" height=\"100\" alt=\"\" title=\"protesi-fissa\" class=\"img-responsive wp-image-11708\"\/><\/span><\/div>\n<\/div><div class=\"fusion-clearfix\"><\/div><\/div><\/div><div  class=\"fusion-layout-column fusion_builder_column fusion_builder_column_1_2 fusion-builder-column-7 fusion-one-half fusion-column-last 1_2\"  style='margin-top:0px;margin-bottom:20px;width:48%'><div class=\"fusion-column-wrapper\" style=\"border:1px solid #eaeaea;padding: 20px 20px 20px 20px;background-position:left top;background-repeat:no-repeat;-webkit-background-size:cover;-moz-background-size:cover;-o-background-size:cover;background-size:cover;\"   data-bg-url=\"\"><div class=\"fusion-text\"><h2><strong>La protesi mobile su impianti, superiore o inferiore<\/strong><\/h2>\n<p>In presenza di una totale edentulia, ovvero in caso di mancanza di tutti i denti, grazie agli impianti dentali \u00e8 possibile fi ssare in modo permanente una protesi totale, sia nel mascellare superiore sia nella mandibola inferiore, altamente stabile e funzionale. \u00c8 possibile fi ssare questo tipo di protesi anche con soli due impianti.<\/p>\n<p>&nbsp;<\/p>\n<div class=\"imageframe-align-center\"><span class=\"fusion-imageframe imageframe-none imageframe-5 hover-type-none\"><img loading=\"lazy\" src=\"https:\/\/www.prodentitalia.eu\/it\/wp-content\/uploads\/sites\/14\/2015\/07\/protesi-mobile.jpg\" width=\"320\" height=\"100\" alt=\"\" title=\"protesi-mobile\" class=\"img-responsive wp-image-11709\"\/><\/span><\/div>\n<\/div><div class=\"fusion-clearfix\"><\/div><\/div><\/div><div  class=\"fusion-layout-column fusion_builder_column fusion_builder_column_1_1 fusion-builder-column-8 fusion-one-full fusion-column-first fusion-column-last fusion-column-no-min-height 1_1\"  style='margin-top:0px;margin-bottom:0px;'><div class=\"fusion-column-wrapper\" style=\"padding: 0px 0px 0px 0px;background-position:left top;background-repeat:no-repeat;-webkit-background-size:cover;-moz-background-size:cover;-o-background-size:cover;background-size:cover;\"   data-bg-url=\"\"><div class=\"fusion-sep-clear\"><\/div><div class=\"fusion-separator fusion-full-width-sep sep-none\" style=\"margin-left: auto;margin-right: auto;margin-top:;\"><\/div><div class=\"fusion-clearfix\"><\/div><\/div><\/div><div  class=\"fusion-layout-column fusion_builder_column fusion_builder_column_1_2 fusion-builder-column-9 fusion-one-half fusion-column-first 1_2\"  style='margin-top:0px;margin-bottom:20px;width:48%; margin-right: 4%;'><div class=\"fusion-column-wrapper\" style=\"border:1px solid #eaeaea;padding: 20px 20px 20px 20px;background-position:left top;background-repeat:no-repeat;-webkit-background-size:cover;-moz-background-size:cover;-o-background-size:cover;background-size:cover;\"   data-bg-url=\"\"><div class=\"fusion-text\"><h2><strong>La tecnologia a servizio del paziente<\/strong><\/h2>\n<p>Oggi \u00e8 addirittura possibile diagnosticare e pianificare l\u2019intervento chirurgico per l\u2019inserimento degli impianti avvalendosi di supporti informatici che velocizzano e semplificano l\u2019intervento chirurgico, rendendo l\u2019implantologia poco invasiva e riducendo i tempi clinici operativi a vantaggio di un confortevole post-operatorio per i pazienti.<\/p>\n<p>&nbsp;<\/p>\n<div class=\"imageframe-align-center\"><span class=\"fusion-imageframe imageframe-none imageframe-6 hover-type-none\"><img loading=\"lazy\" src=\"https:\/\/www.prodentitalia.eu\/it\/wp-content\/uploads\/sites\/14\/2015\/07\/COPERTINA-300x260.png\" width=\"300\" height=\"260\" alt=\"COPERTINA\" title=\"COPERTINA\" class=\"img-responsive wp-image-11800\"\/><\/span><\/div>\n<\/div><div class=\"fusion-clearfix\"><\/div><\/div><\/div><div  class=\"fusion-layout-column fusion_builder_column fusion_builder_column_1_2 fusion-builder-column-10 fusion-one-half fusion-column-last 1_2\"  style='margin-top:0px;margin-bottom:20px;width:48%'><div class=\"fusion-column-wrapper\" style=\"border:1px solid #eaeaea;padding: 20px 20px 20px 20px;background-position:left top;background-repeat:no-repeat;-webkit-background-size:cover;-moz-background-size:cover;-o-background-size:cover;background-size:cover;\"   data-bg-url=\"\"><div class=\"fusion-text\"><h2><strong>Tipologie di impianti<\/strong><\/h2>\n<p>Prodent Italia dispone di un\u2019ampia gamma di prodotti per soddisfare le richieste pi\u00f9 esigenti degli odontoiatri e dei pazienti. Sono presenti impianti di forma conica, cilindrica, cilindrico-conica, impianti molto corti (per pazienti con poco osso) e impianti monofasici, per consentire la realizzazione di qualsiasi tipo di trattamento implanto-protesico.<br \/>\nTutti gli impianti Prodent sono realizzati con moderne tecnologie e secondo la letteratura recente, a garanzia di un prodotto moderno ed affidabile.<\/p>\n<p><div class=\"imageframe-align-center\"><span class=\"fusion-imageframe imageframe-none imageframe-7 hover-type-none\"><\/span><\/div><a href=\"https:\/\/www.prodentitalia.eu\/it\/wp-content\/uploads\/sites\/14\/2015\/07\/IMPIANTI2.jpg\"><img loading=\"lazy\" class=\"wp-image-11793 aligncenter\" src=\"https:\/\/www.prodentitalia.eu\/it\/wp-content\/uploads\/sites\/14\/2015\/07\/IMPIANTI2.jpg\" alt=\"IMPIANTI\" width=\"268\" height=\"134\" \/><\/a><\/p>\n<\/div><div class=\"fusion-clearfix\"><\/div><\/div><\/div><\/div><\/div><div class=\"fusion-fullwidth fullwidth-box fusion-builder-row-4 nonhundred-percent-fullwidth non-hundred-percent-height-scrolling\"  style='background-color: #f2f2f2;background-position: left top;background-repeat: no-repeat;padding-top:20px;padding-bottom:20px;border-top-width:0px;border-bottom-width:0px;border-color:#eae9e9;border-top-style:solid;border-bottom-style:solid;'><div class=\"fusion-builder-row fusion-row \"><div  class=\"fusion-layout-column fusion_builder_column fusion_builder_column_1_1 fusion-builder-column-11 fusion-one-full fusion-column-first fusion-column-last 1_1\"  style='margin-top:20px;margin-bottom:20px;'><div class=\"fusion-column-wrapper\" style=\"padding: 0px 0px 0px 0px;background-position:left top;background-repeat:no-repeat;-webkit-background-size:cover;-moz-background-size:cover;-o-background-size:cover;background-size:cover;\"   data-bg-url=\"\"><div class=\"fusion-text\"><p style=\"font-size: 54px;line-height: 80px;text-align: center\"><span style=\"color: #008dbd\">Chiedi al tuo dentista<\/span><\/p>\n<\/div><div class=\"fusion-clearfix\"><\/div><\/div><\/div><div  class=\"fusion-layout-column fusion_builder_column fusion_builder_column_1_1 fusion-builder-column-12 fusion-one-full fusion-column-first fusion-column-last fusion-column-no-min-height 1_1\"  style='margin-top:0px;margin-bottom:0px;'><div class=\"fusion-column-wrapper\" style=\"padding: 0px 0px 0px 0px;background-position:left top;background-repeat:no-repeat;-webkit-background-size:cover;-moz-background-size:cover;-o-background-size:cover;background-size:cover;\"   data-bg-url=\"\"><div class=\"fusion-sep-clear\"><\/div><div class=\"fusion-separator fusion-full-width-sep sep-none\" style=\"margin-left: auto;margin-right: auto;margin-top:;\"><\/div><div class=\"fusion-clearfix\"><\/div><\/div><\/div><div  class=\"fusion-layout-column fusion_builder_column fusion_builder_column_1_2 fusion-builder-column-13 fusion-one-half fusion-column-first 1_2\"  style='margin-top:0px;margin-bottom:20px;width:48%; margin-right: 4%;'><div class=\"fusion-column-wrapper\" style=\"border:0px solid #eaeaea;padding: 20px 20px 20px 20px;background-position:left top;background-repeat:no-repeat;-webkit-background-size:cover;-moz-background-size:cover;-o-background-size:cover;background-size:cover;\"   data-bg-url=\"\"><div class=\"fusion-text\"><p>Prevenzione attraverso controlli regolari dal dentista e dall\u2019Igienista dentale, riduzione o sospensione del fumo, riduzione del consumo di alcolici, restauri funzionali ed estetici in bocche sane ed impianti per sostituire i denti mancanti senza dover sacrificare i denti sani.<\/p>\n<p><strong> Questi pochi consigli aiutano a preservare i nostri denti ed il corretto stato di salute orale.<\/strong> Le terapie conservative ed estetiche sono importanti perch\u00e9 agiscono positivamente sulla salute psicofisica di ognuno di noi e sono fondamentali per avere un aspetto curato e gradevole; in fondo avere un bel sorriso aiuta sicuramente nei rapporti sociali.<\/p>\n<p>&nbsp;<\/p>\n<p><strong>Chiedi al tuo dentista un approfondimento su queste poche regole e su come si svolge un trattamento implantare.<\/strong><\/p>\n<\/div><div class=\"fusion-clearfix\"><\/div><\/div><\/div><div  class=\"fusion-layout-column fusion_builder_column fusion_builder_column_1_2 fusion-builder-column-14 fusion-one-half fusion-column-last 1_2\"  style='margin-top:0px;margin-bottom:20px;width:48%'><div class=\"fusion-column-wrapper\" style=\"border:1px solid #eaeaea;padding: 20px 20px 20px 20px;background-position:left top;background-repeat:no-repeat;-webkit-background-size:cover;-moz-background-size:cover;-o-background-size:cover;background-size:cover;\"   data-bg-url=\"\"><div class=\"fusion-text\"><div class=\"fusion-text\"><\/div>\n<h2>La tua tessera<\/h2>\n<p>Alla fine dell\u2019intervento e al momento della protesizzazione, l\u2019Implantologo ti consegner\u00e0 le tue tessere compilate con tutte le informazioni sui dispositivi che sono stati utilizzati compresi codice, lotto di produzione e posizione nella bocca. In caso di necessit\u00e0 e ovunque tu sia questi documenti potrebbero esserti molto utili per i tuoi eventuali futuri trattamenti implantari.<\/p>\n<\/div><div class=\"imageframe-align-center\"><span class=\"fusion-imageframe imageframe-none imageframe-8 hover-type-none\"><img loading=\"lazy\" src=\"https:\/\/www.prodentitalia.eu\/it\/wp-content\/uploads\/sites\/14\/2023\/12\/tessera2-300x146.jpg\" width=\"300\" height=\"146\" alt=\"\" title=\"tessera2\" class=\"img-responsive wp-image-13049\" srcset=\"https:\/\/www.prodentitalia.eu\/it\/wp-content\/uploads\/sites\/14\/2023\/12\/tessera2-200x97.jpg 200w, https:\/\/www.prodentitalia.eu\/it\/wp-content\/uploads\/sites\/14\/2023\/12\/tessera2-400x194.jpg 400w, https:\/\/www.prodentitalia.eu\/it\/wp-content\/uploads\/sites\/14\/2023\/12\/tessera2-600x292.jpg 600w, https:\/\/www.prodentitalia.eu\/it\/wp-content\/uploads\/sites\/14\/2023\/12\/tessera2-800x389.jpg 800w, https:\/\/www.prodentitalia.eu\/it\/wp-content\/uploads\/sites\/14\/2023\/12\/tessera2-1200x583.jpg 1200w\" sizes=\"(max-width: 800px) 100vw, 600px\" \/><\/span><\/div><div class=\"fusion-clearfix\"><\/div><\/div><\/div><\/div><\/div><div class=\"fusion-fullwidth fullwidth-box fusion-builder-row-5 nonhundred-percent-fullwidth non-hundred-percent-height-scrolling\"  style='background-color: rgba(255,255,255,0);background-position: left top;background-repeat: no-repeat;padding-top:20px;padding-bottom:20px;border-top-width:0px;border-bottom-width:0px;border-color:#eae9e9;border-top-style:solid;border-bottom-style:solid;'><div class=\"fusion-builder-row fusion-row \"><div  class=\"fusion-layout-column fusion_builder_column fusion_builder_column_1_1 fusion-builder-column-15 fusion-one-full fusion-column-first fusion-column-last 1_1\"  style='margin-top:50px;margin-bottom:20px;'><div class=\"fusion-column-wrapper\" style=\"padding: 0px 0px 0px 0px;background-position:left top;background-repeat:no-repeat;-webkit-background-size:cover;-moz-background-size:cover;-o-background-size:cover;background-size:cover;\"   data-bg-url=\"\"><div class=\"fusion-text\"><h2 style=\"text-align: center\">Scarica la brochure che abbiamo preparato per te con tutte le informazioni utili a comprendere il valore di un impianto.<\/h2>\n<p style=\"text-align: center\"><div class=\"fusion-button-wrapper fusion-aligncenter\"><style type=\"text\/css\">.fusion-button.button-1 .fusion-button-text, .fusion-button.button-1 i {color:#008dbd;}.fusion-button.button-1 .fusion-button-icon-divider{border-color:#008dbd;}.fusion-button.button-1:hover .fusion-button-text, .fusion-button.button-1:hover i,.fusion-button.button-1:focus .fusion-button-text, .fusion-button.button-1:focus i,.fusion-button.button-1:active .fusion-button-text, .fusion-button.button-1:active{color:#fff;}.fusion-button.button-1:hover .fusion-button-icon-divider, .fusion-button.button-1:hover .fusion-button-icon-divider, .fusion-button.button-1:active .fusion-button-icon-divider{border-color:#fff;}.fusion-button.button-1:hover, .fusion-button.button-1:focus, .fusion-button.button-1:active{border-color:#fff;border-width:2px;}.fusion-button.button-1 {border-color:#008dbd;border-width:2px;border-radius:2px;}.fusion-button.button-1{background: #ffffff;}.fusion-button.button-1:hover,.button-1:focus,.fusion-button.button-1:active{background: #008dbd;}<\/style><a class=\"fusion-button button-flat button-xlarge button-custom button-1 fusion-button-default-span \" target=\"_blank\" rel=\"noopener noreferrer\" href=\"https:\/\/www.prodentitalia.eu\/pdf\/it\/PAZIENTE-2025-.pdf\"><span class=\"fusion-button-text\">Scarica la brochure<\/span><\/a><\/div><\/p>\n<\/div><div class=\"fusion-clearfix\"><\/div><\/div><\/div><\/div><\/div><\/p>\n","protected":false},"excerpt":{"rendered":"","protected":false},"author":1,"featured_media":0,"parent":0,"menu_order":0,"comment_status":"open","ping_status":"open","template":"100-width.php","meta":[],"yoast_head":"<!-- This site is optimized with the Yoast SEO plugin v14.7 - https:\/\/yoast.com\/wordpress\/plugins\/seo\/ -->\n<title>Scopri di pi\u00f9 sugli impianti dentali - Area Pazienti Prodent<\/title>\n<meta name=\"robots\" content=\"index, follow\" \/>\n<meta name=\"googlebot\" content=\"index, follow, max-snippet:-1, max-image-preview:large, max-video-preview:-1\" \/>\n<meta name=\"bingbot\" content=\"index, follow, max-snippet:-1, max-image-preview:large, max-video-preview:-1\" \/>\n<link rel=\"canonical\" href=\"https:\/\/www.prodentitalia.eu\/it\/scopri-di-piu-sugli-impianti-dentali\/\" \/>\n<meta property=\"og:locale\" content=\"it_IT\" \/>\n<meta property=\"og:type\" content=\"article\" \/>\n<meta property=\"og:title\" content=\"Scopri di pi\u00f9 sugli impianti dentali - Area Pazienti Prodent\" \/>\n<meta property=\"og:url\" content=\"https:\/\/www.prodentitalia.eu\/it\/scopri-di-piu-sugli-impianti-dentali\/\" \/>\n<meta property=\"og:site_name\" content=\"Area Pazienti Prodent\" \/>\n<meta property=\"article:modified_time\" content=\"2025-10-31T10:38:36+00:00\" \/>\n<meta property=\"og:image\" content=\"https:\/\/www.prodentitalia.eu\/it\/wp-content\/uploads\/sites\/14\/2015\/07\/anziani-prodent-6-2.jpg\" \/>\n<meta name=\"twitter:card\" content=\"summary\" \/>\n<meta name=\"twitter:creator\" content=\"@pr0en7erad475\" \/>\n<script type=\"application\/ld+json\" class=\"yoast-schema-graph\">{\"@context\":\"https:\/\/schema.org\",\"@graph\":[{\"@type\":\"WebSite\",\"@id\":\"https:\/\/www.prodentitalia.eu\/it\/#website\",\"url\":\"https:\/\/www.prodentitalia.eu\/it\/\",\"name\":\"Area Pazienti Prodent\",\"description\":\"Prodent Italia l&#039;implantologia made in Italy\",\"potentialAction\":[{\"@type\":\"SearchAction\",\"target\":\"https:\/\/www.prodentitalia.eu\/it\/?s={search_term_string}\",\"query-input\":\"required name=search_term_string\"}],\"inLanguage\":\"it-IT\"},{\"@type\":\"ImageObject\",\"@id\":\"https:\/\/www.prodentitalia.eu\/it\/scopri-di-piu-sugli-impianti-dentali\/#primaryimage\",\"inLanguage\":\"it-IT\",\"url\":\"https:\/\/www.prodentitalia.eu\/it\/wp-content\/uploads\/sites\/14\/2015\/07\/anziani-prodent-6-2.jpg\",\"width\":1280,\"height\":1015},{\"@type\":\"WebPage\",\"@id\":\"https:\/\/www.prodentitalia.eu\/it\/scopri-di-piu-sugli-impianti-dentali\/#webpage\",\"url\":\"https:\/\/www.prodentitalia.eu\/it\/scopri-di-piu-sugli-impianti-dentali\/\",\"name\":\"Scopri di pi\\u00f9 sugli impianti dentali - Area Pazienti Prodent\",\"isPartOf\":{\"@id\":\"https:\/\/www.prodentitalia.eu\/it\/#website\"},\"primaryImageOfPage\":{\"@id\":\"https:\/\/www.prodentitalia.eu\/it\/scopri-di-piu-sugli-impianti-dentali\/#primaryimage\"},\"datePublished\":\"2015-07-17T06:08:18+00:00\",\"dateModified\":\"2025-10-31T10:38:36+00:00\",\"inLanguage\":\"it-IT\",\"potentialAction\":[{\"@type\":\"ReadAction\",\"target\":[\"https:\/\/www.prodentitalia.eu\/it\/scopri-di-piu-sugli-impianti-dentali\/\"]}]}]}<\/script>\n<!-- \/ Yoast SEO plugin. -->","_links":{"self":[{"href":"https:\/\/www.prodentitalia.eu\/it\/wp-json\/wp\/v2\/pages\/11669"}],"collection":[{"href":"https:\/\/www.prodentitalia.eu\/it\/wp-json\/wp\/v2\/pages"}],"about":[{"href":"https:\/\/www.prodentitalia.eu\/it\/wp-json\/wp\/v2\/types\/page"}],"author":[{"embeddable":true,"href":"https:\/\/www.prodentitalia.eu\/it\/wp-json\/wp\/v2\/users\/1"}],"replies":[{"embeddable":true,"href":"https:\/\/www.prodentitalia.eu\/it\/wp-json\/wp\/v2\/comments?post=11669"}],"version-history":[{"count":76,"href":"https:\/\/www.prodentitalia.eu\/it\/wp-json\/wp\/v2\/pages\/11669\/revisions"}],"predecessor-version":[{"id":15461,"href":"https:\/\/www.prodentitalia.eu\/it\/wp-json\/wp\/v2\/pages\/11669\/revisions\/15461"}],"wp:attachment":[{"href":"https:\/\/www.prodentitalia.eu\/it\/wp-json\/wp\/v2\/media?parent=11669"}],"curies":[{"name":"wp","href":"https:\/\/api.w.org\/{rel}","templated":true}]}}