{"id":11732,"date":"2015-09-25T10:17:59","date_gmt":"2015-09-25T08:17:59","guid":{"rendered":"http:\/\/www.prodentitalia.eu\/it\/?page_id=11732"},"modified":"2022-06-01T16:07:07","modified_gmt":"2022-06-01T14:07:07","slug":"privacy-policy","status":"publish","type":"page","link":"https:\/\/www.prodentitalia.eu\/it\/privacy-policy\/","title":{"rendered":"Privacy Policy"},"content":{"rendered":"<div class=\"fusion-fullwidth fullwidth-box fusion-builder-row-1 nonhundred-percent-fullwidth non-hundred-percent-height-scrolling\"  style='background-color: rgba(255,255,255,0);background-position: left top;background-repeat: no-repeat;padding-top:20px;padding-bottom:20px;border-top-width:0px;border-bottom-width:0px;border-color:#eae9e9;border-top-style:solid;border-bottom-style:solid;'><div class=\"fusion-builder-row fusion-row \"><div  class=\"fusion-layout-column fusion_builder_column fusion_builder_column_1_1 fusion-builder-column-0 fusion-one-full fusion-column-first fusion-column-last 1_1\"  style='margin-top:0px;margin-bottom:20px;'><div class=\"fusion-column-wrapper\" style=\"padding: 0px 0px 0px 0px;background-position:left top;background-repeat:no-repeat;-webkit-background-size:cover;-moz-background-size:cover;-o-background-size:cover;background-size:cover;\"   data-bg-url=\"\"><div class=\"fusion-text\"><div class=\"fusion-text\"><\/div>\n<p><strong>INFORMATIVA PRIVACY EX ART 13 REGOLAMENTO 679\/2016 di Prodent Italia Srl <\/strong><\/p>\n<p>Con la presente siamo a fornire tutte le informazioni necessarie a descrivere i diversi trattamenti effettuati da Prodent Italia nell\u2019ambito delle sue normali attivit\u00e0.<\/p>\n<ol>\n<li><strong> TITOLARE DEL TRATTAMENTO DEI DATI <\/strong><\/li>\n<\/ol>\n<p>Prodent Italia Srl<\/p>\n<p>Via Pitagora, 9 20016 Pero Mi (Italia) email: privacy@prodentitalia.eu<\/p>\n<ol start=\"2\">\n<li><strong> DATI RACCOLTI, FINALIT\u00c0 E DURATA DI CONSERVAZIONE <\/strong><\/li>\n<\/ol>\n<p>Riportiamo di seguito tutte le tipologie di dati e finalit\u00e0 del trattamento che riguardano le attivit\u00e0 di Prodent Italia:<\/p>\n<ul>\n<li><strong>Dati forniti dall\u2019utente nell\u2019ambito della navigazione del sito: <\/strong>Sono quei dati forniti ad esempio quando l\u2019utente richiede informazioni compilando appositi moduli (form) presenti sul sito o scrivendo agli indirizzi email o telefonando ai numeri di telefono presenti sul Tali dati sono forniti dall\u2019utente in modo facoltativo e vengono utilizzati per le finalit\u00e0 strettamente legate all&#8217;erogazione del servizio richiesto dall\u2019utente. L&#8217;utente si assume la responsabilit\u00e0 dei dati personali di terzi pubblicati o condivisi mediante questo sito e garantisce di avere il diritto di comunicarli o diffonderli, liberando il Titolare da qualsiasi responsabilit\u00e0 verso terzi.<\/li>\n<\/ul>\n<ul>\n<li><strong>Dati forniti in occasione di eventi, fiere o corsi: <\/strong>Prodent Italia organizza, coordina e sponsorizza diverse occasioni di aggregazione e incontro con i professionisti del settore che potrebbero non ancora essere nostri clienti. In tali situazioni possono essere raccolti i dati dei partecipanti che vengono utilizzati per evadere eventuali richieste, presentare l\u2019azienda e per inviare la nostra newsletter. Qualora l\u2019utente non sottoscrivesse la proposta, i suoi dati raccolti nella scheda contatti verranno conservati per fini di analisi interna per un anno e successivamente cancellati.<\/li>\n<\/ul>\n<ul>\n<li><strong>Invio di comunicazioni di marketing relative a prodotti\/servizi forniti, eventi e corsi ad essi correlati: <\/strong>Prodent Italia si impegna a mantenere sempre aggiornati tutti i suoi clienti e potenziali clienti in merito a iniziative ad alto valore aggiunto quali corsi professionalizzanti o eventi istruttivi, nonch\u00e9 relativamente a prodotti e servizi offerti. A tale scopo ai clienti viene proposto di fornire il consenso per l\u2019utilizzo della mail, conferita in fase di compilazione dell\u2019anagrafica o conferimento dei propri dati, per ricevere nostre newsletter\/comunicazioni di marketing. Il mancato consenso all\u2019utilizzo della mail per ricevere la newsletter di marketing o revoca dello stesso non influenzerebbero in alcun modo il rapporto commerciale in essere, se non impedendo al professionista di essere informato relativamente alle ultime novit\u00e0 e best practice del settore. L\u2019interessato peraltro pu\u00f2 revocare il consenso in qualsiasi momento e in piena autonomia attraverso l\u2019apposita funzionalit\u00e0 presente in calce a tutte le comunicazioni. In tal modo la sua mail verrebbe immediatamente eliminata dalle mailing list di marketing, restando in uso esclusivamente per gli adempimenti obbligatori precisati in questa informativa privacy.<\/li>\n<\/ul>\n<ul>\n<li><strong>Foto e Video:<\/strong> Prodent Italia ritiene la realizzazione di materiale videofotografico un importante elemento per lo sviluppo della propria attivit\u00e0 e per la promozione dell\u2019immagine aziendale. Pertanto in tutte le occasioni in cui vi \u00e8 un coinvolgimento di Prodent (incontri, fiere, congressi, corsi) \u00e8 possibile che vengano registrati video e raccolto materiale fotografico che verr\u00e0 poi utilizzato per creare materiale didattico, clinico, divulgativo e commerciale. Gli interessati sono preventivamente informati di tale iniziativa e possono negare o revocare il consenso all\u2019utilizzo della loro immagine in qualsiasi momento. Si garantisce che le immagini sono realizzate in modo da non ledere la dignit\u00e0 personale ed il decoro dell\u2019interessato che pu\u00f2 comunque visualizzare le immagini e chiederne la modifica o cancellazione rivolgendosi a: <a href=\"mailto:privacy@prodentitalia.eu\">privacy@prodentitalia.eu<\/a> Il materiale realizzato sar\u00e0 conservato negli archivi Prodent per la durata di 10 anni dalla realizzazione.<\/li>\n<\/ul>\n<ul>\n<li><strong>Dati relativi alla gestione dei rapporti con la clientela (ordini, fatturazione, \u2026) ed adempimenti per obblighi di legge in materia contabile, fiscale e sui dispositivi medici: <\/strong>in fase di sottoscrizione di un contratto o di un ordine commerciale sono raccolti i dati strettamente necessari alla corretta evasione di quanto richiesto, ivi compreso l\u2019indirizzo email. Un mancato o parziale conferimento dei dati richiesti per tali finalit\u00e0 determinerebbe l\u2019impossibilit\u00e0 di evadere l\u2019ordine o erogare il servizio. E\u2019 possibile che alcuni dati non siano aggiornati e vi invitiamo a segnalare la correzione attraverso i canali abituali di comunicazione con Prodent Italia. Tali dati saranno conservati per tutta la durata del rapporto in essere e per tutta la durata prevista dalla normativa contabile, fiscale e regolatoria sui Dispositivi Medici.<\/li>\n<\/ul>\n<p><strong>\u00a0<\/strong><\/p>\n<ul>\n<li><strong>Informazioni per candidature: <\/strong>i curricula e le informazioni inviate, anche tramite l\u2019apposita sezione del sito internet, verranno utilizzati esclusivamente per valutare eventuali candidature. Non \u00e8 prevista una risposta in caso di mancata selezione della persona. I CV non selezionati verranno conservati per la durata massima di 3 anni e si rammenta che, qualora nel CV fossero presenti informazioni di tipo sanitario (es. categoria protetta) sar\u00e0 possibile trattarli esclusivamente in presenza del consenso esplicito dell\u2019interessato in calce al CV medesimo.<\/li>\n<\/ul>\n<ol start=\"3\">\n<li><strong> DESTINATARI ED INVIO ALL\u2019ESTERO<\/strong><\/li>\n<\/ol>\n<p>I dati raccolti saranno gestiti dal personale di Prodent Italia e verranno inseriti in documenti,\u00a0 registri ed evidenze che\u00a0 potranno venire trasmessi a quei soggetti le cui disposizioni di legge danno facolt\u00e0 di accesso o a quei soggetti il trasferimento ai quali si renda necessario al fine dello svolgimento dell\u2019attivit\u00e0 o dell\u2019offerta dei servizi richiesti (ad esempio personale amministrativo, commerciale, marketing, legali, societ\u00e0 e consulenti che prestano servizi di fornitura e assistenza informatica, hosting provider, corrieri postali, elaborazione di materiale video-fotografico). Tutti i soggetti esterni sono debitamente contrattualizzati. Non \u00e8 previsto l\u2019invio all\u2019estero.<\/p>\n<p><strong>\u00a0<\/strong><\/p>\n<ol start=\"4\">\n<li><strong> DIRITTI DELL\u2019INTERESSATO<\/strong><\/li>\n<\/ol>\n<p>L\u2019interessato potr\u00e0 far valere in ogni momento, rivolgendosi al titolare del trattamento tramite l\u2019invio di una mail all\u2019indirizzo <a href=\"mailto:privacy@prodentitalia.eu\">privacy@prodentitalia.eu<\/a> &#8211; i diritti di cui al capo III del Regolamento 679\/2016, tra cui:<\/p>\n<ul>\n<li>Richiedere l\u2019accesso ai propri dati personali e chiederne la rettifica, la cancellazione o la limitazione del trattamento.<\/li>\n<li>Conoscere le finalit\u00e0 del trattamento, le categorie di dati trattati, i destinatari cui i dati vengono comunicati, il periodo di conservazione.<\/li>\n<li>Revocare il consenso (ove richiesto) in qualsiasi momento ricordando le conseguenze di tale scelta<\/li>\n<li>Richiedere la cancellazione (quando \u00e8 possibile) dei dati che non fossero pi\u00f9 necessari allo scopo per il quale erano stati raccolti,<\/li>\n<li>Opporsi al trattamento di profilazione o marketing diretto<\/li>\n<li>Esporre un reclamo all\u2019autorit\u00e0 Garante privacy.<\/li>\n<li>Conoscere i soggetti ai quali i dati personali possono essere comunicati e verificare l\u2019estratto dei contratti in essere con tali soggetti.<\/li>\n<\/ul>\n<p><em>Rev. 22 novembre 2018<\/em><\/p>\n<\/div><div class=\"fusion-clearfix\"><\/div><\/div><\/div><\/div><\/div>\n","protected":false},"excerpt":{"rendered":"","protected":false},"author":1,"featured_media":0,"parent":0,"menu_order":0,"comment_status":"closed","ping_status":"closed","template":"","meta":[],"yoast_head":"<!-- This site is optimized with the Yoast SEO plugin v14.7 - https:\/\/yoast.com\/wordpress\/plugins\/seo\/ -->\n<title>Privacy Policy - Area Pazienti Prodent<\/title>\n<meta name=\"robots\" content=\"index, follow\" \/>\n<meta name=\"googlebot\" content=\"index, follow, max-snippet:-1, max-image-preview:large, max-video-preview:-1\" \/>\n<meta name=\"bingbot\" content=\"index, follow, max-snippet:-1, max-image-preview:large, max-video-preview:-1\" \/>\n<link rel=\"canonical\" href=\"https:\/\/www.prodentitalia.eu\/it\/privacy-policy\/\" \/>\n<meta property=\"og:locale\" content=\"it_IT\" \/>\n<meta property=\"og:type\" content=\"article\" \/>\n<meta property=\"og:title\" content=\"Privacy Policy - Area Pazienti Prodent\" \/>\n<meta property=\"og:url\" content=\"https:\/\/www.prodentitalia.eu\/it\/privacy-policy\/\" \/>\n<meta property=\"og:site_name\" content=\"Area Pazienti Prodent\" \/>\n<meta property=\"article:modified_time\" content=\"2022-06-01T14:07:07+00:00\" \/>\n<meta name=\"twitter:card\" content=\"summary\" \/>\n<meta name=\"twitter:creator\" content=\"@pr0en7erad475\" \/>\n<script type=\"application\/ld+json\" class=\"yoast-schema-graph\">{\"@context\":\"https:\/\/schema.org\",\"@graph\":[{\"@type\":\"WebSite\",\"@id\":\"https:\/\/www.prodentitalia.eu\/it\/#website\",\"url\":\"https:\/\/www.prodentitalia.eu\/it\/\",\"name\":\"Area Pazienti Prodent\",\"description\":\"Prodent Italia l&#039;implantologia made in Italy\",\"potentialAction\":[{\"@type\":\"SearchAction\",\"target\":\"https:\/\/www.prodentitalia.eu\/it\/?s={search_term_string}\",\"query-input\":\"required name=search_term_string\"}],\"inLanguage\":\"it-IT\"},{\"@type\":\"WebPage\",\"@id\":\"https:\/\/www.prodentitalia.eu\/it\/privacy-policy\/#webpage\",\"url\":\"https:\/\/www.prodentitalia.eu\/it\/privacy-policy\/\",\"name\":\"Privacy Policy - Area Pazienti Prodent\",\"isPartOf\":{\"@id\":\"https:\/\/www.prodentitalia.eu\/it\/#website\"},\"datePublished\":\"2015-09-25T08:17:59+00:00\",\"dateModified\":\"2022-06-01T14:07:07+00:00\",\"inLanguage\":\"it-IT\",\"potentialAction\":[{\"@type\":\"ReadAction\",\"target\":[\"https:\/\/www.prodentitalia.eu\/it\/privacy-policy\/\"]}]}]}<\/script>\n<!-- \/ Yoast SEO plugin. -->","_links":{"self":[{"href":"https:\/\/www.prodentitalia.eu\/it\/wp-json\/wp\/v2\/pages\/11732"}],"collection":[{"href":"https:\/\/www.prodentitalia.eu\/it\/wp-json\/wp\/v2\/pages"}],"about":[{"href":"https:\/\/www.prodentitalia.eu\/it\/wp-json\/wp\/v2\/types\/page"}],"author":[{"embeddable":true,"href":"https:\/\/www.prodentitalia.eu\/it\/wp-json\/wp\/v2\/users\/1"}],"replies":[{"embeddable":true,"href":"https:\/\/www.prodentitalia.eu\/it\/wp-json\/wp\/v2\/comments?post=11732"}],"version-history":[{"count":17,"href":"https:\/\/www.prodentitalia.eu\/it\/wp-json\/wp\/v2\/pages\/11732\/revisions"}],"predecessor-version":[{"id":12454,"href":"https:\/\/www.prodentitalia.eu\/it\/wp-json\/wp\/v2\/pages\/11732\/revisions\/12454"}],"wp:attachment":[{"href":"https:\/\/www.prodentitalia.eu\/it\/wp-json\/wp\/v2\/media?parent=11732"}],"curies":[{"name":"wp","href":"https:\/\/api.w.org\/{rel}","templated":true}]}}