{"id":11738,"date":"2015-09-25T10:22:27","date_gmt":"2015-09-25T08:22:27","guid":{"rendered":"http:\/\/www.prodentitalia.eu\/it\/?page_id=11738"},"modified":"2020-01-16T10:09:13","modified_gmt":"2020-01-16T09:09:13","slug":"utilizzo-del-sito","status":"publish","type":"page","link":"https:\/\/www.prodentitalia.eu\/it\/utilizzo-del-sito\/","title":{"rendered":"Utilizzo del sito"},"content":{"rendered":"<div class=\"fusion-fullwidth fullwidth-box fusion-builder-row-1 hundred-percent-fullwidth non-hundred-percent-height-scrolling\"  style='background-color: rgba(255,255,255,0);background-position: center center;background-repeat: no-repeat;padding-top:0px;padding-right:0px;padding-bottom:0px;padding-left:0px;border-top-width:0px;border-bottom-width:0px;border-color:#eae9e9;border-top-style:solid;border-bottom-style:solid;'><div class=\"fusion-builder-row fusion-row \"><div  class=\"fusion-layout-column fusion_builder_column fusion_builder_column_1_1 fusion-builder-column-0 fusion-one-full fusion-column-first fusion-column-last 1_1\"  style='margin-top:0px;margin-bottom:20px;'><div class=\"fusion-column-wrapper\" style=\"background-position:left top;background-repeat:no-repeat;-webkit-background-size:cover;-moz-background-size:cover;-o-background-size:cover;background-size:cover;\"   data-bg-url=\"\"><div class=\"fusion-text\"><p><strong>Condizioni d\u2019uso e restrizioni legali<\/strong><\/p>\n<p><em>Attenzione: leggere con attenzione le condizioni che seguono prima di utilizzare questo sito web. L\u2019uso del sito implica\u00a0l\u2019accettazione delle condizioni riportate di seguito.<\/em><\/p>\n<p>Prodent Italia S.r.l. autorizza la visualizzazione e lo scaricamento dei materiali disponibili presso questo sito Web ad uso\u00a0strettamente personale. Non \u00e8 consentito modificare in alcun modo i materiali presenti nel Sito, n\u00e9 riprodurli o trasmetterli\u00a0pubblicamente, eseguirli, distribuirli o in altro modo utilizzarli a scopi pubblici o commerciali. Ai fini delle presenti condizioni,\u00a0\u00e8 proibito qualsiasi uso dei suddetti materiali su qualsiasi altro sito Web o ambiente di rete a qualunque scopo. I materiali\u00a0disponibili sul Sito sono protetti da copyright e l\u2019uso non autorizzato pu\u00f2 comportare violazione di diritti di copyright, marchi\u00a0di fabbrica e altre norme giuridiche. Il Copyright \u00e8 riferito a tutto ci\u00f2 che \u00e8 di nostra creazione, come il layout delle pagine, la\u00a0maggior parte della grafica (gif, jpg, filmati), parte dei contenuti del sito; ne sono esclusi: marchi, nomi di marchi, nomi di\u00a0aziende, nomi di prodotti, servizi, collegamenti e informazioni che derivano o appartengono a terze parti. I marchi e nomi di\u00a0marchi presenti sulle nostre pagine sono di propriet\u00e0 delle rispettive aziende che ne detengono tutti i diritti.<\/p>\n<p><strong>Negazione di responsabilit\u00e0<\/strong><\/p>\n<p>Prodent Italia S.r.l. non si assume nessuna responsabilit\u00e0 per la qualit\u00e0 dei servizi offerti, omissioni o informazioni inesatte\u00a0eventualmente presenti sulle nostre pagine; n\u00e9 pu\u00f2 essere ritenuta in alcun modo responsabile per eventuali danni diretti o\u00a0indiretti conseguenti l\u2019uso di questo sito. I MATERIALI E I SERVIZI DISPONIBILI IN QUESTO SITO VENGONO FORNITI \u201cCOS\u00cc COME\u00a0SONO\u201d SENZA ALCUNA GARANZIA, INCLUSE LE GARANZIE DI COMMERCIABILIT\u00c0, IDONEIT\u00c0 A UN USO SPECIFICO O DI NON\u00a0VIOLAZIONE DI DIRITTI DI PROPRIET\u00c0 INTELLETTUALE. Gli obblighi di Prodent Italia S.r.l. in relazione ai propri prodotti e servizi\u00a0sono regolati esclusivamente dai contratti ai sensi dei quali essi sono forniti e in nessun modo il contenuto di questo sito pu\u00f2\u00a0modificare in alcun modo tali contratti. Prodent Italia S.r.l. , inoltre, non garantisce l\u2019accuratezza e la completezza delle\u00a0informazioni, software o servizi forniti in questo sito. Prodent Italia S.r.l. pu\u00f2 apportare in qualsiasi momento modifiche ai\u00a0materiali e ai servizi presenti in questo sito o ai prodotti e ai prezzi in esso indicati senza alcun preavviso. I materiali e i servizi\u00a0disponibili in questo sito possono non essere aggiornati e Prodent Italia S.r.l. non si assume l\u2019obbligo di aggiornarli. Le\u00a0informazioni pubblicate in questo sito possono fare riferimento a prodotti, programmi o servizi non disponibili in altri paesi o\u00a0in altri siti.<\/p>\n<p><strong>Collegamenti ad altri siti Web<\/strong><\/p>\n<p>I collegamenti presenti su questo Sito sono forniti esclusivamente per comodit\u00e0 dell\u2019utente. Se si utilizzano questi\u00a0collegamenti, si esce dal presente sito. Prodent Italia S.r.l. non ha esaminato tali siti, non li gestisce e non \u00e8 responsabile per il\u00a0materiale in essi contenuto. Prodent Italia S.r.l., pertanto, non offre alcuna garanzia e non formula alcuna dichiarazione in\u00a0relazione ad essi e alle informazioni, al software o ad altri prodotti, materiali o eventuali risultati ottenuti dall\u2019uso di questi siti.\u00a0L\u2019accesso ai siti di altri produttori tramite collegamenti presenti su questo Sito \u00e8 esclusiva responsabilit\u00e0 dell\u2019utente.\u00a0I collegamenti ai servizi di terze parti presenti sul nostro sito sono di propriet\u00e0 dei rispettivi produttori e come tali ne\u00a0detengono tutti i diritti.\u00a0Se la presenza di un collegamento (link) o marchio, non sia gradita da parte del rispettivo proprietario scrivere a\u00a0<a href=\"mailto:servizigenerali@prodentitalia.it\">servizigenerali@prodentitalia.it<\/a> per richiederne l\u2019immediata rimozione.<\/p>\n<p><strong>Informazioni inviate dall\u2019utente<\/strong><\/p>\n<p>Tutti i materiali, le informazioni e le altre comunicazioni trasmessi a Prodent Italia S.r.l. e pubblicati in questo sito verranno\u00a0considerati di carattere non riservato e non di propriet\u00e0. Prodent Italia S.r.l. non si assume alcun obbligo in relazione alle\u00a0comunicazioni. Prodent Italia S.r.l. e i suoi designati possono liberamente copiare, divulgare, distribuire, includere e in altro\u00a0modo utilizzare le comunicazioni e tutti i dati, le immagini, i suoni, i testi e gli altri materiali ivi incorporati a fini commerciali e\u00a0non.<\/p>\n<p><strong>Aggiornamenti<\/strong><\/p>\n<p>Prodent Italia S.r.l. pu\u00f2 rettificare le presenti condizioni in qualsiasi momento aggiornando questa pubblicazione. Si consiglia\u00a0di visitare periodicamente la presente pagina per prendere visione delle condizioni correnti, in quanto vincolanti per l\u2019utente.<\/p>\n<\/div><div class=\"fusion-clearfix\"><\/div><\/div><\/div><\/div><\/div>\n","protected":false},"excerpt":{"rendered":"","protected":false},"author":1,"featured_media":0,"parent":0,"menu_order":0,"comment_status":"closed","ping_status":"closed","template":"","meta":[],"yoast_head":"<!-- This site is optimized with the Yoast SEO plugin v14.7 - https:\/\/yoast.com\/wordpress\/plugins\/seo\/ -->\n<title>Utilizzo del sito - Area Pazienti Prodent<\/title>\n<meta name=\"robots\" content=\"index, follow\" \/>\n<meta name=\"googlebot\" content=\"index, follow, max-snippet:-1, max-image-preview:large, max-video-preview:-1\" \/>\n<meta name=\"bingbot\" content=\"index, follow, max-snippet:-1, max-image-preview:large, max-video-preview:-1\" \/>\n<link rel=\"canonical\" href=\"https:\/\/www.prodentitalia.eu\/it\/utilizzo-del-sito\/\" \/>\n<meta property=\"og:locale\" content=\"it_IT\" \/>\n<meta property=\"og:type\" content=\"article\" \/>\n<meta property=\"og:title\" content=\"Utilizzo del sito - Area Pazienti Prodent\" \/>\n<meta property=\"og:url\" content=\"https:\/\/www.prodentitalia.eu\/it\/utilizzo-del-sito\/\" \/>\n<meta property=\"og:site_name\" content=\"Area Pazienti Prodent\" \/>\n<meta property=\"article:modified_time\" content=\"2020-01-16T09:09:13+00:00\" \/>\n<meta name=\"twitter:card\" content=\"summary\" \/>\n<meta name=\"twitter:creator\" content=\"@pr0en7erad475\" \/>\n<script type=\"application\/ld+json\" class=\"yoast-schema-graph\">{\"@context\":\"https:\/\/schema.org\",\"@graph\":[{\"@type\":\"WebSite\",\"@id\":\"https:\/\/www.prodentitalia.eu\/it\/#website\",\"url\":\"https:\/\/www.prodentitalia.eu\/it\/\",\"name\":\"Area Pazienti Prodent\",\"description\":\"Prodent Italia l&#039;implantologia made in Italy\",\"potentialAction\":[{\"@type\":\"SearchAction\",\"target\":\"https:\/\/www.prodentitalia.eu\/it\/?s={search_term_string}\",\"query-input\":\"required name=search_term_string\"}],\"inLanguage\":\"it-IT\"},{\"@type\":\"WebPage\",\"@id\":\"https:\/\/www.prodentitalia.eu\/it\/utilizzo-del-sito\/#webpage\",\"url\":\"https:\/\/www.prodentitalia.eu\/it\/utilizzo-del-sito\/\",\"name\":\"Utilizzo del sito - Area Pazienti Prodent\",\"isPartOf\":{\"@id\":\"https:\/\/www.prodentitalia.eu\/it\/#website\"},\"datePublished\":\"2015-09-25T08:22:27+00:00\",\"dateModified\":\"2020-01-16T09:09:13+00:00\",\"inLanguage\":\"it-IT\",\"potentialAction\":[{\"@type\":\"ReadAction\",\"target\":[\"https:\/\/www.prodentitalia.eu\/it\/utilizzo-del-sito\/\"]}]}]}<\/script>\n<!-- \/ Yoast SEO plugin. -->","_links":{"self":[{"href":"https:\/\/www.prodentitalia.eu\/it\/wp-json\/wp\/v2\/pages\/11738"}],"collection":[{"href":"https:\/\/www.prodentitalia.eu\/it\/wp-json\/wp\/v2\/pages"}],"about":[{"href":"https:\/\/www.prodentitalia.eu\/it\/wp-json\/wp\/v2\/types\/page"}],"author":[{"embeddable":true,"href":"https:\/\/www.prodentitalia.eu\/it\/wp-json\/wp\/v2\/users\/1"}],"replies":[{"embeddable":true,"href":"https:\/\/www.prodentitalia.eu\/it\/wp-json\/wp\/v2\/comments?post=11738"}],"version-history":[{"count":2,"href":"https:\/\/www.prodentitalia.eu\/it\/wp-json\/wp\/v2\/pages\/11738\/revisions"}],"predecessor-version":[{"id":11951,"href":"https:\/\/www.prodentitalia.eu\/it\/wp-json\/wp\/v2\/pages\/11738\/revisions\/11951"}],"wp:attachment":[{"href":"https:\/\/www.prodentitalia.eu\/it\/wp-json\/wp\/v2\/media?parent=11738"}],"curies":[{"name":"wp","href":"https:\/\/api.w.org\/{rel}","templated":true}]}}