{"id":11442,"date":"2015-07-10T15:19:30","date_gmt":"2015-07-10T13:19:30","guid":{"rendered":"http:\/\/www.prodentitalia.eu\/it-pro\/?page_id=11442"},"modified":"2020-01-16T10:07:41","modified_gmt":"2020-01-16T09:07:41","slug":"prodent-dscan-3-plus","status":"publish","type":"page","link":"https:\/\/www.prodentitalia.eu\/itpro\/planet-prodent\/prodent-dscan-3-plus\/","title":{"rendered":"Prodent Dscan 3 Plus"},"content":{"rendered":"<div class=\"fusion-fullwidth fullwidth-box fusion-builder-row-1 hundred-percent-fullwidth non-hundred-percent-height-scrolling\"  style='background-color: rgba(255,255,255,0);background-position: center center;background-repeat: no-repeat;padding-top:0px;padding-right:0px;padding-bottom:0px;padding-left:0px;border-top-width:0px;border-bottom-width:0px;border-color:#eae9e9;border-top-style:solid;border-bottom-style:solid;'><div class=\"fusion-builder-row fusion-row \"><div  class=\"fusion-layout-column fusion_builder_column fusion_builder_column_1_1 fusion-builder-column-0 fusion-one-full fusion-column-first fusion-column-last 1_1\"  style='margin-top:0px;margin-bottom:20px;'><div class=\"fusion-column-wrapper\" style=\"background-position:left top;background-repeat:no-repeat;-webkit-background-size:cover;-moz-background-size:cover;-o-background-size:cover;background-size:cover;\"   data-bg-url=\"\"><span class=\"fusion-imageframe imageframe-none imageframe-1 hover-type-none\"><img src=\"https:\/\/www.prodentitalia.eu\/it-pro\/wp-content\/uploads\/sites\/12\/2015\/07\/planetprodent-3Dscan.png\"   alt=\"\" title=\"\" class=\"img-responsive\"\/><\/span><div class=\"fusion-text\"><p>Prodent <strong>Dscan3 Plus<\/strong> \u00e8 uno scanner a due assi ad alte prestazioni estremamente preciso, progettato appositamente per il settore dentale. Pu\u00f2 essere utilizzato in modalit\u00e0 predefinita oppure completamente personalizzabile nei parametri di acquisizione. Viene fornito con il software di modellazione e progettazione <strong>DentalCad <\/strong>gi\u00e0 installato ed \u00e8 predisposto per l\u2019eventuale successiva installazione del software <strong>Exocad<\/strong>.<\/p>\n<p>Prodent <strong>Dscan3 Plus<\/strong> \u00e8 l\u2019ultima generazione di scanner dentali a <strong>luce strutturata<\/strong>, dotato della <strong>tecnologia blue led <\/strong>che permette una scansione pi\u00f9 rapida e accurata in qualsiasi condizione di luce, catturando anche oggetti semiriflettenti, con una risoluzione fi no a<strong> 3.2 megapixel<\/strong>. ll processo di scansione \u00e8 completamente automatizzato e prevede un\u2019accuratezza fino a 15 micron. Prodent <strong>Dscan3 Plus<\/strong> offre massima precisione nell\u2019acquisizione dei pi\u00f9 piccoli particolari, fornendo una ricostruzione estremamente dettagliata.<\/p>\n<p><a href=\"https:\/\/www.prodentitalia.eu\/itpro\/planet-prodent\/parametri-di-settaggio\/\"><img loading=\"lazy\" class=\" size-full wp-image-11501 alignleft\" src=\"https:\/\/www.prodentitalia.eu\/it-pro\/wp-content\/uploads\/sites\/12\/2015\/07\/set-dscan.png\" alt=\"set-dscan\" width=\"451\" height=\"41\" srcset=\"https:\/\/www.prodentitalia.eu\/itpro\/wp-content\/uploads\/sites\/12\/2015\/07\/set-dscan-300x27.png 300w, https:\/\/www.prodentitalia.eu\/itpro\/wp-content\/uploads\/sites\/12\/2015\/07\/set-dscan.png 451w\" sizes=\"(max-width: 451px) 100vw, 451px\" \/><\/a><\/p>\n<\/div><div class=\"fusion-sep-clear\"><\/div><div class=\"fusion-separator fusion-full-width-sep sep-none\" style=\"margin-left: auto;margin-right: auto;margin-top:;\"><\/div><div class=\"fusion-clearfix\"><\/div><\/div><\/div><\/div><\/div>\n","protected":false},"excerpt":{"rendered":"","protected":false},"author":1,"featured_media":0,"parent":11431,"menu_order":1,"comment_status":"open","ping_status":"closed","template":"side-navigation.php","meta":[],"yoast_head":"<!-- This site is optimized with the Yoast SEO plugin v14.7 - https:\/\/yoast.com\/wordpress\/plugins\/seo\/ -->\n<title>Prodent Dscan 3 Plus - Area Professionisti Prodent<\/title>\n<meta name=\"robots\" content=\"index, follow\" \/>\n<meta name=\"googlebot\" content=\"index, follow, max-snippet:-1, max-image-preview:large, max-video-preview:-1\" \/>\n<meta name=\"bingbot\" content=\"index, follow, max-snippet:-1, max-image-preview:large, max-video-preview:-1\" \/>\n<link rel=\"canonical\" href=\"https:\/\/www.prodentitalia.eu\/itpro\/planet-prodent\/prodent-dscan-3-plus\/\" \/>\n<meta property=\"og:locale\" content=\"it_IT\" \/>\n<meta property=\"og:type\" content=\"article\" \/>\n<meta property=\"og:title\" content=\"Prodent Dscan 3 Plus - Area Professionisti Prodent\" \/>\n<meta property=\"og:url\" content=\"https:\/\/www.prodentitalia.eu\/itpro\/planet-prodent\/prodent-dscan-3-plus\/\" \/>\n<meta property=\"og:site_name\" content=\"Area Professionisti Prodent\" \/>\n<meta property=\"article:modified_time\" content=\"2020-01-16T09:07:41+00:00\" \/>\n<meta property=\"og:image\" content=\"https:\/\/www.prodentitalia.eu\/it-pro\/wp-content\/uploads\/sites\/12\/2015\/07\/planetprodent-3Dscan.png\" \/>\n<meta name=\"twitter:card\" content=\"summary\" \/>\n<meta name=\"twitter:creator\" content=\"@pr0en7erad475\" \/>\n<script type=\"application\/ld+json\" class=\"yoast-schema-graph\">{\"@context\":\"https:\/\/schema.org\",\"@graph\":[{\"@type\":\"WebSite\",\"@id\":\"https:\/\/www.prodentitalia.eu\/itpro\/#website\",\"url\":\"https:\/\/www.prodentitalia.eu\/itpro\/\",\"name\":\"Area Professionisti Prodent\",\"description\":\"Prodent Italia l&#039;implantologia made in Italy\",\"potentialAction\":[{\"@type\":\"SearchAction\",\"target\":\"https:\/\/www.prodentitalia.eu\/itpro\/?s={search_term_string}\",\"query-input\":\"required name=search_term_string\"}],\"inLanguage\":\"it-IT\"},{\"@type\":\"ImageObject\",\"@id\":\"https:\/\/www.prodentitalia.eu\/itpro\/planet-prodent\/prodent-dscan-3-plus\/#primaryimage\",\"inLanguage\":\"it-IT\",\"url\":\"https:\/\/www.prodentitalia.eu\/it-pro\/wp-content\/uploads\/sites\/12\/2015\/07\/planetprodent-3Dscan.png\"},{\"@type\":\"WebPage\",\"@id\":\"https:\/\/www.prodentitalia.eu\/itpro\/planet-prodent\/prodent-dscan-3-plus\/#webpage\",\"url\":\"https:\/\/www.prodentitalia.eu\/itpro\/planet-prodent\/prodent-dscan-3-plus\/\",\"name\":\"Prodent Dscan 3 Plus - Area Professionisti Prodent\",\"isPartOf\":{\"@id\":\"https:\/\/www.prodentitalia.eu\/itpro\/#website\"},\"primaryImageOfPage\":{\"@id\":\"https:\/\/www.prodentitalia.eu\/itpro\/planet-prodent\/prodent-dscan-3-plus\/#primaryimage\"},\"datePublished\":\"2015-07-10T13:19:30+00:00\",\"dateModified\":\"2020-01-16T09:07:41+00:00\",\"inLanguage\":\"it-IT\",\"potentialAction\":[{\"@type\":\"ReadAction\",\"target\":[\"https:\/\/www.prodentitalia.eu\/itpro\/planet-prodent\/prodent-dscan-3-plus\/\"]}]}]}<\/script>\n<!-- \/ Yoast SEO plugin. -->","_links":{"self":[{"href":"https:\/\/www.prodentitalia.eu\/itpro\/wp-json\/wp\/v2\/pages\/11442"}],"collection":[{"href":"https:\/\/www.prodentitalia.eu\/itpro\/wp-json\/wp\/v2\/pages"}],"about":[{"href":"https:\/\/www.prodentitalia.eu\/itpro\/wp-json\/wp\/v2\/types\/page"}],"author":[{"embeddable":true,"href":"https:\/\/www.prodentitalia.eu\/itpro\/wp-json\/wp\/v2\/users\/1"}],"replies":[{"embeddable":true,"href":"https:\/\/www.prodentitalia.eu\/itpro\/wp-json\/wp\/v2\/comments?post=11442"}],"version-history":[{"count":9,"href":"https:\/\/www.prodentitalia.eu\/itpro\/wp-json\/wp\/v2\/pages\/11442\/revisions"}],"predecessor-version":[{"id":13497,"href":"https:\/\/www.prodentitalia.eu\/itpro\/wp-json\/wp\/v2\/pages\/11442\/revisions\/13497"}],"up":[{"embeddable":true,"href":"https:\/\/www.prodentitalia.eu\/itpro\/wp-json\/wp\/v2\/pages\/11431"}],"wp:attachment":[{"href":"https:\/\/www.prodentitalia.eu\/itpro\/wp-json\/wp\/v2\/media?parent=11442"}],"curies":[{"name":"wp","href":"https:\/\/api.w.org\/{rel}","templated":true}]}}