{"id":11266,"date":"2015-07-29T14:26:52","date_gmt":"2015-07-29T12:26:52","guid":{"rendered":"http:\/\/www.prodentitalia.eu\/pt\/?page_id=11266"},"modified":"2020-01-17T19:12:19","modified_gmt":"2020-01-17T18:12:19","slug":"privacy-policy","status":"publish","type":"page","link":"https:\/\/www.prodentitalia.eu\/pt\/privacy-policy\/","title":{"rendered":"Pol\u00edtica de Privacidade"},"content":{"rendered":"<div class=\"fusion-fullwidth fullwidth-box fusion-builder-row-1 nonhundred-percent-fullwidth non-hundred-percent-height-scrolling\"  style='background-color: rgba(255,255,255,0);background-position: left top;background-repeat: no-repeat;padding-top:20px;padding-bottom:20px;border-top-width:0px;border-bottom-width:0px;border-color:#eae9e9;border-top-style:solid;border-bottom-style:solid;'><div class=\"fusion-builder-row fusion-row \"><div  class=\"fusion-layout-column fusion_builder_column fusion_builder_column_1_1 fusion-builder-column-0 fusion-one-full fusion-column-first fusion-column-last 1_1\"  style='margin-top:0px;margin-bottom:20px;'><div class=\"fusion-column-wrapper\" style=\"background-position:left top;background-repeat:no-repeat;-webkit-background-size:cover;-moz-background-size:cover;-o-background-size:cover;background-size:cover;\"   data-bg-url=\"\"><div class=\"fusion-text\"><p style=\"text-align: justify\"><strong>INFORMA\u00c7\u00d5ES SOBRE PRIVACIDADE NOS TERMOS DO ART.\u00ba 13 DO REGULAMENTO 679\/2016 da Prodent Italia Srl<\/strong><\/p>\n<p style=\"text-align: justify\">Pela presente fornecemos todas as informa\u00e7\u00f5es necess\u00e1rias para descrever os diversos tratamentos realizados pela Prodent Italia no \u00e2mbito das suas atividades normais.<\/p>\n<ol style=\"text-align: justify\">\n<li><strong>RESPONS\u00c1VEL PELO TRATAMENTO DOS DADOS<\/strong><\/li>\n<\/ol>\n<p style=\"text-align: justify\">Prodent Italia Srl<br \/>\nVia Pitagora, 9 &#8211; 20016 Pero MI (It\u00e1lia)<br \/>\ne-mail: privacy@prodentitalia.eu<\/p>\n<ol style=\"text-align: justify\" start=\"2\">\n<li><strong>DADOS RECOLHIDOS, FINALIDADE E PRAZO DE CONSERVA\u00c7\u00c3O<\/strong><\/li>\n<\/ol>\n<p style=\"text-align: justify\">Indicamos a seguir todos os tipos de dados e a finalidade do tratamento relacionada com a atividade da Prodent Italia:<\/p>\n<ul style=\"text-align: justify\">\n<li><strong>Dados fornecidos pelo utilizador no \u00e2mbito da navega\u00e7\u00e3o pelo site:\u00a0<\/strong>S\u00e3o os dados fornecidos, por exemplo, quando o utilizador solicita informa\u00e7\u00f5es preenchendo os formul\u00e1rios (form) apropriados no site ou escrevendo para os endere\u00e7os de email ou telefonando para os n\u00fameros de telefone presentes no site. Tais dados s\u00e3o fornecidos pelo utilizador de modo facultativo e ser\u00e3o utilizados para os fins estritamente relacionados com a presta\u00e7\u00e3o do servi\u00e7o solicitado pelo utilizador. O utilizador assume a responsabilidade pelos dados pessoais de terceiros publicados ou partilhados atrav\u00e9s deste site e garante ter o direito de os comunicar ou divulgar, exonerando o Respons\u00e1vel de quaisquer responsabilidades perante terceiros.<\/li>\n<\/ul>\n<ul style=\"text-align: justify\">\n<li><strong>Dados fornecidos durante eventos, feiras ou cursos:\u00a0<\/strong>A Prodent Italia organiza, coordena e patrocina diversos eventos e reuni\u00f5es com os profissionais do setor que poder\u00e3o ainda n\u00e3o ser nossos clientes. Nessas situa\u00e7\u00f5es podem ser recolhidos os dados dos participantes que ser\u00e3o utilizados para satisfazer eventuais pedidos, apresentar a empresa e para enviar a nossa newsletter. Caso o utilizador n\u00e3o subscreva a proposta, os seus dados recolhidos na ficha de contactos ser\u00e3o conservados para fins de an\u00e1lise interna por um ano e posteriormente cancelados.<\/li>\n<\/ul>\n<ul style=\"text-align: justify\">\n<li><strong>Envio de comunica\u00e7\u00f5es promocionais\u00a0<\/strong><strong>relativas aos produtos e servi\u00e7os<\/strong>\u00a0<strong>fornecidos, eventos e cursos com eles relacionados:\u00a0<\/strong>A Prodent Italia compromete-se a manter sempre atualizados os seus clientes e potenciais clientes sobre iniciativas de elevado valor acrescentado, como cursos profissionais ou a\u00e7\u00f5es de forma\u00e7\u00e3o, assim como relativamente a produtos e servi\u00e7os oferecidos.<br \/>\nPara esse efeito, prop\u00f5e-se aos clientes que prestem o seu consentimento \u00e0 utiliza\u00e7\u00e3o do e-mail, concedido na fase de compila\u00e7\u00e3o do registo ou fornecimento dos seus dados, para receber a nossa newsletter\/comunica\u00e7\u00f5es\u00a0promocionais. A falta de consentimento \u00e0 utiliza\u00e7\u00e3o do e-mail para receber a newsletter ou a revoga\u00e7\u00e3o do mesmo n\u00e3o influenciar\u00e3o, de modo algum, a manuten\u00e7\u00e3o da rela\u00e7\u00e3o comercial, n\u00e3o impedindo o profissional de ser informado sobre as \u00faltimas novidades e melhores pr\u00e1ticas do setor. O interessado, no entanto, pode revogar o consentimento a qualquer momento e com plena autonomia atrav\u00e9s da respetiva funcionalidade existente na parte final de todas as comunica\u00e7\u00f5es. Desse modo, o seu endere\u00e7o de e-mail ser\u00e1 imediatamente eliminado da mailing list\u00a0promocional, sendo utilizado unicamente para as obriga\u00e7\u00f5es legais especificadas nesta pol\u00edtica de privacidade.<\/li>\n<\/ul>\n<ul style=\"text-align: justify\">\n<li><strong>Foto e V\u00eddeo:<\/strong>\u00a0A Prodent Italia considera a realiza\u00e7\u00e3o de material videofotogr\u00e1fico um elemento importante para o desenvolvimento da sua atividade e para a promo\u00e7\u00e3o da imagem empresarial. Desse modo, em todas as situa\u00e7\u00f5es em que a Prodent esteja envolvida (reuni\u00f5es, feiras, congressos, cursos) \u00e9 poss\u00edvel que venham a ser gravados v\u00eddeos e recolhido material fotogr\u00e1fico que ser\u00e1 depois utilizado para criar material did\u00e1tico, clinico, promocional e comercial. Os interessados s\u00e3o previamente informados dessas iniciativas e podem recusar ou revogar o seu consentimento \u00e0 utiliza\u00e7\u00e3o da sua imagem a qualquer momento. Garante-se que as imagens s\u00e3o realizadas de modo n\u00e3o lesar a dignidade pessoal e o decoro do interessado que poder\u00e1, ainda, visualizar as imagens e solicitar a sua altera\u00e7\u00e3o ou cancelamento dirigindo-se a:\u00a0<a href=\"mailto:privacy@prodentitalia.eu\">privacy@prodentitalia.eu<\/a>\u00a0O material realizado ser\u00e1 conservado nos arquivos da Prodent pelo prazo de 10 anos a contar da sua realiza\u00e7\u00e3o.<\/li>\n<\/ul>\n<ul style=\"text-align: justify\">\n<li><strong>Dados relativos \u00e0 gest\u00e3o de clientes (encomendas, fatura\u00e7\u00e3o, &#8230;) e cumprimento de obriga\u00e7\u00f5es legais em contabilidade, impostos e dispositivos m\u00e9dicos:\u00a0<\/strong>na fase de celebra\u00e7\u00e3o de um contrato ou de uma encomenda comercial s\u00e3o recolhidos os dados estritamente necess\u00e1rios para a plena satisfa\u00e7\u00e3o do que \u00e9 pretendido, incluindo o endere\u00e7o de e-mail. A falta ou disponibiliza\u00e7\u00e3o parcial dos dados solicitados para esse efeito implicar\u00e3o a impossibilidade de satisfazer a encomenda ou prestar o servi\u00e7o. \u00c9 poss\u00edvel que alguns dados n\u00e3o estejam\u00a0atualizados e convidamo-lo a assinalar a corre\u00e7\u00e3o atrav\u00e9s dos canais de comunica\u00e7\u00e3o habituais com a Prodent Italia. Tais dados ser\u00e3o conservados durante todo o per\u00edodo em que se mantiver a rela\u00e7\u00e3o e durante o prazo previsto pelas normas contabil\u00edsticas fiscais e sobre Dispositivos M\u00e9dicos.<\/li>\n<\/ul>\n<ul style=\"text-align: justify\">\n<li><strong>Informa\u00e7\u00f5es para candidaturas:\u00a0<\/strong>os curr\u00edculos e as informa\u00e7\u00f5es enviadas, mesmo atrav\u00e9s da respetiva sec\u00e7\u00e3o do site da internet, ser\u00e3o utilizados exclusivamente para avaliar eventuais candidaturas. N\u00e3o est\u00e1 prevista uma resposta no caso de a pessoa n\u00e3o ser selecionada. Os CV n\u00e3o selecionados ser\u00e3o mantidos durante um prazo m\u00e1ximo de 3 anos e recorda-se que, sempre que no CV estejam presentes informa\u00e7\u00f5es de tipo sanit\u00e1rio (ex. categoria protegida) ser\u00e1 poss\u00edvel trat\u00e1-las exclusivamente na presen\u00e7a do consentimento do interessado expresso na parte final do pr\u00f3prio CV.<\/li>\n<\/ul>\n<ol style=\"text-align: justify\" start=\"3\">\n<li><strong>DESTINAT\u00c1RIOS E ENVIO PARA O ESTRANGEIRO<\/strong><\/li>\n<\/ol>\n<p style=\"text-align: justify\">Os dados recolhidos ser\u00e3o tratados pelo pessoal da Prodent Italia e ser\u00e3o inseridos em documentos, registos e comprovativos que poder\u00e3o vir a ser transmitidos \u00e0s entidades a quem as disposi\u00e7\u00f5es legais conferem o direito de acesso ou \u00e0s entidades para quem a transmiss\u00e3o se torne necess\u00e1ria para o desenvolvimento da atividade ou a presta\u00e7\u00e3o dos servi\u00e7os solicitados (por exemplo, pessoal administrativo, comercial, de marketing, jur\u00eddico, sociedades e consultores que realizam fornecimentos e prestam servi\u00e7os de assist\u00eancia inform\u00e1tica, hosting provider, servi\u00e7os postais, produ\u00e7\u00e3o de material videofotogr\u00e1fico). Todas as entidades externas s\u00e3o devidamente contratualizadas. N\u00e3o est\u00e1 previsto o envio para o estrangeiro.<\/p>\n<ol style=\"text-align: justify\" start=\"4\">\n<li><strong>DIREITOS DO INTERESSADO<\/strong><\/li>\n<\/ol>\n<p style=\"text-align: left\">O interessado poder\u00e1 fazer valer a qualquer momento \u2013 dirigindo-se ao respons\u00e1vel pelo tratamento atrav\u00e9s do envio de um e-mail para o endere\u00e7o\u00a0<a href=\"mailto:privacy@prodentitalia.eu\">privacy@prodentitalia.eu<\/a>\u00a0\u2013 os direitos a que se refere a sec\u00e7\u00e3o 3 do Regulamento 679\/2016, entre eles:<\/p>\n<ul>\n<li style=\"text-align: justify\">Solicitar o acesso ao seus dados pessoais e pedir a retifica\u00e7\u00e3o, o cancelamento ou a limita\u00e7\u00e3o do tratamento.<\/li>\n<li style=\"text-align: justify\">Conhecer a finalidade do tratamento, as categorias dos dados tratados, os destinat\u00e1rios a quem os dados ser\u00e3o comunicados, o per\u00edodo de conserva\u00e7\u00e3o.<\/li>\n<li style=\"text-align: justify\">Revogar o consentimento (quando solicitado) a qualquer momento recordando as consequ\u00eancias dessa op\u00e7\u00e3o<\/li>\n<li style=\"text-align: justify\">Solicitar o cancelamento (quando poss\u00edvel) dos dados que j\u00e1 n\u00e3o foram necess\u00e1rios para os efeitos que tenham sido recolhidos,<\/li>\n<li style=\"text-align: justify\">Opor-se ao tratamento de defini\u00e7\u00e3o de perfis ou marketing direto<\/li>\n<li style=\"text-align: justify\">Apresentar uma reclama\u00e7\u00e3o \u00e0 autoridade Garante de privacidade.<\/li>\n<\/ul>\n<\/div><div class=\"fusion-clearfix\"><\/div><\/div><\/div><\/div><\/div>\n","protected":false},"excerpt":{"rendered":"","protected":false},"author":1,"featured_media":0,"parent":0,"menu_order":0,"comment_status":"open","ping_status":"open","template":"100-width.php","meta":[],"yoast_head":"<!-- This site is optimized with the Yoast SEO plugin v14.7 - https:\/\/yoast.com\/wordpress\/plugins\/seo\/ -->\n<title>Pol\u00edtica de Privacidade - Prodent Italia - A implantologia Made in Italy<\/title>\n<meta name=\"robots\" content=\"index, follow\" \/>\n<meta name=\"googlebot\" content=\"index, follow, max-snippet:-1, max-image-preview:large, max-video-preview:-1\" \/>\n<meta name=\"bingbot\" content=\"index, follow, max-snippet:-1, max-image-preview:large, max-video-preview:-1\" \/>\n<link rel=\"canonical\" href=\"https:\/\/www.prodentitalia.eu\/pt\/privacy-policy\/\" \/>\n<meta property=\"og:locale\" content=\"pt_PT\" \/>\n<meta property=\"og:type\" content=\"article\" \/>\n<meta property=\"og:title\" content=\"Pol\u00edtica de Privacidade - Prodent Italia - A implantologia Made in Italy\" \/>\n<meta property=\"og:url\" content=\"https:\/\/www.prodentitalia.eu\/pt\/privacy-policy\/\" \/>\n<meta property=\"og:site_name\" content=\"Prodent Italia - A implantologia Made in Italy\" \/>\n<meta property=\"article:modified_time\" content=\"2020-01-17T18:12:19+00:00\" \/>\n<meta name=\"twitter:card\" content=\"summary\" \/>\n<meta name=\"twitter:creator\" content=\"@pr0en7erad475\" \/>\n<script type=\"application\/ld+json\" class=\"yoast-schema-graph\">{\"@context\":\"https:\/\/schema.org\",\"@graph\":[{\"@type\":\"WebSite\",\"@id\":\"https:\/\/www.prodentitalia.eu\/pt\/#website\",\"url\":\"https:\/\/www.prodentitalia.eu\/pt\/\",\"name\":\"Prodent Italia - A implantologia Made in Italy\",\"description\":\"L&#039;implantologia made in Italy\",\"potentialAction\":[{\"@type\":\"SearchAction\",\"target\":\"https:\/\/www.prodentitalia.eu\/pt\/?s={search_term_string}\",\"query-input\":\"required name=search_term_string\"}],\"inLanguage\":\"pt-PT\"},{\"@type\":\"WebPage\",\"@id\":\"https:\/\/www.prodentitalia.eu\/pt\/privacy-policy\/#webpage\",\"url\":\"https:\/\/www.prodentitalia.eu\/pt\/privacy-policy\/\",\"name\":\"Pol\\u00edtica de Privacidade - Prodent Italia - A implantologia Made in Italy\",\"isPartOf\":{\"@id\":\"https:\/\/www.prodentitalia.eu\/pt\/#website\"},\"datePublished\":\"2015-07-29T12:26:52+00:00\",\"dateModified\":\"2020-01-17T18:12:19+00:00\",\"inLanguage\":\"pt-PT\",\"potentialAction\":[{\"@type\":\"ReadAction\",\"target\":[\"https:\/\/www.prodentitalia.eu\/pt\/privacy-policy\/\"]}]}]}<\/script>\n<!-- \/ Yoast SEO plugin. -->","_links":{"self":[{"href":"https:\/\/www.prodentitalia.eu\/pt\/wp-json\/wp\/v2\/pages\/11266"}],"collection":[{"href":"https:\/\/www.prodentitalia.eu\/pt\/wp-json\/wp\/v2\/pages"}],"about":[{"href":"https:\/\/www.prodentitalia.eu\/pt\/wp-json\/wp\/v2\/types\/page"}],"author":[{"embeddable":true,"href":"https:\/\/www.prodentitalia.eu\/pt\/wp-json\/wp\/v2\/users\/1"}],"replies":[{"embeddable":true,"href":"https:\/\/www.prodentitalia.eu\/pt\/wp-json\/wp\/v2\/comments?post=11266"}],"version-history":[{"count":12,"href":"https:\/\/www.prodentitalia.eu\/pt\/wp-json\/wp\/v2\/pages\/11266\/revisions"}],"predecessor-version":[{"id":11319,"href":"https:\/\/www.prodentitalia.eu\/pt\/wp-json\/wp\/v2\/pages\/11266\/revisions\/11319"}],"wp:attachment":[{"href":"https:\/\/www.prodentitalia.eu\/pt\/wp-json\/wp\/v2\/media?parent=11266"}],"curies":[{"name":"wp","href":"https:\/\/api.w.org\/{rel}","templated":true}]}}