{"id":11083,"date":"2015-07-07T10:37:41","date_gmt":"2015-07-07T08:37:41","guid":{"rendered":"http:\/\/www.prodentitalia.eu\/ptpa\/?page_id=11083"},"modified":"2023-01-24T10:41:24","modified_gmt":"2023-01-24T09:41:24","slug":"prodent-azienda-produzione-servizi","status":"publish","type":"page","link":"https:\/\/www.prodentitalia.eu\/ptpa\/prodent-azienda-produzione-servizi\/","title":{"rendered":"Apresenta\u00e7\u00e3o da Empresa"},"content":{"rendered":"<p><div class=\"fusion-fullwidth fullwidth-box fusion-builder-row-1 fusion-parallax-fixed nonhundred-percent-fullwidth non-hundred-percent-height-scrolling\"  style='background-color: rgba(255,255,255,0);background-image: url(\"https:\/\/www.prodentitalia.eu\/ptpa\/wp-content\/uploads\/sites\/41\/2015\/07\/bkg-azienda5.jpg\");background-position: right top;background-repeat: no-repeat;padding-top:0px;padding-bottom:0px;border-top-width:0px;border-bottom-width:0px;border-color:#eae9e9;border-top-style:solid;border-bottom-style:solid;-webkit-background-size:cover;-moz-background-size:cover;-o-background-size:cover;background-size:cover;background-attachment:fixed;'><div class=\"fusion-builder-row fusion-row \"><div  class=\"fusion-layout-column fusion_builder_column fusion_builder_column_2_3 fusion-builder-column-0 fusion-two-third fusion-column-first 2_3\"  style='margin-top:90px;margin-bottom:90px;width:65.3333%; margin-right: 4%;'><div class=\"fusion-column-wrapper\" style=\"padding: 30px 30px 30px 30px;background-position:left top;background-repeat:no-repeat;-webkit-background-size:cover;-moz-background-size:cover;-o-background-size:cover;background-size:cover;\"   data-bg-url=\"\"><div class=\"fusion-text\"><h1 style=\"text-align: left\"><span style=\"color: #ffffff\">Situada perto de Mil\u00e3o, a Prodent Italia projeta e produz sistemas de implantes desde quando a implantologia foi introduzida em It\u00e1lia.<\/span><\/h1>\n<h2 style=\"text-align: left\"><span style=\"color: #ffffff\">Os titulares e administradores garantem estabilidade e crescimento gra\u00e7as \u00e0 aten\u00e7\u00e3o para com a pesquisa e ao suporte cont\u00ednuo dos estudos odontol\u00f3gicos. <\/span><\/h2>\n<\/div><div class=\"fusion-clearfix\"><\/div><\/div><\/div><\/div><\/div><div class=\"fusion-fullwidth fullwidth-box fusion-builder-row-2 nonhundred-percent-fullwidth non-hundred-percent-height-scrolling\"  style='background-color: #ffffff;background-position: left top;background-repeat: no-repeat;padding-top:0px;padding-right:0px;padding-bottom:0px;padding-left:0px;border-top-width:0px;border-bottom-width:0px;border-color:#eae9e9;border-top-style:solid;border-bottom-style:solid;'><div class=\"fusion-builder-row fusion-row \"><div  class=\"fusion-layout-column fusion_builder_column fusion_builder_column_1_2 fusion-builder-column-1 fusion-one-half fusion-column-first 1_2\"  style='margin-top:20px;margin-bottom:20px;width:48%; margin-right: 4%;'><div class=\"fusion-column-wrapper\" style=\"padding: 30px 30px 30px 30px;background-position:left top;background-repeat:no-repeat;-webkit-background-size:cover;-moz-background-size:cover;-o-background-size:cover;background-size:cover;\"   data-bg-url=\"\"><div class=\"fusion-text\"><h1 style=\"text-align: left\"><span style=\"color: #008dbd\">Pesquisa<\/span><\/h1>\n<p style=\"text-align: left\"><img loading=\"lazy\" class=\"alignleft size-full wp-image-11726\" src=\"https:\/\/www.prodentitalia.eu\/ptpa\/wp-content\/uploads\/sites\/41\/2015\/07\/ico-research45.png\" alt=\"ico-research45\" width=\"45\" height=\"45\" \/>Para realizar um novo implante, o ideal \u00e9 que tr\u00eas &#8220;sectores&#8221; trabalhem em conjunto: o &#8220;mundo&#8221; cl\u00ednico, t\u00e9cnico e de produto. As especifica\u00e7\u00f5es e os pedidos s\u00e3o efetuados por odontologistas experientes, que trazem ideias inovadoras voltadas para a supera\u00e7\u00e3o dos limites encontrados no trabalho em campo.<\/p>\n<p>O &#8220;mundo&#8221; do produto traduz as exig\u00eancias daquele cl\u00ednico num plano de projeto; ent\u00e3o, o sector t\u00e9cnico, composto por bioengenheiros, projeta o sistema de implantes com base nos requisitos de viabilidade biomec\u00e2nica do implante, que deve se integrar no osso e resistir \u00e0s for\u00e7as de carga. Para o teste de carga est\u00e1tica e din\u00e2mica, a Prodent Italia conta com a colabora\u00e7\u00e3o do Laborat\u00f3rio LaBS (Laboratory of Biological Structured Mechanics) do Polit\u00e9cnico de Mil\u00e3o.<\/p>\n<\/div><div class=\"fusion-clearfix\"><\/div><\/div><\/div><div  class=\"fusion-layout-column fusion_builder_column fusion_builder_column_1_2 fusion-builder-column-2 fusion-one-half fusion-column-last 1_2\"  style='margin-top:20px;margin-bottom:20px;width:48%'><div class=\"fusion-column-wrapper\" style=\"padding: 30px 30px 30px 30px;background-position:left top;background-repeat:no-repeat;-webkit-background-size:cover;-moz-background-size:cover;-o-background-size:cover;background-size:cover;\"   data-bg-url=\"\"><div class=\"fusion-text\"><h1><span style=\"color: #008dbd\">Certifica\u00e7\u00f5es<\/span><\/h1>\n<p><img loading=\"lazy\" class=\"alignleft size-full wp-image-11727\" src=\"https:\/\/www.prodentitalia.eu\/ptpa\/wp-content\/uploads\/sites\/41\/2015\/07\/ico-quality45.png\" alt=\"ico-quality45\" width=\"45\" height=\"45\" \/>A Prodent Italia possui um Sistema de Gest\u00e3o de Qualidade em conformidade com as norma UNI CEI EN ISO 13485.<\/p>\n<p>As primeiras certifica\u00e7\u00f5es expedidas \u00e0 Prodent Italia, remontam a 1998.<\/p>\n<div class=\"fusion-title title fusion-title-size-one\">\n<div class=\"fusion-title title fusion-title-size-one\">\n<h1 class=\"title-heading-left\">Atestado<\/h1>\n<\/div>\n<p>Atestado <a href=\"https:\/\/www.prodentitalia.eu\/pdf\/pro-it\/UNI-CEI-EN-ISO-13485-2016-.pdf\" target=\"_blank\" rel=\"noopener noreferrer\">UNI CEI EN ISO 13485 &gt;<\/a><\/p>\n<p><a href=\"https:\/\/www.prodentitalia.eu\/pdf\/pro-it\/Certiquality-25688-Impianti-Dentali-Endoossei-21.05.21.pdf\" target=\"_blank\" rel=\"noopener noreferrer\">Atestado Certiquality n. 25688 \u2013 Impianti Dentali Endoossei<\/a><\/p>\n<p><a href=\"https:\/\/www.prodentitalia.eu\/pdf\/pro-it\/25687_030518.pdf\" target=\"_blank\" rel=\"noopener noreferrer\">Atestado Certiquality n. 25687- Componentistica Protesica<\/a><\/p>\n<p><a href=\"https:\/\/www.prodentitalia.eu\/pdf\/pro-it\/25686_030518.pdf\" target=\"_blank\" rel=\"noopener noreferrer\">Atestado Certiquality n. 25686 \u2013 Strumentario ed accessori<\/a><\/p>\n<\/div>\n<\/div><div class=\"fusion-clearfix\"><\/div><\/div><\/div><\/div><\/div><\/p>\n","protected":false},"excerpt":{"rendered":"","protected":false},"author":1,"featured_media":0,"parent":0,"menu_order":0,"comment_status":"open","ping_status":"open","template":"100-width.php","meta":[],"yoast_head":"<!-- This site is optimized with the Yoast SEO plugin v14.7 - https:\/\/yoast.com\/wordpress\/plugins\/seo\/ -->\n<title>Apresenta\u00e7\u00e3o da Empresa - \u00c1rea Pacientes Prodent Italia<\/title>\n<meta name=\"robots\" content=\"index, follow\" \/>\n<meta name=\"googlebot\" content=\"index, follow, max-snippet:-1, max-image-preview:large, max-video-preview:-1\" \/>\n<meta name=\"bingbot\" content=\"index, follow, max-snippet:-1, max-image-preview:large, max-video-preview:-1\" \/>\n<link rel=\"canonical\" href=\"https:\/\/www.prodentitalia.eu\/ptpa\/prodent-azienda-produzione-servizi\/\" \/>\n<meta property=\"og:locale\" content=\"pt_PT\" \/>\n<meta property=\"og:type\" content=\"article\" \/>\n<meta property=\"og:title\" content=\"Apresenta\u00e7\u00e3o da Empresa - \u00c1rea Pacientes Prodent Italia\" \/>\n<meta property=\"og:url\" content=\"https:\/\/www.prodentitalia.eu\/ptpa\/prodent-azienda-produzione-servizi\/\" \/>\n<meta property=\"og:site_name\" content=\"\u00c1rea Pacientes Prodent Italia\" \/>\n<meta property=\"article:modified_time\" content=\"2023-01-24T09:41:24+00:00\" \/>\n<meta property=\"og:image\" content=\"https:\/\/www.prodentitalia.eu\/ptpa\/wp-content\/uploads\/sites\/41\/2015\/07\/ico-research45.png\" \/>\n<meta name=\"twitter:card\" content=\"summary\" \/>\n<meta name=\"twitter:creator\" content=\"@pr0en7erad475\" \/>\n<script type=\"application\/ld+json\" class=\"yoast-schema-graph\">{\"@context\":\"https:\/\/schema.org\",\"@graph\":[{\"@type\":\"WebSite\",\"@id\":\"https:\/\/www.prodentitalia.eu\/ptpa\/#website\",\"url\":\"https:\/\/www.prodentitalia.eu\/ptpa\/\",\"name\":\"\\u00c1rea Pacientes Prodent Italia\",\"description\":\"Prodent Italia l&#039;implantologia made in Italy\",\"potentialAction\":[{\"@type\":\"SearchAction\",\"target\":\"https:\/\/www.prodentitalia.eu\/ptpa\/?s={search_term_string}\",\"query-input\":\"required name=search_term_string\"}],\"inLanguage\":\"pt-PT\"},{\"@type\":\"ImageObject\",\"@id\":\"https:\/\/www.prodentitalia.eu\/ptpa\/prodent-azienda-produzione-servizi\/#primaryimage\",\"inLanguage\":\"pt-PT\",\"url\":\"https:\/\/www.prodentitalia.eu\/ptpa\/wp-content\/uploads\/sites\/41\/2015\/07\/ico-research45.png\",\"width\":45,\"height\":45},{\"@type\":\"WebPage\",\"@id\":\"https:\/\/www.prodentitalia.eu\/ptpa\/prodent-azienda-produzione-servizi\/#webpage\",\"url\":\"https:\/\/www.prodentitalia.eu\/ptpa\/prodent-azienda-produzione-servizi\/\",\"name\":\"Apresenta\\u00e7\\u00e3o da Empresa - \\u00c1rea Pacientes Prodent Italia\",\"isPartOf\":{\"@id\":\"https:\/\/www.prodentitalia.eu\/ptpa\/#website\"},\"primaryImageOfPage\":{\"@id\":\"https:\/\/www.prodentitalia.eu\/ptpa\/prodent-azienda-produzione-servizi\/#primaryimage\"},\"datePublished\":\"2015-07-07T08:37:41+00:00\",\"dateModified\":\"2023-01-24T09:41:24+00:00\",\"inLanguage\":\"pt-PT\",\"potentialAction\":[{\"@type\":\"ReadAction\",\"target\":[\"https:\/\/www.prodentitalia.eu\/ptpa\/prodent-azienda-produzione-servizi\/\"]}]}]}<\/script>\n<!-- \/ Yoast SEO plugin. -->","_links":{"self":[{"href":"https:\/\/www.prodentitalia.eu\/ptpa\/wp-json\/wp\/v2\/pages\/11083"}],"collection":[{"href":"https:\/\/www.prodentitalia.eu\/ptpa\/wp-json\/wp\/v2\/pages"}],"about":[{"href":"https:\/\/www.prodentitalia.eu\/ptpa\/wp-json\/wp\/v2\/types\/page"}],"author":[{"embeddable":true,"href":"https:\/\/www.prodentitalia.eu\/ptpa\/wp-json\/wp\/v2\/users\/1"}],"replies":[{"embeddable":true,"href":"https:\/\/www.prodentitalia.eu\/ptpa\/wp-json\/wp\/v2\/comments?post=11083"}],"version-history":[{"count":84,"href":"https:\/\/www.prodentitalia.eu\/ptpa\/wp-json\/wp\/v2\/pages\/11083\/revisions"}],"predecessor-version":[{"id":19907,"href":"https:\/\/www.prodentitalia.eu\/ptpa\/wp-json\/wp\/v2\/pages\/11083\/revisions\/19907"}],"wp:attachment":[{"href":"https:\/\/www.prodentitalia.eu\/ptpa\/wp-json\/wp\/v2\/media?parent=11083"}],"curies":[{"name":"wp","href":"https:\/\/api.w.org\/{rel}","templated":true}]}}