{"id":11669,"date":"2015-07-17T08:08:18","date_gmt":"2015-07-17T06:08:18","guid":{"rendered":"http:\/\/www.prodentitalia.eu\/ptpa\/?page_id=11669"},"modified":"2020-01-17T19:13:24","modified_gmt":"2020-01-17T18:13:24","slug":"scopri-di-piu-sugli-impianti-dentali","status":"publish","type":"page","link":"https:\/\/www.prodentitalia.eu\/ptpa\/scopri-di-piu-sugli-impianti-dentali\/","title":{"rendered":"Descubra mais sobre os implantes dent\u00e1rios"},"content":{"rendered":"<p><div class=\"fusion-fullwidth fullwidth-box fusion-builder-row-1 nonhundred-percent-fullwidth non-hundred-percent-height-scrolling\"  style='background-color: rgba(255,255,255,0);background-position: left top;background-repeat: no-repeat;border-top-width:0px;border-bottom-width:0px;border-color:#eae9e9;border-top-style:solid;border-bottom-style:solid;'><div class=\"fusion-builder-row fusion-row \"><div  class=\"fusion-layout-column fusion_builder_column fusion_builder_column_1_2 fusion-builder-column-0 fusion-one-half fusion-column-first 1_2\"  style='margin-top:0px;margin-bottom:0px;width:48%; margin-right: 4%;'><div class=\"fusion-column-wrapper\" style=\"background-position:left top;background-repeat:no-repeat;-webkit-background-size:cover;-moz-background-size:cover;-o-background-size:cover;background-size:cover;\"   data-bg-url=\"\"><span class=\"fusion-imageframe imageframe-none imageframe-1 hover-type-none\"><img loading=\"lazy\" src=\"https:\/\/www.prodentitalia.eu\/ptpa\/wp-content\/uploads\/sites\/41\/2015\/07\/pazienti01.jpg\" width=\"500\" height=\"500\" alt=\"\" title=\"pazienti01\" class=\"img-responsive wp-image-11677\"\/><\/span><div class=\"fusion-clearfix\"><\/div><\/div><\/div><div  class=\"fusion-layout-column fusion_builder_column fusion_builder_column_1_2 fusion-builder-column-1 fusion-one-half fusion-column-last 1_2\"  style='margin-top:0px;margin-bottom:20px;width:48%'><div class=\"fusion-column-wrapper\" style=\"background-position:left top;background-repeat:no-repeat;-webkit-background-size:cover;-moz-background-size:cover;-o-background-size:cover;background-size:cover;\"   data-bg-url=\"\"><div class=\"fusion-text\"><p>A perda parcial ou total dos dentes representa, para as pessoas adultas, uma decad\u00eancia psico-emotiva e f\u00edsica importante.<\/p>\n<p>Os implantes dent\u00e1rios biocompat\u00edveis em tit\u00e2nio s\u00e3o a \u00fanica solu\u00e7\u00e3o odontol\u00f3gica real para restabelecer novamente os pr\u00f3prios dentes, fortes e bonitos como aqueles naturais, para lhe proporcionar a alegria de viver. O implante dent\u00e1rio \u00e9 o substituto artificial da raiz do dente, no qual ser\u00e3o fixadas as pr\u00f3teses dent\u00e1rias.<\/p>\n<p><strong>As vantagens de uma escolha inteligente<\/strong><\/p>\n<p>Utilizar dentes saud\u00e1veis para sustentar pr\u00f3teses m\u00f3veis com ganchos at\u00e9 pouco est\u00e9ticos, ou at\u00e9 mesmo lim\u00e1-los para criar um espa\u00e7o com pontes, pode provocar uma perda precoce da estabilidade dos dentes e do osso, para al\u00e9m de um envelhecimento precoce das linhas faciais.<br \/>\nVice-versa, a implantologia osteointegrada moderna, associada a componentes de pr\u00f3tese inovadores e altamente est\u00e9ticos, conserva o seu aspecto natural e permite que voc\u00ea sorria, coma e fale com tranquilidade e plena confian\u00e7a. As diversas solu\u00e7\u00f5es de pr\u00f3teses unidas aos implantes substituem funcional e esteticamente os dentes naturais.<\/p>\n<\/div><div class=\"fusion-clearfix\"><\/div><\/div><\/div><\/div><\/div><div class=\"fusion-fullwidth fullwidth-box fusion-builder-row-2 fusion-parallax-fixed nonhundred-percent-fullwidth non-hundred-percent-height-scrolling\"  style='background-color: rgba(255,255,255,0);background-image: url(\"https:\/\/www.prodentitalia.eu\/ptpa\/wp-content\/uploads\/sites\/41\/2015\/07\/pazientibkg01.jpg\");background-position: left top;background-repeat: no-repeat;border-top-width:0px;border-bottom-width:0px;border-color:#eae9e9;border-top-style:solid;border-bottom-style:solid;-webkit-background-size:cover;-moz-background-size:cover;-o-background-size:cover;background-size:cover;background-attachment:fixed;'><div class=\"fusion-builder-row fusion-row \"><div  class=\"fusion-layout-column fusion_builder_column fusion_builder_column_1_1 fusion-builder-column-2 fusion-one-full fusion-column-first fusion-column-last 1_1\"  style='margin-top:200px;margin-bottom:200px;'><div class=\"fusion-column-wrapper\" style=\"background-position:left top;background-repeat:no-repeat;-webkit-background-size:cover;-moz-background-size:cover;-o-background-size:cover;background-size:cover;\"   data-bg-url=\"\"><div class=\"fusion-text\"><p style=\"text-align: right; font-size: 54px; background-color: rgba(255, 255, 255, 0.4); line-height: 80px;\"><span style=\"color: #000000;\">Reconstru\u00e7\u00e3o, pr\u00f3tese, tecnologia e implantes<\/span><\/p>\n<\/div><div class=\"fusion-clearfix\"><\/div><\/div><\/div><\/div><\/div><div class=\"fusion-fullwidth fullwidth-box fusion-builder-row-3 nonhundred-percent-fullwidth non-hundred-percent-height-scrolling fusion-equal-height-columns\"  style='background-color: rgba(255,255,255,0);background-position: left top;background-repeat: no-repeat;padding-top:40px;padding-bottom:20px;border-top-width:0px;border-bottom-width:0px;border-color:#eae9e9;border-top-style:solid;border-bottom-style:solid;'><div class=\"fusion-builder-row fusion-row \"><div  class=\"fusion-layout-column fusion_builder_column fusion_builder_column_1_2 fusion-builder-column-3 fusion-one-half fusion-column-first 1_2\"  style='margin-top:0px;margin-bottom:20px;width:48%; margin-right: 4%;'><div class=\"fusion-column-wrapper\" style=\"border:1px solid #eaeaea;padding: 20px;background-position:left top;background-repeat:no-repeat;-webkit-background-size:cover;-moz-background-size:cover;-o-background-size:cover;background-size:cover;\"   data-bg-url=\"\"><div class=\"fusion-text\"><h2><strong>A reconstru\u00e7\u00e3o de um \u00fanico dente <\/strong><\/h2>\n<p>Em caso de perda de um \u00fanico dente, a introdu\u00e7\u00e3o de um implante dent\u00e1rio preserva os dentes saud\u00e1veis adjacentes e reproduz de maneira fiel a est\u00e9tica, com a mesma forma e cor da dentadura natural presente.<\/p>\n<p>&nbsp;<\/p>\n<div class=\"imageframe-align-center\"><span class=\"fusion-imageframe imageframe-none imageframe-2 hover-type-none\"><img loading=\"lazy\" src=\"https:\/\/www.prodentitalia.eu\/ptpa\/wp-content\/uploads\/sites\/41\/2015\/07\/monoedentulia-pt.jpg\" width=\"320\" height=\"100\" alt=\"monoedentulia-pt\" title=\"monoedentulia-pt\" class=\"img-responsive wp-image-11777\"\/><\/span><\/div>\n<\/div><div class=\"fusion-clearfix\"><\/div><\/div><\/div><div  class=\"fusion-layout-column fusion_builder_column fusion_builder_column_1_2 fusion-builder-column-4 fusion-one-half fusion-column-last 1_2\"  style='margin-top:0px;margin-bottom:20px;width:48%'><div class=\"fusion-column-wrapper\" style=\"border:1px solid #eaeaea;padding: 20px;background-position:left top;background-repeat:no-repeat;-webkit-background-size:cover;-moz-background-size:cover;-o-background-size:cover;background-size:cover;\"   data-bg-url=\"\"><div class=\"fusion-text\"><h2><strong>A reconstru\u00e7\u00e3o de v\u00e1rios dentes<\/strong><\/h2>\n<p>Em caso de perda de v\u00e1rios dentes, fala-se de ed\u00eantula parcial, dois ou mais implantes dent\u00e1rios sustentar\u00e3o uma estrutura de pr\u00f3teses com dentes extremamente est\u00e1veis e resistentes, cujo resultado est\u00e9tico e funcional ser\u00e1 percebido como a pr\u00f3pria dentadura natural.<\/p>\n<p>&nbsp;<\/p>\n<div class=\"imageframe-align-center\"><span class=\"fusion-imageframe imageframe-none imageframe-3 hover-type-none\"><img loading=\"lazy\" src=\"https:\/\/www.prodentitalia.eu\/ptpa\/wp-content\/uploads\/sites\/41\/2015\/07\/edentulia-parziale-pt.jpg\" width=\"320\" height=\"100\" alt=\"edentulia-parziale-pt\" title=\"edentulia-parziale-pt\" class=\"img-responsive wp-image-11775\"\/><\/span><\/div>\n<\/div><div class=\"fusion-clearfix\"><\/div><\/div><\/div><div  class=\"fusion-layout-column fusion_builder_column fusion_builder_column_1_1 fusion-builder-column-5 fusion-one-full fusion-column-first fusion-column-last fusion-column-no-min-height 1_1\"  style='margin-top:0px;margin-bottom:0px;'><div class=\"fusion-column-wrapper\" style=\"background-position:left top;background-repeat:no-repeat;-webkit-background-size:cover;-moz-background-size:cover;-o-background-size:cover;background-size:cover;\"   data-bg-url=\"\"><div class=\"fusion-sep-clear\"><\/div><div class=\"fusion-separator fusion-full-width-sep sep-none\" style=\"margin-left: auto;margin-right: auto;margin-top:;\"><\/div><div class=\"fusion-clearfix\"><\/div><\/div><\/div><div  class=\"fusion-layout-column fusion_builder_column fusion_builder_column_1_2 fusion-builder-column-6 fusion-one-half fusion-column-first 1_2\"  style='margin-top:0px;margin-bottom:20px;width:48%; margin-right: 4%;'><div class=\"fusion-column-wrapper\" style=\"border:1px solid #eaeaea;padding: 20px;background-position:left top;background-repeat:no-repeat;-webkit-background-size:cover;-moz-background-size:cover;-o-background-size:cover;background-size:cover;\"   data-bg-url=\"\"><div class=\"fusion-text\"><h2><strong>A pr\u00f3tese fixa em implantes, superior e inferior<\/strong><\/h2>\n<p>Em caso de presen\u00e7a de uma ed\u00eantula total, ou seja, em caso de aus\u00eancia de todos os dentes, gra\u00e7as aos implantes dent\u00e1rios, \u00e9 poss\u00edvel fixar de maneira permanente uma pr\u00f3tese total, na mand\u00edbula superior e na mand\u00edbula inferior, altamente est\u00e1vel e funcional. Nos casos de quantidade e qualidade \u00f3ssea de qualidade n\u00e3o muito ruim, tamb\u00e9m \u00e9 poss\u00edvel fixar este tipo de pr\u00f3tese com apenas quatro implantes.<\/p>\n<p>&nbsp;<\/p>\n<div class=\"imageframe-align-center\"><span class=\"fusion-imageframe imageframe-none imageframe-4 hover-type-none\"><img loading=\"lazy\" src=\"https:\/\/www.prodentitalia.eu\/ptpa\/wp-content\/uploads\/sites\/41\/2015\/07\/protesi-fissa-pt.jpg\" width=\"320\" height=\"100\" alt=\"protesi-fissa-pt\" title=\"protesi-fissa-pt\" class=\"img-responsive wp-image-11778\"\/><\/span><\/div>\n<\/div><div class=\"fusion-clearfix\"><\/div><\/div><\/div><div  class=\"fusion-layout-column fusion_builder_column fusion_builder_column_1_2 fusion-builder-column-7 fusion-one-half fusion-column-last 1_2\"  style='margin-top:0px;margin-bottom:20px;width:48%'><div class=\"fusion-column-wrapper\" style=\"border:1px solid #eaeaea;padding: 20px;background-position:left top;background-repeat:no-repeat;-webkit-background-size:cover;-moz-background-size:cover;-o-background-size:cover;background-size:cover;\"   data-bg-url=\"\"><div class=\"fusion-text\"><h2><strong>A pr\u00f3tese m\u00f3vel em implantes, superior e inferior<\/strong><\/h2>\n<p>Em caso de presen\u00e7a de uma ed\u00eantula total, ou seja, em caso de aus\u00eancia de todos os dentes, gra\u00e7as aos implantes dent\u00e1rios \u00e9 poss\u00edvel fixar de maneira permanente uma pr\u00f3tese total, na mand\u00edbula superior e na mand\u00edbula inferior, altamente est\u00e1vel e funcional. Tamb\u00e9m \u00e9 poss\u00edvel fixar este tipo de pr\u00f3tese com apenas dois implantes.<\/p>\n<p>&nbsp;<\/p>\n<div class=\"imageframe-align-center\"><span class=\"fusion-imageframe imageframe-none imageframe-5 hover-type-none\"><img loading=\"lazy\" src=\"https:\/\/www.prodentitalia.eu\/ptpa\/wp-content\/uploads\/sites\/41\/2015\/07\/protesi-mobile-pt.jpg\" width=\"320\" height=\"100\" alt=\"protesi-mobile-pt\" title=\"protesi-mobile-pt\" class=\"img-responsive wp-image-11779\"\/><\/span><\/div>\n<\/div><div class=\"fusion-clearfix\"><\/div><\/div><\/div><div  class=\"fusion-layout-column fusion_builder_column fusion_builder_column_1_1 fusion-builder-column-8 fusion-one-full fusion-column-first fusion-column-last fusion-column-no-min-height 1_1\"  style='margin-top:0px;margin-bottom:0px;'><div class=\"fusion-column-wrapper\" style=\"background-position:left top;background-repeat:no-repeat;-webkit-background-size:cover;-moz-background-size:cover;-o-background-size:cover;background-size:cover;\"   data-bg-url=\"\"><div class=\"fusion-sep-clear\"><\/div><div class=\"fusion-separator fusion-full-width-sep sep-none\" style=\"margin-left: auto;margin-right: auto;margin-top:;\"><\/div><div class=\"fusion-clearfix\"><\/div><\/div><\/div><div  class=\"fusion-layout-column fusion_builder_column fusion_builder_column_1_2 fusion-builder-column-9 fusion-one-half fusion-column-first 1_2\"  style='margin-top:0px;margin-bottom:20px;width:48%; margin-right: 4%;'><div class=\"fusion-column-wrapper\" style=\"border:1px solid #eaeaea;padding: 20px;background-position:left top;background-repeat:no-repeat;-webkit-background-size:cover;-moz-background-size:cover;-o-background-size:cover;background-size:cover;\"   data-bg-url=\"\"><div class=\"fusion-text\"><h2><strong>A tecnologia a servi\u00e7o do paciente<\/strong><\/h2>\n<p>Hoje \u00e9 at\u00e9 poss\u00edvel diagnosticar e planejar a interven\u00e7\u00e3o cir\u00fargica para a introdu\u00e7\u00e3o dos implantes, com o uso de suportes inform\u00e1ticos que tornam a interven\u00e7\u00e3o cir\u00fargica mais r\u00e1pida e simples, fazendo com que a implantologia seja pouco invasiva e reduzindo o tempo de opera\u00e7\u00e3o, para uma maior vantagem confort\u00e1vel p\u00f3s-operat\u00f3ria para os pacientes.<\/p>\n<p>&nbsp;<\/p>\n<div class=\"imageframe-align-center\"><span class=\"fusion-imageframe imageframe-none imageframe-6 hover-type-none\"><img loading=\"lazy\" src=\"https:\/\/www.prodentitalia.eu\/ptpa\/wp-content\/uploads\/sites\/41\/2015\/07\/tecnologia.png\" width=\"320\" height=\"120\" alt=\"\" title=\"tecnologia\" class=\"img-responsive wp-image-11711\"\/><\/span><\/div>\n<\/div><div class=\"fusion-clearfix\"><\/div><\/div><\/div><div  class=\"fusion-layout-column fusion_builder_column fusion_builder_column_1_2 fusion-builder-column-10 fusion-one-half fusion-column-last 1_2\"  style='margin-top:0px;margin-bottom:20px;width:48%'><div class=\"fusion-column-wrapper\" style=\"border:1px solid #eaeaea;padding: 20px;background-position:left top;background-repeat:no-repeat;-webkit-background-size:cover;-moz-background-size:cover;-o-background-size:cover;background-size:cover;\"   data-bg-url=\"\"><div class=\"fusion-text\"><h2><strong>Tipologias de implantes<\/strong><\/h2>\n<p>A Prodent Italia disp\u00f5e de uma ampla gama de produtos para satisfazer as demandas mais exigentes dos odontologistas e dos pacientes. Existem implantes de forma c\u00f3nica, cil\u00edndrica e implantes muito curtos (em caso de pouco volume de osso), para permitir a realiza\u00e7\u00e3o de qualquer tipo de tratamento de implantes ou pr\u00f3teses. Todos os implantes da Prodent s\u00e3o produzidos com tecnologias modernas e de acordo com a literatura anterior, para garantir um produto moderno e confi\u00e1vel.<\/p>\n<p>&nbsp;<\/p>\n<div class=\"imageframe-align-center\"><span class=\"fusion-imageframe imageframe-none imageframe-7 hover-type-none\"><img loading=\"lazy\" src=\"https:\/\/www.prodentitalia.eu\/ptpa\/wp-content\/uploads\/sites\/41\/2015\/07\/impianti-prodent-pt.png\" width=\"320\" height=\"100\" alt=\"impianti-prodent-pt\" title=\"impianti-prodent-pt\" class=\"img-responsive wp-image-11776\"\/><\/span><\/div>\n<\/div><div class=\"fusion-clearfix\"><\/div><\/div><\/div><\/div><\/div><div class=\"fusion-fullwidth fullwidth-box fusion-builder-row-4 nonhundred-percent-fullwidth non-hundred-percent-height-scrolling\"  style='background-color: #f2f2f2;background-position: left top;background-repeat: no-repeat;padding-top:20px;padding-bottom:20px;border-top-width:0px;border-bottom-width:0px;border-color:#eae9e9;border-top-style:solid;border-bottom-style:solid;'><div class=\"fusion-builder-row fusion-row \"><div  class=\"fusion-layout-column fusion_builder_column fusion_builder_column_1_1 fusion-builder-column-11 fusion-one-full fusion-column-first fusion-column-last 1_1\"  style='margin-top:20px;margin-bottom:20px;'><div class=\"fusion-column-wrapper\" style=\"background-position:left top;background-repeat:no-repeat;-webkit-background-size:cover;-moz-background-size:cover;-o-background-size:cover;background-size:cover;\"   data-bg-url=\"\"><div class=\"fusion-text\"><p style=\"font-size: 54px; line-height: 80px; text-align: center;\"><span style=\"color: #008dbd;\">Pergunte para o seu dentista<\/span><\/p>\n<\/div><div class=\"fusion-clearfix\"><\/div><\/div><\/div><div  class=\"fusion-layout-column fusion_builder_column fusion_builder_column_1_1 fusion-builder-column-12 fusion-one-full fusion-column-first fusion-column-last fusion-column-no-min-height 1_1\"  style='margin-top:0px;margin-bottom:0px;'><div class=\"fusion-column-wrapper\" style=\"background-position:left top;background-repeat:no-repeat;-webkit-background-size:cover;-moz-background-size:cover;-o-background-size:cover;background-size:cover;\"   data-bg-url=\"\"><div class=\"fusion-sep-clear\"><\/div><div class=\"fusion-separator fusion-full-width-sep sep-none\" style=\"margin-left: auto;margin-right: auto;margin-top:;\"><\/div><div class=\"fusion-clearfix\"><\/div><\/div><\/div><div  class=\"fusion-layout-column fusion_builder_column fusion_builder_column_1_2 fusion-builder-column-13 fusion-one-half fusion-column-first 1_2\"  style='margin-top:0px;margin-bottom:20px;width:48%; margin-right: 4%;'><div class=\"fusion-column-wrapper\" style=\"border:0px solid #eaeaea;padding: 20px;background-position:left top;background-repeat:no-repeat;-webkit-background-size:cover;-moz-background-size:cover;-o-background-size:cover;background-size:cover;\"   data-bg-url=\"\"><div class=\"fusion-text\"><p>Preven\u00e7\u00e3o atrav\u00e9s de controlos regulares efetuados pelo dentista e pelo higienista oral, redu\u00e7\u00e3o ou suspens\u00e3o do fumo, redu\u00e7\u00e3o do consumo de \u00e1lcool, restaura\u00e7\u00f5es funcionais e est\u00e9ticas em bocas saud\u00e1veis e implantes para substituir os dentes que est\u00e3o faltando sem ter que danificar os dentes saud\u00e1veis.<\/p>\n<p>Estes poucos conselhos ajudar\u00e3o a preservar os dentes e o estado de sa\u00fade oral correto. As terapias de conserva\u00e7\u00e3o e est\u00e9ticas s\u00e3o importantes, porque agem positivamente na sa\u00fade psicof\u00edsica de cada um de n\u00f3s e s\u00e3o fundamentais para ter um aspecto saud\u00e1vel e agrad\u00e1vel; no fundo, ter um sorriso bonito com certeza ajuda nas rela\u00e7\u00f5es sociais.<\/p>\n<p>&nbsp;<\/p>\n<p><strong>Pe\u00e7a para o seu dentista um aprofundamento sobre essas poucas regras e sobre como \u00e9 realizado um tratamento com implante.<\/strong><\/p>\n<\/div><div class=\"fusion-clearfix\"><\/div><\/div><\/div><div  class=\"fusion-layout-column fusion_builder_column fusion_builder_column_1_2 fusion-builder-column-14 fusion-one-half fusion-column-last 1_2\"  style='margin-top:0px;margin-bottom:20px;width:48%'><div class=\"fusion-column-wrapper\" style=\"border:1px solid #eaeaea;padding: 20px;background-position:left top;background-repeat:no-repeat;-webkit-background-size:cover;-moz-background-size:cover;-o-background-size:cover;background-size:cover;\"   data-bg-url=\"\"><div class=\"fusion-text\"><h2>O seu passaporte com os dados do implante<\/h2>\n<p>Ao t\u00e9rmino da opera\u00e7\u00e3o, o dentista que realizou o implante lhe entregar\u00e1 o passaporte com os dados do implante preenchido com todas as informa\u00e7\u00f5es sobre os dispositivos que foram utilizados, inclu\u00eddo o c\u00f3digo, lote de produ\u00e7\u00e3o e posi\u00e7\u00e3o na boca. Em caso de necessidade ou onde estiver, este documento pode ser \u00fatil para os seus eventuais futuros tratamentos com implantes.<\/p>\n<p>&nbsp;<\/p>\n<div class=\"imageframe-align-center\"><span class=\"fusion-imageframe imageframe-none imageframe-8 hover-type-none\"><img loading=\"lazy\" src=\"https:\/\/www.prodentitalia.eu\/ptpa\/wp-content\/uploads\/sites\/41\/2015\/07\/passaporto-implantare.png\" width=\"320\" height=\"120\" alt=\"\" title=\"passaporto-implantare\" class=\"img-responsive wp-image-11717\"\/><\/span><\/div>\n<\/div><div class=\"fusion-clearfix\"><\/div><\/div><\/div><\/div><\/div><div class=\"fusion-fullwidth fullwidth-box fusion-builder-row-5 nonhundred-percent-fullwidth non-hundred-percent-height-scrolling\"  style='background-color: rgba(255,255,255,0);background-position: left top;background-repeat: no-repeat;padding-top:20px;padding-bottom:20px;border-top-width:0px;border-bottom-width:0px;border-color:#eae9e9;border-top-style:solid;border-bottom-style:solid;'><div class=\"fusion-builder-row fusion-row \"><div  class=\"fusion-layout-column fusion_builder_column fusion_builder_column_1_1 fusion-builder-column-15 fusion-one-full fusion-column-first fusion-column-last 1_1\"  style='margin-top:50px;margin-bottom:20px;'><div class=\"fusion-column-wrapper\" style=\"background-position:left top;background-repeat:no-repeat;-webkit-background-size:cover;-moz-background-size:cover;-o-background-size:cover;background-size:cover;\"   data-bg-url=\"\"><div class=\"fusion-text\"><h2 style=\"text-align: center;\">Descarregue a brochura que preparamos para si com todas as informa\u00e7\u00f5es \u00fateis para compreender o valor de um implante.<\/h2>\n<p style=\"text-align: center;\"><div class=\"fusion-button-wrapper fusion-aligncenter\"><style type=\"text\/css\">.fusion-button.button-1 .fusion-button-text, .fusion-button.button-1 i {color:#008dbd;}.fusion-button.button-1 .fusion-button-icon-divider{border-color:#008dbd;}.fusion-button.button-1:hover .fusion-button-text, .fusion-button.button-1:hover i,.fusion-button.button-1:focus .fusion-button-text, .fusion-button.button-1:focus i,.fusion-button.button-1:active .fusion-button-text, .fusion-button.button-1:active{color:#fff;}.fusion-button.button-1:hover .fusion-button-icon-divider, .fusion-button.button-1:hover .fusion-button-icon-divider, .fusion-button.button-1:active .fusion-button-icon-divider{border-color:#fff;}.fusion-button.button-1:hover, .fusion-button.button-1:focus, .fusion-button.button-1:active{border-color:#fff;border-width:2px;}.fusion-button.button-1 {border-color:#008dbd;border-width:2px;border-radius:2px;}.fusion-button.button-1{background: #ffffff;}.fusion-button.button-1:hover,.button-1:focus,.fusion-button.button-1:active{background: #008dbd;}<\/style><a class=\"fusion-button button-flat button-xlarge button-custom button-1 fusion-button-default-span \" target=\"_blank\" rel=\"noopener noreferrer\"><span class=\"fusion-button-text\">DESCARREGUE A BROCHURA<\/span><\/a><\/div><\/p>\n<\/div><div class=\"fusion-clearfix\"><\/div><\/div><\/div><\/div><\/div><\/p>\n","protected":false},"excerpt":{"rendered":"","protected":false},"author":1,"featured_media":0,"parent":0,"menu_order":0,"comment_status":"open","ping_status":"open","template":"100-width.php","meta":[],"yoast_head":"<!-- This site is optimized with the Yoast SEO plugin v14.7 - https:\/\/yoast.com\/wordpress\/plugins\/seo\/ -->\n<title>Descubra mais sobre os implantes dent\u00e1rios Prodent Italia<\/title>\n<meta name=\"robots\" content=\"index, follow\" \/>\n<meta name=\"googlebot\" content=\"index, follow, max-snippet:-1, max-image-preview:large, max-video-preview:-1\" \/>\n<meta name=\"bingbot\" content=\"index, follow, max-snippet:-1, max-image-preview:large, max-video-preview:-1\" \/>\n<link rel=\"canonical\" href=\"https:\/\/www.prodentitalia.eu\/ptpa\/scopri-di-piu-sugli-impianti-dentali\/\" \/>\n<meta property=\"og:locale\" content=\"pt_PT\" \/>\n<meta property=\"og:type\" content=\"article\" \/>\n<meta property=\"og:title\" content=\"Descubra mais sobre os implantes dent\u00e1rios Prodent Italia\" \/>\n<meta property=\"og:url\" content=\"https:\/\/www.prodentitalia.eu\/ptpa\/scopri-di-piu-sugli-impianti-dentali\/\" \/>\n<meta property=\"og:site_name\" content=\"\u00c1rea Pacientes Prodent Italia\" \/>\n<meta property=\"article:modified_time\" content=\"2020-01-17T18:13:24+00:00\" \/>\n<meta property=\"og:image\" content=\"https:\/\/www.prodentitalia.eu\/ptpa\/wp-content\/uploads\/sites\/41\/2015\/07\/pazienti01.jpg\" \/>\n<meta name=\"twitter:card\" content=\"summary\" \/>\n<meta name=\"twitter:creator\" content=\"@pr0en7erad475\" \/>\n<script type=\"application\/ld+json\" class=\"yoast-schema-graph\">{\"@context\":\"https:\/\/schema.org\",\"@graph\":[{\"@type\":\"WebSite\",\"@id\":\"https:\/\/www.prodentitalia.eu\/ptpa\/#website\",\"url\":\"https:\/\/www.prodentitalia.eu\/ptpa\/\",\"name\":\"\\u00c1rea Pacientes Prodent Italia\",\"description\":\"Prodent Italia l&#039;implantologia made in Italy\",\"potentialAction\":[{\"@type\":\"SearchAction\",\"target\":\"https:\/\/www.prodentitalia.eu\/ptpa\/?s={search_term_string}\",\"query-input\":\"required name=search_term_string\"}],\"inLanguage\":\"pt-PT\"},{\"@type\":\"ImageObject\",\"@id\":\"https:\/\/www.prodentitalia.eu\/ptpa\/scopri-di-piu-sugli-impianti-dentali\/#primaryimage\",\"inLanguage\":\"pt-PT\",\"url\":\"https:\/\/www.prodentitalia.eu\/ptpa\/wp-content\/uploads\/sites\/41\/2015\/07\/pazienti01.jpg\",\"width\":500,\"height\":500},{\"@type\":\"WebPage\",\"@id\":\"https:\/\/www.prodentitalia.eu\/ptpa\/scopri-di-piu-sugli-impianti-dentali\/#webpage\",\"url\":\"https:\/\/www.prodentitalia.eu\/ptpa\/scopri-di-piu-sugli-impianti-dentali\/\",\"name\":\"Descubra mais sobre os implantes dent\\u00e1rios Prodent Italia\",\"isPartOf\":{\"@id\":\"https:\/\/www.prodentitalia.eu\/ptpa\/#website\"},\"primaryImageOfPage\":{\"@id\":\"https:\/\/www.prodentitalia.eu\/ptpa\/scopri-di-piu-sugli-impianti-dentali\/#primaryimage\"},\"datePublished\":\"2015-07-17T06:08:18+00:00\",\"dateModified\":\"2020-01-17T18:13:24+00:00\",\"inLanguage\":\"pt-PT\",\"potentialAction\":[{\"@type\":\"ReadAction\",\"target\":[\"https:\/\/www.prodentitalia.eu\/ptpa\/scopri-di-piu-sugli-impianti-dentali\/\"]}]}]}<\/script>\n<!-- \/ Yoast SEO plugin. -->","_links":{"self":[{"href":"https:\/\/www.prodentitalia.eu\/ptpa\/wp-json\/wp\/v2\/pages\/11669"}],"collection":[{"href":"https:\/\/www.prodentitalia.eu\/ptpa\/wp-json\/wp\/v2\/pages"}],"about":[{"href":"https:\/\/www.prodentitalia.eu\/ptpa\/wp-json\/wp\/v2\/types\/page"}],"author":[{"embeddable":true,"href":"https:\/\/www.prodentitalia.eu\/ptpa\/wp-json\/wp\/v2\/users\/1"}],"replies":[{"embeddable":true,"href":"https:\/\/www.prodentitalia.eu\/ptpa\/wp-json\/wp\/v2\/comments?post=11669"}],"version-history":[{"count":40,"href":"https:\/\/www.prodentitalia.eu\/ptpa\/wp-json\/wp\/v2\/pages\/11669\/revisions"}],"predecessor-version":[{"id":11795,"href":"https:\/\/www.prodentitalia.eu\/ptpa\/wp-json\/wp\/v2\/pages\/11669\/revisions\/11795"}],"wp:attachment":[{"href":"https:\/\/www.prodentitalia.eu\/ptpa\/wp-json\/wp\/v2\/media?parent=11669"}],"curies":[{"name":"wp","href":"https:\/\/api.w.org\/{rel}","templated":true}]}}