{"id":11738,"date":"2015-09-25T10:22:27","date_gmt":"2015-09-25T08:22:27","guid":{"rendered":"http:\/\/www.prodentitalia.eu\/ptpa\/?page_id=11738"},"modified":"2020-01-17T19:13:23","modified_gmt":"2020-01-17T18:13:23","slug":"utilizzo-del-sito","status":"publish","type":"page","link":"https:\/\/www.prodentitalia.eu\/ptpa\/utilizzo-del-sito\/","title":{"rendered":"Utiliza\u00e7\u00e3o do s\u00edtio"},"content":{"rendered":"<div class=\"fusion-fullwidth fullwidth-box fusion-builder-row-1 hundred-percent-fullwidth non-hundred-percent-height-scrolling\"  style='background-color: rgba(255,255,255,0);background-position: center center;background-repeat: no-repeat;padding-top:0px;padding-right:0px;padding-bottom:0px;padding-left:0px;border-top-width:0px;border-bottom-width:0px;border-color:#eae9e9;border-top-style:solid;border-bottom-style:solid;'><div class=\"fusion-builder-row fusion-row \"><div  class=\"fusion-layout-column fusion_builder_column fusion_builder_column_1_1 fusion-builder-column-0 fusion-one-full fusion-column-first fusion-column-last 1_1\"  style='margin-top:0px;margin-bottom:20px;'><div class=\"fusion-column-wrapper\" style=\"background-position:left top;background-repeat:no-repeat;-webkit-background-size:cover;-moz-background-size:cover;-o-background-size:cover;background-size:cover;\"   data-bg-url=\"\"><div class=\"fusion-text\"><p><strong>Condi\u00e7\u00f5es de uso e restri\u00e7\u00f5es legais<\/strong><\/p>\n<p><em>Aten\u00e7\u00e3o: ler com aten\u00e7\u00e3o as condi\u00e7\u00f5es a seguir antes de utilizar este s\u00edtio. O uso do s\u00edtio implica na aceita\u00e7\u00e3o das condi\u00e7\u00f5es indicadas a seguir.<\/em><br \/>\nA Prodent Italia S.r.l. autoriza que os materiais dispon\u00edveis neste s\u00edtio sejam visualizados e descarregados para um uso estritamente pessoal. N\u00e3o \u00e9 poss\u00edvel modificar de maneira alguma os materiais presentes no s\u00edtio, nem reproduzi-los ou transmiti-los publicamente, execut\u00e1-los, distribui-los ou, em qualquer outro modo, utiliz\u00e1-los para fins publicit\u00e1rios ou comerciais. Para os fins das presentes condi\u00e7\u00f5es, \u00e9 proibido qualquer uso de tais materiais em qualquer outro s\u00edtio ou ambiente de rede, para qualquer finalidade. Os materiais dispon\u00edveis no s\u00edtio s\u00e3o protegidos por copyright e o uso n\u00e3o autorizado pode implicar na viola\u00e7\u00e3o de direitos de copyright, marcas de f\u00e1brica e outras normas jur\u00eddicas. O Copyright refere-se a tudo aquilo que \u00e9 de cria\u00e7\u00e3o da Prodent Italia, como o layout das p\u00e1ginas, a maior parte da gr\u00e1fica (gif, jpg, filmes) e parte dos conte\u00fados do s\u00edtio. Est\u00e3o exclu\u00eddos: marcas, nomes de marcas, nomes de empresas, nomes de produtos, servi\u00e7os, conex\u00f5es e informa\u00e7\u00f5es decorrentes ou pertencentes a terceiros. As marcas e nome de marcas presentes nas nossas p\u00e1ginas s\u00e3o de propriedade das respectivas empresas que det\u00eam todos os respectivos direitos.<\/p>\n<p>Ren\u00fancia de responsabilidade<\/p>\n<p>A Prodent Italia S.r.l n\u00e3o assume nenhuma responsabilidade pela qualidade dos servi\u00e7os oferecidos, omiss\u00f5es ou informa\u00e7\u00f5es inexatas eventualmente presentes nas nossas p\u00e1ginas. Nem pode ser considerada respons\u00e1vel por eventuais danos diretos ou indiretos decorrentes do uso deste s\u00edtio. OS MATERIAIS E OS SERVI\u00c7OS DISPON\u00cdVEIS NESTE S\u00cdTIO S\u00c3O FORNECIDOS \u201cASSIM COMO S\u00c3O\u201d, SEM QUALQUER GARANTIA, INCLU\u00cdDAS AS GARANTIAS DE COMERCIABILIDADE, IDONEIDADE PARA UM USO ESPEC\u00cdFICO OU DE N\u00c3O VIOLA\u00c7\u00c3O DE DIREITOS DE PROPRIEDADE INTELECTUAL. As obriga\u00e7\u00f5es da Prodent Italia S.r.l. em rela\u00e7\u00e3o aos pr\u00f3prios produtos e servi\u00e7os s\u00e3o regulamentadas exclusivamente pelos contratos nos termos dos quais s\u00e3o fornecidos e, de maneira alguma, o conte\u00fado deste s\u00edtio pode modificar tais contratos. Para al\u00e9m disso, a Prodent Italia S.r.l. n\u00e3o garante a exatid\u00e3o e a integralidade das informa\u00e7\u00f5es, softwares ou servi\u00e7os fornecidos neste s\u00edtio. A Prodent Italia S.r.l. poder\u00e1, em qualquer momento, alterar os materiais e os servi\u00e7os presentes neste s\u00edtio ou nos produtos e pre\u00e7os nele indicados sem pr\u00e9vio aviso. Os materiais e os servi\u00e7os dispon\u00edveis neste s\u00edtio poder\u00e3o n\u00e3o ser atualizados e a Prodent Italia S.r.l. n\u00e3o assume a obriga\u00e7\u00e3o de atualiz\u00e1-los. As informa\u00e7\u00f5es publicadas neste s\u00edtio podem fazer refer\u00eancia a produtos, programas ou servi\u00e7os n\u00e3o dispon\u00edveis em outros pa\u00edses ou em outros s\u00edtios.<\/p>\n<p>Conex\u00f5es a outros s\u00edtios<\/p>\n<p>As conex\u00f5es presentes neste s\u00edtio s\u00e3o fornecidas exclusivamente para uma maior comodidade do utilizador. Caso essas conex\u00f5es sejam utilizadas, acabar\u00e1 por sair do s\u00edtio. A Prodent Italia S.r.l. n\u00e3o examinou tais s\u00edtios, n\u00e3o os administra e n\u00e3o \u00e9 respons\u00e1vel pelo material neles contidos. A Prodent Italia S.r.l., portanto, n\u00e3o oferece nenhuma garantia e n\u00e3o fornece nenhuma declara\u00e7\u00e3o em rela\u00e7\u00e3o aos mesmos e \u00e0s informa\u00e7\u00f5es, ao software ou a outros produtos, materiais ou eventuais resultados obtidos pelo uso desses s\u00edtios. O acesso aos s\u00edtios de outros fabricantes atrav\u00e9s de conex\u00f5es presentes neste s\u00edtio \u00e9 de responsabilidade exclusiva do utilizador. As conex\u00f5es aos servi\u00e7os de terceiros presentes no nosso s\u00edtio s\u00e3o de propriedade dos respectivos fabricantes e, como tais, det\u00eam todos os direitos. Caso o propriet\u00e1rio de uma conex\u00e3o (link) ou marca n\u00e3o queria que a mesma seja inserida no s\u00edtio, dever\u00e1 escrever para servizigenerali@prodentialia.it, para solicitar a sua imediata remo\u00e7\u00e3o.<\/p>\n<p>Informa\u00e7\u00f5es enviadas pelo utilizador<\/p>\n<p>Todos os materiais, informa\u00e7\u00f5es e outras comunica\u00e7\u00f5es enviadas \u00e0 Prodent Italia S.r.l. e publicados neste s\u00edtio ser\u00e3o considerados de car\u00e1ter n\u00e3o reservado e n\u00e3o de propriedade. A Prodent Italia S.r.l. n\u00e3o ser\u00e1 responsabilizada em rela\u00e7\u00e3o \u00e0s comunica\u00e7\u00f5es. A Prodent Italia S.r.l. e os seus designados poder\u00e3o livremente copiar, divulgar, distribuir, incluir e, de qualquer outra maneira, utilizar as comunica\u00e7\u00f5es e todos os dados, imagens, sons, textos e demais materiais nele incorporados para fins comerciais ou n\u00e3o.<br \/>\nAtualiza\u00e7\u00f5es<br \/>\nA Prodent Italia S.r.l. poder\u00e1 retificar as presentes condi\u00e7\u00f5es em qualquer momento, por meio da atualiza\u00e7\u00e3o da presente publica\u00e7\u00e3o. Portanto, recomenda-se que esta p\u00e1gina seja consultada periodicamente, para tomar conhecimento das condi\u00e7\u00f5es em vigor, pois s\u00e3o vinculantes para o utilizador.<\/p>\n<\/div><div class=\"fusion-clearfix\"><\/div><\/div><\/div><\/div><\/div>\n","protected":false},"excerpt":{"rendered":"","protected":false},"author":1,"featured_media":0,"parent":0,"menu_order":0,"comment_status":"closed","ping_status":"closed","template":"","meta":[],"yoast_head":"<!-- This site is optimized with the Yoast SEO plugin v14.7 - https:\/\/yoast.com\/wordpress\/plugins\/seo\/ -->\n<title>Utiliza\u00e7\u00e3o do s\u00edtio - \u00c1rea Pacientes Prodent Italia<\/title>\n<meta name=\"robots\" content=\"index, follow\" \/>\n<meta name=\"googlebot\" content=\"index, follow, max-snippet:-1, max-image-preview:large, max-video-preview:-1\" \/>\n<meta name=\"bingbot\" content=\"index, follow, max-snippet:-1, max-image-preview:large, max-video-preview:-1\" \/>\n<link rel=\"canonical\" href=\"https:\/\/www.prodentitalia.eu\/ptpa\/utilizzo-del-sito\/\" \/>\n<meta property=\"og:locale\" content=\"pt_PT\" \/>\n<meta property=\"og:type\" content=\"article\" \/>\n<meta property=\"og:title\" content=\"Utiliza\u00e7\u00e3o do s\u00edtio - \u00c1rea Pacientes Prodent Italia\" \/>\n<meta property=\"og:url\" content=\"https:\/\/www.prodentitalia.eu\/ptpa\/utilizzo-del-sito\/\" \/>\n<meta property=\"og:site_name\" content=\"\u00c1rea Pacientes Prodent Italia\" \/>\n<meta property=\"article:modified_time\" content=\"2020-01-17T18:13:23+00:00\" \/>\n<meta name=\"twitter:card\" content=\"summary\" \/>\n<meta name=\"twitter:creator\" content=\"@pr0en7erad475\" \/>\n<script type=\"application\/ld+json\" class=\"yoast-schema-graph\">{\"@context\":\"https:\/\/schema.org\",\"@graph\":[{\"@type\":\"WebSite\",\"@id\":\"https:\/\/www.prodentitalia.eu\/ptpa\/#website\",\"url\":\"https:\/\/www.prodentitalia.eu\/ptpa\/\",\"name\":\"\\u00c1rea Pacientes Prodent Italia\",\"description\":\"Prodent Italia l&#039;implantologia made in Italy\",\"potentialAction\":[{\"@type\":\"SearchAction\",\"target\":\"https:\/\/www.prodentitalia.eu\/ptpa\/?s={search_term_string}\",\"query-input\":\"required name=search_term_string\"}],\"inLanguage\":\"pt-PT\"},{\"@type\":\"WebPage\",\"@id\":\"https:\/\/www.prodentitalia.eu\/ptpa\/utilizzo-del-sito\/#webpage\",\"url\":\"https:\/\/www.prodentitalia.eu\/ptpa\/utilizzo-del-sito\/\",\"name\":\"Utiliza\\u00e7\\u00e3o do s\\u00edtio - \\u00c1rea Pacientes Prodent Italia\",\"isPartOf\":{\"@id\":\"https:\/\/www.prodentitalia.eu\/ptpa\/#website\"},\"datePublished\":\"2015-09-25T08:22:27+00:00\",\"dateModified\":\"2020-01-17T18:13:23+00:00\",\"inLanguage\":\"pt-PT\",\"potentialAction\":[{\"@type\":\"ReadAction\",\"target\":[\"https:\/\/www.prodentitalia.eu\/ptpa\/utilizzo-del-sito\/\"]}]}]}<\/script>\n<!-- \/ Yoast SEO plugin. -->","_links":{"self":[{"href":"https:\/\/www.prodentitalia.eu\/ptpa\/wp-json\/wp\/v2\/pages\/11738"}],"collection":[{"href":"https:\/\/www.prodentitalia.eu\/ptpa\/wp-json\/wp\/v2\/pages"}],"about":[{"href":"https:\/\/www.prodentitalia.eu\/ptpa\/wp-json\/wp\/v2\/types\/page"}],"author":[{"embeddable":true,"href":"https:\/\/www.prodentitalia.eu\/ptpa\/wp-json\/wp\/v2\/users\/1"}],"replies":[{"embeddable":true,"href":"https:\/\/www.prodentitalia.eu\/ptpa\/wp-json\/wp\/v2\/comments?post=11738"}],"version-history":[{"count":3,"href":"https:\/\/www.prodentitalia.eu\/ptpa\/wp-json\/wp\/v2\/pages\/11738\/revisions"}],"predecessor-version":[{"id":11791,"href":"https:\/\/www.prodentitalia.eu\/ptpa\/wp-json\/wp\/v2\/pages\/11738\/revisions\/11791"}],"wp:attachment":[{"href":"https:\/\/www.prodentitalia.eu\/ptpa\/wp-json\/wp\/v2\/media?parent=11738"}],"curies":[{"name":"wp","href":"https:\/\/api.w.org\/{rel}","templated":true}]}}