{"id":11074,"date":"2015-06-25T08:00:25","date_gmt":"2015-06-25T06:00:25","guid":{"rendered":"http:\/\/www.prodentitalia.eu\/it-pro\/?page_id=11074"},"modified":"2020-01-17T19:13:22","modified_gmt":"2020-01-17T18:13:22","slug":"scegliere-prodent","status":"publish","type":"page","link":"https:\/\/www.prodentitalia.eu\/ptpro\/scegliere-prodent\/","title":{"rendered":"Por que escolher a Prodent italia"},"content":{"rendered":"<p><div class=\"fusion-fullwidth fullwidth-box fusion-builder-row-1 nonhundred-percent-fullwidth non-hundred-percent-height-scrolling fusion-equal-height-columns\"  style='background-color: rgba(255,255,255,0);background-position: left top;background-repeat: no-repeat;padding-top:20px;padding-right:0px;padding-bottom:20px;padding-left:0px;border-top-width:0px;border-bottom-width:0px;border-color:#eae9e9;border-top-style:solid;border-bottom-style:solid;'><div class=\"fusion-builder-row fusion-row \"><div  class=\"fusion-layout-column fusion_builder_column fusion_builder_column_1_3 fusion-builder-column-0 fusion-one-third fusion-column-first fusion-no-small-visibility 1_3\"  style='margin-top:0px;margin-bottom:20px;width:30.6666%; margin-right: 4%;'><div class=\"fusion-column-wrapper\" style=\"border:1px solid #eaeaea;padding: 10px;background-position:left top;background-repeat:no-repeat;-webkit-background-size:cover;-moz-background-size:cover;-o-background-size:cover;background-size:cover;\"   data-bg-url=\"\"><div class=\"fusion-text\"><h1 style=\"text-align: center;\"><span style=\"color: #008dbd;\">Empresa<\/span><\/h1>\n<p style=\"text-align: center;\"><img loading=\"lazy\" class=\"aligncenter wp-image-11729 size-full\" src=\"https:\/\/www.prodentitalia.eu\/it-pro\/wp-content\/uploads\/sites\/40\/2015\/06\/ico-company-90c.png\" alt=\"ico-company-90c\" width=\"90\" height=\"90\" srcset=\"https:\/\/www.prodentitalia.eu\/ptpro\/wp-content\/uploads\/sites\/40\/2015\/06\/ico-company-90c-66x66.png 66w, https:\/\/www.prodentitalia.eu\/ptpro\/wp-content\/uploads\/sites\/40\/2015\/06\/ico-company-90c.png 90w\" sizes=\"(max-width: 90px) 100vw, 90px\" \/><\/p>\n<ul>\n<li style=\"text-align: left;\">Empresa italiana com produtos de qualidade elevada<\/li>\n<li style=\"text-align: left;\">Produ\u00e7\u00e3o direta, desde quando a implantologia foi introduzida em It\u00e1lia, junto aos nossos estabelecimentos<\/li>\n<li style=\"text-align: left;\">Know-how e experi\u00eancia em projetos de colabora\u00e7\u00e3o cient\u00edfica com universidades e centros de pesquisa<\/li>\n<li style=\"text-align: left;\">Dimens\u00e3o que permite flexibilidade e desenvolvimento de projetos personalizados<\/li>\n<li style=\"text-align: left;\">Empresa financeiramente autossuficiente, que n\u00e3o depende do sistema banc\u00e1rio<\/li>\n<li style=\"text-align: left;\">Protocolos rigoros\u00edssimos, superiores \u00e0queles requeridos pelas certifica\u00e7\u00f5es internacionais<\/li>\n<li style=\"text-align: left;\">Exatid\u00e3o e extrema precis\u00e3o para com os detalhes (um implante acabado a cada 7 minutos em rela\u00e7\u00e3o aos 2\/3 minutos da maioria dos concorrentes)<\/li>\n<\/ul>\n<\/div><div class=\"fusion-clearfix\"><\/div><\/div><\/div><div  class=\"fusion-layout-column fusion_builder_column fusion_builder_column_1_3 fusion-builder-column-1 fusion-one-third fusion-no-small-visibility 1_3\"  style='margin-top:0px;margin-bottom:20px;width:30.6666%; margin-right: 4%;'><div class=\"fusion-column-wrapper\" style=\"border:1px solid #eaeaea;padding: 10px;background-position:left top;background-repeat:no-repeat;-webkit-background-size:cover;-moz-background-size:cover;-o-background-size:cover;background-size:cover;\"   data-bg-url=\"\"><div class=\"fusion-text\"><h1 style=\"text-align: center;\"><span style=\"color: #008dbd;\">Servi\u00e7os<\/span><\/h1>\n<p style=\"text-align: center;\"><img loading=\"lazy\" class=\"aligncenter size-full wp-image-11748\" src=\"https:\/\/www.prodentitalia.eu\/it-pro\/wp-content\/uploads\/sites\/40\/2015\/06\/ico-services-90c.png\" alt=\"ico-services-90c\" width=\"90\" height=\"90\" srcset=\"https:\/\/www.prodentitalia.eu\/ptpro\/wp-content\/uploads\/sites\/40\/2015\/06\/ico-services-90c-66x66.png 66w, https:\/\/www.prodentitalia.eu\/ptpro\/wp-content\/uploads\/sites\/40\/2015\/06\/ico-services-90c.png 90w\" sizes=\"(max-width: 90px) 100vw, 90px\" \/><\/p>\n<ul>\n<li style=\"text-align: left;\">Consultoria preventiva para o planeamento do caso cl\u00ednico<\/li>\n<li style=\"text-align: left;\">Assist\u00eancia ap\u00f3s a realiza\u00e7\u00e3o do servi\u00e7o, gra\u00e7as aos especialistas t\u00e9cnicos de produto<\/li>\n<li style=\"text-align: left;\">Forma\u00e7\u00e3o cl\u00ednica internacional, altamente qualificada, por meio de m\u00f3dulos personalizados para exig\u00eancias organizativas, operacionais e cient\u00edficas particulares<\/li>\n<li style=\"text-align: left;\">F\u00f3runs e mesas redondas com profissionais sobre temas de implantologia<\/li>\n<li style=\"text-align: left;\">Acordos comerciais personalizados<\/li>\n<li style=\"text-align: left;\">Disponibilidade de partilhar iniciativas de co-marketing<\/li>\n<\/ul>\n<\/div><div class=\"fusion-clearfix\"><\/div><\/div><\/div><div  class=\"fusion-layout-column fusion_builder_column fusion_builder_column_1_3 fusion-builder-column-2 fusion-one-third fusion-column-last fusion-no-small-visibility 1_3\"  style='margin-top:0px;margin-bottom:20px;width:30.6666%'><div class=\"fusion-column-wrapper\" style=\"border:1px solid #eaeaea;padding: 10px;background-position:left top;background-repeat:no-repeat;-webkit-background-size:cover;-moz-background-size:cover;-o-background-size:cover;background-size:cover;\"   data-bg-url=\"\"><div class=\"fusion-text\"><h1 style=\"text-align: center;\"><span style=\"color: #008dbd;\">Produto<\/span><\/h1>\n<p style=\"text-align: center;\"><img loading=\"lazy\" class=\"aligncenter size-full wp-image-11750\" src=\"https:\/\/www.prodentitalia.eu\/it-pro\/wp-content\/uploads\/sites\/40\/2015\/06\/ico-products-90c.png\" alt=\"ico-products-90c\" width=\"90\" height=\"90\" srcset=\"https:\/\/www.prodentitalia.eu\/ptpro\/wp-content\/uploads\/sites\/40\/2015\/06\/ico-products-90c-66x66.png 66w, https:\/\/www.prodentitalia.eu\/ptpro\/wp-content\/uploads\/sites\/40\/2015\/06\/ico-products-90c.png 90w\" sizes=\"(max-width: 90px) 100vw, 90px\" \/><\/p>\n<ul>\n<li style=\"text-align: left;\">S\u00edntese geom\u00e9trica: com 5 implantes, poder\u00e1 resolver a maior parte dos casos cl\u00ednicos<\/li>\n<li style=\"text-align: left;\">Implantes de alta confiabilidade biomec\u00e2nica e elevado sucesso de implantes (99,4%)*<\/li>\n<li style=\"text-align: left;\">Osteointegra\u00e7\u00e3o mais previs\u00edvel gra\u00e7as ao tratamento superficial (dupla acidifica\u00e7\u00e3o &#8211; D.A.E.)<\/li>\n<li style=\"text-align: left;\">Ader\u00eancia \u00f3tima gra\u00e7as \u00e0 micro-rosca ativa com tr\u00eas entradas<\/li>\n<li style=\"text-align: left;\">Controlo de precis\u00e3o produtiva de 100% das pe\u00e7as<\/li>\n<li style=\"text-align: left;\">Solu\u00e7\u00f5es cir\u00fargicas e de pr\u00f3teses muito amplas e avan\u00e7adas<\/li>\n<li style=\"text-align: left;\">Kit de cirurgia \u00fanico que permite efetuar todos os tipos de implantes<\/li>\n<li style=\"text-align: left;\">Desempenho muito satisfat\u00f3rio do ponto de vista mec\u00e2nico-funcional e est\u00e9tico, com percep\u00e7\u00e3o de conforto comunicada pelos pacientes<\/li>\n<li style=\"text-align: left;\">Versatilidade que torna a interven\u00e7\u00e3o apropriada nos casos de v\u00e1rios implantes, at\u00e9 em caso de aus\u00eancia de paralelismo<\/li>\n<li style=\"text-align: left;\">Conex\u00f5es com respostas e toler\u00e2ncias muito equilibradas e apreciadas pelos profissionais de odontologia<\/li>\n<\/ul>\n<p>* dados de levantamentos internos para fins de certifica\u00e7\u00e3o de produto e de sistema para a qualidade<\/p>\n<\/div><div class=\"fusion-clearfix\"><\/div><\/div><\/div><\/div><\/div><div class=\"fusion-fullwidth fullwidth-box fusion-builder-row-2 nonhundred-percent-fullwidth non-hundred-percent-height-scrolling\"  style='background-color: rgba(255,255,255,0);background-position: left top;background-repeat: no-repeat;padding-top:20px;padding-right:0px;padding-bottom:20px;padding-left:0px;border-top-width:0px;border-bottom-width:0px;border-color:#eae9e9;border-top-style:solid;border-bottom-style:solid;'><div class=\"fusion-builder-row fusion-row \"><div  class=\"fusion-layout-column fusion_builder_column fusion_builder_column_1_4 fusion-builder-column-3 fusion-one-fourth fusion-column-first fusion-no-small-visibility 1_4\"  style='margin-top:0px;margin-bottom:20px;width:22%; margin-right: 4%;'><div class=\"fusion-column-wrapper\" style=\"background-position:left top;background-repeat:no-repeat;-webkit-background-size:cover;-moz-background-size:cover;-o-background-size:cover;background-size:cover;\"   data-bg-url=\"\"><div class=\"fusion-clearfix\"><\/div><\/div><\/div><div  class=\"fusion-layout-column fusion_builder_column fusion_builder_column_1_4 fusion-builder-column-4 fusion-one-fourth 1_4\"  style='margin-top:0px;margin-bottom:20px;'><div class=\"fusion-column-wrapper\" style=\"background-position:left top;background-repeat:no-repeat;-webkit-background-size:cover;-moz-background-size:cover;-o-background-size:cover;background-size:cover;\"   data-bg-url=\"\"><div class=\"fusion-text\"><p style=\"text-align: center;\"><div class=\"fusion-counters-circle counters-circle\">\n<div class=\"counter-circle-wrapper\" style=\"height:220px;width:220px;\" data-originalsize=\"220\" data-animationOffset=\"100%\"><div class=\"fusion-counter-circle counter-circle counter-circle-content\" data-percent=\"99\" data-countdown=\"\" data-filledcolor=\"#008dbd\" data-unfilledcolor=\"#f6f6f6\" data-scale=\"1\" data-size=\"220\" data-speed=\"1500\" data-strokesize=\"11\" style=\"font-size:50px;height:220px;width:220px;\"><div class=\"fusion-counter-circle-content-inner\">99,4%<\/div><\/div><\/div>\n<\/div><\/p>\n<h2 style=\"text-align: center;\">Sucesso do Implante<\/h2>\n<\/div><div class=\"fusion-clearfix\"><\/div><\/div><\/div><div  class=\"fusion-layout-column fusion_builder_column fusion_builder_column_1_4 fusion-builder-column-5 fusion-one-fourth 1_4\"  style='margin-top:0px;margin-bottom:20px;'><div class=\"fusion-column-wrapper\" style=\"background-position:left top;background-repeat:no-repeat;-webkit-background-size:cover;-moz-background-size:cover;-o-background-size:cover;background-size:cover;\"   data-bg-url=\"\"><div class=\"fusion-text\"><p style=\"text-align: center;\"><div class=\"fusion-counters-circle counters-circle\">\n<div class=\"counter-circle-wrapper\" style=\"height:220px;width:220px;\" data-originalsize=\"220\" data-animationOffset=\"100%\"><div class=\"fusion-counter-circle counter-circle counter-circle-content\" data-percent=\"100\" data-countdown=\"\" data-filledcolor=\"#008dbd\" data-unfilledcolor=\"#f6f6f6\" data-scale=\"1\" data-size=\"220\" data-speed=\"1500\" data-strokesize=\"11\" style=\"font-size:50px;height:220px;width:220px;\"><div class=\"fusion-counter-circle-content-inner\">100%<\/div><\/div><\/div>\n<\/div><\/p>\n<h2 style=\"text-align: center;\">Controlo dos pre\u00e7os<\/h2>\n<\/div><div class=\"fusion-clearfix\"><\/div><\/div><\/div><div  class=\"fusion-layout-column fusion_builder_column fusion_builder_column_1_4 fusion-builder-column-6 fusion-one-fourth fusion-column-last fusion-no-small-visibility 1_4\"  style='margin-top:0px;margin-bottom:20px;width:22%'><div class=\"fusion-column-wrapper\" style=\"background-position:left top;background-repeat:no-repeat;-webkit-background-size:cover;-moz-background-size:cover;-o-background-size:cover;background-size:cover;\"   data-bg-url=\"\"><div class=\"fusion-clearfix\"><\/div><\/div><\/div><\/div><\/div><div class=\"fusion-fullwidth fullwidth-box fusion-builder-row-3 nonhundred-percent-fullwidth non-hundred-percent-height-scrolling\"  style='background-color: #f6f6f6;background-position: left top;background-repeat: no-repeat;padding-top:20px;padding-bottom:20px;border-top-width:1px;border-bottom-width:1px;border-color:#eaeaea;border-top-style:solid;border-bottom-style:solid;'><div class=\"fusion-builder-row fusion-row \"><div  class=\"fusion-layout-column fusion_builder_column fusion_builder_column_1_1 fusion-builder-column-7 fusion-one-full fusion-column-first fusion-column-last 1_1\"  style='margin-top:0px;margin-bottom:20px;'><div class=\"fusion-column-wrapper\" style=\"background-position:left top;background-repeat:no-repeat;-webkit-background-size:cover;-moz-background-size:cover;-o-background-size:cover;background-size:cover;\"   data-bg-url=\"\"><span class=\"fusion-imageframe imageframe-none imageframe-1 hover-type-none\"><img src=\"https:\/\/www.prodentitalia.eu\/it-pro\/wp-content\/uploads\/sites\/40\/2015\/06\/big-logo-pay-off9.png\"   alt=\"\" title=\"\" class=\"img-responsive\"\/><\/span><div class=\"fusion-clearfix\"><\/div><\/div><\/div><\/div><\/div><\/p>\n","protected":false},"excerpt":{"rendered":"","protected":false},"author":1,"featured_media":0,"parent":0,"menu_order":0,"comment_status":"open","ping_status":"closed","template":"100-width.php","meta":[],"yoast_head":"<!-- This site is optimized with the Yoast SEO plugin v14.7 - https:\/\/yoast.com\/wordpress\/plugins\/seo\/ -->\n<title>I motivi per scegliere Prodent Italia<\/title>\n<meta name=\"robots\" content=\"index, follow\" \/>\n<meta name=\"googlebot\" content=\"index, follow, max-snippet:-1, max-image-preview:large, max-video-preview:-1\" \/>\n<meta name=\"bingbot\" content=\"index, follow, max-snippet:-1, max-image-preview:large, max-video-preview:-1\" \/>\n<link rel=\"canonical\" href=\"https:\/\/www.prodentitalia.eu\/ptpro\/scegliere-prodent\/\" \/>\n<meta property=\"og:locale\" content=\"pt_PT\" \/>\n<meta property=\"og:type\" content=\"article\" \/>\n<meta property=\"og:title\" content=\"I motivi per scegliere Prodent Italia\" \/>\n<meta property=\"og:url\" content=\"https:\/\/www.prodentitalia.eu\/ptpro\/scegliere-prodent\/\" \/>\n<meta property=\"og:site_name\" content=\"\u00c1rea Profissionais Prodent Italia\" \/>\n<meta property=\"article:modified_time\" content=\"2020-01-17T18:13:22+00:00\" \/>\n<meta property=\"og:image\" content=\"https:\/\/www.prodentitalia.eu\/it-pro\/wp-content\/uploads\/sites\/40\/2015\/06\/ico-company-90c.png\" \/>\n<meta name=\"twitter:card\" content=\"summary\" \/>\n<meta name=\"twitter:creator\" content=\"@pr0en7erad475\" \/>\n<script type=\"application\/ld+json\" class=\"yoast-schema-graph\">{\"@context\":\"https:\/\/schema.org\",\"@graph\":[{\"@type\":\"WebSite\",\"@id\":\"https:\/\/www.prodentitalia.eu\/ptpro\/#website\",\"url\":\"https:\/\/www.prodentitalia.eu\/ptpro\/\",\"name\":\"\\u00c1rea Profissionais Prodent Italia\",\"description\":\"Prodent Italia l&#039;implantologia made in Italy\",\"potentialAction\":[{\"@type\":\"SearchAction\",\"target\":\"https:\/\/www.prodentitalia.eu\/ptpro\/?s={search_term_string}\",\"query-input\":\"required name=search_term_string\"}],\"inLanguage\":\"pt-PT\"},{\"@type\":\"ImageObject\",\"@id\":\"https:\/\/www.prodentitalia.eu\/ptpro\/scegliere-prodent\/#primaryimage\",\"inLanguage\":\"pt-PT\",\"url\":\"https:\/\/www.prodentitalia.eu\/it-pro\/wp-content\/uploads\/sites\/40\/2015\/06\/ico-company-90c.png\"},{\"@type\":\"WebPage\",\"@id\":\"https:\/\/www.prodentitalia.eu\/ptpro\/scegliere-prodent\/#webpage\",\"url\":\"https:\/\/www.prodentitalia.eu\/ptpro\/scegliere-prodent\/\",\"name\":\"I motivi per scegliere Prodent Italia\",\"isPartOf\":{\"@id\":\"https:\/\/www.prodentitalia.eu\/ptpro\/#website\"},\"primaryImageOfPage\":{\"@id\":\"https:\/\/www.prodentitalia.eu\/ptpro\/scegliere-prodent\/#primaryimage\"},\"datePublished\":\"2015-06-25T06:00:25+00:00\",\"dateModified\":\"2020-01-17T18:13:22+00:00\",\"inLanguage\":\"pt-PT\",\"potentialAction\":[{\"@type\":\"ReadAction\",\"target\":[\"https:\/\/www.prodentitalia.eu\/ptpro\/scegliere-prodent\/\"]}]}]}<\/script>\n<!-- \/ Yoast SEO plugin. -->","_links":{"self":[{"href":"https:\/\/www.prodentitalia.eu\/ptpro\/wp-json\/wp\/v2\/pages\/11074"}],"collection":[{"href":"https:\/\/www.prodentitalia.eu\/ptpro\/wp-json\/wp\/v2\/pages"}],"about":[{"href":"https:\/\/www.prodentitalia.eu\/ptpro\/wp-json\/wp\/v2\/types\/page"}],"author":[{"embeddable":true,"href":"https:\/\/www.prodentitalia.eu\/ptpro\/wp-json\/wp\/v2\/users\/1"}],"replies":[{"embeddable":true,"href":"https:\/\/www.prodentitalia.eu\/ptpro\/wp-json\/wp\/v2\/comments?post=11074"}],"version-history":[{"count":82,"href":"https:\/\/www.prodentitalia.eu\/ptpro\/wp-json\/wp\/v2\/pages\/11074\/revisions"}],"predecessor-version":[{"id":12290,"href":"https:\/\/www.prodentitalia.eu\/ptpro\/wp-json\/wp\/v2\/pages\/11074\/revisions\/12290"}],"wp:attachment":[{"href":"https:\/\/www.prodentitalia.eu\/ptpro\/wp-json\/wp\/v2\/media?parent=11074"}],"curies":[{"name":"wp","href":"https:\/\/api.w.org\/{rel}","templated":true}]}}