{"id":11257,"date":"2015-07-09T23:39:57","date_gmt":"2015-07-09T21:39:57","guid":{"rendered":"http:\/\/www.prodentitalia.eu\/it-pro\/?page_id=11257"},"modified":"2023-01-24T16:46:23","modified_gmt":"2023-01-24T15:46:23","slug":"impianto-prime-collar","status":"publish","type":"page","link":"https:\/\/www.prodentitalia.eu\/ptpro\/prodotti-implantari-prodent\/impianti-conici\/impianto-prime-collar\/","title":{"rendered":"Prime Collar"},"content":{"rendered":"<div class=\"fusion-fullwidth fullwidth-box fusion-builder-row-1 nonhundred-percent-fullwidth non-hundred-percent-height-scrolling\"  style='background-color: rgba(255,255,255,0);background-position: center center;background-repeat: no-repeat;padding-top:20px;padding-bottom:20px;border-top-width:0px;border-bottom-width:0px;border-color:#eae9e9;border-top-style:solid;border-bottom-style:solid;'><div class=\"fusion-builder-row fusion-row \"><div  class=\"fusion-layout-column fusion_builder_column fusion_builder_column_2_5 fusion-builder-column-0 fusion-two-fifth fusion-column-first 2_5\"  style='margin-top:0px;margin-bottom:20px;'><div class=\"fusion-column-wrapper\" style=\"padding: 0px 0px 0px 0px;background-position:center top;background-repeat:no-repeat;-webkit-background-size:cover;-moz-background-size:cover;-o-background-size:cover;background-size:cover;\"   data-bg-url=\"\"><div class=\"imageframe-align-center\"><span class=\"fusion-imageframe imageframe-none imageframe-1 hover-type-none\"><img src=\"https:\/\/www.prodentitalia.eu\/it-pro\/wp-content\/uploads\/sites\/40\/2015\/07\/prime-collar-big.png\"   alt=\"Prodent Prime impianto conico root-form\" title=\"\" class=\"img-responsive\"\/><\/span><\/div><div class=\"fusion-clearfix\"><\/div><\/div><\/div><div  class=\"fusion-layout-column fusion_builder_column fusion_builder_column_3_5 fusion-builder-column-1 fusion-three-fifth fusion-column-last whiteopacity 3_5\"  style='margin-top:0px;margin-bottom:50px;'><div class=\"fusion-column-wrapper\" style=\"border:0px solid #eeeeee;padding: 20px 20px 20px 20px;background-position:left top;background-repeat:no-repeat;-webkit-background-size:cover;-moz-background-size:cover;-o-background-size:cover;background-size:cover;\"   data-bg-url=\"\"><style type=\"text\/css\">.fusion-accordian  #accordion-11257-1 .panel-title a .fa-fusion-box{ color: #ffffff;}.fusion-accordian  #accordion-11257-1 .panel-title a .fa-fusion-box:before{ font-size: 13px; width: 13px;}.fusion-accordian  #accordion-11257-1 .panel-title a{font-size:16px;}.fusion-accordian  #accordion-11257-1 .fa-fusion-box { background-color: #8c8c8c;border-color: #8c8c8c;}.fusion-accordian  #accordion-11257-1 .panel-title a:hover, #accordion-11257-1 .fusion-toggle-boxed-mode:hover .panel-title a { color: #008dbd;}.fusion-accordian  #accordion-11257-1 .panel-title .active .fa-fusion-box,.fusion-accordian  #accordion-11257-1 .panel-title a:hover .fa-fusion-box { background-color: #008dbd!important;border-color: #008dbd!important;}<\/style><div class=\"accordian fusion-accordian\"><div class=\"panel-group\" id=\"accordion-11257-1\" role=\"tablist\"><div class=\"fusion-panel panel-default\" role=\"tabpanel\"><div class=\"panel-heading\"><h4 class=\"panel-title toggle\"><a aria-expanded=\"false\" aria-selected=\"false\" aria-controls=\"8990497ed88a95081\" role=\"tab\" data-toggle=\"collapse\" data-parent=\"#accordion-11257-1\" data-target=\"#8990497ed88a95081\" href=\"#8990497ed88a95081\"><span class=\"fusion-toggle-icon-wrapper\" aria-hidden=\"true\"><i class=\"fa-fusion-box\"><\/i><\/span><span class=\"fusion-toggle-heading\">Respeito pelos tecidos peri-implantares e menor risco de ades\u00e3o bacteriana no implante <\/span><\/a><\/h4><\/div><div id=\"8990497ed88a95081\" class=\"panel-collapse collapse \"><div class=\"panel-body toggle-content fusion-clearfix\">O colo do implante \u00e9 usinado e sem micro-rosca por 1,2 mm<\/div><\/div><\/div><div class=\"fusion-panel panel-default\" role=\"tabpanel\"><div class=\"panel-heading\"><h4 class=\"panel-title toggle\"><a aria-expanded=\"false\" aria-selected=\"false\" aria-controls=\"076e4908cca306ec8\" role=\"tab\" data-toggle=\"collapse\" data-parent=\"#accordion-11257-1\" data-target=\"#076e4908cca306ec8\" href=\"#076e4908cca306ec8\"><span class=\"fusion-toggle-icon-wrapper\" aria-hidden=\"true\"><i class=\"fa-fusion-box\"><\/i><\/span><span class=\"fusion-toggle-heading\">O sucesso do implante \u00e9 mais previs\u00edvel em termos de osteointegra\u00e7\u00e3o<\/span><\/a><\/h4><\/div><div id=\"076e4908cca306ec8\" class=\"panel-collapse collapse \"><div class=\"panel-body toggle-content fusion-clearfix\">\n<p>A forma root form proporciona uma excelente estabilidade prim\u00e1ria<br \/>\nAt\u00e9 nos casos de baixo volume de osso, a morfologia da espira permite uma ader\u00eancia elevada<\/p>\n<p>O tit\u00e2nio utilizado \u00e9 de grau 4, aquele mais resistente dentre os graus de tit\u00e2nio puro, com caracter\u00edsticas de percentual elevado de osteintegra\u00e7\u00e3o e de grande resist\u00eancia mec\u00e2nica \u00e0s cargas<\/p>\n<\/div><\/div><\/div><div class=\"fusion-panel panel-default\" role=\"tabpanel\"><div class=\"panel-heading\"><h4 class=\"panel-title toggle\"><a aria-expanded=\"false\" aria-selected=\"false\" aria-controls=\"db7695d937bb200bb\" role=\"tab\" data-toggle=\"collapse\" data-parent=\"#accordion-11257-1\" data-target=\"#db7695d937bb200bb\" href=\"#db7695d937bb200bb\"><span class=\"fusion-toggle-icon-wrapper\" aria-hidden=\"true\"><i class=\"fa-fusion-box\"><\/i><\/span><span class=\"fusion-toggle-heading\">Osteointegra\u00e7\u00e3o r\u00e1pida<\/span><\/a><\/h4><\/div><div id=\"db7695d937bb200bb\" class=\"panel-collapse collapse \"><div class=\"panel-body toggle-content fusion-clearfix\">A superf\u00edcie do implante possui uma rugosidade morfologicamente controlada e perfeitamente descontaminada, gra\u00e7as ao tratamento superficial com dupla acidifica\u00e7\u00e3o (D.A.E.)<\/div><\/div><\/div><div class=\"fusion-panel panel-default\" role=\"tabpanel\"><div class=\"panel-heading\"><h4 class=\"panel-title toggle\"><a aria-expanded=\"false\" aria-selected=\"false\" aria-controls=\"7a41666beb4cb0463\" role=\"tab\" data-toggle=\"collapse\" data-parent=\"#accordion-11257-1\" data-target=\"#7a41666beb4cb0463\" href=\"#7a41666beb4cb0463\"><span class=\"fusion-toggle-icon-wrapper\" aria-hidden=\"true\"><i class=\"fa-fusion-box\"><\/i><\/span><span class=\"fusion-toggle-heading\">\u00c9 poss\u00edvel otimizar os espa\u00e7os cl\u00ednicos anat\u00f3micos<\/span><\/a><\/h4><\/div><div id=\"7a41666beb4cb0463\" class=\"panel-collapse collapse \"><div class=\"panel-body toggle-content fusion-clearfix\">A morfologia espec\u00edfica do implante (root form) com dimens\u00e3o apical reduzida, faz com que seja apropriado at\u00e9 nos casos de espa\u00e7os cl\u00ednicos limitados<\/div><\/div><\/div><div class=\"fusion-panel panel-default\" role=\"tabpanel\"><div class=\"panel-heading\"><h4 class=\"panel-title toggle\"><a aria-expanded=\"false\" aria-selected=\"false\" aria-controls=\"fcf661f905d6c9a6c\" role=\"tab\" data-toggle=\"collapse\" data-parent=\"#accordion-11257-1\" data-target=\"#fcf661f905d6c9a6c\" href=\"#fcf661f905d6c9a6c\"><span class=\"fusion-toggle-icon-wrapper\" aria-hidden=\"true\"><i class=\"fa-fusion-box\"><\/i><\/span><span class=\"fusion-toggle-heading\">O n\u00edvel da crista \u00f3ssea \u00e9 mantido no decorrer dos anos<\/span><\/a><\/h4><\/div><div id=\"fcf661f905d6c9a6c\" class=\"panel-collapse collapse \"><div class=\"panel-body toggle-content fusion-clearfix\">A micro-rosca ativa coordenada \u00e0 espira principal proporciona ao implante estabilidade prim\u00e1ria at\u00e9 mesmo na \u00e1rea cortical<\/div><\/div><\/div><div class=\"fusion-panel panel-default\" role=\"tabpanel\"><div class=\"panel-heading\"><h4 class=\"panel-title toggle\"><a aria-expanded=\"false\" aria-selected=\"false\" aria-controls=\"fc504bc61b073a34d\" role=\"tab\" data-toggle=\"collapse\" data-parent=\"#accordion-11257-1\" data-target=\"#fc504bc61b073a34d\" href=\"#fc504bc61b073a34d\"><span class=\"fusion-toggle-icon-wrapper\" aria-hidden=\"true\"><i class=\"fa-fusion-box\"><\/i><\/span><span class=\"fusion-toggle-heading\">O implante \u00e9 confi\u00e1vel sob o perfil biomec\u00e2nico, gra\u00e7as \u00e0 elevada estabilidade da conex\u00e3o<\/span><\/a><\/h4><\/div><div id=\"fc504bc61b073a34d\" class=\"panel-collapse collapse \"><div class=\"panel-body toggle-content fusion-clearfix\">A distribui\u00e7\u00e3o homog\u00eanea das for\u00e7as de carga \u00e9 obtida atrav\u00e9s da conex\u00e3o antirrota\u00e7\u00e3o cilindro-hex\u00e1gono-cilindro<\/div><\/div><\/div><\/div><\/div><div class=\"fusion-text\"><p>&nbsp;<\/p>\n<p>&nbsp;<\/p>\n<\/div><div class=\"fusion-button-wrapper\"><style type=\"text\/css\">.fusion-button.button-1 .fusion-button-text, .fusion-button.button-1 i {color:#008bdb;}.fusion-button.button-1 .fusion-button-icon-divider{border-color:#008bdb;}.fusion-button.button-1:hover .fusion-button-text, .fusion-button.button-1:hover i,.fusion-button.button-1:focus .fusion-button-text, .fusion-button.button-1:focus i,.fusion-button.button-1:active .fusion-button-text, .fusion-button.button-1:active{color:#1e73be;}.fusion-button.button-1:hover .fusion-button-icon-divider, .fusion-button.button-1:hover .fusion-button-icon-divider, .fusion-button.button-1:active .fusion-button-icon-divider{border-color:#1e73be;}.fusion-button.button-1:hover, .fusion-button.button-1:focus, .fusion-button.button-1:active{border-color:#1e73be;border-width:1px;}.fusion-button.button-1 {border-color:#008bdb;border-width:1px;border-radius:2px;}.fusion-button.button-1{background: #ffffff;}.fusion-button.button-1:hover,.button-1:focus,.fusion-button.button-1:active{background: #ffffff;}<\/style><a class=\"fusion-button button-flat button-xlarge button-custom button-1 fusion-button-default-span \" target=\"_blank\" rel=\"noopener noreferrer\" href=\"https:\/\/www.prodentitalia.eu\/pdf\/pro-it\/prodotti\/PRIME-Clinical-Protocol-.pdf\"><span class=\"fusion-button-text\">DESCARREGUE O PROTOCOLO<\/span><i class=\"fa-chevron-right fas button-icon-right\"><\/i><\/a><\/div><div class=\"fusion-clearfix\"><\/div><\/div><\/div><div  class=\"fusion-layout-column fusion_builder_column fusion_builder_column_1_1 fusion-builder-column-2 fusion-one-full fusion-column-first fusion-column-last fusion-column-no-min-height 1_1\"  style='margin-top:0px;margin-bottom:0px;'><div class=\"fusion-column-wrapper\" style=\"padding: 0px 0px 0px 0px;background-position:left top;background-repeat:no-repeat;-webkit-background-size:cover;-moz-background-size:cover;-o-background-size:cover;background-size:cover;\"   data-bg-url=\"\"><div class=\"fusion-sep-clear\"><\/div><div class=\"fusion-separator fusion-full-width-sep sep-none\" style=\"margin-left: auto;margin-right: auto;margin-top:;\"><\/div><div class=\"fusion-clearfix\"><\/div><\/div><\/div><\/div><\/div>\n","protected":false},"excerpt":{"rendered":"","protected":false},"author":1,"featured_media":0,"parent":11425,"menu_order":0,"comment_status":"open","ping_status":"closed","template":"100-width.php","meta":[],"yoast_head":"<!-- This site is optimized with the Yoast SEO plugin v14.7 - https:\/\/yoast.com\/wordpress\/plugins\/seo\/ -->\n<title>Prime Collar - \u00c1rea Profissionais Prodent Italia<\/title>\n<meta name=\"robots\" content=\"index, follow\" \/>\n<meta name=\"googlebot\" content=\"index, follow, max-snippet:-1, max-image-preview:large, max-video-preview:-1\" \/>\n<meta name=\"bingbot\" content=\"index, follow, max-snippet:-1, max-image-preview:large, max-video-preview:-1\" \/>\n<link rel=\"canonical\" href=\"https:\/\/www.prodentitalia.eu\/ptpro\/prodotti-implantari-prodent\/impianti-conici\/impianto-prime-collar\/\" \/>\n<meta property=\"og:locale\" content=\"pt_PT\" \/>\n<meta property=\"og:type\" content=\"article\" \/>\n<meta property=\"og:title\" content=\"Prime Collar - \u00c1rea Profissionais Prodent Italia\" \/>\n<meta property=\"og:url\" content=\"https:\/\/www.prodentitalia.eu\/ptpro\/prodotti-implantari-prodent\/impianti-conici\/impianto-prime-collar\/\" \/>\n<meta property=\"og:site_name\" content=\"\u00c1rea Profissionais Prodent Italia\" \/>\n<meta property=\"article:modified_time\" content=\"2023-01-24T15:46:23+00:00\" \/>\n<meta property=\"og:image\" content=\"https:\/\/www.prodentitalia.eu\/it-pro\/wp-content\/uploads\/sites\/40\/2015\/07\/prime-collar-big.png\" \/>\n<meta name=\"twitter:card\" content=\"summary\" \/>\n<meta name=\"twitter:creator\" content=\"@pr0en7erad475\" \/>\n<script type=\"application\/ld+json\" class=\"yoast-schema-graph\">{\"@context\":\"https:\/\/schema.org\",\"@graph\":[{\"@type\":\"WebSite\",\"@id\":\"https:\/\/www.prodentitalia.eu\/ptpro\/#website\",\"url\":\"https:\/\/www.prodentitalia.eu\/ptpro\/\",\"name\":\"\\u00c1rea Profissionais Prodent Italia\",\"description\":\"Prodent Italia l&#039;implantologia made in Italy\",\"potentialAction\":[{\"@type\":\"SearchAction\",\"target\":\"https:\/\/www.prodentitalia.eu\/ptpro\/?s={search_term_string}\",\"query-input\":\"required name=search_term_string\"}],\"inLanguage\":\"pt-PT\"},{\"@type\":\"ImageObject\",\"@id\":\"https:\/\/www.prodentitalia.eu\/ptpro\/prodotti-implantari-prodent\/impianti-conici\/impianto-prime-collar\/#primaryimage\",\"inLanguage\":\"pt-PT\",\"url\":\"https:\/\/www.prodentitalia.eu\/it-pro\/wp-content\/uploads\/sites\/40\/2015\/07\/prime-collar-big.png\"},{\"@type\":\"WebPage\",\"@id\":\"https:\/\/www.prodentitalia.eu\/ptpro\/prodotti-implantari-prodent\/impianti-conici\/impianto-prime-collar\/#webpage\",\"url\":\"https:\/\/www.prodentitalia.eu\/ptpro\/prodotti-implantari-prodent\/impianti-conici\/impianto-prime-collar\/\",\"name\":\"Prime Collar - \\u00c1rea Profissionais Prodent Italia\",\"isPartOf\":{\"@id\":\"https:\/\/www.prodentitalia.eu\/ptpro\/#website\"},\"primaryImageOfPage\":{\"@id\":\"https:\/\/www.prodentitalia.eu\/ptpro\/prodotti-implantari-prodent\/impianti-conici\/impianto-prime-collar\/#primaryimage\"},\"datePublished\":\"2015-07-09T21:39:57+00:00\",\"dateModified\":\"2023-01-24T15:46:23+00:00\",\"inLanguage\":\"pt-PT\",\"potentialAction\":[{\"@type\":\"ReadAction\",\"target\":[\"https:\/\/www.prodentitalia.eu\/ptpro\/prodotti-implantari-prodent\/impianti-conici\/impianto-prime-collar\/\"]}]}]}<\/script>\n<!-- \/ Yoast SEO plugin. -->","_links":{"self":[{"href":"https:\/\/www.prodentitalia.eu\/ptpro\/wp-json\/wp\/v2\/pages\/11257"}],"collection":[{"href":"https:\/\/www.prodentitalia.eu\/ptpro\/wp-json\/wp\/v2\/pages"}],"about":[{"href":"https:\/\/www.prodentitalia.eu\/ptpro\/wp-json\/wp\/v2\/types\/page"}],"author":[{"embeddable":true,"href":"https:\/\/www.prodentitalia.eu\/ptpro\/wp-json\/wp\/v2\/users\/1"}],"replies":[{"embeddable":true,"href":"https:\/\/www.prodentitalia.eu\/ptpro\/wp-json\/wp\/v2\/comments?post=11257"}],"version-history":[{"count":17,"href":"https:\/\/www.prodentitalia.eu\/ptpro\/wp-json\/wp\/v2\/pages\/11257\/revisions"}],"predecessor-version":[{"id":12441,"href":"https:\/\/www.prodentitalia.eu\/ptpro\/wp-json\/wp\/v2\/pages\/11257\/revisions\/12441"}],"up":[{"embeddable":true,"href":"https:\/\/www.prodentitalia.eu\/ptpro\/wp-json\/wp\/v2\/pages\/11425"}],"wp:attachment":[{"href":"https:\/\/www.prodentitalia.eu\/ptpro\/wp-json\/wp\/v2\/media?parent=11257"}],"curies":[{"name":"wp","href":"https:\/\/api.w.org\/{rel}","templated":true}]}}