{"id":11395,"date":"2015-07-10T00:16:39","date_gmt":"2015-07-09T22:16:39","guid":{"rendered":"http:\/\/www.prodentitalia.eu\/it-pro\/?page_id=11395"},"modified":"2023-01-24T16:47:42","modified_gmt":"2023-01-24T15:47:42","slug":"impianto-twinner","status":"publish","type":"page","link":"https:\/\/www.prodentitalia.eu\/ptpro\/prodotti-implantari-prodent\/impianti-cilindrici\/impianto-twinner\/","title":{"rendered":"Twinner"},"content":{"rendered":"<div class=\"fusion-fullwidth fullwidth-box fusion-builder-row-1 nonhundred-percent-fullwidth non-hundred-percent-height-scrolling\"  style='background-color: rgba(255,255,255,0);background-position: center center;background-repeat: no-repeat;padding-top:20px;padding-bottom:20px;border-top-width:0px;border-bottom-width:0px;border-color:#eae9e9;border-top-style:solid;border-bottom-style:solid;'><div class=\"fusion-builder-row fusion-row \"><div  class=\"fusion-layout-column fusion_builder_column fusion_builder_column_2_5 fusion-builder-column-0 fusion-two-fifth fusion-column-first 2_5\"  style='margin-top:0px;margin-bottom:20px;'><div class=\"fusion-column-wrapper\" style=\"padding: 0px 0px 0px 0px;background-position:center top;background-repeat:no-repeat;-webkit-background-size:cover;-moz-background-size:cover;-o-background-size:cover;background-size:cover;\"   data-bg-url=\"\"><div class=\"imageframe-align-center\"><span class=\"fusion-imageframe imageframe-none imageframe-1 hover-type-none\"><img src=\"https:\/\/www.prodentitalia.eu\/it-pro\/wp-content\/uploads\/sites\/40\/2015\/07\/twinner-big.png\"   alt=\"Prodent Twinner impianto cilindrico tapered\" title=\"\" class=\"img-responsive\"\/><\/span><\/div><div class=\"fusion-clearfix\"><\/div><\/div><\/div><div  class=\"fusion-layout-column fusion_builder_column fusion_builder_column_3_5 fusion-builder-column-1 fusion-three-fifth fusion-column-last whiteopacity 3_5\"  style='margin-top:0px;margin-bottom:50px;'><div class=\"fusion-column-wrapper\" style=\"border:0px solid #eeeeee;padding: 20px 20px 20px 20px;background-position:left top;background-repeat:no-repeat;-webkit-background-size:cover;-moz-background-size:cover;-o-background-size:cover;background-size:cover;\"   data-bg-url=\"\"><style type=\"text\/css\">.fusion-accordian  #accordion-11395-1 .panel-title a .fa-fusion-box{ color: #ffffff;}.fusion-accordian  #accordion-11395-1 .panel-title a .fa-fusion-box:before{ font-size: 13px; width: 13px;}.fusion-accordian  #accordion-11395-1 .panel-title a{font-size:16px;}.fusion-accordian  #accordion-11395-1 .fa-fusion-box { background-color: #8c8c8c;border-color: #8c8c8c;}.fusion-accordian  #accordion-11395-1 .panel-title a:hover, #accordion-11395-1 .fusion-toggle-boxed-mode:hover .panel-title a { color: #008dbd;}.fusion-accordian  #accordion-11395-1 .panel-title .active .fa-fusion-box,.fusion-accordian  #accordion-11395-1 .panel-title a:hover .fa-fusion-box { background-color: #008dbd!important;border-color: #008dbd!important;}<\/style><div class=\"accordian fusion-accordian\"><div class=\"panel-group\" id=\"accordion-11395-1\" role=\"tablist\"><div class=\"fusion-panel panel-default\" role=\"tabpanel\"><div class=\"panel-heading\"><h4 class=\"panel-title toggle\"><a aria-expanded=\"false\" aria-selected=\"false\" aria-controls=\"8d2c351457fa536ce\" role=\"tab\" data-toggle=\"collapse\" data-parent=\"#accordion-11395-1\" data-target=\"#8d2c351457fa536ce\" href=\"#8d2c351457fa536ce\"><span class=\"fusion-toggle-icon-wrapper\" aria-hidden=\"true\"><i class=\"fa-fusion-box\"><\/i><\/span><span class=\"fusion-toggle-heading\">Menor tens\u00e3o exercida no osso<\/span><\/a><\/h4><\/div><div id=\"8d2c351457fa536ce\" class=\"panel-collapse collapse \"><div class=\"panel-body toggle-content fusion-clearfix\">O torque de introdu\u00e7\u00e3o do implante \u00e9 homog\u00e9neo, gra\u00e7as \u00e0 forma cil\u00edndrica tapered<\/div><\/div><\/div><div class=\"fusion-panel panel-default\" role=\"tabpanel\"><div class=\"panel-heading\"><h4 class=\"panel-title toggle\"><a aria-expanded=\"false\" aria-selected=\"false\" aria-controls=\"b264a4d903cea2271\" role=\"tab\" data-toggle=\"collapse\" data-parent=\"#accordion-11395-1\" data-target=\"#b264a4d903cea2271\" href=\"#b264a4d903cea2271\"><span class=\"fusion-toggle-icon-wrapper\" aria-hidden=\"true\"><i class=\"fa-fusion-box\"><\/i><\/span><span class=\"fusion-toggle-heading\">Maior ades\u00e3o \u00f3ssea (bone implant contact BIC)<\/span><\/a><\/h4><\/div><div id=\"b264a4d903cea2271\" class=\"panel-collapse collapse \"><div class=\"panel-body toggle-content fusion-clearfix\">A forma cil\u00edndrica tapered determina uma maior superf\u00edcie de contato do implante com o osso<\/div><\/div><\/div><div class=\"fusion-panel panel-default\" role=\"tabpanel\"><div class=\"panel-heading\"><h4 class=\"panel-title toggle\"><a aria-expanded=\"false\" aria-selected=\"false\" aria-controls=\"2ce8170ad54ecfc58\" role=\"tab\" data-toggle=\"collapse\" data-parent=\"#accordion-11395-1\" data-target=\"#2ce8170ad54ecfc58\" href=\"#2ce8170ad54ecfc58\"><span class=\"fusion-toggle-icon-wrapper\" aria-hidden=\"true\"><i class=\"fa-fusion-box\"><\/i><\/span><span class=\"fusion-toggle-heading\">Efici\u00eancia no tempo de interven\u00e7\u00e3o<\/span><\/a><\/h4><\/div><div id=\"2ce8170ad54ecfc58\" class=\"panel-collapse collapse \"><div class=\"panel-body toggle-content fusion-clearfix\">A morfologia da espira com duas entradas permite uma maior velocidade de introdu\u00e7\u00e3o do implante<\/div><\/div><\/div><div class=\"fusion-panel panel-default\" role=\"tabpanel\"><div class=\"panel-heading\"><h4 class=\"panel-title toggle\"><a aria-expanded=\"false\" aria-selected=\"false\" aria-controls=\"661eca028e19a1168\" role=\"tab\" data-toggle=\"collapse\" data-parent=\"#accordion-11395-1\" data-target=\"#661eca028e19a1168\" href=\"#661eca028e19a1168\"><span class=\"fusion-toggle-icon-wrapper\" aria-hidden=\"true\"><i class=\"fa-fusion-box\"><\/i><\/span><span class=\"fusion-toggle-heading\">Maior previsibilidade de sucesso do implante em termos de osteointegra\u00e7\u00e3o<\/span><\/a><\/h4><\/div><div id=\"661eca028e19a1168\" class=\"panel-collapse collapse \"><div class=\"panel-body toggle-content fusion-clearfix\">O tit\u00e2nio utilizado (aquele de grau 4, o mais resistente dentre os graus de tit\u00e2nio puro) proporciona ao implante uma elevada resist\u00eancia mec\u00e2nica \u00e0s cargas e um elevado percentual de osteointegra\u00e7\u00e3o<\/div><\/div><\/div><div class=\"fusion-panel panel-default\" role=\"tabpanel\"><div class=\"panel-heading\"><h4 class=\"panel-title toggle\"><a aria-expanded=\"false\" aria-selected=\"false\" aria-controls=\"425869aa6390c1830\" role=\"tab\" data-toggle=\"collapse\" data-parent=\"#accordion-11395-1\" data-target=\"#425869aa6390c1830\" href=\"#425869aa6390c1830\"><span class=\"fusion-toggle-icon-wrapper\" aria-hidden=\"true\"><i class=\"fa-fusion-box\"><\/i><\/span><span class=\"fusion-toggle-heading\">Rapidez sob o perfil da osteointegra\u00e7\u00e3o<\/span><\/a><\/h4><\/div><div id=\"425869aa6390c1830\" class=\"panel-collapse collapse \"><div class=\"panel-body toggle-content fusion-clearfix\">O implante apresenta uma superf\u00edcie com rugosidade morfologicamente controlada e descontaminada de maneira perfeita, por meio do tratamento superficial com acidifica\u00e7\u00e3o dupla (D.A.E.)<\/div><\/div><\/div><div class=\"fusion-panel panel-default\" role=\"tabpanel\"><div class=\"panel-heading\"><h4 class=\"panel-title toggle\"><a aria-expanded=\"false\" aria-selected=\"false\" aria-controls=\"ef38e580d628d33c1\" role=\"tab\" data-toggle=\"collapse\" data-parent=\"#accordion-11395-1\" data-target=\"#ef38e580d628d33c1\" href=\"#ef38e580d628d33c1\"><span class=\"fusion-toggle-icon-wrapper\" aria-hidden=\"true\"><i class=\"fa-fusion-box\"><\/i><\/span><span class=\"fusion-toggle-heading\">Manuten\u00e7\u00e3o do n\u00edvel da crista \u00f3ssea no decorrer dos anos<\/span><\/a><\/h4><\/div><div id=\"ef38e580d628d33c1\" class=\"panel-collapse collapse \"><div class=\"panel-body toggle-content fusion-clearfix\">A micro-rosca ativa coordenada \u00e0 espira principal proporciona ao implante estabilidade prim\u00e1ria at\u00e9 mesmo na \u00e1rea cortical<\/div><\/div><\/div><div class=\"fusion-panel panel-default\" role=\"tabpanel\"><div class=\"panel-heading\"><h4 class=\"panel-title toggle\"><a aria-expanded=\"false\" aria-selected=\"false\" aria-controls=\"524705af460ed7cec\" role=\"tab\" data-toggle=\"collapse\" data-parent=\"#accordion-11395-1\" data-target=\"#524705af460ed7cec\" href=\"#524705af460ed7cec\"><span class=\"fusion-toggle-icon-wrapper\" aria-hidden=\"true\"><i class=\"fa-fusion-box\"><\/i><\/span><span class=\"fusion-toggle-heading\">Estabilidade elevada da conex\u00e3o e confiabilidade biomec\u00e2nica do implante<\/span><\/a><\/h4><\/div><div id=\"524705af460ed7cec\" class=\"panel-collapse collapse \"><div class=\"panel-body toggle-content fusion-clearfix\">\n<p>A conex\u00e3o antirrota\u00e7\u00e3o cilindro-hex\u00e1gono-cilindro permite a distribui\u00e7\u00e3o homog\u00eanea das for\u00e7as de carga<\/p>\n<\/div><\/div><\/div><\/div><\/div><div class=\"fusion-text\"><p>&nbsp;<\/p>\n<p>&nbsp;<\/p>\n<\/div><div class=\"fusion-button-wrapper\"><style type=\"text\/css\">.fusion-button.button-1 .fusion-button-text, .fusion-button.button-1 i {color:#008bdb;}.fusion-button.button-1 .fusion-button-icon-divider{border-color:#008bdb;}.fusion-button.button-1:hover .fusion-button-text, .fusion-button.button-1:hover i,.fusion-button.button-1:focus .fusion-button-text, .fusion-button.button-1:focus i,.fusion-button.button-1:active .fusion-button-text, .fusion-button.button-1:active{color:#1e73be;}.fusion-button.button-1:hover .fusion-button-icon-divider, .fusion-button.button-1:hover .fusion-button-icon-divider, .fusion-button.button-1:active .fusion-button-icon-divider{border-color:#1e73be;}.fusion-button.button-1:hover, .fusion-button.button-1:focus, .fusion-button.button-1:active{border-color:#1e73be;border-width:1px;}.fusion-button.button-1 {border-color:#008bdb;border-width:1px;border-radius:2px;}.fusion-button.button-1{background: #ffffff;}.fusion-button.button-1:hover,.button-1:focus,.fusion-button.button-1:active{background: #ffffff;}<\/style><a class=\"fusion-button button-flat button-xlarge button-custom button-1 fusion-button-default-span \" target=\"_blank\" rel=\"noopener noreferrer\" href=\"https:\/\/www.prodentitalia.eu\/pdf\/pro-it\/prodotti\/PRIME-Clinical-Protocol-.pdf\"><span class=\"fusion-button-text\">DESCARREGUE O PROTOCOLO<\/span><i class=\"fa-chevron-right fas button-icon-right\"><\/i><\/a><\/div><div class=\"fusion-clearfix\"><\/div><\/div><\/div><div  class=\"fusion-layout-column fusion_builder_column fusion_builder_column_1_1 fusion-builder-column-2 fusion-one-full fusion-column-first fusion-column-last fusion-column-no-min-height 1_1\"  style='margin-top:0px;margin-bottom:0px;'><div class=\"fusion-column-wrapper\" style=\"padding: 0px 0px 0px 0px;background-position:left top;background-repeat:no-repeat;-webkit-background-size:cover;-moz-background-size:cover;-o-background-size:cover;background-size:cover;\"   data-bg-url=\"\"><div class=\"fusion-sep-clear\"><\/div><div class=\"fusion-separator fusion-full-width-sep sep-none\" style=\"margin-left: auto;margin-right: auto;margin-top:;\"><\/div><div class=\"fusion-clearfix\"><\/div><\/div><\/div><\/div><\/div>\n","protected":false},"excerpt":{"rendered":"","protected":false},"author":1,"featured_media":0,"parent":11427,"menu_order":0,"comment_status":"open","ping_status":"closed","template":"100-width.php","meta":[],"yoast_head":"<!-- This site is optimized with the Yoast SEO plugin v14.7 - https:\/\/yoast.com\/wordpress\/plugins\/seo\/ -->\n<title>Twinner - \u00c1rea Profissionais Prodent Italia<\/title>\n<meta name=\"robots\" content=\"index, follow\" \/>\n<meta name=\"googlebot\" content=\"index, follow, max-snippet:-1, max-image-preview:large, max-video-preview:-1\" \/>\n<meta name=\"bingbot\" content=\"index, follow, max-snippet:-1, max-image-preview:large, max-video-preview:-1\" \/>\n<link rel=\"canonical\" href=\"https:\/\/www.prodentitalia.eu\/ptpro\/prodotti-implantari-prodent\/impianti-cilindrici\/impianto-twinner\/\" \/>\n<meta property=\"og:locale\" content=\"pt_PT\" \/>\n<meta property=\"og:type\" content=\"article\" \/>\n<meta property=\"og:title\" content=\"Twinner - \u00c1rea Profissionais Prodent Italia\" \/>\n<meta property=\"og:url\" content=\"https:\/\/www.prodentitalia.eu\/ptpro\/prodotti-implantari-prodent\/impianti-cilindrici\/impianto-twinner\/\" \/>\n<meta property=\"og:site_name\" content=\"\u00c1rea Profissionais Prodent Italia\" \/>\n<meta property=\"article:modified_time\" content=\"2023-01-24T15:47:42+00:00\" \/>\n<meta property=\"og:image\" content=\"https:\/\/www.prodentitalia.eu\/it-pro\/wp-content\/uploads\/sites\/40\/2015\/07\/twinner-big.png\" \/>\n<meta name=\"twitter:card\" content=\"summary\" \/>\n<meta name=\"twitter:creator\" content=\"@pr0en7erad475\" \/>\n<script type=\"application\/ld+json\" class=\"yoast-schema-graph\">{\"@context\":\"https:\/\/schema.org\",\"@graph\":[{\"@type\":\"WebSite\",\"@id\":\"https:\/\/www.prodentitalia.eu\/ptpro\/#website\",\"url\":\"https:\/\/www.prodentitalia.eu\/ptpro\/\",\"name\":\"\\u00c1rea Profissionais Prodent Italia\",\"description\":\"Prodent Italia l&#039;implantologia made in Italy\",\"potentialAction\":[{\"@type\":\"SearchAction\",\"target\":\"https:\/\/www.prodentitalia.eu\/ptpro\/?s={search_term_string}\",\"query-input\":\"required name=search_term_string\"}],\"inLanguage\":\"pt-PT\"},{\"@type\":\"ImageObject\",\"@id\":\"https:\/\/www.prodentitalia.eu\/ptpro\/prodotti-implantari-prodent\/impianti-cilindrici\/impianto-twinner\/#primaryimage\",\"inLanguage\":\"pt-PT\",\"url\":\"https:\/\/www.prodentitalia.eu\/it-pro\/wp-content\/uploads\/sites\/40\/2015\/07\/twinner-big.png\"},{\"@type\":\"WebPage\",\"@id\":\"https:\/\/www.prodentitalia.eu\/ptpro\/prodotti-implantari-prodent\/impianti-cilindrici\/impianto-twinner\/#webpage\",\"url\":\"https:\/\/www.prodentitalia.eu\/ptpro\/prodotti-implantari-prodent\/impianti-cilindrici\/impianto-twinner\/\",\"name\":\"Twinner - \\u00c1rea Profissionais Prodent Italia\",\"isPartOf\":{\"@id\":\"https:\/\/www.prodentitalia.eu\/ptpro\/#website\"},\"primaryImageOfPage\":{\"@id\":\"https:\/\/www.prodentitalia.eu\/ptpro\/prodotti-implantari-prodent\/impianti-cilindrici\/impianto-twinner\/#primaryimage\"},\"datePublished\":\"2015-07-09T22:16:39+00:00\",\"dateModified\":\"2023-01-24T15:47:42+00:00\",\"inLanguage\":\"pt-PT\",\"potentialAction\":[{\"@type\":\"ReadAction\",\"target\":[\"https:\/\/www.prodentitalia.eu\/ptpro\/prodotti-implantari-prodent\/impianti-cilindrici\/impianto-twinner\/\"]}]}]}<\/script>\n<!-- \/ Yoast SEO plugin. -->","_links":{"self":[{"href":"https:\/\/www.prodentitalia.eu\/ptpro\/wp-json\/wp\/v2\/pages\/11395"}],"collection":[{"href":"https:\/\/www.prodentitalia.eu\/ptpro\/wp-json\/wp\/v2\/pages"}],"about":[{"href":"https:\/\/www.prodentitalia.eu\/ptpro\/wp-json\/wp\/v2\/types\/page"}],"author":[{"embeddable":true,"href":"https:\/\/www.prodentitalia.eu\/ptpro\/wp-json\/wp\/v2\/users\/1"}],"replies":[{"embeddable":true,"href":"https:\/\/www.prodentitalia.eu\/ptpro\/wp-json\/wp\/v2\/comments?post=11395"}],"version-history":[{"count":18,"href":"https:\/\/www.prodentitalia.eu\/ptpro\/wp-json\/wp\/v2\/pages\/11395\/revisions"}],"predecessor-version":[{"id":12442,"href":"https:\/\/www.prodentitalia.eu\/ptpro\/wp-json\/wp\/v2\/pages\/11395\/revisions\/12442"}],"up":[{"embeddable":true,"href":"https:\/\/www.prodentitalia.eu\/ptpro\/wp-json\/wp\/v2\/pages\/11427"}],"wp:attachment":[{"href":"https:\/\/www.prodentitalia.eu\/ptpro\/wp-json\/wp\/v2\/media?parent=11395"}],"curies":[{"name":"wp","href":"https:\/\/api.w.org\/{rel}","templated":true}]}}