{"id":11414,"date":"2015-07-10T08:44:05","date_gmt":"2015-07-10T06:44:05","guid":{"rendered":"http:\/\/www.prodentitalia.eu\/it-pro\/?page_id=11414"},"modified":"2023-01-24T16:49:47","modified_gmt":"2023-01-24T15:49:47","slug":"impianto-prowide","status":"publish","type":"page","link":"https:\/\/www.prodentitalia.eu\/ptpro\/prodotti-implantari-prodent\/impianti-short\/impianto-prowide\/","title":{"rendered":"Prowide"},"content":{"rendered":"<div class=\"fusion-fullwidth fullwidth-box fusion-builder-row-1 nonhundred-percent-fullwidth non-hundred-percent-height-scrolling\"  style='background-color: rgba(255,255,255,0);background-position: center center;background-repeat: no-repeat;padding-top:20px;padding-bottom:20px;border-top-width:0px;border-bottom-width:0px;border-color:#eae9e9;border-top-style:solid;border-bottom-style:solid;'><div class=\"fusion-builder-row fusion-row \"><div  class=\"fusion-layout-column fusion_builder_column fusion_builder_column_2_5 fusion-builder-column-0 fusion-two-fifth fusion-column-first 2_5\"  style='margin-top:0px;margin-bottom:20px;'><div class=\"fusion-column-wrapper\" style=\"padding: 0px 0px 0px 0px;background-position:center top;background-repeat:no-repeat;-webkit-background-size:cover;-moz-background-size:cover;-o-background-size:cover;background-size:cover;\"   data-bg-url=\"\"><div class=\"imageframe-align-center\"><span class=\"fusion-imageframe imageframe-none imageframe-1 hover-type-none\"><img src=\"https:\/\/www.prodentitalia.eu\/it-pro\/wp-content\/uploads\/sites\/40\/2015\/07\/prowide-big1.png\"   alt=\"Prodent Prime impianto conico root-form\" title=\"\" class=\"img-responsive\"\/><\/span><\/div><div class=\"fusion-clearfix\"><\/div><\/div><\/div><div  class=\"fusion-layout-column fusion_builder_column fusion_builder_column_3_5 fusion-builder-column-1 fusion-three-fifth fusion-column-last whiteopacity 3_5\"  style='margin-top:0px;margin-bottom:50px;'><div class=\"fusion-column-wrapper\" style=\"border:0px solid #eeeeee;padding: 20px 20px 20px 20px;background-position:left top;background-repeat:no-repeat;-webkit-background-size:cover;-moz-background-size:cover;-o-background-size:cover;background-size:cover;\"   data-bg-url=\"\"><style type=\"text\/css\">.fusion-accordian  #accordion-11414-1 .panel-title a .fa-fusion-box{ color: #ffffff;}.fusion-accordian  #accordion-11414-1 .panel-title a .fa-fusion-box:before{ font-size: 13px; width: 13px;}.fusion-accordian  #accordion-11414-1 .panel-title a{font-size:16px;}.fusion-accordian  #accordion-11414-1 .fa-fusion-box { background-color: #8c8c8c;border-color: #8c8c8c;}.fusion-accordian  #accordion-11414-1 .panel-title a:hover, #accordion-11414-1 .fusion-toggle-boxed-mode:hover .panel-title a { color: #008dbd;}.fusion-accordian  #accordion-11414-1 .panel-title .active .fa-fusion-box,.fusion-accordian  #accordion-11414-1 .panel-title a:hover .fa-fusion-box { background-color: #008dbd!important;border-color: #008dbd!important;}<\/style><div class=\"accordian fusion-accordian\"><div class=\"panel-group\" id=\"accordion-11414-1\" role=\"tablist\"><div class=\"fusion-panel panel-default\" role=\"tabpanel\"><div class=\"panel-heading\"><h4 class=\"panel-title toggle\"><a aria-expanded=\"false\" aria-selected=\"false\" aria-controls=\"941386d0495119d95\" role=\"tab\" data-toggle=\"collapse\" data-parent=\"#accordion-11414-1\" data-target=\"#941386d0495119d95\" href=\"#941386d0495119d95\"><span class=\"fusion-toggle-icon-wrapper\" aria-hidden=\"true\"><i class=\"fa-fusion-box\"><\/i><\/span><span class=\"fusion-toggle-heading\">Implante curto, utiliz\u00e1vel at\u00e9 mesmo em caso de reduzida disponibilidade \u00f3ssea vertical<\/span><\/a><\/h4><\/div><div id=\"941386d0495119d95\" class=\"panel-collapse collapse \"><div class=\"panel-body toggle-content fusion-clearfix\">Ser\u00e1 poss\u00edvel evitar que o paciente se submeta \u00e0 regenera\u00e7\u00e3o \u00f3ssea vertical<\/div><\/div><\/div><div class=\"fusion-panel panel-default\" role=\"tabpanel\"><div class=\"panel-heading\"><h4 class=\"panel-title toggle\"><a aria-expanded=\"false\" aria-selected=\"false\" aria-controls=\"6916d9da7932dff30\" role=\"tab\" data-toggle=\"collapse\" data-parent=\"#accordion-11414-1\" data-target=\"#6916d9da7932dff30\" href=\"#6916d9da7932dff30\"><span class=\"fusion-toggle-icon-wrapper\" aria-hidden=\"true\"><i class=\"fa-fusion-box\"><\/i><\/span><span class=\"fusion-toggle-heading\">Maior estabilidade prim\u00e1ria e secund\u00e1ria e fixa\u00e7\u00e3o do implante<\/span><\/a><\/h4><\/div><div id=\"6916d9da7932dff30\" class=\"panel-collapse collapse \"><div class=\"panel-body toggle-content fusion-clearfix\">A morfologia cil\u00edndrica (em vez de c\u00f3nica), de 5,5 mm, faz com que a superf\u00edcie de contato entre o implante e o osso seja maior<\/div><\/div><\/div><div class=\"fusion-panel panel-default\" role=\"tabpanel\"><div class=\"panel-heading\"><h4 class=\"panel-title toggle\"><a aria-expanded=\"false\" aria-selected=\"false\" aria-controls=\"23951f89b09addb00\" role=\"tab\" data-toggle=\"collapse\" data-parent=\"#accordion-11414-1\" data-target=\"#23951f89b09addb00\" href=\"#23951f89b09addb00\"><span class=\"fusion-toggle-icon-wrapper\" aria-hidden=\"true\"><i class=\"fa-fusion-box\"><\/i><\/span><span class=\"fusion-toggle-heading\">Respeito dos tecidos peri-implantares<\/span><\/a><\/h4><\/div><div id=\"23951f89b09addb00\" class=\"panel-collapse collapse \"><div class=\"panel-body toggle-content fusion-clearfix\">A conex\u00e3o c\u00f3nica com o hex\u00e1gono antirrota\u00e7\u00e3o reduz o risco de infiltra\u00e7\u00f5es bacterianas <\/div><\/div><\/div><div class=\"fusion-panel panel-default\" role=\"tabpanel\"><div class=\"panel-heading\"><h4 class=\"panel-title toggle\"><a aria-expanded=\"false\" aria-selected=\"false\" aria-controls=\"f56820d5e196383ad\" role=\"tab\" data-toggle=\"collapse\" data-parent=\"#accordion-11414-1\" data-target=\"#f56820d5e196383ad\" href=\"#f56820d5e196383ad\"><span class=\"fusion-toggle-icon-wrapper\" aria-hidden=\"true\"><i class=\"fa-fusion-box\"><\/i><\/span><span class=\"fusion-toggle-heading\">Maior previsibilidade de sucesso em termos de osteointegra\u00e7\u00e3o<\/span><\/a><\/h4><\/div><div id=\"f56820d5e196383ad\" class=\"panel-collapse collapse \"><div class=\"panel-body toggle-content fusion-clearfix\">O tit\u00e2nio utilizado \u00e9 de grau 4, o mais resistente dentre os graus de tit\u00e2nio puro e, por isso, o implante possui uma elevada resist\u00eancia mec\u00e2nica \u00e0s cargas e um elevado percentual de osteointegra\u00e7\u00e3o<\/div><\/div><\/div><div class=\"fusion-panel panel-default\" role=\"tabpanel\"><div class=\"panel-heading\"><h4 class=\"panel-title toggle\"><a aria-expanded=\"false\" aria-selected=\"false\" aria-controls=\"6686ce0829e0fe831\" role=\"tab\" data-toggle=\"collapse\" data-parent=\"#accordion-11414-1\" data-target=\"#6686ce0829e0fe831\" href=\"#6686ce0829e0fe831\"><span class=\"fusion-toggle-icon-wrapper\" aria-hidden=\"true\"><i class=\"fa-fusion-box\"><\/i><\/span><span class=\"fusion-toggle-heading\">Rapidez de osteointegra\u00e7\u00e3o<\/span><\/a><\/h4><\/div><div id=\"6686ce0829e0fe831\" class=\"panel-collapse collapse \"><div class=\"panel-body toggle-content fusion-clearfix\">O implante apresenta uma superf\u00edcie com rugosidade morfologicamente controlada e descontaminada perfeitamente, gra\u00e7as ao tratamento superficial com acidifica\u00e7\u00e3o dupla (D.A.E.)<\/div><\/div><\/div><div class=\"fusion-panel panel-default\" role=\"tabpanel\"><div class=\"panel-heading\"><h4 class=\"panel-title toggle\"><a aria-expanded=\"false\" aria-selected=\"false\" aria-controls=\"ce1f0f3c4450b2bc7\" role=\"tab\" data-toggle=\"collapse\" data-parent=\"#accordion-11414-1\" data-target=\"#ce1f0f3c4450b2bc7\" href=\"#ce1f0f3c4450b2bc7\"><span class=\"fusion-toggle-icon-wrapper\" aria-hidden=\"true\"><i class=\"fa-fusion-box\"><\/i><\/span><span class=\"fusion-toggle-heading\">Simplicidade e efici\u00eancia na gest\u00e3o das pr\u00f3teses <\/span><\/a><\/h4><\/div><div id=\"ce1f0f3c4450b2bc7\" class=\"panel-collapse collapse \"><div class=\"panel-body toggle-content fusion-clearfix\">Linha de pr\u00f3teses uniformada por uma \u00fanica conex\u00e3o para todos os di\u00e2metros<\/div><\/div><\/div><\/div><\/div><div class=\"fusion-text\"><p>&nbsp;<\/p>\n<p>&nbsp;<\/p>\n<\/div><div class=\"fusion-button-wrapper\"><style type=\"text\/css\">.fusion-button.button-1 .fusion-button-text, .fusion-button.button-1 i {color:#008bdb;}.fusion-button.button-1 .fusion-button-icon-divider{border-color:#008bdb;}.fusion-button.button-1:hover .fusion-button-text, .fusion-button.button-1:hover i,.fusion-button.button-1:focus .fusion-button-text, .fusion-button.button-1:focus i,.fusion-button.button-1:active .fusion-button-text, .fusion-button.button-1:active{color:#1e73be;}.fusion-button.button-1:hover .fusion-button-icon-divider, .fusion-button.button-1:hover .fusion-button-icon-divider, .fusion-button.button-1:active .fusion-button-icon-divider{border-color:#1e73be;}.fusion-button.button-1:hover, .fusion-button.button-1:focus, .fusion-button.button-1:active{border-color:#1e73be;border-width:1px;}.fusion-button.button-1 {border-color:#008bdb;border-width:1px;border-radius:2px;}.fusion-button.button-1{background: #ffffff;}.fusion-button.button-1:hover,.button-1:focus,.fusion-button.button-1:active{background: #ffffff;}<\/style><a class=\"fusion-button button-flat button-xlarge button-custom button-1 fusion-button-default-span \" target=\"_blank\" rel=\"noopener noreferrer\" href=\"https:\/\/www.prodentitalia.eu\/pdf\/pro-it\/prodotti\/PROWIDE-Clinical-Protocol-.pdf\"><span class=\"fusion-button-text\">DESCARREGUE O PROTOCOLO<\/span><i class=\"fa-chevron-right fas button-icon-right\"><\/i><\/a><\/div><div class=\"fusion-clearfix\"><\/div><\/div><\/div><div  class=\"fusion-layout-column fusion_builder_column fusion_builder_column_1_1 fusion-builder-column-2 fusion-one-full fusion-column-first fusion-column-last fusion-column-no-min-height 1_1\"  style='margin-top:0px;margin-bottom:0px;'><div class=\"fusion-column-wrapper\" style=\"padding: 0px 0px 0px 0px;background-position:left top;background-repeat:no-repeat;-webkit-background-size:cover;-moz-background-size:cover;-o-background-size:cover;background-size:cover;\"   data-bg-url=\"\"><div class=\"fusion-sep-clear\"><\/div><div class=\"fusion-separator fusion-full-width-sep sep-none\" style=\"margin-left: auto;margin-right: auto;margin-top:;\"><\/div><div class=\"fusion-clearfix\"><\/div><\/div><\/div><\/div><\/div>\n","protected":false},"excerpt":{"rendered":"","protected":false},"author":1,"featured_media":0,"parent":11429,"menu_order":0,"comment_status":"open","ping_status":"closed","template":"","meta":[],"yoast_head":"<!-- This site is optimized with the Yoast SEO plugin v14.7 - https:\/\/yoast.com\/wordpress\/plugins\/seo\/ -->\n<title>Prowide - \u00c1rea Profissionais Prodent Italia<\/title>\n<meta name=\"robots\" content=\"index, follow\" \/>\n<meta name=\"googlebot\" content=\"index, follow, max-snippet:-1, max-image-preview:large, max-video-preview:-1\" \/>\n<meta name=\"bingbot\" content=\"index, follow, max-snippet:-1, max-image-preview:large, max-video-preview:-1\" \/>\n<link rel=\"canonical\" href=\"https:\/\/www.prodentitalia.eu\/ptpro\/prodotti-implantari-prodent\/impianti-short\/impianto-prowide\/\" \/>\n<meta property=\"og:locale\" content=\"pt_PT\" \/>\n<meta property=\"og:type\" content=\"article\" \/>\n<meta property=\"og:title\" content=\"Prowide - \u00c1rea Profissionais Prodent Italia\" \/>\n<meta property=\"og:url\" content=\"https:\/\/www.prodentitalia.eu\/ptpro\/prodotti-implantari-prodent\/impianti-short\/impianto-prowide\/\" \/>\n<meta property=\"og:site_name\" content=\"\u00c1rea Profissionais Prodent Italia\" \/>\n<meta property=\"article:modified_time\" content=\"2023-01-24T15:49:47+00:00\" \/>\n<meta property=\"og:image\" content=\"https:\/\/www.prodentitalia.eu\/it-pro\/wp-content\/uploads\/sites\/40\/2015\/07\/prowide-big1.png\" \/>\n<meta name=\"twitter:card\" content=\"summary\" \/>\n<meta name=\"twitter:creator\" content=\"@pr0en7erad475\" \/>\n<script type=\"application\/ld+json\" class=\"yoast-schema-graph\">{\"@context\":\"https:\/\/schema.org\",\"@graph\":[{\"@type\":\"WebSite\",\"@id\":\"https:\/\/www.prodentitalia.eu\/ptpro\/#website\",\"url\":\"https:\/\/www.prodentitalia.eu\/ptpro\/\",\"name\":\"\\u00c1rea Profissionais Prodent Italia\",\"description\":\"Prodent Italia l&#039;implantologia made in Italy\",\"potentialAction\":[{\"@type\":\"SearchAction\",\"target\":\"https:\/\/www.prodentitalia.eu\/ptpro\/?s={search_term_string}\",\"query-input\":\"required name=search_term_string\"}],\"inLanguage\":\"pt-PT\"},{\"@type\":\"ImageObject\",\"@id\":\"https:\/\/www.prodentitalia.eu\/ptpro\/prodotti-implantari-prodent\/impianti-short\/impianto-prowide\/#primaryimage\",\"inLanguage\":\"pt-PT\",\"url\":\"https:\/\/www.prodentitalia.eu\/it-pro\/wp-content\/uploads\/sites\/40\/2015\/07\/prowide-big1.png\"},{\"@type\":\"WebPage\",\"@id\":\"https:\/\/www.prodentitalia.eu\/ptpro\/prodotti-implantari-prodent\/impianti-short\/impianto-prowide\/#webpage\",\"url\":\"https:\/\/www.prodentitalia.eu\/ptpro\/prodotti-implantari-prodent\/impianti-short\/impianto-prowide\/\",\"name\":\"Prowide - \\u00c1rea Profissionais Prodent Italia\",\"isPartOf\":{\"@id\":\"https:\/\/www.prodentitalia.eu\/ptpro\/#website\"},\"primaryImageOfPage\":{\"@id\":\"https:\/\/www.prodentitalia.eu\/ptpro\/prodotti-implantari-prodent\/impianti-short\/impianto-prowide\/#primaryimage\"},\"datePublished\":\"2015-07-10T06:44:05+00:00\",\"dateModified\":\"2023-01-24T15:49:47+00:00\",\"inLanguage\":\"pt-PT\",\"potentialAction\":[{\"@type\":\"ReadAction\",\"target\":[\"https:\/\/www.prodentitalia.eu\/ptpro\/prodotti-implantari-prodent\/impianti-short\/impianto-prowide\/\"]}]}]}<\/script>\n<!-- \/ Yoast SEO plugin. -->","_links":{"self":[{"href":"https:\/\/www.prodentitalia.eu\/ptpro\/wp-json\/wp\/v2\/pages\/11414"}],"collection":[{"href":"https:\/\/www.prodentitalia.eu\/ptpro\/wp-json\/wp\/v2\/pages"}],"about":[{"href":"https:\/\/www.prodentitalia.eu\/ptpro\/wp-json\/wp\/v2\/types\/page"}],"author":[{"embeddable":true,"href":"https:\/\/www.prodentitalia.eu\/ptpro\/wp-json\/wp\/v2\/users\/1"}],"replies":[{"embeddable":true,"href":"https:\/\/www.prodentitalia.eu\/ptpro\/wp-json\/wp\/v2\/comments?post=11414"}],"version-history":[{"count":17,"href":"https:\/\/www.prodentitalia.eu\/ptpro\/wp-json\/wp\/v2\/pages\/11414\/revisions"}],"predecessor-version":[{"id":12444,"href":"https:\/\/www.prodentitalia.eu\/ptpro\/wp-json\/wp\/v2\/pages\/11414\/revisions\/12444"}],"up":[{"embeddable":true,"href":"https:\/\/www.prodentitalia.eu\/ptpro\/wp-json\/wp\/v2\/pages\/11429"}],"wp:attachment":[{"href":"https:\/\/www.prodentitalia.eu\/ptpro\/wp-json\/wp\/v2\/media?parent=11414"}],"curies":[{"name":"wp","href":"https:\/\/api.w.org\/{rel}","templated":true}]}}