{"id":11431,"date":"2015-07-10T09:40:02","date_gmt":"2015-07-10T07:40:02","guid":{"rendered":"http:\/\/www.prodentitalia.eu\/it-pro\/?page_id=11431"},"modified":"2020-01-17T19:13:20","modified_gmt":"2020-01-17T18:13:20","slug":"planet-prodent","status":"publish","type":"page","link":"https:\/\/www.prodentitalia.eu\/ptpro\/planet-prodent\/","title":{"rendered":"Planet Prodent"},"content":{"rendered":"<div class=\"fusion-fullwidth fullwidth-box fusion-builder-row-1 hundred-percent-fullwidth non-hundred-percent-height-scrolling\"  style='background-color: rgba(255,255,255,0);background-position: center center;background-repeat: no-repeat;padding-top:0px;padding-right:0px;padding-bottom:0px;padding-left:0px;border-top-width:0px;border-bottom-width:0px;border-color:#eae9e9;border-top-style:solid;border-bottom-style:solid;'><div class=\"fusion-builder-row fusion-row \"><div  class=\"fusion-layout-column fusion_builder_column fusion_builder_column_1_1 fusion-builder-column-0 fusion-one-full fusion-column-first fusion-column-last 1_1\"  style='margin-top:0px;margin-bottom:20px;'><div class=\"fusion-column-wrapper\" style=\"background-position:left top;background-repeat:no-repeat;-webkit-background-size:cover;-moz-background-size:cover;-o-background-size:cover;background-size:cover;\"   data-bg-url=\"\"><span class=\"fusion-imageframe imageframe-none imageframe-1 hover-type-none\"><img src=\"https:\/\/www.prodentitalia.eu\/it-pro\/wp-content\/uploads\/sites\/40\/2015\/07\/planet-prodent-logo.png\"   alt=\"\" title=\"\" class=\"img-responsive\"\/><\/span><div class=\"fusion-clearfix\"><\/div><\/div><\/div><div  class=\"fusion-layout-column fusion_builder_column fusion_builder_column_2_3 fusion-builder-column-1 fusion-two-third fusion-column-first 2_3\"  style='margin-top:40px;margin-bottom:20px;width:65.3333%; margin-right: 4%;'><div class=\"fusion-column-wrapper\" style=\"background-position:left top;background-repeat:no-repeat;-webkit-background-size:cover;-moz-background-size:cover;-o-background-size:cover;background-size:cover;\"   data-bg-url=\"\"><div class=\"fusion-text\"><h2 data-fontsize=\"18\" data-lineheight=\"27\">Servi\u00e7o inovador CAD CAM para o dentista e para o t\u00e9cnico de pr\u00f3tese dent\u00e1ria, para a realiza\u00e7\u00e3o de produtos personalizados<\/h2>\n<\/div><div class=\"fusion-clearfix\"><\/div><\/div><\/div><div  class=\"fusion-layout-column fusion_builder_column fusion_builder_column_1_1 fusion-builder-column-2 fusion-one-full fusion-column-last 1_1\"  style='margin-top:0px;margin-bottom:20px;'><div class=\"fusion-column-wrapper\" style=\"background-position:left top;background-repeat:no-repeat;-webkit-background-size:cover;-moz-background-size:cover;-o-background-size:cover;background-size:cover;\"   data-bg-url=\"\"><div class=\"fusion-text\"><p><strong><span style=\"color: #008dbd;\">Como funciona o servi\u00e7o Planet Prodent?<\/span><\/strong><\/p>\n<p>A Prodent Italia prop\u00f5e aos laborat\u00f3rios t\u00e9cnicos de produ\u00e7\u00e3o de pr\u00f3teses inovadoras o servi\u00e7o Planet Prodent para a fabrica\u00e7\u00e3o de pr\u00f3teses personalizadas. As modalidades operacionais s\u00e3o 2:<\/p>\n<p>1 \u2013 O t\u00e9cnico de pr\u00f3tese dent\u00e1ria envia \u00e0 Prodent o modelo em gesso, ap\u00f3s a introdu\u00e7\u00e3o dos dados atrav\u00e9s do portal.<\/p>\n<p>2 \u2013 O t\u00e9cnico de pr\u00f3tese dent\u00e1ria envia \u00e0 Prodent o ficheiro obtido atrav\u00e9s de um scanner por meio do sistema aberto, sem o pagamento de mensalidade para a utiliza\u00e7\u00e3o do software.<\/p>\n<\/div><div class=\"fusion-clearfix\"><\/div><\/div><\/div><div  class=\"fusion-layout-column fusion_builder_column fusion_builder_column_1_2 fusion-builder-column-3 fusion-one-half fusion-column-first 1_2\"  style='margin-top:0px;margin-bottom:20px;width:48%; margin-right: 4%;'><div class=\"fusion-column-wrapper\" style=\"background-position:left top;background-repeat:no-repeat;-webkit-background-size:cover;-moz-background-size:cover;-o-background-size:cover;background-size:cover;\"   data-bg-url=\"\"><div class=\"fusion-text\"><p>Ent\u00e3o, o centro de fresagem da Prodent, equipada com fresadoras autom\u00e1ticas industriais de \u00faltima gera\u00e7\u00e3o, produz uma pr\u00f3tese. O m\u00e9todo garante que as estruturas produzidas mantenham inalteradas, no decorrer dos anos, as caracter\u00edsticas biomec\u00e2nicas.<\/p>\n<p>Este sistema torna o trabalho do t\u00e9cnico de laborat\u00f3rio mais eficiente, assim poder\u00e1 garantir ao seu cliente um artigo com caracter\u00edsticas de qualidade elevadas e, ao mesmo tempo, valorizar a sua compet\u00eancia e sensibilidade profissional.<\/p>\n<\/div><div class=\"fusion-clearfix\"><\/div><\/div><\/div><div  class=\"fusion-layout-column fusion_builder_column fusion_builder_column_1_2 fusion-builder-column-4 fusion-one-half fusion-column-last 1_2\"  style='margin-top:0px;margin-bottom:20px;width:48%'><div class=\"fusion-column-wrapper\" style=\"background-position:left top;background-repeat:no-repeat;-webkit-background-size:cover;-moz-background-size:cover;-o-background-size:cover;background-size:cover;\"   data-bg-url=\"\"><span class=\"fusion-imageframe imageframe-none imageframe-2 hover-type-none\"><img src=\"https:\/\/www.prodentitalia.eu\/it-pro\/wp-content\/uploads\/sites\/40\/2015\/07\/planet-prodent-img.png\"   alt=\"\" title=\"\" class=\"img-responsive\"\/><\/span><div class=\"fusion-clearfix\"><\/div><\/div><\/div><div  class=\"fusion-layout-column fusion_builder_column fusion_builder_column_1_1 fusion-builder-column-5 fusion-one-full fusion-column-first fusion-column-last 1_1\"  style='margin-top:0px;margin-bottom:20px;'><div class=\"fusion-column-wrapper\" style=\"background-position:left top;background-repeat:no-repeat;-webkit-background-size:cover;-moz-background-size:cover;-o-background-size:cover;background-size:cover;\"   data-bg-url=\"\"><div class=\"fusion-text\"><p>Descubra todos os detalhes : <a href=\"https:\/\/www.prodentitalia.eu\/pdf\/pro-it\/CADCAM-edizione-Aprile2015.pdf\" target=\"_blank\" rel=\"noopener noreferrer\">baixe a Brochura &#8220;PLANET PRODENT CAD-CAM SERVICE AND DIGITAL SOLUTIONS&#8221; &gt;&gt;<\/a><\/p>\n<p>Encomende agora o seu processamento personalizado:\u00a0<a href=\"http:\/\/planet.prodentitalia.eu\/\" target=\"_blank\" rel=\"noopener noreferrer\">entre no  PORTAL PLANET PRODENT &gt;&gt;<\/a><\/p>\n<\/div><div class=\"fusion-clearfix\"><\/div><\/div><\/div><\/div><\/div>\n","protected":false},"excerpt":{"rendered":"","protected":false},"author":1,"featured_media":0,"parent":0,"menu_order":0,"comment_status":"open","ping_status":"open","template":"side-navigation.php","meta":[],"yoast_head":"<!-- This site is optimized with the Yoast SEO plugin v14.7 - https:\/\/yoast.com\/wordpress\/plugins\/seo\/ -->\n<title>Planet Prodent - \u00c1rea Profissionais Prodent Italia<\/title>\n<meta name=\"robots\" content=\"index, follow\" \/>\n<meta name=\"googlebot\" content=\"index, follow, max-snippet:-1, max-image-preview:large, max-video-preview:-1\" \/>\n<meta name=\"bingbot\" content=\"index, follow, max-snippet:-1, max-image-preview:large, max-video-preview:-1\" \/>\n<link rel=\"canonical\" href=\"https:\/\/www.prodentitalia.eu\/ptpro\/planet-prodent\/\" \/>\n<meta property=\"og:locale\" content=\"pt_PT\" \/>\n<meta property=\"og:type\" content=\"article\" \/>\n<meta property=\"og:title\" content=\"Planet Prodent - \u00c1rea Profissionais Prodent Italia\" \/>\n<meta property=\"og:url\" content=\"https:\/\/www.prodentitalia.eu\/ptpro\/planet-prodent\/\" \/>\n<meta property=\"og:site_name\" content=\"\u00c1rea Profissionais Prodent Italia\" \/>\n<meta property=\"article:modified_time\" content=\"2020-01-17T18:13:20+00:00\" \/>\n<meta property=\"og:image\" content=\"https:\/\/www.prodentitalia.eu\/it-pro\/wp-content\/uploads\/sites\/40\/2015\/07\/planet-prodent-logo.png\" \/>\n<meta name=\"twitter:card\" content=\"summary\" \/>\n<meta name=\"twitter:creator\" content=\"@pr0en7erad475\" \/>\n<script type=\"application\/ld+json\" class=\"yoast-schema-graph\">{\"@context\":\"https:\/\/schema.org\",\"@graph\":[{\"@type\":\"WebSite\",\"@id\":\"https:\/\/www.prodentitalia.eu\/ptpro\/#website\",\"url\":\"https:\/\/www.prodentitalia.eu\/ptpro\/\",\"name\":\"\\u00c1rea Profissionais Prodent Italia\",\"description\":\"Prodent Italia l&#039;implantologia made in Italy\",\"potentialAction\":[{\"@type\":\"SearchAction\",\"target\":\"https:\/\/www.prodentitalia.eu\/ptpro\/?s={search_term_string}\",\"query-input\":\"required name=search_term_string\"}],\"inLanguage\":\"pt-PT\"},{\"@type\":\"ImageObject\",\"@id\":\"https:\/\/www.prodentitalia.eu\/ptpro\/planet-prodent\/#primaryimage\",\"inLanguage\":\"pt-PT\",\"url\":\"https:\/\/www.prodentitalia.eu\/it-pro\/wp-content\/uploads\/sites\/40\/2015\/07\/planet-prodent-logo.png\"},{\"@type\":\"WebPage\",\"@id\":\"https:\/\/www.prodentitalia.eu\/ptpro\/planet-prodent\/#webpage\",\"url\":\"https:\/\/www.prodentitalia.eu\/ptpro\/planet-prodent\/\",\"name\":\"Planet Prodent - \\u00c1rea Profissionais Prodent Italia\",\"isPartOf\":{\"@id\":\"https:\/\/www.prodentitalia.eu\/ptpro\/#website\"},\"primaryImageOfPage\":{\"@id\":\"https:\/\/www.prodentitalia.eu\/ptpro\/planet-prodent\/#primaryimage\"},\"datePublished\":\"2015-07-10T07:40:02+00:00\",\"dateModified\":\"2020-01-17T18:13:20+00:00\",\"inLanguage\":\"pt-PT\",\"potentialAction\":[{\"@type\":\"ReadAction\",\"target\":[\"https:\/\/www.prodentitalia.eu\/ptpro\/planet-prodent\/\"]}]}]}<\/script>\n<!-- \/ Yoast SEO plugin. -->","_links":{"self":[{"href":"https:\/\/www.prodentitalia.eu\/ptpro\/wp-json\/wp\/v2\/pages\/11431"}],"collection":[{"href":"https:\/\/www.prodentitalia.eu\/ptpro\/wp-json\/wp\/v2\/pages"}],"about":[{"href":"https:\/\/www.prodentitalia.eu\/ptpro\/wp-json\/wp\/v2\/types\/page"}],"author":[{"embeddable":true,"href":"https:\/\/www.prodentitalia.eu\/ptpro\/wp-json\/wp\/v2\/users\/1"}],"replies":[{"embeddable":true,"href":"https:\/\/www.prodentitalia.eu\/ptpro\/wp-json\/wp\/v2\/comments?post=11431"}],"version-history":[{"count":32,"href":"https:\/\/www.prodentitalia.eu\/ptpro\/wp-json\/wp\/v2\/pages\/11431\/revisions"}],"predecessor-version":[{"id":12280,"href":"https:\/\/www.prodentitalia.eu\/ptpro\/wp-json\/wp\/v2\/pages\/11431\/revisions\/12280"}],"wp:attachment":[{"href":"https:\/\/www.prodentitalia.eu\/ptpro\/wp-json\/wp\/v2\/media?parent=11431"}],"curies":[{"name":"wp","href":"https:\/\/api.w.org\/{rel}","templated":true}]}}