{"id":11442,"date":"2015-07-10T15:19:30","date_gmt":"2015-07-10T13:19:30","guid":{"rendered":"http:\/\/www.prodentitalia.eu\/it-pro\/?page_id=11442"},"modified":"2020-01-17T19:13:20","modified_gmt":"2020-01-17T18:13:20","slug":"prodent-dscan-3-plus","status":"publish","type":"page","link":"https:\/\/www.prodentitalia.eu\/ptpro\/planet-prodent\/prodent-dscan-3-plus\/","title":{"rendered":"Prodent Dscan 3 Plus"},"content":{"rendered":"<div class=\"fusion-fullwidth fullwidth-box fusion-builder-row-1 hundred-percent-fullwidth non-hundred-percent-height-scrolling\"  style='background-color: rgba(255,255,255,0);background-position: center center;background-repeat: no-repeat;padding-top:0px;padding-right:0px;padding-bottom:0px;padding-left:0px;border-top-width:0px;border-bottom-width:0px;border-color:#eae9e9;border-top-style:solid;border-bottom-style:solid;'><div class=\"fusion-builder-row fusion-row \"><div  class=\"fusion-layout-column fusion_builder_column fusion_builder_column_1_1 fusion-builder-column-0 fusion-one-full fusion-column-first fusion-column-last 1_1\"  style='margin-top:0px;margin-bottom:20px;'><div class=\"fusion-column-wrapper\" style=\"background-position:left top;background-repeat:no-repeat;-webkit-background-size:cover;-moz-background-size:cover;-o-background-size:cover;background-size:cover;\"   data-bg-url=\"\"><span class=\"fusion-imageframe imageframe-none imageframe-1 hover-type-none\"><img src=\"https:\/\/www.prodentitalia.eu\/it-pro\/wp-content\/uploads\/sites\/40\/2015\/07\/planetprodent-3Dscan.png\"   alt=\"\" title=\"\" class=\"img-responsive\"\/><\/span><div class=\"fusion-text\"><p>O Prodent Dscan3 Plus \u00e9 um scanner com dois eixos de elevado desempenho extremamente preciso, projetado especificamente para o sector dent\u00e1rio. Pode ser utilizado na modalidade predeterminada ou completamente personaliz\u00e1vel de acordo com os par\u00e2metros de aquisi\u00e7\u00e3o. \u00c9 fornecido com o software de modelagem e elabora\u00e7\u00e3o de projeto DentalCad j\u00e1 instalado e foi preparado para uma eventual instala\u00e7\u00e3o sucessiva do software Exocad.<\/p>\n<p>Prodent Dscan3 Plus \u00e9 a \u00faltima gera\u00e7\u00e3o de scanners dent\u00e1rios com luz estruturada, dotado com a tecnologia blue led, que permite um escaneamento mais r\u00e1pido e preciso em qualquer condi\u00e7\u00e3o de luminosidade, capturando at\u00e9 os objetos semi-refletores, com uma resolu\u00e7\u00e3o de at\u00e9 3.2 megapixel. O processo de escaneamento \u00e9 completamente automatizado e prev\u00ea uma precis\u00e3o de at\u00e9 15 m\u00edcron. O Prodent Dscan3 Plus oferece a m\u00e1xima precis\u00e3o na aquisi\u00e7\u00e3o dos menores detalhes, fornecendo uma reconstru\u00e7\u00e3o extremamente detalhada.<\/p>\n<p><a href=\"https:\/\/www.prodentitalia.eu\/ptpro\/planet-prodent\/parametri-di-settaggio\/\"><img loading=\"lazy\" class=\"size-full wp-image-12011 alignleft\" src=\"https:\/\/www.prodentitalia.eu\/ptpro\/wp-content\/uploads\/sites\/40\/2015\/10\/planetprodent-set-pt.png\" alt=\"planetprodent-set-pt\" width=\"451\" height=\"41\" srcset=\"https:\/\/www.prodentitalia.eu\/ptpro\/wp-content\/uploads\/sites\/40\/2015\/10\/planetprodent-set-pt-300x27.png 300w, https:\/\/www.prodentitalia.eu\/ptpro\/wp-content\/uploads\/sites\/40\/2015\/10\/planetprodent-set-pt.png 451w\" sizes=\"(max-width: 451px) 100vw, 451px\" \/><\/a><\/p>\n<\/div><div class=\"fusion-sep-clear\"><\/div><div class=\"fusion-separator fusion-full-width-sep sep-none\" style=\"margin-left: auto;margin-right: auto;margin-top:;\"><\/div><div class=\"fusion-clearfix\"><\/div><\/div><\/div><\/div><\/div>\n","protected":false},"excerpt":{"rendered":"","protected":false},"author":1,"featured_media":0,"parent":11431,"menu_order":1,"comment_status":"open","ping_status":"closed","template":"side-navigation.php","meta":[],"yoast_head":"<!-- This site is optimized with the Yoast SEO plugin v14.7 - https:\/\/yoast.com\/wordpress\/plugins\/seo\/ -->\n<title>Prodent Dscan 3 Plus - \u00c1rea Profissionais Prodent Italia<\/title>\n<meta name=\"robots\" content=\"index, follow\" \/>\n<meta name=\"googlebot\" content=\"index, follow, max-snippet:-1, max-image-preview:large, max-video-preview:-1\" \/>\n<meta name=\"bingbot\" content=\"index, follow, max-snippet:-1, max-image-preview:large, max-video-preview:-1\" \/>\n<link rel=\"canonical\" href=\"https:\/\/www.prodentitalia.eu\/ptpro\/planet-prodent\/prodent-dscan-3-plus\/\" \/>\n<meta property=\"og:locale\" content=\"pt_PT\" \/>\n<meta property=\"og:type\" content=\"article\" \/>\n<meta property=\"og:title\" content=\"Prodent Dscan 3 Plus - \u00c1rea Profissionais Prodent Italia\" \/>\n<meta property=\"og:url\" content=\"https:\/\/www.prodentitalia.eu\/ptpro\/planet-prodent\/prodent-dscan-3-plus\/\" \/>\n<meta property=\"og:site_name\" content=\"\u00c1rea Profissionais Prodent Italia\" \/>\n<meta property=\"article:modified_time\" content=\"2020-01-17T18:13:20+00:00\" \/>\n<meta property=\"og:image\" content=\"https:\/\/www.prodentitalia.eu\/it-pro\/wp-content\/uploads\/sites\/40\/2015\/07\/planetprodent-3Dscan.png\" \/>\n<meta name=\"twitter:card\" content=\"summary\" \/>\n<meta name=\"twitter:creator\" content=\"@pr0en7erad475\" \/>\n<script type=\"application\/ld+json\" class=\"yoast-schema-graph\">{\"@context\":\"https:\/\/schema.org\",\"@graph\":[{\"@type\":\"WebSite\",\"@id\":\"https:\/\/www.prodentitalia.eu\/ptpro\/#website\",\"url\":\"https:\/\/www.prodentitalia.eu\/ptpro\/\",\"name\":\"\\u00c1rea Profissionais Prodent Italia\",\"description\":\"Prodent Italia l&#039;implantologia made in Italy\",\"potentialAction\":[{\"@type\":\"SearchAction\",\"target\":\"https:\/\/www.prodentitalia.eu\/ptpro\/?s={search_term_string}\",\"query-input\":\"required name=search_term_string\"}],\"inLanguage\":\"pt-PT\"},{\"@type\":\"ImageObject\",\"@id\":\"https:\/\/www.prodentitalia.eu\/ptpro\/planet-prodent\/prodent-dscan-3-plus\/#primaryimage\",\"inLanguage\":\"pt-PT\",\"url\":\"https:\/\/www.prodentitalia.eu\/it-pro\/wp-content\/uploads\/sites\/40\/2015\/07\/planetprodent-3Dscan.png\"},{\"@type\":\"WebPage\",\"@id\":\"https:\/\/www.prodentitalia.eu\/ptpro\/planet-prodent\/prodent-dscan-3-plus\/#webpage\",\"url\":\"https:\/\/www.prodentitalia.eu\/ptpro\/planet-prodent\/prodent-dscan-3-plus\/\",\"name\":\"Prodent Dscan 3 Plus - \\u00c1rea Profissionais Prodent Italia\",\"isPartOf\":{\"@id\":\"https:\/\/www.prodentitalia.eu\/ptpro\/#website\"},\"primaryImageOfPage\":{\"@id\":\"https:\/\/www.prodentitalia.eu\/ptpro\/planet-prodent\/prodent-dscan-3-plus\/#primaryimage\"},\"datePublished\":\"2015-07-10T13:19:30+00:00\",\"dateModified\":\"2020-01-17T18:13:20+00:00\",\"inLanguage\":\"pt-PT\",\"potentialAction\":[{\"@type\":\"ReadAction\",\"target\":[\"https:\/\/www.prodentitalia.eu\/ptpro\/planet-prodent\/prodent-dscan-3-plus\/\"]}]}]}<\/script>\n<!-- \/ Yoast SEO plugin. -->","_links":{"self":[{"href":"https:\/\/www.prodentitalia.eu\/ptpro\/wp-json\/wp\/v2\/pages\/11442"}],"collection":[{"href":"https:\/\/www.prodentitalia.eu\/ptpro\/wp-json\/wp\/v2\/pages"}],"about":[{"href":"https:\/\/www.prodentitalia.eu\/ptpro\/wp-json\/wp\/v2\/types\/page"}],"author":[{"embeddable":true,"href":"https:\/\/www.prodentitalia.eu\/ptpro\/wp-json\/wp\/v2\/users\/1"}],"replies":[{"embeddable":true,"href":"https:\/\/www.prodentitalia.eu\/ptpro\/wp-json\/wp\/v2\/comments?post=11442"}],"version-history":[{"count":10,"href":"https:\/\/www.prodentitalia.eu\/ptpro\/wp-json\/wp\/v2\/pages\/11442\/revisions"}],"predecessor-version":[{"id":12278,"href":"https:\/\/www.prodentitalia.eu\/ptpro\/wp-json\/wp\/v2\/pages\/11442\/revisions\/12278"}],"up":[{"embeddable":true,"href":"https:\/\/www.prodentitalia.eu\/ptpro\/wp-json\/wp\/v2\/pages\/11431"}],"wp:attachment":[{"href":"https:\/\/www.prodentitalia.eu\/ptpro\/wp-json\/wp\/v2\/media?parent=11442"}],"curies":[{"name":"wp","href":"https:\/\/api.w.org\/{rel}","templated":true}]}}