{"id":11449,"date":"2015-07-10T15:54:46","date_gmt":"2015-07-10T13:54:46","guid":{"rendered":"http:\/\/www.prodentitalia.eu\/it-pro\/?page_id=11449"},"modified":"2020-01-17T19:13:20","modified_gmt":"2020-01-17T18:13:20","slug":"schede-materiali","status":"publish","type":"page","link":"https:\/\/www.prodentitalia.eu\/ptpro\/planet-prodent\/schede-materiali\/","title":{"rendered":"Ficha materiais"},"content":{"rendered":"<div class=\"fusion-fullwidth fullwidth-box fusion-builder-row-1 hundred-percent-fullwidth non-hundred-percent-height-scrolling\"  style='background-color: rgba(255,255,255,0);background-position: center center;background-repeat: no-repeat;padding-top:0px;padding-right:0px;padding-bottom:0px;padding-left:0px;border-top-width:0px;border-bottom-width:0px;border-color:#eae9e9;border-top-style:solid;border-bottom-style:solid;'><div class=\"fusion-builder-row fusion-row \"><div  class=\"fusion-layout-column fusion_builder_column fusion_builder_column_1_1 fusion-builder-column-0 fusion-one-full fusion-column-first fusion-column-last 1_1\"  style='margin-top:0px;margin-bottom:20px;'><div class=\"fusion-column-wrapper\" style=\"background-position:left top;background-repeat:no-repeat;-webkit-background-size:cover;-moz-background-size:cover;-o-background-size:cover;background-size:cover;\"   data-bg-url=\"\"><div class=\"fusion-text\"><style type=\"text\/css\"><\/style><div class=\"fusion-title title fusion-title-1 fusion-title-text fusion-title-size-one\" style=\"margin-top:0px;margin-bottom:31px;\"><h1 class=\"title-heading-left\" style=\"margin:0;\"><span style=\"color: #008dbd;\">Especifica\u00e7\u00f5es Materiais<\/span><\/h1><div class=\"title-sep-container\"><div class=\"title-sep sep-double sep-solid\" style=\"border-color:#e0dede;\"><\/div><\/div><\/div>\n<p><a href=\"https:\/\/www.prodentitalia.eu\/pdf\/pro-it\/planetprodent\/Specifiche-Materiali.pdf\" target=\"_blank\" rel=\"noopener noreferrer\">Especifica\u00e7\u00f5es Materiais<\/a><\/p>\n<style type=\"text\/css\"><\/style><div class=\"fusion-title title fusion-title-2 fusion-title-text fusion-title-size-one\" style=\"margin-top:0px;margin-bottom:31px;\"><h1 class=\"title-heading-left\" style=\"margin:0;\"><span style=\"color: #008dbd;\">Fichas t\u00e9cnicas\t<\/span><\/h1><div class=\"title-sep-container\"><div class=\"title-sep sep-double sep-solid\" style=\"border-color:#e0dede;\"><\/div><\/div><\/div>\n<p><a href=\"https:\/\/www.prodentitalia.eu\/pdf\/pro-it\/planetprodent\/Physical-and-Chemical-Characteristics-Shell2.pdf\" target=\"_blank\" rel=\"noopener noreferrer\">Physical and Chemical Characteristics Shell 2<\/a><\/p>\n<p><a href=\"https:\/\/www.prodentitalia.eu\/pdf\/pro-it\/planetprodent\/Physical-and-Chemical-Characteristics-Shell3.pdf\" target=\"_blank\" rel=\"noopener noreferrer\">Physical and Chemical Characteristics Shell 3<\/a><\/p>\n<p><a href=\"https:\/\/www.prodentitalia.eu\/pdf\/pro-it\/planetprodent\/Scheda-tecnica-Alluminio.pdf\" target=\"_blank\" rel=\"noopener noreferrer\">Ficha t\u00e9cnica Alum\u00ednio<\/a><\/p>\n<p><a href=\"https:\/\/www.prodentitalia.eu\/pdf\/pro-it\/planetprodent\/Scheda-tecnica-CR-CO.pdf\" target=\"_blank\" rel=\"noopener noreferrer\">Ficha t\u00e9cnica CR-CO<\/a><\/p>\n<p><a href=\"https:\/\/www.prodentitalia.eu\/pdf\/pro-it\/planetprodent\/Scheda-tecnica-disco-zr-opaco-bianco.pdf\" target=\"_blank\" rel=\"noopener noreferrer\">Ficha t\u00e9cnica disco zr opaco branco<\/a><\/p>\n<p><a href=\"https:\/\/www.prodentitalia.eu\/pdf\/pro-it\/planetprodent\/Scheda-tecnica-disco-zr-traslucente.pdf\" target=\"_blank\" rel=\"noopener noreferrer\">Ficha t\u00e9cnica disco zr transl\u00facido<\/a><\/p>\n<p><a href=\"https:\/\/www.prodentitalia.eu\/pdf\/pro-it\/planetprodent\/Scheda-tecnica-Fibra.pdf\" target=\"_blank\" rel=\"noopener noreferrer\">Ficha t\u00e9cnica Fibra<\/a><\/p>\n<p><a href=\"https:\/\/www.prodentitalia.eu\/pdf\/pro-it\/planetprodent\/Scheda-tecnica-istruzioni-uso-disco-zr-katana.pdf\" target=\"_blank\" rel=\"noopener noreferrer\">Ficha t\u00e9cnica instru\u00e7\u00f5es uso disco zr katana<\/a><\/p>\n<p><a href=\"https:\/\/www.prodentitalia.eu\/pdf\/pro-it\/planetprodent\/Scheda-tecnica-Nano-Composito.pdf\" target=\"_blank\" rel=\"noopener noreferrer\">Ficha t\u00e9cnica Nanocomp\u00f3sito<\/a><\/p>\n<p><a href=\"https:\/\/www.prodentitalia.eu\/pdf\/pro-it\/planetprodent\/Scheda-tecnica-Pmma-provvisori.pdf\" target=\"_blank\" rel=\"noopener noreferrer\">Ficha t\u00e9cnica Pmma provis\u00f3rios<\/a><\/p>\n<p><a href=\"https:\/\/www.prodentitalia.eu\/pdf\/pro-it\/planetprodent\/Scheda-tecnica-Pmma.pdf\" target=\"_blank\" rel=\"noopener noreferrer\">Ficha t\u00e9cnica Pmma <\/a><\/p>\n<p><a href=\"https:\/\/www.prodentitalia.eu\/pdf\/pro-it\/planetprodent\/Scheda-tecnica-Titanio.pdf\" target=\"_blank\" rel=\"noopener noreferrer\">Ficha t\u00e9cnica Tit\u00e2nio<\/a><\/p>\n<p><a href=\"https:\/\/www.prodentitalia.eu\/pdf\/pro-it\/planetprodent\/Scheda-tecnica-Zirconio.pdf\" target=\"_blank\" rel=\"noopener noreferrer\">Ficha t\u00e9cnica Zirc\u00f3nio<\/a><\/p>\n<style type=\"text\/css\"><\/style><div class=\"fusion-title title fusion-title-3 fusion-title-text fusion-title-size-one\" style=\"margin-top:0px;margin-bottom:31px;\"><h1 class=\"title-heading-left\" style=\"margin:0;\"><span style=\"color: #008dbd;\">Fichas de seguran\u00e7a\t<\/span><\/h1><div class=\"title-sep-container\"><div class=\"title-sep sep-double sep-solid\" style=\"border-color:#e0dede;\"><\/div><\/div><\/div>\n<p><a href=\"https:\/\/www.prodentitalia.eu\/pdf\/pro-it\/planetprodent\/Scheda-sicurezza-disco-cr-co.pdf\" target=\"_blank\" rel=\"noopener noreferrer\">Ficha de seguran\u00e7a disco cr-co<\/a><\/p>\n<p><a href=\"https:\/\/www.prodentitalia.eu\/pdf\/pro-it\/planetprodent\/Scheda-sicurezza-disco-zr-bianco-opaco.pdf\" target=\"_blank\" rel=\"noopener noreferrer\">Ficha de seguran\u00e7a disco zr branco opaco<\/a><\/p>\n<p><a href=\"https:\/\/www.prodentitalia.eu\/pdf\/pro-it\/planetprodent\/Scheda-sicurezza-disco-zr-katana.pdf\" target=\"_blank\" rel=\"noopener noreferrer\">Ficha de seguran\u00e7a disco zr katana<\/a><\/p>\n<p><a href=\"https:\/\/www.prodentitalia.eu\/pdf\/pro-it\/planetprodent\/Scheda-sicurezza-disco-zr-traslucente.pdf\" target=\"_blank\" rel=\"noopener noreferrer\">Ficha de seguran\u00e7a disco zr transl\u00facido<\/a><\/p>\n<\/div><div class=\"fusion-clearfix\"><\/div><\/div><\/div><\/div><\/div>\n","protected":false},"excerpt":{"rendered":"","protected":false},"author":1,"featured_media":0,"parent":11431,"menu_order":2,"comment_status":"open","ping_status":"closed","template":"side-navigation.php","meta":[],"yoast_head":"<!-- This site is optimized with the Yoast SEO plugin v14.7 - https:\/\/yoast.com\/wordpress\/plugins\/seo\/ -->\n<title>Ficha materiais - \u00c1rea Profissionais Prodent Italia<\/title>\n<meta name=\"robots\" content=\"index, follow\" \/>\n<meta name=\"googlebot\" content=\"index, follow, max-snippet:-1, max-image-preview:large, max-video-preview:-1\" \/>\n<meta name=\"bingbot\" content=\"index, follow, max-snippet:-1, max-image-preview:large, max-video-preview:-1\" \/>\n<link rel=\"canonical\" href=\"https:\/\/www.prodentitalia.eu\/ptpro\/planet-prodent\/schede-materiali\/\" \/>\n<meta property=\"og:locale\" content=\"pt_PT\" \/>\n<meta property=\"og:type\" content=\"article\" \/>\n<meta property=\"og:title\" content=\"Ficha materiais - \u00c1rea Profissionais Prodent Italia\" \/>\n<meta property=\"og:url\" content=\"https:\/\/www.prodentitalia.eu\/ptpro\/planet-prodent\/schede-materiali\/\" \/>\n<meta property=\"og:site_name\" content=\"\u00c1rea Profissionais Prodent Italia\" \/>\n<meta property=\"article:modified_time\" content=\"2020-01-17T18:13:20+00:00\" \/>\n<meta name=\"twitter:card\" content=\"summary\" \/>\n<meta name=\"twitter:creator\" content=\"@pr0en7erad475\" \/>\n<script type=\"application\/ld+json\" class=\"yoast-schema-graph\">{\"@context\":\"https:\/\/schema.org\",\"@graph\":[{\"@type\":\"WebSite\",\"@id\":\"https:\/\/www.prodentitalia.eu\/ptpro\/#website\",\"url\":\"https:\/\/www.prodentitalia.eu\/ptpro\/\",\"name\":\"\\u00c1rea Profissionais Prodent Italia\",\"description\":\"Prodent Italia l&#039;implantologia made in Italy\",\"potentialAction\":[{\"@type\":\"SearchAction\",\"target\":\"https:\/\/www.prodentitalia.eu\/ptpro\/?s={search_term_string}\",\"query-input\":\"required name=search_term_string\"}],\"inLanguage\":\"pt-PT\"},{\"@type\":\"WebPage\",\"@id\":\"https:\/\/www.prodentitalia.eu\/ptpro\/planet-prodent\/schede-materiali\/#webpage\",\"url\":\"https:\/\/www.prodentitalia.eu\/ptpro\/planet-prodent\/schede-materiali\/\",\"name\":\"Ficha materiais - \\u00c1rea Profissionais Prodent Italia\",\"isPartOf\":{\"@id\":\"https:\/\/www.prodentitalia.eu\/ptpro\/#website\"},\"datePublished\":\"2015-07-10T13:54:46+00:00\",\"dateModified\":\"2020-01-17T18:13:20+00:00\",\"inLanguage\":\"pt-PT\",\"potentialAction\":[{\"@type\":\"ReadAction\",\"target\":[\"https:\/\/www.prodentitalia.eu\/ptpro\/planet-prodent\/schede-materiali\/\"]}]}]}<\/script>\n<!-- \/ Yoast SEO plugin. -->","_links":{"self":[{"href":"https:\/\/www.prodentitalia.eu\/ptpro\/wp-json\/wp\/v2\/pages\/11449"}],"collection":[{"href":"https:\/\/www.prodentitalia.eu\/ptpro\/wp-json\/wp\/v2\/pages"}],"about":[{"href":"https:\/\/www.prodentitalia.eu\/ptpro\/wp-json\/wp\/v2\/types\/page"}],"author":[{"embeddable":true,"href":"https:\/\/www.prodentitalia.eu\/ptpro\/wp-json\/wp\/v2\/users\/1"}],"replies":[{"embeddable":true,"href":"https:\/\/www.prodentitalia.eu\/ptpro\/wp-json\/wp\/v2\/comments?post=11449"}],"version-history":[{"count":14,"href":"https:\/\/www.prodentitalia.eu\/ptpro\/wp-json\/wp\/v2\/pages\/11449\/revisions"}],"predecessor-version":[{"id":12276,"href":"https:\/\/www.prodentitalia.eu\/ptpro\/wp-json\/wp\/v2\/pages\/11449\/revisions\/12276"}],"up":[{"embeddable":true,"href":"https:\/\/www.prodentitalia.eu\/ptpro\/wp-json\/wp\/v2\/pages\/11431"}],"wp:attachment":[{"href":"https:\/\/www.prodentitalia.eu\/ptpro\/wp-json\/wp\/v2\/media?parent=11449"}],"curies":[{"name":"wp","href":"https:\/\/api.w.org\/{rel}","templated":true}]}}