{"id":11821,"date":"2015-07-29T10:53:44","date_gmt":"2015-07-29T08:53:44","guid":{"rendered":"http:\/\/www.prodentitalia.eu\/it-pro\/?page_id=11821"},"modified":"2020-01-17T19:13:19","modified_gmt":"2020-01-17T18:13:19","slug":"cookie-policy","status":"publish","type":"page","link":"https:\/\/www.prodentitalia.eu\/ptpro\/cookie-policy\/","title":{"rendered":"Pol\u00edtica de Cookies"},"content":{"rendered":"<div class=\"fusion-fullwidth fullwidth-box fusion-builder-row-1 nonhundred-percent-fullwidth non-hundred-percent-height-scrolling\"  style='background-color: rgba(255,255,255,0);background-position: left top;background-repeat: no-repeat;padding-top:20px;padding-bottom:20px;border-top-width:0px;border-bottom-width:0px;border-color:#eae9e9;border-top-style:solid;border-bottom-style:solid;'><div class=\"fusion-builder-row fusion-row \"><div  class=\"fusion-layout-column fusion_builder_column fusion_builder_column_1_1 fusion-builder-column-0 fusion-one-full fusion-column-first fusion-column-last 1_1\"  style='margin-top:0px;margin-bottom:20px;'><div class=\"fusion-column-wrapper\" style=\"background-position:left top;background-repeat:no-repeat;-webkit-background-size:cover;-moz-background-size:cover;-o-background-size:cover;background-size:cover;\"   data-bg-url=\"\"><div class=\"fusion-text\"><div class=\"fusion-one-full fusion-layout-column fusion-column-last fusion-spacing-yes\">\n<div class=\"fusion-column-wrapper\">\n<div class=\"fusion-one-full fusion-layout-column fusion-column-last fusion-spacing-yes\">\n<div class=\"fusion-column-wrapper\">\n<p><strong>INFORMA\u00c7\u00c3O SOBRE OS COOKIES da Prodente Italia Srl para este s\u00edtio Prodent Italia<\/strong><\/p>\n<p>Informa\u00e7\u00e3o ampliada em mat\u00e9ria de cookies.<\/p>\n<p>Ao usar o s\u00edtio, o utilizador autoriza expressamente o uso dos cookies. De qualquer modo, \u00e9 sempre poss\u00edvel negar a autoriza\u00e7\u00e3o, desativando o uso dos cookies atrav\u00e9s do painel dedicado de cada browser (Firefox, Internet Explorer, Chrome, Safari, Opera, etc.).<\/p>\n<p><strong>O que s\u00e3o os cookies<\/strong>: os cookies s\u00e3o pequenos arquivos de texto que os s\u00edtios visitados pelo utilizador enviam ao seu terminal (geralmente ao browser). Utilizados para melhorar os servi\u00e7os fornecidos por um s\u00edtio, os cookies s\u00e3o usados para efetuar, por exemplo, autentica\u00e7\u00f5es inform\u00e1ticas (lembrar os dados de login para n\u00e3o ter que escrev\u00ea-los a cada acesso), monitoramento de sess\u00f5es e memoriza\u00e7\u00e3o de informa\u00e7\u00f5es espec\u00edficas concernentes aos utilizadores que acedem ao server e, normalmente, est\u00e3o presentes no browser de cada utilizador num n\u00famero muito elevado. Algumas opera\u00e7\u00f5es n\u00e3o poderiam ser efetuadas sem o uso dos cookies, ent\u00e3o, em alguns casos, s\u00e3o tecnicamente necess\u00e1rios.<\/p>\n<p>Os cookies s\u00e3o classificados com base na dura\u00e7\u00e3o e no s\u00edtio que os configurou:<br \/>\n<strong>Cookies de sess\u00e3o<\/strong>: s\u00e3o eliminados quando o browser \u00e9 fechado.<br \/>\n<strong>Cookies persistentes<\/strong>: s\u00e3o eliminados ap\u00f3s um per\u00edodo determinado.<br \/>\n<strong>Cookies de primeiras partes<\/strong>: configurados pelos s\u00edtios (com dom\u00ednio igual \u00e0quele indicado na barra de endere\u00e7os do browser) e podem ser lidos somente por tais s\u00edtios. Geralmente s\u00e3o utilizados para arquivar informa\u00e7\u00f5es como as prefer\u00eancias, para serem usados nas visitas sucessivas ao s\u00edtio.<br \/>\n<strong>Cookies de terceiras partes<\/strong>: durante a navega\u00e7\u00e3o num s\u00edtio, o utilizador poder\u00e1 receber no seu terminal os cookies de s\u00edtios ou de servidores diversos. Isso ocorre porque no s\u00edtio visitado podem ser encontrados elementos como, por exemplo, imagens, mapas, sons, links espec\u00edficos a p\u00e1ginas de outros dom\u00ednios que residem em servers diversos daquele no qual se encontra a p\u00e1gina visitada.<\/p>\n<p>S\u00e3o identificados em duas macro-categorias: <strong>cookies \u201ct\u00e9cnicos\u201d e cookies \u201cde perfil\u201d<\/strong>.<br \/>\nOs cookies t\u00e9cnicos podem ser divididos em cookies de navega\u00e7\u00e3o ou de sess\u00e3o, os quais garantem a normal navega\u00e7\u00e3o e frui\u00e7\u00e3o do s\u00edtio (permitindo, por exemplo, efetuar uma compra ou a autentica\u00e7\u00e3o para aceder a \u00e1reas reservadas); os cookies analytics, assimilados aos cookies t\u00e9cnicos se utilizados diretamente pelo gestor do s\u00edtio para recolher informa\u00e7\u00f5es sobre o n\u00famero dos utilizadores e sobre o modo em que eles visitam o s\u00edtio; cookies de funcionamento, que permitem ao utilizador a navega\u00e7\u00e3o em fun\u00e7\u00e3o de uma s\u00e9rie de crit\u00e9rios selecionados (por exemplo a l\u00edngua, os produtos selecionados para a compra), a fim de melhorar o servi\u00e7o fornecido ao mesmo. Para a instala\u00e7\u00e3o de tais cookies, n\u00e3o \u00e9 solicitada a autoriza\u00e7\u00e3o pr\u00e9via dos utilizadores, por\u00e9m \u00e9 obrigat\u00f3ria a comunica\u00e7\u00e3o da mesma (nos termos do art. 122 do c\u00f3digo de privacidade e da norma geral da Autoridade para a Prote\u00e7\u00e3o dos dados pessoais de 8 de maio de 2014).<\/p>\n<p>Os cookies de perfil servem para criar perfis relativos ao utilizador e s\u00e3o usados para enviar mensagens publicit\u00e1rias de acordo com as prefer\u00eancias manifestadas pelo mesmo no \u00e2mbito da navega\u00e7\u00e3o na internet. Em raz\u00e3o do car\u00e1ter invasivo particular de tais dispositivos no \u00e2mbito da esfera particular dos utilizadores, a norma europeia e italiana preveem que o utilizador deva ser informado adequadamente sobre o uso dos mesmos e exprimir, assim, o seu consentimento v\u00e1lido.<\/p>\n<p>Os cookies t\u00e9cnicos e os cookies de perfil devem ser diferenciados entre aqueles instalados pelo Titular do s\u00edtio e aqueles dos servi\u00e7os de terceiros que o s\u00edtio utiliza (cookies de terceiros).<\/p>\n<p><strong>Como utilizamos os cookies<\/strong><br \/>\n<strong>Cookies de primeiras partes (configurados pelo presente s\u00edtio):<\/strong><br \/>\nEste s\u00edtio utiliza cookies t\u00e9cnicos para alguns procedimentos de navega\u00e7\u00e3o (p. ex. acesso \u00e0 \u00e1rea Profissionais). Tais cookies n\u00e3o cont\u00eam dados pessoais e permanecem ativos somente durante a sess\u00e3o.<\/p>\n<p><strong>Cookies de terceiros:<\/strong><\/p>\n<p>Em algumas p\u00e1ginas do s\u00edtio \u00e9 utilizado o Google Maps (elemento incorporado). O Google Maps \u00e9 um servi\u00e7o de visualiza\u00e7\u00e3o de mapas gerenciado pela Google Inc., que permite que a presente Aplica\u00e7\u00e3o integre tais conte\u00fados dentro das pr\u00f3prias p\u00e1ginas.<br \/>\nPara maiores informa\u00e7\u00f5es sobre o uso dos dados e sobre o tratamento dos mesmos por parte do Google, recomenda-se que sejam lidas as informa\u00e7\u00f5es atrav\u00e9s do seguinte endere\u00e7o: <a href=\"http:\/\/www.google.com\/intl\/pt\/policies\/privacy\/\" target=\"_blank\" rel=\"noopener noreferrer\">http:\/\/www.google.com\/intl\/pt\/policies\/privacy\/<\/a> .<\/p>\n<p>O s\u00edtio utiliza o Google Analytics com o IP an\u00f3nimo (Google Inc.). O Google Analytics \u00e9 um servi\u00e7o de an\u00e1lise de s\u00edtios fornecido pela Google Inc. (\u201cGoogle\u201d). O Google utiliza os Dados Pessoais recolhidos para rastrear e analisar a utiliza\u00e7\u00e3o deste s\u00edtio, preencher um relat\u00f3rio e partilh\u00e1-los com os demais servi\u00e7os desenvolvidos pela Google. A Google pode utilizar os Dados Pessoais para contextualizar e personalizar os an\u00fancios da pr\u00f3pria rede publicit\u00e1ria. Esta integra\u00e7\u00e3o do Google Analytics torna o seu endere\u00e7o IP an\u00f3nimo. A anonimiza\u00e7\u00e3o funciona abreviando, dentro da fronteira dos Estados Membros da Uni\u00e3o Europeia ou em outros Pa\u00edses que aderiram ao acordo sobre o Espa\u00e7o Econ\u00f3mico Europeu, o endere\u00e7o IP dos Utilizadores. Somente em casos excepcionais, o endere\u00e7o IP ser\u00e1 enviado aos servi\u00e7os do Google e abreviado dentro dos Estados Unidos.<br \/>\nPara maiores informa\u00e7\u00f5es sobre o uso dos dados e sobre o tratamento dos mesmos por parte do Google, recomenda-se que sejam lidas as informa\u00e7\u00f5es atrav\u00e9s do seguinte endere\u00e7o: <a href=\"http:\/\/www.google.com\/intl\/pt\/policies\/privacy\/\" target=\"_blank\" rel=\"noopener noreferrer\">http:\/\/www.google.com\/intl\/pt\/policies\/privacy\/<\/a>.<br \/>\nPara a desativa\u00e7\u00e3o do Google Analytics (OPT-OUT), visite a p\u00e1gina no seguinte endere\u00e7o: <a href=\"https:\/\/tools.google.com\/dlpage\/gaoptout?hl=pt\" target=\"_blank\" rel=\"noopener noreferrer\">https:\/\/tools.google.com\/dlpage\/gaoptout?hl=pt<\/a><\/p>\n<p>Caso no s\u00edtio seja detectado um cookie de terceiros (isso vale principalmente nos casos em que a p\u00e1gina contenha os chamados elementos incorporados: textos, documentos, imagens ou breves filmes que se encontram arquivados em outro local, mas que s\u00e3o visualizados no ou atrav\u00e9s do presente s\u00edtio), poder\u00e1 contatar diretamente os terceiros e pedir informa\u00e7\u00f5es sobre os cookies que enviam.<\/p>\n<p><strong>Como verificar, desabilitar e cancelar os cookies.<\/strong><br \/>\nO presente s\u00edtio n\u00e3o utiliza cookies de primeiras partes para recolher dados pessoais. De qualquer modo, \u00e9 poss\u00edvel limitar ou bloquear os cookies encontrados na navega\u00e7\u00e3o do presente s\u00edtio, atrav\u00e9s da configura\u00e7\u00e3o no painel espec\u00edfico do browser.<\/p>\n<p>Os cookies s\u00e3o ficheiros de texto normais, ent\u00e3o \u00e9 poss\u00edvel consult\u00e1-los utilizando a maior parte dos editores de texto ou dos programas de elabora\u00e7\u00e3o de textos. Para abri-los \u00e9 suficiente clicar nos mesmos. Para informa\u00e7\u00f5es sobre como efetuar este controlo, consultar as informa\u00e7\u00f5es sobre cookies fornecidas pelo browser. Se utilizar um telem\u00f3vel, um smartphone ou um tablet, consultar o respectivo manual para obter as informa\u00e7\u00f5es \u00fateis.<\/p>\n<p>Em cada browser, as opera\u00e7\u00f5es de limita\u00e7\u00e3o ou bloqueio dos cookies s\u00e3o configuradas segundo um procedimento diferente. Para definir as configura\u00e7\u00f5es corretas, utilize a fun\u00e7\u00e3o de Guia do browser. Para limitar ou desativar os cookies num telem\u00f3vel, smartphone ou tablet, consultar o respectivo manual para obter as informa\u00e7\u00f5es \u00fateis.<\/p>\n<p>O Utilizador poder\u00e1 encontrar as informa\u00e7\u00f5es sobre como gerenciar os Cookies no seu browser nos seguintes endere\u00e7os:<br \/>\n\u00b7<a href=\"https:\/\/support.google.com\/chrome\/answer\/95647?hl=pt&amp;p=cpn_cookies\" target=\"_blank\" rel=\"noopener noreferrer\"> Google Chrome<\/a><br \/>\n\u00b7 <a href=\"https:\/\/support.mozilla.org\/pt-PT\/kb\/Activar%20e%20Desactivar%20cookies\" target=\"_blank\" rel=\"noopener noreferrer\">Mozilla Firefox<\/a><br \/>\n\u00b7 <a href=\"https:\/\/support.apple.com\/kb\/PH19214?viewlocale=pt_PT&amp;locale=en_US\" target=\"_blank\" rel=\"noopener noreferrer\">Apple Safari<\/a><br \/>\n\u00b7 <a href=\"http:\/\/windows.microsoft.com\/pt-pt\/windows-vista\/block-or-allow-cookies\" target=\"_blank\" rel=\"noopener noreferrer\">Microsoft Windows Explorer<\/a><br \/>\n\u00b7 <a href=\"http:\/\/help.opera.com\/Windows\/10.20\/pt\/cookies.html\" target=\"_blank\" rel=\"noopener noreferrer\">Opera<\/a><\/p>\n<p>Informa\u00e7\u00f5es mais detalhadas relativas aos cookies na Internet est\u00e3o dispon\u00edveis no endere\u00e7o <a href=\"http:\/\/www.aboutcookies.org\/\" target=\"_blank\" rel=\"noopener noreferrer\">http:\/\/www.aboutcookies.org\/<\/a><br \/>\nInformamos que a limita\u00e7\u00e3o ou desativa\u00e7\u00e3o dos cookies poder\u00e1 implicar num funcionamento incorreto do s\u00edtio.<\/p>\n<p>Em raz\u00e3o de eventuais altera\u00e7\u00f5es efetuadas no s\u00edtio da Prodent ou nas leis concernentes aos cookies, \u00e9 poss\u00edvel que essas informa\u00e7\u00f5es sejam periodicamente modificadas. Portanto, estamos autorizados a alterar os conte\u00fados das informa\u00e7\u00f5es e os cookies indicados na lista em qualquer momento e sem pr\u00e9vio aviso. A vers\u00e3o mais atualizada pode ser consultada nesta p\u00e1gina.<\/p>\n<div class=\"fusion-clearfix\"><\/div>\n<\/div>\n<\/div>\n<\/div>\n<\/div>\n<\/div><div class=\"fusion-clearfix\"><\/div><\/div><\/div><\/div><\/div>\n","protected":false},"excerpt":{"rendered":"","protected":false},"author":1,"featured_media":0,"parent":0,"menu_order":0,"comment_status":"open","ping_status":"open","template":"100-width.php","meta":[],"yoast_head":"<!-- This site is optimized with the Yoast SEO plugin v14.7 - https:\/\/yoast.com\/wordpress\/plugins\/seo\/ -->\n<title>Pol\u00edtica de Cookies - \u00c1rea Profissionais Prodent Italia<\/title>\n<meta name=\"robots\" content=\"index, follow\" \/>\n<meta name=\"googlebot\" content=\"index, follow, max-snippet:-1, max-image-preview:large, max-video-preview:-1\" \/>\n<meta name=\"bingbot\" content=\"index, follow, max-snippet:-1, max-image-preview:large, max-video-preview:-1\" \/>\n<link rel=\"canonical\" href=\"https:\/\/www.prodentitalia.eu\/ptpro\/cookie-policy\/\" \/>\n<meta property=\"og:locale\" content=\"pt_PT\" \/>\n<meta property=\"og:type\" content=\"article\" \/>\n<meta property=\"og:title\" content=\"Pol\u00edtica de Cookies - \u00c1rea Profissionais Prodent Italia\" \/>\n<meta property=\"og:url\" content=\"https:\/\/www.prodentitalia.eu\/ptpro\/cookie-policy\/\" \/>\n<meta property=\"og:site_name\" content=\"\u00c1rea Profissionais Prodent Italia\" \/>\n<meta property=\"article:modified_time\" content=\"2020-01-17T18:13:19+00:00\" \/>\n<meta name=\"twitter:card\" content=\"summary\" \/>\n<meta name=\"twitter:creator\" content=\"@pr0en7erad475\" \/>\n<script type=\"application\/ld+json\" class=\"yoast-schema-graph\">{\"@context\":\"https:\/\/schema.org\",\"@graph\":[{\"@type\":\"WebSite\",\"@id\":\"https:\/\/www.prodentitalia.eu\/ptpro\/#website\",\"url\":\"https:\/\/www.prodentitalia.eu\/ptpro\/\",\"name\":\"\\u00c1rea Profissionais Prodent Italia\",\"description\":\"Prodent Italia l&#039;implantologia made in Italy\",\"potentialAction\":[{\"@type\":\"SearchAction\",\"target\":\"https:\/\/www.prodentitalia.eu\/ptpro\/?s={search_term_string}\",\"query-input\":\"required name=search_term_string\"}],\"inLanguage\":\"pt-PT\"},{\"@type\":\"WebPage\",\"@id\":\"https:\/\/www.prodentitalia.eu\/ptpro\/cookie-policy\/#webpage\",\"url\":\"https:\/\/www.prodentitalia.eu\/ptpro\/cookie-policy\/\",\"name\":\"Pol\\u00edtica de Cookies - \\u00c1rea Profissionais Prodent Italia\",\"isPartOf\":{\"@id\":\"https:\/\/www.prodentitalia.eu\/ptpro\/#website\"},\"datePublished\":\"2015-07-29T08:53:44+00:00\",\"dateModified\":\"2020-01-17T18:13:19+00:00\",\"inLanguage\":\"pt-PT\",\"potentialAction\":[{\"@type\":\"ReadAction\",\"target\":[\"https:\/\/www.prodentitalia.eu\/ptpro\/cookie-policy\/\"]}]}]}<\/script>\n<!-- \/ Yoast SEO plugin. -->","_links":{"self":[{"href":"https:\/\/www.prodentitalia.eu\/ptpro\/wp-json\/wp\/v2\/pages\/11821"}],"collection":[{"href":"https:\/\/www.prodentitalia.eu\/ptpro\/wp-json\/wp\/v2\/pages"}],"about":[{"href":"https:\/\/www.prodentitalia.eu\/ptpro\/wp-json\/wp\/v2\/types\/page"}],"author":[{"embeddable":true,"href":"https:\/\/www.prodentitalia.eu\/ptpro\/wp-json\/wp\/v2\/users\/1"}],"replies":[{"embeddable":true,"href":"https:\/\/www.prodentitalia.eu\/ptpro\/wp-json\/wp\/v2\/comments?post=11821"}],"version-history":[{"count":7,"href":"https:\/\/www.prodentitalia.eu\/ptpro\/wp-json\/wp\/v2\/pages\/11821\/revisions"}],"predecessor-version":[{"id":12270,"href":"https:\/\/www.prodentitalia.eu\/ptpro\/wp-json\/wp\/v2\/pages\/11821\/revisions\/12270"}],"wp:attachment":[{"href":"https:\/\/www.prodentitalia.eu\/ptpro\/wp-json\/wp\/v2\/media?parent=11821"}],"curies":[{"name":"wp","href":"https:\/\/api.w.org\/{rel}","templated":true}]}}