{"id":12196,"date":"2018-06-06T16:31:26","date_gmt":"2018-06-06T14:31:26","guid":{"rendered":"http:\/\/www.prodentitalia.eu\/ptpro\/?page_id=12196"},"modified":"2023-01-24T16:45:32","modified_gmt":"2023-01-24T15:45:32","slug":"prime-conomet","status":"publish","type":"page","link":"https:\/\/www.prodentitalia.eu\/ptpro\/prodotti-implantari-prodent\/impianti-conici\/prime-conomet\/","title":{"rendered":"Prime Conomet"},"content":{"rendered":"<div class=\"fusion-fullwidth fullwidth-box fusion-builder-row-1 nonhundred-percent-fullwidth non-hundred-percent-height-scrolling\"  style='background-color: rgba(255,255,255,0);background-position: center center;background-repeat: no-repeat;padding-top:20px;padding-bottom:20px;border-top-width:0px;border-bottom-width:0px;border-color:#eae9e9;border-top-style:solid;border-bottom-style:solid;'><div class=\"fusion-builder-row fusion-row \"><div  class=\"fusion-layout-column fusion_builder_column fusion_builder_column_2_5 fusion-builder-column-0 fusion-two-fifth fusion-column-first 2_5\"  style='margin-top:0px;margin-bottom:20px;'><div class=\"fusion-column-wrapper\" style=\"padding: 0px 0px 0px 0px;background-position:center top;background-repeat:no-repeat;-webkit-background-size:cover;-moz-background-size:cover;-o-background-size:cover;background-size:cover;\"   data-bg-url=\"\"><div class=\"imageframe-align-center\"><span class=\"fusion-imageframe imageframe-none imageframe-1 hover-type-none\"><img loading=\"lazy\" src=\"https:\/\/www.prodentitalia.eu\/ptpro\/wp-content\/uploads\/sites\/40\/2018\/06\/Conomet-2-522x1024.png\" width=\"522\" height=\"1024\" alt=\"Prodent Prime impianto conico root-form\" title=\"Conomet-2\" class=\"img-responsive wp-image-12202\"\/><\/span><\/div><div class=\"fusion-clearfix\"><\/div><\/div><\/div><div  class=\"fusion-layout-column fusion_builder_column fusion_builder_column_3_5 fusion-builder-column-1 fusion-three-fifth fusion-column-last whiteopacity 3_5\"  style='margin-top:0px;margin-bottom:50px;'><div class=\"fusion-column-wrapper\" style=\"border:0px solid #eeeeee;padding: 20px 20px 20px 20px;background-position:left top;background-repeat:no-repeat;-webkit-background-size:cover;-moz-background-size:cover;-o-background-size:cover;background-size:cover;\"   data-bg-url=\"\"><style type=\"text\/css\">.fusion-accordian  #accordion-12196-1 .panel-title a .fa-fusion-box{ color: #ffffff;}.fusion-accordian  #accordion-12196-1 .panel-title a .fa-fusion-box:before{ font-size: 13px; width: 13px;}.fusion-accordian  #accordion-12196-1 .panel-title a{font-size:16px;}.fusion-accordian  #accordion-12196-1 .fa-fusion-box { background-color: #8c8c8c;border-color: #8c8c8c;}.fusion-accordian  #accordion-12196-1 .panel-title a:hover, #accordion-12196-1 .fusion-toggle-boxed-mode:hover .panel-title a { color: #008dbd;}.fusion-accordian  #accordion-12196-1 .panel-title .active .fa-fusion-box,.fusion-accordian  #accordion-12196-1 .panel-title a:hover .fa-fusion-box { background-color: #008dbd!important;border-color: #008dbd!important;}<\/style><div class=\"accordian fusion-accordian\"><div class=\"panel-group\" id=\"accordion-12196-1\" role=\"tablist\"><div class=\"fusion-panel panel-default\" role=\"tabpanel\"><div class=\"panel-heading\"><h4 class=\"panel-title toggle\"><a aria-expanded=\"false\" aria-selected=\"false\" aria-controls=\"a4f3319b9e2b98c6e\" role=\"tab\" data-toggle=\"collapse\" data-parent=\"#accordion-12196-1\" data-target=\"#a4f3319b9e2b98c6e\" href=\"#a4f3319b9e2b98c6e\"><span class=\"fusion-toggle-icon-wrapper\" aria-hidden=\"true\"><i class=\"fa-fusion-box\"><\/i><\/span><span class=\"fusion-toggle-heading\">Compartilhamento de todas as vantagens da morfologia do Implante PRIME<\/span><\/a><\/h4><\/div><div id=\"a4f3319b9e2b98c6e\" class=\"panel-collapse collapse \"><div class=\"panel-body toggle-content fusion-clearfix\">\n<p>Excelente estabilidade prim\u00e1ria, gra\u00e7as \u00e0 morfologia &#8220;root-form&#8221; e &#8220;grip&#8221;, confi\u00e1vel at\u00e9 em osso de p\u00e9ssima qualidade.<\/p>\n<p>Osteointegra\u00e7\u00e3o r\u00e1pida, gra\u00e7as ao tratamento superficial com dupla decapagem, consolidada h\u00e1 mais de 14 anos de consolida\u00e7\u00e3o cl\u00ednica.<\/p>\n<p>Otimiza\u00e7\u00e3o dos espa\u00e7os anat\u00f3micos, gra\u00e7as \u00e0 reduzida dimens\u00e3o apical e manuten\u00e7\u00e3o do n\u00edvel \u00f3sseo crestal ao longo dos anos, gra\u00e7as \u00e0 micro-rosca na gola.<\/p>\n<\/div><\/div><\/div><div class=\"fusion-panel panel-default\" role=\"tabpanel\"><div class=\"panel-heading\"><h4 class=\"panel-title toggle\"><a aria-expanded=\"false\" aria-selected=\"false\" aria-controls=\"da5b09b7239644397\" role=\"tab\" data-toggle=\"collapse\" data-parent=\"#accordion-12196-1\" data-target=\"#da5b09b7239644397\" href=\"#da5b09b7239644397\"><span class=\"fusion-toggle-icon-wrapper\" aria-hidden=\"true\"><i class=\"fa-fusion-box\"><\/i><\/span><span class=\"fusion-toggle-heading\">Lacre c\u00f3nico antibacteriano entre abutment e implante<\/span><\/a><\/h4><\/div><div id=\"da5b09b7239644397\" class=\"panel-collapse collapse \"><div class=\"panel-body toggle-content fusion-clearfix\">\n<p>A conex\u00e3o c\u00f3nica interna com o elemento antirrotacional hexagonal cria um lacre no acoplamento com o abutment e otimiza a distribui\u00e7\u00e3o das cargas mastigat\u00f3rias.<\/p>\n<p>Este tipo de conex\u00e3o gera uma condi\u00e7\u00e3o significativa de platform switching, que otimiza a manuten\u00e7\u00e3o dos tecidos gengivais e reduz os fen\u00f3menos de reabsor\u00e7\u00e3o \u00f3ssea.<\/p>\n<\/div><\/div><\/div><div class=\"fusion-panel panel-default\" role=\"tabpanel\"><div class=\"panel-heading\"><h4 class=\"panel-title toggle\"><a aria-expanded=\"false\" aria-selected=\"false\" aria-controls=\"13d00d9dd4c06f3cc\" role=\"tab\" data-toggle=\"collapse\" data-parent=\"#accordion-12196-1\" data-target=\"#13d00d9dd4c06f3cc\" href=\"#13d00d9dd4c06f3cc\"><span class=\"fusion-toggle-icon-wrapper\" aria-hidden=\"true\"><i class=\"fa-fusion-box\"><\/i><\/span><span class=\"fusion-toggle-heading\">\u00danica plataforma de pr\u00f3tese<\/span><\/a><\/h4><\/div><div id=\"13d00d9dd4c06f3cc\" class=\"panel-collapse collapse \"><div class=\"panel-body toggle-content fusion-clearfix\">Os quatro di\u00e2metros do implante preveem uma \u00fanica plataforma de pr\u00f3tese com conseguinte simplifica\u00e7\u00e3o das fases de pr\u00f3tese e redu\u00e7\u00e3o dos custos de gest\u00e3o.<\/div><\/div><\/div><div class=\"fusion-panel panel-default\" role=\"tabpanel\"><div class=\"panel-heading\"><h4 class=\"panel-title toggle\"><a aria-expanded=\"false\" aria-selected=\"false\" aria-controls=\"4a2d2764ac9d3566c\" role=\"tab\" data-toggle=\"collapse\" data-parent=\"#accordion-12196-1\" data-target=\"#4a2d2764ac9d3566c\" href=\"#4a2d2764ac9d3566c\"><span class=\"fusion-toggle-icon-wrapper\" aria-hidden=\"true\"><i class=\"fa-fusion-box\"><\/i><\/span><span class=\"fusion-toggle-heading\">Abutment com perfil de emerg\u00eancia anat\u00f3mica<\/span><\/a><\/h4><\/div><div id=\"4a2d2764ac9d3566c\" class=\"panel-collapse collapse \"><div class=\"panel-body toggle-content fusion-clearfix\">O perfil anat\u00f3mico de emerg\u00eancia em S presta-se para um maior resultado est\u00e9tico e uma maior amplitude biol\u00f3gica dos tecidos gengivais, com conseguinte conserva\u00e7\u00e3o do osso crestal.<\/p>\n<p>A gama de pr\u00f3tese est\u00e1 dispon\u00edvel em tr\u00eas dimens\u00f5es de emerg\u00eancia, ou seja, Narrow, Regular e Wide, para otimizar a emerg\u00eancia do abutment, em fun\u00e7\u00e3o da posi\u00e7\u00e3o do implante.<\/div><\/div><\/div><\/div><\/div><div class=\"fusion-text\"><p>&nbsp;<\/p>\n<p>&nbsp;<\/p>\n<\/div><div class=\"fusion-button-wrapper\"><style type=\"text\/css\">.fusion-button.button-1 .fusion-button-text, .fusion-button.button-1 i {color:#008bdb;}.fusion-button.button-1 .fusion-button-icon-divider{border-color:#008bdb;}.fusion-button.button-1:hover .fusion-button-text, .fusion-button.button-1:hover i,.fusion-button.button-1:focus .fusion-button-text, .fusion-button.button-1:focus i,.fusion-button.button-1:active .fusion-button-text, .fusion-button.button-1:active{color:#1e73be;}.fusion-button.button-1:hover .fusion-button-icon-divider, .fusion-button.button-1:hover .fusion-button-icon-divider, .fusion-button.button-1:active .fusion-button-icon-divider{border-color:#1e73be;}.fusion-button.button-1:hover, .fusion-button.button-1:focus, .fusion-button.button-1:active{border-color:#1e73be;border-width:1px;}.fusion-button.button-1 {border-color:#008bdb;border-width:1px;border-radius:2px;}.fusion-button.button-1{background: #ffffff;}.fusion-button.button-1:hover,.button-1:focus,.fusion-button.button-1:active{background: #ffffff;}<\/style><a class=\"fusion-button button-flat button-xlarge button-custom button-1 fusion-button-default-span \" target=\"_blank\" rel=\"noopener noreferrer\" href=\"https:\/\/www.prodentitalia.eu\/pdf\/pro-it\/prodotti\/PRIME.CONOMET-Clinical-Protocol-.pdf\"><span class=\"fusion-button-text\">DESCARREGUE O PROTOCOLO<\/span><i class=\"fa-chevron-right fas button-icon-right\"><\/i><\/a><\/div><div class=\"fusion-clearfix\"><\/div><\/div><\/div><div  class=\"fusion-layout-column fusion_builder_column fusion_builder_column_1_1 fusion-builder-column-2 fusion-one-full fusion-column-first fusion-column-last fusion-column-no-min-height 1_1\"  style='margin-top:0px;margin-bottom:0px;'><div class=\"fusion-column-wrapper\" style=\"padding: 0px 0px 0px 0px;background-position:left top;background-repeat:no-repeat;-webkit-background-size:cover;-moz-background-size:cover;-o-background-size:cover;background-size:cover;\"   data-bg-url=\"\"><div class=\"fusion-sep-clear\"><\/div><div class=\"fusion-separator fusion-full-width-sep sep-none\" style=\"margin-left: auto;margin-right: auto;margin-top:;\"><\/div><div class=\"fusion-clearfix\"><\/div><\/div><\/div><\/div><\/div>\n","protected":false},"excerpt":{"rendered":"","protected":false},"author":6,"featured_media":0,"parent":11425,"menu_order":0,"comment_status":"open","ping_status":"closed","template":"100-width.php","meta":[],"yoast_head":"<!-- This site is optimized with the Yoast SEO plugin v14.7 - https:\/\/yoast.com\/wordpress\/plugins\/seo\/ -->\n<title>Prime Conomet - \u00c1rea Profissionais Prodent Italia<\/title>\n<meta name=\"robots\" content=\"index, follow\" \/>\n<meta name=\"googlebot\" content=\"index, follow, max-snippet:-1, max-image-preview:large, max-video-preview:-1\" \/>\n<meta name=\"bingbot\" content=\"index, follow, max-snippet:-1, max-image-preview:large, max-video-preview:-1\" \/>\n<link rel=\"canonical\" href=\"https:\/\/www.prodentitalia.eu\/ptpro\/prodotti-implantari-prodent\/impianti-conici\/prime-conomet\/\" \/>\n<meta property=\"og:locale\" content=\"pt_PT\" \/>\n<meta property=\"og:type\" content=\"article\" \/>\n<meta property=\"og:title\" content=\"Prime Conomet - \u00c1rea Profissionais Prodent Italia\" \/>\n<meta property=\"og:url\" content=\"https:\/\/www.prodentitalia.eu\/ptpro\/prodotti-implantari-prodent\/impianti-conici\/prime-conomet\/\" \/>\n<meta property=\"og:site_name\" content=\"\u00c1rea Profissionais Prodent Italia\" \/>\n<meta property=\"article:modified_time\" content=\"2023-01-24T15:45:32+00:00\" \/>\n<meta property=\"og:image\" content=\"https:\/\/www.prodentitalia.eu\/ptpro\/wp-content\/uploads\/sites\/40\/2018\/06\/Conomet-2-522x1024.png\" \/>\n<meta name=\"twitter:card\" content=\"summary\" \/>\n<script type=\"application\/ld+json\" class=\"yoast-schema-graph\">{\"@context\":\"https:\/\/schema.org\",\"@graph\":[{\"@type\":\"WebSite\",\"@id\":\"https:\/\/www.prodentitalia.eu\/ptpro\/#website\",\"url\":\"https:\/\/www.prodentitalia.eu\/ptpro\/\",\"name\":\"\\u00c1rea Profissionais Prodent Italia\",\"description\":\"Prodent Italia l&#039;implantologia made in Italy\",\"potentialAction\":[{\"@type\":\"SearchAction\",\"target\":\"https:\/\/www.prodentitalia.eu\/ptpro\/?s={search_term_string}\",\"query-input\":\"required name=search_term_string\"}],\"inLanguage\":\"pt-PT\"},{\"@type\":\"ImageObject\",\"@id\":\"https:\/\/www.prodentitalia.eu\/ptpro\/prodotti-implantari-prodent\/impianti-conici\/prime-conomet\/#primaryimage\",\"inLanguage\":\"pt-PT\",\"url\":\"https:\/\/www.prodentitalia.eu\/ptpro\/wp-content\/uploads\/sites\/40\/2018\/06\/Conomet-2.png\",\"width\":650,\"height\":1274},{\"@type\":\"WebPage\",\"@id\":\"https:\/\/www.prodentitalia.eu\/ptpro\/prodotti-implantari-prodent\/impianti-conici\/prime-conomet\/#webpage\",\"url\":\"https:\/\/www.prodentitalia.eu\/ptpro\/prodotti-implantari-prodent\/impianti-conici\/prime-conomet\/\",\"name\":\"Prime Conomet - \\u00c1rea Profissionais Prodent Italia\",\"isPartOf\":{\"@id\":\"https:\/\/www.prodentitalia.eu\/ptpro\/#website\"},\"primaryImageOfPage\":{\"@id\":\"https:\/\/www.prodentitalia.eu\/ptpro\/prodotti-implantari-prodent\/impianti-conici\/prime-conomet\/#primaryimage\"},\"datePublished\":\"2018-06-06T14:31:26+00:00\",\"dateModified\":\"2023-01-24T15:45:32+00:00\",\"inLanguage\":\"pt-PT\",\"potentialAction\":[{\"@type\":\"ReadAction\",\"target\":[\"https:\/\/www.prodentitalia.eu\/ptpro\/prodotti-implantari-prodent\/impianti-conici\/prime-conomet\/\"]}]}]}<\/script>\n<!-- \/ Yoast SEO plugin. -->","_links":{"self":[{"href":"https:\/\/www.prodentitalia.eu\/ptpro\/wp-json\/wp\/v2\/pages\/12196"}],"collection":[{"href":"https:\/\/www.prodentitalia.eu\/ptpro\/wp-json\/wp\/v2\/pages"}],"about":[{"href":"https:\/\/www.prodentitalia.eu\/ptpro\/wp-json\/wp\/v2\/types\/page"}],"author":[{"embeddable":true,"href":"https:\/\/www.prodentitalia.eu\/ptpro\/wp-json\/wp\/v2\/users\/6"}],"replies":[{"embeddable":true,"href":"https:\/\/www.prodentitalia.eu\/ptpro\/wp-json\/wp\/v2\/comments?post=12196"}],"version-history":[{"count":11,"href":"https:\/\/www.prodentitalia.eu\/ptpro\/wp-json\/wp\/v2\/pages\/12196\/revisions"}],"predecessor-version":[{"id":12440,"href":"https:\/\/www.prodentitalia.eu\/ptpro\/wp-json\/wp\/v2\/pages\/12196\/revisions\/12440"}],"up":[{"embeddable":true,"href":"https:\/\/www.prodentitalia.eu\/ptpro\/wp-json\/wp\/v2\/pages\/11425"}],"wp:attachment":[{"href":"https:\/\/www.prodentitalia.eu\/ptpro\/wp-json\/wp\/v2\/media?parent=12196"}],"curies":[{"name":"wp","href":"https:\/\/api.w.org\/{rel}","templated":true}]}}