{"id":12347,"date":"2020-11-02T10:19:27","date_gmt":"2020-11-02T09:19:27","guid":{"rendered":"https:\/\/www.prodentitalia.eu\/ptpro\/?page_id=12347"},"modified":"2023-01-24T16:41:32","modified_gmt":"2023-01-24T15:41:32","slug":"implantes-proshape","status":"publish","type":"page","link":"https:\/\/www.prodentitalia.eu\/ptpro\/implantes-proshape\/","title":{"rendered":"Implantes Proshape"},"content":{"rendered":"<div class=\"fusion-fullwidth fullwidth-box fusion-builder-row-1 nonhundred-percent-fullwidth non-hundred-percent-height-scrolling\"  style='background-color: rgba(255,255,255,0);background-position: center center;background-repeat: no-repeat;padding-top:20px;padding-bottom:20px;border-top-width:0px;border-bottom-width:0px;border-color:#eae9e9;border-top-style:solid;border-bottom-style:solid;'><div class=\"fusion-builder-row fusion-row \"><div  class=\"fusion-layout-column fusion_builder_column fusion_builder_column_1_2 fusion-builder-column-0 fusion-one-half fusion-column-first 1_2\"  style='margin-top:0px;margin-bottom:20px;'><div class=\"fusion-column-wrapper\" style=\"padding: 0px 0px 0px 0px;background-position:center top;background-repeat:no-repeat;-webkit-background-size:cover;-moz-background-size:cover;-o-background-size:cover;background-size:cover;\"   data-bg-url=\"\"><div class=\"imageframe-align-center\"><span class=\"fusion-imageframe imageframe-none imageframe-1 hover-type-none\"><img src=\"https:\/\/www.prodentitalia.eu\/itpro\/wp-content\/uploads\/sites\/12\/2020\/09\/proshape-page.jpg\"   alt=\"\" title=\"\" class=\"img-responsive\"\/><\/span><\/div><div class=\"fusion-clearfix\"><\/div><\/div><\/div><div  class=\"fusion-layout-column fusion_builder_column fusion_builder_column_1_2 fusion-builder-column-1 fusion-one-half fusion-column-last whiteopacity 1_2\"  style='margin-top:0px;margin-bottom:50px;'><div class=\"fusion-column-wrapper\" style=\"border:0px solid #eeeeee;padding: 20px 20px 20px 20px;background-position:left top;background-repeat:no-repeat;-webkit-background-size:cover;-moz-background-size:cover;-o-background-size:cover;background-size:cover;\"   data-bg-url=\"\"><style type=\"text\/css\">.fusion-accordian  #accordion-12347-1 .panel-title a .fa-fusion-box{ color: #ffffff;}.fusion-accordian  #accordion-12347-1 .panel-title a .fa-fusion-box:before{ font-size: 13px; width: 13px;}.fusion-accordian  #accordion-12347-1 .panel-title a{font-size:16px;}.fusion-accordian  #accordion-12347-1 .fa-fusion-box { background-color: #8c8c8c;border-color: #8c8c8c;}.fusion-accordian  #accordion-12347-1 .panel-title a:hover, #accordion-12347-1 .fusion-toggle-boxed-mode:hover .panel-title a { color: #008dbd;}.fusion-accordian  #accordion-12347-1 .panel-title .active .fa-fusion-box,.fusion-accordian  #accordion-12347-1 .panel-title a:hover .fa-fusion-box { background-color: #008dbd!important;border-color: #008dbd!important;}<\/style><div class=\"accordian fusion-accordian\"><div class=\"panel-group\" id=\"accordion-12347-1\" role=\"tablist\"><div class=\"fusion-panel panel-default\" role=\"tabpanel\"><div class=\"panel-heading\"><h4 class=\"panel-title toggle\"><a aria-expanded=\"false\" aria-selected=\"false\" aria-controls=\"5842f75754ab4109e\" role=\"tab\" data-toggle=\"collapse\" data-parent=\"#accordion-12347-1\" data-target=\"#5842f75754ab4109e\" href=\"#5842f75754ab4109e\"><span class=\"fusion-toggle-icon-wrapper\" aria-hidden=\"true\"><i class=\"fa-fusion-box\"><\/i><\/span><span class=\"fusion-toggle-heading\">Estabilidade prim\u00e1ria m\u00e1xima em qualquer tipo de osso<\/span><\/a><\/h4><\/div><div id=\"5842f75754ab4109e\" class=\"panel-collapse collapse \"><div class=\"panel-body toggle-content fusion-clearfix\">\n<p>Os Implantes Proshape, gra\u00e7as \u00e0 sua morfologia especial e inovadora, c\u00f3nica no corpo e cil\u00edndrica nas espiras planas, e gra\u00e7as a um protocolo duplo de prepara\u00e7\u00e3o do local, de acordo com a qualidade \u00f3ssea, podem ser inseridos no osso sem nunca provocar um torque excessivo, obtendo sempre uma \u00f3tima estabilidade prim\u00e1ria no osso.<\/p>\n<\/div><\/div><\/div><div class=\"fusion-panel panel-default\" role=\"tabpanel\"><div class=\"panel-heading\"><h4 class=\"panel-title toggle\"><a aria-expanded=\"false\" aria-selected=\"false\" aria-controls=\"c300ea98c88ed7a82\" role=\"tab\" data-toggle=\"collapse\" data-parent=\"#accordion-12347-1\" data-target=\"#c300ea98c88ed7a82\" href=\"#c300ea98c88ed7a82\"><span class=\"fusion-toggle-icon-wrapper\" aria-hidden=\"true\"><i class=\"fa-fusion-box\"><\/i><\/span><span class=\"fusion-toggle-heading\">Escolha dupla do tratamento superficial<\/span><\/a><\/h4><\/div><div id=\"c300ea98c88ed7a82\" class=\"panel-collapse collapse \"><div class=\"panel-body toggle-content fusion-clearfix\">\n<p>Os Proshape Integral s\u00e3o tratados completamente com morda\u00e7agem dupla, exceto a plataforma coronal na zona platform switching. Os Proshape Hybrid s\u00e3o tratados com morda\u00e7agem dupla na zona m\u00e9dio-apical, j\u00e1 a \u00e1rea coronal possui uma superf\u00edcie machined.<\/p>\n<\/div><\/div><\/div><div class=\"fusion-panel panel-default\" role=\"tabpanel\"><div class=\"panel-heading\"><h4 class=\"panel-title toggle\"><a aria-expanded=\"false\" aria-selected=\"false\" aria-controls=\"e8262a7d69a82d67a\" role=\"tab\" data-toggle=\"collapse\" data-parent=\"#accordion-12347-1\" data-target=\"#e8262a7d69a82d67a\" href=\"#e8262a7d69a82d67a\"><span class=\"fusion-toggle-icon-wrapper\" aria-hidden=\"true\"><i class=\"fa-fusion-box\"><\/i><\/span><span class=\"fusion-toggle-heading\">Selagem m\u00e1xima da conex\u00e3o Abutment-Implante<\/span><\/a><\/h4><\/div><div id=\"e8262a7d69a82d67a\" class=\"panel-collapse collapse \"><div class=\"panel-body toggle-content fusion-clearfix\">\n<p>Os Implantes Proshape possuem uma conex\u00e3o c\u00f3nica interna, com hex\u00e1gono. O parafuso de fixa\u00e7\u00e3o do abutment tamb\u00e9m possui uma conex\u00e3o c\u00f3nica que, em acoplamento com o abutment, gera uma selagem dupla c\u00f3nica do sistema implante-prot\u00e9sico.<\/p>\n<\/div><\/div><\/div><div class=\"fusion-panel panel-default\" role=\"tabpanel\"><div class=\"panel-heading\"><h4 class=\"panel-title toggle\"><a aria-expanded=\"false\" aria-selected=\"false\" aria-controls=\"ee21bc438f044b4eb\" role=\"tab\" data-toggle=\"collapse\" data-parent=\"#accordion-12347-1\" data-target=\"#ee21bc438f044b4eb\" href=\"#ee21bc438f044b4eb\"><span class=\"fusion-toggle-icon-wrapper\" aria-hidden=\"true\"><i class=\"fa-fusion-box\"><\/i><\/span><span class=\"fusion-toggle-heading\">Plataforma prot\u00e9sica \u00fanica para todos os di\u00e2metros de implantes<\/span><\/a><\/h4><\/div><div id=\"ee21bc438f044b4eb\" class=\"panel-collapse collapse \"><div class=\"panel-body toggle-content fusion-clearfix\">\n<p>Os Implantes Proshape compartilham da mesma plataforma prot\u00e9sica, nos seus diversos di\u00e2metros. Os abutment est\u00e3o dispon\u00edveis com tr\u00eas dimens\u00f5es diversas, Narrow, Regular e Wide e possuem um perfil anat\u00f3mico em forma de \u201cesse\u201d na zona transmucosa.<\/p>\n<\/div><\/div><\/div><div class=\"fusion-panel panel-default\" role=\"tabpanel\"><div class=\"panel-heading\"><h4 class=\"panel-title toggle\"><a aria-expanded=\"false\" aria-selected=\"false\" aria-controls=\"16910addc87170ffc\" role=\"tab\" data-toggle=\"collapse\" data-parent=\"#accordion-12347-1\" data-target=\"#16910addc87170ffc\" href=\"#16910addc87170ffc\"><span class=\"fusion-toggle-icon-wrapper\" aria-hidden=\"true\"><i class=\"fa-fusion-box\"><\/i><\/span><span class=\"fusion-toggle-heading\">Kit cir\u00fargico simples, compact e intuitivo<\/span><\/a><\/h4><\/div><div id=\"16910addc87170ffc\" class=\"panel-collapse collapse \"><div class=\"panel-body toggle-content fusion-clearfix\">\n<p>O Surgical Tray Proshape foi produzido para ser extremamente funcional. Poucas fresadoras, com drill stop e design ergon\u00f3mico, para simplificar ao m\u00e1ximo a atividade do Dentista e dos Assistentes.<\/p>\n<\/div><\/div><\/div><\/div><\/div><div class=\"fusion-text\"><\/div><div class=\"fusion-button-wrapper\"><style type=\"text\/css\">.fusion-button.button-1 .fusion-button-text, .fusion-button.button-1 i {color:#008bdb;}.fusion-button.button-1 .fusion-button-icon-divider{border-color:#008bdb;}.fusion-button.button-1:hover .fusion-button-text, .fusion-button.button-1:hover i,.fusion-button.button-1:focus .fusion-button-text, .fusion-button.button-1:focus i,.fusion-button.button-1:active .fusion-button-text, .fusion-button.button-1:active{color:#1e73be;}.fusion-button.button-1:hover .fusion-button-icon-divider, .fusion-button.button-1:hover .fusion-button-icon-divider, .fusion-button.button-1:active .fusion-button-icon-divider{border-color:#1e73be;}.fusion-button.button-1:hover, .fusion-button.button-1:focus, .fusion-button.button-1:active{border-color:#1e73be;border-width:1px;}.fusion-button.button-1 {border-color:#008bdb;border-width:1px;border-radius:2px;}.fusion-button.button-1{background: #ffffff;}.fusion-button.button-1:hover,.button-1:focus,.fusion-button.button-1:active{background: #ffffff;}<\/style><a class=\"fusion-button button-flat button-xlarge button-custom button-1 fusion-button-default-span spacer\" target=\"_blank\" rel=\"noopener noreferrer\" href=\"https:\/\/www.prodentitalia.eu\/pdf\/pro-it\/prodotti\/PROSHAPE-Clinical-Protocol-.pdf\"><span class=\"fusion-button-text\">DESCARREGUE O PROTOCOLO<\/span><i class=\"fa-chevron-right fas button-icon-right\"><\/i><\/a><\/div><div class=\"fusion-clearfix\"><\/div><\/div><\/div><div  class=\"fusion-layout-column fusion_builder_column fusion_builder_column_1_1 fusion-builder-column-2 fusion-one-full fusion-column-first fusion-column-last fusion-column-no-min-height 1_1\"  style='margin-top:0px;margin-bottom:0px;'><div class=\"fusion-column-wrapper\" style=\"padding: 0px 0px 0px 0px;background-position:left top;background-repeat:no-repeat;-webkit-background-size:cover;-moz-background-size:cover;-o-background-size:cover;background-size:cover;\"   data-bg-url=\"\"><div class=\"fusion-sep-clear\"><\/div><div class=\"fusion-separator fusion-full-width-sep sep-none\" style=\"margin-left: auto;margin-right: auto;margin-top:;\"><\/div><div class=\"fusion-clearfix\"><\/div><\/div><\/div><\/div><\/div>\n","protected":false},"excerpt":{"rendered":"","protected":false},"author":6,"featured_media":0,"parent":0,"menu_order":0,"comment_status":"closed","ping_status":"closed","template":"","meta":[],"yoast_head":"<!-- This site is optimized with the Yoast SEO plugin v14.7 - https:\/\/yoast.com\/wordpress\/plugins\/seo\/ -->\n<title>Implantes Proshape - \u00c1rea Profissionais Prodent Italia<\/title>\n<meta name=\"robots\" content=\"index, follow\" \/>\n<meta name=\"googlebot\" content=\"index, follow, max-snippet:-1, max-image-preview:large, max-video-preview:-1\" \/>\n<meta name=\"bingbot\" content=\"index, follow, max-snippet:-1, max-image-preview:large, max-video-preview:-1\" \/>\n<link rel=\"canonical\" href=\"https:\/\/www.prodentitalia.eu\/ptpro\/implantes-proshape\/\" \/>\n<meta property=\"og:locale\" content=\"pt_PT\" \/>\n<meta property=\"og:type\" content=\"article\" \/>\n<meta property=\"og:title\" content=\"Implantes Proshape - \u00c1rea Profissionais Prodent Italia\" \/>\n<meta property=\"og:url\" content=\"https:\/\/www.prodentitalia.eu\/ptpro\/implantes-proshape\/\" \/>\n<meta property=\"og:site_name\" content=\"\u00c1rea Profissionais Prodent Italia\" \/>\n<meta property=\"article:modified_time\" content=\"2023-01-24T15:41:32+00:00\" \/>\n<meta name=\"twitter:card\" content=\"summary\" \/>\n<script type=\"application\/ld+json\" class=\"yoast-schema-graph\">{\"@context\":\"https:\/\/schema.org\",\"@graph\":[{\"@type\":\"WebSite\",\"@id\":\"https:\/\/www.prodentitalia.eu\/ptpro\/#website\",\"url\":\"https:\/\/www.prodentitalia.eu\/ptpro\/\",\"name\":\"\\u00c1rea Profissionais Prodent Italia\",\"description\":\"Prodent Italia l&#039;implantologia made in Italy\",\"potentialAction\":[{\"@type\":\"SearchAction\",\"target\":\"https:\/\/www.prodentitalia.eu\/ptpro\/?s={search_term_string}\",\"query-input\":\"required name=search_term_string\"}],\"inLanguage\":\"pt-PT\"},{\"@type\":\"WebPage\",\"@id\":\"https:\/\/www.prodentitalia.eu\/ptpro\/implantes-proshape\/#webpage\",\"url\":\"https:\/\/www.prodentitalia.eu\/ptpro\/implantes-proshape\/\",\"name\":\"Implantes Proshape - \\u00c1rea Profissionais Prodent Italia\",\"isPartOf\":{\"@id\":\"https:\/\/www.prodentitalia.eu\/ptpro\/#website\"},\"datePublished\":\"2020-11-02T09:19:27+00:00\",\"dateModified\":\"2023-01-24T15:41:32+00:00\",\"inLanguage\":\"pt-PT\",\"potentialAction\":[{\"@type\":\"ReadAction\",\"target\":[\"https:\/\/www.prodentitalia.eu\/ptpro\/implantes-proshape\/\"]}]}]}<\/script>\n<!-- \/ Yoast SEO plugin. -->","_links":{"self":[{"href":"https:\/\/www.prodentitalia.eu\/ptpro\/wp-json\/wp\/v2\/pages\/12347"}],"collection":[{"href":"https:\/\/www.prodentitalia.eu\/ptpro\/wp-json\/wp\/v2\/pages"}],"about":[{"href":"https:\/\/www.prodentitalia.eu\/ptpro\/wp-json\/wp\/v2\/types\/page"}],"author":[{"embeddable":true,"href":"https:\/\/www.prodentitalia.eu\/ptpro\/wp-json\/wp\/v2\/users\/6"}],"replies":[{"embeddable":true,"href":"https:\/\/www.prodentitalia.eu\/ptpro\/wp-json\/wp\/v2\/comments?post=12347"}],"version-history":[{"count":4,"href":"https:\/\/www.prodentitalia.eu\/ptpro\/wp-json\/wp\/v2\/pages\/12347\/revisions"}],"predecessor-version":[{"id":12438,"href":"https:\/\/www.prodentitalia.eu\/ptpro\/wp-json\/wp\/v2\/pages\/12347\/revisions\/12438"}],"wp:attachment":[{"href":"https:\/\/www.prodentitalia.eu\/ptpro\/wp-json\/wp\/v2\/media?parent=12347"}],"curies":[{"name":"wp","href":"https:\/\/api.w.org\/{rel}","templated":true}]}}